{"id":72777,"date":"2024-09-25T14:58:55","date_gmt":"2024-09-25T12:58:55","guid":{"rendered":"https:\/\/revolutionpadelstore.com\/nox-at10-genius-18k-alum-by-agustin-tapia-2025\/"},"modified":"2026-04-20T14:02:13","modified_gmt":"2026-04-20T12:02:13","slug":"nox-at10-genius-18k-alum-by-agustin-tapia-2025-3","status":"publish","type":"product","link":"https:\/\/revolutionpadelstore.com\/en\/nox-at10-genius-18k-alum-by-agustin-tapia-2025-3\/","title":{"rendered":"NOX AT10 GENIUS 18K ALUM BY AGUSTIN TAPIA 2025"},"content":{"rendered":"<h2>Nox AT10 Genius 18K Alum By Agust\u00edn Tapia 2025, firmness and durability<\/h2>\n<p>The<strong>AT10 Genius 18K Alum By Agust\u00edn Tapia padel racket<\/strong>is a teardrop model created in collaboration with Agust\u00edn Tapia that provides an ideal balance to add speed in defensive hits and power in attacks.<\/p>\n<p>With a weight that varies between <strong>360 and 375 grams<\/strong>, this racket is characterized by being manageable and agile, which facilitates a fast and precise game.<\/strong><\/p>\n<h2>AT10 Genius 18K Alum Agust\u00edn Tapia shovel, for professionals<\/h2>\n<p>The AT10 Genius 18K Alum 2025 is ideal for those high-level padel players who are looking for a high-performance model, made with resistant materials and incorporating the latest technologies to help to improve your performance on the track.<\/p>\n<p>It offers a comfortable, solid and controlled hitting feeling, making it perfect for the most demanding players who enjoy both defense and attack.<\/p>\n<h2>Features of the AT10 Genius 18K Alum 2025<\/h2>\n<p style=\"padding-left: 40px\">-Flats of <strong>18K Alum Carbon<\/strong>for a much more comfortable, solid touch and homogeneous performance<\/p>\n<p style=\"padding-left: 40px\">-Surface with exclusive Spin 3D pattern and rough sand finish to give more spin and control to the ball<\/p>\n<p style=\"padding-left: 40px\">-Carbon Frame tubular frame for more durability and rigidity<\/p>\n<p style=\"padding-left: 40px\">-Multi-layer core <em>MLD Black EVA<\/em>, which <strong>optimizes ball output<\/strong> in defense and adds power in offensive hits<\/strong> p&gt;<\/p>\n<p style=\"padding-left: 40px\">-Greater handling and redistributed weight thanks to the EOS Flap<\/p>\n<p style=\"padding-left: 40px\">-With<em>Custom Grip<\/em>for increased grip and less vibrations<\/p>\n<p style=\"padding-left: 40px\">-Vibrations after impact are reduced with the <em>Pulse System<\/em><\/p>\n<p style=\"padding-left: 40px\">-Reduction of cracks on the outside with the<em>Dynamic Composite Structure<\/em><\/p>\n<p style=\"padding-left: 40px\">-Interchangeable <em>Smartstrap<\/em> safety lanyard<\/p>\n<p style=\"padding-left: 40px\">-Teardrop shape<\/p>\n<p style=\"padding-left: 40px\">-Luxury Series Range<\/em><\/p>\n<h3>Get the Nox AT10 Genius 18K Alum By Agust\u00edn Tapia 2025 at Revolution Padel Store<\/h3>\n<p>With the AT10 Genius 18K Alum By Agust\u00edn Tapia 2025 teardrop racket from Nox you will achieve precise, spin-filled and comfortable shots. Designed for <strong>advanced level versatile players.<\/strong><\/p>\n","protected":false},"excerpt":{"rendered":"<p>Nox AT10 Genius 18K teardrop racket By Agust\u00edn Tapia 2025, with a multi-layer core of MLD Black EVA and rough planes of 18K aluminized Carbon for greater durability.<\/p>\n","protected":false},"featured_media":72108,"comment_status":"open","ping_status":"closed","template":"","meta":{"_acf_changed":false,"_joinchat":[]},"acabado":[1098,1108],"balance":[1143],"dureza":[1158],"forma":[1188],"jugador":[1193,1203],"marca":[1263],"nivel-de-juego":[1338,1348],"superficie":[1363],"tipo-de-juego":[1388],"product_brand":[],"product_cat":[303],"product_tag":[],"class_list":{"0":"post-72777","1":"product","2":"type-product","3":"status-publish","4":"has-post-thumbnail","6":"acabado-arenoso-en","7":"acabado-rugoso-en","8":"balance-medium","9":"dureza-media-en","10":"forma-lagrima-en","11":"jugador-hombre-en","12":"jugador-multipurpose","13":"marca-nox-en","14":"superficie-rugosa-en","15":"tipo-de-juego-multipurpose","16":"product_cat-palas","18":"first","19":"instock","20":"sale","21":"taxable","22":"shipping-taxable","23":"purchasable","24":"product-type-simple"},"acf":[],"yoast_head":"<!-- This site is optimized with the Yoast SEO plugin v27.4 - https:\/\/yoast.com\/product\/yoast-seo-wordpress\/ -->\n<title>NOX AT10 GENIUS 18K ALUM BY AGUSTIN TAPIA 2025 - Revolution Padel Store<\/title>\n<meta name=\"description\" content=\"La\u00a0pala de p\u00e1del AT10 Genius 18K Alum By Agust\u00edn Tapia\u00a0es un modelo de l\u00e1grima creado en colaboraci\u00f3n con Agust\u00edn Tapia que proporciona un balance ideal para a\u00f1adir velocidad en golpes defensivos y potencia en los ataques.Con un peso que var\u00eda entre los\u00a0360 y 375 gramos, esta pala se caracteriza por ser manejable y \u00e1gil, lo que facilita un\u00a0juego r\u00e1pido y preciso.\" \/>\n<meta name=\"robots\" content=\"index, follow, max-snippet:-1, max-image-preview:large, max-video-preview:-1\" \/>\n<link rel=\"canonical\" href=\"https:\/\/revolutionpadelstore.com\/en\/nox-at10-genius-18k-alum-by-agustin-tapia-2025-3\/\" \/>\n<meta property=\"og:locale\" content=\"en_US\" \/>\n<meta property=\"og:type\" content=\"article\" \/>\n<meta property=\"og:title\" content=\"NOX AT10 GENIUS 18K ALUM BY AGUSTIN TAPIA 2025 - Revolution Padel Store\" \/>\n<meta property=\"og:description\" content=\"La\u00a0pala de p\u00e1del AT10 Genius 18K Alum By Agust\u00edn Tapia\u00a0es un modelo de l\u00e1grima creado en colaboraci\u00f3n con Agust\u00edn Tapia que proporciona un balance ideal para a\u00f1adir velocidad en golpes defensivos y potencia en los ataques.Con un peso que var\u00eda entre los\u00a0360 y 375 gramos, esta pala se caracteriza por ser manejable y \u00e1gil, lo que facilita un\u00a0juego r\u00e1pido y preciso.\" \/>\n<meta property=\"og:url\" content=\"https:\/\/revolutionpadelstore.com\/en\/nox-at10-genius-18k-alum-by-agustin-tapia-2025-3\/\" \/>\n<meta property=\"og:site_name\" content=\"Revolution Padel Store\" \/>\n<meta property=\"article:modified_time\" content=\"2026-04-20T12:02:13+00:00\" \/>\n<meta property=\"og:image\" content=\"https:\/\/revolutionpadelstore.com\/wp-content\/uploads\/2024\/09\/113540_pala_nox_at10_genius_18k_alum_by_agustin_tapia_pat10genius1825_1500x1500_6e6f.webp\" \/>\n\t<meta property=\"og:image:width\" content=\"1500\" \/>\n\t<meta property=\"og:image:height\" content=\"1500\" \/>\n\t<meta property=\"og:image:type\" content=\"image\/webp\" \/>\n<meta name=\"twitter:card\" content=\"summary_large_image\" \/>\n<meta name=\"twitter:label1\" content=\"Est. reading time\" \/>\n\t<meta name=\"twitter:data1\" content=\"2 minutes\" \/>\n<script type=\"application\/ld+json\" class=\"yoast-schema-graph\">{\"@context\":\"https:\\\/\\\/schema.org\",\"@graph\":[{\"@type\":\"WebPage\",\"@id\":\"https:\\\/\\\/revolutionpadelstore.com\\\/en\\\/nox-at10-genius-18k-alum-by-agustin-tapia-2025-3\\\/\",\"url\":\"https:\\\/\\\/revolutionpadelstore.com\\\/en\\\/nox-at10-genius-18k-alum-by-agustin-tapia-2025-3\\\/\",\"name\":\"NOX AT10 GENIUS 18K ALUM BY AGUSTIN TAPIA 2025 - Revolution Padel Store\",\"isPartOf\":{\"@id\":\"https:\\\/\\\/revolutionpadelstore.com\\\/en\\\/#website\"},\"primaryImageOfPage\":{\"@id\":\"https:\\\/\\\/revolutionpadelstore.com\\\/en\\\/nox-at10-genius-18k-alum-by-agustin-tapia-2025-3\\\/#primaryimage\"},\"image\":{\"@id\":\"https:\\\/\\\/revolutionpadelstore.com\\\/en\\\/nox-at10-genius-18k-alum-by-agustin-tapia-2025-3\\\/#primaryimage\"},\"thumbnailUrl\":\"https:\\\/\\\/revolutionpadelstore.com\\\/wp-content\\\/uploads\\\/2024\\\/09\\\/113540_pala_nox_at10_genius_18k_alum_by_agustin_tapia_pat10genius1825_1500x1500_6e6f.webp\",\"datePublished\":\"2024-09-25T12:58:55+00:00\",\"dateModified\":\"2026-04-20T12:02:13+00:00\",\"description\":\"La\u00a0pala de p\u00e1del AT10 Genius 18K Alum By Agust\u00edn Tapia\u00a0es un modelo de l\u00e1grima creado en colaboraci\u00f3n con Agust\u00edn Tapia que proporciona un balance ideal para a\u00f1adir velocidad en golpes defensivos y potencia en los ataques.Con un peso que var\u00eda entre los\u00a0360 y 375 gramos, esta pala se caracteriza por ser manejable y \u00e1gil, lo que facilita un\u00a0juego r\u00e1pido y preciso.\",\"breadcrumb\":{\"@id\":\"https:\\\/\\\/revolutionpadelstore.com\\\/en\\\/nox-at10-genius-18k-alum-by-agustin-tapia-2025-3\\\/#breadcrumb\"},\"inLanguage\":\"en-US\",\"potentialAction\":[{\"@type\":\"ReadAction\",\"target\":[\"https:\\\/\\\/revolutionpadelstore.com\\\/en\\\/nox-at10-genius-18k-alum-by-agustin-tapia-2025-3\\\/\"]}]},{\"@type\":\"ImageObject\",\"inLanguage\":\"en-US\",\"@id\":\"https:\\\/\\\/revolutionpadelstore.com\\\/en\\\/nox-at10-genius-18k-alum-by-agustin-tapia-2025-3\\\/#primaryimage\",\"url\":\"https:\\\/\\\/revolutionpadelstore.com\\\/wp-content\\\/uploads\\\/2024\\\/09\\\/113540_pala_nox_at10_genius_18k_alum_by_agustin_tapia_pat10genius1825_1500x1500_6e6f.webp\",\"contentUrl\":\"https:\\\/\\\/revolutionpadelstore.com\\\/wp-content\\\/uploads\\\/2024\\\/09\\\/113540_pala_nox_at10_genius_18k_alum_by_agustin_tapia_pat10genius1825_1500x1500_6e6f.webp\",\"width\":1500,\"height\":1500},{\"@type\":\"BreadcrumbList\",\"@id\":\"https:\\\/\\\/revolutionpadelstore.com\\\/en\\\/nox-at10-genius-18k-alum-by-agustin-tapia-2025-3\\\/#breadcrumb\",\"itemListElement\":[{\"@type\":\"ListItem\",\"position\":1,\"name\":\"Portada\",\"item\":\"https:\\\/\\\/revolutionpadelstore.com\\\/en\\\/\"},{\"@type\":\"ListItem\",\"position\":2,\"name\":\"Shop\",\"item\":\"https:\\\/\\\/revolutionpadelstore.com\\\/en\\\/shop\\\/\"},{\"@type\":\"ListItem\",\"position\":3,\"name\":\"NOX AT10 GENIUS 18K ALUM BY AGUSTIN TAPIA 2025\"}]},{\"@type\":\"WebSite\",\"@id\":\"https:\\\/\\\/revolutionpadelstore.com\\\/en\\\/#website\",\"url\":\"https:\\\/\\\/revolutionpadelstore.com\\\/en\\\/\",\"name\":\"Revolution Padel Store\",\"description\":\"\",\"publisher\":{\"@id\":\"https:\\\/\\\/revolutionpadelstore.com\\\/en\\\/#organization\"},\"potentialAction\":[{\"@type\":\"SearchAction\",\"target\":{\"@type\":\"EntryPoint\",\"urlTemplate\":\"https:\\\/\\\/revolutionpadelstore.com\\\/en\\\/?s={search_term_string}\"},\"query-input\":{\"@type\":\"PropertyValueSpecification\",\"valueRequired\":true,\"valueName\":\"search_term_string\"}}],\"inLanguage\":\"en-US\"},{\"@type\":\"Organization\",\"@id\":\"https:\\\/\\\/revolutionpadelstore.com\\\/en\\\/#organization\",\"name\":\"Revolution Padel Store\",\"url\":\"https:\\\/\\\/revolutionpadelstore.com\\\/en\\\/\",\"logo\":{\"@type\":\"ImageObject\",\"inLanguage\":\"en-US\",\"@id\":\"https:\\\/\\\/revolutionpadelstore.com\\\/en\\\/#\\\/schema\\\/logo\\\/image\\\/\",\"url\":\"https:\\\/\\\/revolutionpadelstore.com\\\/wp-content\\\/uploads\\\/2026\\\/02\\\/revolution-padel-store.jpg\",\"contentUrl\":\"https:\\\/\\\/revolutionpadelstore.com\\\/wp-content\\\/uploads\\\/2026\\\/02\\\/revolution-padel-store.jpg\",\"width\":2000,\"height\":2000,\"caption\":\"Revolution Padel Store\"},\"image\":{\"@id\":\"https:\\\/\\\/revolutionpadelstore.com\\\/en\\\/#\\\/schema\\\/logo\\\/image\\\/\"},\"sameAs\":[\"https:\\\/\\\/www.instagram.com\\\/revolutionpadelstore\\\/\"]}]}<\/script>\n<!-- \/ Yoast SEO plugin. -->","yoast_head_json":{"title":"NOX AT10 GENIUS 18K ALUM BY AGUSTIN TAPIA 2025 - Revolution Padel Store","description":"La\u00a0pala de p\u00e1del AT10 Genius 18K Alum By Agust\u00edn Tapia\u00a0es un modelo de l\u00e1grima creado en colaboraci\u00f3n con Agust\u00edn Tapia que proporciona un balance ideal para a\u00f1adir velocidad en golpes defensivos y potencia en los ataques.Con un peso que var\u00eda entre los\u00a0360 y 375 gramos, esta pala se caracteriza por ser manejable y \u00e1gil, lo que facilita un\u00a0juego r\u00e1pido y preciso.","robots":{"index":"index","follow":"follow","max-snippet":"max-snippet:-1","max-image-preview":"max-image-preview:large","max-video-preview":"max-video-preview:-1"},"canonical":"https:\/\/revolutionpadelstore.com\/en\/nox-at10-genius-18k-alum-by-agustin-tapia-2025-3\/","og_locale":"en_US","og_type":"article","og_title":"NOX AT10 GENIUS 18K ALUM BY AGUSTIN TAPIA 2025 - Revolution Padel Store","og_description":"La\u00a0pala de p\u00e1del AT10 Genius 18K Alum By Agust\u00edn Tapia\u00a0es un modelo de l\u00e1grima creado en colaboraci\u00f3n con Agust\u00edn Tapia que proporciona un balance ideal para a\u00f1adir velocidad en golpes defensivos y potencia en los ataques.Con un peso que var\u00eda entre los\u00a0360 y 375 gramos, esta pala se caracteriza por ser manejable y \u00e1gil, lo que facilita un\u00a0juego r\u00e1pido y preciso.","og_url":"https:\/\/revolutionpadelstore.com\/en\/nox-at10-genius-18k-alum-by-agustin-tapia-2025-3\/","og_site_name":"Revolution Padel Store","article_modified_time":"2026-04-20T12:02:13+00:00","og_image":[{"width":1500,"height":1500,"url":"https:\/\/revolutionpadelstore.com\/wp-content\/uploads\/2024\/09\/113540_pala_nox_at10_genius_18k_alum_by_agustin_tapia_pat10genius1825_1500x1500_6e6f.webp","type":"image\/webp"}],"twitter_card":"summary_large_image","twitter_misc":{"Est. reading time":"2 minutes"},"schema":{"@context":"https:\/\/schema.org","@graph":[{"@type":"WebPage","@id":"https:\/\/revolutionpadelstore.com\/en\/nox-at10-genius-18k-alum-by-agustin-tapia-2025-3\/","url":"https:\/\/revolutionpadelstore.com\/en\/nox-at10-genius-18k-alum-by-agustin-tapia-2025-3\/","name":"NOX AT10 GENIUS 18K ALUM BY AGUSTIN TAPIA 2025 - Revolution Padel Store","isPartOf":{"@id":"https:\/\/revolutionpadelstore.com\/en\/#website"},"primaryImageOfPage":{"@id":"https:\/\/revolutionpadelstore.com\/en\/nox-at10-genius-18k-alum-by-agustin-tapia-2025-3\/#primaryimage"},"image":{"@id":"https:\/\/revolutionpadelstore.com\/en\/nox-at10-genius-18k-alum-by-agustin-tapia-2025-3\/#primaryimage"},"thumbnailUrl":"https:\/\/revolutionpadelstore.com\/wp-content\/uploads\/2024\/09\/113540_pala_nox_at10_genius_18k_alum_by_agustin_tapia_pat10genius1825_1500x1500_6e6f.webp","datePublished":"2024-09-25T12:58:55+00:00","dateModified":"2026-04-20T12:02:13+00:00","description":"La\u00a0pala de p\u00e1del AT10 Genius 18K Alum By Agust\u00edn Tapia\u00a0es un modelo de l\u00e1grima creado en colaboraci\u00f3n con Agust\u00edn Tapia que proporciona un balance ideal para a\u00f1adir velocidad en golpes defensivos y potencia en los ataques.Con un peso que var\u00eda entre los\u00a0360 y 375 gramos, esta pala se caracteriza por ser manejable y \u00e1gil, lo que facilita un\u00a0juego r\u00e1pido y preciso.","breadcrumb":{"@id":"https:\/\/revolutionpadelstore.com\/en\/nox-at10-genius-18k-alum-by-agustin-tapia-2025-3\/#breadcrumb"},"inLanguage":"en-US","potentialAction":[{"@type":"ReadAction","target":["https:\/\/revolutionpadelstore.com\/en\/nox-at10-genius-18k-alum-by-agustin-tapia-2025-3\/"]}]},{"@type":"ImageObject","inLanguage":"en-US","@id":"https:\/\/revolutionpadelstore.com\/en\/nox-at10-genius-18k-alum-by-agustin-tapia-2025-3\/#primaryimage","url":"https:\/\/revolutionpadelstore.com\/wp-content\/uploads\/2024\/09\/113540_pala_nox_at10_genius_18k_alum_by_agustin_tapia_pat10genius1825_1500x1500_6e6f.webp","contentUrl":"https:\/\/revolutionpadelstore.com\/wp-content\/uploads\/2024\/09\/113540_pala_nox_at10_genius_18k_alum_by_agustin_tapia_pat10genius1825_1500x1500_6e6f.webp","width":1500,"height":1500},{"@type":"BreadcrumbList","@id":"https:\/\/revolutionpadelstore.com\/en\/nox-at10-genius-18k-alum-by-agustin-tapia-2025-3\/#breadcrumb","itemListElement":[{"@type":"ListItem","position":1,"name":"Portada","item":"https:\/\/revolutionpadelstore.com\/en\/"},{"@type":"ListItem","position":2,"name":"Shop","item":"https:\/\/revolutionpadelstore.com\/en\/shop\/"},{"@type":"ListItem","position":3,"name":"NOX AT10 GENIUS 18K ALUM BY AGUSTIN TAPIA 2025"}]},{"@type":"WebSite","@id":"https:\/\/revolutionpadelstore.com\/en\/#website","url":"https:\/\/revolutionpadelstore.com\/en\/","name":"Revolution Padel Store","description":"","publisher":{"@id":"https:\/\/revolutionpadelstore.com\/en\/#organization"},"potentialAction":[{"@type":"SearchAction","target":{"@type":"EntryPoint","urlTemplate":"https:\/\/revolutionpadelstore.com\/en\/?s={search_term_string}"},"query-input":{"@type":"PropertyValueSpecification","valueRequired":true,"valueName":"search_term_string"}}],"inLanguage":"en-US"},{"@type":"Organization","@id":"https:\/\/revolutionpadelstore.com\/en\/#organization","name":"Revolution Padel Store","url":"https:\/\/revolutionpadelstore.com\/en\/","logo":{"@type":"ImageObject","inLanguage":"en-US","@id":"https:\/\/revolutionpadelstore.com\/en\/#\/schema\/logo\/image\/","url":"https:\/\/revolutionpadelstore.com\/wp-content\/uploads\/2026\/02\/revolution-padel-store.jpg","contentUrl":"https:\/\/revolutionpadelstore.com\/wp-content\/uploads\/2026\/02\/revolution-padel-store.jpg","width":2000,"height":2000,"caption":"Revolution Padel Store"},"image":{"@id":"https:\/\/revolutionpadelstore.com\/en\/#\/schema\/logo\/image\/"},"sameAs":["https:\/\/www.instagram.com\/revolutionpadelstore\/"]}]}},"_links":{"self":[{"href":"https:\/\/revolutionpadelstore.com\/en\/wp-json\/wp\/v2\/product\/72777","targetHints":{"allow":["GET"]}}],"collection":[{"href":"https:\/\/revolutionpadelstore.com\/en\/wp-json\/wp\/v2\/product"}],"about":[{"href":"https:\/\/revolutionpadelstore.com\/en\/wp-json\/wp\/v2\/types\/product"}],"replies":[{"embeddable":true,"href":"https:\/\/revolutionpadelstore.com\/en\/wp-json\/wp\/v2\/comments?post=72777"}],"wp:featuredmedia":[{"embeddable":true,"href":"https:\/\/revolutionpadelstore.com\/en\/wp-json\/wp\/v2\/media\/72108"}],"wp:attachment":[{"href":"https:\/\/revolutionpadelstore.com\/en\/wp-json\/wp\/v2\/media?parent=72777"}],"wp:term":[{"taxonomy":"acabado","embeddable":true,"href":"https:\/\/revolutionpadelstore.com\/en\/wp-json\/wp\/v2\/acabado?post=72777"},{"taxonomy":"balance","embeddable":true,"href":"https:\/\/revolutionpadelstore.com\/en\/wp-json\/wp\/v2\/balance?post=72777"},{"taxonomy":"dureza","embeddable":true,"href":"https:\/\/revolutionpadelstore.com\/en\/wp-json\/wp\/v2\/dureza?post=72777"},{"taxonomy":"forma","embeddable":true,"href":"https:\/\/revolutionpadelstore.com\/en\/wp-json\/wp\/v2\/forma?post=72777"},{"taxonomy":"jugador","embeddable":true,"href":"https:\/\/revolutionpadelstore.com\/en\/wp-json\/wp\/v2\/jugador?post=72777"},{"taxonomy":"marca","embeddable":true,"href":"https:\/\/revolutionpadelstore.com\/en\/wp-json\/wp\/v2\/marca?post=72777"},{"taxonomy":"nivel-de-juego","embeddable":true,"href":"https:\/\/revolutionpadelstore.com\/en\/wp-json\/wp\/v2\/nivel-de-juego?post=72777"},{"taxonomy":"superficie","embeddable":true,"href":"https:\/\/revolutionpadelstore.com\/en\/wp-json\/wp\/v2\/superficie?post=72777"},{"taxonomy":"tipo-de-juego","embeddable":true,"href":"https:\/\/revolutionpadelstore.com\/en\/wp-json\/wp\/v2\/tipo-de-juego?post=72777"},{"taxonomy":"product_brand","embeddable":true,"href":"https:\/\/revolutionpadelstore.com\/en\/wp-json\/wp\/v2\/product_brand?post=72777"},{"taxonomy":"product_cat","embeddable":true,"href":"https:\/\/revolutionpadelstore.com\/en\/wp-json\/wp\/v2\/product_cat?post=72777"},{"taxonomy":"product_tag","embeddable":true,"href":"https:\/\/revolutionpadelstore.com\/en\/wp-json\/wp\/v2\/product_tag?post=72777"}],"curies":[{"name":"wp","href":"https:\/\/api.w.org\/{rel}","templated":true}]}}