{"id":72772,"date":"2024-09-25T22:28:19","date_gmt":"2024-09-25T20:28:19","guid":{"rendered":"https:\/\/revolutionpadelstore.com\/nox-at10-genius-attack-12k-by-agustin-tapia-2025\/"},"modified":"2026-04-01T07:15:52","modified_gmt":"2026-04-01T05:15:52","slug":"nox-at10-genius-attack-12k-by-agustin-tapia-2025-2","status":"publish","type":"product","link":"https:\/\/revolutionpadelstore.com\/en\/nox-at10-genius-attack-12k-by-agustin-tapia-2025-2\/","title":{"rendered":"NOX AT10 GENIUS ATTACK 12K BY AGUSTIN TAPIA 2025"},"content":{"rendered":"<h2>Nox AT10 Genius Attack 12K By Agustin Tapia 2025<\/h2>\n<p>The Nox AT10 Genius Attack 12K By Agust\u00edn Tapia 2025 is a high-end padel racket designed in collaboration with the professional player Agust\u00edn Tapia. This racket is part of the <strong>Luxury Series 2025<\/strong> collection by Nox, standing out for its exclusive design in black with orange details and for incorporating the most advanced technologies on the market.<\/p>\n<p>With a <strong>diamond format<\/strong>, it is designed for players looking for power and precision in their shots.<\/p>\n<h2>Nox AT10 Genius Attack 12K 2025 for advanced level players<\/h2>\n<p>The Nox AT10 Genius Attack 12K is ideal for advanced or professional level players who prioritize power in each shot. Its diamond format and Black EVA MLD core provide an explosive ball output, perfect for those who enjoy playing close to the net and looking to finish points strongly. Additionally, the extended grip improves control, making it suitable for players who prefer a longer handle.<\/p>\n<h3><strong>Features and technologies of the Nox AT10 Genius Attack 12K 2025 racket<\/strong><\/h3>\n<p style=\"padding-left: 40px\"><strong>-Diamond format<\/strong>, ideal for generating greater power.<\/p>\n<p style=\"padding-left: 40px\"><strong>-12K carbon planes<\/strong> for a solid and precise hit.<\/p>\n<p style=\"padding-left: 40px\"><strong>-Carbon Frame<\/strong> to increase durability and rigidity.<\/p>\n<p style=\"padding-left: 40px\"><strong>-MLD core of <em>Black<\/em> EVA, <strong>multilayer to optimize ball output<\/strong> and enhance the auctions.<\/p>\n<p style=\"padding-left: 40px\">-EOS <em>Flap<\/em> technology, <strong>side perforations that improve manageability<\/strong>.<\/p>\n<p style=\"padding-left: 40px\"><strong>-DCS technology<\/strong>, minimizes hardness in the outer parts of the blade to <strong>avoid breakage<\/strong>.<\/p>\n<p style=\"padding-left: 40px\"><em>-Smartstrap\u00ae<\/em>,<strong>replaceable safety lanyard<\/strong>.<\/p>\n<p style=\"padding-left: 40px\"><em>-Oversize Grip<\/em>, <strong>extended grip<\/strong> by 10 mm.<\/p>\n<p style=\"padding-left: 40px\"><em>-Pulse System<\/em>, <strong> rubber inserts that reduce vibrations<\/strong>.<\/p>\n<p style=\"padding-left: 40px\"><em>-Exclusive Spin<\/em>, <strong>rough surface<\/strong> that provides greater grip to the ball.<\/p>\n<p>If you are looking for a racket that combines design, power and cutting-edge technology, the Nox AT10 Genius Attack 12K is an unbeatable option. Designed for the most demanding players, it will allow you to take your game to the next level.<\/p>\n<h2>Nox AT10 Genius Attack 12K By Agustin Tapia 2025<\/h2>\n","protected":false},"excerpt":{"rendered":"<p>The Nox AT10 Genius Attack 12K by Agust\u00edn Tapia 2025 combines power, control and durability, designed for advanced players looking for optimal performance and cutting-edge technology.<\/p>\n","protected":false},"featured_media":125333,"comment_status":"open","ping_status":"closed","template":"","meta":{"_acf_changed":false,"_joinchat":[]},"acabado":[1098],"balance":[1138],"dureza":[1158],"forma":[1173],"jugador":[1193,1203],"marca":[1263],"nivel-de-juego":[1338],"superficie":[1363],"tipo-de-juego":[1378],"product_brand":[],"product_cat":[303],"product_tag":[],"class_list":{"0":"post-72772","1":"product","2":"type-product","3":"status-publish","4":"has-post-thumbnail","6":"acabado-arenoso-en","7":"balance-alto-en","8":"dureza-media-en","9":"forma-diamante-en","10":"jugador-hombre-en","11":"jugador-multipurpose","12":"marca-nox-en","13":"superficie-rugosa-en","14":"tipo-de-juego-potencia-en","15":"product_cat-palas","17":"first","18":"instock","19":"sale","20":"taxable","21":"shipping-taxable","22":"purchasable","23":"product-type-simple"},"acf":[],"yoast_head":"<!-- This site is optimized with the Yoast SEO plugin v27.3 - https:\/\/yoast.com\/product\/yoast-seo-wordpress\/ -->\n<title>NOX AT10 GENIUS ATTACK 12K BY AGUSTIN TAPIA 2025 - Revolution Padel Store<\/title>\n<meta name=\"description\" content=\"La\u00a0Nox AT10 Genius Attack 12K By Agust\u00edn Tapia 2025\u00a0es una pala de p\u00e1del de alta gama dise\u00f1ada en colaboraci\u00f3n con el jugador profesional\u00a0Agust\u00edn Tapia. Esta pala forma parte de la colecci\u00f3n\u00a0Luxury Series 2025\u00a0de Nox, destacando por su dise\u00f1o exclusivo en negro con detalles en naranja y por incorporar las tecnolog\u00edas m\u00e1s avanzadas del mercado. Con un\u00a0formato diamante, est\u00e1 pensada para jugadores que buscan potencia y precisi\u00f3n en sus golpes\" \/>\n<meta name=\"robots\" content=\"index, follow, max-snippet:-1, max-image-preview:large, max-video-preview:-1\" \/>\n<link rel=\"canonical\" href=\"https:\/\/revolutionpadelstore.com\/en\/nox-at10-genius-attack-12k-by-agustin-tapia-2025-2\/\" \/>\n<meta property=\"og:locale\" content=\"en_US\" \/>\n<meta property=\"og:type\" content=\"article\" \/>\n<meta property=\"og:title\" content=\"NOX AT10 GENIUS ATTACK 12K BY AGUSTIN TAPIA 2025 - Revolution Padel Store\" \/>\n<meta property=\"og:description\" content=\"La\u00a0Nox AT10 Genius Attack 12K By Agust\u00edn Tapia 2025\u00a0es una pala de p\u00e1del de alta gama dise\u00f1ada en colaboraci\u00f3n con el jugador profesional\u00a0Agust\u00edn Tapia. Esta pala forma parte de la colecci\u00f3n\u00a0Luxury Series 2025\u00a0de Nox, destacando por su dise\u00f1o exclusivo en negro con detalles en naranja y por incorporar las tecnolog\u00edas m\u00e1s avanzadas del mercado. Con un\u00a0formato diamante, est\u00e1 pensada para jugadores que buscan potencia y precisi\u00f3n en sus golpes\" \/>\n<meta property=\"og:url\" content=\"https:\/\/revolutionpadelstore.com\/en\/nox-at10-genius-attack-12k-by-agustin-tapia-2025-2\/\" \/>\n<meta property=\"og:site_name\" content=\"Revolution Padel Store\" \/>\n<meta property=\"article:modified_time\" content=\"2026-04-01T05:15:52+00:00\" \/>\n<meta property=\"og:image\" content=\"https:\/\/revolutionpadelstore.com\/wp-content\/uploads\/2024\/10\/113541_pala_nox_at10_genius_attack_12k_by_agustin_tapia_pat10geniusat25_1500x15_2b18.webp\" \/>\n\t<meta property=\"og:image:width\" content=\"1500\" \/>\n\t<meta property=\"og:image:height\" content=\"1500\" \/>\n\t<meta property=\"og:image:type\" content=\"image\/webp\" \/>\n<meta name=\"twitter:card\" content=\"summary_large_image\" \/>\n<meta name=\"twitter:label1\" content=\"Est. reading time\" \/>\n\t<meta name=\"twitter:data1\" content=\"2 minutes\" \/>\n<script type=\"application\/ld+json\" class=\"yoast-schema-graph\">{\"@context\":\"https:\\\/\\\/schema.org\",\"@graph\":[{\"@type\":\"WebPage\",\"@id\":\"https:\\\/\\\/revolutionpadelstore.com\\\/en\\\/nox-at10-genius-attack-12k-by-agustin-tapia-2025-2\\\/\",\"url\":\"https:\\\/\\\/revolutionpadelstore.com\\\/en\\\/nox-at10-genius-attack-12k-by-agustin-tapia-2025-2\\\/\",\"name\":\"NOX AT10 GENIUS ATTACK 12K BY AGUSTIN TAPIA 2025 - Revolution Padel Store\",\"isPartOf\":{\"@id\":\"https:\\\/\\\/revolutionpadelstore.com\\\/en\\\/#website\"},\"primaryImageOfPage\":{\"@id\":\"https:\\\/\\\/revolutionpadelstore.com\\\/en\\\/nox-at10-genius-attack-12k-by-agustin-tapia-2025-2\\\/#primaryimage\"},\"image\":{\"@id\":\"https:\\\/\\\/revolutionpadelstore.com\\\/en\\\/nox-at10-genius-attack-12k-by-agustin-tapia-2025-2\\\/#primaryimage\"},\"thumbnailUrl\":\"https:\\\/\\\/revolutionpadelstore.com\\\/wp-content\\\/uploads\\\/2024\\\/10\\\/113541_pala_nox_at10_genius_attack_12k_by_agustin_tapia_pat10geniusat25_1500x15_2b18.webp\",\"datePublished\":\"2024-09-25T20:28:19+00:00\",\"dateModified\":\"2026-04-01T05:15:52+00:00\",\"description\":\"La\u00a0Nox AT10 Genius Attack 12K By Agust\u00edn Tapia 2025\u00a0es una pala de p\u00e1del de alta gama dise\u00f1ada en colaboraci\u00f3n con el jugador profesional\u00a0Agust\u00edn Tapia. Esta pala forma parte de la colecci\u00f3n\u00a0Luxury Series 2025\u00a0de Nox, destacando por su dise\u00f1o exclusivo en negro con detalles en naranja y por incorporar las tecnolog\u00edas m\u00e1s avanzadas del mercado. Con un\u00a0formato diamante, est\u00e1 pensada para jugadores que buscan potencia y precisi\u00f3n en sus golpes\",\"breadcrumb\":{\"@id\":\"https:\\\/\\\/revolutionpadelstore.com\\\/en\\\/nox-at10-genius-attack-12k-by-agustin-tapia-2025-2\\\/#breadcrumb\"},\"inLanguage\":\"en-US\",\"potentialAction\":[{\"@type\":\"ReadAction\",\"target\":[\"https:\\\/\\\/revolutionpadelstore.com\\\/en\\\/nox-at10-genius-attack-12k-by-agustin-tapia-2025-2\\\/\"]}]},{\"@type\":\"ImageObject\",\"inLanguage\":\"en-US\",\"@id\":\"https:\\\/\\\/revolutionpadelstore.com\\\/en\\\/nox-at10-genius-attack-12k-by-agustin-tapia-2025-2\\\/#primaryimage\",\"url\":\"https:\\\/\\\/revolutionpadelstore.com\\\/wp-content\\\/uploads\\\/2024\\\/10\\\/113541_pala_nox_at10_genius_attack_12k_by_agustin_tapia_pat10geniusat25_1500x15_2b18.webp\",\"contentUrl\":\"https:\\\/\\\/revolutionpadelstore.com\\\/wp-content\\\/uploads\\\/2024\\\/10\\\/113541_pala_nox_at10_genius_attack_12k_by_agustin_tapia_pat10geniusat25_1500x15_2b18.webp\",\"width\":1500,\"height\":1500},{\"@type\":\"BreadcrumbList\",\"@id\":\"https:\\\/\\\/revolutionpadelstore.com\\\/en\\\/nox-at10-genius-attack-12k-by-agustin-tapia-2025-2\\\/#breadcrumb\",\"itemListElement\":[{\"@type\":\"ListItem\",\"position\":1,\"name\":\"Portada\",\"item\":\"https:\\\/\\\/revolutionpadelstore.com\\\/en\\\/\"},{\"@type\":\"ListItem\",\"position\":2,\"name\":\"Shop\",\"item\":\"https:\\\/\\\/revolutionpadelstore.com\\\/en\\\/shop\\\/\"},{\"@type\":\"ListItem\",\"position\":3,\"name\":\"NOX AT10 GENIUS ATTACK 12K BY AGUSTIN TAPIA 2025\"}]},{\"@type\":\"WebSite\",\"@id\":\"https:\\\/\\\/revolutionpadelstore.com\\\/en\\\/#website\",\"url\":\"https:\\\/\\\/revolutionpadelstore.com\\\/en\\\/\",\"name\":\"Revolution Padel Store\",\"description\":\"\",\"publisher\":{\"@id\":\"https:\\\/\\\/revolutionpadelstore.com\\\/en\\\/#organization\"},\"potentialAction\":[{\"@type\":\"SearchAction\",\"target\":{\"@type\":\"EntryPoint\",\"urlTemplate\":\"https:\\\/\\\/revolutionpadelstore.com\\\/en\\\/?s={search_term_string}\"},\"query-input\":{\"@type\":\"PropertyValueSpecification\",\"valueRequired\":true,\"valueName\":\"search_term_string\"}}],\"inLanguage\":\"en-US\"},{\"@type\":\"Organization\",\"@id\":\"https:\\\/\\\/revolutionpadelstore.com\\\/en\\\/#organization\",\"name\":\"Revolution Padel Store\",\"url\":\"https:\\\/\\\/revolutionpadelstore.com\\\/en\\\/\",\"logo\":{\"@type\":\"ImageObject\",\"inLanguage\":\"en-US\",\"@id\":\"https:\\\/\\\/revolutionpadelstore.com\\\/en\\\/#\\\/schema\\\/logo\\\/image\\\/\",\"url\":\"https:\\\/\\\/revolutionpadelstore.com\\\/wp-content\\\/uploads\\\/2026\\\/02\\\/revolution-padel-store.jpg\",\"contentUrl\":\"https:\\\/\\\/revolutionpadelstore.com\\\/wp-content\\\/uploads\\\/2026\\\/02\\\/revolution-padel-store.jpg\",\"width\":2000,\"height\":2000,\"caption\":\"Revolution Padel Store\"},\"image\":{\"@id\":\"https:\\\/\\\/revolutionpadelstore.com\\\/en\\\/#\\\/schema\\\/logo\\\/image\\\/\"},\"sameAs\":[\"https:\\\/\\\/www.instagram.com\\\/revolutionpadelstore\\\/\"]}]}<\/script>\n<!-- \/ Yoast SEO plugin. -->","yoast_head_json":{"title":"NOX AT10 GENIUS ATTACK 12K BY AGUSTIN TAPIA 2025 - Revolution Padel Store","description":"La\u00a0Nox AT10 Genius Attack 12K By Agust\u00edn Tapia 2025\u00a0es una pala de p\u00e1del de alta gama dise\u00f1ada en colaboraci\u00f3n con el jugador profesional\u00a0Agust\u00edn Tapia. Esta pala forma parte de la colecci\u00f3n\u00a0Luxury Series 2025\u00a0de Nox, destacando por su dise\u00f1o exclusivo en negro con detalles en naranja y por incorporar las tecnolog\u00edas m\u00e1s avanzadas del mercado. Con un\u00a0formato diamante, est\u00e1 pensada para jugadores que buscan potencia y precisi\u00f3n en sus golpes","robots":{"index":"index","follow":"follow","max-snippet":"max-snippet:-1","max-image-preview":"max-image-preview:large","max-video-preview":"max-video-preview:-1"},"canonical":"https:\/\/revolutionpadelstore.com\/en\/nox-at10-genius-attack-12k-by-agustin-tapia-2025-2\/","og_locale":"en_US","og_type":"article","og_title":"NOX AT10 GENIUS ATTACK 12K BY AGUSTIN TAPIA 2025 - Revolution Padel Store","og_description":"La\u00a0Nox AT10 Genius Attack 12K By Agust\u00edn Tapia 2025\u00a0es una pala de p\u00e1del de alta gama dise\u00f1ada en colaboraci\u00f3n con el jugador profesional\u00a0Agust\u00edn Tapia. Esta pala forma parte de la colecci\u00f3n\u00a0Luxury Series 2025\u00a0de Nox, destacando por su dise\u00f1o exclusivo en negro con detalles en naranja y por incorporar las tecnolog\u00edas m\u00e1s avanzadas del mercado. Con un\u00a0formato diamante, est\u00e1 pensada para jugadores que buscan potencia y precisi\u00f3n en sus golpes","og_url":"https:\/\/revolutionpadelstore.com\/en\/nox-at10-genius-attack-12k-by-agustin-tapia-2025-2\/","og_site_name":"Revolution Padel Store","article_modified_time":"2026-04-01T05:15:52+00:00","og_image":[{"width":1500,"height":1500,"url":"https:\/\/revolutionpadelstore.com\/wp-content\/uploads\/2024\/10\/113541_pala_nox_at10_genius_attack_12k_by_agustin_tapia_pat10geniusat25_1500x15_2b18.webp","type":"image\/webp"}],"twitter_card":"summary_large_image","twitter_misc":{"Est. reading time":"2 minutes"},"schema":{"@context":"https:\/\/schema.org","@graph":[{"@type":"WebPage","@id":"https:\/\/revolutionpadelstore.com\/en\/nox-at10-genius-attack-12k-by-agustin-tapia-2025-2\/","url":"https:\/\/revolutionpadelstore.com\/en\/nox-at10-genius-attack-12k-by-agustin-tapia-2025-2\/","name":"NOX AT10 GENIUS ATTACK 12K BY AGUSTIN TAPIA 2025 - Revolution Padel Store","isPartOf":{"@id":"https:\/\/revolutionpadelstore.com\/en\/#website"},"primaryImageOfPage":{"@id":"https:\/\/revolutionpadelstore.com\/en\/nox-at10-genius-attack-12k-by-agustin-tapia-2025-2\/#primaryimage"},"image":{"@id":"https:\/\/revolutionpadelstore.com\/en\/nox-at10-genius-attack-12k-by-agustin-tapia-2025-2\/#primaryimage"},"thumbnailUrl":"https:\/\/revolutionpadelstore.com\/wp-content\/uploads\/2024\/10\/113541_pala_nox_at10_genius_attack_12k_by_agustin_tapia_pat10geniusat25_1500x15_2b18.webp","datePublished":"2024-09-25T20:28:19+00:00","dateModified":"2026-04-01T05:15:52+00:00","description":"La\u00a0Nox AT10 Genius Attack 12K By Agust\u00edn Tapia 2025\u00a0es una pala de p\u00e1del de alta gama dise\u00f1ada en colaboraci\u00f3n con el jugador profesional\u00a0Agust\u00edn Tapia. Esta pala forma parte de la colecci\u00f3n\u00a0Luxury Series 2025\u00a0de Nox, destacando por su dise\u00f1o exclusivo en negro con detalles en naranja y por incorporar las tecnolog\u00edas m\u00e1s avanzadas del mercado. Con un\u00a0formato diamante, est\u00e1 pensada para jugadores que buscan potencia y precisi\u00f3n en sus golpes","breadcrumb":{"@id":"https:\/\/revolutionpadelstore.com\/en\/nox-at10-genius-attack-12k-by-agustin-tapia-2025-2\/#breadcrumb"},"inLanguage":"en-US","potentialAction":[{"@type":"ReadAction","target":["https:\/\/revolutionpadelstore.com\/en\/nox-at10-genius-attack-12k-by-agustin-tapia-2025-2\/"]}]},{"@type":"ImageObject","inLanguage":"en-US","@id":"https:\/\/revolutionpadelstore.com\/en\/nox-at10-genius-attack-12k-by-agustin-tapia-2025-2\/#primaryimage","url":"https:\/\/revolutionpadelstore.com\/wp-content\/uploads\/2024\/10\/113541_pala_nox_at10_genius_attack_12k_by_agustin_tapia_pat10geniusat25_1500x15_2b18.webp","contentUrl":"https:\/\/revolutionpadelstore.com\/wp-content\/uploads\/2024\/10\/113541_pala_nox_at10_genius_attack_12k_by_agustin_tapia_pat10geniusat25_1500x15_2b18.webp","width":1500,"height":1500},{"@type":"BreadcrumbList","@id":"https:\/\/revolutionpadelstore.com\/en\/nox-at10-genius-attack-12k-by-agustin-tapia-2025-2\/#breadcrumb","itemListElement":[{"@type":"ListItem","position":1,"name":"Portada","item":"https:\/\/revolutionpadelstore.com\/en\/"},{"@type":"ListItem","position":2,"name":"Shop","item":"https:\/\/revolutionpadelstore.com\/en\/shop\/"},{"@type":"ListItem","position":3,"name":"NOX AT10 GENIUS ATTACK 12K BY AGUSTIN TAPIA 2025"}]},{"@type":"WebSite","@id":"https:\/\/revolutionpadelstore.com\/en\/#website","url":"https:\/\/revolutionpadelstore.com\/en\/","name":"Revolution Padel Store","description":"","publisher":{"@id":"https:\/\/revolutionpadelstore.com\/en\/#organization"},"potentialAction":[{"@type":"SearchAction","target":{"@type":"EntryPoint","urlTemplate":"https:\/\/revolutionpadelstore.com\/en\/?s={search_term_string}"},"query-input":{"@type":"PropertyValueSpecification","valueRequired":true,"valueName":"search_term_string"}}],"inLanguage":"en-US"},{"@type":"Organization","@id":"https:\/\/revolutionpadelstore.com\/en\/#organization","name":"Revolution Padel Store","url":"https:\/\/revolutionpadelstore.com\/en\/","logo":{"@type":"ImageObject","inLanguage":"en-US","@id":"https:\/\/revolutionpadelstore.com\/en\/#\/schema\/logo\/image\/","url":"https:\/\/revolutionpadelstore.com\/wp-content\/uploads\/2026\/02\/revolution-padel-store.jpg","contentUrl":"https:\/\/revolutionpadelstore.com\/wp-content\/uploads\/2026\/02\/revolution-padel-store.jpg","width":2000,"height":2000,"caption":"Revolution Padel Store"},"image":{"@id":"https:\/\/revolutionpadelstore.com\/en\/#\/schema\/logo\/image\/"},"sameAs":["https:\/\/www.instagram.com\/revolutionpadelstore\/"]}]}},"_links":{"self":[{"href":"https:\/\/revolutionpadelstore.com\/en\/wp-json\/wp\/v2\/product\/72772","targetHints":{"allow":["GET"]}}],"collection":[{"href":"https:\/\/revolutionpadelstore.com\/en\/wp-json\/wp\/v2\/product"}],"about":[{"href":"https:\/\/revolutionpadelstore.com\/en\/wp-json\/wp\/v2\/types\/product"}],"replies":[{"embeddable":true,"href":"https:\/\/revolutionpadelstore.com\/en\/wp-json\/wp\/v2\/comments?post=72772"}],"wp:featuredmedia":[{"embeddable":true,"href":"https:\/\/revolutionpadelstore.com\/en\/wp-json\/wp\/v2\/media\/125333"}],"wp:attachment":[{"href":"https:\/\/revolutionpadelstore.com\/en\/wp-json\/wp\/v2\/media?parent=72772"}],"wp:term":[{"taxonomy":"acabado","embeddable":true,"href":"https:\/\/revolutionpadelstore.com\/en\/wp-json\/wp\/v2\/acabado?post=72772"},{"taxonomy":"balance","embeddable":true,"href":"https:\/\/revolutionpadelstore.com\/en\/wp-json\/wp\/v2\/balance?post=72772"},{"taxonomy":"dureza","embeddable":true,"href":"https:\/\/revolutionpadelstore.com\/en\/wp-json\/wp\/v2\/dureza?post=72772"},{"taxonomy":"forma","embeddable":true,"href":"https:\/\/revolutionpadelstore.com\/en\/wp-json\/wp\/v2\/forma?post=72772"},{"taxonomy":"jugador","embeddable":true,"href":"https:\/\/revolutionpadelstore.com\/en\/wp-json\/wp\/v2\/jugador?post=72772"},{"taxonomy":"marca","embeddable":true,"href":"https:\/\/revolutionpadelstore.com\/en\/wp-json\/wp\/v2\/marca?post=72772"},{"taxonomy":"nivel-de-juego","embeddable":true,"href":"https:\/\/revolutionpadelstore.com\/en\/wp-json\/wp\/v2\/nivel-de-juego?post=72772"},{"taxonomy":"superficie","embeddable":true,"href":"https:\/\/revolutionpadelstore.com\/en\/wp-json\/wp\/v2\/superficie?post=72772"},{"taxonomy":"tipo-de-juego","embeddable":true,"href":"https:\/\/revolutionpadelstore.com\/en\/wp-json\/wp\/v2\/tipo-de-juego?post=72772"},{"taxonomy":"product_brand","embeddable":true,"href":"https:\/\/revolutionpadelstore.com\/en\/wp-json\/wp\/v2\/product_brand?post=72772"},{"taxonomy":"product_cat","embeddable":true,"href":"https:\/\/revolutionpadelstore.com\/en\/wp-json\/wp\/v2\/product_cat?post=72772"},{"taxonomy":"product_tag","embeddable":true,"href":"https:\/\/revolutionpadelstore.com\/en\/wp-json\/wp\/v2\/product_tag?post=72772"}],"curies":[{"name":"wp","href":"https:\/\/api.w.org\/{rel}","templated":true}]}}