{"id":72762,"date":"2024-09-25T22:52:04","date_gmt":"2024-09-25T20:52:04","guid":{"rendered":"https:\/\/revolutionpadelstore.com\/nox-la10-quantum-12k-by-leo-augsburguer-2025\/"},"modified":"2026-04-01T07:14:53","modified_gmt":"2026-04-01T05:14:53","slug":"nox-la10-quantum-12k-by-leo-augsburguer-2025-2","status":"publish","type":"product","link":"https:\/\/revolutionpadelstore.com\/en\/nox-la10-quantum-12k-by-leo-augsburguer-2025-2\/","title":{"rendered":"NOX LA10 QUANTUM 12K BY LEO AUGSBURGUER 2025"},"content":{"rendered":"<h2>Nox LA10 Quantum 12K By Leo Augsburguer 2025, maximum power<\/h2>\n<p>The Nox LA10 Quantum 12K padel racket, designed in collaboration with player Leo Augsburguer for the 2025 season, features a redesigned diamond-shaped mould. &gt; which will allow you to print maximum power in each blow.<\/p>\n<p>Its weight of <strong>360-375 grams<\/strong> makes it easy to handle and provides comfort during long days, perfect for demanding competitions. Modern and eye-catching design made with paint in the heart that synchronizes with the color of the rubber.<\/p>\n<h2>LA10 Quantum 12K by Nox, for attacking players<\/h2>\n<p>The latest generation technologies and advanced technologies make it the ideal option for those <strong>advanced or professional level padel players<\/strong> who are looking for a solid, stable and firm shot.<\/p>\n<p>It is the ideal model for attacking plays with incredible power. You will be lethal at the net with maximum aggressiveness.<\/p>\n<h2>Features and technologies of the Nox LA10 Quantum 12K<\/h2>\n<p style=\"padding-left: 40px\">-High-density <em>HR3 Color EVA <\/em>core with good recovery capacity, great ball output and hitting power<\/p>\n<p style=\"padding-left: 40px\">-Carbon frame for incredible durability<\/p>\n<p style=\"padding-left: 40px\">-12K Carbon Flats that achieve greater rigidity and lower weight<\/p>\n<p style=\"padding-left: 40px\">-Surface with exclusive <em>SPIN 3D<\/em> pattern and rough sand that facilitates effects<\/p>\n<p style=\"padding-left: 40px\">-With <em>EOS Flap<\/em> technology for greater grip and better handling<\/p>\n<p style=\"padding-left: 40px\">-With <em>Custom Grip<\/em> that contributes to the absorption of vibrations<\/p>\n<p style=\"padding-left: 40px\">-Replaceable Smartstrap Safety Lanyard<\/p>\n<p style=\"padding-left: 40px\">-Reactive paint<em> Photochromic Paint<\/em> in the heart<\/p>\n<p style=\"padding-left: 40px\"><em>-Pulse System<\/em> for a more stable and comfortable hit<\/p>\n<h3>Improve your game with the Nox LA10 Quantum 12K By Leo Augsburguer<\/h3>\n<p>With the <strong>Nox LA10 Quantum 12K By Leo Augsburguer<\/strong> you can enjoy unstoppable speed in every play and surprise opponents with incredible effects.<\/p>\n<p><strong>Diamond blade<\/strong> designed to provide enormous power to advanced players in attacking shots.<\/p>\n<h2>Nox LA10 Quantum 12K By Leo Augsburguer 2025, m\u00e1xima potencia<\/h2>\n","protected":false},"excerpt":{"rendered":"<p>Diamond racket for offensive players looking for greater aggressiveness at the net Nox LA1O Quantum 12K By Leo Augsburguer 2025, with rough 12K Carbon planes.<\/p>\n","protected":false},"featured_media":125357,"comment_status":"open","ping_status":"closed","template":"","meta":{"_acf_changed":false,"_joinchat":[]},"acabado":[1093,1108],"balance":[1138],"dureza":[1163,1158],"forma":[1173],"jugador":[1193,1203],"marca":[1263],"nivel-de-juego":[1338,1348],"superficie":[1363],"tipo-de-juego":[],"product_brand":[],"product_cat":[303],"product_tag":[],"class_list":{"0":"post-72762","1":"product","2":"type-product","3":"status-publish","4":"has-post-thumbnail","6":"acabado-relieve-3d-en","7":"acabado-rugoso-en","8":"balance-alto-en","9":"dureza-dura-en","10":"dureza-media-en","11":"forma-diamante-en","12":"jugador-hombre-en","13":"jugador-multipurpose","14":"marca-nox-en","15":"superficie-rugosa-en","16":"product_cat-palas","18":"first","19":"instock","20":"sale","21":"taxable","22":"shipping-taxable","23":"purchasable","24":"product-type-simple"},"acf":[],"yoast_head":"<!-- This site is optimized with the Yoast SEO plugin v27.3 - https:\/\/yoast.com\/product\/yoast-seo-wordpress\/ -->\n<title>NOX LA10 QUANTUM 12K BY LEO AUGSBURGUER 2025 - Revolution Padel Store<\/title>\n<meta name=\"description\" content=\"La\u00a0pala de p\u00e1del Nox LA10 Quantum 12K, dise\u00f1ada en colaboraci\u00f3n con el jugador\u00a0Leo Augsburguer\u00a0para la temporada 2025, presenta un molde redise\u00f1ado con\u00a0forma de diamante\u00a0que te permitir\u00e1 imprimir m\u00e1xima potencia en cada golpe.Su peso de\u00a0360-375 gramos\u00a0facilita su manejo y aporta confort durante largas jornadas, perfecto para competiciones exigentes. Dise\u00f1o moderno y llamativo fabricado con pintura en el coraz\u00f3n que se sincroniza con el color de la goma.\" \/>\n<meta name=\"robots\" content=\"index, follow, max-snippet:-1, max-image-preview:large, max-video-preview:-1\" \/>\n<link rel=\"canonical\" href=\"https:\/\/revolutionpadelstore.com\/en\/nox-la10-quantum-12k-by-leo-augsburguer-2025-2\/\" \/>\n<meta property=\"og:locale\" content=\"en_US\" \/>\n<meta property=\"og:type\" content=\"article\" \/>\n<meta property=\"og:title\" content=\"NOX LA10 QUANTUM 12K BY LEO AUGSBURGUER 2025 - Revolution Padel Store\" \/>\n<meta property=\"og:description\" content=\"La\u00a0pala de p\u00e1del Nox LA10 Quantum 12K, dise\u00f1ada en colaboraci\u00f3n con el jugador\u00a0Leo Augsburguer\u00a0para la temporada 2025, presenta un molde redise\u00f1ado con\u00a0forma de diamante\u00a0que te permitir\u00e1 imprimir m\u00e1xima potencia en cada golpe.Su peso de\u00a0360-375 gramos\u00a0facilita su manejo y aporta confort durante largas jornadas, perfecto para competiciones exigentes. Dise\u00f1o moderno y llamativo fabricado con pintura en el coraz\u00f3n que se sincroniza con el color de la goma.\" \/>\n<meta property=\"og:url\" content=\"https:\/\/revolutionpadelstore.com\/en\/nox-la10-quantum-12k-by-leo-augsburguer-2025-2\/\" \/>\n<meta property=\"og:site_name\" content=\"Revolution Padel Store\" \/>\n<meta property=\"article:modified_time\" content=\"2026-04-01T05:14:53+00:00\" \/>\n<meta property=\"og:image\" content=\"https:\/\/revolutionpadelstore.com\/wp-content\/uploads\/2024\/10\/113547_pala_nox_la10_quantum_12k_by_leo_augsburguer_pla10luxq25_1500x1500_1_2ccd.webp\" \/>\n\t<meta property=\"og:image:width\" content=\"1500\" \/>\n\t<meta property=\"og:image:height\" content=\"1500\" \/>\n\t<meta property=\"og:image:type\" content=\"image\/webp\" \/>\n<meta name=\"twitter:card\" content=\"summary_large_image\" \/>\n<meta name=\"twitter:label1\" content=\"Est. reading time\" \/>\n\t<meta name=\"twitter:data1\" content=\"2 minutes\" \/>\n<script type=\"application\/ld+json\" class=\"yoast-schema-graph\">{\"@context\":\"https:\\\/\\\/schema.org\",\"@graph\":[{\"@type\":\"WebPage\",\"@id\":\"https:\\\/\\\/revolutionpadelstore.com\\\/en\\\/nox-la10-quantum-12k-by-leo-augsburguer-2025-2\\\/\",\"url\":\"https:\\\/\\\/revolutionpadelstore.com\\\/en\\\/nox-la10-quantum-12k-by-leo-augsburguer-2025-2\\\/\",\"name\":\"NOX LA10 QUANTUM 12K BY LEO AUGSBURGUER 2025 - Revolution Padel Store\",\"isPartOf\":{\"@id\":\"https:\\\/\\\/revolutionpadelstore.com\\\/en\\\/#website\"},\"primaryImageOfPage\":{\"@id\":\"https:\\\/\\\/revolutionpadelstore.com\\\/en\\\/nox-la10-quantum-12k-by-leo-augsburguer-2025-2\\\/#primaryimage\"},\"image\":{\"@id\":\"https:\\\/\\\/revolutionpadelstore.com\\\/en\\\/nox-la10-quantum-12k-by-leo-augsburguer-2025-2\\\/#primaryimage\"},\"thumbnailUrl\":\"https:\\\/\\\/revolutionpadelstore.com\\\/wp-content\\\/uploads\\\/2024\\\/10\\\/113547_pala_nox_la10_quantum_12k_by_leo_augsburguer_pla10luxq25_1500x1500_1_2ccd.webp\",\"datePublished\":\"2024-09-25T20:52:04+00:00\",\"dateModified\":\"2026-04-01T05:14:53+00:00\",\"description\":\"La\u00a0pala de p\u00e1del Nox LA10 Quantum 12K, dise\u00f1ada en colaboraci\u00f3n con el jugador\u00a0Leo Augsburguer\u00a0para la temporada 2025, presenta un molde redise\u00f1ado con\u00a0forma de diamante\u00a0que te permitir\u00e1 imprimir m\u00e1xima potencia en cada golpe.Su peso de\u00a0360-375 gramos\u00a0facilita su manejo y aporta confort durante largas jornadas, perfecto para competiciones exigentes. Dise\u00f1o moderno y llamativo fabricado con pintura en el coraz\u00f3n que se sincroniza con el color de la goma.\",\"breadcrumb\":{\"@id\":\"https:\\\/\\\/revolutionpadelstore.com\\\/en\\\/nox-la10-quantum-12k-by-leo-augsburguer-2025-2\\\/#breadcrumb\"},\"inLanguage\":\"en-US\",\"potentialAction\":[{\"@type\":\"ReadAction\",\"target\":[\"https:\\\/\\\/revolutionpadelstore.com\\\/en\\\/nox-la10-quantum-12k-by-leo-augsburguer-2025-2\\\/\"]}]},{\"@type\":\"ImageObject\",\"inLanguage\":\"en-US\",\"@id\":\"https:\\\/\\\/revolutionpadelstore.com\\\/en\\\/nox-la10-quantum-12k-by-leo-augsburguer-2025-2\\\/#primaryimage\",\"url\":\"https:\\\/\\\/revolutionpadelstore.com\\\/wp-content\\\/uploads\\\/2024\\\/10\\\/113547_pala_nox_la10_quantum_12k_by_leo_augsburguer_pla10luxq25_1500x1500_1_2ccd.webp\",\"contentUrl\":\"https:\\\/\\\/revolutionpadelstore.com\\\/wp-content\\\/uploads\\\/2024\\\/10\\\/113547_pala_nox_la10_quantum_12k_by_leo_augsburguer_pla10luxq25_1500x1500_1_2ccd.webp\",\"width\":1500,\"height\":1500},{\"@type\":\"BreadcrumbList\",\"@id\":\"https:\\\/\\\/revolutionpadelstore.com\\\/en\\\/nox-la10-quantum-12k-by-leo-augsburguer-2025-2\\\/#breadcrumb\",\"itemListElement\":[{\"@type\":\"ListItem\",\"position\":1,\"name\":\"Portada\",\"item\":\"https:\\\/\\\/revolutionpadelstore.com\\\/en\\\/\"},{\"@type\":\"ListItem\",\"position\":2,\"name\":\"Shop\",\"item\":\"https:\\\/\\\/revolutionpadelstore.com\\\/en\\\/shop\\\/\"},{\"@type\":\"ListItem\",\"position\":3,\"name\":\"NOX LA10 QUANTUM 12K BY LEO AUGSBURGUER 2025\"}]},{\"@type\":\"WebSite\",\"@id\":\"https:\\\/\\\/revolutionpadelstore.com\\\/en\\\/#website\",\"url\":\"https:\\\/\\\/revolutionpadelstore.com\\\/en\\\/\",\"name\":\"Revolution Padel Store\",\"description\":\"\",\"publisher\":{\"@id\":\"https:\\\/\\\/revolutionpadelstore.com\\\/en\\\/#organization\"},\"potentialAction\":[{\"@type\":\"SearchAction\",\"target\":{\"@type\":\"EntryPoint\",\"urlTemplate\":\"https:\\\/\\\/revolutionpadelstore.com\\\/en\\\/?s={search_term_string}\"},\"query-input\":{\"@type\":\"PropertyValueSpecification\",\"valueRequired\":true,\"valueName\":\"search_term_string\"}}],\"inLanguage\":\"en-US\"},{\"@type\":\"Organization\",\"@id\":\"https:\\\/\\\/revolutionpadelstore.com\\\/en\\\/#organization\",\"name\":\"Revolution Padel Store\",\"url\":\"https:\\\/\\\/revolutionpadelstore.com\\\/en\\\/\",\"logo\":{\"@type\":\"ImageObject\",\"inLanguage\":\"en-US\",\"@id\":\"https:\\\/\\\/revolutionpadelstore.com\\\/en\\\/#\\\/schema\\\/logo\\\/image\\\/\",\"url\":\"https:\\\/\\\/revolutionpadelstore.com\\\/wp-content\\\/uploads\\\/2026\\\/02\\\/revolution-padel-store.jpg\",\"contentUrl\":\"https:\\\/\\\/revolutionpadelstore.com\\\/wp-content\\\/uploads\\\/2026\\\/02\\\/revolution-padel-store.jpg\",\"width\":2000,\"height\":2000,\"caption\":\"Revolution Padel Store\"},\"image\":{\"@id\":\"https:\\\/\\\/revolutionpadelstore.com\\\/en\\\/#\\\/schema\\\/logo\\\/image\\\/\"},\"sameAs\":[\"https:\\\/\\\/www.instagram.com\\\/revolutionpadelstore\\\/\"]}]}<\/script>\n<!-- \/ Yoast SEO plugin. -->","yoast_head_json":{"title":"NOX LA10 QUANTUM 12K BY LEO AUGSBURGUER 2025 - Revolution Padel Store","description":"La\u00a0pala de p\u00e1del Nox LA10 Quantum 12K, dise\u00f1ada en colaboraci\u00f3n con el jugador\u00a0Leo Augsburguer\u00a0para la temporada 2025, presenta un molde redise\u00f1ado con\u00a0forma de diamante\u00a0que te permitir\u00e1 imprimir m\u00e1xima potencia en cada golpe.Su peso de\u00a0360-375 gramos\u00a0facilita su manejo y aporta confort durante largas jornadas, perfecto para competiciones exigentes. Dise\u00f1o moderno y llamativo fabricado con pintura en el coraz\u00f3n que se sincroniza con el color de la goma.","robots":{"index":"index","follow":"follow","max-snippet":"max-snippet:-1","max-image-preview":"max-image-preview:large","max-video-preview":"max-video-preview:-1"},"canonical":"https:\/\/revolutionpadelstore.com\/en\/nox-la10-quantum-12k-by-leo-augsburguer-2025-2\/","og_locale":"en_US","og_type":"article","og_title":"NOX LA10 QUANTUM 12K BY LEO AUGSBURGUER 2025 - Revolution Padel Store","og_description":"La\u00a0pala de p\u00e1del Nox LA10 Quantum 12K, dise\u00f1ada en colaboraci\u00f3n con el jugador\u00a0Leo Augsburguer\u00a0para la temporada 2025, presenta un molde redise\u00f1ado con\u00a0forma de diamante\u00a0que te permitir\u00e1 imprimir m\u00e1xima potencia en cada golpe.Su peso de\u00a0360-375 gramos\u00a0facilita su manejo y aporta confort durante largas jornadas, perfecto para competiciones exigentes. Dise\u00f1o moderno y llamativo fabricado con pintura en el coraz\u00f3n que se sincroniza con el color de la goma.","og_url":"https:\/\/revolutionpadelstore.com\/en\/nox-la10-quantum-12k-by-leo-augsburguer-2025-2\/","og_site_name":"Revolution Padel Store","article_modified_time":"2026-04-01T05:14:53+00:00","og_image":[{"width":1500,"height":1500,"url":"https:\/\/revolutionpadelstore.com\/wp-content\/uploads\/2024\/10\/113547_pala_nox_la10_quantum_12k_by_leo_augsburguer_pla10luxq25_1500x1500_1_2ccd.webp","type":"image\/webp"}],"twitter_card":"summary_large_image","twitter_misc":{"Est. reading time":"2 minutes"},"schema":{"@context":"https:\/\/schema.org","@graph":[{"@type":"WebPage","@id":"https:\/\/revolutionpadelstore.com\/en\/nox-la10-quantum-12k-by-leo-augsburguer-2025-2\/","url":"https:\/\/revolutionpadelstore.com\/en\/nox-la10-quantum-12k-by-leo-augsburguer-2025-2\/","name":"NOX LA10 QUANTUM 12K BY LEO AUGSBURGUER 2025 - Revolution Padel Store","isPartOf":{"@id":"https:\/\/revolutionpadelstore.com\/en\/#website"},"primaryImageOfPage":{"@id":"https:\/\/revolutionpadelstore.com\/en\/nox-la10-quantum-12k-by-leo-augsburguer-2025-2\/#primaryimage"},"image":{"@id":"https:\/\/revolutionpadelstore.com\/en\/nox-la10-quantum-12k-by-leo-augsburguer-2025-2\/#primaryimage"},"thumbnailUrl":"https:\/\/revolutionpadelstore.com\/wp-content\/uploads\/2024\/10\/113547_pala_nox_la10_quantum_12k_by_leo_augsburguer_pla10luxq25_1500x1500_1_2ccd.webp","datePublished":"2024-09-25T20:52:04+00:00","dateModified":"2026-04-01T05:14:53+00:00","description":"La\u00a0pala de p\u00e1del Nox LA10 Quantum 12K, dise\u00f1ada en colaboraci\u00f3n con el jugador\u00a0Leo Augsburguer\u00a0para la temporada 2025, presenta un molde redise\u00f1ado con\u00a0forma de diamante\u00a0que te permitir\u00e1 imprimir m\u00e1xima potencia en cada golpe.Su peso de\u00a0360-375 gramos\u00a0facilita su manejo y aporta confort durante largas jornadas, perfecto para competiciones exigentes. Dise\u00f1o moderno y llamativo fabricado con pintura en el coraz\u00f3n que se sincroniza con el color de la goma.","breadcrumb":{"@id":"https:\/\/revolutionpadelstore.com\/en\/nox-la10-quantum-12k-by-leo-augsburguer-2025-2\/#breadcrumb"},"inLanguage":"en-US","potentialAction":[{"@type":"ReadAction","target":["https:\/\/revolutionpadelstore.com\/en\/nox-la10-quantum-12k-by-leo-augsburguer-2025-2\/"]}]},{"@type":"ImageObject","inLanguage":"en-US","@id":"https:\/\/revolutionpadelstore.com\/en\/nox-la10-quantum-12k-by-leo-augsburguer-2025-2\/#primaryimage","url":"https:\/\/revolutionpadelstore.com\/wp-content\/uploads\/2024\/10\/113547_pala_nox_la10_quantum_12k_by_leo_augsburguer_pla10luxq25_1500x1500_1_2ccd.webp","contentUrl":"https:\/\/revolutionpadelstore.com\/wp-content\/uploads\/2024\/10\/113547_pala_nox_la10_quantum_12k_by_leo_augsburguer_pla10luxq25_1500x1500_1_2ccd.webp","width":1500,"height":1500},{"@type":"BreadcrumbList","@id":"https:\/\/revolutionpadelstore.com\/en\/nox-la10-quantum-12k-by-leo-augsburguer-2025-2\/#breadcrumb","itemListElement":[{"@type":"ListItem","position":1,"name":"Portada","item":"https:\/\/revolutionpadelstore.com\/en\/"},{"@type":"ListItem","position":2,"name":"Shop","item":"https:\/\/revolutionpadelstore.com\/en\/shop\/"},{"@type":"ListItem","position":3,"name":"NOX LA10 QUANTUM 12K BY LEO AUGSBURGUER 2025"}]},{"@type":"WebSite","@id":"https:\/\/revolutionpadelstore.com\/en\/#website","url":"https:\/\/revolutionpadelstore.com\/en\/","name":"Revolution Padel Store","description":"","publisher":{"@id":"https:\/\/revolutionpadelstore.com\/en\/#organization"},"potentialAction":[{"@type":"SearchAction","target":{"@type":"EntryPoint","urlTemplate":"https:\/\/revolutionpadelstore.com\/en\/?s={search_term_string}"},"query-input":{"@type":"PropertyValueSpecification","valueRequired":true,"valueName":"search_term_string"}}],"inLanguage":"en-US"},{"@type":"Organization","@id":"https:\/\/revolutionpadelstore.com\/en\/#organization","name":"Revolution Padel Store","url":"https:\/\/revolutionpadelstore.com\/en\/","logo":{"@type":"ImageObject","inLanguage":"en-US","@id":"https:\/\/revolutionpadelstore.com\/en\/#\/schema\/logo\/image\/","url":"https:\/\/revolutionpadelstore.com\/wp-content\/uploads\/2026\/02\/revolution-padel-store.jpg","contentUrl":"https:\/\/revolutionpadelstore.com\/wp-content\/uploads\/2026\/02\/revolution-padel-store.jpg","width":2000,"height":2000,"caption":"Revolution Padel Store"},"image":{"@id":"https:\/\/revolutionpadelstore.com\/en\/#\/schema\/logo\/image\/"},"sameAs":["https:\/\/www.instagram.com\/revolutionpadelstore\/"]}]}},"_links":{"self":[{"href":"https:\/\/revolutionpadelstore.com\/en\/wp-json\/wp\/v2\/product\/72762","targetHints":{"allow":["GET"]}}],"collection":[{"href":"https:\/\/revolutionpadelstore.com\/en\/wp-json\/wp\/v2\/product"}],"about":[{"href":"https:\/\/revolutionpadelstore.com\/en\/wp-json\/wp\/v2\/types\/product"}],"replies":[{"embeddable":true,"href":"https:\/\/revolutionpadelstore.com\/en\/wp-json\/wp\/v2\/comments?post=72762"}],"wp:featuredmedia":[{"embeddable":true,"href":"https:\/\/revolutionpadelstore.com\/en\/wp-json\/wp\/v2\/media\/125357"}],"wp:attachment":[{"href":"https:\/\/revolutionpadelstore.com\/en\/wp-json\/wp\/v2\/media?parent=72762"}],"wp:term":[{"taxonomy":"acabado","embeddable":true,"href":"https:\/\/revolutionpadelstore.com\/en\/wp-json\/wp\/v2\/acabado?post=72762"},{"taxonomy":"balance","embeddable":true,"href":"https:\/\/revolutionpadelstore.com\/en\/wp-json\/wp\/v2\/balance?post=72762"},{"taxonomy":"dureza","embeddable":true,"href":"https:\/\/revolutionpadelstore.com\/en\/wp-json\/wp\/v2\/dureza?post=72762"},{"taxonomy":"forma","embeddable":true,"href":"https:\/\/revolutionpadelstore.com\/en\/wp-json\/wp\/v2\/forma?post=72762"},{"taxonomy":"jugador","embeddable":true,"href":"https:\/\/revolutionpadelstore.com\/en\/wp-json\/wp\/v2\/jugador?post=72762"},{"taxonomy":"marca","embeddable":true,"href":"https:\/\/revolutionpadelstore.com\/en\/wp-json\/wp\/v2\/marca?post=72762"},{"taxonomy":"nivel-de-juego","embeddable":true,"href":"https:\/\/revolutionpadelstore.com\/en\/wp-json\/wp\/v2\/nivel-de-juego?post=72762"},{"taxonomy":"superficie","embeddable":true,"href":"https:\/\/revolutionpadelstore.com\/en\/wp-json\/wp\/v2\/superficie?post=72762"},{"taxonomy":"tipo-de-juego","embeddable":true,"href":"https:\/\/revolutionpadelstore.com\/en\/wp-json\/wp\/v2\/tipo-de-juego?post=72762"},{"taxonomy":"product_brand","embeddable":true,"href":"https:\/\/revolutionpadelstore.com\/en\/wp-json\/wp\/v2\/product_brand?post=72762"},{"taxonomy":"product_cat","embeddable":true,"href":"https:\/\/revolutionpadelstore.com\/en\/wp-json\/wp\/v2\/product_cat?post=72762"},{"taxonomy":"product_tag","embeddable":true,"href":"https:\/\/revolutionpadelstore.com\/en\/wp-json\/wp\/v2\/product_tag?post=72762"}],"curies":[{"name":"wp","href":"https:\/\/api.w.org\/{rel}","templated":true}]}}