{"id":72757,"date":"2024-09-25T22:58:23","date_gmt":"2024-09-25T20:58:23","guid":{"rendered":"https:\/\/revolutionpadelstore.com\/nox-tl10-quantum-12k-by-tino-libaak-2025\/"},"modified":"2026-04-01T07:14:26","modified_gmt":"2026-04-01T05:14:26","slug":"nox-tl10-quantum-12k-by-tino-libaak-2025-2","status":"publish","type":"product","link":"https:\/\/revolutionpadelstore.com\/en\/nox-tl10-quantum-12k-by-tino-libaak-2025-2\/","title":{"rendered":"NOX TL10 QUANTUM 12K BY TINO LIBAAK 2025"},"content":{"rendered":"<h2>Nox TL10 Quantum 12K By Tino Libaak 2025, ideal versatility<\/h2>\n<p>The Nox TL 10 Quantum 12K is a padel racket designed in collaboration with the player Tino Libaak for the new 2025 season. It has been manufactured with a teardrop shape to provide incredible versatility in every padel match or training.<\/p>\n<p>It is a model that is easy to handle and very comfortable thanks to its weight, which ranges between 3<strong>60-375 grams<\/strong>. Its black aesthetic with blue details stands out for being striking, modern and harmonious.<\/p>\n<h2>TL10 Quantum 12K by Nox, for advanced players<\/h2>\n<p>This <strong>Nox padel racket for men<\/strong> has been specifically designed to achieve an unparalleled level of versatility and power, which will help advanced or professional level padel players<\/strong> to adapt effectively to any situation on the playing field.<\/p>\n<p>This model ensures an intermediate feel, comfort and fast play, so that you are a lethal player on the court.<\/p>\n<h2>Features and technologies of the Nox TL10 Quantum 12K<\/h2>\n<p style=\"padding-left: 40px\">-Flats made with <strong>12K Carbon<\/strong> which provides more durability and resistance<\/p>\n<p style=\"padding-left: 40px\">-High density rubber core <em>HR3 Color EVA<\/em>, which provides power and good ball output<\/p>\n<p style=\"padding-left: 40px\"><em>-Carbon Frame<\/em> for greater protection against impacts and breaks<\/p>\n<p style=\"padding-left: 40px\">-Faces with <em>Exclusive Spin<\/em> technology, with a double rough finish to give more spin to the ball<\/p>\n<p style=\"padding-left: 40px\"><em>-Custom Grip<\/em> and <em>Pulse System<\/em> for a firmer grip and effective vibration reduction<\/p>\n<p style=\"padding-left: 40px\">-With <em>EOS Flap<\/em> technology for greater grip and better handling<\/p>\n<p style=\"padding-left: 40px\">-Smartstrap, interchangeable safety cord according to your needs<\/p>\n<p style=\"padding-left: 40px\">-Core with reactive paint <em>Photochromic Paint<\/em> that synchronizes with the color of the rubber<\/p>\n<h3>Unique experience with the Nox TL10 Quantum 12K By Tino Libaak<\/h3>\n<p>The Nox TL10 Quantum 12K By Tino Libaak racket will become your perfect ally in any play, as it gives you balanced power and control.<\/p>\n<h2>Nox TL10 Quantum 12K By Tino Libaak 2025,\u00a0polivalencia ideal<\/h2>\n","protected":false},"excerpt":{"rendered":"<p>Nox TL10 Quantum 12K teardrop racket By Tino Libaak, with 12K carbon planes with a rough finish for greater resistance and ease of hitting with spin.<\/p>\n","protected":false},"featured_media":125369,"comment_status":"open","ping_status":"closed","template":"","meta":{"_acf_changed":false,"_joinchat":[]},"acabado":[1108],"balance":[1143],"dureza":[1158],"forma":[1188],"jugador":[1193,1203],"marca":[1263],"nivel-de-juego":[1338,1348],"superficie":[1363],"tipo-de-juego":[],"product_brand":[],"product_cat":[303],"product_tag":[],"class_list":{"0":"post-72757","1":"product","2":"type-product","3":"status-publish","4":"has-post-thumbnail","6":"acabado-rugoso-en","7":"balance-medium","8":"dureza-media-en","9":"forma-lagrima-en","10":"jugador-hombre-en","11":"jugador-multipurpose","12":"marca-nox-en","13":"superficie-rugosa-en","14":"product_cat-palas","16":"first","17":"instock","18":"sale","19":"taxable","20":"shipping-taxable","21":"purchasable","22":"product-type-simple"},"acf":[],"yoast_head":"<!-- This site is optimized with the Yoast SEO plugin v27.3 - https:\/\/yoast.com\/product\/yoast-seo-wordpress\/ -->\n<title>NOX TL10 QUANTUM 12K BY TINO LIBAAK 2025 - Revolution Padel Store<\/title>\n<meta name=\"description\" content=\"Esta\u00a0pala de p\u00e1del Nox para hombre\u00a0se ha dise\u00f1ado espec\u00edficamente para conseguir un nivel de versatilidad y potencia sin igual, lo que ayudar\u00e1 a los\u00a0jugadores de p\u00e1del de nivel avanzado o profesional\u00a0a adaptarse con eficacia a cualquier situaci\u00f3n en el terreno de juego.Este modelo asegura un tacto intermedio, comodidad y juego r\u00e1pido, para que seas un jugador letal en la pista.\" \/>\n<meta name=\"robots\" content=\"index, follow, max-snippet:-1, max-image-preview:large, max-video-preview:-1\" \/>\n<link rel=\"canonical\" href=\"https:\/\/revolutionpadelstore.com\/en\/nox-tl10-quantum-12k-by-tino-libaak-2025-2\/\" \/>\n<meta property=\"og:locale\" content=\"en_US\" \/>\n<meta property=\"og:type\" content=\"article\" \/>\n<meta property=\"og:title\" content=\"NOX TL10 QUANTUM 12K BY TINO LIBAAK 2025 - Revolution Padel Store\" \/>\n<meta property=\"og:description\" content=\"Esta\u00a0pala de p\u00e1del Nox para hombre\u00a0se ha dise\u00f1ado espec\u00edficamente para conseguir un nivel de versatilidad y potencia sin igual, lo que ayudar\u00e1 a los\u00a0jugadores de p\u00e1del de nivel avanzado o profesional\u00a0a adaptarse con eficacia a cualquier situaci\u00f3n en el terreno de juego.Este modelo asegura un tacto intermedio, comodidad y juego r\u00e1pido, para que seas un jugador letal en la pista.\" \/>\n<meta property=\"og:url\" content=\"https:\/\/revolutionpadelstore.com\/en\/nox-tl10-quantum-12k-by-tino-libaak-2025-2\/\" \/>\n<meta property=\"og:site_name\" content=\"Revolution Padel Store\" \/>\n<meta property=\"article:modified_time\" content=\"2026-04-01T05:14:26+00:00\" \/>\n<meta property=\"og:image\" content=\"https:\/\/revolutionpadelstore.com\/wp-content\/uploads\/2024\/10\/113549_pala_nox_tl10_quantum_12k_by_tino_libaak_ptl10luxq25_1500x1500_1_3434.webp\" \/>\n\t<meta property=\"og:image:width\" content=\"1500\" \/>\n\t<meta property=\"og:image:height\" content=\"1500\" \/>\n\t<meta property=\"og:image:type\" content=\"image\/webp\" \/>\n<meta name=\"twitter:card\" content=\"summary_large_image\" \/>\n<meta name=\"twitter:label1\" content=\"Est. reading time\" \/>\n\t<meta name=\"twitter:data1\" content=\"2 minutes\" \/>\n<script type=\"application\/ld+json\" class=\"yoast-schema-graph\">{\"@context\":\"https:\\\/\\\/schema.org\",\"@graph\":[{\"@type\":\"WebPage\",\"@id\":\"https:\\\/\\\/revolutionpadelstore.com\\\/en\\\/nox-tl10-quantum-12k-by-tino-libaak-2025-2\\\/\",\"url\":\"https:\\\/\\\/revolutionpadelstore.com\\\/en\\\/nox-tl10-quantum-12k-by-tino-libaak-2025-2\\\/\",\"name\":\"NOX TL10 QUANTUM 12K BY TINO LIBAAK 2025 - Revolution Padel Store\",\"isPartOf\":{\"@id\":\"https:\\\/\\\/revolutionpadelstore.com\\\/en\\\/#website\"},\"primaryImageOfPage\":{\"@id\":\"https:\\\/\\\/revolutionpadelstore.com\\\/en\\\/nox-tl10-quantum-12k-by-tino-libaak-2025-2\\\/#primaryimage\"},\"image\":{\"@id\":\"https:\\\/\\\/revolutionpadelstore.com\\\/en\\\/nox-tl10-quantum-12k-by-tino-libaak-2025-2\\\/#primaryimage\"},\"thumbnailUrl\":\"https:\\\/\\\/revolutionpadelstore.com\\\/wp-content\\\/uploads\\\/2024\\\/10\\\/113549_pala_nox_tl10_quantum_12k_by_tino_libaak_ptl10luxq25_1500x1500_1_3434.webp\",\"datePublished\":\"2024-09-25T20:58:23+00:00\",\"dateModified\":\"2026-04-01T05:14:26+00:00\",\"description\":\"Esta\u00a0pala de p\u00e1del Nox para hombre\u00a0se ha dise\u00f1ado espec\u00edficamente para conseguir un nivel de versatilidad y potencia sin igual, lo que ayudar\u00e1 a los\u00a0jugadores de p\u00e1del de nivel avanzado o profesional\u00a0a adaptarse con eficacia a cualquier situaci\u00f3n en el terreno de juego.Este modelo asegura un tacto intermedio, comodidad y juego r\u00e1pido, para que seas un jugador letal en la pista.\",\"breadcrumb\":{\"@id\":\"https:\\\/\\\/revolutionpadelstore.com\\\/en\\\/nox-tl10-quantum-12k-by-tino-libaak-2025-2\\\/#breadcrumb\"},\"inLanguage\":\"en-US\",\"potentialAction\":[{\"@type\":\"ReadAction\",\"target\":[\"https:\\\/\\\/revolutionpadelstore.com\\\/en\\\/nox-tl10-quantum-12k-by-tino-libaak-2025-2\\\/\"]}]},{\"@type\":\"ImageObject\",\"inLanguage\":\"en-US\",\"@id\":\"https:\\\/\\\/revolutionpadelstore.com\\\/en\\\/nox-tl10-quantum-12k-by-tino-libaak-2025-2\\\/#primaryimage\",\"url\":\"https:\\\/\\\/revolutionpadelstore.com\\\/wp-content\\\/uploads\\\/2024\\\/10\\\/113549_pala_nox_tl10_quantum_12k_by_tino_libaak_ptl10luxq25_1500x1500_1_3434.webp\",\"contentUrl\":\"https:\\\/\\\/revolutionpadelstore.com\\\/wp-content\\\/uploads\\\/2024\\\/10\\\/113549_pala_nox_tl10_quantum_12k_by_tino_libaak_ptl10luxq25_1500x1500_1_3434.webp\",\"width\":1500,\"height\":1500},{\"@type\":\"BreadcrumbList\",\"@id\":\"https:\\\/\\\/revolutionpadelstore.com\\\/en\\\/nox-tl10-quantum-12k-by-tino-libaak-2025-2\\\/#breadcrumb\",\"itemListElement\":[{\"@type\":\"ListItem\",\"position\":1,\"name\":\"Portada\",\"item\":\"https:\\\/\\\/revolutionpadelstore.com\\\/en\\\/\"},{\"@type\":\"ListItem\",\"position\":2,\"name\":\"Shop\",\"item\":\"https:\\\/\\\/revolutionpadelstore.com\\\/en\\\/shop\\\/\"},{\"@type\":\"ListItem\",\"position\":3,\"name\":\"NOX TL10 QUANTUM 12K BY TINO LIBAAK 2025\"}]},{\"@type\":\"WebSite\",\"@id\":\"https:\\\/\\\/revolutionpadelstore.com\\\/en\\\/#website\",\"url\":\"https:\\\/\\\/revolutionpadelstore.com\\\/en\\\/\",\"name\":\"Revolution Padel Store\",\"description\":\"\",\"publisher\":{\"@id\":\"https:\\\/\\\/revolutionpadelstore.com\\\/en\\\/#organization\"},\"potentialAction\":[{\"@type\":\"SearchAction\",\"target\":{\"@type\":\"EntryPoint\",\"urlTemplate\":\"https:\\\/\\\/revolutionpadelstore.com\\\/en\\\/?s={search_term_string}\"},\"query-input\":{\"@type\":\"PropertyValueSpecification\",\"valueRequired\":true,\"valueName\":\"search_term_string\"}}],\"inLanguage\":\"en-US\"},{\"@type\":\"Organization\",\"@id\":\"https:\\\/\\\/revolutionpadelstore.com\\\/en\\\/#organization\",\"name\":\"Revolution Padel Store\",\"url\":\"https:\\\/\\\/revolutionpadelstore.com\\\/en\\\/\",\"logo\":{\"@type\":\"ImageObject\",\"inLanguage\":\"en-US\",\"@id\":\"https:\\\/\\\/revolutionpadelstore.com\\\/en\\\/#\\\/schema\\\/logo\\\/image\\\/\",\"url\":\"https:\\\/\\\/revolutionpadelstore.com\\\/wp-content\\\/uploads\\\/2026\\\/02\\\/revolution-padel-store.jpg\",\"contentUrl\":\"https:\\\/\\\/revolutionpadelstore.com\\\/wp-content\\\/uploads\\\/2026\\\/02\\\/revolution-padel-store.jpg\",\"width\":2000,\"height\":2000,\"caption\":\"Revolution Padel Store\"},\"image\":{\"@id\":\"https:\\\/\\\/revolutionpadelstore.com\\\/en\\\/#\\\/schema\\\/logo\\\/image\\\/\"},\"sameAs\":[\"https:\\\/\\\/www.instagram.com\\\/revolutionpadelstore\\\/\"]}]}<\/script>\n<!-- \/ Yoast SEO plugin. -->","yoast_head_json":{"title":"NOX TL10 QUANTUM 12K BY TINO LIBAAK 2025 - Revolution Padel Store","description":"Esta\u00a0pala de p\u00e1del Nox para hombre\u00a0se ha dise\u00f1ado espec\u00edficamente para conseguir un nivel de versatilidad y potencia sin igual, lo que ayudar\u00e1 a los\u00a0jugadores de p\u00e1del de nivel avanzado o profesional\u00a0a adaptarse con eficacia a cualquier situaci\u00f3n en el terreno de juego.Este modelo asegura un tacto intermedio, comodidad y juego r\u00e1pido, para que seas un jugador letal en la pista.","robots":{"index":"index","follow":"follow","max-snippet":"max-snippet:-1","max-image-preview":"max-image-preview:large","max-video-preview":"max-video-preview:-1"},"canonical":"https:\/\/revolutionpadelstore.com\/en\/nox-tl10-quantum-12k-by-tino-libaak-2025-2\/","og_locale":"en_US","og_type":"article","og_title":"NOX TL10 QUANTUM 12K BY TINO LIBAAK 2025 - Revolution Padel Store","og_description":"Esta\u00a0pala de p\u00e1del Nox para hombre\u00a0se ha dise\u00f1ado espec\u00edficamente para conseguir un nivel de versatilidad y potencia sin igual, lo que ayudar\u00e1 a los\u00a0jugadores de p\u00e1del de nivel avanzado o profesional\u00a0a adaptarse con eficacia a cualquier situaci\u00f3n en el terreno de juego.Este modelo asegura un tacto intermedio, comodidad y juego r\u00e1pido, para que seas un jugador letal en la pista.","og_url":"https:\/\/revolutionpadelstore.com\/en\/nox-tl10-quantum-12k-by-tino-libaak-2025-2\/","og_site_name":"Revolution Padel Store","article_modified_time":"2026-04-01T05:14:26+00:00","og_image":[{"width":1500,"height":1500,"url":"https:\/\/revolutionpadelstore.com\/wp-content\/uploads\/2024\/10\/113549_pala_nox_tl10_quantum_12k_by_tino_libaak_ptl10luxq25_1500x1500_1_3434.webp","type":"image\/webp"}],"twitter_card":"summary_large_image","twitter_misc":{"Est. reading time":"2 minutes"},"schema":{"@context":"https:\/\/schema.org","@graph":[{"@type":"WebPage","@id":"https:\/\/revolutionpadelstore.com\/en\/nox-tl10-quantum-12k-by-tino-libaak-2025-2\/","url":"https:\/\/revolutionpadelstore.com\/en\/nox-tl10-quantum-12k-by-tino-libaak-2025-2\/","name":"NOX TL10 QUANTUM 12K BY TINO LIBAAK 2025 - Revolution Padel Store","isPartOf":{"@id":"https:\/\/revolutionpadelstore.com\/en\/#website"},"primaryImageOfPage":{"@id":"https:\/\/revolutionpadelstore.com\/en\/nox-tl10-quantum-12k-by-tino-libaak-2025-2\/#primaryimage"},"image":{"@id":"https:\/\/revolutionpadelstore.com\/en\/nox-tl10-quantum-12k-by-tino-libaak-2025-2\/#primaryimage"},"thumbnailUrl":"https:\/\/revolutionpadelstore.com\/wp-content\/uploads\/2024\/10\/113549_pala_nox_tl10_quantum_12k_by_tino_libaak_ptl10luxq25_1500x1500_1_3434.webp","datePublished":"2024-09-25T20:58:23+00:00","dateModified":"2026-04-01T05:14:26+00:00","description":"Esta\u00a0pala de p\u00e1del Nox para hombre\u00a0se ha dise\u00f1ado espec\u00edficamente para conseguir un nivel de versatilidad y potencia sin igual, lo que ayudar\u00e1 a los\u00a0jugadores de p\u00e1del de nivel avanzado o profesional\u00a0a adaptarse con eficacia a cualquier situaci\u00f3n en el terreno de juego.Este modelo asegura un tacto intermedio, comodidad y juego r\u00e1pido, para que seas un jugador letal en la pista.","breadcrumb":{"@id":"https:\/\/revolutionpadelstore.com\/en\/nox-tl10-quantum-12k-by-tino-libaak-2025-2\/#breadcrumb"},"inLanguage":"en-US","potentialAction":[{"@type":"ReadAction","target":["https:\/\/revolutionpadelstore.com\/en\/nox-tl10-quantum-12k-by-tino-libaak-2025-2\/"]}]},{"@type":"ImageObject","inLanguage":"en-US","@id":"https:\/\/revolutionpadelstore.com\/en\/nox-tl10-quantum-12k-by-tino-libaak-2025-2\/#primaryimage","url":"https:\/\/revolutionpadelstore.com\/wp-content\/uploads\/2024\/10\/113549_pala_nox_tl10_quantum_12k_by_tino_libaak_ptl10luxq25_1500x1500_1_3434.webp","contentUrl":"https:\/\/revolutionpadelstore.com\/wp-content\/uploads\/2024\/10\/113549_pala_nox_tl10_quantum_12k_by_tino_libaak_ptl10luxq25_1500x1500_1_3434.webp","width":1500,"height":1500},{"@type":"BreadcrumbList","@id":"https:\/\/revolutionpadelstore.com\/en\/nox-tl10-quantum-12k-by-tino-libaak-2025-2\/#breadcrumb","itemListElement":[{"@type":"ListItem","position":1,"name":"Portada","item":"https:\/\/revolutionpadelstore.com\/en\/"},{"@type":"ListItem","position":2,"name":"Shop","item":"https:\/\/revolutionpadelstore.com\/en\/shop\/"},{"@type":"ListItem","position":3,"name":"NOX TL10 QUANTUM 12K BY TINO LIBAAK 2025"}]},{"@type":"WebSite","@id":"https:\/\/revolutionpadelstore.com\/en\/#website","url":"https:\/\/revolutionpadelstore.com\/en\/","name":"Revolution Padel Store","description":"","publisher":{"@id":"https:\/\/revolutionpadelstore.com\/en\/#organization"},"potentialAction":[{"@type":"SearchAction","target":{"@type":"EntryPoint","urlTemplate":"https:\/\/revolutionpadelstore.com\/en\/?s={search_term_string}"},"query-input":{"@type":"PropertyValueSpecification","valueRequired":true,"valueName":"search_term_string"}}],"inLanguage":"en-US"},{"@type":"Organization","@id":"https:\/\/revolutionpadelstore.com\/en\/#organization","name":"Revolution Padel Store","url":"https:\/\/revolutionpadelstore.com\/en\/","logo":{"@type":"ImageObject","inLanguage":"en-US","@id":"https:\/\/revolutionpadelstore.com\/en\/#\/schema\/logo\/image\/","url":"https:\/\/revolutionpadelstore.com\/wp-content\/uploads\/2026\/02\/revolution-padel-store.jpg","contentUrl":"https:\/\/revolutionpadelstore.com\/wp-content\/uploads\/2026\/02\/revolution-padel-store.jpg","width":2000,"height":2000,"caption":"Revolution Padel Store"},"image":{"@id":"https:\/\/revolutionpadelstore.com\/en\/#\/schema\/logo\/image\/"},"sameAs":["https:\/\/www.instagram.com\/revolutionpadelstore\/"]}]}},"_links":{"self":[{"href":"https:\/\/revolutionpadelstore.com\/en\/wp-json\/wp\/v2\/product\/72757","targetHints":{"allow":["GET"]}}],"collection":[{"href":"https:\/\/revolutionpadelstore.com\/en\/wp-json\/wp\/v2\/product"}],"about":[{"href":"https:\/\/revolutionpadelstore.com\/en\/wp-json\/wp\/v2\/types\/product"}],"replies":[{"embeddable":true,"href":"https:\/\/revolutionpadelstore.com\/en\/wp-json\/wp\/v2\/comments?post=72757"}],"wp:featuredmedia":[{"embeddable":true,"href":"https:\/\/revolutionpadelstore.com\/en\/wp-json\/wp\/v2\/media\/125369"}],"wp:attachment":[{"href":"https:\/\/revolutionpadelstore.com\/en\/wp-json\/wp\/v2\/media?parent=72757"}],"wp:term":[{"taxonomy":"acabado","embeddable":true,"href":"https:\/\/revolutionpadelstore.com\/en\/wp-json\/wp\/v2\/acabado?post=72757"},{"taxonomy":"balance","embeddable":true,"href":"https:\/\/revolutionpadelstore.com\/en\/wp-json\/wp\/v2\/balance?post=72757"},{"taxonomy":"dureza","embeddable":true,"href":"https:\/\/revolutionpadelstore.com\/en\/wp-json\/wp\/v2\/dureza?post=72757"},{"taxonomy":"forma","embeddable":true,"href":"https:\/\/revolutionpadelstore.com\/en\/wp-json\/wp\/v2\/forma?post=72757"},{"taxonomy":"jugador","embeddable":true,"href":"https:\/\/revolutionpadelstore.com\/en\/wp-json\/wp\/v2\/jugador?post=72757"},{"taxonomy":"marca","embeddable":true,"href":"https:\/\/revolutionpadelstore.com\/en\/wp-json\/wp\/v2\/marca?post=72757"},{"taxonomy":"nivel-de-juego","embeddable":true,"href":"https:\/\/revolutionpadelstore.com\/en\/wp-json\/wp\/v2\/nivel-de-juego?post=72757"},{"taxonomy":"superficie","embeddable":true,"href":"https:\/\/revolutionpadelstore.com\/en\/wp-json\/wp\/v2\/superficie?post=72757"},{"taxonomy":"tipo-de-juego","embeddable":true,"href":"https:\/\/revolutionpadelstore.com\/en\/wp-json\/wp\/v2\/tipo-de-juego?post=72757"},{"taxonomy":"product_brand","embeddable":true,"href":"https:\/\/revolutionpadelstore.com\/en\/wp-json\/wp\/v2\/product_brand?post=72757"},{"taxonomy":"product_cat","embeddable":true,"href":"https:\/\/revolutionpadelstore.com\/en\/wp-json\/wp\/v2\/product_cat?post=72757"},{"taxonomy":"product_tag","embeddable":true,"href":"https:\/\/revolutionpadelstore.com\/en\/wp-json\/wp\/v2\/product_tag?post=72757"}],"curies":[{"name":"wp","href":"https:\/\/api.w.org\/{rel}","templated":true}]}}