{"id":72752,"date":"2024-09-25T23:09:47","date_gmt":"2024-09-25T21:09:47","guid":{"rendered":"https:\/\/revolutionpadelstore.com\/nox-at10-pro-cup-comfort-by-agustin-tapia-2025\/"},"modified":"2026-04-01T07:13:58","modified_gmt":"2026-04-01T05:13:58","slug":"nox-at10-pro-cup-comfort-by-agustin-tapia-2025-2","status":"publish","type":"product","link":"https:\/\/revolutionpadelstore.com\/en\/nox-at10-pro-cup-comfort-by-agustin-tapia-2025-2\/","title":{"rendered":"NOX AT10 PRO CUP COMFORT BY AGUSTIN TAPIA 2025"},"content":{"rendered":"<h2>Nox AT10 Pro Cup Comfort By Agust\u00edn Tapia 2025, dominates with technique<\/h2>\n<p>The Nox AT10 Pro Cup Comfort racket is part of the brand&#8217;s 2025 collection. It is chosen by one of the best players in the world, the Argentine <strong>Agust\u00edn Tapia<\/strong>. You will master each point, improving your technique and performance. Its design, in silver, and the 3D texture provide extra style.<\/p>\n<h2>Nox AT10 Pro Cup Comfort By Agust\u00edn Tapia 2025, balance for your game<\/h2>\n<p>This new Nox racket comes to provide greater comfort in the game to advanced and professional level players. Its teardrop shape and medium balance provide a perfect balance between control and power. You will feel in each hit how you dominate each point at will.<\/p>\n<p>It is ideal for more technical players, just like the Argentine \u201c<strong>Mozart<\/strong>\u201d. It has numerous high-quality technologies.<\/p>\n<h2>Features Nox AT10 Pro Cup Comfort By Agust\u00edn Tapia 2025<\/h2>\n<p style=\"padding-left: 40px\"><em>-Fiber glass<\/em>, a fiberglass fabric that provides medium <strong>stiffness<\/strong>.<\/p>\n<p style=\"padding-left: 40px\">-Teardrop shape and medium balance.<\/p>\n<p style=\"padding-left: 40px\"><em>-HR3 Rubber<\/em>, a core that improves memory, so it recovers its state prior to hitting the ball. With this rubber you achieve maximum power.<\/p>\n<p style=\"padding-left: 40px\"><em>-Carbon frame<\/em>, more rigidity and <strong>durability<\/strong> to the frame and the blade in general.<\/p>\n<p style=\"padding-left: 40px\"><em>-Smart strap<\/em>, a system that allows you to <strong>replace the cord<\/strong> easily, improving hygiene, without losing the guarantee by not having to manipulate the bottom cap.<\/p>\n<p style=\"padding-left: 40px\">-3D texture.<\/p>\n<h3>Nox AT10 Pro Cup Comfort By Agust\u00edn Tapia 2025 available at Revolution Padel Store<\/h3>\n<p>If you are a highly competitive, technical player who prefers balance in your game, this new Nox AT10 Pro Cup Comfort will be your best ally on the court. Feel like <strong>Agust\u00edn Tapia<\/strong> and enjoy your favorite sport, at full capacity.<\/p>\n<h2>Nox AT10 Pro Cup Comfort By Agust\u00edn Tapia 2025, domina a base de t\u00e9cnica<\/h2>\n","protected":false},"excerpt":{"rendered":"<p>Nox AT10 Pro Cup Comfort racket By Agust\u00edn Tapia for high-level competitive players. Teardrop shape, for an ideal balance between power and control.<\/p>\n","protected":false},"featured_media":125345,"comment_status":"open","ping_status":"closed","template":"","meta":{"_acf_changed":false,"_joinchat":[]},"acabado":[1093],"balance":[1143],"dureza":[1158],"forma":[1188],"jugador":[1193,1203],"marca":[1263],"nivel-de-juego":[1338],"superficie":[1363],"tipo-de-juego":[1388],"product_brand":[],"product_cat":[303],"product_tag":[],"class_list":{"0":"post-72752","1":"product","2":"type-product","3":"status-publish","4":"has-post-thumbnail","6":"acabado-relieve-3d-en","7":"balance-medium","8":"dureza-media-en","9":"forma-lagrima-en","10":"jugador-hombre-en","11":"jugador-multipurpose","12":"marca-nox-en","13":"superficie-rugosa-en","14":"tipo-de-juego-multipurpose","15":"product_cat-palas","17":"first","18":"instock","19":"sale","20":"taxable","21":"shipping-taxable","22":"purchasable","23":"product-type-simple"},"acf":[],"yoast_head":"<!-- This site is optimized with the Yoast SEO plugin v27.3 - https:\/\/yoast.com\/product\/yoast-seo-wordpress\/ -->\n<title>NOX AT10 PRO CUP COMFORT BY AGUSTIN TAPIA 2025 - Revolution Padel Store<\/title>\n<meta name=\"description\" content=\"Esta nueva pala de Nox llega para dotar de una mayor\u00a0comodidad\u00a0en el juego a jugadores de nivel avanzado y profesional. Su\u00a0forma de l\u00e1grima\u00a0y balance medio, otorgan un equilibrio perfecto entre\u00a0control y potencia. Sentir\u00e1s en cada golpeo c\u00f3mo dominas a tu antojo cada punto. Es ideal para jugadores m\u00e1s t\u00e9cnicos, al igual que el \u201cMozart\u201d argentino. Cuenta con numerosas tecnolog\u00edas de gran calidad.\" \/>\n<meta name=\"robots\" content=\"index, follow, max-snippet:-1, max-image-preview:large, max-video-preview:-1\" \/>\n<link rel=\"canonical\" href=\"https:\/\/revolutionpadelstore.com\/en\/nox-at10-pro-cup-comfort-by-agustin-tapia-2025-2\/\" \/>\n<meta property=\"og:locale\" content=\"en_US\" \/>\n<meta property=\"og:type\" content=\"article\" \/>\n<meta property=\"og:title\" content=\"NOX AT10 PRO CUP COMFORT BY AGUSTIN TAPIA 2025 - Revolution Padel Store\" \/>\n<meta property=\"og:description\" content=\"Esta nueva pala de Nox llega para dotar de una mayor\u00a0comodidad\u00a0en el juego a jugadores de nivel avanzado y profesional. Su\u00a0forma de l\u00e1grima\u00a0y balance medio, otorgan un equilibrio perfecto entre\u00a0control y potencia. Sentir\u00e1s en cada golpeo c\u00f3mo dominas a tu antojo cada punto. Es ideal para jugadores m\u00e1s t\u00e9cnicos, al igual que el \u201cMozart\u201d argentino. Cuenta con numerosas tecnolog\u00edas de gran calidad.\" \/>\n<meta property=\"og:url\" content=\"https:\/\/revolutionpadelstore.com\/en\/nox-at10-pro-cup-comfort-by-agustin-tapia-2025-2\/\" \/>\n<meta property=\"og:site_name\" content=\"Revolution Padel Store\" \/>\n<meta property=\"article:modified_time\" content=\"2026-04-01T05:13:58+00:00\" \/>\n<meta property=\"og:image\" content=\"https:\/\/revolutionpadelstore.com\/wp-content\/uploads\/2024\/10\/113543_pala_nox_at10_pro_cup_comfort_by_agustin_tapia_pat10pcc25_1500x1500_1_438f.webp\" \/>\n\t<meta property=\"og:image:width\" content=\"1500\" \/>\n\t<meta property=\"og:image:height\" content=\"1500\" \/>\n\t<meta property=\"og:image:type\" content=\"image\/webp\" \/>\n<meta name=\"twitter:card\" content=\"summary_large_image\" \/>\n<meta name=\"twitter:label1\" content=\"Est. reading time\" \/>\n\t<meta name=\"twitter:data1\" content=\"2 minutes\" \/>\n<script type=\"application\/ld+json\" class=\"yoast-schema-graph\">{\"@context\":\"https:\\\/\\\/schema.org\",\"@graph\":[{\"@type\":\"WebPage\",\"@id\":\"https:\\\/\\\/revolutionpadelstore.com\\\/en\\\/nox-at10-pro-cup-comfort-by-agustin-tapia-2025-2\\\/\",\"url\":\"https:\\\/\\\/revolutionpadelstore.com\\\/en\\\/nox-at10-pro-cup-comfort-by-agustin-tapia-2025-2\\\/\",\"name\":\"NOX AT10 PRO CUP COMFORT BY AGUSTIN TAPIA 2025 - Revolution Padel Store\",\"isPartOf\":{\"@id\":\"https:\\\/\\\/revolutionpadelstore.com\\\/en\\\/#website\"},\"primaryImageOfPage\":{\"@id\":\"https:\\\/\\\/revolutionpadelstore.com\\\/en\\\/nox-at10-pro-cup-comfort-by-agustin-tapia-2025-2\\\/#primaryimage\"},\"image\":{\"@id\":\"https:\\\/\\\/revolutionpadelstore.com\\\/en\\\/nox-at10-pro-cup-comfort-by-agustin-tapia-2025-2\\\/#primaryimage\"},\"thumbnailUrl\":\"https:\\\/\\\/revolutionpadelstore.com\\\/wp-content\\\/uploads\\\/2024\\\/10\\\/113543_pala_nox_at10_pro_cup_comfort_by_agustin_tapia_pat10pcc25_1500x1500_1_438f.webp\",\"datePublished\":\"2024-09-25T21:09:47+00:00\",\"dateModified\":\"2026-04-01T05:13:58+00:00\",\"description\":\"Esta nueva pala de Nox llega para dotar de una mayor\u00a0comodidad\u00a0en el juego a jugadores de nivel avanzado y profesional. Su\u00a0forma de l\u00e1grima\u00a0y balance medio, otorgan un equilibrio perfecto entre\u00a0control y potencia. Sentir\u00e1s en cada golpeo c\u00f3mo dominas a tu antojo cada punto. Es ideal para jugadores m\u00e1s t\u00e9cnicos, al igual que el \u201cMozart\u201d argentino. Cuenta con numerosas tecnolog\u00edas de gran calidad.\",\"breadcrumb\":{\"@id\":\"https:\\\/\\\/revolutionpadelstore.com\\\/en\\\/nox-at10-pro-cup-comfort-by-agustin-tapia-2025-2\\\/#breadcrumb\"},\"inLanguage\":\"en-US\",\"potentialAction\":[{\"@type\":\"ReadAction\",\"target\":[\"https:\\\/\\\/revolutionpadelstore.com\\\/en\\\/nox-at10-pro-cup-comfort-by-agustin-tapia-2025-2\\\/\"]}]},{\"@type\":\"ImageObject\",\"inLanguage\":\"en-US\",\"@id\":\"https:\\\/\\\/revolutionpadelstore.com\\\/en\\\/nox-at10-pro-cup-comfort-by-agustin-tapia-2025-2\\\/#primaryimage\",\"url\":\"https:\\\/\\\/revolutionpadelstore.com\\\/wp-content\\\/uploads\\\/2024\\\/10\\\/113543_pala_nox_at10_pro_cup_comfort_by_agustin_tapia_pat10pcc25_1500x1500_1_438f.webp\",\"contentUrl\":\"https:\\\/\\\/revolutionpadelstore.com\\\/wp-content\\\/uploads\\\/2024\\\/10\\\/113543_pala_nox_at10_pro_cup_comfort_by_agustin_tapia_pat10pcc25_1500x1500_1_438f.webp\",\"width\":1500,\"height\":1500},{\"@type\":\"BreadcrumbList\",\"@id\":\"https:\\\/\\\/revolutionpadelstore.com\\\/en\\\/nox-at10-pro-cup-comfort-by-agustin-tapia-2025-2\\\/#breadcrumb\",\"itemListElement\":[{\"@type\":\"ListItem\",\"position\":1,\"name\":\"Portada\",\"item\":\"https:\\\/\\\/revolutionpadelstore.com\\\/en\\\/\"},{\"@type\":\"ListItem\",\"position\":2,\"name\":\"Shop\",\"item\":\"https:\\\/\\\/revolutionpadelstore.com\\\/en\\\/shop\\\/\"},{\"@type\":\"ListItem\",\"position\":3,\"name\":\"NOX AT10 PRO CUP COMFORT BY AGUSTIN TAPIA 2025\"}]},{\"@type\":\"WebSite\",\"@id\":\"https:\\\/\\\/revolutionpadelstore.com\\\/en\\\/#website\",\"url\":\"https:\\\/\\\/revolutionpadelstore.com\\\/en\\\/\",\"name\":\"Revolution Padel Store\",\"description\":\"\",\"publisher\":{\"@id\":\"https:\\\/\\\/revolutionpadelstore.com\\\/en\\\/#organization\"},\"potentialAction\":[{\"@type\":\"SearchAction\",\"target\":{\"@type\":\"EntryPoint\",\"urlTemplate\":\"https:\\\/\\\/revolutionpadelstore.com\\\/en\\\/?s={search_term_string}\"},\"query-input\":{\"@type\":\"PropertyValueSpecification\",\"valueRequired\":true,\"valueName\":\"search_term_string\"}}],\"inLanguage\":\"en-US\"},{\"@type\":\"Organization\",\"@id\":\"https:\\\/\\\/revolutionpadelstore.com\\\/en\\\/#organization\",\"name\":\"Revolution Padel Store\",\"url\":\"https:\\\/\\\/revolutionpadelstore.com\\\/en\\\/\",\"logo\":{\"@type\":\"ImageObject\",\"inLanguage\":\"en-US\",\"@id\":\"https:\\\/\\\/revolutionpadelstore.com\\\/en\\\/#\\\/schema\\\/logo\\\/image\\\/\",\"url\":\"https:\\\/\\\/revolutionpadelstore.com\\\/wp-content\\\/uploads\\\/2026\\\/02\\\/revolution-padel-store.jpg\",\"contentUrl\":\"https:\\\/\\\/revolutionpadelstore.com\\\/wp-content\\\/uploads\\\/2026\\\/02\\\/revolution-padel-store.jpg\",\"width\":2000,\"height\":2000,\"caption\":\"Revolution Padel Store\"},\"image\":{\"@id\":\"https:\\\/\\\/revolutionpadelstore.com\\\/en\\\/#\\\/schema\\\/logo\\\/image\\\/\"},\"sameAs\":[\"https:\\\/\\\/www.instagram.com\\\/revolutionpadelstore\\\/\"]}]}<\/script>\n<!-- \/ Yoast SEO plugin. -->","yoast_head_json":{"title":"NOX AT10 PRO CUP COMFORT BY AGUSTIN TAPIA 2025 - Revolution Padel Store","description":"Esta nueva pala de Nox llega para dotar de una mayor\u00a0comodidad\u00a0en el juego a jugadores de nivel avanzado y profesional. Su\u00a0forma de l\u00e1grima\u00a0y balance medio, otorgan un equilibrio perfecto entre\u00a0control y potencia. Sentir\u00e1s en cada golpeo c\u00f3mo dominas a tu antojo cada punto. Es ideal para jugadores m\u00e1s t\u00e9cnicos, al igual que el \u201cMozart\u201d argentino. Cuenta con numerosas tecnolog\u00edas de gran calidad.","robots":{"index":"index","follow":"follow","max-snippet":"max-snippet:-1","max-image-preview":"max-image-preview:large","max-video-preview":"max-video-preview:-1"},"canonical":"https:\/\/revolutionpadelstore.com\/en\/nox-at10-pro-cup-comfort-by-agustin-tapia-2025-2\/","og_locale":"en_US","og_type":"article","og_title":"NOX AT10 PRO CUP COMFORT BY AGUSTIN TAPIA 2025 - Revolution Padel Store","og_description":"Esta nueva pala de Nox llega para dotar de una mayor\u00a0comodidad\u00a0en el juego a jugadores de nivel avanzado y profesional. Su\u00a0forma de l\u00e1grima\u00a0y balance medio, otorgan un equilibrio perfecto entre\u00a0control y potencia. Sentir\u00e1s en cada golpeo c\u00f3mo dominas a tu antojo cada punto. Es ideal para jugadores m\u00e1s t\u00e9cnicos, al igual que el \u201cMozart\u201d argentino. Cuenta con numerosas tecnolog\u00edas de gran calidad.","og_url":"https:\/\/revolutionpadelstore.com\/en\/nox-at10-pro-cup-comfort-by-agustin-tapia-2025-2\/","og_site_name":"Revolution Padel Store","article_modified_time":"2026-04-01T05:13:58+00:00","og_image":[{"width":1500,"height":1500,"url":"https:\/\/revolutionpadelstore.com\/wp-content\/uploads\/2024\/10\/113543_pala_nox_at10_pro_cup_comfort_by_agustin_tapia_pat10pcc25_1500x1500_1_438f.webp","type":"image\/webp"}],"twitter_card":"summary_large_image","twitter_misc":{"Est. reading time":"2 minutes"},"schema":{"@context":"https:\/\/schema.org","@graph":[{"@type":"WebPage","@id":"https:\/\/revolutionpadelstore.com\/en\/nox-at10-pro-cup-comfort-by-agustin-tapia-2025-2\/","url":"https:\/\/revolutionpadelstore.com\/en\/nox-at10-pro-cup-comfort-by-agustin-tapia-2025-2\/","name":"NOX AT10 PRO CUP COMFORT BY AGUSTIN TAPIA 2025 - Revolution Padel Store","isPartOf":{"@id":"https:\/\/revolutionpadelstore.com\/en\/#website"},"primaryImageOfPage":{"@id":"https:\/\/revolutionpadelstore.com\/en\/nox-at10-pro-cup-comfort-by-agustin-tapia-2025-2\/#primaryimage"},"image":{"@id":"https:\/\/revolutionpadelstore.com\/en\/nox-at10-pro-cup-comfort-by-agustin-tapia-2025-2\/#primaryimage"},"thumbnailUrl":"https:\/\/revolutionpadelstore.com\/wp-content\/uploads\/2024\/10\/113543_pala_nox_at10_pro_cup_comfort_by_agustin_tapia_pat10pcc25_1500x1500_1_438f.webp","datePublished":"2024-09-25T21:09:47+00:00","dateModified":"2026-04-01T05:13:58+00:00","description":"Esta nueva pala de Nox llega para dotar de una mayor\u00a0comodidad\u00a0en el juego a jugadores de nivel avanzado y profesional. Su\u00a0forma de l\u00e1grima\u00a0y balance medio, otorgan un equilibrio perfecto entre\u00a0control y potencia. Sentir\u00e1s en cada golpeo c\u00f3mo dominas a tu antojo cada punto. Es ideal para jugadores m\u00e1s t\u00e9cnicos, al igual que el \u201cMozart\u201d argentino. Cuenta con numerosas tecnolog\u00edas de gran calidad.","breadcrumb":{"@id":"https:\/\/revolutionpadelstore.com\/en\/nox-at10-pro-cup-comfort-by-agustin-tapia-2025-2\/#breadcrumb"},"inLanguage":"en-US","potentialAction":[{"@type":"ReadAction","target":["https:\/\/revolutionpadelstore.com\/en\/nox-at10-pro-cup-comfort-by-agustin-tapia-2025-2\/"]}]},{"@type":"ImageObject","inLanguage":"en-US","@id":"https:\/\/revolutionpadelstore.com\/en\/nox-at10-pro-cup-comfort-by-agustin-tapia-2025-2\/#primaryimage","url":"https:\/\/revolutionpadelstore.com\/wp-content\/uploads\/2024\/10\/113543_pala_nox_at10_pro_cup_comfort_by_agustin_tapia_pat10pcc25_1500x1500_1_438f.webp","contentUrl":"https:\/\/revolutionpadelstore.com\/wp-content\/uploads\/2024\/10\/113543_pala_nox_at10_pro_cup_comfort_by_agustin_tapia_pat10pcc25_1500x1500_1_438f.webp","width":1500,"height":1500},{"@type":"BreadcrumbList","@id":"https:\/\/revolutionpadelstore.com\/en\/nox-at10-pro-cup-comfort-by-agustin-tapia-2025-2\/#breadcrumb","itemListElement":[{"@type":"ListItem","position":1,"name":"Portada","item":"https:\/\/revolutionpadelstore.com\/en\/"},{"@type":"ListItem","position":2,"name":"Shop","item":"https:\/\/revolutionpadelstore.com\/en\/shop\/"},{"@type":"ListItem","position":3,"name":"NOX AT10 PRO CUP COMFORT BY AGUSTIN TAPIA 2025"}]},{"@type":"WebSite","@id":"https:\/\/revolutionpadelstore.com\/en\/#website","url":"https:\/\/revolutionpadelstore.com\/en\/","name":"Revolution Padel Store","description":"","publisher":{"@id":"https:\/\/revolutionpadelstore.com\/en\/#organization"},"potentialAction":[{"@type":"SearchAction","target":{"@type":"EntryPoint","urlTemplate":"https:\/\/revolutionpadelstore.com\/en\/?s={search_term_string}"},"query-input":{"@type":"PropertyValueSpecification","valueRequired":true,"valueName":"search_term_string"}}],"inLanguage":"en-US"},{"@type":"Organization","@id":"https:\/\/revolutionpadelstore.com\/en\/#organization","name":"Revolution Padel Store","url":"https:\/\/revolutionpadelstore.com\/en\/","logo":{"@type":"ImageObject","inLanguage":"en-US","@id":"https:\/\/revolutionpadelstore.com\/en\/#\/schema\/logo\/image\/","url":"https:\/\/revolutionpadelstore.com\/wp-content\/uploads\/2026\/02\/revolution-padel-store.jpg","contentUrl":"https:\/\/revolutionpadelstore.com\/wp-content\/uploads\/2026\/02\/revolution-padel-store.jpg","width":2000,"height":2000,"caption":"Revolution Padel Store"},"image":{"@id":"https:\/\/revolutionpadelstore.com\/en\/#\/schema\/logo\/image\/"},"sameAs":["https:\/\/www.instagram.com\/revolutionpadelstore\/"]}]}},"_links":{"self":[{"href":"https:\/\/revolutionpadelstore.com\/en\/wp-json\/wp\/v2\/product\/72752","targetHints":{"allow":["GET"]}}],"collection":[{"href":"https:\/\/revolutionpadelstore.com\/en\/wp-json\/wp\/v2\/product"}],"about":[{"href":"https:\/\/revolutionpadelstore.com\/en\/wp-json\/wp\/v2\/types\/product"}],"replies":[{"embeddable":true,"href":"https:\/\/revolutionpadelstore.com\/en\/wp-json\/wp\/v2\/comments?post=72752"}],"wp:featuredmedia":[{"embeddable":true,"href":"https:\/\/revolutionpadelstore.com\/en\/wp-json\/wp\/v2\/media\/125345"}],"wp:attachment":[{"href":"https:\/\/revolutionpadelstore.com\/en\/wp-json\/wp\/v2\/media?parent=72752"}],"wp:term":[{"taxonomy":"acabado","embeddable":true,"href":"https:\/\/revolutionpadelstore.com\/en\/wp-json\/wp\/v2\/acabado?post=72752"},{"taxonomy":"balance","embeddable":true,"href":"https:\/\/revolutionpadelstore.com\/en\/wp-json\/wp\/v2\/balance?post=72752"},{"taxonomy":"dureza","embeddable":true,"href":"https:\/\/revolutionpadelstore.com\/en\/wp-json\/wp\/v2\/dureza?post=72752"},{"taxonomy":"forma","embeddable":true,"href":"https:\/\/revolutionpadelstore.com\/en\/wp-json\/wp\/v2\/forma?post=72752"},{"taxonomy":"jugador","embeddable":true,"href":"https:\/\/revolutionpadelstore.com\/en\/wp-json\/wp\/v2\/jugador?post=72752"},{"taxonomy":"marca","embeddable":true,"href":"https:\/\/revolutionpadelstore.com\/en\/wp-json\/wp\/v2\/marca?post=72752"},{"taxonomy":"nivel-de-juego","embeddable":true,"href":"https:\/\/revolutionpadelstore.com\/en\/wp-json\/wp\/v2\/nivel-de-juego?post=72752"},{"taxonomy":"superficie","embeddable":true,"href":"https:\/\/revolutionpadelstore.com\/en\/wp-json\/wp\/v2\/superficie?post=72752"},{"taxonomy":"tipo-de-juego","embeddable":true,"href":"https:\/\/revolutionpadelstore.com\/en\/wp-json\/wp\/v2\/tipo-de-juego?post=72752"},{"taxonomy":"product_brand","embeddable":true,"href":"https:\/\/revolutionpadelstore.com\/en\/wp-json\/wp\/v2\/product_brand?post=72752"},{"taxonomy":"product_cat","embeddable":true,"href":"https:\/\/revolutionpadelstore.com\/en\/wp-json\/wp\/v2\/product_cat?post=72752"},{"taxonomy":"product_tag","embeddable":true,"href":"https:\/\/revolutionpadelstore.com\/en\/wp-json\/wp\/v2\/product_tag?post=72752"}],"curies":[{"name":"wp","href":"https:\/\/api.w.org\/{rel}","templated":true}]}}