{"id":72747,"date":"2024-09-25T23:17:45","date_gmt":"2024-09-25T21:17:45","guid":{"rendered":"https:\/\/revolutionpadelstore.com\/nox-at10-pro-cup-hard-by-agustin-tapia-2025\/"},"modified":"2026-04-01T07:13:32","modified_gmt":"2026-04-01T05:13:32","slug":"nox-at10-pro-cup-hard-by-agustin-tapia-2025-2","status":"publish","type":"product","link":"https:\/\/revolutionpadelstore.com\/en\/nox-at10-pro-cup-hard-by-agustin-tapia-2025-2\/","title":{"rendered":"NOX AT10 PRO CUP HARD BY AGUSTIN TAPIA 2025"},"content":{"rendered":"<h2>Nox AT10 Pro Cup Hard By Agust\u00edn Tapia 2025, fast shots with the greatest precision<\/h2>\n<p>The Nox AT10 Pro Cup Hard racket, part of the 2025 collection, has been chosen by one of the most prominent players in world padel, the Argentine <strong>Agust\u00edn Tapia<\/strong>. This model is designed to offer superior performance, allowing you to master each point with a notable improvement in technique and control of the game. Its elegant black design, with silver details and a 3D texture, gives it a stylized and modern touch that does not go unnoticed on the court.<\/p>\n<h2>Nox AT10 Pro Cup Hard By Agust\u00edn Tapia 2025, high-performance professional players<\/h2>\n<p>This new release from Nox is aimed at advanced and professional players looking to increase the speed of their game. The teardrop shape and medium balance of the racket provide an excellent balance between control and power, facilitating optimal performance in both defensive and offensive hits. Each hit with the AT10 Pro Cup Hard allows you to feel how you control the rhythm of the match, an ideal feature for technical players like padel&#8217;s own &#8220;Mozart&#8221;, Agust\u00edn Tapia. This racket has a series of advanced technologies that improve its quality and performance.<\/p>\n<h2>Features Nox AT10 Pro Cup Hard By Agust\u00edn Tapia 2025<\/h2>\n<p style=\"padding-left: 40px\"><em>-Fiber Glass Silver<\/em>, a fiberglass that offers a rigidity intermediate between carbon and glass, providing a feeling of <strong>control<\/em> strong&gt; without sacrificing <strong>power<\/strong>.<\/p>\n<p style=\"padding-left: 40px\"><em>-EV50 rubber<\/em>, high density and reactivity, which increases the speed of the ball on hits close to the net , offering a solid touch with medium-high hardness.<\/p>\n<p style=\"padding-left: 40px\"><em>-Carbon Frame<\/em>, which guarantees greater <strong>durability<\/strong> and rigidity to the entire structure of the racket<\/p>\n<p style=\"padding-left: 40px\"><em>-Smart Strap System<\/em>, which allows the cord to be replaced easily, improving hygiene and keeping the warranty intact.<\/p>\n<h3>Nox AT10 Pro Cup Hard By Agust\u00edn Tapia 2025 now available at Revolution Padel Store<\/h3>\n<p>If you are a competitive player looking for balance in your game and greater speed in your shots, the Nox AT10 Pro Cup Hard is the perfect option.<\/p>\n<h2>Nox AT10 Pro Cup Hard By Agust\u00edn Tapia 2025, golpes veloces con la mayor precisi\u00f3n<\/h2>\n","protected":false},"excerpt":{"rendered":"<p>Nox AT10 Pro Cup Hard racket by player Agust\u00edn Tapia, from the 2025 collection. Teardrop shape, for high-performance players.<\/p>\n","protected":false},"featured_media":125351,"comment_status":"open","ping_status":"closed","template":"","meta":{"_acf_changed":false,"_joinchat":[]},"acabado":[1093],"balance":[1143],"dureza":[1158],"forma":[1188],"jugador":[1193,1203],"marca":[1263],"nivel-de-juego":[1338],"superficie":[1363],"tipo-de-juego":[1388],"product_brand":[],"product_cat":[303],"product_tag":[],"class_list":{"0":"post-72747","1":"product","2":"type-product","3":"status-publish","4":"has-post-thumbnail","6":"acabado-relieve-3d-en","7":"balance-medium","8":"dureza-media-en","9":"forma-lagrima-en","10":"jugador-hombre-en","11":"jugador-multipurpose","12":"marca-nox-en","13":"superficie-rugosa-en","14":"tipo-de-juego-multipurpose","15":"product_cat-palas","17":"first","18":"instock","19":"sale","20":"taxable","21":"shipping-taxable","22":"purchasable","23":"product-type-simple"},"acf":[],"yoast_head":"<!-- This site is optimized with the Yoast SEO plugin v27.3 - https:\/\/yoast.com\/product\/yoast-seo-wordpress\/ -->\n<title>NOX AT10 PRO CUP HARD BY AGUSTIN TAPIA 2025 - Revolution Padel Store<\/title>\n<meta name=\"description\" content=\"Este nuevo lanzamiento de Nox est\u00e1 dirigido a jugadores de\u00a0nivel avanzado\u00a0y\u00a0profesional\u00a0que buscan aumentar la velocidad de su juego. La\u00a0forma de l\u00e1grima\u00a0y el balance medio de la pala proporcionan un equilibrio excelente entre control y potencia, lo que facilita un\u00a0rendimiento\u00a0\u00f3ptimo tanto en golpes defensivos como ofensivos. Cada golpe con la AT10 Pro Cup Hard te permite sentir c\u00f3mo\u00a0controlas el ritmo\u00a0del partido, una caracter\u00edstica ideal para jugadores t\u00e9cnicos como el propio &quot;Mozart&quot; del p\u00e1del, Agust\u00edn Tapia. Esta pala cuenta con una serie de tecnolog\u00edas avanzadas que mejoran su calidad y rendimiento.\" \/>\n<meta name=\"robots\" content=\"index, follow, max-snippet:-1, max-image-preview:large, max-video-preview:-1\" \/>\n<link rel=\"canonical\" href=\"https:\/\/revolutionpadelstore.com\/en\/nox-at10-pro-cup-hard-by-agustin-tapia-2025-2\/\" \/>\n<meta property=\"og:locale\" content=\"en_US\" \/>\n<meta property=\"og:type\" content=\"article\" \/>\n<meta property=\"og:title\" content=\"NOX AT10 PRO CUP HARD BY AGUSTIN TAPIA 2025 - Revolution Padel Store\" \/>\n<meta property=\"og:description\" content=\"Este nuevo lanzamiento de Nox est\u00e1 dirigido a jugadores de\u00a0nivel avanzado\u00a0y\u00a0profesional\u00a0que buscan aumentar la velocidad de su juego. La\u00a0forma de l\u00e1grima\u00a0y el balance medio de la pala proporcionan un equilibrio excelente entre control y potencia, lo que facilita un\u00a0rendimiento\u00a0\u00f3ptimo tanto en golpes defensivos como ofensivos. Cada golpe con la AT10 Pro Cup Hard te permite sentir c\u00f3mo\u00a0controlas el ritmo\u00a0del partido, una caracter\u00edstica ideal para jugadores t\u00e9cnicos como el propio &quot;Mozart&quot; del p\u00e1del, Agust\u00edn Tapia. Esta pala cuenta con una serie de tecnolog\u00edas avanzadas que mejoran su calidad y rendimiento.\" \/>\n<meta property=\"og:url\" content=\"https:\/\/revolutionpadelstore.com\/en\/nox-at10-pro-cup-hard-by-agustin-tapia-2025-2\/\" \/>\n<meta property=\"og:site_name\" content=\"Revolution Padel Store\" \/>\n<meta property=\"article:modified_time\" content=\"2026-04-01T05:13:32+00:00\" \/>\n<meta property=\"og:image\" content=\"https:\/\/revolutionpadelstore.com\/wp-content\/uploads\/2024\/10\/113544_pala_nox_at10_pro_cup_hard_by_agustin_tapia_pat10pch25_1500x1500_1_f947.webp\" \/>\n\t<meta property=\"og:image:width\" content=\"1500\" \/>\n\t<meta property=\"og:image:height\" content=\"1500\" \/>\n\t<meta property=\"og:image:type\" content=\"image\/webp\" \/>\n<meta name=\"twitter:card\" content=\"summary_large_image\" \/>\n<meta name=\"twitter:label1\" content=\"Est. reading time\" \/>\n\t<meta name=\"twitter:data1\" content=\"2 minutes\" \/>\n<script type=\"application\/ld+json\" class=\"yoast-schema-graph\">{\"@context\":\"https:\\\/\\\/schema.org\",\"@graph\":[{\"@type\":\"WebPage\",\"@id\":\"https:\\\/\\\/revolutionpadelstore.com\\\/en\\\/nox-at10-pro-cup-hard-by-agustin-tapia-2025-2\\\/\",\"url\":\"https:\\\/\\\/revolutionpadelstore.com\\\/en\\\/nox-at10-pro-cup-hard-by-agustin-tapia-2025-2\\\/\",\"name\":\"NOX AT10 PRO CUP HARD BY AGUSTIN TAPIA 2025 - Revolution Padel Store\",\"isPartOf\":{\"@id\":\"https:\\\/\\\/revolutionpadelstore.com\\\/en\\\/#website\"},\"primaryImageOfPage\":{\"@id\":\"https:\\\/\\\/revolutionpadelstore.com\\\/en\\\/nox-at10-pro-cup-hard-by-agustin-tapia-2025-2\\\/#primaryimage\"},\"image\":{\"@id\":\"https:\\\/\\\/revolutionpadelstore.com\\\/en\\\/nox-at10-pro-cup-hard-by-agustin-tapia-2025-2\\\/#primaryimage\"},\"thumbnailUrl\":\"https:\\\/\\\/revolutionpadelstore.com\\\/wp-content\\\/uploads\\\/2024\\\/10\\\/113544_pala_nox_at10_pro_cup_hard_by_agustin_tapia_pat10pch25_1500x1500_1_f947.webp\",\"datePublished\":\"2024-09-25T21:17:45+00:00\",\"dateModified\":\"2026-04-01T05:13:32+00:00\",\"description\":\"Este nuevo lanzamiento de Nox est\u00e1 dirigido a jugadores de\u00a0nivel avanzado\u00a0y\u00a0profesional\u00a0que buscan aumentar la velocidad de su juego. La\u00a0forma de l\u00e1grima\u00a0y el balance medio de la pala proporcionan un equilibrio excelente entre control y potencia, lo que facilita un\u00a0rendimiento\u00a0\u00f3ptimo tanto en golpes defensivos como ofensivos. Cada golpe con la AT10 Pro Cup Hard te permite sentir c\u00f3mo\u00a0controlas el ritmo\u00a0del partido, una caracter\u00edstica ideal para jugadores t\u00e9cnicos como el propio \\\"Mozart\\\" del p\u00e1del, Agust\u00edn Tapia. Esta pala cuenta con una serie de tecnolog\u00edas avanzadas que mejoran su calidad y rendimiento.\",\"breadcrumb\":{\"@id\":\"https:\\\/\\\/revolutionpadelstore.com\\\/en\\\/nox-at10-pro-cup-hard-by-agustin-tapia-2025-2\\\/#breadcrumb\"},\"inLanguage\":\"en-US\",\"potentialAction\":[{\"@type\":\"ReadAction\",\"target\":[\"https:\\\/\\\/revolutionpadelstore.com\\\/en\\\/nox-at10-pro-cup-hard-by-agustin-tapia-2025-2\\\/\"]}]},{\"@type\":\"ImageObject\",\"inLanguage\":\"en-US\",\"@id\":\"https:\\\/\\\/revolutionpadelstore.com\\\/en\\\/nox-at10-pro-cup-hard-by-agustin-tapia-2025-2\\\/#primaryimage\",\"url\":\"https:\\\/\\\/revolutionpadelstore.com\\\/wp-content\\\/uploads\\\/2024\\\/10\\\/113544_pala_nox_at10_pro_cup_hard_by_agustin_tapia_pat10pch25_1500x1500_1_f947.webp\",\"contentUrl\":\"https:\\\/\\\/revolutionpadelstore.com\\\/wp-content\\\/uploads\\\/2024\\\/10\\\/113544_pala_nox_at10_pro_cup_hard_by_agustin_tapia_pat10pch25_1500x1500_1_f947.webp\",\"width\":1500,\"height\":1500},{\"@type\":\"BreadcrumbList\",\"@id\":\"https:\\\/\\\/revolutionpadelstore.com\\\/en\\\/nox-at10-pro-cup-hard-by-agustin-tapia-2025-2\\\/#breadcrumb\",\"itemListElement\":[{\"@type\":\"ListItem\",\"position\":1,\"name\":\"Portada\",\"item\":\"https:\\\/\\\/revolutionpadelstore.com\\\/en\\\/\"},{\"@type\":\"ListItem\",\"position\":2,\"name\":\"Shop\",\"item\":\"https:\\\/\\\/revolutionpadelstore.com\\\/en\\\/shop\\\/\"},{\"@type\":\"ListItem\",\"position\":3,\"name\":\"NOX AT10 PRO CUP HARD BY AGUSTIN TAPIA 2025\"}]},{\"@type\":\"WebSite\",\"@id\":\"https:\\\/\\\/revolutionpadelstore.com\\\/en\\\/#website\",\"url\":\"https:\\\/\\\/revolutionpadelstore.com\\\/en\\\/\",\"name\":\"Revolution Padel Store\",\"description\":\"\",\"publisher\":{\"@id\":\"https:\\\/\\\/revolutionpadelstore.com\\\/en\\\/#organization\"},\"potentialAction\":[{\"@type\":\"SearchAction\",\"target\":{\"@type\":\"EntryPoint\",\"urlTemplate\":\"https:\\\/\\\/revolutionpadelstore.com\\\/en\\\/?s={search_term_string}\"},\"query-input\":{\"@type\":\"PropertyValueSpecification\",\"valueRequired\":true,\"valueName\":\"search_term_string\"}}],\"inLanguage\":\"en-US\"},{\"@type\":\"Organization\",\"@id\":\"https:\\\/\\\/revolutionpadelstore.com\\\/en\\\/#organization\",\"name\":\"Revolution Padel Store\",\"url\":\"https:\\\/\\\/revolutionpadelstore.com\\\/en\\\/\",\"logo\":{\"@type\":\"ImageObject\",\"inLanguage\":\"en-US\",\"@id\":\"https:\\\/\\\/revolutionpadelstore.com\\\/en\\\/#\\\/schema\\\/logo\\\/image\\\/\",\"url\":\"https:\\\/\\\/revolutionpadelstore.com\\\/wp-content\\\/uploads\\\/2026\\\/02\\\/revolution-padel-store.jpg\",\"contentUrl\":\"https:\\\/\\\/revolutionpadelstore.com\\\/wp-content\\\/uploads\\\/2026\\\/02\\\/revolution-padel-store.jpg\",\"width\":2000,\"height\":2000,\"caption\":\"Revolution Padel Store\"},\"image\":{\"@id\":\"https:\\\/\\\/revolutionpadelstore.com\\\/en\\\/#\\\/schema\\\/logo\\\/image\\\/\"},\"sameAs\":[\"https:\\\/\\\/www.instagram.com\\\/revolutionpadelstore\\\/\"]}]}<\/script>\n<!-- \/ Yoast SEO plugin. -->","yoast_head_json":{"title":"NOX AT10 PRO CUP HARD BY AGUSTIN TAPIA 2025 - Revolution Padel Store","description":"Este nuevo lanzamiento de Nox est\u00e1 dirigido a jugadores de\u00a0nivel avanzado\u00a0y\u00a0profesional\u00a0que buscan aumentar la velocidad de su juego. La\u00a0forma de l\u00e1grima\u00a0y el balance medio de la pala proporcionan un equilibrio excelente entre control y potencia, lo que facilita un\u00a0rendimiento\u00a0\u00f3ptimo tanto en golpes defensivos como ofensivos. Cada golpe con la AT10 Pro Cup Hard te permite sentir c\u00f3mo\u00a0controlas el ritmo\u00a0del partido, una caracter\u00edstica ideal para jugadores t\u00e9cnicos como el propio \"Mozart\" del p\u00e1del, Agust\u00edn Tapia. Esta pala cuenta con una serie de tecnolog\u00edas avanzadas que mejoran su calidad y rendimiento.","robots":{"index":"index","follow":"follow","max-snippet":"max-snippet:-1","max-image-preview":"max-image-preview:large","max-video-preview":"max-video-preview:-1"},"canonical":"https:\/\/revolutionpadelstore.com\/en\/nox-at10-pro-cup-hard-by-agustin-tapia-2025-2\/","og_locale":"en_US","og_type":"article","og_title":"NOX AT10 PRO CUP HARD BY AGUSTIN TAPIA 2025 - Revolution Padel Store","og_description":"Este nuevo lanzamiento de Nox est\u00e1 dirigido a jugadores de\u00a0nivel avanzado\u00a0y\u00a0profesional\u00a0que buscan aumentar la velocidad de su juego. La\u00a0forma de l\u00e1grima\u00a0y el balance medio de la pala proporcionan un equilibrio excelente entre control y potencia, lo que facilita un\u00a0rendimiento\u00a0\u00f3ptimo tanto en golpes defensivos como ofensivos. Cada golpe con la AT10 Pro Cup Hard te permite sentir c\u00f3mo\u00a0controlas el ritmo\u00a0del partido, una caracter\u00edstica ideal para jugadores t\u00e9cnicos como el propio \"Mozart\" del p\u00e1del, Agust\u00edn Tapia. Esta pala cuenta con una serie de tecnolog\u00edas avanzadas que mejoran su calidad y rendimiento.","og_url":"https:\/\/revolutionpadelstore.com\/en\/nox-at10-pro-cup-hard-by-agustin-tapia-2025-2\/","og_site_name":"Revolution Padel Store","article_modified_time":"2026-04-01T05:13:32+00:00","og_image":[{"width":1500,"height":1500,"url":"https:\/\/revolutionpadelstore.com\/wp-content\/uploads\/2024\/10\/113544_pala_nox_at10_pro_cup_hard_by_agustin_tapia_pat10pch25_1500x1500_1_f947.webp","type":"image\/webp"}],"twitter_card":"summary_large_image","twitter_misc":{"Est. reading time":"2 minutes"},"schema":{"@context":"https:\/\/schema.org","@graph":[{"@type":"WebPage","@id":"https:\/\/revolutionpadelstore.com\/en\/nox-at10-pro-cup-hard-by-agustin-tapia-2025-2\/","url":"https:\/\/revolutionpadelstore.com\/en\/nox-at10-pro-cup-hard-by-agustin-tapia-2025-2\/","name":"NOX AT10 PRO CUP HARD BY AGUSTIN TAPIA 2025 - Revolution Padel Store","isPartOf":{"@id":"https:\/\/revolutionpadelstore.com\/en\/#website"},"primaryImageOfPage":{"@id":"https:\/\/revolutionpadelstore.com\/en\/nox-at10-pro-cup-hard-by-agustin-tapia-2025-2\/#primaryimage"},"image":{"@id":"https:\/\/revolutionpadelstore.com\/en\/nox-at10-pro-cup-hard-by-agustin-tapia-2025-2\/#primaryimage"},"thumbnailUrl":"https:\/\/revolutionpadelstore.com\/wp-content\/uploads\/2024\/10\/113544_pala_nox_at10_pro_cup_hard_by_agustin_tapia_pat10pch25_1500x1500_1_f947.webp","datePublished":"2024-09-25T21:17:45+00:00","dateModified":"2026-04-01T05:13:32+00:00","description":"Este nuevo lanzamiento de Nox est\u00e1 dirigido a jugadores de\u00a0nivel avanzado\u00a0y\u00a0profesional\u00a0que buscan aumentar la velocidad de su juego. La\u00a0forma de l\u00e1grima\u00a0y el balance medio de la pala proporcionan un equilibrio excelente entre control y potencia, lo que facilita un\u00a0rendimiento\u00a0\u00f3ptimo tanto en golpes defensivos como ofensivos. Cada golpe con la AT10 Pro Cup Hard te permite sentir c\u00f3mo\u00a0controlas el ritmo\u00a0del partido, una caracter\u00edstica ideal para jugadores t\u00e9cnicos como el propio \"Mozart\" del p\u00e1del, Agust\u00edn Tapia. Esta pala cuenta con una serie de tecnolog\u00edas avanzadas que mejoran su calidad y rendimiento.","breadcrumb":{"@id":"https:\/\/revolutionpadelstore.com\/en\/nox-at10-pro-cup-hard-by-agustin-tapia-2025-2\/#breadcrumb"},"inLanguage":"en-US","potentialAction":[{"@type":"ReadAction","target":["https:\/\/revolutionpadelstore.com\/en\/nox-at10-pro-cup-hard-by-agustin-tapia-2025-2\/"]}]},{"@type":"ImageObject","inLanguage":"en-US","@id":"https:\/\/revolutionpadelstore.com\/en\/nox-at10-pro-cup-hard-by-agustin-tapia-2025-2\/#primaryimage","url":"https:\/\/revolutionpadelstore.com\/wp-content\/uploads\/2024\/10\/113544_pala_nox_at10_pro_cup_hard_by_agustin_tapia_pat10pch25_1500x1500_1_f947.webp","contentUrl":"https:\/\/revolutionpadelstore.com\/wp-content\/uploads\/2024\/10\/113544_pala_nox_at10_pro_cup_hard_by_agustin_tapia_pat10pch25_1500x1500_1_f947.webp","width":1500,"height":1500},{"@type":"BreadcrumbList","@id":"https:\/\/revolutionpadelstore.com\/en\/nox-at10-pro-cup-hard-by-agustin-tapia-2025-2\/#breadcrumb","itemListElement":[{"@type":"ListItem","position":1,"name":"Portada","item":"https:\/\/revolutionpadelstore.com\/en\/"},{"@type":"ListItem","position":2,"name":"Shop","item":"https:\/\/revolutionpadelstore.com\/en\/shop\/"},{"@type":"ListItem","position":3,"name":"NOX AT10 PRO CUP HARD BY AGUSTIN TAPIA 2025"}]},{"@type":"WebSite","@id":"https:\/\/revolutionpadelstore.com\/en\/#website","url":"https:\/\/revolutionpadelstore.com\/en\/","name":"Revolution Padel Store","description":"","publisher":{"@id":"https:\/\/revolutionpadelstore.com\/en\/#organization"},"potentialAction":[{"@type":"SearchAction","target":{"@type":"EntryPoint","urlTemplate":"https:\/\/revolutionpadelstore.com\/en\/?s={search_term_string}"},"query-input":{"@type":"PropertyValueSpecification","valueRequired":true,"valueName":"search_term_string"}}],"inLanguage":"en-US"},{"@type":"Organization","@id":"https:\/\/revolutionpadelstore.com\/en\/#organization","name":"Revolution Padel Store","url":"https:\/\/revolutionpadelstore.com\/en\/","logo":{"@type":"ImageObject","inLanguage":"en-US","@id":"https:\/\/revolutionpadelstore.com\/en\/#\/schema\/logo\/image\/","url":"https:\/\/revolutionpadelstore.com\/wp-content\/uploads\/2026\/02\/revolution-padel-store.jpg","contentUrl":"https:\/\/revolutionpadelstore.com\/wp-content\/uploads\/2026\/02\/revolution-padel-store.jpg","width":2000,"height":2000,"caption":"Revolution Padel Store"},"image":{"@id":"https:\/\/revolutionpadelstore.com\/en\/#\/schema\/logo\/image\/"},"sameAs":["https:\/\/www.instagram.com\/revolutionpadelstore\/"]}]}},"_links":{"self":[{"href":"https:\/\/revolutionpadelstore.com\/en\/wp-json\/wp\/v2\/product\/72747","targetHints":{"allow":["GET"]}}],"collection":[{"href":"https:\/\/revolutionpadelstore.com\/en\/wp-json\/wp\/v2\/product"}],"about":[{"href":"https:\/\/revolutionpadelstore.com\/en\/wp-json\/wp\/v2\/types\/product"}],"replies":[{"embeddable":true,"href":"https:\/\/revolutionpadelstore.com\/en\/wp-json\/wp\/v2\/comments?post=72747"}],"wp:featuredmedia":[{"embeddable":true,"href":"https:\/\/revolutionpadelstore.com\/en\/wp-json\/wp\/v2\/media\/125351"}],"wp:attachment":[{"href":"https:\/\/revolutionpadelstore.com\/en\/wp-json\/wp\/v2\/media?parent=72747"}],"wp:term":[{"taxonomy":"acabado","embeddable":true,"href":"https:\/\/revolutionpadelstore.com\/en\/wp-json\/wp\/v2\/acabado?post=72747"},{"taxonomy":"balance","embeddable":true,"href":"https:\/\/revolutionpadelstore.com\/en\/wp-json\/wp\/v2\/balance?post=72747"},{"taxonomy":"dureza","embeddable":true,"href":"https:\/\/revolutionpadelstore.com\/en\/wp-json\/wp\/v2\/dureza?post=72747"},{"taxonomy":"forma","embeddable":true,"href":"https:\/\/revolutionpadelstore.com\/en\/wp-json\/wp\/v2\/forma?post=72747"},{"taxonomy":"jugador","embeddable":true,"href":"https:\/\/revolutionpadelstore.com\/en\/wp-json\/wp\/v2\/jugador?post=72747"},{"taxonomy":"marca","embeddable":true,"href":"https:\/\/revolutionpadelstore.com\/en\/wp-json\/wp\/v2\/marca?post=72747"},{"taxonomy":"nivel-de-juego","embeddable":true,"href":"https:\/\/revolutionpadelstore.com\/en\/wp-json\/wp\/v2\/nivel-de-juego?post=72747"},{"taxonomy":"superficie","embeddable":true,"href":"https:\/\/revolutionpadelstore.com\/en\/wp-json\/wp\/v2\/superficie?post=72747"},{"taxonomy":"tipo-de-juego","embeddable":true,"href":"https:\/\/revolutionpadelstore.com\/en\/wp-json\/wp\/v2\/tipo-de-juego?post=72747"},{"taxonomy":"product_brand","embeddable":true,"href":"https:\/\/revolutionpadelstore.com\/en\/wp-json\/wp\/v2\/product_brand?post=72747"},{"taxonomy":"product_cat","embeddable":true,"href":"https:\/\/revolutionpadelstore.com\/en\/wp-json\/wp\/v2\/product_cat?post=72747"},{"taxonomy":"product_tag","embeddable":true,"href":"https:\/\/revolutionpadelstore.com\/en\/wp-json\/wp\/v2\/product_tag?post=72747"}],"curies":[{"name":"wp","href":"https:\/\/api.w.org\/{rel}","templated":true}]}}