{"id":72742,"date":"2024-09-25T23:23:26","date_gmt":"2024-09-25T21:23:26","guid":{"rendered":"https:\/\/revolutionpadelstore.com\/nox-equation-2025\/"},"modified":"2026-04-08T10:32:15","modified_gmt":"2026-04-08T08:32:15","slug":"nox-equation-2025-2","status":"publish","type":"product","link":"https:\/\/revolutionpadelstore.com\/en\/nox-equation-2025-2\/","title":{"rendered":"NOX EQUATION 2025"},"content":{"rendered":"<h2>Nox Equation 2025, control padel racket<\/h2>\n<p>The Nox Equation 2025 is a high-performance padel racket designed to provide a perfect balance between control and power. Belonging to the <strong>Advanced Series 2025<\/strong> collection, this racket stands out for its elegant design in white, black and gold. Its round format ensures a wide sweet spot, facilitating precision in hits, while the 3K Fiber Glass planes and the carbon frame give it the rigidity and durability necessary for intensive play.<\/p>\n<h2>Nox Equation 2025 for intermediate padel levels<\/h2>\n<p>This racket is designed for intermediate or advanced level players looking to maximize their control at each point. The round format is ideal for those who prioritize precision and stability in their defensive game, but also look for a good ball output when power is required in attacking shots. Thanks to its advanced construction and technology, the Nox Equation 2025 allows for versatile play.<\/p>\n<h3><strong>Features and technologies of the Nox Equation 2025<\/strong><\/h3>\n<p>-Round shape, for superior control and precision.<\/p>\n<p><strong><em>-3K Fiber Glass<\/em>on the planes, for excellent response and flexibility.<\/p>\n<p><em>-Carbon Frame<\/em>,<strong>carbon frame<\/strong> that guarantees greater rigidity and durability.<\/p>\n<p><strong>-Core<\/strong> HR3 <em>Black EVA<\/em>, <strong>high-density rubber<\/strong> with memory effect that provides power in every blow.<\/p>\n<p><em>-Texture<\/em> <strong>3D, rough finish<\/strong> that improves the grip of the ball.<\/p>\n<p>-AVS (<em>Antivibration System<\/em>), a system that<strong>reduces vibrations<\/strong>to protect the joints.<\/p>\n<p>-DCS (<em>Dynamic Composit Structure<\/em>),<strong>reinforced structure<\/strong>to avoid breakage.<\/p>\n<p><em>-Smartstrap<\/em>\u00ae,<strong>replaceable safety lanyard<\/strong>.<\/p>\n<p>-Design in white, black and gold details.<\/p>\n<p>The Nox Equation 2025 is a perfect option for players looking for a racket that offers control, power and durability. If you want to improve your game and stand out in every match, this padel racket is ideal for you.<\/p>\n<h2>Nox Equation 2025, pala de p\u00e1del de control<\/h2>\n","protected":false},"excerpt":{"rendered":"<p>The Nox Equation 2025 offers control, power and durability. With advanced technology and elegant design, it is ideal for intermediate and advanced players looking for precision in their game.<\/p>\n","protected":false},"featured_media":72378,"comment_status":"open","ping_status":"closed","template":"","meta":{"_acf_changed":false,"_joinchat":[]},"acabado":[1093],"balance":[1148],"dureza":[1153],"forma":[1183],"jugador":[1193,1203],"marca":[1263],"nivel-de-juego":[1353],"superficie":[1363],"tipo-de-juego":[1373],"product_brand":[],"product_cat":[303],"product_tag":[],"class_list":{"0":"post-72742","1":"product","2":"type-product","3":"status-publish","4":"has-post-thumbnail","6":"acabado-relieve-3d-en","7":"balance-bajo-en","8":"dureza-blanda-en","9":"forma-redonda-en","10":"jugador-hombre-en","11":"jugador-multipurpose","12":"marca-nox-en","13":"superficie-rugosa-en","14":"tipo-de-juego-control-en","15":"product_cat-palas","17":"first","18":"instock","19":"sale","20":"taxable","21":"shipping-taxable","22":"purchasable","23":"product-type-simple"},"acf":[],"yoast_head":"<!-- This site is optimized with the Yoast SEO plugin v27.4 - https:\/\/yoast.com\/product\/yoast-seo-wordpress\/ -->\n<title>NOX EQUATION 2025 - Revolution Padel Store<\/title>\n<meta name=\"description\" content=\"La\u00a0Nox Equation 2025\u00a0es una pala de p\u00e1del de alto rendimiento dise\u00f1ada para proporcionar un equilibrio perfecto entre control y potencia. Perteneciente a la\u00a0colecci\u00f3n Advanced Series 2025, esta pala destaca por su elegante dise\u00f1o en blanco, negro y dorado. Su formato redondo asegura un punto dulce amplio, facilitando la precisi\u00f3n en los golpes, mientras que los planos en Fiber Glass 3K y el marco de carbono le otorgan la rigidez y durabilidad necesarias para un juego intensivo.\" \/>\n<meta name=\"robots\" content=\"index, follow, max-snippet:-1, max-image-preview:large, max-video-preview:-1\" \/>\n<link rel=\"canonical\" href=\"https:\/\/revolutionpadelstore.com\/en\/nox-equation-2025-2\/\" \/>\n<meta property=\"og:locale\" content=\"en_US\" \/>\n<meta property=\"og:type\" content=\"article\" \/>\n<meta property=\"og:title\" content=\"NOX EQUATION 2025 - Revolution Padel Store\" \/>\n<meta property=\"og:description\" content=\"La\u00a0Nox Equation 2025\u00a0es una pala de p\u00e1del de alto rendimiento dise\u00f1ada para proporcionar un equilibrio perfecto entre control y potencia. Perteneciente a la\u00a0colecci\u00f3n Advanced Series 2025, esta pala destaca por su elegante dise\u00f1o en blanco, negro y dorado. Su formato redondo asegura un punto dulce amplio, facilitando la precisi\u00f3n en los golpes, mientras que los planos en Fiber Glass 3K y el marco de carbono le otorgan la rigidez y durabilidad necesarias para un juego intensivo.\" \/>\n<meta property=\"og:url\" content=\"https:\/\/revolutionpadelstore.com\/en\/nox-equation-2025-2\/\" \/>\n<meta property=\"og:site_name\" content=\"Revolution Padel Store\" \/>\n<meta property=\"article:modified_time\" content=\"2026-04-08T08:32:15+00:00\" \/>\n<meta property=\"og:image\" content=\"https:\/\/revolutionpadelstore.com\/wp-content\/uploads\/2024\/09\/113546_pala_nox_equation_pequadv25_1500x1500_1_4f94.webp\" \/>\n\t<meta property=\"og:image:width\" content=\"1500\" \/>\n\t<meta property=\"og:image:height\" content=\"1500\" \/>\n\t<meta property=\"og:image:type\" content=\"image\/webp\" \/>\n<meta name=\"twitter:card\" content=\"summary_large_image\" \/>\n<meta name=\"twitter:label1\" content=\"Est. reading time\" \/>\n\t<meta name=\"twitter:data1\" content=\"2 minutes\" \/>\n<script type=\"application\/ld+json\" class=\"yoast-schema-graph\">{\"@context\":\"https:\\\/\\\/schema.org\",\"@graph\":[{\"@type\":\"WebPage\",\"@id\":\"https:\\\/\\\/revolutionpadelstore.com\\\/en\\\/nox-equation-2025-2\\\/\",\"url\":\"https:\\\/\\\/revolutionpadelstore.com\\\/en\\\/nox-equation-2025-2\\\/\",\"name\":\"NOX EQUATION 2025 - Revolution Padel Store\",\"isPartOf\":{\"@id\":\"https:\\\/\\\/revolutionpadelstore.com\\\/en\\\/#website\"},\"primaryImageOfPage\":{\"@id\":\"https:\\\/\\\/revolutionpadelstore.com\\\/en\\\/nox-equation-2025-2\\\/#primaryimage\"},\"image\":{\"@id\":\"https:\\\/\\\/revolutionpadelstore.com\\\/en\\\/nox-equation-2025-2\\\/#primaryimage\"},\"thumbnailUrl\":\"https:\\\/\\\/revolutionpadelstore.com\\\/wp-content\\\/uploads\\\/2024\\\/09\\\/113546_pala_nox_equation_pequadv25_1500x1500_1_4f94.webp\",\"datePublished\":\"2024-09-25T21:23:26+00:00\",\"dateModified\":\"2026-04-08T08:32:15+00:00\",\"description\":\"La\u00a0Nox Equation 2025\u00a0es una pala de p\u00e1del de alto rendimiento dise\u00f1ada para proporcionar un equilibrio perfecto entre control y potencia. Perteneciente a la\u00a0colecci\u00f3n Advanced Series 2025, esta pala destaca por su elegante dise\u00f1o en blanco, negro y dorado. Su formato redondo asegura un punto dulce amplio, facilitando la precisi\u00f3n en los golpes, mientras que los planos en Fiber Glass 3K y el marco de carbono le otorgan la rigidez y durabilidad necesarias para un juego intensivo.\",\"breadcrumb\":{\"@id\":\"https:\\\/\\\/revolutionpadelstore.com\\\/en\\\/nox-equation-2025-2\\\/#breadcrumb\"},\"inLanguage\":\"en-US\",\"potentialAction\":[{\"@type\":\"ReadAction\",\"target\":[\"https:\\\/\\\/revolutionpadelstore.com\\\/en\\\/nox-equation-2025-2\\\/\"]}]},{\"@type\":\"ImageObject\",\"inLanguage\":\"en-US\",\"@id\":\"https:\\\/\\\/revolutionpadelstore.com\\\/en\\\/nox-equation-2025-2\\\/#primaryimage\",\"url\":\"https:\\\/\\\/revolutionpadelstore.com\\\/wp-content\\\/uploads\\\/2024\\\/09\\\/113546_pala_nox_equation_pequadv25_1500x1500_1_4f94.webp\",\"contentUrl\":\"https:\\\/\\\/revolutionpadelstore.com\\\/wp-content\\\/uploads\\\/2024\\\/09\\\/113546_pala_nox_equation_pequadv25_1500x1500_1_4f94.webp\",\"width\":1500,\"height\":1500},{\"@type\":\"BreadcrumbList\",\"@id\":\"https:\\\/\\\/revolutionpadelstore.com\\\/en\\\/nox-equation-2025-2\\\/#breadcrumb\",\"itemListElement\":[{\"@type\":\"ListItem\",\"position\":1,\"name\":\"Portada\",\"item\":\"https:\\\/\\\/revolutionpadelstore.com\\\/en\\\/\"},{\"@type\":\"ListItem\",\"position\":2,\"name\":\"Shop\",\"item\":\"https:\\\/\\\/revolutionpadelstore.com\\\/en\\\/shop\\\/\"},{\"@type\":\"ListItem\",\"position\":3,\"name\":\"NOX EQUATION 2025\"}]},{\"@type\":\"WebSite\",\"@id\":\"https:\\\/\\\/revolutionpadelstore.com\\\/en\\\/#website\",\"url\":\"https:\\\/\\\/revolutionpadelstore.com\\\/en\\\/\",\"name\":\"Revolution Padel Store\",\"description\":\"\",\"publisher\":{\"@id\":\"https:\\\/\\\/revolutionpadelstore.com\\\/en\\\/#organization\"},\"potentialAction\":[{\"@type\":\"SearchAction\",\"target\":{\"@type\":\"EntryPoint\",\"urlTemplate\":\"https:\\\/\\\/revolutionpadelstore.com\\\/en\\\/?s={search_term_string}\"},\"query-input\":{\"@type\":\"PropertyValueSpecification\",\"valueRequired\":true,\"valueName\":\"search_term_string\"}}],\"inLanguage\":\"en-US\"},{\"@type\":\"Organization\",\"@id\":\"https:\\\/\\\/revolutionpadelstore.com\\\/en\\\/#organization\",\"name\":\"Revolution Padel Store\",\"url\":\"https:\\\/\\\/revolutionpadelstore.com\\\/en\\\/\",\"logo\":{\"@type\":\"ImageObject\",\"inLanguage\":\"en-US\",\"@id\":\"https:\\\/\\\/revolutionpadelstore.com\\\/en\\\/#\\\/schema\\\/logo\\\/image\\\/\",\"url\":\"https:\\\/\\\/revolutionpadelstore.com\\\/wp-content\\\/uploads\\\/2026\\\/02\\\/revolution-padel-store.jpg\",\"contentUrl\":\"https:\\\/\\\/revolutionpadelstore.com\\\/wp-content\\\/uploads\\\/2026\\\/02\\\/revolution-padel-store.jpg\",\"width\":2000,\"height\":2000,\"caption\":\"Revolution Padel Store\"},\"image\":{\"@id\":\"https:\\\/\\\/revolutionpadelstore.com\\\/en\\\/#\\\/schema\\\/logo\\\/image\\\/\"},\"sameAs\":[\"https:\\\/\\\/www.instagram.com\\\/revolutionpadelstore\\\/\"]}]}<\/script>\n<!-- \/ Yoast SEO plugin. -->","yoast_head_json":{"title":"NOX EQUATION 2025 - Revolution Padel Store","description":"La\u00a0Nox Equation 2025\u00a0es una pala de p\u00e1del de alto rendimiento dise\u00f1ada para proporcionar un equilibrio perfecto entre control y potencia. Perteneciente a la\u00a0colecci\u00f3n Advanced Series 2025, esta pala destaca por su elegante dise\u00f1o en blanco, negro y dorado. Su formato redondo asegura un punto dulce amplio, facilitando la precisi\u00f3n en los golpes, mientras que los planos en Fiber Glass 3K y el marco de carbono le otorgan la rigidez y durabilidad necesarias para un juego intensivo.","robots":{"index":"index","follow":"follow","max-snippet":"max-snippet:-1","max-image-preview":"max-image-preview:large","max-video-preview":"max-video-preview:-1"},"canonical":"https:\/\/revolutionpadelstore.com\/en\/nox-equation-2025-2\/","og_locale":"en_US","og_type":"article","og_title":"NOX EQUATION 2025 - Revolution Padel Store","og_description":"La\u00a0Nox Equation 2025\u00a0es una pala de p\u00e1del de alto rendimiento dise\u00f1ada para proporcionar un equilibrio perfecto entre control y potencia. Perteneciente a la\u00a0colecci\u00f3n Advanced Series 2025, esta pala destaca por su elegante dise\u00f1o en blanco, negro y dorado. Su formato redondo asegura un punto dulce amplio, facilitando la precisi\u00f3n en los golpes, mientras que los planos en Fiber Glass 3K y el marco de carbono le otorgan la rigidez y durabilidad necesarias para un juego intensivo.","og_url":"https:\/\/revolutionpadelstore.com\/en\/nox-equation-2025-2\/","og_site_name":"Revolution Padel Store","article_modified_time":"2026-04-08T08:32:15+00:00","og_image":[{"width":1500,"height":1500,"url":"https:\/\/revolutionpadelstore.com\/wp-content\/uploads\/2024\/09\/113546_pala_nox_equation_pequadv25_1500x1500_1_4f94.webp","type":"image\/webp"}],"twitter_card":"summary_large_image","twitter_misc":{"Est. reading time":"2 minutes"},"schema":{"@context":"https:\/\/schema.org","@graph":[{"@type":"WebPage","@id":"https:\/\/revolutionpadelstore.com\/en\/nox-equation-2025-2\/","url":"https:\/\/revolutionpadelstore.com\/en\/nox-equation-2025-2\/","name":"NOX EQUATION 2025 - Revolution Padel Store","isPartOf":{"@id":"https:\/\/revolutionpadelstore.com\/en\/#website"},"primaryImageOfPage":{"@id":"https:\/\/revolutionpadelstore.com\/en\/nox-equation-2025-2\/#primaryimage"},"image":{"@id":"https:\/\/revolutionpadelstore.com\/en\/nox-equation-2025-2\/#primaryimage"},"thumbnailUrl":"https:\/\/revolutionpadelstore.com\/wp-content\/uploads\/2024\/09\/113546_pala_nox_equation_pequadv25_1500x1500_1_4f94.webp","datePublished":"2024-09-25T21:23:26+00:00","dateModified":"2026-04-08T08:32:15+00:00","description":"La\u00a0Nox Equation 2025\u00a0es una pala de p\u00e1del de alto rendimiento dise\u00f1ada para proporcionar un equilibrio perfecto entre control y potencia. Perteneciente a la\u00a0colecci\u00f3n Advanced Series 2025, esta pala destaca por su elegante dise\u00f1o en blanco, negro y dorado. Su formato redondo asegura un punto dulce amplio, facilitando la precisi\u00f3n en los golpes, mientras que los planos en Fiber Glass 3K y el marco de carbono le otorgan la rigidez y durabilidad necesarias para un juego intensivo.","breadcrumb":{"@id":"https:\/\/revolutionpadelstore.com\/en\/nox-equation-2025-2\/#breadcrumb"},"inLanguage":"en-US","potentialAction":[{"@type":"ReadAction","target":["https:\/\/revolutionpadelstore.com\/en\/nox-equation-2025-2\/"]}]},{"@type":"ImageObject","inLanguage":"en-US","@id":"https:\/\/revolutionpadelstore.com\/en\/nox-equation-2025-2\/#primaryimage","url":"https:\/\/revolutionpadelstore.com\/wp-content\/uploads\/2024\/09\/113546_pala_nox_equation_pequadv25_1500x1500_1_4f94.webp","contentUrl":"https:\/\/revolutionpadelstore.com\/wp-content\/uploads\/2024\/09\/113546_pala_nox_equation_pequadv25_1500x1500_1_4f94.webp","width":1500,"height":1500},{"@type":"BreadcrumbList","@id":"https:\/\/revolutionpadelstore.com\/en\/nox-equation-2025-2\/#breadcrumb","itemListElement":[{"@type":"ListItem","position":1,"name":"Portada","item":"https:\/\/revolutionpadelstore.com\/en\/"},{"@type":"ListItem","position":2,"name":"Shop","item":"https:\/\/revolutionpadelstore.com\/en\/shop\/"},{"@type":"ListItem","position":3,"name":"NOX EQUATION 2025"}]},{"@type":"WebSite","@id":"https:\/\/revolutionpadelstore.com\/en\/#website","url":"https:\/\/revolutionpadelstore.com\/en\/","name":"Revolution Padel Store","description":"","publisher":{"@id":"https:\/\/revolutionpadelstore.com\/en\/#organization"},"potentialAction":[{"@type":"SearchAction","target":{"@type":"EntryPoint","urlTemplate":"https:\/\/revolutionpadelstore.com\/en\/?s={search_term_string}"},"query-input":{"@type":"PropertyValueSpecification","valueRequired":true,"valueName":"search_term_string"}}],"inLanguage":"en-US"},{"@type":"Organization","@id":"https:\/\/revolutionpadelstore.com\/en\/#organization","name":"Revolution Padel Store","url":"https:\/\/revolutionpadelstore.com\/en\/","logo":{"@type":"ImageObject","inLanguage":"en-US","@id":"https:\/\/revolutionpadelstore.com\/en\/#\/schema\/logo\/image\/","url":"https:\/\/revolutionpadelstore.com\/wp-content\/uploads\/2026\/02\/revolution-padel-store.jpg","contentUrl":"https:\/\/revolutionpadelstore.com\/wp-content\/uploads\/2026\/02\/revolution-padel-store.jpg","width":2000,"height":2000,"caption":"Revolution Padel Store"},"image":{"@id":"https:\/\/revolutionpadelstore.com\/en\/#\/schema\/logo\/image\/"},"sameAs":["https:\/\/www.instagram.com\/revolutionpadelstore\/"]}]}},"_links":{"self":[{"href":"https:\/\/revolutionpadelstore.com\/en\/wp-json\/wp\/v2\/product\/72742","targetHints":{"allow":["GET"]}}],"collection":[{"href":"https:\/\/revolutionpadelstore.com\/en\/wp-json\/wp\/v2\/product"}],"about":[{"href":"https:\/\/revolutionpadelstore.com\/en\/wp-json\/wp\/v2\/types\/product"}],"replies":[{"embeddable":true,"href":"https:\/\/revolutionpadelstore.com\/en\/wp-json\/wp\/v2\/comments?post=72742"}],"wp:featuredmedia":[{"embeddable":true,"href":"https:\/\/revolutionpadelstore.com\/en\/wp-json\/wp\/v2\/media\/72378"}],"wp:attachment":[{"href":"https:\/\/revolutionpadelstore.com\/en\/wp-json\/wp\/v2\/media?parent=72742"}],"wp:term":[{"taxonomy":"acabado","embeddable":true,"href":"https:\/\/revolutionpadelstore.com\/en\/wp-json\/wp\/v2\/acabado?post=72742"},{"taxonomy":"balance","embeddable":true,"href":"https:\/\/revolutionpadelstore.com\/en\/wp-json\/wp\/v2\/balance?post=72742"},{"taxonomy":"dureza","embeddable":true,"href":"https:\/\/revolutionpadelstore.com\/en\/wp-json\/wp\/v2\/dureza?post=72742"},{"taxonomy":"forma","embeddable":true,"href":"https:\/\/revolutionpadelstore.com\/en\/wp-json\/wp\/v2\/forma?post=72742"},{"taxonomy":"jugador","embeddable":true,"href":"https:\/\/revolutionpadelstore.com\/en\/wp-json\/wp\/v2\/jugador?post=72742"},{"taxonomy":"marca","embeddable":true,"href":"https:\/\/revolutionpadelstore.com\/en\/wp-json\/wp\/v2\/marca?post=72742"},{"taxonomy":"nivel-de-juego","embeddable":true,"href":"https:\/\/revolutionpadelstore.com\/en\/wp-json\/wp\/v2\/nivel-de-juego?post=72742"},{"taxonomy":"superficie","embeddable":true,"href":"https:\/\/revolutionpadelstore.com\/en\/wp-json\/wp\/v2\/superficie?post=72742"},{"taxonomy":"tipo-de-juego","embeddable":true,"href":"https:\/\/revolutionpadelstore.com\/en\/wp-json\/wp\/v2\/tipo-de-juego?post=72742"},{"taxonomy":"product_brand","embeddable":true,"href":"https:\/\/revolutionpadelstore.com\/en\/wp-json\/wp\/v2\/product_brand?post=72742"},{"taxonomy":"product_cat","embeddable":true,"href":"https:\/\/revolutionpadelstore.com\/en\/wp-json\/wp\/v2\/product_cat?post=72742"},{"taxonomy":"product_tag","embeddable":true,"href":"https:\/\/revolutionpadelstore.com\/en\/wp-json\/wp\/v2\/product_tag?post=72742"}],"curies":[{"name":"wp","href":"https:\/\/api.w.org\/{rel}","templated":true}]}}