{"id":63699,"date":"2024-08-22T13:04:19","date_gmt":"2024-08-22T11:04:19","guid":{"rendered":"https:\/\/revolutionpadelstore.com\/mizuno-wave-exceed-tour-6-cc-61gc2474-28-azul\/"},"modified":"2026-04-09T14:01:57","modified_gmt":"2026-04-09T12:01:57","slug":"mizuno-wave-exceed-tour-6-cc-azul-2","status":"publish","type":"product","link":"https:\/\/revolutionpadelstore.com\/en\/mizuno-wave-exceed-tour-6-cc-azul-2\/","title":{"rendered":"MIZUNO WAVE EXCEED TOUR 6 CC AZUL"},"content":{"rendered":"<h2>Mizuno Wave Exceed Tour 6 CC Blue, superior agility<\/h2>\n<p>Designed for <strong>advanced level padel players<\/strong> who are looking for a light, resistant and comfortable sports shoe that ensures fast, agile and smooth movements, the Wave Exceed Tour CC Blue men&#8217;s padel shoes from Mizuno<\/strong>are <strong>ideal for intense play<\/strong>.<\/p>\n<p>The sole has flexible grooves that favor a quick response, great grip and versatility on the playing field. Mizuno Enerzy technology has been incorporated into the midsole, a very resistant material that provides softness and exceptional rebound.<\/p>\n<h3>Fast and stable movements<\/h3>\n<p>The upper part of these <strong>Mizuno men&#8217;s shoes<\/strong> has been made with breathable, resistant and lightweight materials, which provide maximum comfort by allowing a continuous flow of air for <strong>greater freshness<\/strong>. This way, your feet stay dry, fresh and away from bad odors.<\/p>\n<p>The <em>Dyna-Elet Wrap<\/em> technology consists of an eyelet structure with large openings that provides an <strong>ideal fit<\/strong> and adapts perfectly to the movement of the foot. The midsole includes the Mizuno Wave plate, which optimizes energy return and increases the level of stability and support when sliding.<\/p>\n<p>The diagonal D-Flex Groove in the midfoot promotes faster, more agile turns by transferring the body&#8217;s natural movement in changes of direction.<\/p>\n<h2>Mizuno Wave Exceed Tour 6 CC Azul, agilidad superior<\/h2>\n","protected":false},"excerpt":{"rendered":"<p>Mizuno Wave Exceed Tour 6 CC Blue men&#8217;s padel shoes that allow stable, safe and agile turns and changes of direction thanks to the D-Flex Groove.<\/p>\n","protected":false},"featured_media":62319,"comment_status":"open","ping_status":"closed","template":"","meta":{"_acf_changed":false,"_joinchat":[]},"acabado":[],"balance":[],"dureza":[],"forma":[],"jugador":[1193],"marca":[1333],"nivel-de-juego":[],"superficie":[],"tipo-de-juego":[],"product_brand":[],"product_cat":[829],"product_tag":[],"class_list":{"0":"post-63699","1":"product","2":"type-product","3":"status-publish","4":"has-post-thumbnail","6":"jugador-hombre-en","7":"marca-mizuno-en","8":"product_cat-sneakers","10":"first","11":"instock","12":"sale","13":"taxable","14":"shipping-taxable","15":"purchasable","16":"product-type-variable"},"acf":[],"yoast_head":"<!-- This site is optimized with the Yoast SEO plugin v27.4 - https:\/\/yoast.com\/product\/yoast-seo-wordpress\/ -->\n<title>MIZUNO WAVE EXCEED TOUR 6 CC AZUL - Revolution Padel Store<\/title>\n<meta name=\"description\" content=\"Dise\u00f1adas para jugadores de p\u00e1del de nivel avanzado que busquen un calzado deportivo ligero, resistente y c\u00f3modo que asegure unos movimientos r\u00e1pidos, \u00e1giles y suaves, las zapatillas de p\u00e1del para hombre Wave Exceed Tour CC Azul de Mizuno son ideales para un juego intenso.\" \/>\n<meta name=\"robots\" content=\"index, follow, max-snippet:-1, max-image-preview:large, max-video-preview:-1\" \/>\n<link rel=\"canonical\" href=\"https:\/\/revolutionpadelstore.com\/en\/mizuno-wave-exceed-tour-6-cc-azul-2\/\" \/>\n<meta property=\"og:locale\" content=\"en_US\" \/>\n<meta property=\"og:type\" content=\"article\" \/>\n<meta property=\"og:title\" content=\"COMPRAR MIZUNO WAVE EXCEED TOUR 6 CC 61GC2474 28 AZUL\" \/>\n<meta property=\"og:description\" content=\"Dise\u00f1adas para jugadores de p\u00e1del de nivel avanzado que busquen un calzado deportivo ligero, resistente y c\u00f3modo que asegure unos movimientos r\u00e1pidos, \u00e1giles y suaves, las zapatillas de p\u00e1del para hombre Wave Exceed Tour CC Azul de Mizuno son ideales para un juego intenso.\" \/>\n<meta property=\"og:url\" content=\"https:\/\/revolutionpadelstore.com\/en\/mizuno-wave-exceed-tour-6-cc-azul-2\/\" \/>\n<meta property=\"og:site_name\" content=\"Revolution Padel Store\" \/>\n<meta property=\"article:modified_time\" content=\"2026-04-09T12:01:57+00:00\" \/>\n<meta property=\"og:image\" content=\"https:\/\/revolutionpadelstore.com\/wp-content\/uploads\/2024\/08\/111982_zapatillas_mizuno_wave_exceed_tour_6_cc_61gc2474_28_1000x1000_1_9584.webp\" \/>\n\t<meta property=\"og:image:width\" content=\"1000\" \/>\n\t<meta property=\"og:image:height\" content=\"1000\" \/>\n\t<meta property=\"og:image:type\" content=\"image\/webp\" \/>\n<meta name=\"twitter:card\" content=\"summary_large_image\" \/>\n<meta name=\"twitter:label1\" content=\"Est. reading time\" \/>\n\t<meta name=\"twitter:data1\" content=\"2 minutes\" \/>\n<script type=\"application\/ld+json\" class=\"yoast-schema-graph\">{\"@context\":\"https:\\\/\\\/schema.org\",\"@graph\":[{\"@type\":\"WebPage\",\"@id\":\"https:\\\/\\\/revolutionpadelstore.com\\\/en\\\/mizuno-wave-exceed-tour-6-cc-azul-2\\\/\",\"url\":\"https:\\\/\\\/revolutionpadelstore.com\\\/en\\\/mizuno-wave-exceed-tour-6-cc-azul-2\\\/\",\"name\":\"MIZUNO WAVE EXCEED TOUR 6 CC AZUL - Revolution Padel Store\",\"isPartOf\":{\"@id\":\"https:\\\/\\\/revolutionpadelstore.com\\\/en\\\/#website\"},\"primaryImageOfPage\":{\"@id\":\"https:\\\/\\\/revolutionpadelstore.com\\\/en\\\/mizuno-wave-exceed-tour-6-cc-azul-2\\\/#primaryimage\"},\"image\":{\"@id\":\"https:\\\/\\\/revolutionpadelstore.com\\\/en\\\/mizuno-wave-exceed-tour-6-cc-azul-2\\\/#primaryimage\"},\"thumbnailUrl\":\"https:\\\/\\\/revolutionpadelstore.com\\\/wp-content\\\/uploads\\\/2024\\\/08\\\/111982_zapatillas_mizuno_wave_exceed_tour_6_cc_61gc2474_28_1000x1000_1_9584.webp\",\"datePublished\":\"2024-08-22T11:04:19+00:00\",\"dateModified\":\"2026-04-09T12:01:57+00:00\",\"description\":\"Dise\u00f1adas para jugadores de p\u00e1del de nivel avanzado que busquen un calzado deportivo ligero, resistente y c\u00f3modo que asegure unos movimientos r\u00e1pidos, \u00e1giles y suaves, las zapatillas de p\u00e1del para hombre Wave Exceed Tour CC Azul de Mizuno son ideales para un juego intenso.\",\"breadcrumb\":{\"@id\":\"https:\\\/\\\/revolutionpadelstore.com\\\/en\\\/mizuno-wave-exceed-tour-6-cc-azul-2\\\/#breadcrumb\"},\"inLanguage\":\"en-US\",\"potentialAction\":[{\"@type\":\"ReadAction\",\"target\":[\"https:\\\/\\\/revolutionpadelstore.com\\\/en\\\/mizuno-wave-exceed-tour-6-cc-azul-2\\\/\"]}]},{\"@type\":\"ImageObject\",\"inLanguage\":\"en-US\",\"@id\":\"https:\\\/\\\/revolutionpadelstore.com\\\/en\\\/mizuno-wave-exceed-tour-6-cc-azul-2\\\/#primaryimage\",\"url\":\"https:\\\/\\\/revolutionpadelstore.com\\\/wp-content\\\/uploads\\\/2024\\\/08\\\/111982_zapatillas_mizuno_wave_exceed_tour_6_cc_61gc2474_28_1000x1000_1_9584.webp\",\"contentUrl\":\"https:\\\/\\\/revolutionpadelstore.com\\\/wp-content\\\/uploads\\\/2024\\\/08\\\/111982_zapatillas_mizuno_wave_exceed_tour_6_cc_61gc2474_28_1000x1000_1_9584.webp\",\"width\":1000,\"height\":1000},{\"@type\":\"BreadcrumbList\",\"@id\":\"https:\\\/\\\/revolutionpadelstore.com\\\/en\\\/mizuno-wave-exceed-tour-6-cc-azul-2\\\/#breadcrumb\",\"itemListElement\":[{\"@type\":\"ListItem\",\"position\":1,\"name\":\"Portada\",\"item\":\"https:\\\/\\\/revolutionpadelstore.com\\\/en\\\/\"},{\"@type\":\"ListItem\",\"position\":2,\"name\":\"Shop\",\"item\":\"https:\\\/\\\/revolutionpadelstore.com\\\/en\\\/shop\\\/\"},{\"@type\":\"ListItem\",\"position\":3,\"name\":\"MIZUNO WAVE EXCEED TOUR 6 CC AZUL\"}]},{\"@type\":\"WebSite\",\"@id\":\"https:\\\/\\\/revolutionpadelstore.com\\\/en\\\/#website\",\"url\":\"https:\\\/\\\/revolutionpadelstore.com\\\/en\\\/\",\"name\":\"Revolution Padel Store\",\"description\":\"\",\"publisher\":{\"@id\":\"https:\\\/\\\/revolutionpadelstore.com\\\/en\\\/#organization\"},\"potentialAction\":[{\"@type\":\"SearchAction\",\"target\":{\"@type\":\"EntryPoint\",\"urlTemplate\":\"https:\\\/\\\/revolutionpadelstore.com\\\/en\\\/?s={search_term_string}\"},\"query-input\":{\"@type\":\"PropertyValueSpecification\",\"valueRequired\":true,\"valueName\":\"search_term_string\"}}],\"inLanguage\":\"en-US\"},{\"@type\":\"Organization\",\"@id\":\"https:\\\/\\\/revolutionpadelstore.com\\\/en\\\/#organization\",\"name\":\"Revolution Padel Store\",\"url\":\"https:\\\/\\\/revolutionpadelstore.com\\\/en\\\/\",\"logo\":{\"@type\":\"ImageObject\",\"inLanguage\":\"en-US\",\"@id\":\"https:\\\/\\\/revolutionpadelstore.com\\\/en\\\/#\\\/schema\\\/logo\\\/image\\\/\",\"url\":\"https:\\\/\\\/revolutionpadelstore.com\\\/wp-content\\\/uploads\\\/2026\\\/02\\\/revolution-padel-store.jpg\",\"contentUrl\":\"https:\\\/\\\/revolutionpadelstore.com\\\/wp-content\\\/uploads\\\/2026\\\/02\\\/revolution-padel-store.jpg\",\"width\":2000,\"height\":2000,\"caption\":\"Revolution Padel Store\"},\"image\":{\"@id\":\"https:\\\/\\\/revolutionpadelstore.com\\\/en\\\/#\\\/schema\\\/logo\\\/image\\\/\"},\"sameAs\":[\"https:\\\/\\\/www.instagram.com\\\/revolutionpadelstore\\\/\"]}]}<\/script>\n<!-- \/ Yoast SEO plugin. -->","yoast_head_json":{"title":"MIZUNO WAVE EXCEED TOUR 6 CC AZUL - Revolution Padel Store","description":"Dise\u00f1adas para jugadores de p\u00e1del de nivel avanzado que busquen un calzado deportivo ligero, resistente y c\u00f3modo que asegure unos movimientos r\u00e1pidos, \u00e1giles y suaves, las zapatillas de p\u00e1del para hombre Wave Exceed Tour CC Azul de Mizuno son ideales para un juego intenso.","robots":{"index":"index","follow":"follow","max-snippet":"max-snippet:-1","max-image-preview":"max-image-preview:large","max-video-preview":"max-video-preview:-1"},"canonical":"https:\/\/revolutionpadelstore.com\/en\/mizuno-wave-exceed-tour-6-cc-azul-2\/","og_locale":"en_US","og_type":"article","og_title":"COMPRAR MIZUNO WAVE EXCEED TOUR 6 CC 61GC2474 28 AZUL","og_description":"Dise\u00f1adas para jugadores de p\u00e1del de nivel avanzado que busquen un calzado deportivo ligero, resistente y c\u00f3modo que asegure unos movimientos r\u00e1pidos, \u00e1giles y suaves, las zapatillas de p\u00e1del para hombre Wave Exceed Tour CC Azul de Mizuno son ideales para un juego intenso.","og_url":"https:\/\/revolutionpadelstore.com\/en\/mizuno-wave-exceed-tour-6-cc-azul-2\/","og_site_name":"Revolution Padel Store","article_modified_time":"2026-04-09T12:01:57+00:00","og_image":[{"width":1000,"height":1000,"url":"https:\/\/revolutionpadelstore.com\/wp-content\/uploads\/2024\/08\/111982_zapatillas_mizuno_wave_exceed_tour_6_cc_61gc2474_28_1000x1000_1_9584.webp","type":"image\/webp"}],"twitter_card":"summary_large_image","twitter_misc":{"Est. reading time":"2 minutes"},"schema":{"@context":"https:\/\/schema.org","@graph":[{"@type":"WebPage","@id":"https:\/\/revolutionpadelstore.com\/en\/mizuno-wave-exceed-tour-6-cc-azul-2\/","url":"https:\/\/revolutionpadelstore.com\/en\/mizuno-wave-exceed-tour-6-cc-azul-2\/","name":"MIZUNO WAVE EXCEED TOUR 6 CC AZUL - Revolution Padel Store","isPartOf":{"@id":"https:\/\/revolutionpadelstore.com\/en\/#website"},"primaryImageOfPage":{"@id":"https:\/\/revolutionpadelstore.com\/en\/mizuno-wave-exceed-tour-6-cc-azul-2\/#primaryimage"},"image":{"@id":"https:\/\/revolutionpadelstore.com\/en\/mizuno-wave-exceed-tour-6-cc-azul-2\/#primaryimage"},"thumbnailUrl":"https:\/\/revolutionpadelstore.com\/wp-content\/uploads\/2024\/08\/111982_zapatillas_mizuno_wave_exceed_tour_6_cc_61gc2474_28_1000x1000_1_9584.webp","datePublished":"2024-08-22T11:04:19+00:00","dateModified":"2026-04-09T12:01:57+00:00","description":"Dise\u00f1adas para jugadores de p\u00e1del de nivel avanzado que busquen un calzado deportivo ligero, resistente y c\u00f3modo que asegure unos movimientos r\u00e1pidos, \u00e1giles y suaves, las zapatillas de p\u00e1del para hombre Wave Exceed Tour CC Azul de Mizuno son ideales para un juego intenso.","breadcrumb":{"@id":"https:\/\/revolutionpadelstore.com\/en\/mizuno-wave-exceed-tour-6-cc-azul-2\/#breadcrumb"},"inLanguage":"en-US","potentialAction":[{"@type":"ReadAction","target":["https:\/\/revolutionpadelstore.com\/en\/mizuno-wave-exceed-tour-6-cc-azul-2\/"]}]},{"@type":"ImageObject","inLanguage":"en-US","@id":"https:\/\/revolutionpadelstore.com\/en\/mizuno-wave-exceed-tour-6-cc-azul-2\/#primaryimage","url":"https:\/\/revolutionpadelstore.com\/wp-content\/uploads\/2024\/08\/111982_zapatillas_mizuno_wave_exceed_tour_6_cc_61gc2474_28_1000x1000_1_9584.webp","contentUrl":"https:\/\/revolutionpadelstore.com\/wp-content\/uploads\/2024\/08\/111982_zapatillas_mizuno_wave_exceed_tour_6_cc_61gc2474_28_1000x1000_1_9584.webp","width":1000,"height":1000},{"@type":"BreadcrumbList","@id":"https:\/\/revolutionpadelstore.com\/en\/mizuno-wave-exceed-tour-6-cc-azul-2\/#breadcrumb","itemListElement":[{"@type":"ListItem","position":1,"name":"Portada","item":"https:\/\/revolutionpadelstore.com\/en\/"},{"@type":"ListItem","position":2,"name":"Shop","item":"https:\/\/revolutionpadelstore.com\/en\/shop\/"},{"@type":"ListItem","position":3,"name":"MIZUNO WAVE EXCEED TOUR 6 CC AZUL"}]},{"@type":"WebSite","@id":"https:\/\/revolutionpadelstore.com\/en\/#website","url":"https:\/\/revolutionpadelstore.com\/en\/","name":"Revolution Padel Store","description":"","publisher":{"@id":"https:\/\/revolutionpadelstore.com\/en\/#organization"},"potentialAction":[{"@type":"SearchAction","target":{"@type":"EntryPoint","urlTemplate":"https:\/\/revolutionpadelstore.com\/en\/?s={search_term_string}"},"query-input":{"@type":"PropertyValueSpecification","valueRequired":true,"valueName":"search_term_string"}}],"inLanguage":"en-US"},{"@type":"Organization","@id":"https:\/\/revolutionpadelstore.com\/en\/#organization","name":"Revolution Padel Store","url":"https:\/\/revolutionpadelstore.com\/en\/","logo":{"@type":"ImageObject","inLanguage":"en-US","@id":"https:\/\/revolutionpadelstore.com\/en\/#\/schema\/logo\/image\/","url":"https:\/\/revolutionpadelstore.com\/wp-content\/uploads\/2026\/02\/revolution-padel-store.jpg","contentUrl":"https:\/\/revolutionpadelstore.com\/wp-content\/uploads\/2026\/02\/revolution-padel-store.jpg","width":2000,"height":2000,"caption":"Revolution Padel Store"},"image":{"@id":"https:\/\/revolutionpadelstore.com\/en\/#\/schema\/logo\/image\/"},"sameAs":["https:\/\/www.instagram.com\/revolutionpadelstore\/"]}]}},"_links":{"self":[{"href":"https:\/\/revolutionpadelstore.com\/en\/wp-json\/wp\/v2\/product\/63699","targetHints":{"allow":["GET"]}}],"collection":[{"href":"https:\/\/revolutionpadelstore.com\/en\/wp-json\/wp\/v2\/product"}],"about":[{"href":"https:\/\/revolutionpadelstore.com\/en\/wp-json\/wp\/v2\/types\/product"}],"replies":[{"embeddable":true,"href":"https:\/\/revolutionpadelstore.com\/en\/wp-json\/wp\/v2\/comments?post=63699"}],"wp:featuredmedia":[{"embeddable":true,"href":"https:\/\/revolutionpadelstore.com\/en\/wp-json\/wp\/v2\/media\/62319"}],"wp:attachment":[{"href":"https:\/\/revolutionpadelstore.com\/en\/wp-json\/wp\/v2\/media?parent=63699"}],"wp:term":[{"taxonomy":"acabado","embeddable":true,"href":"https:\/\/revolutionpadelstore.com\/en\/wp-json\/wp\/v2\/acabado?post=63699"},{"taxonomy":"balance","embeddable":true,"href":"https:\/\/revolutionpadelstore.com\/en\/wp-json\/wp\/v2\/balance?post=63699"},{"taxonomy":"dureza","embeddable":true,"href":"https:\/\/revolutionpadelstore.com\/en\/wp-json\/wp\/v2\/dureza?post=63699"},{"taxonomy":"forma","embeddable":true,"href":"https:\/\/revolutionpadelstore.com\/en\/wp-json\/wp\/v2\/forma?post=63699"},{"taxonomy":"jugador","embeddable":true,"href":"https:\/\/revolutionpadelstore.com\/en\/wp-json\/wp\/v2\/jugador?post=63699"},{"taxonomy":"marca","embeddable":true,"href":"https:\/\/revolutionpadelstore.com\/en\/wp-json\/wp\/v2\/marca?post=63699"},{"taxonomy":"nivel-de-juego","embeddable":true,"href":"https:\/\/revolutionpadelstore.com\/en\/wp-json\/wp\/v2\/nivel-de-juego?post=63699"},{"taxonomy":"superficie","embeddable":true,"href":"https:\/\/revolutionpadelstore.com\/en\/wp-json\/wp\/v2\/superficie?post=63699"},{"taxonomy":"tipo-de-juego","embeddable":true,"href":"https:\/\/revolutionpadelstore.com\/en\/wp-json\/wp\/v2\/tipo-de-juego?post=63699"},{"taxonomy":"product_brand","embeddable":true,"href":"https:\/\/revolutionpadelstore.com\/en\/wp-json\/wp\/v2\/product_brand?post=63699"},{"taxonomy":"product_cat","embeddable":true,"href":"https:\/\/revolutionpadelstore.com\/en\/wp-json\/wp\/v2\/product_cat?post=63699"},{"taxonomy":"product_tag","embeddable":true,"href":"https:\/\/revolutionpadelstore.com\/en\/wp-json\/wp\/v2\/product_tag?post=63699"}],"curies":[{"name":"wp","href":"https:\/\/api.w.org\/{rel}","templated":true}]}}