{"id":293992,"date":"2025-11-06T22:50:54","date_gmt":"2025-11-06T21:50:54","guid":{"rendered":"https:\/\/revolutionpadelstore.com\/?post_type=product&#038;p=293992"},"modified":"2026-04-18T16:37:07","modified_gmt":"2026-04-18T14:37:07","slug":"nox-at10-luxury-genius-18k-alum-buenos-aires-exclusive-edition-2","status":"publish","type":"product","link":"https:\/\/revolutionpadelstore.com\/en\/nox-at10-luxury-genius-18k-alum-buenos-aires-exclusive-edition-2\/","title":{"rendered":"NOX AT10 LUXURY GENIUS 18K ALUM BUENOS AIRES EXCLUSIVE EDITION"},"content":{"rendered":"<h2>NOX AT10 Luxury Genius 18K Alum Buenos Aires Edition \u2013 Limited Edition by Agust\u00edn Tapia<\/h2>\n<p>The <strong>NOX AT10 Luxury Genius 18K Alum Buenos Aires Limited Edition<\/strong> is not just a padel racket, it is a <strong>unique collection piece<\/strong> that pays tribute to the roots of Agust\u00edn Tapia. Inspired by the colors of the Argentine flag and created especially for the <strong>Premier Padel Buenos Aires P1<\/strong>, this racket represents the soul of Argentine padel brought to the court by one of the best in the world.<\/p>\n<h2>\ud83c\udde6\ud83c\uddf7 A design with soul and character<\/h2>\n<p>This limited edition fuses the emotional with the most advanced <strong>NOX<\/strong> technology, combining exclusive aesthetics and professional performance. Every detail reflects Tapia&#8217;s pride in his country, and you can have in your hands the same racket with which he competes in the most demanding tournaments in the world.<\/p>\n<h2>High performance technology<\/h2>\n<p><strong>-18K aluminized carbon<\/strong>: provides a firm, uniform and resistant touch to temperature variations.<\/p>\n<p><strong>-Multilayered Black EVA Core<\/strong>: offers an ideal balance between power and control, with optimal ball output in defense and attack.<\/p>\n<p><strong>-Smartstrap\u00ae System<\/strong>: replaceable safety cord that improves hygiene and customization.<\/p>\n<p><strong>-Exclusive Spin rough surface<\/strong>: ideal for generating hits with greater effect and precision.<\/p>\n<p><strong>-NOX Custom Grip\u00ae<\/strong>: improves grip, reduces vibrations and increases comfort at every point.<\/p>\n<h2>Exclusivity and precision at your fingertips<\/h2>\n<p>Only a few will be able to enjoy this limited edition, a racket designed for <strong>advanced or professional players<\/strong> who seek quality, exclusivity and performance. If you are a paddle tennis lover and a fan of Tapia, this is your opportunity to get your hands on a racket with history.<\/p>\n<h2>Why buy this shovel?<\/h2>\n<p>-Official limited edition of the Premier Padel Buenos Aires.<\/p>\n<p>-Same materials and specifications that Agust\u00edn Tapia uses in competition.<\/p>\n<p>-Combines cutting-edge technologies and exclusive NOX design.<\/p>\n<p>-Ideal for demanding players looking for precision, power and control.<\/p>\n<h2>Get your NOX professional padel racket now<\/h2>\n<p>Don&#8217;t miss the opportunity to have an <strong>iconic, powerful and collectible racket<\/strong>. He lives padel with the same intensity as Agust\u00edn Tapia.<\/p>\n<p><strong>Available now in our online store <a href=\"http:\/\/www.revolutionpadelstore.com\/\">www.revolutionpadelstore.com<\/a>, probably at the best price on the market.<\/strong><\/p>\n","protected":false},"excerpt":{"rendered":"<p>The NOX AT10 Luxury Genius 18K Alum Buenos Aires Limited Edition is not just a racket, it is a padel masterpiece. Created for true enthusiasts, this limited edition pays tribute to Agust\u00edn Tapia&#8217;s roots and competitive spirit, fusing elite performance and absolute exclusivity.<\/p>\n","protected":false},"featured_media":293998,"comment_status":"open","ping_status":"closed","template":"","meta":{"_acf_changed":false,"_joinchat":[]},"acabado":[1098],"balance":[1143],"dureza":[1158],"forma":[1188],"jugador":[],"marca":[1263],"nivel-de-juego":[1338],"superficie":[1363],"tipo-de-juego":[1388],"product_brand":[],"product_cat":[303],"product_tag":[],"class_list":{"0":"post-293992","1":"product","2":"type-product","3":"status-publish","4":"has-post-thumbnail","6":"acabado-arenoso-en","7":"balance-medium","8":"dureza-media-en","9":"forma-lagrima-en","10":"marca-nox-en","11":"superficie-rugosa-en","12":"tipo-de-juego-multipurpose","13":"product_cat-palas","15":"first","16":"instock","17":"sale","18":"taxable","19":"shipping-taxable","20":"purchasable","21":"product-type-simple"},"acf":[],"yoast_head":"<!-- This site is optimized with the Yoast SEO plugin v27.4 - https:\/\/yoast.com\/product\/yoast-seo-wordpress\/ -->\n<title>NOX AT10 LUXURY GENIUS 18K ALUM BUENOS AIRES EXCLUSIVE EDITION - Revolution Padel Store<\/title>\n<meta name=\"description\" content=\"Descubre la NOX AT10 Luxury Genius 18K Alum Buenos Aires Edition, la pala oficial de Agust\u00edn Tapia en edici\u00f3n limitada. M\u00e1ximo control, potencia y dise\u00f1o exclusivo. \u00a1Compra online al mejor precio en Revolution Padel Store!\" \/>\n<meta name=\"robots\" content=\"index, follow, max-snippet:-1, max-image-preview:large, max-video-preview:-1\" \/>\n<link rel=\"canonical\" href=\"https:\/\/revolutionpadelstore.com\/en\/nox-at10-luxury-genius-18k-alum-buenos-aires-exclusive-edition-2\/\" \/>\n<meta property=\"og:locale\" content=\"en_US\" \/>\n<meta property=\"og:type\" content=\"article\" \/>\n<meta property=\"og:title\" content=\"NOX AT10 LUXURY GENIUS 18K ALUM BUENOS AIRES EXCLUSIVE EDITION - Revolution Padel Store\" \/>\n<meta property=\"og:description\" content=\"Descubre la NOX AT10 Luxury Genius 18K Alum Buenos Aires Edition, la pala oficial de Agust\u00edn Tapia en edici\u00f3n limitada. M\u00e1ximo control, potencia y dise\u00f1o exclusivo. \u00a1Compra online al mejor precio en Revolution Padel Store!\" \/>\n<meta property=\"og:url\" content=\"https:\/\/revolutionpadelstore.com\/en\/nox-at10-luxury-genius-18k-alum-buenos-aires-exclusive-edition-2\/\" \/>\n<meta property=\"og:site_name\" content=\"Revolution Padel Store\" \/>\n<meta property=\"article:modified_time\" content=\"2026-04-18T14:37:07+00:00\" \/>\n<meta property=\"og:image\" content=\"https:\/\/revolutionpadelstore.com\/wp-content\/uploads\/2025\/11\/13.png\" \/>\n\t<meta property=\"og:image:width\" content=\"1500\" \/>\n\t<meta property=\"og:image:height\" content=\"1500\" \/>\n\t<meta property=\"og:image:type\" content=\"image\/png\" \/>\n<meta name=\"twitter:card\" content=\"summary_large_image\" \/>\n<meta name=\"twitter:label1\" content=\"Est. reading time\" \/>\n\t<meta name=\"twitter:data1\" content=\"2 minutes\" \/>\n<script type=\"application\/ld+json\" class=\"yoast-schema-graph\">{\"@context\":\"https:\\\/\\\/schema.org\",\"@graph\":[{\"@type\":\"WebPage\",\"@id\":\"https:\\\/\\\/revolutionpadelstore.com\\\/en\\\/nox-at10-luxury-genius-18k-alum-buenos-aires-exclusive-edition-2\\\/\",\"url\":\"https:\\\/\\\/revolutionpadelstore.com\\\/en\\\/nox-at10-luxury-genius-18k-alum-buenos-aires-exclusive-edition-2\\\/\",\"name\":\"NOX AT10 LUXURY GENIUS 18K ALUM BUENOS AIRES EXCLUSIVE EDITION - Revolution Padel Store\",\"isPartOf\":{\"@id\":\"https:\\\/\\\/revolutionpadelstore.com\\\/en\\\/#website\"},\"primaryImageOfPage\":{\"@id\":\"https:\\\/\\\/revolutionpadelstore.com\\\/en\\\/nox-at10-luxury-genius-18k-alum-buenos-aires-exclusive-edition-2\\\/#primaryimage\"},\"image\":{\"@id\":\"https:\\\/\\\/revolutionpadelstore.com\\\/en\\\/nox-at10-luxury-genius-18k-alum-buenos-aires-exclusive-edition-2\\\/#primaryimage\"},\"thumbnailUrl\":\"https:\\\/\\\/revolutionpadelstore.com\\\/wp-content\\\/uploads\\\/2025\\\/11\\\/13.png\",\"datePublished\":\"2025-11-06T21:50:54+00:00\",\"dateModified\":\"2026-04-18T14:37:07+00:00\",\"description\":\"Descubre la NOX AT10 Luxury Genius 18K Alum Buenos Aires Edition, la pala oficial de Agust\u00edn Tapia en edici\u00f3n limitada. M\u00e1ximo control, potencia y dise\u00f1o exclusivo. \u00a1Compra online al mejor precio en Revolution Padel Store!\",\"breadcrumb\":{\"@id\":\"https:\\\/\\\/revolutionpadelstore.com\\\/en\\\/nox-at10-luxury-genius-18k-alum-buenos-aires-exclusive-edition-2\\\/#breadcrumb\"},\"inLanguage\":\"en-US\",\"potentialAction\":[{\"@type\":\"ReadAction\",\"target\":[\"https:\\\/\\\/revolutionpadelstore.com\\\/en\\\/nox-at10-luxury-genius-18k-alum-buenos-aires-exclusive-edition-2\\\/\"]}]},{\"@type\":\"ImageObject\",\"inLanguage\":\"en-US\",\"@id\":\"https:\\\/\\\/revolutionpadelstore.com\\\/en\\\/nox-at10-luxury-genius-18k-alum-buenos-aires-exclusive-edition-2\\\/#primaryimage\",\"url\":\"https:\\\/\\\/revolutionpadelstore.com\\\/wp-content\\\/uploads\\\/2025\\\/11\\\/13.png\",\"contentUrl\":\"https:\\\/\\\/revolutionpadelstore.com\\\/wp-content\\\/uploads\\\/2025\\\/11\\\/13.png\",\"width\":1500,\"height\":1500},{\"@type\":\"BreadcrumbList\",\"@id\":\"https:\\\/\\\/revolutionpadelstore.com\\\/en\\\/nox-at10-luxury-genius-18k-alum-buenos-aires-exclusive-edition-2\\\/#breadcrumb\",\"itemListElement\":[{\"@type\":\"ListItem\",\"position\":1,\"name\":\"Portada\",\"item\":\"https:\\\/\\\/revolutionpadelstore.com\\\/en\\\/\"},{\"@type\":\"ListItem\",\"position\":2,\"name\":\"Shop\",\"item\":\"https:\\\/\\\/revolutionpadelstore.com\\\/en\\\/shop\\\/\"},{\"@type\":\"ListItem\",\"position\":3,\"name\":\"NOX AT10 LUXURY GENIUS 18K ALUM BUENOS AIRES EXCLUSIVE EDITION\"}]},{\"@type\":\"WebSite\",\"@id\":\"https:\\\/\\\/revolutionpadelstore.com\\\/en\\\/#website\",\"url\":\"https:\\\/\\\/revolutionpadelstore.com\\\/en\\\/\",\"name\":\"Revolution Padel Store\",\"description\":\"\",\"publisher\":{\"@id\":\"https:\\\/\\\/revolutionpadelstore.com\\\/en\\\/#organization\"},\"potentialAction\":[{\"@type\":\"SearchAction\",\"target\":{\"@type\":\"EntryPoint\",\"urlTemplate\":\"https:\\\/\\\/revolutionpadelstore.com\\\/en\\\/?s={search_term_string}\"},\"query-input\":{\"@type\":\"PropertyValueSpecification\",\"valueRequired\":true,\"valueName\":\"search_term_string\"}}],\"inLanguage\":\"en-US\"},{\"@type\":\"Organization\",\"@id\":\"https:\\\/\\\/revolutionpadelstore.com\\\/en\\\/#organization\",\"name\":\"Revolution Padel Store\",\"url\":\"https:\\\/\\\/revolutionpadelstore.com\\\/en\\\/\",\"logo\":{\"@type\":\"ImageObject\",\"inLanguage\":\"en-US\",\"@id\":\"https:\\\/\\\/revolutionpadelstore.com\\\/en\\\/#\\\/schema\\\/logo\\\/image\\\/\",\"url\":\"https:\\\/\\\/revolutionpadelstore.com\\\/wp-content\\\/uploads\\\/2026\\\/02\\\/revolution-padel-store.jpg\",\"contentUrl\":\"https:\\\/\\\/revolutionpadelstore.com\\\/wp-content\\\/uploads\\\/2026\\\/02\\\/revolution-padel-store.jpg\",\"width\":2000,\"height\":2000,\"caption\":\"Revolution Padel Store\"},\"image\":{\"@id\":\"https:\\\/\\\/revolutionpadelstore.com\\\/en\\\/#\\\/schema\\\/logo\\\/image\\\/\"},\"sameAs\":[\"https:\\\/\\\/www.instagram.com\\\/revolutionpadelstore\\\/\"]}]}<\/script>\n<!-- \/ Yoast SEO plugin. -->","yoast_head_json":{"title":"NOX AT10 LUXURY GENIUS 18K ALUM BUENOS AIRES EXCLUSIVE EDITION - Revolution Padel Store","description":"Descubre la NOX AT10 Luxury Genius 18K Alum Buenos Aires Edition, la pala oficial de Agust\u00edn Tapia en edici\u00f3n limitada. M\u00e1ximo control, potencia y dise\u00f1o exclusivo. \u00a1Compra online al mejor precio en Revolution Padel Store!","robots":{"index":"index","follow":"follow","max-snippet":"max-snippet:-1","max-image-preview":"max-image-preview:large","max-video-preview":"max-video-preview:-1"},"canonical":"https:\/\/revolutionpadelstore.com\/en\/nox-at10-luxury-genius-18k-alum-buenos-aires-exclusive-edition-2\/","og_locale":"en_US","og_type":"article","og_title":"NOX AT10 LUXURY GENIUS 18K ALUM BUENOS AIRES EXCLUSIVE EDITION - Revolution Padel Store","og_description":"Descubre la NOX AT10 Luxury Genius 18K Alum Buenos Aires Edition, la pala oficial de Agust\u00edn Tapia en edici\u00f3n limitada. M\u00e1ximo control, potencia y dise\u00f1o exclusivo. \u00a1Compra online al mejor precio en Revolution Padel Store!","og_url":"https:\/\/revolutionpadelstore.com\/en\/nox-at10-luxury-genius-18k-alum-buenos-aires-exclusive-edition-2\/","og_site_name":"Revolution Padel Store","article_modified_time":"2026-04-18T14:37:07+00:00","og_image":[{"width":1500,"height":1500,"url":"https:\/\/revolutionpadelstore.com\/wp-content\/uploads\/2025\/11\/13.png","type":"image\/png"}],"twitter_card":"summary_large_image","twitter_misc":{"Est. reading time":"2 minutes"},"schema":{"@context":"https:\/\/schema.org","@graph":[{"@type":"WebPage","@id":"https:\/\/revolutionpadelstore.com\/en\/nox-at10-luxury-genius-18k-alum-buenos-aires-exclusive-edition-2\/","url":"https:\/\/revolutionpadelstore.com\/en\/nox-at10-luxury-genius-18k-alum-buenos-aires-exclusive-edition-2\/","name":"NOX AT10 LUXURY GENIUS 18K ALUM BUENOS AIRES EXCLUSIVE EDITION - Revolution Padel Store","isPartOf":{"@id":"https:\/\/revolutionpadelstore.com\/en\/#website"},"primaryImageOfPage":{"@id":"https:\/\/revolutionpadelstore.com\/en\/nox-at10-luxury-genius-18k-alum-buenos-aires-exclusive-edition-2\/#primaryimage"},"image":{"@id":"https:\/\/revolutionpadelstore.com\/en\/nox-at10-luxury-genius-18k-alum-buenos-aires-exclusive-edition-2\/#primaryimage"},"thumbnailUrl":"https:\/\/revolutionpadelstore.com\/wp-content\/uploads\/2025\/11\/13.png","datePublished":"2025-11-06T21:50:54+00:00","dateModified":"2026-04-18T14:37:07+00:00","description":"Descubre la NOX AT10 Luxury Genius 18K Alum Buenos Aires Edition, la pala oficial de Agust\u00edn Tapia en edici\u00f3n limitada. M\u00e1ximo control, potencia y dise\u00f1o exclusivo. \u00a1Compra online al mejor precio en Revolution Padel Store!","breadcrumb":{"@id":"https:\/\/revolutionpadelstore.com\/en\/nox-at10-luxury-genius-18k-alum-buenos-aires-exclusive-edition-2\/#breadcrumb"},"inLanguage":"en-US","potentialAction":[{"@type":"ReadAction","target":["https:\/\/revolutionpadelstore.com\/en\/nox-at10-luxury-genius-18k-alum-buenos-aires-exclusive-edition-2\/"]}]},{"@type":"ImageObject","inLanguage":"en-US","@id":"https:\/\/revolutionpadelstore.com\/en\/nox-at10-luxury-genius-18k-alum-buenos-aires-exclusive-edition-2\/#primaryimage","url":"https:\/\/revolutionpadelstore.com\/wp-content\/uploads\/2025\/11\/13.png","contentUrl":"https:\/\/revolutionpadelstore.com\/wp-content\/uploads\/2025\/11\/13.png","width":1500,"height":1500},{"@type":"BreadcrumbList","@id":"https:\/\/revolutionpadelstore.com\/en\/nox-at10-luxury-genius-18k-alum-buenos-aires-exclusive-edition-2\/#breadcrumb","itemListElement":[{"@type":"ListItem","position":1,"name":"Portada","item":"https:\/\/revolutionpadelstore.com\/en\/"},{"@type":"ListItem","position":2,"name":"Shop","item":"https:\/\/revolutionpadelstore.com\/en\/shop\/"},{"@type":"ListItem","position":3,"name":"NOX AT10 LUXURY GENIUS 18K ALUM BUENOS AIRES EXCLUSIVE EDITION"}]},{"@type":"WebSite","@id":"https:\/\/revolutionpadelstore.com\/en\/#website","url":"https:\/\/revolutionpadelstore.com\/en\/","name":"Revolution Padel Store","description":"","publisher":{"@id":"https:\/\/revolutionpadelstore.com\/en\/#organization"},"potentialAction":[{"@type":"SearchAction","target":{"@type":"EntryPoint","urlTemplate":"https:\/\/revolutionpadelstore.com\/en\/?s={search_term_string}"},"query-input":{"@type":"PropertyValueSpecification","valueRequired":true,"valueName":"search_term_string"}}],"inLanguage":"en-US"},{"@type":"Organization","@id":"https:\/\/revolutionpadelstore.com\/en\/#organization","name":"Revolution Padel Store","url":"https:\/\/revolutionpadelstore.com\/en\/","logo":{"@type":"ImageObject","inLanguage":"en-US","@id":"https:\/\/revolutionpadelstore.com\/en\/#\/schema\/logo\/image\/","url":"https:\/\/revolutionpadelstore.com\/wp-content\/uploads\/2026\/02\/revolution-padel-store.jpg","contentUrl":"https:\/\/revolutionpadelstore.com\/wp-content\/uploads\/2026\/02\/revolution-padel-store.jpg","width":2000,"height":2000,"caption":"Revolution Padel Store"},"image":{"@id":"https:\/\/revolutionpadelstore.com\/en\/#\/schema\/logo\/image\/"},"sameAs":["https:\/\/www.instagram.com\/revolutionpadelstore\/"]}]}},"_links":{"self":[{"href":"https:\/\/revolutionpadelstore.com\/en\/wp-json\/wp\/v2\/product\/293992","targetHints":{"allow":["GET"]}}],"collection":[{"href":"https:\/\/revolutionpadelstore.com\/en\/wp-json\/wp\/v2\/product"}],"about":[{"href":"https:\/\/revolutionpadelstore.com\/en\/wp-json\/wp\/v2\/types\/product"}],"replies":[{"embeddable":true,"href":"https:\/\/revolutionpadelstore.com\/en\/wp-json\/wp\/v2\/comments?post=293992"}],"wp:featuredmedia":[{"embeddable":true,"href":"https:\/\/revolutionpadelstore.com\/en\/wp-json\/wp\/v2\/media\/293998"}],"wp:attachment":[{"href":"https:\/\/revolutionpadelstore.com\/en\/wp-json\/wp\/v2\/media?parent=293992"}],"wp:term":[{"taxonomy":"acabado","embeddable":true,"href":"https:\/\/revolutionpadelstore.com\/en\/wp-json\/wp\/v2\/acabado?post=293992"},{"taxonomy":"balance","embeddable":true,"href":"https:\/\/revolutionpadelstore.com\/en\/wp-json\/wp\/v2\/balance?post=293992"},{"taxonomy":"dureza","embeddable":true,"href":"https:\/\/revolutionpadelstore.com\/en\/wp-json\/wp\/v2\/dureza?post=293992"},{"taxonomy":"forma","embeddable":true,"href":"https:\/\/revolutionpadelstore.com\/en\/wp-json\/wp\/v2\/forma?post=293992"},{"taxonomy":"jugador","embeddable":true,"href":"https:\/\/revolutionpadelstore.com\/en\/wp-json\/wp\/v2\/jugador?post=293992"},{"taxonomy":"marca","embeddable":true,"href":"https:\/\/revolutionpadelstore.com\/en\/wp-json\/wp\/v2\/marca?post=293992"},{"taxonomy":"nivel-de-juego","embeddable":true,"href":"https:\/\/revolutionpadelstore.com\/en\/wp-json\/wp\/v2\/nivel-de-juego?post=293992"},{"taxonomy":"superficie","embeddable":true,"href":"https:\/\/revolutionpadelstore.com\/en\/wp-json\/wp\/v2\/superficie?post=293992"},{"taxonomy":"tipo-de-juego","embeddable":true,"href":"https:\/\/revolutionpadelstore.com\/en\/wp-json\/wp\/v2\/tipo-de-juego?post=293992"},{"taxonomy":"product_brand","embeddable":true,"href":"https:\/\/revolutionpadelstore.com\/en\/wp-json\/wp\/v2\/product_brand?post=293992"},{"taxonomy":"product_cat","embeddable":true,"href":"https:\/\/revolutionpadelstore.com\/en\/wp-json\/wp\/v2\/product_cat?post=293992"},{"taxonomy":"product_tag","embeddable":true,"href":"https:\/\/revolutionpadelstore.com\/en\/wp-json\/wp\/v2\/product_tag?post=293992"}],"curies":[{"name":"wp","href":"https:\/\/api.w.org\/{rel}","templated":true}]}}