{"id":293634,"date":"2025-10-23T00:18:15","date_gmt":"2025-10-22T22:18:15","guid":{"rendered":"https:\/\/revolutionpadelstore.com\/siux-pegasus-pro-2026-lava-orange\/"},"modified":"2026-04-08T03:00:38","modified_gmt":"2026-04-08T01:00:38","slug":"siux-pegasus-pro-2026-lava-orange-2","status":"publish","type":"product","link":"https:\/\/revolutionpadelstore.com\/en\/siux-pegasus-pro-2026-lava-orange-2\/","title":{"rendered":"SIUX PEGASUS PRO 2026 LAVA ORANGE"},"content":{"rendered":"<h2>Siux Pegasus Pro 2026 Lava Orange \u2013 Professional power and precision in your hands<\/h2>\n<p>Discover the new <strong>Siux Pegasus Pro 2026 Lava Orange<\/strong>, a high-performance racket <strong>signed by professional \u00c1lex Chozas<\/strong>, designed to offer <strong>an explosive and precise experience<\/strong> at every point. Its lava orange aesthetic and matte finish with 3D relief not only make you fall in love with it at first sight, but also improve the grip and effects of your shots.<\/p>\n<p>Ideal for demanding players looking for <strong>power without losing control<\/strong>, this racket represents the perfect balance between <strong>advanced technology, design and professional playing sensations<\/strong>.<\/p>\n<h2>Highlighted Features<\/h2>\n<p><strong>-Game type:<\/strong> Hybrid \/ power<\/p>\n<p><strong>-Player level:<\/strong> Professional or advanced<\/p>\n<p><strong>-Shape:<\/strong> Teardrop<\/p>\n<p><strong>-Balance:<\/strong> Medium \u2013 ideal for balance between attack and defense<\/p>\n<p><strong>-Weight:<\/strong> 355-375 g \u2013 excellent stability and maneuverability<\/p>\n<p><strong>-Hardness:<\/strong> 9\/10 \u2013 firm feel for greater precision<\/p>\n<p><strong>-Finish:<\/strong> Matte with 3D relief \u2013 greater effect and grip<\/p>\n<p><strong>-Switch Strap:<\/strong> Interchangeable and hygienic<\/p>\n<h2>Technologies that make a difference<\/h2>\n<p><strong>-12K carbon on the faces:<\/strong> Provides superior rigidity and powerful ball output.<\/p>\n<p><strong>-Pro EVA rubber in the core:<\/strong> solid feel with excellent shock absorption.<\/p>\n<p><strong>-3D relief on the surface:<\/strong> increases the spin on topspin and slice shots.<\/p>\n<p><strong>-Signature of \u00c1lex Chozas:<\/strong> endorsement of a professional player who demands the best on the court.<\/p>\n<h2>Why choose the Siux Pegasus Pro 2026 Lava Orange?<\/h2>\n<p>This racket is <strong>one of the most powerful and complete<\/strong> within the <strong>Siux Pro 2026 range<\/strong>, ideal for those who dominate the offensive game but do not want to sacrifice precision. Its striking design not only stands out visually, but reflects the strength and character of the most competitive players.<\/p>\n<p>Perfect for <strong>tournaments and intense training<\/strong>, the Pegasus Pro 2026 allows you to take your game to the next level thanks to its premium construction and perfect balance.<\/p>\n<h2>Take \u00c1lex Chozas&#8217; shovel today<\/h2>\n<p>Are you ready to dominate the track? <strong>Make the power of the elite yours<\/strong> with the <strong>Siux Pegasus Pro 2026 Lava Orange<\/strong>, available now in our online store.<\/p>\n<p>Buy it now at <strong><a href=\"https:\/\/www.revolutionpadelstore.com\/\">www.revolutionpadelstore.com<\/a><\/strong>, probably at the <strong>best price on the market<\/strong> and with all the official Siux guarantees.<\/p>\n<h2>Siux Pegasus Pro 2026 Lava Orange \u2013 Potencia y precisi\u00f3n profesional en tus manos<\/h2>\n","protected":false},"excerpt":{"rendered":"<p>Experience the power of the Siux Pegasus Pro 2026 Lava Orange, the racket chosen by professional player \u00c1lex Chozas. Made with 12K carbon and EVA core for exceptional performance, it combines a matte finish with 3D relief and a medium balance that offers the perfect balance between power and control. Designed to dominate the court with style and precision!<\/p>\n","protected":false},"featured_media":293461,"comment_status":"open","ping_status":"closed","template":"","meta":{"_acf_changed":false,"_joinchat":[]},"acabado":[1088,1093],"balance":[1143],"dureza":[1163],"forma":[1188],"jugador":[],"marca":[1308],"nivel-de-juego":[1338,1348],"superficie":[1363],"tipo-de-juego":[1388,1378],"product_brand":[],"product_cat":[303],"product_tag":[],"class_list":{"0":"post-293634","1":"product","2":"type-product","3":"status-publish","4":"has-post-thumbnail","6":"acabado-mate-en","7":"acabado-relieve-3d-en","8":"balance-medium","9":"dureza-dura-en","10":"forma-lagrima-en","11":"marca-siux-en","12":"superficie-rugosa-en","13":"tipo-de-juego-multipurpose","14":"tipo-de-juego-potencia-en","15":"product_cat-palas","17":"first","18":"instock","19":"sale","20":"taxable","21":"shipping-taxable","22":"purchasable","23":"product-type-simple"},"acf":[],"yoast_head":"<!-- This site is optimized with the Yoast SEO plugin v27.5 - https:\/\/yoast.com\/product\/yoast-seo-wordpress\/ -->\n<title>SIUX PEGASUS PRO 2026 LAVA ORANGE - Revolution Padel Store<\/title>\n<meta name=\"description\" content=\"Compra la pala Siux Pegasus Pro 2026 Lava Orange firmada por \u00c1lex Chozas. Potencia, precisi\u00f3n y dise\u00f1o 3D para jugadores profesionales. \u00a1Disponible en revolutionpadelstore.com!\" \/>\n<meta name=\"robots\" content=\"index, follow, max-snippet:-1, max-image-preview:large, max-video-preview:-1\" \/>\n<link rel=\"canonical\" href=\"https:\/\/revolutionpadelstore.com\/en\/siux-pegasus-pro-2026-lava-orange-2\/\" \/>\n<meta property=\"og:locale\" content=\"en_US\" \/>\n<meta property=\"og:type\" content=\"article\" \/>\n<meta property=\"og:title\" content=\"SIUX PEGASUS PRO 2026 LAVA ORANGE - Revolution Padel Store\" \/>\n<meta property=\"og:description\" content=\"Compra la pala Siux Pegasus Pro 2026 Lava Orange firmada por \u00c1lex Chozas. Potencia, precisi\u00f3n y dise\u00f1o 3D para jugadores profesionales. \u00a1Disponible en revolutionpadelstore.com!\" \/>\n<meta property=\"og:url\" content=\"https:\/\/revolutionpadelstore.com\/en\/siux-pegasus-pro-2026-lava-orange-2\/\" \/>\n<meta property=\"og:site_name\" content=\"Revolution Padel Store\" \/>\n<meta property=\"article:modified_time\" content=\"2026-04-08T01:00:38+00:00\" \/>\n<meta property=\"og:image\" content=\"https:\/\/revolutionpadelstore.com\/wp-content\/uploads\/2025\/10\/121754-pala-siux-pegasus-pro-2026-lava-orange-200048-1500x1500-1.webp\" \/>\n\t<meta property=\"og:image:width\" content=\"1500\" \/>\n\t<meta property=\"og:image:height\" content=\"1500\" \/>\n\t<meta property=\"og:image:type\" content=\"image\/webp\" \/>\n<meta name=\"twitter:card\" content=\"summary_large_image\" \/>\n<script type=\"application\/ld+json\" class=\"yoast-schema-graph\">{\"@context\":\"https:\\\/\\\/schema.org\",\"@graph\":[{\"@type\":\"WebPage\",\"@id\":\"https:\\\/\\\/revolutionpadelstore.com\\\/en\\\/siux-pegasus-pro-2026-lava-orange-2\\\/\",\"url\":\"https:\\\/\\\/revolutionpadelstore.com\\\/en\\\/siux-pegasus-pro-2026-lava-orange-2\\\/\",\"name\":\"SIUX PEGASUS PRO 2026 LAVA ORANGE - Revolution Padel Store\",\"isPartOf\":{\"@id\":\"https:\\\/\\\/revolutionpadelstore.com\\\/en\\\/#website\"},\"primaryImageOfPage\":{\"@id\":\"https:\\\/\\\/revolutionpadelstore.com\\\/en\\\/siux-pegasus-pro-2026-lava-orange-2\\\/#primaryimage\"},\"image\":{\"@id\":\"https:\\\/\\\/revolutionpadelstore.com\\\/en\\\/siux-pegasus-pro-2026-lava-orange-2\\\/#primaryimage\"},\"thumbnailUrl\":\"https:\\\/\\\/revolutionpadelstore.com\\\/wp-content\\\/uploads\\\/2025\\\/10\\\/121754-pala-siux-pegasus-pro-2026-lava-orange-200048-1500x1500-1.webp\",\"datePublished\":\"2025-10-22T22:18:15+00:00\",\"dateModified\":\"2026-04-08T01:00:38+00:00\",\"description\":\"Compra la pala Siux Pegasus Pro 2026 Lava Orange firmada por \u00c1lex Chozas. Potencia, precisi\u00f3n y dise\u00f1o 3D para jugadores profesionales. \u00a1Disponible en revolutionpadelstore.com!\",\"breadcrumb\":{\"@id\":\"https:\\\/\\\/revolutionpadelstore.com\\\/en\\\/siux-pegasus-pro-2026-lava-orange-2\\\/#breadcrumb\"},\"inLanguage\":\"en-US\",\"potentialAction\":[{\"@type\":\"ReadAction\",\"target\":[\"https:\\\/\\\/revolutionpadelstore.com\\\/en\\\/siux-pegasus-pro-2026-lava-orange-2\\\/\"]}]},{\"@type\":\"ImageObject\",\"inLanguage\":\"en-US\",\"@id\":\"https:\\\/\\\/revolutionpadelstore.com\\\/en\\\/siux-pegasus-pro-2026-lava-orange-2\\\/#primaryimage\",\"url\":\"https:\\\/\\\/revolutionpadelstore.com\\\/wp-content\\\/uploads\\\/2025\\\/10\\\/121754-pala-siux-pegasus-pro-2026-lava-orange-200048-1500x1500-1.webp\",\"contentUrl\":\"https:\\\/\\\/revolutionpadelstore.com\\\/wp-content\\\/uploads\\\/2025\\\/10\\\/121754-pala-siux-pegasus-pro-2026-lava-orange-200048-1500x1500-1.webp\",\"width\":1500,\"height\":1500},{\"@type\":\"BreadcrumbList\",\"@id\":\"https:\\\/\\\/revolutionpadelstore.com\\\/en\\\/siux-pegasus-pro-2026-lava-orange-2\\\/#breadcrumb\",\"itemListElement\":[{\"@type\":\"ListItem\",\"position\":1,\"name\":\"Portada\",\"item\":\"https:\\\/\\\/revolutionpadelstore.com\\\/en\\\/\"},{\"@type\":\"ListItem\",\"position\":2,\"name\":\"Shop\",\"item\":\"https:\\\/\\\/revolutionpadelstore.com\\\/en\\\/shop\\\/\"},{\"@type\":\"ListItem\",\"position\":3,\"name\":\"SIUX PEGASUS PRO 2026 LAVA ORANGE\"}]},{\"@type\":\"WebSite\",\"@id\":\"https:\\\/\\\/revolutionpadelstore.com\\\/en\\\/#website\",\"url\":\"https:\\\/\\\/revolutionpadelstore.com\\\/en\\\/\",\"name\":\"Revolution Padel Store\",\"description\":\"\",\"publisher\":{\"@id\":\"https:\\\/\\\/revolutionpadelstore.com\\\/en\\\/#organization\"},\"potentialAction\":[{\"@type\":\"SearchAction\",\"target\":{\"@type\":\"EntryPoint\",\"urlTemplate\":\"https:\\\/\\\/revolutionpadelstore.com\\\/en\\\/?s={search_term_string}\"},\"query-input\":{\"@type\":\"PropertyValueSpecification\",\"valueRequired\":true,\"valueName\":\"search_term_string\"}}],\"inLanguage\":\"en-US\"},{\"@type\":\"Organization\",\"@id\":\"https:\\\/\\\/revolutionpadelstore.com\\\/en\\\/#organization\",\"name\":\"Revolution Padel Store\",\"url\":\"https:\\\/\\\/revolutionpadelstore.com\\\/en\\\/\",\"logo\":{\"@type\":\"ImageObject\",\"inLanguage\":\"en-US\",\"@id\":\"https:\\\/\\\/revolutionpadelstore.com\\\/en\\\/#\\\/schema\\\/logo\\\/image\\\/\",\"url\":\"https:\\\/\\\/revolutionpadelstore.com\\\/wp-content\\\/uploads\\\/2026\\\/02\\\/revolution-padel-store.jpg\",\"contentUrl\":\"https:\\\/\\\/revolutionpadelstore.com\\\/wp-content\\\/uploads\\\/2026\\\/02\\\/revolution-padel-store.jpg\",\"width\":2000,\"height\":2000,\"caption\":\"Revolution Padel Store\"},\"image\":{\"@id\":\"https:\\\/\\\/revolutionpadelstore.com\\\/en\\\/#\\\/schema\\\/logo\\\/image\\\/\"},\"sameAs\":[\"https:\\\/\\\/www.instagram.com\\\/revolutionpadelstore\\\/\"]}]}<\/script>\n<!-- \/ Yoast SEO plugin. -->","yoast_head_json":{"title":"SIUX PEGASUS PRO 2026 LAVA ORANGE - Revolution Padel Store","description":"Compra la pala Siux Pegasus Pro 2026 Lava Orange firmada por \u00c1lex Chozas. Potencia, precisi\u00f3n y dise\u00f1o 3D para jugadores profesionales. \u00a1Disponible en revolutionpadelstore.com!","robots":{"index":"index","follow":"follow","max-snippet":"max-snippet:-1","max-image-preview":"max-image-preview:large","max-video-preview":"max-video-preview:-1"},"canonical":"https:\/\/revolutionpadelstore.com\/en\/siux-pegasus-pro-2026-lava-orange-2\/","og_locale":"en_US","og_type":"article","og_title":"SIUX PEGASUS PRO 2026 LAVA ORANGE - Revolution Padel Store","og_description":"Compra la pala Siux Pegasus Pro 2026 Lava Orange firmada por \u00c1lex Chozas. Potencia, precisi\u00f3n y dise\u00f1o 3D para jugadores profesionales. \u00a1Disponible en revolutionpadelstore.com!","og_url":"https:\/\/revolutionpadelstore.com\/en\/siux-pegasus-pro-2026-lava-orange-2\/","og_site_name":"Revolution Padel Store","article_modified_time":"2026-04-08T01:00:38+00:00","og_image":[{"width":1500,"height":1500,"url":"https:\/\/revolutionpadelstore.com\/wp-content\/uploads\/2025\/10\/121754-pala-siux-pegasus-pro-2026-lava-orange-200048-1500x1500-1.webp","type":"image\/webp"}],"twitter_card":"summary_large_image","schema":{"@context":"https:\/\/schema.org","@graph":[{"@type":"WebPage","@id":"https:\/\/revolutionpadelstore.com\/en\/siux-pegasus-pro-2026-lava-orange-2\/","url":"https:\/\/revolutionpadelstore.com\/en\/siux-pegasus-pro-2026-lava-orange-2\/","name":"SIUX PEGASUS PRO 2026 LAVA ORANGE - Revolution Padel Store","isPartOf":{"@id":"https:\/\/revolutionpadelstore.com\/en\/#website"},"primaryImageOfPage":{"@id":"https:\/\/revolutionpadelstore.com\/en\/siux-pegasus-pro-2026-lava-orange-2\/#primaryimage"},"image":{"@id":"https:\/\/revolutionpadelstore.com\/en\/siux-pegasus-pro-2026-lava-orange-2\/#primaryimage"},"thumbnailUrl":"https:\/\/revolutionpadelstore.com\/wp-content\/uploads\/2025\/10\/121754-pala-siux-pegasus-pro-2026-lava-orange-200048-1500x1500-1.webp","datePublished":"2025-10-22T22:18:15+00:00","dateModified":"2026-04-08T01:00:38+00:00","description":"Compra la pala Siux Pegasus Pro 2026 Lava Orange firmada por \u00c1lex Chozas. Potencia, precisi\u00f3n y dise\u00f1o 3D para jugadores profesionales. \u00a1Disponible en revolutionpadelstore.com!","breadcrumb":{"@id":"https:\/\/revolutionpadelstore.com\/en\/siux-pegasus-pro-2026-lava-orange-2\/#breadcrumb"},"inLanguage":"en-US","potentialAction":[{"@type":"ReadAction","target":["https:\/\/revolutionpadelstore.com\/en\/siux-pegasus-pro-2026-lava-orange-2\/"]}]},{"@type":"ImageObject","inLanguage":"en-US","@id":"https:\/\/revolutionpadelstore.com\/en\/siux-pegasus-pro-2026-lava-orange-2\/#primaryimage","url":"https:\/\/revolutionpadelstore.com\/wp-content\/uploads\/2025\/10\/121754-pala-siux-pegasus-pro-2026-lava-orange-200048-1500x1500-1.webp","contentUrl":"https:\/\/revolutionpadelstore.com\/wp-content\/uploads\/2025\/10\/121754-pala-siux-pegasus-pro-2026-lava-orange-200048-1500x1500-1.webp","width":1500,"height":1500},{"@type":"BreadcrumbList","@id":"https:\/\/revolutionpadelstore.com\/en\/siux-pegasus-pro-2026-lava-orange-2\/#breadcrumb","itemListElement":[{"@type":"ListItem","position":1,"name":"Portada","item":"https:\/\/revolutionpadelstore.com\/en\/"},{"@type":"ListItem","position":2,"name":"Shop","item":"https:\/\/revolutionpadelstore.com\/en\/shop\/"},{"@type":"ListItem","position":3,"name":"SIUX PEGASUS PRO 2026 LAVA ORANGE"}]},{"@type":"WebSite","@id":"https:\/\/revolutionpadelstore.com\/en\/#website","url":"https:\/\/revolutionpadelstore.com\/en\/","name":"Revolution Padel Store","description":"","publisher":{"@id":"https:\/\/revolutionpadelstore.com\/en\/#organization"},"potentialAction":[{"@type":"SearchAction","target":{"@type":"EntryPoint","urlTemplate":"https:\/\/revolutionpadelstore.com\/en\/?s={search_term_string}"},"query-input":{"@type":"PropertyValueSpecification","valueRequired":true,"valueName":"search_term_string"}}],"inLanguage":"en-US"},{"@type":"Organization","@id":"https:\/\/revolutionpadelstore.com\/en\/#organization","name":"Revolution Padel Store","url":"https:\/\/revolutionpadelstore.com\/en\/","logo":{"@type":"ImageObject","inLanguage":"en-US","@id":"https:\/\/revolutionpadelstore.com\/en\/#\/schema\/logo\/image\/","url":"https:\/\/revolutionpadelstore.com\/wp-content\/uploads\/2026\/02\/revolution-padel-store.jpg","contentUrl":"https:\/\/revolutionpadelstore.com\/wp-content\/uploads\/2026\/02\/revolution-padel-store.jpg","width":2000,"height":2000,"caption":"Revolution Padel Store"},"image":{"@id":"https:\/\/revolutionpadelstore.com\/en\/#\/schema\/logo\/image\/"},"sameAs":["https:\/\/www.instagram.com\/revolutionpadelstore\/"]}]}},"_links":{"self":[{"href":"https:\/\/revolutionpadelstore.com\/en\/wp-json\/wp\/v2\/product\/293634","targetHints":{"allow":["GET"]}}],"collection":[{"href":"https:\/\/revolutionpadelstore.com\/en\/wp-json\/wp\/v2\/product"}],"about":[{"href":"https:\/\/revolutionpadelstore.com\/en\/wp-json\/wp\/v2\/types\/product"}],"replies":[{"embeddable":true,"href":"https:\/\/revolutionpadelstore.com\/en\/wp-json\/wp\/v2\/comments?post=293634"}],"wp:featuredmedia":[{"embeddable":true,"href":"https:\/\/revolutionpadelstore.com\/en\/wp-json\/wp\/v2\/media\/293461"}],"wp:attachment":[{"href":"https:\/\/revolutionpadelstore.com\/en\/wp-json\/wp\/v2\/media?parent=293634"}],"wp:term":[{"taxonomy":"acabado","embeddable":true,"href":"https:\/\/revolutionpadelstore.com\/en\/wp-json\/wp\/v2\/acabado?post=293634"},{"taxonomy":"balance","embeddable":true,"href":"https:\/\/revolutionpadelstore.com\/en\/wp-json\/wp\/v2\/balance?post=293634"},{"taxonomy":"dureza","embeddable":true,"href":"https:\/\/revolutionpadelstore.com\/en\/wp-json\/wp\/v2\/dureza?post=293634"},{"taxonomy":"forma","embeddable":true,"href":"https:\/\/revolutionpadelstore.com\/en\/wp-json\/wp\/v2\/forma?post=293634"},{"taxonomy":"jugador","embeddable":true,"href":"https:\/\/revolutionpadelstore.com\/en\/wp-json\/wp\/v2\/jugador?post=293634"},{"taxonomy":"marca","embeddable":true,"href":"https:\/\/revolutionpadelstore.com\/en\/wp-json\/wp\/v2\/marca?post=293634"},{"taxonomy":"nivel-de-juego","embeddable":true,"href":"https:\/\/revolutionpadelstore.com\/en\/wp-json\/wp\/v2\/nivel-de-juego?post=293634"},{"taxonomy":"superficie","embeddable":true,"href":"https:\/\/revolutionpadelstore.com\/en\/wp-json\/wp\/v2\/superficie?post=293634"},{"taxonomy":"tipo-de-juego","embeddable":true,"href":"https:\/\/revolutionpadelstore.com\/en\/wp-json\/wp\/v2\/tipo-de-juego?post=293634"},{"taxonomy":"product_brand","embeddable":true,"href":"https:\/\/revolutionpadelstore.com\/en\/wp-json\/wp\/v2\/product_brand?post=293634"},{"taxonomy":"product_cat","embeddable":true,"href":"https:\/\/revolutionpadelstore.com\/en\/wp-json\/wp\/v2\/product_cat?post=293634"},{"taxonomy":"product_tag","embeddable":true,"href":"https:\/\/revolutionpadelstore.com\/en\/wp-json\/wp\/v2\/product_tag?post=293634"}],"curies":[{"name":"wp","href":"https:\/\/api.w.org\/{rel}","templated":true}]}}