{"id":271527,"date":"2025-08-10T18:42:44","date_gmt":"2025-08-10T16:42:44","guid":{"rendered":"https:\/\/revolutionpadelstore.com\/wilson-bela-ls-v3\/"},"modified":"2026-04-08T04:36:02","modified_gmt":"2026-04-08T02:36:02","slug":"wilson-bela-ls-v3","status":"publish","type":"product","link":"https:\/\/revolutionpadelstore.com\/en\/wilson-bela-ls-v3\/","title":{"rendered":"WILSON BELA LS V3"},"content":{"rendered":"<h2><strong>Wilson Bela LS V3 \u2013 Power and control for demanding players<\/strong><\/h2>\n<p>The <strong>Wilson Bela LS V3 padel racket<\/strong> combines power, control and innovative design, ideal for <strong>intermediate and advanced<\/strong> players looking to elevate their performance on the court. Its teardrop format offers a perfect balance between versatility and precision, while its <strong>355 grams<\/strong> and balanced balance guarantee light and controlled hits.<\/p>\n<p>Made with <strong>100% carbon frame<\/strong> and <strong>hybrid carbon and fiberglass surface<\/strong>, it provides a firm and durable response, perfect for facing intense matches. The <strong>Power Foam<\/strong> core absorbs vibrations and softens the impact, protecting the joints and offering greater comfort with each blow.<\/p>\n<h2><strong>Design and technology for a winning game<\/strong><\/h2>\n<p><strong>-Teardrop format<\/strong>: greater versatility in attack and defense.<\/p>\n<p><strong>-Weight 355 g and medium balance<\/strong>: maneuverability and stability at every point.<\/p>\n<p><strong>-Carbon frame<\/strong>: resistance and durability assured.<\/p>\n<p><strong>-Fiberglass + carbon surface<\/strong>: controlled power and excellent response.<\/p>\n<p><strong>-Power Foam core<\/strong>: vibration absorption and improved comfort.<\/p>\n<p><strong>-Duo Grid Technology<\/strong>: optimizes the response in each hit.<\/p>\n<p><strong>-Sharp Hole System<\/strong>: precise perforations for greater friction and spin.<\/p>\n<p><strong>-V bridge<\/strong>: helps prevent injuries and improves stability in powerful hits.<\/p>\n<p><strong>-Rough texture<\/strong>: enhances spin and control on the ball.<\/p>\n<h2><strong>Ideal for players looking for more<\/strong><\/h2>\n<p>The <strong>Bela LS V3<\/strong> is designed for those who master the technique and want to go further. Its <strong>enlarged sweet spot<\/strong> facilitates hitting, increasing stability and precision in shots and volleys. Its aesthetic combines <strong>white, red and black<\/strong>, providing style and security to stand out on the track.<\/p>\n<h2><strong>Key benefits<\/strong><\/h2>\n<p>-Balanced power and control.<\/p>\n<p>-High durability thanks to premium materials.<\/p>\n<p>-Larger hitting surface for extra precision.<\/p>\n<p>-Comfort and protection against vibrations.<\/p>\n<p>-Professional aesthetics inspired by Wilson&#8217;s <strong>Bela<\/strong> range.<\/p>\n<p><strong>Available now in our online store <a href=\"https:\/\/www.revolutionpadelstore.com\/\">www.revolutionpadelstore.com<\/a>, probably at the best price on the market.<\/strong><\/p>\n","protected":false},"excerpt":{"rendered":"<p>The Wilson Bela LS V3 is the ideal companion for versatile play. Its carbon frame and Power Foam core provide a comfortable feel and firmness in every shot.<\/p>\n","protected":false},"featured_media":265073,"comment_status":"open","ping_status":"closed","template":"","meta":{"_acf_changed":false,"_joinchat":[]},"acabado":[1093],"balance":[1143],"dureza":[1158],"forma":[1188],"jugador":[1193,1203,1198],"marca":[1268],"nivel-de-juego":[1338,1353],"superficie":[1363],"tipo-de-juego":[1388],"product_brand":[],"product_cat":[303],"product_tag":[],"class_list":{"0":"post-271527","1":"product","2":"type-product","3":"status-publish","4":"has-post-thumbnail","6":"acabado-relieve-3d-en","7":"balance-medium","8":"dureza-media-en","9":"forma-lagrima-en","10":"jugador-hombre-en","11":"jugador-multipurpose","12":"jugador-woman","13":"marca-wilson-en","14":"superficie-rugosa-en","15":"tipo-de-juego-multipurpose","16":"product_cat-palas","18":"first","19":"instock","20":"sale","21":"taxable","22":"shipping-taxable","23":"purchasable","24":"product-type-simple"},"acf":[],"yoast_head":"<!-- This site is optimized with the Yoast SEO plugin v27.4 - https:\/\/yoast.com\/product\/yoast-seo-wordpress\/ -->\n<title>WILSON BELA LS V3 - Revolution Padel Store<\/title>\n<meta name=\"description\" content=\"Compra la Wilson Bela LS V3 en Revolution Padel Store. Pala de p\u00e1del formato l\u00e1grima, 355 g, n\u00facleo Power Foam y marco de carbono. Potencia, control y efectos para jugadores intermedios y avanzados.\" \/>\n<meta name=\"robots\" content=\"index, follow, max-snippet:-1, max-image-preview:large, max-video-preview:-1\" \/>\n<link rel=\"canonical\" href=\"https:\/\/revolutionpadelstore.com\/en\/wilson-bela-ls-v3\/\" \/>\n<meta property=\"og:locale\" content=\"en_US\" \/>\n<meta property=\"og:type\" content=\"article\" \/>\n<meta property=\"og:title\" content=\"WILSON BELA LS V3 - Revolution Padel Store\" \/>\n<meta property=\"og:description\" content=\"Compra la Wilson Bela LS V3 en Revolution Padel Store. Pala de p\u00e1del formato l\u00e1grima, 355 g, n\u00facleo Power Foam y marco de carbono. Potencia, control y efectos para jugadores intermedios y avanzados.\" \/>\n<meta property=\"og:url\" content=\"https:\/\/revolutionpadelstore.com\/en\/wilson-bela-ls-v3\/\" \/>\n<meta property=\"og:site_name\" content=\"Revolution Padel Store\" \/>\n<meta property=\"article:modified_time\" content=\"2026-04-08T02:36:02+00:00\" \/>\n<meta property=\"og:image\" content=\"https:\/\/revolutionpadelstore.com\/wp-content\/uploads\/2025\/08\/119458-pala-wilson-bela-ls-v3-wr186711u-1500x1500-1.webp\" \/>\n\t<meta property=\"og:image:width\" content=\"1500\" \/>\n\t<meta property=\"og:image:height\" content=\"1500\" \/>\n\t<meta property=\"og:image:type\" content=\"image\/webp\" \/>\n<meta name=\"twitter:card\" content=\"summary_large_image\" \/>\n<meta name=\"twitter:label1\" content=\"Est. reading time\" \/>\n\t<meta name=\"twitter:data1\" content=\"1 minute\" \/>\n<script type=\"application\/ld+json\" class=\"yoast-schema-graph\">{\"@context\":\"https:\\\/\\\/schema.org\",\"@graph\":[{\"@type\":\"WebPage\",\"@id\":\"https:\\\/\\\/revolutionpadelstore.com\\\/en\\\/wilson-bela-ls-v3\\\/\",\"url\":\"https:\\\/\\\/revolutionpadelstore.com\\\/en\\\/wilson-bela-ls-v3\\\/\",\"name\":\"WILSON BELA LS V3 - Revolution Padel Store\",\"isPartOf\":{\"@id\":\"https:\\\/\\\/revolutionpadelstore.com\\\/en\\\/#website\"},\"primaryImageOfPage\":{\"@id\":\"https:\\\/\\\/revolutionpadelstore.com\\\/en\\\/wilson-bela-ls-v3\\\/#primaryimage\"},\"image\":{\"@id\":\"https:\\\/\\\/revolutionpadelstore.com\\\/en\\\/wilson-bela-ls-v3\\\/#primaryimage\"},\"thumbnailUrl\":\"https:\\\/\\\/revolutionpadelstore.com\\\/wp-content\\\/uploads\\\/2025\\\/08\\\/119458-pala-wilson-bela-ls-v3-wr186711u-1500x1500-1.webp\",\"datePublished\":\"2025-08-10T16:42:44+00:00\",\"dateModified\":\"2026-04-08T02:36:02+00:00\",\"description\":\"Compra la Wilson Bela LS V3 en Revolution Padel Store. Pala de p\u00e1del formato l\u00e1grima, 355 g, n\u00facleo Power Foam y marco de carbono. Potencia, control y efectos para jugadores intermedios y avanzados.\",\"breadcrumb\":{\"@id\":\"https:\\\/\\\/revolutionpadelstore.com\\\/en\\\/wilson-bela-ls-v3\\\/#breadcrumb\"},\"inLanguage\":\"en-US\",\"potentialAction\":[{\"@type\":\"ReadAction\",\"target\":[\"https:\\\/\\\/revolutionpadelstore.com\\\/en\\\/wilson-bela-ls-v3\\\/\"]}]},{\"@type\":\"ImageObject\",\"inLanguage\":\"en-US\",\"@id\":\"https:\\\/\\\/revolutionpadelstore.com\\\/en\\\/wilson-bela-ls-v3\\\/#primaryimage\",\"url\":\"https:\\\/\\\/revolutionpadelstore.com\\\/wp-content\\\/uploads\\\/2025\\\/08\\\/119458-pala-wilson-bela-ls-v3-wr186711u-1500x1500-1.webp\",\"contentUrl\":\"https:\\\/\\\/revolutionpadelstore.com\\\/wp-content\\\/uploads\\\/2025\\\/08\\\/119458-pala-wilson-bela-ls-v3-wr186711u-1500x1500-1.webp\",\"width\":1500,\"height\":1500},{\"@type\":\"BreadcrumbList\",\"@id\":\"https:\\\/\\\/revolutionpadelstore.com\\\/en\\\/wilson-bela-ls-v3\\\/#breadcrumb\",\"itemListElement\":[{\"@type\":\"ListItem\",\"position\":1,\"name\":\"Portada\",\"item\":\"https:\\\/\\\/revolutionpadelstore.com\\\/en\\\/\"},{\"@type\":\"ListItem\",\"position\":2,\"name\":\"Shop\",\"item\":\"https:\\\/\\\/revolutionpadelstore.com\\\/en\\\/shop\\\/\"},{\"@type\":\"ListItem\",\"position\":3,\"name\":\"WILSON BELA LS V3\"}]},{\"@type\":\"WebSite\",\"@id\":\"https:\\\/\\\/revolutionpadelstore.com\\\/en\\\/#website\",\"url\":\"https:\\\/\\\/revolutionpadelstore.com\\\/en\\\/\",\"name\":\"Revolution Padel Store\",\"description\":\"\",\"publisher\":{\"@id\":\"https:\\\/\\\/revolutionpadelstore.com\\\/en\\\/#organization\"},\"potentialAction\":[{\"@type\":\"SearchAction\",\"target\":{\"@type\":\"EntryPoint\",\"urlTemplate\":\"https:\\\/\\\/revolutionpadelstore.com\\\/en\\\/?s={search_term_string}\"},\"query-input\":{\"@type\":\"PropertyValueSpecification\",\"valueRequired\":true,\"valueName\":\"search_term_string\"}}],\"inLanguage\":\"en-US\"},{\"@type\":\"Organization\",\"@id\":\"https:\\\/\\\/revolutionpadelstore.com\\\/en\\\/#organization\",\"name\":\"Revolution Padel Store\",\"url\":\"https:\\\/\\\/revolutionpadelstore.com\\\/en\\\/\",\"logo\":{\"@type\":\"ImageObject\",\"inLanguage\":\"en-US\",\"@id\":\"https:\\\/\\\/revolutionpadelstore.com\\\/en\\\/#\\\/schema\\\/logo\\\/image\\\/\",\"url\":\"https:\\\/\\\/revolutionpadelstore.com\\\/wp-content\\\/uploads\\\/2026\\\/02\\\/revolution-padel-store.jpg\",\"contentUrl\":\"https:\\\/\\\/revolutionpadelstore.com\\\/wp-content\\\/uploads\\\/2026\\\/02\\\/revolution-padel-store.jpg\",\"width\":2000,\"height\":2000,\"caption\":\"Revolution Padel Store\"},\"image\":{\"@id\":\"https:\\\/\\\/revolutionpadelstore.com\\\/en\\\/#\\\/schema\\\/logo\\\/image\\\/\"},\"sameAs\":[\"https:\\\/\\\/www.instagram.com\\\/revolutionpadelstore\\\/\"]}]}<\/script>\n<!-- \/ Yoast SEO plugin. -->","yoast_head_json":{"title":"WILSON BELA LS V3 - Revolution Padel Store","description":"Compra la Wilson Bela LS V3 en Revolution Padel Store. Pala de p\u00e1del formato l\u00e1grima, 355 g, n\u00facleo Power Foam y marco de carbono. Potencia, control y efectos para jugadores intermedios y avanzados.","robots":{"index":"index","follow":"follow","max-snippet":"max-snippet:-1","max-image-preview":"max-image-preview:large","max-video-preview":"max-video-preview:-1"},"canonical":"https:\/\/revolutionpadelstore.com\/en\/wilson-bela-ls-v3\/","og_locale":"en_US","og_type":"article","og_title":"WILSON BELA LS V3 - Revolution Padel Store","og_description":"Compra la Wilson Bela LS V3 en Revolution Padel Store. Pala de p\u00e1del formato l\u00e1grima, 355 g, n\u00facleo Power Foam y marco de carbono. Potencia, control y efectos para jugadores intermedios y avanzados.","og_url":"https:\/\/revolutionpadelstore.com\/en\/wilson-bela-ls-v3\/","og_site_name":"Revolution Padel Store","article_modified_time":"2026-04-08T02:36:02+00:00","og_image":[{"width":1500,"height":1500,"url":"https:\/\/revolutionpadelstore.com\/wp-content\/uploads\/2025\/08\/119458-pala-wilson-bela-ls-v3-wr186711u-1500x1500-1.webp","type":"image\/webp"}],"twitter_card":"summary_large_image","twitter_misc":{"Est. reading time":"1 minute"},"schema":{"@context":"https:\/\/schema.org","@graph":[{"@type":"WebPage","@id":"https:\/\/revolutionpadelstore.com\/en\/wilson-bela-ls-v3\/","url":"https:\/\/revolutionpadelstore.com\/en\/wilson-bela-ls-v3\/","name":"WILSON BELA LS V3 - Revolution Padel Store","isPartOf":{"@id":"https:\/\/revolutionpadelstore.com\/en\/#website"},"primaryImageOfPage":{"@id":"https:\/\/revolutionpadelstore.com\/en\/wilson-bela-ls-v3\/#primaryimage"},"image":{"@id":"https:\/\/revolutionpadelstore.com\/en\/wilson-bela-ls-v3\/#primaryimage"},"thumbnailUrl":"https:\/\/revolutionpadelstore.com\/wp-content\/uploads\/2025\/08\/119458-pala-wilson-bela-ls-v3-wr186711u-1500x1500-1.webp","datePublished":"2025-08-10T16:42:44+00:00","dateModified":"2026-04-08T02:36:02+00:00","description":"Compra la Wilson Bela LS V3 en Revolution Padel Store. Pala de p\u00e1del formato l\u00e1grima, 355 g, n\u00facleo Power Foam y marco de carbono. Potencia, control y efectos para jugadores intermedios y avanzados.","breadcrumb":{"@id":"https:\/\/revolutionpadelstore.com\/en\/wilson-bela-ls-v3\/#breadcrumb"},"inLanguage":"en-US","potentialAction":[{"@type":"ReadAction","target":["https:\/\/revolutionpadelstore.com\/en\/wilson-bela-ls-v3\/"]}]},{"@type":"ImageObject","inLanguage":"en-US","@id":"https:\/\/revolutionpadelstore.com\/en\/wilson-bela-ls-v3\/#primaryimage","url":"https:\/\/revolutionpadelstore.com\/wp-content\/uploads\/2025\/08\/119458-pala-wilson-bela-ls-v3-wr186711u-1500x1500-1.webp","contentUrl":"https:\/\/revolutionpadelstore.com\/wp-content\/uploads\/2025\/08\/119458-pala-wilson-bela-ls-v3-wr186711u-1500x1500-1.webp","width":1500,"height":1500},{"@type":"BreadcrumbList","@id":"https:\/\/revolutionpadelstore.com\/en\/wilson-bela-ls-v3\/#breadcrumb","itemListElement":[{"@type":"ListItem","position":1,"name":"Portada","item":"https:\/\/revolutionpadelstore.com\/en\/"},{"@type":"ListItem","position":2,"name":"Shop","item":"https:\/\/revolutionpadelstore.com\/en\/shop\/"},{"@type":"ListItem","position":3,"name":"WILSON BELA LS V3"}]},{"@type":"WebSite","@id":"https:\/\/revolutionpadelstore.com\/en\/#website","url":"https:\/\/revolutionpadelstore.com\/en\/","name":"Revolution Padel Store","description":"","publisher":{"@id":"https:\/\/revolutionpadelstore.com\/en\/#organization"},"potentialAction":[{"@type":"SearchAction","target":{"@type":"EntryPoint","urlTemplate":"https:\/\/revolutionpadelstore.com\/en\/?s={search_term_string}"},"query-input":{"@type":"PropertyValueSpecification","valueRequired":true,"valueName":"search_term_string"}}],"inLanguage":"en-US"},{"@type":"Organization","@id":"https:\/\/revolutionpadelstore.com\/en\/#organization","name":"Revolution Padel Store","url":"https:\/\/revolutionpadelstore.com\/en\/","logo":{"@type":"ImageObject","inLanguage":"en-US","@id":"https:\/\/revolutionpadelstore.com\/en\/#\/schema\/logo\/image\/","url":"https:\/\/revolutionpadelstore.com\/wp-content\/uploads\/2026\/02\/revolution-padel-store.jpg","contentUrl":"https:\/\/revolutionpadelstore.com\/wp-content\/uploads\/2026\/02\/revolution-padel-store.jpg","width":2000,"height":2000,"caption":"Revolution Padel Store"},"image":{"@id":"https:\/\/revolutionpadelstore.com\/en\/#\/schema\/logo\/image\/"},"sameAs":["https:\/\/www.instagram.com\/revolutionpadelstore\/"]}]}},"_links":{"self":[{"href":"https:\/\/revolutionpadelstore.com\/en\/wp-json\/wp\/v2\/product\/271527","targetHints":{"allow":["GET"]}}],"collection":[{"href":"https:\/\/revolutionpadelstore.com\/en\/wp-json\/wp\/v2\/product"}],"about":[{"href":"https:\/\/revolutionpadelstore.com\/en\/wp-json\/wp\/v2\/types\/product"}],"replies":[{"embeddable":true,"href":"https:\/\/revolutionpadelstore.com\/en\/wp-json\/wp\/v2\/comments?post=271527"}],"wp:featuredmedia":[{"embeddable":true,"href":"https:\/\/revolutionpadelstore.com\/en\/wp-json\/wp\/v2\/media\/265073"}],"wp:attachment":[{"href":"https:\/\/revolutionpadelstore.com\/en\/wp-json\/wp\/v2\/media?parent=271527"}],"wp:term":[{"taxonomy":"acabado","embeddable":true,"href":"https:\/\/revolutionpadelstore.com\/en\/wp-json\/wp\/v2\/acabado?post=271527"},{"taxonomy":"balance","embeddable":true,"href":"https:\/\/revolutionpadelstore.com\/en\/wp-json\/wp\/v2\/balance?post=271527"},{"taxonomy":"dureza","embeddable":true,"href":"https:\/\/revolutionpadelstore.com\/en\/wp-json\/wp\/v2\/dureza?post=271527"},{"taxonomy":"forma","embeddable":true,"href":"https:\/\/revolutionpadelstore.com\/en\/wp-json\/wp\/v2\/forma?post=271527"},{"taxonomy":"jugador","embeddable":true,"href":"https:\/\/revolutionpadelstore.com\/en\/wp-json\/wp\/v2\/jugador?post=271527"},{"taxonomy":"marca","embeddable":true,"href":"https:\/\/revolutionpadelstore.com\/en\/wp-json\/wp\/v2\/marca?post=271527"},{"taxonomy":"nivel-de-juego","embeddable":true,"href":"https:\/\/revolutionpadelstore.com\/en\/wp-json\/wp\/v2\/nivel-de-juego?post=271527"},{"taxonomy":"superficie","embeddable":true,"href":"https:\/\/revolutionpadelstore.com\/en\/wp-json\/wp\/v2\/superficie?post=271527"},{"taxonomy":"tipo-de-juego","embeddable":true,"href":"https:\/\/revolutionpadelstore.com\/en\/wp-json\/wp\/v2\/tipo-de-juego?post=271527"},{"taxonomy":"product_brand","embeddable":true,"href":"https:\/\/revolutionpadelstore.com\/en\/wp-json\/wp\/v2\/product_brand?post=271527"},{"taxonomy":"product_cat","embeddable":true,"href":"https:\/\/revolutionpadelstore.com\/en\/wp-json\/wp\/v2\/product_cat?post=271527"},{"taxonomy":"product_tag","embeddable":true,"href":"https:\/\/revolutionpadelstore.com\/en\/wp-json\/wp\/v2\/product_tag?post=271527"}],"curies":[{"name":"wp","href":"https:\/\/api.w.org\/{rel}","templated":true}]}}