{"id":270542,"date":"2025-10-07T10:28:02","date_gmt":"2025-10-07T08:28:02","guid":{"rendered":"https:\/\/revolutionpadelstore.com\/pantalon-bullpadel-outles-bg-azul-oscuro\/"},"modified":"2026-04-08T03:35:14","modified_gmt":"2026-04-08T01:35:14","slug":"pantalon-bullpadel-outles-bg-azul-oscuro-2","status":"publish","type":"product","link":"https:\/\/revolutionpadelstore.com\/en\/pantalon-bullpadel-outles-bg-azul-oscuro-2\/","title":{"rendered":"PANTALON BULLPADEL OUTLES BG AZUL OSCURO"},"content":{"rendered":"<h2>Paddle pants with Sculpt waistband and Bea Gonz\u00e1lez signature<\/h2>\n<p>Dominate the court with style and comfort with these exclusive padel pants with a <strong>Sculpt<\/strong> waistband and the <strong>signature of professional player Bea Gonz\u00e1lez<\/strong> on the back. A garment designed for demanding players who look for performance, technology and a touch of distinction in their sports equipment.<\/p>\n<h2>Highlighted Features<\/h2>\n<p><strong>-Exclusive design<\/strong> with the signature of Bea Gonz\u00e1lez<\/p>\n<p><strong>-Elastic double Piqu\u00e9 technical fabric<\/strong>: adapts to your movements without limiting you<\/p>\n<p><strong>-Drynamic Technology<\/strong>: promotes quick drying for greater freshness in every point<\/p>\n<p><strong>-Sculpt waistband with interior drawstring<\/strong>: perfect fit and firm support<\/p>\n<p><strong>-Functional side pockets<\/strong> for balls or accessories<\/p>\n<p><strong>-Hem with elastic cuff<\/strong>: better support and sporty style<\/p>\n<p><strong>-Visible front logo<\/strong> that highlights the authenticity and quality of the garment<\/p>\n<h2>Advantages for female padel players<\/h2>\n<p>-Ideal for intense training and competitive matches<\/p>\n<p>-Keeps you dry and comfortable thanks to its high-performance fabric<\/p>\n<p>-Versatile design that combines with any technical t-shirt or sports top<\/p>\n<p>-Official garment associated with a top player on the professional circuit<\/p>\n<h2>Why choose these pants?<\/h2>\n<p>These pants not only offer a comfortable fit and a modern design, but also <strong>represent the competitive spirit and unique style of Bea Gonz\u00e1lez<\/strong>, one of the great figures of women&#8217;s padel. It is perfect for players who want to make a difference in every match.<\/p>\n<p>Available now in our online store <a href=\"https:\/\/www.revolutionpadelstore.com\/\">www.revolutionpadelstore.com<\/a>, probably at the best price on the market. Get yours before they run out!<\/p>\n<h2>Pantal\u00f3n de p\u00e1del con cinturilla Sculpt y firma de Bea Gonz\u00e1lez<\/h2>\n","protected":false},"excerpt":{"rendered":"<p>Pants with Sculpt-type waistband and the signature of the player <strong>Bea Gonz\u00e1lez<\/strong> on the back<strong>Bea Gonz\u00e1lez<\/strong><\/p>\n","protected":false},"featured_media":270513,"comment_status":"open","ping_status":"closed","template":"","meta":{"_acf_changed":false,"_joinchat":[]},"acabado":[],"balance":[],"dureza":[],"forma":[],"jugador":[],"marca":[1258],"nivel-de-juego":[],"superficie":[],"tipo-de-juego":[],"product_brand":[],"product_cat":[351],"product_tag":[],"class_list":{"0":"post-270542","1":"product","2":"type-product","3":"status-publish","4":"has-post-thumbnail","6":"marca-bullpadel-en","7":"product_cat-ropa-en","9":"first","10":"outofstock","11":"sale","12":"taxable","13":"shipping-taxable","14":"purchasable","15":"product-type-variable"},"acf":[],"yoast_head":"<!-- This site is optimized with the Yoast SEO plugin v27.4 - https:\/\/yoast.com\/product\/yoast-seo-wordpress\/ -->\n<title>PANTALON BULLPADEL OUTLES BG AZUL OSCURO - Revolution Padel Store<\/title>\n<meta name=\"description\" content=\"Pantal\u00f3n de p\u00e1del con cinturilla tipo Sculpt, tecnolog\u00eda Drynamic y la firma de Bea Gonz\u00e1lez. Dise\u00f1o t\u00e9cnico, c\u00f3modo y exclusivo. C\u00f3mpralo en www.revolutionpadelstore.com al mejor precio.\" \/>\n<meta name=\"robots\" content=\"index, follow, max-snippet:-1, max-image-preview:large, max-video-preview:-1\" \/>\n<link rel=\"canonical\" href=\"https:\/\/revolutionpadelstore.com\/en\/pantalon-bullpadel-outles-bg-azul-oscuro-2\/\" \/>\n<meta property=\"og:locale\" content=\"en_US\" \/>\n<meta property=\"og:type\" content=\"article\" \/>\n<meta property=\"og:title\" content=\"PANTALON BULLPADEL OUTLES BG AZUL OSCURO - Revolution Padel Store\" \/>\n<meta property=\"og:description\" content=\"Pantal\u00f3n de p\u00e1del con cinturilla tipo Sculpt, tecnolog\u00eda Drynamic y la firma de Bea Gonz\u00e1lez. Dise\u00f1o t\u00e9cnico, c\u00f3modo y exclusivo. C\u00f3mpralo en www.revolutionpadelstore.com al mejor precio.\" \/>\n<meta property=\"og:url\" content=\"https:\/\/revolutionpadelstore.com\/en\/pantalon-bullpadel-outles-bg-azul-oscuro-2\/\" \/>\n<meta property=\"og:site_name\" content=\"Revolution Padel Store\" \/>\n<meta property=\"article:modified_time\" content=\"2026-04-08T01:35:14+00:00\" \/>\n<meta property=\"og:image\" content=\"https:\/\/revolutionpadelstore.com\/wp-content\/uploads\/2025\/10\/435.png\" \/>\n\t<meta property=\"og:image:width\" content=\"1500\" \/>\n\t<meta property=\"og:image:height\" content=\"1500\" \/>\n\t<meta property=\"og:image:type\" content=\"image\/png\" \/>\n<meta name=\"twitter:card\" content=\"summary_large_image\" \/>\n<meta name=\"twitter:label1\" content=\"Est. reading time\" \/>\n\t<meta name=\"twitter:data1\" content=\"2 minutes\" \/>\n<script type=\"application\/ld+json\" class=\"yoast-schema-graph\">{\"@context\":\"https:\\\/\\\/schema.org\",\"@graph\":[{\"@type\":\"WebPage\",\"@id\":\"https:\\\/\\\/revolutionpadelstore.com\\\/en\\\/pantalon-bullpadel-outles-bg-azul-oscuro-2\\\/\",\"url\":\"https:\\\/\\\/revolutionpadelstore.com\\\/en\\\/pantalon-bullpadel-outles-bg-azul-oscuro-2\\\/\",\"name\":\"PANTALON BULLPADEL OUTLES BG AZUL OSCURO - Revolution Padel Store\",\"isPartOf\":{\"@id\":\"https:\\\/\\\/revolutionpadelstore.com\\\/en\\\/#website\"},\"primaryImageOfPage\":{\"@id\":\"https:\\\/\\\/revolutionpadelstore.com\\\/en\\\/pantalon-bullpadel-outles-bg-azul-oscuro-2\\\/#primaryimage\"},\"image\":{\"@id\":\"https:\\\/\\\/revolutionpadelstore.com\\\/en\\\/pantalon-bullpadel-outles-bg-azul-oscuro-2\\\/#primaryimage\"},\"thumbnailUrl\":\"https:\\\/\\\/revolutionpadelstore.com\\\/wp-content\\\/uploads\\\/2025\\\/10\\\/435.png\",\"datePublished\":\"2025-10-07T08:28:02+00:00\",\"dateModified\":\"2026-04-08T01:35:14+00:00\",\"description\":\"Pantal\u00f3n de p\u00e1del con cinturilla tipo Sculpt, tecnolog\u00eda Drynamic y la firma de Bea Gonz\u00e1lez. Dise\u00f1o t\u00e9cnico, c\u00f3modo y exclusivo. C\u00f3mpralo en www.revolutionpadelstore.com al mejor precio.\",\"breadcrumb\":{\"@id\":\"https:\\\/\\\/revolutionpadelstore.com\\\/en\\\/pantalon-bullpadel-outles-bg-azul-oscuro-2\\\/#breadcrumb\"},\"inLanguage\":\"en-US\",\"potentialAction\":[{\"@type\":\"ReadAction\",\"target\":[\"https:\\\/\\\/revolutionpadelstore.com\\\/en\\\/pantalon-bullpadel-outles-bg-azul-oscuro-2\\\/\"]}]},{\"@type\":\"ImageObject\",\"inLanguage\":\"en-US\",\"@id\":\"https:\\\/\\\/revolutionpadelstore.com\\\/en\\\/pantalon-bullpadel-outles-bg-azul-oscuro-2\\\/#primaryimage\",\"url\":\"https:\\\/\\\/revolutionpadelstore.com\\\/wp-content\\\/uploads\\\/2025\\\/10\\\/435.png\",\"contentUrl\":\"https:\\\/\\\/revolutionpadelstore.com\\\/wp-content\\\/uploads\\\/2025\\\/10\\\/435.png\",\"width\":1500,\"height\":1500},{\"@type\":\"BreadcrumbList\",\"@id\":\"https:\\\/\\\/revolutionpadelstore.com\\\/en\\\/pantalon-bullpadel-outles-bg-azul-oscuro-2\\\/#breadcrumb\",\"itemListElement\":[{\"@type\":\"ListItem\",\"position\":1,\"name\":\"Portada\",\"item\":\"https:\\\/\\\/revolutionpadelstore.com\\\/en\\\/\"},{\"@type\":\"ListItem\",\"position\":2,\"name\":\"Shop\",\"item\":\"https:\\\/\\\/revolutionpadelstore.com\\\/en\\\/shop\\\/\"},{\"@type\":\"ListItem\",\"position\":3,\"name\":\"PANTALON BULLPADEL OUTLES BG AZUL OSCURO\"}]},{\"@type\":\"WebSite\",\"@id\":\"https:\\\/\\\/revolutionpadelstore.com\\\/en\\\/#website\",\"url\":\"https:\\\/\\\/revolutionpadelstore.com\\\/en\\\/\",\"name\":\"Revolution Padel Store\",\"description\":\"\",\"publisher\":{\"@id\":\"https:\\\/\\\/revolutionpadelstore.com\\\/en\\\/#organization\"},\"potentialAction\":[{\"@type\":\"SearchAction\",\"target\":{\"@type\":\"EntryPoint\",\"urlTemplate\":\"https:\\\/\\\/revolutionpadelstore.com\\\/en\\\/?s={search_term_string}\"},\"query-input\":{\"@type\":\"PropertyValueSpecification\",\"valueRequired\":true,\"valueName\":\"search_term_string\"}}],\"inLanguage\":\"en-US\"},{\"@type\":\"Organization\",\"@id\":\"https:\\\/\\\/revolutionpadelstore.com\\\/en\\\/#organization\",\"name\":\"Revolution Padel Store\",\"url\":\"https:\\\/\\\/revolutionpadelstore.com\\\/en\\\/\",\"logo\":{\"@type\":\"ImageObject\",\"inLanguage\":\"en-US\",\"@id\":\"https:\\\/\\\/revolutionpadelstore.com\\\/en\\\/#\\\/schema\\\/logo\\\/image\\\/\",\"url\":\"https:\\\/\\\/revolutionpadelstore.com\\\/wp-content\\\/uploads\\\/2026\\\/02\\\/revolution-padel-store.jpg\",\"contentUrl\":\"https:\\\/\\\/revolutionpadelstore.com\\\/wp-content\\\/uploads\\\/2026\\\/02\\\/revolution-padel-store.jpg\",\"width\":2000,\"height\":2000,\"caption\":\"Revolution Padel Store\"},\"image\":{\"@id\":\"https:\\\/\\\/revolutionpadelstore.com\\\/en\\\/#\\\/schema\\\/logo\\\/image\\\/\"},\"sameAs\":[\"https:\\\/\\\/www.instagram.com\\\/revolutionpadelstore\\\/\"]}]}<\/script>\n<!-- \/ Yoast SEO plugin. -->","yoast_head_json":{"title":"PANTALON BULLPADEL OUTLES BG AZUL OSCURO - Revolution Padel Store","description":"Pantal\u00f3n de p\u00e1del con cinturilla tipo Sculpt, tecnolog\u00eda Drynamic y la firma de Bea Gonz\u00e1lez. Dise\u00f1o t\u00e9cnico, c\u00f3modo y exclusivo. C\u00f3mpralo en www.revolutionpadelstore.com al mejor precio.","robots":{"index":"index","follow":"follow","max-snippet":"max-snippet:-1","max-image-preview":"max-image-preview:large","max-video-preview":"max-video-preview:-1"},"canonical":"https:\/\/revolutionpadelstore.com\/en\/pantalon-bullpadel-outles-bg-azul-oscuro-2\/","og_locale":"en_US","og_type":"article","og_title":"PANTALON BULLPADEL OUTLES BG AZUL OSCURO - Revolution Padel Store","og_description":"Pantal\u00f3n de p\u00e1del con cinturilla tipo Sculpt, tecnolog\u00eda Drynamic y la firma de Bea Gonz\u00e1lez. Dise\u00f1o t\u00e9cnico, c\u00f3modo y exclusivo. C\u00f3mpralo en www.revolutionpadelstore.com al mejor precio.","og_url":"https:\/\/revolutionpadelstore.com\/en\/pantalon-bullpadel-outles-bg-azul-oscuro-2\/","og_site_name":"Revolution Padel Store","article_modified_time":"2026-04-08T01:35:14+00:00","og_image":[{"width":1500,"height":1500,"url":"https:\/\/revolutionpadelstore.com\/wp-content\/uploads\/2025\/10\/435.png","type":"image\/png"}],"twitter_card":"summary_large_image","twitter_misc":{"Est. reading time":"2 minutes"},"schema":{"@context":"https:\/\/schema.org","@graph":[{"@type":"WebPage","@id":"https:\/\/revolutionpadelstore.com\/en\/pantalon-bullpadel-outles-bg-azul-oscuro-2\/","url":"https:\/\/revolutionpadelstore.com\/en\/pantalon-bullpadel-outles-bg-azul-oscuro-2\/","name":"PANTALON BULLPADEL OUTLES BG AZUL OSCURO - Revolution Padel Store","isPartOf":{"@id":"https:\/\/revolutionpadelstore.com\/en\/#website"},"primaryImageOfPage":{"@id":"https:\/\/revolutionpadelstore.com\/en\/pantalon-bullpadel-outles-bg-azul-oscuro-2\/#primaryimage"},"image":{"@id":"https:\/\/revolutionpadelstore.com\/en\/pantalon-bullpadel-outles-bg-azul-oscuro-2\/#primaryimage"},"thumbnailUrl":"https:\/\/revolutionpadelstore.com\/wp-content\/uploads\/2025\/10\/435.png","datePublished":"2025-10-07T08:28:02+00:00","dateModified":"2026-04-08T01:35:14+00:00","description":"Pantal\u00f3n de p\u00e1del con cinturilla tipo Sculpt, tecnolog\u00eda Drynamic y la firma de Bea Gonz\u00e1lez. Dise\u00f1o t\u00e9cnico, c\u00f3modo y exclusivo. C\u00f3mpralo en www.revolutionpadelstore.com al mejor precio.","breadcrumb":{"@id":"https:\/\/revolutionpadelstore.com\/en\/pantalon-bullpadel-outles-bg-azul-oscuro-2\/#breadcrumb"},"inLanguage":"en-US","potentialAction":[{"@type":"ReadAction","target":["https:\/\/revolutionpadelstore.com\/en\/pantalon-bullpadel-outles-bg-azul-oscuro-2\/"]}]},{"@type":"ImageObject","inLanguage":"en-US","@id":"https:\/\/revolutionpadelstore.com\/en\/pantalon-bullpadel-outles-bg-azul-oscuro-2\/#primaryimage","url":"https:\/\/revolutionpadelstore.com\/wp-content\/uploads\/2025\/10\/435.png","contentUrl":"https:\/\/revolutionpadelstore.com\/wp-content\/uploads\/2025\/10\/435.png","width":1500,"height":1500},{"@type":"BreadcrumbList","@id":"https:\/\/revolutionpadelstore.com\/en\/pantalon-bullpadel-outles-bg-azul-oscuro-2\/#breadcrumb","itemListElement":[{"@type":"ListItem","position":1,"name":"Portada","item":"https:\/\/revolutionpadelstore.com\/en\/"},{"@type":"ListItem","position":2,"name":"Shop","item":"https:\/\/revolutionpadelstore.com\/en\/shop\/"},{"@type":"ListItem","position":3,"name":"PANTALON BULLPADEL OUTLES BG AZUL OSCURO"}]},{"@type":"WebSite","@id":"https:\/\/revolutionpadelstore.com\/en\/#website","url":"https:\/\/revolutionpadelstore.com\/en\/","name":"Revolution Padel Store","description":"","publisher":{"@id":"https:\/\/revolutionpadelstore.com\/en\/#organization"},"potentialAction":[{"@type":"SearchAction","target":{"@type":"EntryPoint","urlTemplate":"https:\/\/revolutionpadelstore.com\/en\/?s={search_term_string}"},"query-input":{"@type":"PropertyValueSpecification","valueRequired":true,"valueName":"search_term_string"}}],"inLanguage":"en-US"},{"@type":"Organization","@id":"https:\/\/revolutionpadelstore.com\/en\/#organization","name":"Revolution Padel Store","url":"https:\/\/revolutionpadelstore.com\/en\/","logo":{"@type":"ImageObject","inLanguage":"en-US","@id":"https:\/\/revolutionpadelstore.com\/en\/#\/schema\/logo\/image\/","url":"https:\/\/revolutionpadelstore.com\/wp-content\/uploads\/2026\/02\/revolution-padel-store.jpg","contentUrl":"https:\/\/revolutionpadelstore.com\/wp-content\/uploads\/2026\/02\/revolution-padel-store.jpg","width":2000,"height":2000,"caption":"Revolution Padel Store"},"image":{"@id":"https:\/\/revolutionpadelstore.com\/en\/#\/schema\/logo\/image\/"},"sameAs":["https:\/\/www.instagram.com\/revolutionpadelstore\/"]}]}},"_links":{"self":[{"href":"https:\/\/revolutionpadelstore.com\/en\/wp-json\/wp\/v2\/product\/270542","targetHints":{"allow":["GET"]}}],"collection":[{"href":"https:\/\/revolutionpadelstore.com\/en\/wp-json\/wp\/v2\/product"}],"about":[{"href":"https:\/\/revolutionpadelstore.com\/en\/wp-json\/wp\/v2\/types\/product"}],"replies":[{"embeddable":true,"href":"https:\/\/revolutionpadelstore.com\/en\/wp-json\/wp\/v2\/comments?post=270542"}],"wp:featuredmedia":[{"embeddable":true,"href":"https:\/\/revolutionpadelstore.com\/en\/wp-json\/wp\/v2\/media\/270513"}],"wp:attachment":[{"href":"https:\/\/revolutionpadelstore.com\/en\/wp-json\/wp\/v2\/media?parent=270542"}],"wp:term":[{"taxonomy":"acabado","embeddable":true,"href":"https:\/\/revolutionpadelstore.com\/en\/wp-json\/wp\/v2\/acabado?post=270542"},{"taxonomy":"balance","embeddable":true,"href":"https:\/\/revolutionpadelstore.com\/en\/wp-json\/wp\/v2\/balance?post=270542"},{"taxonomy":"dureza","embeddable":true,"href":"https:\/\/revolutionpadelstore.com\/en\/wp-json\/wp\/v2\/dureza?post=270542"},{"taxonomy":"forma","embeddable":true,"href":"https:\/\/revolutionpadelstore.com\/en\/wp-json\/wp\/v2\/forma?post=270542"},{"taxonomy":"jugador","embeddable":true,"href":"https:\/\/revolutionpadelstore.com\/en\/wp-json\/wp\/v2\/jugador?post=270542"},{"taxonomy":"marca","embeddable":true,"href":"https:\/\/revolutionpadelstore.com\/en\/wp-json\/wp\/v2\/marca?post=270542"},{"taxonomy":"nivel-de-juego","embeddable":true,"href":"https:\/\/revolutionpadelstore.com\/en\/wp-json\/wp\/v2\/nivel-de-juego?post=270542"},{"taxonomy":"superficie","embeddable":true,"href":"https:\/\/revolutionpadelstore.com\/en\/wp-json\/wp\/v2\/superficie?post=270542"},{"taxonomy":"tipo-de-juego","embeddable":true,"href":"https:\/\/revolutionpadelstore.com\/en\/wp-json\/wp\/v2\/tipo-de-juego?post=270542"},{"taxonomy":"product_brand","embeddable":true,"href":"https:\/\/revolutionpadelstore.com\/en\/wp-json\/wp\/v2\/product_brand?post=270542"},{"taxonomy":"product_cat","embeddable":true,"href":"https:\/\/revolutionpadelstore.com\/en\/wp-json\/wp\/v2\/product_cat?post=270542"},{"taxonomy":"product_tag","embeddable":true,"href":"https:\/\/revolutionpadelstore.com\/en\/wp-json\/wp\/v2\/product_tag?post=270542"}],"curies":[{"name":"wp","href":"https:\/\/api.w.org\/{rel}","templated":true}]}}