{"id":265284,"date":"2025-08-11T11:01:45","date_gmt":"2025-08-11T09:01:45","guid":{"rendered":"https:\/\/revolutionpadelstore.com\/paletero-wilson-bela-super-tour-padel-negro\/"},"modified":"2026-04-08T04:34:54","modified_gmt":"2026-04-08T02:34:54","slug":"paletero-wilson-bela-super-tour-padel-negro-2","status":"publish","type":"product","link":"https:\/\/revolutionpadelstore.com\/en\/paletero-wilson-bela-super-tour-padel-negro-2\/","title":{"rendered":"Paletero Wilson Bela Super Tour Padel Negro"},"content":{"rendered":"<h2>Wilson Bela Super Tour Paddle Bag Black \u2013 Space, protection and professional style<\/h2>\n<p>The <strong>Wilson Bela Super Tour P\u00e1del Negro<\/strong> is the official padel bag of the legendary <strong>Fernando Belastegu\u00edn<\/strong>, designed for players looking for <strong>maximum capacity, durability and protection<\/strong> for their equipment. Ideal for those who will not settle for less than the best, this model combines cutting-edge technology with an elegant design in black with red details.<\/p>\n<h2>Highlighted Features<\/h2>\n<p><strong>-Capacity for up to 6 padel rackets<\/strong>: perfect space for your training and match rackets.<\/p>\n<p><strong>-Thermoguard thermal compartments<\/strong>: keep your rackets protected from humidity and temperature changes, prolonging their useful life.<\/p>\n<p><strong>-Rigid side reinforcements<\/strong>: solid structure that prevents deformation and keeps the equipment safe.<\/p>\n<p><strong>-Independent shoe compartment<\/strong>: ideal for separating your shoes from the rest of your equipment, maintaining hygiene.<\/p>\n<p><strong>-Multiple pockets<\/strong>: organize clothes, accessories and personal items with total comfort.<\/p>\n<p><strong>-Ergonomic transport<\/strong>: adjustable and padded backpack-style handles, plus top handle for easy and comfortable transport.<\/p>\n<p><strong>-Elegant and functional design<\/strong>: black with red details and the Bela logo, reflecting style and professionalism.<\/p>\n<h2>Advantages for the player<\/h2>\n<p>This padel racket bag not only offers great capacity and resistance, but also takes care of the condition of your equipment. Thanks to <strong>Thermoguard<\/strong> technology, your rackets will always be ready for the game in the best conditions. Its ergonomic design and intelligent distribution of spaces will allow you to carry everything you need, from clothing and footwear to accessories and personal items, with total order and comfort.<\/p>\n<h2>Technical specifications<\/h2>\n<p>-Brand: <strong>Wilson<\/strong><\/p>\n<p>-Model: <strong>Bela Super Tour P\u00e1del Negro<\/strong><\/p>\n<p>-Capacity: <strong>6 blades<\/strong><\/p>\n<p>-Technology: <strong>Thermoguard<\/strong><\/p>\n<p>-Colors: <strong>Black \/ Red<\/strong><\/p>\n<p>-Type of transport: Backpack and hand handle<\/p>\n<p><strong>Take your game to the next level with the Wilson Bela Super Tour padel bag and enjoy the perfect combination of style, comfort and protection.<\/strong><\/p>\n<p>Available now in our online store <strong><a href=\"https:\/\/www.revolutionpadelstore.com\/\">www.revolutionpadelstore.com<\/a><\/strong> probably at the best price on the market.<\/p>\n<h2>Paletero Wilson Bela Super Tour P\u00e1del Negro \u2013 Espacio, protecci\u00f3n y estilo profesional<\/h2>\n","protected":false},"excerpt":{"rendered":"<p>The Wilson Bela Super Tour padel racket bag has space to store up to 6 rackets, incorporates thermal protection, presents a high-end design and guarantees comfortable transport. It is the perfect choice for demanding gamers looking to combine performance and style.<\/p>\n","protected":false},"featured_media":265267,"comment_status":"open","ping_status":"closed","template":"","meta":{"_acf_changed":false,"_joinchat":[]},"acabado":[],"balance":[],"dureza":[],"forma":[],"jugador":[],"marca":[1268],"nivel-de-juego":[],"superficie":[],"tipo-de-juego":[],"product_brand":[],"product_cat":[322],"product_tag":[],"class_list":{"0":"post-265284","1":"product","2":"type-product","3":"status-publish","4":"has-post-thumbnail","6":"marca-wilson-en","7":"product_cat-bags","9":"first","10":"instock","11":"sale","12":"taxable","13":"shipping-taxable","14":"purchasable","15":"product-type-simple"},"acf":[],"yoast_head":"<!-- This site is optimized with the Yoast SEO plugin v27.4 - https:\/\/yoast.com\/product\/yoast-seo-wordpress\/ -->\n<title>Paletero Wilson Bela Super Tour Padel Negro - Revolution Padel Store<\/title>\n<meta name=\"description\" content=\"Compra el Paletero Wilson Bela Super Tour P\u00e1del Negro, oficial de Fernando Belastegu\u00edn. Capacidad para 6 palas, tecnolog\u00eda Thermoguard y dise\u00f1o elegante. \u00a1Protecci\u00f3n y estilo para tu juego!\" \/>\n<meta name=\"robots\" content=\"index, follow, max-snippet:-1, max-image-preview:large, max-video-preview:-1\" \/>\n<link rel=\"canonical\" href=\"https:\/\/revolutionpadelstore.com\/en\/paletero-wilson-bela-super-tour-padel-negro-2\/\" \/>\n<meta property=\"og:locale\" content=\"en_US\" \/>\n<meta property=\"og:type\" content=\"article\" \/>\n<meta property=\"og:title\" content=\"Paletero Wilson Bela Super Tour Padel Negro - Revolution Padel Store\" \/>\n<meta property=\"og:description\" content=\"Compra el Paletero Wilson Bela Super Tour P\u00e1del Negro, oficial de Fernando Belastegu\u00edn. Capacidad para 6 palas, tecnolog\u00eda Thermoguard y dise\u00f1o elegante. \u00a1Protecci\u00f3n y estilo para tu juego!\" \/>\n<meta property=\"og:url\" content=\"https:\/\/revolutionpadelstore.com\/en\/paletero-wilson-bela-super-tour-padel-negro-2\/\" \/>\n<meta property=\"og:site_name\" content=\"Revolution Padel Store\" \/>\n<meta property=\"article:modified_time\" content=\"2026-04-08T02:34:54+00:00\" \/>\n<meta property=\"og:image\" content=\"https:\/\/revolutionpadelstore.com\/wp-content\/uploads\/2025\/08\/119461-paletero-wilson-bela-super-tour-padel-wr8910801-1500x1500-1.webp\" \/>\n\t<meta property=\"og:image:width\" content=\"1500\" \/>\n\t<meta property=\"og:image:height\" content=\"1500\" \/>\n\t<meta property=\"og:image:type\" content=\"image\/webp\" \/>\n<meta name=\"twitter:card\" content=\"summary_large_image\" \/>\n<meta name=\"twitter:label1\" content=\"Est. reading time\" \/>\n\t<meta name=\"twitter:data1\" content=\"2 minutes\" \/>\n<script type=\"application\/ld+json\" class=\"yoast-schema-graph\">{\"@context\":\"https:\\\/\\\/schema.org\",\"@graph\":[{\"@type\":\"WebPage\",\"@id\":\"https:\\\/\\\/revolutionpadelstore.com\\\/en\\\/paletero-wilson-bela-super-tour-padel-negro-2\\\/\",\"url\":\"https:\\\/\\\/revolutionpadelstore.com\\\/en\\\/paletero-wilson-bela-super-tour-padel-negro-2\\\/\",\"name\":\"Paletero Wilson Bela Super Tour Padel Negro - Revolution Padel Store\",\"isPartOf\":{\"@id\":\"https:\\\/\\\/revolutionpadelstore.com\\\/en\\\/#website\"},\"primaryImageOfPage\":{\"@id\":\"https:\\\/\\\/revolutionpadelstore.com\\\/en\\\/paletero-wilson-bela-super-tour-padel-negro-2\\\/#primaryimage\"},\"image\":{\"@id\":\"https:\\\/\\\/revolutionpadelstore.com\\\/en\\\/paletero-wilson-bela-super-tour-padel-negro-2\\\/#primaryimage\"},\"thumbnailUrl\":\"https:\\\/\\\/revolutionpadelstore.com\\\/wp-content\\\/uploads\\\/2025\\\/08\\\/119461-paletero-wilson-bela-super-tour-padel-wr8910801-1500x1500-1.webp\",\"datePublished\":\"2025-08-11T09:01:45+00:00\",\"dateModified\":\"2026-04-08T02:34:54+00:00\",\"description\":\"Compra el Paletero Wilson Bela Super Tour P\u00e1del Negro, oficial de Fernando Belastegu\u00edn. Capacidad para 6 palas, tecnolog\u00eda Thermoguard y dise\u00f1o elegante. \u00a1Protecci\u00f3n y estilo para tu juego!\",\"breadcrumb\":{\"@id\":\"https:\\\/\\\/revolutionpadelstore.com\\\/en\\\/paletero-wilson-bela-super-tour-padel-negro-2\\\/#breadcrumb\"},\"inLanguage\":\"en-US\",\"potentialAction\":[{\"@type\":\"ReadAction\",\"target\":[\"https:\\\/\\\/revolutionpadelstore.com\\\/en\\\/paletero-wilson-bela-super-tour-padel-negro-2\\\/\"]}]},{\"@type\":\"ImageObject\",\"inLanguage\":\"en-US\",\"@id\":\"https:\\\/\\\/revolutionpadelstore.com\\\/en\\\/paletero-wilson-bela-super-tour-padel-negro-2\\\/#primaryimage\",\"url\":\"https:\\\/\\\/revolutionpadelstore.com\\\/wp-content\\\/uploads\\\/2025\\\/08\\\/119461-paletero-wilson-bela-super-tour-padel-wr8910801-1500x1500-1.webp\",\"contentUrl\":\"https:\\\/\\\/revolutionpadelstore.com\\\/wp-content\\\/uploads\\\/2025\\\/08\\\/119461-paletero-wilson-bela-super-tour-padel-wr8910801-1500x1500-1.webp\",\"width\":1500,\"height\":1500},{\"@type\":\"BreadcrumbList\",\"@id\":\"https:\\\/\\\/revolutionpadelstore.com\\\/en\\\/paletero-wilson-bela-super-tour-padel-negro-2\\\/#breadcrumb\",\"itemListElement\":[{\"@type\":\"ListItem\",\"position\":1,\"name\":\"Portada\",\"item\":\"https:\\\/\\\/revolutionpadelstore.com\\\/en\\\/\"},{\"@type\":\"ListItem\",\"position\":2,\"name\":\"Shop\",\"item\":\"https:\\\/\\\/revolutionpadelstore.com\\\/en\\\/shop\\\/\"},{\"@type\":\"ListItem\",\"position\":3,\"name\":\"Paletero Wilson Bela Super Tour Padel Negro\"}]},{\"@type\":\"WebSite\",\"@id\":\"https:\\\/\\\/revolutionpadelstore.com\\\/en\\\/#website\",\"url\":\"https:\\\/\\\/revolutionpadelstore.com\\\/en\\\/\",\"name\":\"Revolution Padel Store\",\"description\":\"\",\"publisher\":{\"@id\":\"https:\\\/\\\/revolutionpadelstore.com\\\/en\\\/#organization\"},\"potentialAction\":[{\"@type\":\"SearchAction\",\"target\":{\"@type\":\"EntryPoint\",\"urlTemplate\":\"https:\\\/\\\/revolutionpadelstore.com\\\/en\\\/?s={search_term_string}\"},\"query-input\":{\"@type\":\"PropertyValueSpecification\",\"valueRequired\":true,\"valueName\":\"search_term_string\"}}],\"inLanguage\":\"en-US\"},{\"@type\":\"Organization\",\"@id\":\"https:\\\/\\\/revolutionpadelstore.com\\\/en\\\/#organization\",\"name\":\"Revolution Padel Store\",\"url\":\"https:\\\/\\\/revolutionpadelstore.com\\\/en\\\/\",\"logo\":{\"@type\":\"ImageObject\",\"inLanguage\":\"en-US\",\"@id\":\"https:\\\/\\\/revolutionpadelstore.com\\\/en\\\/#\\\/schema\\\/logo\\\/image\\\/\",\"url\":\"https:\\\/\\\/revolutionpadelstore.com\\\/wp-content\\\/uploads\\\/2026\\\/02\\\/revolution-padel-store.jpg\",\"contentUrl\":\"https:\\\/\\\/revolutionpadelstore.com\\\/wp-content\\\/uploads\\\/2026\\\/02\\\/revolution-padel-store.jpg\",\"width\":2000,\"height\":2000,\"caption\":\"Revolution Padel Store\"},\"image\":{\"@id\":\"https:\\\/\\\/revolutionpadelstore.com\\\/en\\\/#\\\/schema\\\/logo\\\/image\\\/\"},\"sameAs\":[\"https:\\\/\\\/www.instagram.com\\\/revolutionpadelstore\\\/\"]}]}<\/script>\n<!-- \/ Yoast SEO plugin. -->","yoast_head_json":{"title":"Paletero Wilson Bela Super Tour Padel Negro - Revolution Padel Store","description":"Compra el Paletero Wilson Bela Super Tour P\u00e1del Negro, oficial de Fernando Belastegu\u00edn. Capacidad para 6 palas, tecnolog\u00eda Thermoguard y dise\u00f1o elegante. \u00a1Protecci\u00f3n y estilo para tu juego!","robots":{"index":"index","follow":"follow","max-snippet":"max-snippet:-1","max-image-preview":"max-image-preview:large","max-video-preview":"max-video-preview:-1"},"canonical":"https:\/\/revolutionpadelstore.com\/en\/paletero-wilson-bela-super-tour-padel-negro-2\/","og_locale":"en_US","og_type":"article","og_title":"Paletero Wilson Bela Super Tour Padel Negro - Revolution Padel Store","og_description":"Compra el Paletero Wilson Bela Super Tour P\u00e1del Negro, oficial de Fernando Belastegu\u00edn. Capacidad para 6 palas, tecnolog\u00eda Thermoguard y dise\u00f1o elegante. \u00a1Protecci\u00f3n y estilo para tu juego!","og_url":"https:\/\/revolutionpadelstore.com\/en\/paletero-wilson-bela-super-tour-padel-negro-2\/","og_site_name":"Revolution Padel Store","article_modified_time":"2026-04-08T02:34:54+00:00","og_image":[{"width":1500,"height":1500,"url":"https:\/\/revolutionpadelstore.com\/wp-content\/uploads\/2025\/08\/119461-paletero-wilson-bela-super-tour-padel-wr8910801-1500x1500-1.webp","type":"image\/webp"}],"twitter_card":"summary_large_image","twitter_misc":{"Est. reading time":"2 minutes"},"schema":{"@context":"https:\/\/schema.org","@graph":[{"@type":"WebPage","@id":"https:\/\/revolutionpadelstore.com\/en\/paletero-wilson-bela-super-tour-padel-negro-2\/","url":"https:\/\/revolutionpadelstore.com\/en\/paletero-wilson-bela-super-tour-padel-negro-2\/","name":"Paletero Wilson Bela Super Tour Padel Negro - Revolution Padel Store","isPartOf":{"@id":"https:\/\/revolutionpadelstore.com\/en\/#website"},"primaryImageOfPage":{"@id":"https:\/\/revolutionpadelstore.com\/en\/paletero-wilson-bela-super-tour-padel-negro-2\/#primaryimage"},"image":{"@id":"https:\/\/revolutionpadelstore.com\/en\/paletero-wilson-bela-super-tour-padel-negro-2\/#primaryimage"},"thumbnailUrl":"https:\/\/revolutionpadelstore.com\/wp-content\/uploads\/2025\/08\/119461-paletero-wilson-bela-super-tour-padel-wr8910801-1500x1500-1.webp","datePublished":"2025-08-11T09:01:45+00:00","dateModified":"2026-04-08T02:34:54+00:00","description":"Compra el Paletero Wilson Bela Super Tour P\u00e1del Negro, oficial de Fernando Belastegu\u00edn. Capacidad para 6 palas, tecnolog\u00eda Thermoguard y dise\u00f1o elegante. \u00a1Protecci\u00f3n y estilo para tu juego!","breadcrumb":{"@id":"https:\/\/revolutionpadelstore.com\/en\/paletero-wilson-bela-super-tour-padel-negro-2\/#breadcrumb"},"inLanguage":"en-US","potentialAction":[{"@type":"ReadAction","target":["https:\/\/revolutionpadelstore.com\/en\/paletero-wilson-bela-super-tour-padel-negro-2\/"]}]},{"@type":"ImageObject","inLanguage":"en-US","@id":"https:\/\/revolutionpadelstore.com\/en\/paletero-wilson-bela-super-tour-padel-negro-2\/#primaryimage","url":"https:\/\/revolutionpadelstore.com\/wp-content\/uploads\/2025\/08\/119461-paletero-wilson-bela-super-tour-padel-wr8910801-1500x1500-1.webp","contentUrl":"https:\/\/revolutionpadelstore.com\/wp-content\/uploads\/2025\/08\/119461-paletero-wilson-bela-super-tour-padel-wr8910801-1500x1500-1.webp","width":1500,"height":1500},{"@type":"BreadcrumbList","@id":"https:\/\/revolutionpadelstore.com\/en\/paletero-wilson-bela-super-tour-padel-negro-2\/#breadcrumb","itemListElement":[{"@type":"ListItem","position":1,"name":"Portada","item":"https:\/\/revolutionpadelstore.com\/en\/"},{"@type":"ListItem","position":2,"name":"Shop","item":"https:\/\/revolutionpadelstore.com\/en\/shop\/"},{"@type":"ListItem","position":3,"name":"Paletero Wilson Bela Super Tour Padel Negro"}]},{"@type":"WebSite","@id":"https:\/\/revolutionpadelstore.com\/en\/#website","url":"https:\/\/revolutionpadelstore.com\/en\/","name":"Revolution Padel Store","description":"","publisher":{"@id":"https:\/\/revolutionpadelstore.com\/en\/#organization"},"potentialAction":[{"@type":"SearchAction","target":{"@type":"EntryPoint","urlTemplate":"https:\/\/revolutionpadelstore.com\/en\/?s={search_term_string}"},"query-input":{"@type":"PropertyValueSpecification","valueRequired":true,"valueName":"search_term_string"}}],"inLanguage":"en-US"},{"@type":"Organization","@id":"https:\/\/revolutionpadelstore.com\/en\/#organization","name":"Revolution Padel Store","url":"https:\/\/revolutionpadelstore.com\/en\/","logo":{"@type":"ImageObject","inLanguage":"en-US","@id":"https:\/\/revolutionpadelstore.com\/en\/#\/schema\/logo\/image\/","url":"https:\/\/revolutionpadelstore.com\/wp-content\/uploads\/2026\/02\/revolution-padel-store.jpg","contentUrl":"https:\/\/revolutionpadelstore.com\/wp-content\/uploads\/2026\/02\/revolution-padel-store.jpg","width":2000,"height":2000,"caption":"Revolution Padel Store"},"image":{"@id":"https:\/\/revolutionpadelstore.com\/en\/#\/schema\/logo\/image\/"},"sameAs":["https:\/\/www.instagram.com\/revolutionpadelstore\/"]}]}},"_links":{"self":[{"href":"https:\/\/revolutionpadelstore.com\/en\/wp-json\/wp\/v2\/product\/265284","targetHints":{"allow":["GET"]}}],"collection":[{"href":"https:\/\/revolutionpadelstore.com\/en\/wp-json\/wp\/v2\/product"}],"about":[{"href":"https:\/\/revolutionpadelstore.com\/en\/wp-json\/wp\/v2\/types\/product"}],"replies":[{"embeddable":true,"href":"https:\/\/revolutionpadelstore.com\/en\/wp-json\/wp\/v2\/comments?post=265284"}],"wp:featuredmedia":[{"embeddable":true,"href":"https:\/\/revolutionpadelstore.com\/en\/wp-json\/wp\/v2\/media\/265267"}],"wp:attachment":[{"href":"https:\/\/revolutionpadelstore.com\/en\/wp-json\/wp\/v2\/media?parent=265284"}],"wp:term":[{"taxonomy":"acabado","embeddable":true,"href":"https:\/\/revolutionpadelstore.com\/en\/wp-json\/wp\/v2\/acabado?post=265284"},{"taxonomy":"balance","embeddable":true,"href":"https:\/\/revolutionpadelstore.com\/en\/wp-json\/wp\/v2\/balance?post=265284"},{"taxonomy":"dureza","embeddable":true,"href":"https:\/\/revolutionpadelstore.com\/en\/wp-json\/wp\/v2\/dureza?post=265284"},{"taxonomy":"forma","embeddable":true,"href":"https:\/\/revolutionpadelstore.com\/en\/wp-json\/wp\/v2\/forma?post=265284"},{"taxonomy":"jugador","embeddable":true,"href":"https:\/\/revolutionpadelstore.com\/en\/wp-json\/wp\/v2\/jugador?post=265284"},{"taxonomy":"marca","embeddable":true,"href":"https:\/\/revolutionpadelstore.com\/en\/wp-json\/wp\/v2\/marca?post=265284"},{"taxonomy":"nivel-de-juego","embeddable":true,"href":"https:\/\/revolutionpadelstore.com\/en\/wp-json\/wp\/v2\/nivel-de-juego?post=265284"},{"taxonomy":"superficie","embeddable":true,"href":"https:\/\/revolutionpadelstore.com\/en\/wp-json\/wp\/v2\/superficie?post=265284"},{"taxonomy":"tipo-de-juego","embeddable":true,"href":"https:\/\/revolutionpadelstore.com\/en\/wp-json\/wp\/v2\/tipo-de-juego?post=265284"},{"taxonomy":"product_brand","embeddable":true,"href":"https:\/\/revolutionpadelstore.com\/en\/wp-json\/wp\/v2\/product_brand?post=265284"},{"taxonomy":"product_cat","embeddable":true,"href":"https:\/\/revolutionpadelstore.com\/en\/wp-json\/wp\/v2\/product_cat?post=265284"},{"taxonomy":"product_tag","embeddable":true,"href":"https:\/\/revolutionpadelstore.com\/en\/wp-json\/wp\/v2\/product_tag?post=265284"}],"curies":[{"name":"wp","href":"https:\/\/api.w.org\/{rel}","templated":true}]}}