{"id":263047,"date":"2025-05-15T16:44:10","date_gmt":"2025-05-15T14:44:10","guid":{"rendered":"https:\/\/revolutionpadelstore.com\/blister-4-uds-antivibrador-bullpadel-ease-vibe-negro\/"},"modified":"2026-04-08T05:05:53","modified_gmt":"2026-04-08T03:05:53","slug":"blister-4-uds-antivibrador-bullpadel-ease-vibe-negro-2","status":"publish","type":"product","link":"https:\/\/revolutionpadelstore.com\/en\/blister-4-uds-antivibrador-bullpadel-ease-vibe-negro-2\/","title":{"rendered":"BLISTER (4 UDS) ANTIVIBRADOR BULLPADEL EASE VIBE NEGRO"},"content":{"rendered":"<p><H2> Blister (4 units) Bullpadel Ease Vibe Black <\/ h2><br \/>\nImprove your runway performance and reduce the inconvenience in each blow with the anti -vibadel ease vibrant antivibrators in vibrant orange! This essential accessory for your paddle shovel is designed to reduce up to a <strong> 60% of the vibrations <\/strong>, providing a <strong> greater comfort, stability and precision <\/strong> during the game.<br \/>\n<H2> Outstanding characteristics <\/ h2><br \/>\n<strong> -Reviation of vibrations <\/strong> up to 60%, minimizing the impact on wrist, elbow and shoulder.<\/p>\n<p><strong> -Includes 4 units per blister <\/strong>, perfect for customizing the balance and control of your shovel.<\/p>\n<p><strong> -Ligero and easy to install <\/strong>, without the need for tools or previous experience.<\/p>\n<p><strong> -compatible with all kinds of paddle blades <\/strong>, ideal for players of all levels.<\/p>\n<p><strong> -Color Negro Vibrant <\/strong> which brings a modern and visible touch to your equipment.<br \/>\n<H2> BENEFITS FOR THE PLAYER <\/H2><br \/>\n-Disphruta of a <strong> cleaner and more controlled hit <\/strong>, ideal for those who seek precision at each point.<\/p>\n<p>-Mayor <strong> comfort and prevention of injuries <\/strong>, especially useful for those who suffer from epicondylitis or muscle discomfort.<\/p>\n<p>-Ably versatile: Place the antivibrators where you prefer to enhance power or control according to your game style.<br \/>\n<H2> Why choose Bullpadel?<br \/>\nBullpadel is one of the <strong> leading brands in the world of paddle <\/strong>, recognized by the quality, innovation and performance of its products. Choosing a Bullpadel accessory is to bet on excellence at each point.<br \/>\n<H2> Buy your pack of Bullpadel anti -vibrators<br \/>\nTake this opportunity and enjoy a more comfortable and safe game. You are already an occasional player or a usual competitor, the Bullpadel Ease Vibe will make a difference in your performance.<\/p>\n<p>Available now in our online store <a href=\"https:\/\/www.revolutionpadelstore.com\/\"> www.revolutionpadelstore.com <\/a><br \/>\n<em> Probably at the best market price! <\/em><\/p>\n","protected":false},"excerpt":{"rendered":"<p>Pack of 4 units of bullpadel ease vibe antivibrators, designed to decrease up to 60% vibrations after the impact with the ball. Improve stability and provide a more comfortable feeling of hitting.<\/p>\n","protected":false},"featured_media":263032,"comment_status":"open","ping_status":"closed","template":"","meta":{"_acf_changed":false,"_joinchat":[]},"acabado":[],"balance":[],"dureza":[],"forma":[],"jugador":[],"marca":[1258],"nivel-de-juego":[],"superficie":[],"tipo-de-juego":[],"product_brand":[],"product_cat":[562],"product_tag":[],"class_list":{"0":"post-263047","1":"product","2":"type-product","3":"status-publish","4":"has-post-thumbnail","6":"marca-bullpadel-en","7":"product_cat-accessories","9":"first","10":"instock","11":"sale","12":"taxable","13":"shipping-taxable","14":"purchasable","15":"product-type-simple"},"acf":[],"yoast_head":"<!-- This site is optimized with the Yoast SEO plugin v27.4 - https:\/\/yoast.com\/product\/yoast-seo-wordpress\/ -->\n<title>BLISTER (4 UDS) ANTIVIBRADOR BULLPADEL EASE VIBE NEGRO - Revolution Padel Store<\/title>\n<meta name=\"description\" content=\"Aprovecha esta oportunidad y disfruta de un juego m\u00e1s c\u00f3modo y seguro. Ya seas un jugador ocasional o un competidor habitual, el Bullpadel Ease Vibe marcar\u00e1 la diferencia en tu rendimiento.\" \/>\n<meta name=\"robots\" content=\"index, follow, max-snippet:-1, max-image-preview:large, max-video-preview:-1\" \/>\n<link rel=\"canonical\" href=\"https:\/\/revolutionpadelstore.com\/en\/blister-4-uds-antivibrador-bullpadel-ease-vibe-negro-2\/\" \/>\n<meta property=\"og:locale\" content=\"en_US\" \/>\n<meta property=\"og:type\" content=\"article\" \/>\n<meta property=\"og:title\" content=\"BLISTER (4 UDS) ANTIVIBRADOR BULLPADEL EASE VIBE NEGRO - Revolution Padel Store\" \/>\n<meta property=\"og:description\" content=\"Aprovecha esta oportunidad y disfruta de un juego m\u00e1s c\u00f3modo y seguro. Ya seas un jugador ocasional o un competidor habitual, el Bullpadel Ease Vibe marcar\u00e1 la diferencia en tu rendimiento.\" \/>\n<meta property=\"og:url\" content=\"https:\/\/revolutionpadelstore.com\/en\/blister-4-uds-antivibrador-bullpadel-ease-vibe-negro-2\/\" \/>\n<meta property=\"og:site_name\" content=\"Revolution Padel Store\" \/>\n<meta property=\"article:modified_time\" content=\"2026-04-08T03:05:53+00:00\" \/>\n<meta property=\"og:image\" content=\"https:\/\/revolutionpadelstore.com\/wp-content\/uploads\/2025\/05\/113837_blister_4_uds_antivibrador_ease_vibe_bullpadel_005_negro_448292_1200x120_b6ef.webp\" \/>\n\t<meta property=\"og:image:width\" content=\"1200\" \/>\n\t<meta property=\"og:image:height\" content=\"1200\" \/>\n\t<meta property=\"og:image:type\" content=\"image\/webp\" \/>\n<meta name=\"twitter:card\" content=\"summary_large_image\" \/>\n<meta name=\"twitter:label1\" content=\"Est. reading time\" \/>\n\t<meta name=\"twitter:data1\" content=\"2 minutes\" \/>\n<script type=\"application\/ld+json\" class=\"yoast-schema-graph\">{\"@context\":\"https:\\\/\\\/schema.org\",\"@graph\":[{\"@type\":\"WebPage\",\"@id\":\"https:\\\/\\\/revolutionpadelstore.com\\\/en\\\/blister-4-uds-antivibrador-bullpadel-ease-vibe-negro-2\\\/\",\"url\":\"https:\\\/\\\/revolutionpadelstore.com\\\/en\\\/blister-4-uds-antivibrador-bullpadel-ease-vibe-negro-2\\\/\",\"name\":\"BLISTER (4 UDS) ANTIVIBRADOR BULLPADEL EASE VIBE NEGRO - Revolution Padel Store\",\"isPartOf\":{\"@id\":\"https:\\\/\\\/revolutionpadelstore.com\\\/en\\\/#website\"},\"primaryImageOfPage\":{\"@id\":\"https:\\\/\\\/revolutionpadelstore.com\\\/en\\\/blister-4-uds-antivibrador-bullpadel-ease-vibe-negro-2\\\/#primaryimage\"},\"image\":{\"@id\":\"https:\\\/\\\/revolutionpadelstore.com\\\/en\\\/blister-4-uds-antivibrador-bullpadel-ease-vibe-negro-2\\\/#primaryimage\"},\"thumbnailUrl\":\"https:\\\/\\\/revolutionpadelstore.com\\\/wp-content\\\/uploads\\\/2025\\\/05\\\/113837_blister_4_uds_antivibrador_ease_vibe_bullpadel_005_negro_448292_1200x120_b6ef.webp\",\"datePublished\":\"2025-05-15T14:44:10+00:00\",\"dateModified\":\"2026-04-08T03:05:53+00:00\",\"description\":\"Aprovecha esta oportunidad y disfruta de un juego m\u00e1s c\u00f3modo y seguro. Ya seas un jugador ocasional o un competidor habitual, el Bullpadel Ease Vibe marcar\u00e1 la diferencia en tu rendimiento.\",\"breadcrumb\":{\"@id\":\"https:\\\/\\\/revolutionpadelstore.com\\\/en\\\/blister-4-uds-antivibrador-bullpadel-ease-vibe-negro-2\\\/#breadcrumb\"},\"inLanguage\":\"en-US\",\"potentialAction\":[{\"@type\":\"ReadAction\",\"target\":[\"https:\\\/\\\/revolutionpadelstore.com\\\/en\\\/blister-4-uds-antivibrador-bullpadel-ease-vibe-negro-2\\\/\"]}]},{\"@type\":\"ImageObject\",\"inLanguage\":\"en-US\",\"@id\":\"https:\\\/\\\/revolutionpadelstore.com\\\/en\\\/blister-4-uds-antivibrador-bullpadel-ease-vibe-negro-2\\\/#primaryimage\",\"url\":\"https:\\\/\\\/revolutionpadelstore.com\\\/wp-content\\\/uploads\\\/2025\\\/05\\\/113837_blister_4_uds_antivibrador_ease_vibe_bullpadel_005_negro_448292_1200x120_b6ef.webp\",\"contentUrl\":\"https:\\\/\\\/revolutionpadelstore.com\\\/wp-content\\\/uploads\\\/2025\\\/05\\\/113837_blister_4_uds_antivibrador_ease_vibe_bullpadel_005_negro_448292_1200x120_b6ef.webp\",\"width\":1200,\"height\":1200},{\"@type\":\"BreadcrumbList\",\"@id\":\"https:\\\/\\\/revolutionpadelstore.com\\\/en\\\/blister-4-uds-antivibrador-bullpadel-ease-vibe-negro-2\\\/#breadcrumb\",\"itemListElement\":[{\"@type\":\"ListItem\",\"position\":1,\"name\":\"Portada\",\"item\":\"https:\\\/\\\/revolutionpadelstore.com\\\/en\\\/\"},{\"@type\":\"ListItem\",\"position\":2,\"name\":\"Shop\",\"item\":\"https:\\\/\\\/revolutionpadelstore.com\\\/en\\\/shop\\\/\"},{\"@type\":\"ListItem\",\"position\":3,\"name\":\"BLISTER (4 UDS) ANTIVIBRADOR BULLPADEL EASE VIBE NEGRO\"}]},{\"@type\":\"WebSite\",\"@id\":\"https:\\\/\\\/revolutionpadelstore.com\\\/en\\\/#website\",\"url\":\"https:\\\/\\\/revolutionpadelstore.com\\\/en\\\/\",\"name\":\"Revolution Padel Store\",\"description\":\"\",\"publisher\":{\"@id\":\"https:\\\/\\\/revolutionpadelstore.com\\\/en\\\/#organization\"},\"potentialAction\":[{\"@type\":\"SearchAction\",\"target\":{\"@type\":\"EntryPoint\",\"urlTemplate\":\"https:\\\/\\\/revolutionpadelstore.com\\\/en\\\/?s={search_term_string}\"},\"query-input\":{\"@type\":\"PropertyValueSpecification\",\"valueRequired\":true,\"valueName\":\"search_term_string\"}}],\"inLanguage\":\"en-US\"},{\"@type\":\"Organization\",\"@id\":\"https:\\\/\\\/revolutionpadelstore.com\\\/en\\\/#organization\",\"name\":\"Revolution Padel Store\",\"url\":\"https:\\\/\\\/revolutionpadelstore.com\\\/en\\\/\",\"logo\":{\"@type\":\"ImageObject\",\"inLanguage\":\"en-US\",\"@id\":\"https:\\\/\\\/revolutionpadelstore.com\\\/en\\\/#\\\/schema\\\/logo\\\/image\\\/\",\"url\":\"https:\\\/\\\/revolutionpadelstore.com\\\/wp-content\\\/uploads\\\/2026\\\/02\\\/revolution-padel-store.jpg\",\"contentUrl\":\"https:\\\/\\\/revolutionpadelstore.com\\\/wp-content\\\/uploads\\\/2026\\\/02\\\/revolution-padel-store.jpg\",\"width\":2000,\"height\":2000,\"caption\":\"Revolution Padel Store\"},\"image\":{\"@id\":\"https:\\\/\\\/revolutionpadelstore.com\\\/en\\\/#\\\/schema\\\/logo\\\/image\\\/\"},\"sameAs\":[\"https:\\\/\\\/www.instagram.com\\\/revolutionpadelstore\\\/\"]}]}<\/script>\n<!-- \/ Yoast SEO plugin. -->","yoast_head_json":{"title":"BLISTER (4 UDS) ANTIVIBRADOR BULLPADEL EASE VIBE NEGRO - Revolution Padel Store","description":"Aprovecha esta oportunidad y disfruta de un juego m\u00e1s c\u00f3modo y seguro. Ya seas un jugador ocasional o un competidor habitual, el Bullpadel Ease Vibe marcar\u00e1 la diferencia en tu rendimiento.","robots":{"index":"index","follow":"follow","max-snippet":"max-snippet:-1","max-image-preview":"max-image-preview:large","max-video-preview":"max-video-preview:-1"},"canonical":"https:\/\/revolutionpadelstore.com\/en\/blister-4-uds-antivibrador-bullpadel-ease-vibe-negro-2\/","og_locale":"en_US","og_type":"article","og_title":"BLISTER (4 UDS) ANTIVIBRADOR BULLPADEL EASE VIBE NEGRO - Revolution Padel Store","og_description":"Aprovecha esta oportunidad y disfruta de un juego m\u00e1s c\u00f3modo y seguro. Ya seas un jugador ocasional o un competidor habitual, el Bullpadel Ease Vibe marcar\u00e1 la diferencia en tu rendimiento.","og_url":"https:\/\/revolutionpadelstore.com\/en\/blister-4-uds-antivibrador-bullpadel-ease-vibe-negro-2\/","og_site_name":"Revolution Padel Store","article_modified_time":"2026-04-08T03:05:53+00:00","og_image":[{"width":1200,"height":1200,"url":"https:\/\/revolutionpadelstore.com\/wp-content\/uploads\/2025\/05\/113837_blister_4_uds_antivibrador_ease_vibe_bullpadel_005_negro_448292_1200x120_b6ef.webp","type":"image\/webp"}],"twitter_card":"summary_large_image","twitter_misc":{"Est. reading time":"2 minutes"},"schema":{"@context":"https:\/\/schema.org","@graph":[{"@type":"WebPage","@id":"https:\/\/revolutionpadelstore.com\/en\/blister-4-uds-antivibrador-bullpadel-ease-vibe-negro-2\/","url":"https:\/\/revolutionpadelstore.com\/en\/blister-4-uds-antivibrador-bullpadel-ease-vibe-negro-2\/","name":"BLISTER (4 UDS) ANTIVIBRADOR BULLPADEL EASE VIBE NEGRO - Revolution Padel Store","isPartOf":{"@id":"https:\/\/revolutionpadelstore.com\/en\/#website"},"primaryImageOfPage":{"@id":"https:\/\/revolutionpadelstore.com\/en\/blister-4-uds-antivibrador-bullpadel-ease-vibe-negro-2\/#primaryimage"},"image":{"@id":"https:\/\/revolutionpadelstore.com\/en\/blister-4-uds-antivibrador-bullpadel-ease-vibe-negro-2\/#primaryimage"},"thumbnailUrl":"https:\/\/revolutionpadelstore.com\/wp-content\/uploads\/2025\/05\/113837_blister_4_uds_antivibrador_ease_vibe_bullpadel_005_negro_448292_1200x120_b6ef.webp","datePublished":"2025-05-15T14:44:10+00:00","dateModified":"2026-04-08T03:05:53+00:00","description":"Aprovecha esta oportunidad y disfruta de un juego m\u00e1s c\u00f3modo y seguro. Ya seas un jugador ocasional o un competidor habitual, el Bullpadel Ease Vibe marcar\u00e1 la diferencia en tu rendimiento.","breadcrumb":{"@id":"https:\/\/revolutionpadelstore.com\/en\/blister-4-uds-antivibrador-bullpadel-ease-vibe-negro-2\/#breadcrumb"},"inLanguage":"en-US","potentialAction":[{"@type":"ReadAction","target":["https:\/\/revolutionpadelstore.com\/en\/blister-4-uds-antivibrador-bullpadel-ease-vibe-negro-2\/"]}]},{"@type":"ImageObject","inLanguage":"en-US","@id":"https:\/\/revolutionpadelstore.com\/en\/blister-4-uds-antivibrador-bullpadel-ease-vibe-negro-2\/#primaryimage","url":"https:\/\/revolutionpadelstore.com\/wp-content\/uploads\/2025\/05\/113837_blister_4_uds_antivibrador_ease_vibe_bullpadel_005_negro_448292_1200x120_b6ef.webp","contentUrl":"https:\/\/revolutionpadelstore.com\/wp-content\/uploads\/2025\/05\/113837_blister_4_uds_antivibrador_ease_vibe_bullpadel_005_negro_448292_1200x120_b6ef.webp","width":1200,"height":1200},{"@type":"BreadcrumbList","@id":"https:\/\/revolutionpadelstore.com\/en\/blister-4-uds-antivibrador-bullpadel-ease-vibe-negro-2\/#breadcrumb","itemListElement":[{"@type":"ListItem","position":1,"name":"Portada","item":"https:\/\/revolutionpadelstore.com\/en\/"},{"@type":"ListItem","position":2,"name":"Shop","item":"https:\/\/revolutionpadelstore.com\/en\/shop\/"},{"@type":"ListItem","position":3,"name":"BLISTER (4 UDS) ANTIVIBRADOR BULLPADEL EASE VIBE NEGRO"}]},{"@type":"WebSite","@id":"https:\/\/revolutionpadelstore.com\/en\/#website","url":"https:\/\/revolutionpadelstore.com\/en\/","name":"Revolution Padel Store","description":"","publisher":{"@id":"https:\/\/revolutionpadelstore.com\/en\/#organization"},"potentialAction":[{"@type":"SearchAction","target":{"@type":"EntryPoint","urlTemplate":"https:\/\/revolutionpadelstore.com\/en\/?s={search_term_string}"},"query-input":{"@type":"PropertyValueSpecification","valueRequired":true,"valueName":"search_term_string"}}],"inLanguage":"en-US"},{"@type":"Organization","@id":"https:\/\/revolutionpadelstore.com\/en\/#organization","name":"Revolution Padel Store","url":"https:\/\/revolutionpadelstore.com\/en\/","logo":{"@type":"ImageObject","inLanguage":"en-US","@id":"https:\/\/revolutionpadelstore.com\/en\/#\/schema\/logo\/image\/","url":"https:\/\/revolutionpadelstore.com\/wp-content\/uploads\/2026\/02\/revolution-padel-store.jpg","contentUrl":"https:\/\/revolutionpadelstore.com\/wp-content\/uploads\/2026\/02\/revolution-padel-store.jpg","width":2000,"height":2000,"caption":"Revolution Padel Store"},"image":{"@id":"https:\/\/revolutionpadelstore.com\/en\/#\/schema\/logo\/image\/"},"sameAs":["https:\/\/www.instagram.com\/revolutionpadelstore\/"]}]}},"_links":{"self":[{"href":"https:\/\/revolutionpadelstore.com\/en\/wp-json\/wp\/v2\/product\/263047","targetHints":{"allow":["GET"]}}],"collection":[{"href":"https:\/\/revolutionpadelstore.com\/en\/wp-json\/wp\/v2\/product"}],"about":[{"href":"https:\/\/revolutionpadelstore.com\/en\/wp-json\/wp\/v2\/types\/product"}],"replies":[{"embeddable":true,"href":"https:\/\/revolutionpadelstore.com\/en\/wp-json\/wp\/v2\/comments?post=263047"}],"wp:featuredmedia":[{"embeddable":true,"href":"https:\/\/revolutionpadelstore.com\/en\/wp-json\/wp\/v2\/media\/263032"}],"wp:attachment":[{"href":"https:\/\/revolutionpadelstore.com\/en\/wp-json\/wp\/v2\/media?parent=263047"}],"wp:term":[{"taxonomy":"acabado","embeddable":true,"href":"https:\/\/revolutionpadelstore.com\/en\/wp-json\/wp\/v2\/acabado?post=263047"},{"taxonomy":"balance","embeddable":true,"href":"https:\/\/revolutionpadelstore.com\/en\/wp-json\/wp\/v2\/balance?post=263047"},{"taxonomy":"dureza","embeddable":true,"href":"https:\/\/revolutionpadelstore.com\/en\/wp-json\/wp\/v2\/dureza?post=263047"},{"taxonomy":"forma","embeddable":true,"href":"https:\/\/revolutionpadelstore.com\/en\/wp-json\/wp\/v2\/forma?post=263047"},{"taxonomy":"jugador","embeddable":true,"href":"https:\/\/revolutionpadelstore.com\/en\/wp-json\/wp\/v2\/jugador?post=263047"},{"taxonomy":"marca","embeddable":true,"href":"https:\/\/revolutionpadelstore.com\/en\/wp-json\/wp\/v2\/marca?post=263047"},{"taxonomy":"nivel-de-juego","embeddable":true,"href":"https:\/\/revolutionpadelstore.com\/en\/wp-json\/wp\/v2\/nivel-de-juego?post=263047"},{"taxonomy":"superficie","embeddable":true,"href":"https:\/\/revolutionpadelstore.com\/en\/wp-json\/wp\/v2\/superficie?post=263047"},{"taxonomy":"tipo-de-juego","embeddable":true,"href":"https:\/\/revolutionpadelstore.com\/en\/wp-json\/wp\/v2\/tipo-de-juego?post=263047"},{"taxonomy":"product_brand","embeddable":true,"href":"https:\/\/revolutionpadelstore.com\/en\/wp-json\/wp\/v2\/product_brand?post=263047"},{"taxonomy":"product_cat","embeddable":true,"href":"https:\/\/revolutionpadelstore.com\/en\/wp-json\/wp\/v2\/product_cat?post=263047"},{"taxonomy":"product_tag","embeddable":true,"href":"https:\/\/revolutionpadelstore.com\/en\/wp-json\/wp\/v2\/product_tag?post=263047"}],"curies":[{"name":"wp","href":"https:\/\/api.w.org\/{rel}","templated":true}]}}