{"id":218342,"date":"2025-03-12T19:22:51","date_gmt":"2025-03-12T18:22:51","guid":{"rendered":"https:\/\/revolutionpadelstore.com\/joma-smash-men-2591-blanco-multicolor\/"},"modified":"2026-04-08T05:48:40","modified_gmt":"2026-04-08T03:48:40","slug":"joma-smash-men-2591-blanco-multicolor-2","status":"publish","type":"product","link":"https:\/\/revolutionpadelstore.com\/en\/joma-smash-men-2591-blanco-multicolor-2\/","title":{"rendered":"JOMA SMASH MEN 2591 BLANCO MULTICOLOR"},"content":{"rendered":"<p><H2> Joma Smash 2591 Multicolor White Sneakers &#8211; Maximum Performance and Comfort on the Track <\/ h2><br \/>\nThe <strong> Joma Smash <\/strong> are the perfect ally for paddle players looking for <strong> performance, stability and avant -garde technology <\/strong>. Designed to offer superior cushioning and exceptional reactivity, these shoes guarantee the best performance on the track. <strong> Tolito Aguirre <\/strong> and other elite players trust them to achieve success.<br \/>\n<H2> Outstanding characteristics <\/ h2><\/p>\n<p style=\"padding-left: 40px\">-perspibility and optimal adjustment: the UPPER in technical mesh incorporates VTS technology, which optimizes ventilation and keeps its foot fresh throughout the game.<br \/>\n-Maximate protection and durability: rubber reinforcements in key areas with the protection system, avoiding premature wear.<br \/>\n-Ten high level: the midsole combines Phylon at the top and the innovative Reactive Ball technology in the lower one, absorbing impacts and improving reactivity.<br \/>\n-Estability and control: incorporates the Stabilis piece, which avoids unwanted torsions and improves balance in each movement.<br \/>\n-Arre and Optimal Slipping: Omni Sole of Durability Rubber, with small circular tacos, ideal to move quickly on hard surfaces. <\/p>\n<p><H2> Advanced Technologies <\/ h2><br \/>\n<P> <strong> -Durability <\/strong>: High resistance rubber for greater durability.<\/p>\n<p style=\"padding-left: 40px\"> <strong> -protection <\/strong>: material injected into the toe to reinforce resistance.<br \/>\n&lt;p style = &quot;Padding-Left: 40px;&quot;<\/p>\n<p style=\"padding-left: 40px\"> <strong> -Sportech <\/strong>: light and comfortable adjustment without annoying seams.<\/p>\n<p style=\"padding-left: 40px\"> <strong> -Stabilis <\/strong>: control and stability in each displacement. <\/p>\n<p style=\"padding-left: 40px\"> <strong> -vts <\/strong>: ventilation system to maintain an optimal temperature. <\/p>\n<p><H2> I considerate at the best price! <\/h2>\n<p>Discover the <strong> Joma Smash <\/strong> in our online store <strong> <a href=\"https:\/\/www.revolutionpadelstore.com\/\"> www.revolutionpadelstore.com <\/a> <\/strong>, probably the <strong> best market price <\/strong>. Equip yourself as a professional and dominate the track!<\/p>\n<h2>Zapatillas Joma Smash 2591 Blanco multicolor \u2013 M\u00e1ximo Rendimiento y Confort en la Pista<\/h2>\n","protected":false},"excerpt":{"rendered":"<p>The Joma Smash 2591 in multicolored white are perfect for paddle players looking for a balance between performance, stability and innovative technology. Its design is designed to offer higher cushioning and great reactivity, thus guaranteeing maximum performance on the track.<\/p>\n","protected":false},"featured_media":214902,"comment_status":"open","ping_status":"closed","template":"","meta":{"_acf_changed":false,"_joinchat":[]},"acabado":[],"balance":[],"dureza":[],"forma":[],"jugador":[1193],"marca":[1228],"nivel-de-juego":[],"superficie":[],"tipo-de-juego":[],"product_brand":[],"product_cat":[829],"product_tag":[],"class_list":{"0":"post-218342","1":"product","2":"type-product","3":"status-publish","4":"has-post-thumbnail","6":"jugador-hombre-en","7":"marca-joma-en","8":"product_cat-sneakers","10":"first","11":"outofstock","12":"sale","13":"taxable","14":"shipping-taxable","15":"purchasable","16":"product-type-variable"},"acf":[],"yoast_head":"<!-- This site is optimized with the Yoast SEO plugin v27.4 - https:\/\/yoast.com\/product\/yoast-seo-wordpress\/ -->\n<title>JOMA SMASH MEN 2591 BLANCO MULTICOLOR - Revolution Padel Store<\/title>\n<meta name=\"description\" content=\"Compra las Zapatillas Joma Smash al mejor precio en Revolution Padel Store. M\u00e1xima amortiguaci\u00f3n, estabilidad y tecnolog\u00eda avanzada para un rendimiento superior en p\u00e1del.\" \/>\n<meta name=\"robots\" content=\"index, follow, max-snippet:-1, max-image-preview:large, max-video-preview:-1\" \/>\n<link rel=\"canonical\" href=\"https:\/\/revolutionpadelstore.com\/en\/joma-smash-men-2591-blanco-multicolor-2\/\" \/>\n<meta property=\"og:locale\" content=\"en_US\" \/>\n<meta property=\"og:type\" content=\"article\" \/>\n<meta property=\"og:title\" content=\"JOMA SMASH MEN 2591 BLANCO MULTICOLOR - Revolution Padel Store\" \/>\n<meta property=\"og:description\" content=\"Compra las Zapatillas Joma Smash al mejor precio en Revolution Padel Store. M\u00e1xima amortiguaci\u00f3n, estabilidad y tecnolog\u00eda avanzada para un rendimiento superior en p\u00e1del.\" \/>\n<meta property=\"og:url\" content=\"https:\/\/revolutionpadelstore.com\/en\/joma-smash-men-2591-blanco-multicolor-2\/\" \/>\n<meta property=\"og:site_name\" content=\"Revolution Padel Store\" \/>\n<meta property=\"article:modified_time\" content=\"2026-04-08T03:48:40+00:00\" \/>\n<meta property=\"og:image\" content=\"https:\/\/revolutionpadelstore.com\/wp-content\/uploads\/2025\/03\/zapatillas-joma-smash-2592-blanco-multicolor-1-1100x1100-1.webp\" \/>\n\t<meta property=\"og:image:width\" content=\"1100\" \/>\n\t<meta property=\"og:image:height\" content=\"1100\" \/>\n\t<meta property=\"og:image:type\" content=\"image\/webp\" \/>\n<meta name=\"twitter:card\" content=\"summary_large_image\" \/>\n<meta name=\"twitter:label1\" content=\"Est. reading time\" \/>\n\t<meta name=\"twitter:data1\" content=\"2 minutes\" \/>\n<script type=\"application\/ld+json\" class=\"yoast-schema-graph\">{\"@context\":\"https:\\\/\\\/schema.org\",\"@graph\":[{\"@type\":\"WebPage\",\"@id\":\"https:\\\/\\\/revolutionpadelstore.com\\\/en\\\/joma-smash-men-2591-blanco-multicolor-2\\\/\",\"url\":\"https:\\\/\\\/revolutionpadelstore.com\\\/en\\\/joma-smash-men-2591-blanco-multicolor-2\\\/\",\"name\":\"JOMA SMASH MEN 2591 BLANCO MULTICOLOR - Revolution Padel Store\",\"isPartOf\":{\"@id\":\"https:\\\/\\\/revolutionpadelstore.com\\\/en\\\/#website\"},\"primaryImageOfPage\":{\"@id\":\"https:\\\/\\\/revolutionpadelstore.com\\\/en\\\/joma-smash-men-2591-blanco-multicolor-2\\\/#primaryimage\"},\"image\":{\"@id\":\"https:\\\/\\\/revolutionpadelstore.com\\\/en\\\/joma-smash-men-2591-blanco-multicolor-2\\\/#primaryimage\"},\"thumbnailUrl\":\"https:\\\/\\\/revolutionpadelstore.com\\\/wp-content\\\/uploads\\\/2025\\\/03\\\/zapatillas-joma-smash-2592-blanco-multicolor-1-1100x1100-1.webp\",\"datePublished\":\"2025-03-12T18:22:51+00:00\",\"dateModified\":\"2026-04-08T03:48:40+00:00\",\"description\":\"Compra las Zapatillas Joma Smash al mejor precio en Revolution Padel Store. M\u00e1xima amortiguaci\u00f3n, estabilidad y tecnolog\u00eda avanzada para un rendimiento superior en p\u00e1del.\",\"breadcrumb\":{\"@id\":\"https:\\\/\\\/revolutionpadelstore.com\\\/en\\\/joma-smash-men-2591-blanco-multicolor-2\\\/#breadcrumb\"},\"inLanguage\":\"en-US\",\"potentialAction\":[{\"@type\":\"ReadAction\",\"target\":[\"https:\\\/\\\/revolutionpadelstore.com\\\/en\\\/joma-smash-men-2591-blanco-multicolor-2\\\/\"]}]},{\"@type\":\"ImageObject\",\"inLanguage\":\"en-US\",\"@id\":\"https:\\\/\\\/revolutionpadelstore.com\\\/en\\\/joma-smash-men-2591-blanco-multicolor-2\\\/#primaryimage\",\"url\":\"https:\\\/\\\/revolutionpadelstore.com\\\/wp-content\\\/uploads\\\/2025\\\/03\\\/zapatillas-joma-smash-2592-blanco-multicolor-1-1100x1100-1.webp\",\"contentUrl\":\"https:\\\/\\\/revolutionpadelstore.com\\\/wp-content\\\/uploads\\\/2025\\\/03\\\/zapatillas-joma-smash-2592-blanco-multicolor-1-1100x1100-1.webp\",\"width\":1100,\"height\":1100},{\"@type\":\"BreadcrumbList\",\"@id\":\"https:\\\/\\\/revolutionpadelstore.com\\\/en\\\/joma-smash-men-2591-blanco-multicolor-2\\\/#breadcrumb\",\"itemListElement\":[{\"@type\":\"ListItem\",\"position\":1,\"name\":\"Portada\",\"item\":\"https:\\\/\\\/revolutionpadelstore.com\\\/en\\\/\"},{\"@type\":\"ListItem\",\"position\":2,\"name\":\"Shop\",\"item\":\"https:\\\/\\\/revolutionpadelstore.com\\\/en\\\/shop\\\/\"},{\"@type\":\"ListItem\",\"position\":3,\"name\":\"JOMA SMASH MEN 2591 BLANCO MULTICOLOR\"}]},{\"@type\":\"WebSite\",\"@id\":\"https:\\\/\\\/revolutionpadelstore.com\\\/en\\\/#website\",\"url\":\"https:\\\/\\\/revolutionpadelstore.com\\\/en\\\/\",\"name\":\"Revolution Padel Store\",\"description\":\"\",\"publisher\":{\"@id\":\"https:\\\/\\\/revolutionpadelstore.com\\\/en\\\/#organization\"},\"potentialAction\":[{\"@type\":\"SearchAction\",\"target\":{\"@type\":\"EntryPoint\",\"urlTemplate\":\"https:\\\/\\\/revolutionpadelstore.com\\\/en\\\/?s={search_term_string}\"},\"query-input\":{\"@type\":\"PropertyValueSpecification\",\"valueRequired\":true,\"valueName\":\"search_term_string\"}}],\"inLanguage\":\"en-US\"},{\"@type\":\"Organization\",\"@id\":\"https:\\\/\\\/revolutionpadelstore.com\\\/en\\\/#organization\",\"name\":\"Revolution Padel Store\",\"url\":\"https:\\\/\\\/revolutionpadelstore.com\\\/en\\\/\",\"logo\":{\"@type\":\"ImageObject\",\"inLanguage\":\"en-US\",\"@id\":\"https:\\\/\\\/revolutionpadelstore.com\\\/en\\\/#\\\/schema\\\/logo\\\/image\\\/\",\"url\":\"https:\\\/\\\/revolutionpadelstore.com\\\/wp-content\\\/uploads\\\/2026\\\/02\\\/revolution-padel-store.jpg\",\"contentUrl\":\"https:\\\/\\\/revolutionpadelstore.com\\\/wp-content\\\/uploads\\\/2026\\\/02\\\/revolution-padel-store.jpg\",\"width\":2000,\"height\":2000,\"caption\":\"Revolution Padel Store\"},\"image\":{\"@id\":\"https:\\\/\\\/revolutionpadelstore.com\\\/en\\\/#\\\/schema\\\/logo\\\/image\\\/\"},\"sameAs\":[\"https:\\\/\\\/www.instagram.com\\\/revolutionpadelstore\\\/\"]}]}<\/script>\n<!-- \/ Yoast SEO plugin. -->","yoast_head_json":{"title":"JOMA SMASH MEN 2591 BLANCO MULTICOLOR - Revolution Padel Store","description":"Compra las Zapatillas Joma Smash al mejor precio en Revolution Padel Store. M\u00e1xima amortiguaci\u00f3n, estabilidad y tecnolog\u00eda avanzada para un rendimiento superior en p\u00e1del.","robots":{"index":"index","follow":"follow","max-snippet":"max-snippet:-1","max-image-preview":"max-image-preview:large","max-video-preview":"max-video-preview:-1"},"canonical":"https:\/\/revolutionpadelstore.com\/en\/joma-smash-men-2591-blanco-multicolor-2\/","og_locale":"en_US","og_type":"article","og_title":"JOMA SMASH MEN 2591 BLANCO MULTICOLOR - Revolution Padel Store","og_description":"Compra las Zapatillas Joma Smash al mejor precio en Revolution Padel Store. M\u00e1xima amortiguaci\u00f3n, estabilidad y tecnolog\u00eda avanzada para un rendimiento superior en p\u00e1del.","og_url":"https:\/\/revolutionpadelstore.com\/en\/joma-smash-men-2591-blanco-multicolor-2\/","og_site_name":"Revolution Padel Store","article_modified_time":"2026-04-08T03:48:40+00:00","og_image":[{"width":1100,"height":1100,"url":"https:\/\/revolutionpadelstore.com\/wp-content\/uploads\/2025\/03\/zapatillas-joma-smash-2592-blanco-multicolor-1-1100x1100-1.webp","type":"image\/webp"}],"twitter_card":"summary_large_image","twitter_misc":{"Est. reading time":"2 minutes"},"schema":{"@context":"https:\/\/schema.org","@graph":[{"@type":"WebPage","@id":"https:\/\/revolutionpadelstore.com\/en\/joma-smash-men-2591-blanco-multicolor-2\/","url":"https:\/\/revolutionpadelstore.com\/en\/joma-smash-men-2591-blanco-multicolor-2\/","name":"JOMA SMASH MEN 2591 BLANCO MULTICOLOR - Revolution Padel Store","isPartOf":{"@id":"https:\/\/revolutionpadelstore.com\/en\/#website"},"primaryImageOfPage":{"@id":"https:\/\/revolutionpadelstore.com\/en\/joma-smash-men-2591-blanco-multicolor-2\/#primaryimage"},"image":{"@id":"https:\/\/revolutionpadelstore.com\/en\/joma-smash-men-2591-blanco-multicolor-2\/#primaryimage"},"thumbnailUrl":"https:\/\/revolutionpadelstore.com\/wp-content\/uploads\/2025\/03\/zapatillas-joma-smash-2592-blanco-multicolor-1-1100x1100-1.webp","datePublished":"2025-03-12T18:22:51+00:00","dateModified":"2026-04-08T03:48:40+00:00","description":"Compra las Zapatillas Joma Smash al mejor precio en Revolution Padel Store. M\u00e1xima amortiguaci\u00f3n, estabilidad y tecnolog\u00eda avanzada para un rendimiento superior en p\u00e1del.","breadcrumb":{"@id":"https:\/\/revolutionpadelstore.com\/en\/joma-smash-men-2591-blanco-multicolor-2\/#breadcrumb"},"inLanguage":"en-US","potentialAction":[{"@type":"ReadAction","target":["https:\/\/revolutionpadelstore.com\/en\/joma-smash-men-2591-blanco-multicolor-2\/"]}]},{"@type":"ImageObject","inLanguage":"en-US","@id":"https:\/\/revolutionpadelstore.com\/en\/joma-smash-men-2591-blanco-multicolor-2\/#primaryimage","url":"https:\/\/revolutionpadelstore.com\/wp-content\/uploads\/2025\/03\/zapatillas-joma-smash-2592-blanco-multicolor-1-1100x1100-1.webp","contentUrl":"https:\/\/revolutionpadelstore.com\/wp-content\/uploads\/2025\/03\/zapatillas-joma-smash-2592-blanco-multicolor-1-1100x1100-1.webp","width":1100,"height":1100},{"@type":"BreadcrumbList","@id":"https:\/\/revolutionpadelstore.com\/en\/joma-smash-men-2591-blanco-multicolor-2\/#breadcrumb","itemListElement":[{"@type":"ListItem","position":1,"name":"Portada","item":"https:\/\/revolutionpadelstore.com\/en\/"},{"@type":"ListItem","position":2,"name":"Shop","item":"https:\/\/revolutionpadelstore.com\/en\/shop\/"},{"@type":"ListItem","position":3,"name":"JOMA SMASH MEN 2591 BLANCO MULTICOLOR"}]},{"@type":"WebSite","@id":"https:\/\/revolutionpadelstore.com\/en\/#website","url":"https:\/\/revolutionpadelstore.com\/en\/","name":"Revolution Padel Store","description":"","publisher":{"@id":"https:\/\/revolutionpadelstore.com\/en\/#organization"},"potentialAction":[{"@type":"SearchAction","target":{"@type":"EntryPoint","urlTemplate":"https:\/\/revolutionpadelstore.com\/en\/?s={search_term_string}"},"query-input":{"@type":"PropertyValueSpecification","valueRequired":true,"valueName":"search_term_string"}}],"inLanguage":"en-US"},{"@type":"Organization","@id":"https:\/\/revolutionpadelstore.com\/en\/#organization","name":"Revolution Padel Store","url":"https:\/\/revolutionpadelstore.com\/en\/","logo":{"@type":"ImageObject","inLanguage":"en-US","@id":"https:\/\/revolutionpadelstore.com\/en\/#\/schema\/logo\/image\/","url":"https:\/\/revolutionpadelstore.com\/wp-content\/uploads\/2026\/02\/revolution-padel-store.jpg","contentUrl":"https:\/\/revolutionpadelstore.com\/wp-content\/uploads\/2026\/02\/revolution-padel-store.jpg","width":2000,"height":2000,"caption":"Revolution Padel Store"},"image":{"@id":"https:\/\/revolutionpadelstore.com\/en\/#\/schema\/logo\/image\/"},"sameAs":["https:\/\/www.instagram.com\/revolutionpadelstore\/"]}]}},"_links":{"self":[{"href":"https:\/\/revolutionpadelstore.com\/en\/wp-json\/wp\/v2\/product\/218342","targetHints":{"allow":["GET"]}}],"collection":[{"href":"https:\/\/revolutionpadelstore.com\/en\/wp-json\/wp\/v2\/product"}],"about":[{"href":"https:\/\/revolutionpadelstore.com\/en\/wp-json\/wp\/v2\/types\/product"}],"replies":[{"embeddable":true,"href":"https:\/\/revolutionpadelstore.com\/en\/wp-json\/wp\/v2\/comments?post=218342"}],"wp:featuredmedia":[{"embeddable":true,"href":"https:\/\/revolutionpadelstore.com\/en\/wp-json\/wp\/v2\/media\/214902"}],"wp:attachment":[{"href":"https:\/\/revolutionpadelstore.com\/en\/wp-json\/wp\/v2\/media?parent=218342"}],"wp:term":[{"taxonomy":"acabado","embeddable":true,"href":"https:\/\/revolutionpadelstore.com\/en\/wp-json\/wp\/v2\/acabado?post=218342"},{"taxonomy":"balance","embeddable":true,"href":"https:\/\/revolutionpadelstore.com\/en\/wp-json\/wp\/v2\/balance?post=218342"},{"taxonomy":"dureza","embeddable":true,"href":"https:\/\/revolutionpadelstore.com\/en\/wp-json\/wp\/v2\/dureza?post=218342"},{"taxonomy":"forma","embeddable":true,"href":"https:\/\/revolutionpadelstore.com\/en\/wp-json\/wp\/v2\/forma?post=218342"},{"taxonomy":"jugador","embeddable":true,"href":"https:\/\/revolutionpadelstore.com\/en\/wp-json\/wp\/v2\/jugador?post=218342"},{"taxonomy":"marca","embeddable":true,"href":"https:\/\/revolutionpadelstore.com\/en\/wp-json\/wp\/v2\/marca?post=218342"},{"taxonomy":"nivel-de-juego","embeddable":true,"href":"https:\/\/revolutionpadelstore.com\/en\/wp-json\/wp\/v2\/nivel-de-juego?post=218342"},{"taxonomy":"superficie","embeddable":true,"href":"https:\/\/revolutionpadelstore.com\/en\/wp-json\/wp\/v2\/superficie?post=218342"},{"taxonomy":"tipo-de-juego","embeddable":true,"href":"https:\/\/revolutionpadelstore.com\/en\/wp-json\/wp\/v2\/tipo-de-juego?post=218342"},{"taxonomy":"product_brand","embeddable":true,"href":"https:\/\/revolutionpadelstore.com\/en\/wp-json\/wp\/v2\/product_brand?post=218342"},{"taxonomy":"product_cat","embeddable":true,"href":"https:\/\/revolutionpadelstore.com\/en\/wp-json\/wp\/v2\/product_cat?post=218342"},{"taxonomy":"product_tag","embeddable":true,"href":"https:\/\/revolutionpadelstore.com\/en\/wp-json\/wp\/v2\/product_tag?post=218342"}],"curies":[{"name":"wp","href":"https:\/\/api.w.org\/{rel}","templated":true}]}}