{"id":217694,"date":"2025-04-11T20:42:20","date_gmt":"2025-04-11T18:42:20","guid":{"rendered":"https:\/\/revolutionpadelstore.com\/nox-ml10-pro-cup-silver-2025\/"},"modified":"2026-04-01T02:17:06","modified_gmt":"2026-04-01T00:17:06","slug":"nox-ml10-pro-cup-silver-2025-2","status":"publish","type":"product","link":"https:\/\/revolutionpadelstore.com\/en\/nox-ml10-pro-cup-silver-2025-2\/","title":{"rendered":"NOX ML10 PRO CUP SILVER 2025"},"content":{"rendered":"<p><H2> NOX ML10 PRO CUP SILVER 2025-LIGEREZ<br \/>\nI discovered the new <strong> nox ml10 pro cup Silver 2025 <\/strong>, an evolution of the classic most loved by players of all levels. Designed next to the charismatic <strong> Miguel Lamperti <\/strong>, this round shovel offers a perfect balance between <strong> control, power and maneuverability <\/strong>, with a lighter and more agile construction than its predecessor. Ideal for those who seek precision without giving up solid sensations in each blow.<br \/>\n<H2> Why choose the NOX ML10 PRO CUP SILVER 2025?<br \/>\n&lt;p style = &quot;padding-left: 40px;&quot;<\/p>\n<p style=\"padding-left: 40px\"> <strong>-intermediate Tact<br \/>\n&lt;P Style = &quot;Padding-Left: 40px;&quot;<br \/>\n&lt;P Style = &quot;Padding-Left: 40px;&quot;<br \/>\n&lt;P style = &quot;Padding-Left: 40px;&quot;<\/p>\n<p><H2> TECHNICAL CHARACTERISTICS <\/H2><\/p>\n<p style=\"padding-left: 40px\"> <strong> -forma <\/strong>: round <\/p>\n<p style=\"padding-left: 40px\"> <strong> -grosor <\/strong>: 38 mm <\/p>\n<p style=\"padding-left: 40px\"> <strong> -nucole <\/strong>: hr3 <\/p>\n<p><P> <strong> -Marco <\/strong>: Carbon <\/p>\n<p> <strong> -Cara <\/strong>: Fiber Glass Silver <\/p>\n<p><P> <strong> -control <\/strong>: 95\/100 <\/p>\n<p>&lt;p style = &quot;Padding-Left: 40px;&quot;<\/p>\n<p><H2> Outstanding technologies <\/h2>\n<p>&lt;p style = &quot;Padding-Left: 40px;&quot;<\/p>\n<p style=\"padding-left: 40px\"> <strong> -hr3 core <\/strong>: high density rubber with excellent memory to maximize power.<\/p>\n<p style=\"padding-left: 40px\"> <strong> -Carbon Frame <\/strong>: Carbon structure for a firm and lasting shovel.<br \/>\n&lt;p style = &quot;padding-left: 40px;&quot;<\/p>\n<p><H2> A shovel for all types of players <\/ h2><br \/>\nWhether you are taking your first steps and if you seek to compete at high level, the <strong> ml10 pro cup silver 2025 <\/strong> is a shovel that will not fail you. Its balance, manageability and power make it one of the <strong> best paddle shovels <\/strong> available today, ideal for those who value performance without giving up comfort.<br \/>\n<H2> Feel the legacy Lamperti at each point!<br \/>\nDo not stay without trying one of the most iconic blades on the market. Available now in our online store <a href=\"https:\/\/www.revolutionpadelstore.com\/\"> www.revolutionpadelstore.com <\/a>, probably <strong> at the best market price <\/strong>.<\/p>\n<h2>Nox ML10 Pro Cup Silver 2025-Ligereza, control y el legado de un icono: la pala m\u00e1s vers\u00e1til de Nox<\/h2>\n","protected":false},"excerpt":{"rendered":"<p>I discovered the new <strong> nox ml10 pro cup Silver 2025 <\/strong>, an evolution of the classic most loved by players of all levels. Designed next to the charismatic <strong> Miguel Lamperti <\/strong>, this round shovel offers a perfect balance between <strong> control, power and maneuverability <\/strong>, with a lighter and more agile construction than its predecessor.<strong>Nox ML10 Pro Cup Silver 2025<\/strong><\/p>\n","protected":false},"featured_media":217653,"comment_status":"open","ping_status":"closed","template":"","meta":{"_acf_changed":false,"_joinchat":[]},"acabado":[1083],"balance":[1148],"dureza":[1158],"forma":[1183],"jugador":[1198],"marca":[1263],"nivel-de-juego":[1343],"superficie":[1358],"tipo-de-juego":[1373,1388],"product_brand":[],"product_cat":[303],"product_tag":[],"class_list":{"0":"post-217694","1":"product","2":"type-product","3":"status-publish","4":"has-post-thumbnail","6":"acabado-brightness","7":"balance-bajo-en","8":"dureza-media-en","9":"forma-redonda-en","10":"jugador-woman","11":"marca-nox-en","12":"superficie-lisa-en","13":"tipo-de-juego-control-en","14":"tipo-de-juego-multipurpose","15":"product_cat-palas","17":"first","18":"instock","19":"sale","20":"taxable","21":"shipping-taxable","22":"purchasable","23":"product-type-simple"},"acf":[],"yoast_head":"<!-- This site is optimized with the Yoast SEO plugin v27.3 - https:\/\/yoast.com\/product\/yoast-seo-wordpress\/ -->\n<title>NOX ML10 PRO CUP SILVER 2025 - Revolution Padel Store<\/title>\n<meta name=\"description\" content=\"Descubr\u00ed la Nox ML10 Pro Cup Silver 2025: pala redonda, ligera y potente, con n\u00facleo HR3, marco de carbono y tecnolog\u00eda Smartstrap. Ideal para todo tipo de jugadores. \u00a1Ya en Revolution Padel Store al mejor precio!\" \/>\n<meta name=\"robots\" content=\"index, follow, max-snippet:-1, max-image-preview:large, max-video-preview:-1\" \/>\n<link rel=\"canonical\" href=\"https:\/\/revolutionpadelstore.com\/en\/nox-ml10-pro-cup-silver-2025-2\/\" \/>\n<meta property=\"og:locale\" content=\"en_US\" \/>\n<meta property=\"og:type\" content=\"article\" \/>\n<meta property=\"og:title\" content=\"NOX ML10 PRO CUP SILVER 2025 - Revolution Padel Store\" \/>\n<meta property=\"og:description\" content=\"Descubr\u00ed la Nox ML10 Pro Cup Silver 2025: pala redonda, ligera y potente, con n\u00facleo HR3, marco de carbono y tecnolog\u00eda Smartstrap. Ideal para todo tipo de jugadores. \u00a1Ya en Revolution Padel Store al mejor precio!\" \/>\n<meta property=\"og:url\" content=\"https:\/\/revolutionpadelstore.com\/en\/nox-ml10-pro-cup-silver-2025-2\/\" \/>\n<meta property=\"og:site_name\" content=\"Revolution Padel Store\" \/>\n<meta property=\"article:modified_time\" content=\"2026-04-01T00:17:06+00:00\" \/>\n<meta property=\"og:image\" content=\"https:\/\/revolutionpadelstore.com\/wp-content\/uploads\/2025\/04\/222.png\" \/>\n\t<meta property=\"og:image:width\" content=\"1500\" \/>\n\t<meta property=\"og:image:height\" content=\"1500\" \/>\n\t<meta property=\"og:image:type\" content=\"image\/png\" \/>\n<meta name=\"twitter:card\" content=\"summary_large_image\" \/>\n<meta name=\"twitter:label1\" content=\"Est. reading time\" \/>\n\t<meta name=\"twitter:data1\" content=\"2 minutes\" \/>\n<script type=\"application\/ld+json\" class=\"yoast-schema-graph\">{\"@context\":\"https:\\\/\\\/schema.org\",\"@graph\":[{\"@type\":\"WebPage\",\"@id\":\"https:\\\/\\\/revolutionpadelstore.com\\\/en\\\/nox-ml10-pro-cup-silver-2025-2\\\/\",\"url\":\"https:\\\/\\\/revolutionpadelstore.com\\\/en\\\/nox-ml10-pro-cup-silver-2025-2\\\/\",\"name\":\"NOX ML10 PRO CUP SILVER 2025 - Revolution Padel Store\",\"isPartOf\":{\"@id\":\"https:\\\/\\\/revolutionpadelstore.com\\\/en\\\/#website\"},\"primaryImageOfPage\":{\"@id\":\"https:\\\/\\\/revolutionpadelstore.com\\\/en\\\/nox-ml10-pro-cup-silver-2025-2\\\/#primaryimage\"},\"image\":{\"@id\":\"https:\\\/\\\/revolutionpadelstore.com\\\/en\\\/nox-ml10-pro-cup-silver-2025-2\\\/#primaryimage\"},\"thumbnailUrl\":\"https:\\\/\\\/revolutionpadelstore.com\\\/wp-content\\\/uploads\\\/2025\\\/04\\\/222.png\",\"datePublished\":\"2025-04-11T18:42:20+00:00\",\"dateModified\":\"2026-04-01T00:17:06+00:00\",\"description\":\"Descubr\u00ed la Nox ML10 Pro Cup Silver 2025: pala redonda, ligera y potente, con n\u00facleo HR3, marco de carbono y tecnolog\u00eda Smartstrap. Ideal para todo tipo de jugadores. \u00a1Ya en Revolution Padel Store al mejor precio!\",\"breadcrumb\":{\"@id\":\"https:\\\/\\\/revolutionpadelstore.com\\\/en\\\/nox-ml10-pro-cup-silver-2025-2\\\/#breadcrumb\"},\"inLanguage\":\"en-US\",\"potentialAction\":[{\"@type\":\"ReadAction\",\"target\":[\"https:\\\/\\\/revolutionpadelstore.com\\\/en\\\/nox-ml10-pro-cup-silver-2025-2\\\/\"]}]},{\"@type\":\"ImageObject\",\"inLanguage\":\"en-US\",\"@id\":\"https:\\\/\\\/revolutionpadelstore.com\\\/en\\\/nox-ml10-pro-cup-silver-2025-2\\\/#primaryimage\",\"url\":\"https:\\\/\\\/revolutionpadelstore.com\\\/wp-content\\\/uploads\\\/2025\\\/04\\\/222.png\",\"contentUrl\":\"https:\\\/\\\/revolutionpadelstore.com\\\/wp-content\\\/uploads\\\/2025\\\/04\\\/222.png\",\"width\":1500,\"height\":1500},{\"@type\":\"BreadcrumbList\",\"@id\":\"https:\\\/\\\/revolutionpadelstore.com\\\/en\\\/nox-ml10-pro-cup-silver-2025-2\\\/#breadcrumb\",\"itemListElement\":[{\"@type\":\"ListItem\",\"position\":1,\"name\":\"Portada\",\"item\":\"https:\\\/\\\/revolutionpadelstore.com\\\/en\\\/\"},{\"@type\":\"ListItem\",\"position\":2,\"name\":\"Shop\",\"item\":\"https:\\\/\\\/revolutionpadelstore.com\\\/en\\\/shop\\\/\"},{\"@type\":\"ListItem\",\"position\":3,\"name\":\"NOX ML10 PRO CUP SILVER 2025\"}]},{\"@type\":\"WebSite\",\"@id\":\"https:\\\/\\\/revolutionpadelstore.com\\\/en\\\/#website\",\"url\":\"https:\\\/\\\/revolutionpadelstore.com\\\/en\\\/\",\"name\":\"Revolution Padel Store\",\"description\":\"\",\"publisher\":{\"@id\":\"https:\\\/\\\/revolutionpadelstore.com\\\/en\\\/#organization\"},\"potentialAction\":[{\"@type\":\"SearchAction\",\"target\":{\"@type\":\"EntryPoint\",\"urlTemplate\":\"https:\\\/\\\/revolutionpadelstore.com\\\/en\\\/?s={search_term_string}\"},\"query-input\":{\"@type\":\"PropertyValueSpecification\",\"valueRequired\":true,\"valueName\":\"search_term_string\"}}],\"inLanguage\":\"en-US\"},{\"@type\":\"Organization\",\"@id\":\"https:\\\/\\\/revolutionpadelstore.com\\\/en\\\/#organization\",\"name\":\"Revolution Padel Store\",\"url\":\"https:\\\/\\\/revolutionpadelstore.com\\\/en\\\/\",\"logo\":{\"@type\":\"ImageObject\",\"inLanguage\":\"en-US\",\"@id\":\"https:\\\/\\\/revolutionpadelstore.com\\\/en\\\/#\\\/schema\\\/logo\\\/image\\\/\",\"url\":\"https:\\\/\\\/revolutionpadelstore.com\\\/wp-content\\\/uploads\\\/2026\\\/02\\\/revolution-padel-store.jpg\",\"contentUrl\":\"https:\\\/\\\/revolutionpadelstore.com\\\/wp-content\\\/uploads\\\/2026\\\/02\\\/revolution-padel-store.jpg\",\"width\":2000,\"height\":2000,\"caption\":\"Revolution Padel Store\"},\"image\":{\"@id\":\"https:\\\/\\\/revolutionpadelstore.com\\\/en\\\/#\\\/schema\\\/logo\\\/image\\\/\"},\"sameAs\":[\"https:\\\/\\\/www.instagram.com\\\/revolutionpadelstore\\\/\"]}]}<\/script>\n<!-- \/ Yoast SEO plugin. -->","yoast_head_json":{"title":"NOX ML10 PRO CUP SILVER 2025 - Revolution Padel Store","description":"Descubr\u00ed la Nox ML10 Pro Cup Silver 2025: pala redonda, ligera y potente, con n\u00facleo HR3, marco de carbono y tecnolog\u00eda Smartstrap. Ideal para todo tipo de jugadores. \u00a1Ya en Revolution Padel Store al mejor precio!","robots":{"index":"index","follow":"follow","max-snippet":"max-snippet:-1","max-image-preview":"max-image-preview:large","max-video-preview":"max-video-preview:-1"},"canonical":"https:\/\/revolutionpadelstore.com\/en\/nox-ml10-pro-cup-silver-2025-2\/","og_locale":"en_US","og_type":"article","og_title":"NOX ML10 PRO CUP SILVER 2025 - Revolution Padel Store","og_description":"Descubr\u00ed la Nox ML10 Pro Cup Silver 2025: pala redonda, ligera y potente, con n\u00facleo HR3, marco de carbono y tecnolog\u00eda Smartstrap. Ideal para todo tipo de jugadores. \u00a1Ya en Revolution Padel Store al mejor precio!","og_url":"https:\/\/revolutionpadelstore.com\/en\/nox-ml10-pro-cup-silver-2025-2\/","og_site_name":"Revolution Padel Store","article_modified_time":"2026-04-01T00:17:06+00:00","og_image":[{"width":1500,"height":1500,"url":"https:\/\/revolutionpadelstore.com\/wp-content\/uploads\/2025\/04\/222.png","type":"image\/png"}],"twitter_card":"summary_large_image","twitter_misc":{"Est. reading time":"2 minutes"},"schema":{"@context":"https:\/\/schema.org","@graph":[{"@type":"WebPage","@id":"https:\/\/revolutionpadelstore.com\/en\/nox-ml10-pro-cup-silver-2025-2\/","url":"https:\/\/revolutionpadelstore.com\/en\/nox-ml10-pro-cup-silver-2025-2\/","name":"NOX ML10 PRO CUP SILVER 2025 - Revolution Padel Store","isPartOf":{"@id":"https:\/\/revolutionpadelstore.com\/en\/#website"},"primaryImageOfPage":{"@id":"https:\/\/revolutionpadelstore.com\/en\/nox-ml10-pro-cup-silver-2025-2\/#primaryimage"},"image":{"@id":"https:\/\/revolutionpadelstore.com\/en\/nox-ml10-pro-cup-silver-2025-2\/#primaryimage"},"thumbnailUrl":"https:\/\/revolutionpadelstore.com\/wp-content\/uploads\/2025\/04\/222.png","datePublished":"2025-04-11T18:42:20+00:00","dateModified":"2026-04-01T00:17:06+00:00","description":"Descubr\u00ed la Nox ML10 Pro Cup Silver 2025: pala redonda, ligera y potente, con n\u00facleo HR3, marco de carbono y tecnolog\u00eda Smartstrap. Ideal para todo tipo de jugadores. \u00a1Ya en Revolution Padel Store al mejor precio!","breadcrumb":{"@id":"https:\/\/revolutionpadelstore.com\/en\/nox-ml10-pro-cup-silver-2025-2\/#breadcrumb"},"inLanguage":"en-US","potentialAction":[{"@type":"ReadAction","target":["https:\/\/revolutionpadelstore.com\/en\/nox-ml10-pro-cup-silver-2025-2\/"]}]},{"@type":"ImageObject","inLanguage":"en-US","@id":"https:\/\/revolutionpadelstore.com\/en\/nox-ml10-pro-cup-silver-2025-2\/#primaryimage","url":"https:\/\/revolutionpadelstore.com\/wp-content\/uploads\/2025\/04\/222.png","contentUrl":"https:\/\/revolutionpadelstore.com\/wp-content\/uploads\/2025\/04\/222.png","width":1500,"height":1500},{"@type":"BreadcrumbList","@id":"https:\/\/revolutionpadelstore.com\/en\/nox-ml10-pro-cup-silver-2025-2\/#breadcrumb","itemListElement":[{"@type":"ListItem","position":1,"name":"Portada","item":"https:\/\/revolutionpadelstore.com\/en\/"},{"@type":"ListItem","position":2,"name":"Shop","item":"https:\/\/revolutionpadelstore.com\/en\/shop\/"},{"@type":"ListItem","position":3,"name":"NOX ML10 PRO CUP SILVER 2025"}]},{"@type":"WebSite","@id":"https:\/\/revolutionpadelstore.com\/en\/#website","url":"https:\/\/revolutionpadelstore.com\/en\/","name":"Revolution Padel Store","description":"","publisher":{"@id":"https:\/\/revolutionpadelstore.com\/en\/#organization"},"potentialAction":[{"@type":"SearchAction","target":{"@type":"EntryPoint","urlTemplate":"https:\/\/revolutionpadelstore.com\/en\/?s={search_term_string}"},"query-input":{"@type":"PropertyValueSpecification","valueRequired":true,"valueName":"search_term_string"}}],"inLanguage":"en-US"},{"@type":"Organization","@id":"https:\/\/revolutionpadelstore.com\/en\/#organization","name":"Revolution Padel Store","url":"https:\/\/revolutionpadelstore.com\/en\/","logo":{"@type":"ImageObject","inLanguage":"en-US","@id":"https:\/\/revolutionpadelstore.com\/en\/#\/schema\/logo\/image\/","url":"https:\/\/revolutionpadelstore.com\/wp-content\/uploads\/2026\/02\/revolution-padel-store.jpg","contentUrl":"https:\/\/revolutionpadelstore.com\/wp-content\/uploads\/2026\/02\/revolution-padel-store.jpg","width":2000,"height":2000,"caption":"Revolution Padel Store"},"image":{"@id":"https:\/\/revolutionpadelstore.com\/en\/#\/schema\/logo\/image\/"},"sameAs":["https:\/\/www.instagram.com\/revolutionpadelstore\/"]}]}},"_links":{"self":[{"href":"https:\/\/revolutionpadelstore.com\/en\/wp-json\/wp\/v2\/product\/217694","targetHints":{"allow":["GET"]}}],"collection":[{"href":"https:\/\/revolutionpadelstore.com\/en\/wp-json\/wp\/v2\/product"}],"about":[{"href":"https:\/\/revolutionpadelstore.com\/en\/wp-json\/wp\/v2\/types\/product"}],"replies":[{"embeddable":true,"href":"https:\/\/revolutionpadelstore.com\/en\/wp-json\/wp\/v2\/comments?post=217694"}],"wp:featuredmedia":[{"embeddable":true,"href":"https:\/\/revolutionpadelstore.com\/en\/wp-json\/wp\/v2\/media\/217653"}],"wp:attachment":[{"href":"https:\/\/revolutionpadelstore.com\/en\/wp-json\/wp\/v2\/media?parent=217694"}],"wp:term":[{"taxonomy":"acabado","embeddable":true,"href":"https:\/\/revolutionpadelstore.com\/en\/wp-json\/wp\/v2\/acabado?post=217694"},{"taxonomy":"balance","embeddable":true,"href":"https:\/\/revolutionpadelstore.com\/en\/wp-json\/wp\/v2\/balance?post=217694"},{"taxonomy":"dureza","embeddable":true,"href":"https:\/\/revolutionpadelstore.com\/en\/wp-json\/wp\/v2\/dureza?post=217694"},{"taxonomy":"forma","embeddable":true,"href":"https:\/\/revolutionpadelstore.com\/en\/wp-json\/wp\/v2\/forma?post=217694"},{"taxonomy":"jugador","embeddable":true,"href":"https:\/\/revolutionpadelstore.com\/en\/wp-json\/wp\/v2\/jugador?post=217694"},{"taxonomy":"marca","embeddable":true,"href":"https:\/\/revolutionpadelstore.com\/en\/wp-json\/wp\/v2\/marca?post=217694"},{"taxonomy":"nivel-de-juego","embeddable":true,"href":"https:\/\/revolutionpadelstore.com\/en\/wp-json\/wp\/v2\/nivel-de-juego?post=217694"},{"taxonomy":"superficie","embeddable":true,"href":"https:\/\/revolutionpadelstore.com\/en\/wp-json\/wp\/v2\/superficie?post=217694"},{"taxonomy":"tipo-de-juego","embeddable":true,"href":"https:\/\/revolutionpadelstore.com\/en\/wp-json\/wp\/v2\/tipo-de-juego?post=217694"},{"taxonomy":"product_brand","embeddable":true,"href":"https:\/\/revolutionpadelstore.com\/en\/wp-json\/wp\/v2\/product_brand?post=217694"},{"taxonomy":"product_cat","embeddable":true,"href":"https:\/\/revolutionpadelstore.com\/en\/wp-json\/wp\/v2\/product_cat?post=217694"},{"taxonomy":"product_tag","embeddable":true,"href":"https:\/\/revolutionpadelstore.com\/en\/wp-json\/wp\/v2\/product_tag?post=217694"}],"curies":[{"name":"wp","href":"https:\/\/api.w.org\/{rel}","templated":true}]}}