{"id":217556,"date":"2025-04-11T20:10:25","date_gmt":"2025-04-11T18:10:25","guid":{"rendered":"https:\/\/revolutionpadelstore.com\/?post_type=product&#038;p=217556"},"modified":"2026-04-01T02:17:49","modified_gmt":"2026-04-01T00:17:49","slug":"nox-ml10-pro-cup-rough-surface-edition-by-miguel-lamperti-2","status":"publish","type":"product","link":"https:\/\/revolutionpadelstore.com\/en\/nox-ml10-pro-cup-rough-surface-edition-by-miguel-lamperti-2\/","title":{"rendered":"NOX ML10 PRO CUP ROUGH SURFACE EDITION BY MIGUEL LAMPERTI"},"content":{"rendered":"<p><H2> <strong> nox ml10 pro cup rough Surface Edition 2025 &#8211; Precision, effects and total power <\/strong> <\/ h2><br \/>\nThe NOX ML10 Pro Cup Rough Surface Edition 2025 is a high -performance round paddle shovel that offers a perfect balance between control and power. Designed with the mythical Miguel Lamperti, this model is ideal for players who want to master each point with precision, aggressiveness and effect. Its Rugous Arenilla type finish improves the ability to print effects in lifted and cut blows, providing tactical advantage in each action.<br \/>\n<H2> <strong> high -end technologies and materials <\/strong> <\/ h2><\/p>\n<p style=\"padding-left: 40px\">-round shape with a wide sweet point: greater control and comfort in each blow. <\/p>\n<p style=\"padding-left: 40px\">-core core: high density rubber that maximizes the power and ball output. <\/p>\n<p style=\"padding-left: 40px\">-carbon frame: 100% carbon structure for superior durability. <\/p>\n<p><P>-Fiber Glass Silver: Improves the stiffness of the plane and offers a firmer and more controlled touch. <\/p>\n<p style=\"padding-left: 40px\">-sandy rough finish: ideal to enhance the effects on effects with effect. <\/p>\n<p style=\"padding-left: 40px\">-smartap: interchangeable safety cord system that improves hygiene and customization. <\/p>\n<p><H2> <strong> Total versatility for all types of player <\/strong> <\/ h2><br \/>\nWith a weight between 360 and 375 grams, the Nox ML10 Pro cup rough Surface is a manageable, resistant and very comfortable shovel. It adapts to different game styles, from the control from the bottom of the track to the powerful attacks on the network.<br \/>\n<H2> <strong> for players of all levels <\/strong> <\/ h2><br \/>\nThanks to its great balance between power, control and effects, this shovel is perfect for both intermediate players that seek to evolve, and for professionals who need constant and reliable performance at each point.<br \/>\n&lt;Il<\/p>\n<p style=\"padding-left: 40px\">-collaboration with Miguel Lamperti <\/p>\n<p style=\"padding-left: 40px\">-Excellent performance in defense and attack <\/p>\n<p style=\"padding-left: 40px\">-comfort, precision and durability <\/p>\n<p style=\"padding-left: 40px\">-ideal for all types of player <\/p>\n<p>Get the Nox ML10 Pro Cup Rough Surface Edition 2025 in our online store <a href=\"http:\/\/www.revolutionpadelstore.com\/\"> www.revolutionpadelstore.com <\/a>, probably at the best market price. Take your game to the next level with one of the best Nox blades of 2025.<\/p>\n<h2><strong>Nox ML10 Pro Cup Rough Surface Edition 2025 \u2013 Precisi\u00f3n, efectos y potencia total<\/strong><\/p>\n","protected":false},"excerpt":{"rendered":"<p>The NOX ML10 Pro Cup Rough Surface 2025 is a versatile shovel that stands out for its great precision and power. Thanks to its rough finish, it allows to apply greater effects to the ball, providing a balanced and exact game style, ideal for players looking for high performance.<\/p>\n","protected":false},"featured_media":217562,"comment_status":"open","ping_status":"closed","template":"","meta":{"_acf_changed":false,"_joinchat":[]},"acabado":[1098],"balance":[1148],"dureza":[1153,1158],"forma":[1183],"jugador":[1193,1203],"marca":[1263],"nivel-de-juego":[1353,1343],"superficie":[1363],"tipo-de-juego":[1373,1388],"product_brand":[],"product_cat":[303],"product_tag":[],"class_list":{"0":"post-217556","1":"product","2":"type-product","3":"status-publish","4":"has-post-thumbnail","6":"acabado-arenoso-en","7":"balance-bajo-en","8":"dureza-blanda-en","9":"dureza-media-en","10":"forma-redonda-en","11":"jugador-hombre-en","12":"jugador-multipurpose","13":"marca-nox-en","14":"superficie-rugosa-en","15":"tipo-de-juego-control-en","16":"tipo-de-juego-multipurpose","17":"product_cat-palas","19":"first","20":"instock","21":"sale","22":"taxable","23":"shipping-taxable","24":"purchasable","25":"product-type-simple"},"acf":[],"yoast_head":"<!-- This site is optimized with the Yoast SEO plugin v27.3 - https:\/\/yoast.com\/product\/yoast-seo-wordpress\/ -->\n<title>NOX ML10 PRO CUP ROUGH SURFACE EDITION BY MIGUEL LAMPERTI - Revolution Padel Store<\/title>\n<meta name=\"description\" content=\"Compra la Nox ML10 Pro Cup Rough Surface 2025, pala de p\u00e1del profesional con n\u00facleo HR3, acabado rugoso y m\u00e1ximo control. Disponible en Revolution Padel Store al mejor precio.\" \/>\n<meta name=\"robots\" content=\"index, follow, max-snippet:-1, max-image-preview:large, max-video-preview:-1\" \/>\n<link rel=\"canonical\" href=\"https:\/\/revolutionpadelstore.com\/en\/nox-ml10-pro-cup-rough-surface-edition-by-miguel-lamperti-2\/\" \/>\n<meta property=\"og:locale\" content=\"en_US\" \/>\n<meta property=\"og:type\" content=\"article\" \/>\n<meta property=\"og:title\" content=\"NOX ML10 PRO CUP ROUGH SURFACE EDITION BY MIGUEL LAMPERTI - Revolution Padel Store\" \/>\n<meta property=\"og:description\" content=\"Compra la Nox ML10 Pro Cup Rough Surface 2025, pala de p\u00e1del profesional con n\u00facleo HR3, acabado rugoso y m\u00e1ximo control. Disponible en Revolution Padel Store al mejor precio.\" \/>\n<meta property=\"og:url\" content=\"https:\/\/revolutionpadelstore.com\/en\/nox-ml10-pro-cup-rough-surface-edition-by-miguel-lamperti-2\/\" \/>\n<meta property=\"og:site_name\" content=\"Revolution Padel Store\" \/>\n<meta property=\"article:modified_time\" content=\"2026-04-01T00:17:49+00:00\" \/>\n<meta property=\"og:image\" content=\"https:\/\/revolutionpadelstore.com\/wp-content\/uploads\/2025\/04\/117964-pala-nox-ml10-pro-cup-rough-surface-edition-by-pml10rough25-1500x1500-1.webp\" \/>\n\t<meta property=\"og:image:width\" content=\"1500\" \/>\n\t<meta property=\"og:image:height\" content=\"1500\" \/>\n\t<meta property=\"og:image:type\" content=\"image\/webp\" \/>\n<meta name=\"twitter:card\" content=\"summary_large_image\" \/>\n<meta name=\"twitter:label1\" content=\"Est. reading time\" \/>\n\t<meta name=\"twitter:data1\" content=\"2 minutes\" \/>\n<script type=\"application\/ld+json\" class=\"yoast-schema-graph\">{\"@context\":\"https:\\\/\\\/schema.org\",\"@graph\":[{\"@type\":\"WebPage\",\"@id\":\"https:\\\/\\\/revolutionpadelstore.com\\\/en\\\/nox-ml10-pro-cup-rough-surface-edition-by-miguel-lamperti-2\\\/\",\"url\":\"https:\\\/\\\/revolutionpadelstore.com\\\/en\\\/nox-ml10-pro-cup-rough-surface-edition-by-miguel-lamperti-2\\\/\",\"name\":\"NOX ML10 PRO CUP ROUGH SURFACE EDITION BY MIGUEL LAMPERTI - Revolution Padel Store\",\"isPartOf\":{\"@id\":\"https:\\\/\\\/revolutionpadelstore.com\\\/en\\\/#website\"},\"primaryImageOfPage\":{\"@id\":\"https:\\\/\\\/revolutionpadelstore.com\\\/en\\\/nox-ml10-pro-cup-rough-surface-edition-by-miguel-lamperti-2\\\/#primaryimage\"},\"image\":{\"@id\":\"https:\\\/\\\/revolutionpadelstore.com\\\/en\\\/nox-ml10-pro-cup-rough-surface-edition-by-miguel-lamperti-2\\\/#primaryimage\"},\"thumbnailUrl\":\"https:\\\/\\\/revolutionpadelstore.com\\\/wp-content\\\/uploads\\\/2025\\\/04\\\/117964-pala-nox-ml10-pro-cup-rough-surface-edition-by-pml10rough25-1500x1500-1.webp\",\"datePublished\":\"2025-04-11T18:10:25+00:00\",\"dateModified\":\"2026-04-01T00:17:49+00:00\",\"description\":\"Compra la Nox ML10 Pro Cup Rough Surface 2025, pala de p\u00e1del profesional con n\u00facleo HR3, acabado rugoso y m\u00e1ximo control. Disponible en Revolution Padel Store al mejor precio.\",\"breadcrumb\":{\"@id\":\"https:\\\/\\\/revolutionpadelstore.com\\\/en\\\/nox-ml10-pro-cup-rough-surface-edition-by-miguel-lamperti-2\\\/#breadcrumb\"},\"inLanguage\":\"en-US\",\"potentialAction\":[{\"@type\":\"ReadAction\",\"target\":[\"https:\\\/\\\/revolutionpadelstore.com\\\/en\\\/nox-ml10-pro-cup-rough-surface-edition-by-miguel-lamperti-2\\\/\"]}]},{\"@type\":\"ImageObject\",\"inLanguage\":\"en-US\",\"@id\":\"https:\\\/\\\/revolutionpadelstore.com\\\/en\\\/nox-ml10-pro-cup-rough-surface-edition-by-miguel-lamperti-2\\\/#primaryimage\",\"url\":\"https:\\\/\\\/revolutionpadelstore.com\\\/wp-content\\\/uploads\\\/2025\\\/04\\\/117964-pala-nox-ml10-pro-cup-rough-surface-edition-by-pml10rough25-1500x1500-1.webp\",\"contentUrl\":\"https:\\\/\\\/revolutionpadelstore.com\\\/wp-content\\\/uploads\\\/2025\\\/04\\\/117964-pala-nox-ml10-pro-cup-rough-surface-edition-by-pml10rough25-1500x1500-1.webp\",\"width\":1500,\"height\":1500},{\"@type\":\"BreadcrumbList\",\"@id\":\"https:\\\/\\\/revolutionpadelstore.com\\\/en\\\/nox-ml10-pro-cup-rough-surface-edition-by-miguel-lamperti-2\\\/#breadcrumb\",\"itemListElement\":[{\"@type\":\"ListItem\",\"position\":1,\"name\":\"Portada\",\"item\":\"https:\\\/\\\/revolutionpadelstore.com\\\/en\\\/\"},{\"@type\":\"ListItem\",\"position\":2,\"name\":\"Shop\",\"item\":\"https:\\\/\\\/revolutionpadelstore.com\\\/en\\\/shop\\\/\"},{\"@type\":\"ListItem\",\"position\":3,\"name\":\"NOX ML10 PRO CUP ROUGH SURFACE EDITION BY MIGUEL LAMPERTI\"}]},{\"@type\":\"WebSite\",\"@id\":\"https:\\\/\\\/revolutionpadelstore.com\\\/en\\\/#website\",\"url\":\"https:\\\/\\\/revolutionpadelstore.com\\\/en\\\/\",\"name\":\"Revolution Padel Store\",\"description\":\"\",\"publisher\":{\"@id\":\"https:\\\/\\\/revolutionpadelstore.com\\\/en\\\/#organization\"},\"potentialAction\":[{\"@type\":\"SearchAction\",\"target\":{\"@type\":\"EntryPoint\",\"urlTemplate\":\"https:\\\/\\\/revolutionpadelstore.com\\\/en\\\/?s={search_term_string}\"},\"query-input\":{\"@type\":\"PropertyValueSpecification\",\"valueRequired\":true,\"valueName\":\"search_term_string\"}}],\"inLanguage\":\"en-US\"},{\"@type\":\"Organization\",\"@id\":\"https:\\\/\\\/revolutionpadelstore.com\\\/en\\\/#organization\",\"name\":\"Revolution Padel Store\",\"url\":\"https:\\\/\\\/revolutionpadelstore.com\\\/en\\\/\",\"logo\":{\"@type\":\"ImageObject\",\"inLanguage\":\"en-US\",\"@id\":\"https:\\\/\\\/revolutionpadelstore.com\\\/en\\\/#\\\/schema\\\/logo\\\/image\\\/\",\"url\":\"https:\\\/\\\/revolutionpadelstore.com\\\/wp-content\\\/uploads\\\/2026\\\/02\\\/revolution-padel-store.jpg\",\"contentUrl\":\"https:\\\/\\\/revolutionpadelstore.com\\\/wp-content\\\/uploads\\\/2026\\\/02\\\/revolution-padel-store.jpg\",\"width\":2000,\"height\":2000,\"caption\":\"Revolution Padel Store\"},\"image\":{\"@id\":\"https:\\\/\\\/revolutionpadelstore.com\\\/en\\\/#\\\/schema\\\/logo\\\/image\\\/\"},\"sameAs\":[\"https:\\\/\\\/www.instagram.com\\\/revolutionpadelstore\\\/\"]}]}<\/script>\n<!-- \/ Yoast SEO plugin. -->","yoast_head_json":{"title":"NOX ML10 PRO CUP ROUGH SURFACE EDITION BY MIGUEL LAMPERTI - Revolution Padel Store","description":"Compra la Nox ML10 Pro Cup Rough Surface 2025, pala de p\u00e1del profesional con n\u00facleo HR3, acabado rugoso y m\u00e1ximo control. Disponible en Revolution Padel Store al mejor precio.","robots":{"index":"index","follow":"follow","max-snippet":"max-snippet:-1","max-image-preview":"max-image-preview:large","max-video-preview":"max-video-preview:-1"},"canonical":"https:\/\/revolutionpadelstore.com\/en\/nox-ml10-pro-cup-rough-surface-edition-by-miguel-lamperti-2\/","og_locale":"en_US","og_type":"article","og_title":"NOX ML10 PRO CUP ROUGH SURFACE EDITION BY MIGUEL LAMPERTI - Revolution Padel Store","og_description":"Compra la Nox ML10 Pro Cup Rough Surface 2025, pala de p\u00e1del profesional con n\u00facleo HR3, acabado rugoso y m\u00e1ximo control. Disponible en Revolution Padel Store al mejor precio.","og_url":"https:\/\/revolutionpadelstore.com\/en\/nox-ml10-pro-cup-rough-surface-edition-by-miguel-lamperti-2\/","og_site_name":"Revolution Padel Store","article_modified_time":"2026-04-01T00:17:49+00:00","og_image":[{"width":1500,"height":1500,"url":"https:\/\/revolutionpadelstore.com\/wp-content\/uploads\/2025\/04\/117964-pala-nox-ml10-pro-cup-rough-surface-edition-by-pml10rough25-1500x1500-1.webp","type":"image\/webp"}],"twitter_card":"summary_large_image","twitter_misc":{"Est. reading time":"2 minutes"},"schema":{"@context":"https:\/\/schema.org","@graph":[{"@type":"WebPage","@id":"https:\/\/revolutionpadelstore.com\/en\/nox-ml10-pro-cup-rough-surface-edition-by-miguel-lamperti-2\/","url":"https:\/\/revolutionpadelstore.com\/en\/nox-ml10-pro-cup-rough-surface-edition-by-miguel-lamperti-2\/","name":"NOX ML10 PRO CUP ROUGH SURFACE EDITION BY MIGUEL LAMPERTI - Revolution Padel Store","isPartOf":{"@id":"https:\/\/revolutionpadelstore.com\/en\/#website"},"primaryImageOfPage":{"@id":"https:\/\/revolutionpadelstore.com\/en\/nox-ml10-pro-cup-rough-surface-edition-by-miguel-lamperti-2\/#primaryimage"},"image":{"@id":"https:\/\/revolutionpadelstore.com\/en\/nox-ml10-pro-cup-rough-surface-edition-by-miguel-lamperti-2\/#primaryimage"},"thumbnailUrl":"https:\/\/revolutionpadelstore.com\/wp-content\/uploads\/2025\/04\/117964-pala-nox-ml10-pro-cup-rough-surface-edition-by-pml10rough25-1500x1500-1.webp","datePublished":"2025-04-11T18:10:25+00:00","dateModified":"2026-04-01T00:17:49+00:00","description":"Compra la Nox ML10 Pro Cup Rough Surface 2025, pala de p\u00e1del profesional con n\u00facleo HR3, acabado rugoso y m\u00e1ximo control. Disponible en Revolution Padel Store al mejor precio.","breadcrumb":{"@id":"https:\/\/revolutionpadelstore.com\/en\/nox-ml10-pro-cup-rough-surface-edition-by-miguel-lamperti-2\/#breadcrumb"},"inLanguage":"en-US","potentialAction":[{"@type":"ReadAction","target":["https:\/\/revolutionpadelstore.com\/en\/nox-ml10-pro-cup-rough-surface-edition-by-miguel-lamperti-2\/"]}]},{"@type":"ImageObject","inLanguage":"en-US","@id":"https:\/\/revolutionpadelstore.com\/en\/nox-ml10-pro-cup-rough-surface-edition-by-miguel-lamperti-2\/#primaryimage","url":"https:\/\/revolutionpadelstore.com\/wp-content\/uploads\/2025\/04\/117964-pala-nox-ml10-pro-cup-rough-surface-edition-by-pml10rough25-1500x1500-1.webp","contentUrl":"https:\/\/revolutionpadelstore.com\/wp-content\/uploads\/2025\/04\/117964-pala-nox-ml10-pro-cup-rough-surface-edition-by-pml10rough25-1500x1500-1.webp","width":1500,"height":1500},{"@type":"BreadcrumbList","@id":"https:\/\/revolutionpadelstore.com\/en\/nox-ml10-pro-cup-rough-surface-edition-by-miguel-lamperti-2\/#breadcrumb","itemListElement":[{"@type":"ListItem","position":1,"name":"Portada","item":"https:\/\/revolutionpadelstore.com\/en\/"},{"@type":"ListItem","position":2,"name":"Shop","item":"https:\/\/revolutionpadelstore.com\/en\/shop\/"},{"@type":"ListItem","position":3,"name":"NOX ML10 PRO CUP ROUGH SURFACE EDITION BY MIGUEL LAMPERTI"}]},{"@type":"WebSite","@id":"https:\/\/revolutionpadelstore.com\/en\/#website","url":"https:\/\/revolutionpadelstore.com\/en\/","name":"Revolution Padel Store","description":"","publisher":{"@id":"https:\/\/revolutionpadelstore.com\/en\/#organization"},"potentialAction":[{"@type":"SearchAction","target":{"@type":"EntryPoint","urlTemplate":"https:\/\/revolutionpadelstore.com\/en\/?s={search_term_string}"},"query-input":{"@type":"PropertyValueSpecification","valueRequired":true,"valueName":"search_term_string"}}],"inLanguage":"en-US"},{"@type":"Organization","@id":"https:\/\/revolutionpadelstore.com\/en\/#organization","name":"Revolution Padel Store","url":"https:\/\/revolutionpadelstore.com\/en\/","logo":{"@type":"ImageObject","inLanguage":"en-US","@id":"https:\/\/revolutionpadelstore.com\/en\/#\/schema\/logo\/image\/","url":"https:\/\/revolutionpadelstore.com\/wp-content\/uploads\/2026\/02\/revolution-padel-store.jpg","contentUrl":"https:\/\/revolutionpadelstore.com\/wp-content\/uploads\/2026\/02\/revolution-padel-store.jpg","width":2000,"height":2000,"caption":"Revolution Padel Store"},"image":{"@id":"https:\/\/revolutionpadelstore.com\/en\/#\/schema\/logo\/image\/"},"sameAs":["https:\/\/www.instagram.com\/revolutionpadelstore\/"]}]}},"_links":{"self":[{"href":"https:\/\/revolutionpadelstore.com\/en\/wp-json\/wp\/v2\/product\/217556","targetHints":{"allow":["GET"]}}],"collection":[{"href":"https:\/\/revolutionpadelstore.com\/en\/wp-json\/wp\/v2\/product"}],"about":[{"href":"https:\/\/revolutionpadelstore.com\/en\/wp-json\/wp\/v2\/types\/product"}],"replies":[{"embeddable":true,"href":"https:\/\/revolutionpadelstore.com\/en\/wp-json\/wp\/v2\/comments?post=217556"}],"wp:featuredmedia":[{"embeddable":true,"href":"https:\/\/revolutionpadelstore.com\/en\/wp-json\/wp\/v2\/media\/217562"}],"wp:attachment":[{"href":"https:\/\/revolutionpadelstore.com\/en\/wp-json\/wp\/v2\/media?parent=217556"}],"wp:term":[{"taxonomy":"acabado","embeddable":true,"href":"https:\/\/revolutionpadelstore.com\/en\/wp-json\/wp\/v2\/acabado?post=217556"},{"taxonomy":"balance","embeddable":true,"href":"https:\/\/revolutionpadelstore.com\/en\/wp-json\/wp\/v2\/balance?post=217556"},{"taxonomy":"dureza","embeddable":true,"href":"https:\/\/revolutionpadelstore.com\/en\/wp-json\/wp\/v2\/dureza?post=217556"},{"taxonomy":"forma","embeddable":true,"href":"https:\/\/revolutionpadelstore.com\/en\/wp-json\/wp\/v2\/forma?post=217556"},{"taxonomy":"jugador","embeddable":true,"href":"https:\/\/revolutionpadelstore.com\/en\/wp-json\/wp\/v2\/jugador?post=217556"},{"taxonomy":"marca","embeddable":true,"href":"https:\/\/revolutionpadelstore.com\/en\/wp-json\/wp\/v2\/marca?post=217556"},{"taxonomy":"nivel-de-juego","embeddable":true,"href":"https:\/\/revolutionpadelstore.com\/en\/wp-json\/wp\/v2\/nivel-de-juego?post=217556"},{"taxonomy":"superficie","embeddable":true,"href":"https:\/\/revolutionpadelstore.com\/en\/wp-json\/wp\/v2\/superficie?post=217556"},{"taxonomy":"tipo-de-juego","embeddable":true,"href":"https:\/\/revolutionpadelstore.com\/en\/wp-json\/wp\/v2\/tipo-de-juego?post=217556"},{"taxonomy":"product_brand","embeddable":true,"href":"https:\/\/revolutionpadelstore.com\/en\/wp-json\/wp\/v2\/product_brand?post=217556"},{"taxonomy":"product_cat","embeddable":true,"href":"https:\/\/revolutionpadelstore.com\/en\/wp-json\/wp\/v2\/product_cat?post=217556"},{"taxonomy":"product_tag","embeddable":true,"href":"https:\/\/revolutionpadelstore.com\/en\/wp-json\/wp\/v2\/product_tag?post=217556"}],"curies":[{"name":"wp","href":"https:\/\/api.w.org\/{rel}","templated":true}]}}