{"id":21714,"date":"2024-03-05T15:01:19","date_gmt":"2024-03-05T14:01:19","guid":{"rendered":"https:\/\/revolutionpadelstore.com\/adidas-metalbone-youth-3-3-2024\/"},"modified":"2026-04-22T02:00:05","modified_gmt":"2026-04-22T00:00:05","slug":"adidas-metalbone-youth-3-3-2024-2","status":"publish","type":"product","link":"https:\/\/revolutionpadelstore.com\/en\/adidas-metalbone-youth-3-3-2024-2\/","title":{"rendered":"ADIDAS METALBONE YOUTH 3.3 2024"},"content":{"rendered":"<h2>Adidas Metalbone Youth 3.3 2024, versatile racket for promising young players<\/h2>\n<p><strong>Adidas Metalbone Youth 3.3<\/strong>, padel racket for the youngest players in their most important stage of growth. A racket from the <strong>2024<\/strong> collection. This racket with a diamond-shaped body <em>oversize<\/em><\/strong><em> <\/em>has a high sweet spot to be able to finish.<\/p>\n<p>This shovel model is<em><strong>Light Weight<\/strong><\/em>. The weight of the paddle is much smaller than the standard weight of an adult paddle. It weighs around 330-345 grams so that young padel players can handle it easily.<\/p>\n<h2>Diamond blade with fiberglass, power and comfort<\/h2>\n<p>To be able to work finishing shots with power while feeling comfortable shots. The feel of this racket is flexible and soft. The frame and faces have been made with<strong>fiberglass<\/strong>.<\/p>\n<p>The core of the racket is made of <strong>EVA rubber <em>Soft Performance<\/em><\/strong><em>.<\/em> A low-density rubber to cushion and bounce the ball. It allows you to play better the opponent&#8217;s shots that come with lower speed.<\/p>\n<p>Thanks to the <em><strong>Smart Holes Curve <\/strong><\/em>technology, better handling and play of the ball&#8217;s spin is achieved. This is achieved with the specific distribution of the dies following curved lines on the planes.<\/p>\n<h3>Technologies designed for a strong and resistant racket<\/h3>\n<p>To resist twisting during play, the racket has been designed with<em>Structural Reinforcement<\/em>technology. The structure of the blade is reinforced perimeter. And to have greater rigidity it has<em><strong>Octogonal Structure<\/strong><\/em>, a tubular structure in octagonal shape.<\/p>\n<p>A racket with a youthful and sporty design in black with vibrant red details and the Adidas logo in white on the faces. If you want your young padel player to be the most outstanding player on the court, do not hesitate to buy him this racket.<\/p>\n<h2>Adidas Metalbone Youth 3.3 2024, pala polivalente para las j\u00f3venes promesas<\/h2>\n","protected":false},"excerpt":{"rendered":"<p>Versatile racket for young padel players. With fiberglass and EVA Soft rubber. Adidas Metalbone Youth 3.3, 2024 padel racket with an oversized diamond shape.<\/p>\n","protected":false},"featured_media":1016,"comment_status":"open","ping_status":"closed","template":"","meta":{"_acf_changed":false,"_joinchat":[]},"acabado":[1088],"balance":[1138],"dureza":[1153],"forma":[1173],"jugador":[1208],"marca":[1233],"nivel-de-juego":[1353],"superficie":[1358],"tipo-de-juego":[1388],"product_brand":[],"product_cat":[303],"product_tag":[],"class_list":{"0":"post-21714","1":"product","2":"type-product","3":"status-publish","4":"has-post-thumbnail","6":"acabado-mate-en","7":"balance-alto-en","8":"dureza-blanda-en","9":"forma-diamante-en","10":"jugador-junior-en","11":"marca-adidas-en","12":"superficie-lisa-en","13":"tipo-de-juego-multipurpose","14":"product_cat-palas","16":"first","17":"instock","18":"sale","19":"taxable","20":"shipping-taxable","21":"purchasable","22":"product-type-simple"},"acf":[],"yoast_head":"<!-- This site is optimized with the Yoast SEO plugin v27.4 - https:\/\/yoast.com\/product\/yoast-seo-wordpress\/ -->\n<title>ADIDAS METALBONE YOUTH 3.3 2024 - Revolution Padel Store<\/title>\n<meta name=\"description\" content=\"Pala polivalente para jugadores j\u00f3venes de p\u00e1del. Con fibra de vidrio y goma EVA Soft. Adidas Metalbone Youth 3.3, pala de p\u00e1del 2024 con forma de diamante oversize.\u00a0\" \/>\n<meta name=\"robots\" content=\"index, follow, max-snippet:-1, max-image-preview:large, max-video-preview:-1\" \/>\n<link rel=\"canonical\" href=\"https:\/\/revolutionpadelstore.com\/en\/adidas-metalbone-youth-3-3-2024-2\/\" \/>\n<meta property=\"og:locale\" content=\"en_US\" \/>\n<meta property=\"og:type\" content=\"article\" \/>\n<meta property=\"og:title\" content=\"ADIDAS METALBONE YOUTH 3.3 2024\" \/>\n<meta property=\"og:description\" content=\"Pala polivalente para jugadores j\u00f3venes de p\u00e1del. Con fibra de vidrio y goma EVA Soft. Adidas Metalbone Youth 3.3, pala de p\u00e1del 2024 con forma de diamante oversize.\u00a0\" \/>\n<meta property=\"og:url\" content=\"https:\/\/revolutionpadelstore.com\/en\/adidas-metalbone-youth-3-3-2024-2\/\" \/>\n<meta property=\"og:site_name\" content=\"Revolution Padel Store\" \/>\n<meta property=\"article:modified_time\" content=\"2026-04-22T00:00:05+00:00\" \/>\n<meta property=\"og:image\" content=\"https:\/\/revolutionpadelstore.com\/wp-content\/uploads\/2024\/03\/110148_padel_webs_padel_y_grupo_pala_adidas_metalbone_youth_3_3_adrk4aa0u0116f__d3bd.webp\" \/>\n\t<meta property=\"og:image:width\" content=\"1500\" \/>\n\t<meta property=\"og:image:height\" content=\"1500\" \/>\n\t<meta property=\"og:image:type\" content=\"image\/webp\" \/>\n<meta name=\"twitter:card\" content=\"summary_large_image\" \/>\n<meta name=\"twitter:label1\" content=\"Est. reading time\" \/>\n\t<meta name=\"twitter:data1\" content=\"2 minutes\" \/>\n<script type=\"application\/ld+json\" class=\"yoast-schema-graph\">{\"@context\":\"https:\\\/\\\/schema.org\",\"@graph\":[{\"@type\":\"WebPage\",\"@id\":\"https:\\\/\\\/revolutionpadelstore.com\\\/en\\\/adidas-metalbone-youth-3-3-2024-2\\\/\",\"url\":\"https:\\\/\\\/revolutionpadelstore.com\\\/en\\\/adidas-metalbone-youth-3-3-2024-2\\\/\",\"name\":\"ADIDAS METALBONE YOUTH 3.3 2024 - Revolution Padel Store\",\"isPartOf\":{\"@id\":\"https:\\\/\\\/revolutionpadelstore.com\\\/en\\\/#website\"},\"primaryImageOfPage\":{\"@id\":\"https:\\\/\\\/revolutionpadelstore.com\\\/en\\\/adidas-metalbone-youth-3-3-2024-2\\\/#primaryimage\"},\"image\":{\"@id\":\"https:\\\/\\\/revolutionpadelstore.com\\\/en\\\/adidas-metalbone-youth-3-3-2024-2\\\/#primaryimage\"},\"thumbnailUrl\":\"https:\\\/\\\/revolutionpadelstore.com\\\/wp-content\\\/uploads\\\/2024\\\/03\\\/110148_padel_webs_padel_y_grupo_pala_adidas_metalbone_youth_3_3_adrk4aa0u0116f__d3bd.webp\",\"datePublished\":\"2024-03-05T14:01:19+00:00\",\"dateModified\":\"2026-04-22T00:00:05+00:00\",\"description\":\"Pala polivalente para jugadores j\u00f3venes de p\u00e1del. Con fibra de vidrio y goma EVA Soft. Adidas Metalbone Youth 3.3, pala de p\u00e1del 2024 con forma de diamante oversize.\u00a0\",\"breadcrumb\":{\"@id\":\"https:\\\/\\\/revolutionpadelstore.com\\\/en\\\/adidas-metalbone-youth-3-3-2024-2\\\/#breadcrumb\"},\"inLanguage\":\"en-US\",\"potentialAction\":[{\"@type\":\"ReadAction\",\"target\":[\"https:\\\/\\\/revolutionpadelstore.com\\\/en\\\/adidas-metalbone-youth-3-3-2024-2\\\/\"]}]},{\"@type\":\"ImageObject\",\"inLanguage\":\"en-US\",\"@id\":\"https:\\\/\\\/revolutionpadelstore.com\\\/en\\\/adidas-metalbone-youth-3-3-2024-2\\\/#primaryimage\",\"url\":\"https:\\\/\\\/revolutionpadelstore.com\\\/wp-content\\\/uploads\\\/2024\\\/03\\\/110148_padel_webs_padel_y_grupo_pala_adidas_metalbone_youth_3_3_adrk4aa0u0116f__d3bd.webp\",\"contentUrl\":\"https:\\\/\\\/revolutionpadelstore.com\\\/wp-content\\\/uploads\\\/2024\\\/03\\\/110148_padel_webs_padel_y_grupo_pala_adidas_metalbone_youth_3_3_adrk4aa0u0116f__d3bd.webp\",\"width\":1500,\"height\":1500,\"caption\":\"ADIDAS METALBONE YOUTH 3.3 2024\"},{\"@type\":\"BreadcrumbList\",\"@id\":\"https:\\\/\\\/revolutionpadelstore.com\\\/en\\\/adidas-metalbone-youth-3-3-2024-2\\\/#breadcrumb\",\"itemListElement\":[{\"@type\":\"ListItem\",\"position\":1,\"name\":\"Portada\",\"item\":\"https:\\\/\\\/revolutionpadelstore.com\\\/en\\\/\"},{\"@type\":\"ListItem\",\"position\":2,\"name\":\"Shop\",\"item\":\"https:\\\/\\\/revolutionpadelstore.com\\\/en\\\/shop\\\/\"},{\"@type\":\"ListItem\",\"position\":3,\"name\":\"ADIDAS METALBONE YOUTH 3.3 2024\"}]},{\"@type\":\"WebSite\",\"@id\":\"https:\\\/\\\/revolutionpadelstore.com\\\/en\\\/#website\",\"url\":\"https:\\\/\\\/revolutionpadelstore.com\\\/en\\\/\",\"name\":\"Revolution Padel Store\",\"description\":\"\",\"publisher\":{\"@id\":\"https:\\\/\\\/revolutionpadelstore.com\\\/en\\\/#organization\"},\"potentialAction\":[{\"@type\":\"SearchAction\",\"target\":{\"@type\":\"EntryPoint\",\"urlTemplate\":\"https:\\\/\\\/revolutionpadelstore.com\\\/en\\\/?s={search_term_string}\"},\"query-input\":{\"@type\":\"PropertyValueSpecification\",\"valueRequired\":true,\"valueName\":\"search_term_string\"}}],\"inLanguage\":\"en-US\"},{\"@type\":\"Organization\",\"@id\":\"https:\\\/\\\/revolutionpadelstore.com\\\/en\\\/#organization\",\"name\":\"Revolution Padel Store\",\"url\":\"https:\\\/\\\/revolutionpadelstore.com\\\/en\\\/\",\"logo\":{\"@type\":\"ImageObject\",\"inLanguage\":\"en-US\",\"@id\":\"https:\\\/\\\/revolutionpadelstore.com\\\/en\\\/#\\\/schema\\\/logo\\\/image\\\/\",\"url\":\"https:\\\/\\\/revolutionpadelstore.com\\\/wp-content\\\/uploads\\\/2026\\\/02\\\/revolution-padel-store.jpg\",\"contentUrl\":\"https:\\\/\\\/revolutionpadelstore.com\\\/wp-content\\\/uploads\\\/2026\\\/02\\\/revolution-padel-store.jpg\",\"width\":2000,\"height\":2000,\"caption\":\"Revolution Padel Store\"},\"image\":{\"@id\":\"https:\\\/\\\/revolutionpadelstore.com\\\/en\\\/#\\\/schema\\\/logo\\\/image\\\/\"},\"sameAs\":[\"https:\\\/\\\/www.instagram.com\\\/revolutionpadelstore\\\/\"]}]}<\/script>\n<!-- \/ Yoast SEO plugin. -->","yoast_head_json":{"title":"ADIDAS METALBONE YOUTH 3.3 2024 - Revolution Padel Store","description":"Pala polivalente para jugadores j\u00f3venes de p\u00e1del. Con fibra de vidrio y goma EVA Soft. Adidas Metalbone Youth 3.3, pala de p\u00e1del 2024 con forma de diamante oversize.\u00a0","robots":{"index":"index","follow":"follow","max-snippet":"max-snippet:-1","max-image-preview":"max-image-preview:large","max-video-preview":"max-video-preview:-1"},"canonical":"https:\/\/revolutionpadelstore.com\/en\/adidas-metalbone-youth-3-3-2024-2\/","og_locale":"en_US","og_type":"article","og_title":"ADIDAS METALBONE YOUTH 3.3 2024","og_description":"Pala polivalente para jugadores j\u00f3venes de p\u00e1del. Con fibra de vidrio y goma EVA Soft. Adidas Metalbone Youth 3.3, pala de p\u00e1del 2024 con forma de diamante oversize.\u00a0","og_url":"https:\/\/revolutionpadelstore.com\/en\/adidas-metalbone-youth-3-3-2024-2\/","og_site_name":"Revolution Padel Store","article_modified_time":"2026-04-22T00:00:05+00:00","og_image":[{"width":1500,"height":1500,"url":"https:\/\/revolutionpadelstore.com\/wp-content\/uploads\/2024\/03\/110148_padel_webs_padel_y_grupo_pala_adidas_metalbone_youth_3_3_adrk4aa0u0116f__d3bd.webp","type":"image\/webp"}],"twitter_card":"summary_large_image","twitter_misc":{"Est. reading time":"2 minutes"},"schema":{"@context":"https:\/\/schema.org","@graph":[{"@type":"WebPage","@id":"https:\/\/revolutionpadelstore.com\/en\/adidas-metalbone-youth-3-3-2024-2\/","url":"https:\/\/revolutionpadelstore.com\/en\/adidas-metalbone-youth-3-3-2024-2\/","name":"ADIDAS METALBONE YOUTH 3.3 2024 - Revolution Padel Store","isPartOf":{"@id":"https:\/\/revolutionpadelstore.com\/en\/#website"},"primaryImageOfPage":{"@id":"https:\/\/revolutionpadelstore.com\/en\/adidas-metalbone-youth-3-3-2024-2\/#primaryimage"},"image":{"@id":"https:\/\/revolutionpadelstore.com\/en\/adidas-metalbone-youth-3-3-2024-2\/#primaryimage"},"thumbnailUrl":"https:\/\/revolutionpadelstore.com\/wp-content\/uploads\/2024\/03\/110148_padel_webs_padel_y_grupo_pala_adidas_metalbone_youth_3_3_adrk4aa0u0116f__d3bd.webp","datePublished":"2024-03-05T14:01:19+00:00","dateModified":"2026-04-22T00:00:05+00:00","description":"Pala polivalente para jugadores j\u00f3venes de p\u00e1del. Con fibra de vidrio y goma EVA Soft. Adidas Metalbone Youth 3.3, pala de p\u00e1del 2024 con forma de diamante oversize.\u00a0","breadcrumb":{"@id":"https:\/\/revolutionpadelstore.com\/en\/adidas-metalbone-youth-3-3-2024-2\/#breadcrumb"},"inLanguage":"en-US","potentialAction":[{"@type":"ReadAction","target":["https:\/\/revolutionpadelstore.com\/en\/adidas-metalbone-youth-3-3-2024-2\/"]}]},{"@type":"ImageObject","inLanguage":"en-US","@id":"https:\/\/revolutionpadelstore.com\/en\/adidas-metalbone-youth-3-3-2024-2\/#primaryimage","url":"https:\/\/revolutionpadelstore.com\/wp-content\/uploads\/2024\/03\/110148_padel_webs_padel_y_grupo_pala_adidas_metalbone_youth_3_3_adrk4aa0u0116f__d3bd.webp","contentUrl":"https:\/\/revolutionpadelstore.com\/wp-content\/uploads\/2024\/03\/110148_padel_webs_padel_y_grupo_pala_adidas_metalbone_youth_3_3_adrk4aa0u0116f__d3bd.webp","width":1500,"height":1500,"caption":"ADIDAS METALBONE YOUTH 3.3 2024"},{"@type":"BreadcrumbList","@id":"https:\/\/revolutionpadelstore.com\/en\/adidas-metalbone-youth-3-3-2024-2\/#breadcrumb","itemListElement":[{"@type":"ListItem","position":1,"name":"Portada","item":"https:\/\/revolutionpadelstore.com\/en\/"},{"@type":"ListItem","position":2,"name":"Shop","item":"https:\/\/revolutionpadelstore.com\/en\/shop\/"},{"@type":"ListItem","position":3,"name":"ADIDAS METALBONE YOUTH 3.3 2024"}]},{"@type":"WebSite","@id":"https:\/\/revolutionpadelstore.com\/en\/#website","url":"https:\/\/revolutionpadelstore.com\/en\/","name":"Revolution Padel Store","description":"","publisher":{"@id":"https:\/\/revolutionpadelstore.com\/en\/#organization"},"potentialAction":[{"@type":"SearchAction","target":{"@type":"EntryPoint","urlTemplate":"https:\/\/revolutionpadelstore.com\/en\/?s={search_term_string}"},"query-input":{"@type":"PropertyValueSpecification","valueRequired":true,"valueName":"search_term_string"}}],"inLanguage":"en-US"},{"@type":"Organization","@id":"https:\/\/revolutionpadelstore.com\/en\/#organization","name":"Revolution Padel Store","url":"https:\/\/revolutionpadelstore.com\/en\/","logo":{"@type":"ImageObject","inLanguage":"en-US","@id":"https:\/\/revolutionpadelstore.com\/en\/#\/schema\/logo\/image\/","url":"https:\/\/revolutionpadelstore.com\/wp-content\/uploads\/2026\/02\/revolution-padel-store.jpg","contentUrl":"https:\/\/revolutionpadelstore.com\/wp-content\/uploads\/2026\/02\/revolution-padel-store.jpg","width":2000,"height":2000,"caption":"Revolution Padel Store"},"image":{"@id":"https:\/\/revolutionpadelstore.com\/en\/#\/schema\/logo\/image\/"},"sameAs":["https:\/\/www.instagram.com\/revolutionpadelstore\/"]}]}},"_links":{"self":[{"href":"https:\/\/revolutionpadelstore.com\/en\/wp-json\/wp\/v2\/product\/21714","targetHints":{"allow":["GET"]}}],"collection":[{"href":"https:\/\/revolutionpadelstore.com\/en\/wp-json\/wp\/v2\/product"}],"about":[{"href":"https:\/\/revolutionpadelstore.com\/en\/wp-json\/wp\/v2\/types\/product"}],"replies":[{"embeddable":true,"href":"https:\/\/revolutionpadelstore.com\/en\/wp-json\/wp\/v2\/comments?post=21714"}],"wp:featuredmedia":[{"embeddable":true,"href":"https:\/\/revolutionpadelstore.com\/en\/wp-json\/wp\/v2\/media\/1016"}],"wp:attachment":[{"href":"https:\/\/revolutionpadelstore.com\/en\/wp-json\/wp\/v2\/media?parent=21714"}],"wp:term":[{"taxonomy":"acabado","embeddable":true,"href":"https:\/\/revolutionpadelstore.com\/en\/wp-json\/wp\/v2\/acabado?post=21714"},{"taxonomy":"balance","embeddable":true,"href":"https:\/\/revolutionpadelstore.com\/en\/wp-json\/wp\/v2\/balance?post=21714"},{"taxonomy":"dureza","embeddable":true,"href":"https:\/\/revolutionpadelstore.com\/en\/wp-json\/wp\/v2\/dureza?post=21714"},{"taxonomy":"forma","embeddable":true,"href":"https:\/\/revolutionpadelstore.com\/en\/wp-json\/wp\/v2\/forma?post=21714"},{"taxonomy":"jugador","embeddable":true,"href":"https:\/\/revolutionpadelstore.com\/en\/wp-json\/wp\/v2\/jugador?post=21714"},{"taxonomy":"marca","embeddable":true,"href":"https:\/\/revolutionpadelstore.com\/en\/wp-json\/wp\/v2\/marca?post=21714"},{"taxonomy":"nivel-de-juego","embeddable":true,"href":"https:\/\/revolutionpadelstore.com\/en\/wp-json\/wp\/v2\/nivel-de-juego?post=21714"},{"taxonomy":"superficie","embeddable":true,"href":"https:\/\/revolutionpadelstore.com\/en\/wp-json\/wp\/v2\/superficie?post=21714"},{"taxonomy":"tipo-de-juego","embeddable":true,"href":"https:\/\/revolutionpadelstore.com\/en\/wp-json\/wp\/v2\/tipo-de-juego?post=21714"},{"taxonomy":"product_brand","embeddable":true,"href":"https:\/\/revolutionpadelstore.com\/en\/wp-json\/wp\/v2\/product_brand?post=21714"},{"taxonomy":"product_cat","embeddable":true,"href":"https:\/\/revolutionpadelstore.com\/en\/wp-json\/wp\/v2\/product_cat?post=21714"},{"taxonomy":"product_tag","embeddable":true,"href":"https:\/\/revolutionpadelstore.com\/en\/wp-json\/wp\/v2\/product_tag?post=21714"}],"curies":[{"name":"wp","href":"https:\/\/api.w.org\/{rel}","templated":true}]}}