{"id":21689,"date":"2024-03-05T15:55:09","date_gmt":"2024-03-05T14:55:09","guid":{"rendered":"https:\/\/revolutionpadelstore.com\/adidas-drive-light-3-3\/"},"modified":"2026-04-14T02:00:09","modified_gmt":"2026-04-14T00:00:09","slug":"adidas-drive-light-3-3-2","status":"publish","type":"product","link":"https:\/\/revolutionpadelstore.com\/en\/adidas-drive-light-3-3-2\/","title":{"rendered":"ADIDAS DRIVE LIGHT 3.3"},"content":{"rendered":"<h2>Adidas Drive Light 3.3, absolute control in every shot<\/h2>\n<p>The Adidas Drive Light 3.3 racket, launched in the 2024 collection, has been meticulously created for players who are starting out in padel, seeking a balance between reliability, durability and exceptional performance.<\/p>\n<p>With a light weight that ranges between 345 and 360 grams, this Adidas racket is presented as the perfect choice for those players who prioritize ease of handling, allowing agile and fast movements on the court.<\/p>\n<p>The round shape of its mold, with the sweet spot strategically centered and a low balance, offers exceptional control. These characteristics allow beginning players to achieve firm and safe hits, standing out especially in defensive play.<\/p>\n<h3>Comfort and Speed:<\/h3>\n<p>Regarding materials, the racket incorporates a low-density EVA Soft Performance rubber core, which provides a fast and powerful ball output. In addition, the presence of fiberglass in the frame and faces provides flexibility, generating a significant rebound even on low-speed hits.<\/p>\n<h3>Innovative Technologies:<\/h3>\n<p>Two key technologies, Smart Holes Linear and Structural Reinforcement, contribute to the durability and exceptional performance of the racket. Smart Holes Linear reinforces twist-prone areas by equidistant arrangement in groups of three, while Structural Reinforcement strengthens the blade perimeter to resist intense twisting.<\/p>\n<p>Discover the perfect balance between comfort and speed with the Adidas Drive Light 3.3, a smart choice to get started in padel with a reliable and high-performance racket.<\/p>\n<h2>Adidas Drive Light 3.3, control absoluto en cada golpe<\/h2>\n","protected":false},"excerpt":{"rendered":"<p>Adidas Drive Light 3.3: Discover absolute control in every shot. Designed for beginner padel players, this racket offers ease of use, speed and exceptional performance. Control, comfort and resistance in every movement.<\/p>\n","protected":false},"featured_media":1089,"comment_status":"open","ping_status":"closed","template":"","meta":{"_acf_changed":false,"_joinchat":[]},"acabado":[1083],"balance":[1148],"dureza":[1153],"forma":[1183],"jugador":[1198],"marca":[1233],"nivel-de-juego":[1353],"superficie":[1358],"tipo-de-juego":[1373],"product_brand":[],"product_cat":[303],"product_tag":[],"class_list":{"0":"post-21689","1":"product","2":"type-product","3":"status-publish","4":"has-post-thumbnail","6":"acabado-brightness","7":"balance-bajo-en","8":"dureza-blanda-en","9":"forma-redonda-en","10":"jugador-woman","11":"marca-adidas-en","12":"superficie-lisa-en","13":"tipo-de-juego-control-en","14":"product_cat-palas","16":"first","17":"instock","18":"sale","19":"taxable","20":"shipping-taxable","21":"purchasable","22":"product-type-simple"},"acf":[],"yoast_head":"<!-- This site is optimized with the Yoast SEO plugin v27.4 - https:\/\/yoast.com\/product\/yoast-seo-wordpress\/ -->\n<title>ADIDAS DRIVE LIGHT 3.3 - Revolution Padel Store<\/title>\n<meta name=\"description\" content=\"Adidas Drive Light 3.3: Descubre el control absoluto en cada golpe. Dise\u00f1ada para jugadoras de p\u00e1del en fase de iniciaci\u00f3n.\" \/>\n<meta name=\"robots\" content=\"index, follow, max-snippet:-1, max-image-preview:large, max-video-preview:-1\" \/>\n<link rel=\"canonical\" href=\"https:\/\/revolutionpadelstore.com\/en\/adidas-drive-light-3-3-2\/\" \/>\n<meta property=\"og:locale\" content=\"en_US\" \/>\n<meta property=\"og:type\" content=\"article\" \/>\n<meta property=\"og:title\" content=\"ADIDAS DRIVE LIGHT 3.3\" \/>\n<meta property=\"og:description\" content=\"Adidas Drive Light 3.3: Descubre el control absoluto en cada golpe. Dise\u00f1ada para jugadoras de p\u00e1del en fase de iniciaci\u00f3n, esta pala ofrece facilidad de manejo, rapidez y un rendimiento excepcional. Control, confort y resistencia en cada movimiento.\" \/>\n<meta property=\"og:url\" content=\"https:\/\/revolutionpadelstore.com\/en\/adidas-drive-light-3-3-2\/\" \/>\n<meta property=\"og:site_name\" content=\"Revolution Padel Store\" \/>\n<meta property=\"article:modified_time\" content=\"2026-04-14T00:00:09+00:00\" \/>\n<meta property=\"og:image\" content=\"https:\/\/revolutionpadelstore.com\/wp-content\/uploads\/2024\/03\/110137_padel_webs_padel_y_grupo_pala_adidas_drive_light_3_3_adrk5ca2u0012f_1500_6116.webp\" \/>\n\t<meta property=\"og:image:width\" content=\"1500\" \/>\n\t<meta property=\"og:image:height\" content=\"1500\" \/>\n\t<meta property=\"og:image:type\" content=\"image\/webp\" \/>\n<meta name=\"twitter:card\" content=\"summary_large_image\" \/>\n<meta name=\"twitter:label1\" content=\"Est. reading time\" \/>\n\t<meta name=\"twitter:data1\" content=\"2 minutes\" \/>\n<script type=\"application\/ld+json\" class=\"yoast-schema-graph\">{\"@context\":\"https:\\\/\\\/schema.org\",\"@graph\":[{\"@type\":\"WebPage\",\"@id\":\"https:\\\/\\\/revolutionpadelstore.com\\\/en\\\/adidas-drive-light-3-3-2\\\/\",\"url\":\"https:\\\/\\\/revolutionpadelstore.com\\\/en\\\/adidas-drive-light-3-3-2\\\/\",\"name\":\"ADIDAS DRIVE LIGHT 3.3 - Revolution Padel Store\",\"isPartOf\":{\"@id\":\"https:\\\/\\\/revolutionpadelstore.com\\\/en\\\/#website\"},\"primaryImageOfPage\":{\"@id\":\"https:\\\/\\\/revolutionpadelstore.com\\\/en\\\/adidas-drive-light-3-3-2\\\/#primaryimage\"},\"image\":{\"@id\":\"https:\\\/\\\/revolutionpadelstore.com\\\/en\\\/adidas-drive-light-3-3-2\\\/#primaryimage\"},\"thumbnailUrl\":\"https:\\\/\\\/revolutionpadelstore.com\\\/wp-content\\\/uploads\\\/2024\\\/03\\\/110137_padel_webs_padel_y_grupo_pala_adidas_drive_light_3_3_adrk5ca2u0012f_1500_6116.webp\",\"datePublished\":\"2024-03-05T14:55:09+00:00\",\"dateModified\":\"2026-04-14T00:00:09+00:00\",\"description\":\"Adidas Drive Light 3.3: Descubre el control absoluto en cada golpe. Dise\u00f1ada para jugadoras de p\u00e1del en fase de iniciaci\u00f3n.\",\"breadcrumb\":{\"@id\":\"https:\\\/\\\/revolutionpadelstore.com\\\/en\\\/adidas-drive-light-3-3-2\\\/#breadcrumb\"},\"inLanguage\":\"en-US\",\"potentialAction\":[{\"@type\":\"ReadAction\",\"target\":[\"https:\\\/\\\/revolutionpadelstore.com\\\/en\\\/adidas-drive-light-3-3-2\\\/\"]}]},{\"@type\":\"ImageObject\",\"inLanguage\":\"en-US\",\"@id\":\"https:\\\/\\\/revolutionpadelstore.com\\\/en\\\/adidas-drive-light-3-3-2\\\/#primaryimage\",\"url\":\"https:\\\/\\\/revolutionpadelstore.com\\\/wp-content\\\/uploads\\\/2024\\\/03\\\/110137_padel_webs_padel_y_grupo_pala_adidas_drive_light_3_3_adrk5ca2u0012f_1500_6116.webp\",\"contentUrl\":\"https:\\\/\\\/revolutionpadelstore.com\\\/wp-content\\\/uploads\\\/2024\\\/03\\\/110137_padel_webs_padel_y_grupo_pala_adidas_drive_light_3_3_adrk5ca2u0012f_1500_6116.webp\",\"width\":1500,\"height\":1500,\"caption\":\"ADIDAS DRIVE LIGHT 3.3\"},{\"@type\":\"BreadcrumbList\",\"@id\":\"https:\\\/\\\/revolutionpadelstore.com\\\/en\\\/adidas-drive-light-3-3-2\\\/#breadcrumb\",\"itemListElement\":[{\"@type\":\"ListItem\",\"position\":1,\"name\":\"Portada\",\"item\":\"https:\\\/\\\/revolutionpadelstore.com\\\/en\\\/\"},{\"@type\":\"ListItem\",\"position\":2,\"name\":\"Shop\",\"item\":\"https:\\\/\\\/revolutionpadelstore.com\\\/en\\\/shop\\\/\"},{\"@type\":\"ListItem\",\"position\":3,\"name\":\"ADIDAS DRIVE LIGHT 3.3\"}]},{\"@type\":\"WebSite\",\"@id\":\"https:\\\/\\\/revolutionpadelstore.com\\\/en\\\/#website\",\"url\":\"https:\\\/\\\/revolutionpadelstore.com\\\/en\\\/\",\"name\":\"Revolution Padel Store\",\"description\":\"\",\"publisher\":{\"@id\":\"https:\\\/\\\/revolutionpadelstore.com\\\/en\\\/#organization\"},\"potentialAction\":[{\"@type\":\"SearchAction\",\"target\":{\"@type\":\"EntryPoint\",\"urlTemplate\":\"https:\\\/\\\/revolutionpadelstore.com\\\/en\\\/?s={search_term_string}\"},\"query-input\":{\"@type\":\"PropertyValueSpecification\",\"valueRequired\":true,\"valueName\":\"search_term_string\"}}],\"inLanguage\":\"en-US\"},{\"@type\":\"Organization\",\"@id\":\"https:\\\/\\\/revolutionpadelstore.com\\\/en\\\/#organization\",\"name\":\"Revolution Padel Store\",\"url\":\"https:\\\/\\\/revolutionpadelstore.com\\\/en\\\/\",\"logo\":{\"@type\":\"ImageObject\",\"inLanguage\":\"en-US\",\"@id\":\"https:\\\/\\\/revolutionpadelstore.com\\\/en\\\/#\\\/schema\\\/logo\\\/image\\\/\",\"url\":\"https:\\\/\\\/revolutionpadelstore.com\\\/wp-content\\\/uploads\\\/2026\\\/02\\\/revolution-padel-store.jpg\",\"contentUrl\":\"https:\\\/\\\/revolutionpadelstore.com\\\/wp-content\\\/uploads\\\/2026\\\/02\\\/revolution-padel-store.jpg\",\"width\":2000,\"height\":2000,\"caption\":\"Revolution Padel Store\"},\"image\":{\"@id\":\"https:\\\/\\\/revolutionpadelstore.com\\\/en\\\/#\\\/schema\\\/logo\\\/image\\\/\"},\"sameAs\":[\"https:\\\/\\\/www.instagram.com\\\/revolutionpadelstore\\\/\"]}]}<\/script>\n<!-- \/ Yoast SEO plugin. -->","yoast_head_json":{"title":"ADIDAS DRIVE LIGHT 3.3 - Revolution Padel Store","description":"Adidas Drive Light 3.3: Descubre el control absoluto en cada golpe. Dise\u00f1ada para jugadoras de p\u00e1del en fase de iniciaci\u00f3n.","robots":{"index":"index","follow":"follow","max-snippet":"max-snippet:-1","max-image-preview":"max-image-preview:large","max-video-preview":"max-video-preview:-1"},"canonical":"https:\/\/revolutionpadelstore.com\/en\/adidas-drive-light-3-3-2\/","og_locale":"en_US","og_type":"article","og_title":"ADIDAS DRIVE LIGHT 3.3","og_description":"Adidas Drive Light 3.3: Descubre el control absoluto en cada golpe. Dise\u00f1ada para jugadoras de p\u00e1del en fase de iniciaci\u00f3n, esta pala ofrece facilidad de manejo, rapidez y un rendimiento excepcional. Control, confort y resistencia en cada movimiento.","og_url":"https:\/\/revolutionpadelstore.com\/en\/adidas-drive-light-3-3-2\/","og_site_name":"Revolution Padel Store","article_modified_time":"2026-04-14T00:00:09+00:00","og_image":[{"width":1500,"height":1500,"url":"https:\/\/revolutionpadelstore.com\/wp-content\/uploads\/2024\/03\/110137_padel_webs_padel_y_grupo_pala_adidas_drive_light_3_3_adrk5ca2u0012f_1500_6116.webp","type":"image\/webp"}],"twitter_card":"summary_large_image","twitter_misc":{"Est. reading time":"2 minutes"},"schema":{"@context":"https:\/\/schema.org","@graph":[{"@type":"WebPage","@id":"https:\/\/revolutionpadelstore.com\/en\/adidas-drive-light-3-3-2\/","url":"https:\/\/revolutionpadelstore.com\/en\/adidas-drive-light-3-3-2\/","name":"ADIDAS DRIVE LIGHT 3.3 - Revolution Padel Store","isPartOf":{"@id":"https:\/\/revolutionpadelstore.com\/en\/#website"},"primaryImageOfPage":{"@id":"https:\/\/revolutionpadelstore.com\/en\/adidas-drive-light-3-3-2\/#primaryimage"},"image":{"@id":"https:\/\/revolutionpadelstore.com\/en\/adidas-drive-light-3-3-2\/#primaryimage"},"thumbnailUrl":"https:\/\/revolutionpadelstore.com\/wp-content\/uploads\/2024\/03\/110137_padel_webs_padel_y_grupo_pala_adidas_drive_light_3_3_adrk5ca2u0012f_1500_6116.webp","datePublished":"2024-03-05T14:55:09+00:00","dateModified":"2026-04-14T00:00:09+00:00","description":"Adidas Drive Light 3.3: Descubre el control absoluto en cada golpe. Dise\u00f1ada para jugadoras de p\u00e1del en fase de iniciaci\u00f3n.","breadcrumb":{"@id":"https:\/\/revolutionpadelstore.com\/en\/adidas-drive-light-3-3-2\/#breadcrumb"},"inLanguage":"en-US","potentialAction":[{"@type":"ReadAction","target":["https:\/\/revolutionpadelstore.com\/en\/adidas-drive-light-3-3-2\/"]}]},{"@type":"ImageObject","inLanguage":"en-US","@id":"https:\/\/revolutionpadelstore.com\/en\/adidas-drive-light-3-3-2\/#primaryimage","url":"https:\/\/revolutionpadelstore.com\/wp-content\/uploads\/2024\/03\/110137_padel_webs_padel_y_grupo_pala_adidas_drive_light_3_3_adrk5ca2u0012f_1500_6116.webp","contentUrl":"https:\/\/revolutionpadelstore.com\/wp-content\/uploads\/2024\/03\/110137_padel_webs_padel_y_grupo_pala_adidas_drive_light_3_3_adrk5ca2u0012f_1500_6116.webp","width":1500,"height":1500,"caption":"ADIDAS DRIVE LIGHT 3.3"},{"@type":"BreadcrumbList","@id":"https:\/\/revolutionpadelstore.com\/en\/adidas-drive-light-3-3-2\/#breadcrumb","itemListElement":[{"@type":"ListItem","position":1,"name":"Portada","item":"https:\/\/revolutionpadelstore.com\/en\/"},{"@type":"ListItem","position":2,"name":"Shop","item":"https:\/\/revolutionpadelstore.com\/en\/shop\/"},{"@type":"ListItem","position":3,"name":"ADIDAS DRIVE LIGHT 3.3"}]},{"@type":"WebSite","@id":"https:\/\/revolutionpadelstore.com\/en\/#website","url":"https:\/\/revolutionpadelstore.com\/en\/","name":"Revolution Padel Store","description":"","publisher":{"@id":"https:\/\/revolutionpadelstore.com\/en\/#organization"},"potentialAction":[{"@type":"SearchAction","target":{"@type":"EntryPoint","urlTemplate":"https:\/\/revolutionpadelstore.com\/en\/?s={search_term_string}"},"query-input":{"@type":"PropertyValueSpecification","valueRequired":true,"valueName":"search_term_string"}}],"inLanguage":"en-US"},{"@type":"Organization","@id":"https:\/\/revolutionpadelstore.com\/en\/#organization","name":"Revolution Padel Store","url":"https:\/\/revolutionpadelstore.com\/en\/","logo":{"@type":"ImageObject","inLanguage":"en-US","@id":"https:\/\/revolutionpadelstore.com\/en\/#\/schema\/logo\/image\/","url":"https:\/\/revolutionpadelstore.com\/wp-content\/uploads\/2026\/02\/revolution-padel-store.jpg","contentUrl":"https:\/\/revolutionpadelstore.com\/wp-content\/uploads\/2026\/02\/revolution-padel-store.jpg","width":2000,"height":2000,"caption":"Revolution Padel Store"},"image":{"@id":"https:\/\/revolutionpadelstore.com\/en\/#\/schema\/logo\/image\/"},"sameAs":["https:\/\/www.instagram.com\/revolutionpadelstore\/"]}]}},"_links":{"self":[{"href":"https:\/\/revolutionpadelstore.com\/en\/wp-json\/wp\/v2\/product\/21689","targetHints":{"allow":["GET"]}}],"collection":[{"href":"https:\/\/revolutionpadelstore.com\/en\/wp-json\/wp\/v2\/product"}],"about":[{"href":"https:\/\/revolutionpadelstore.com\/en\/wp-json\/wp\/v2\/types\/product"}],"replies":[{"embeddable":true,"href":"https:\/\/revolutionpadelstore.com\/en\/wp-json\/wp\/v2\/comments?post=21689"}],"wp:featuredmedia":[{"embeddable":true,"href":"https:\/\/revolutionpadelstore.com\/en\/wp-json\/wp\/v2\/media\/1089"}],"wp:attachment":[{"href":"https:\/\/revolutionpadelstore.com\/en\/wp-json\/wp\/v2\/media?parent=21689"}],"wp:term":[{"taxonomy":"acabado","embeddable":true,"href":"https:\/\/revolutionpadelstore.com\/en\/wp-json\/wp\/v2\/acabado?post=21689"},{"taxonomy":"balance","embeddable":true,"href":"https:\/\/revolutionpadelstore.com\/en\/wp-json\/wp\/v2\/balance?post=21689"},{"taxonomy":"dureza","embeddable":true,"href":"https:\/\/revolutionpadelstore.com\/en\/wp-json\/wp\/v2\/dureza?post=21689"},{"taxonomy":"forma","embeddable":true,"href":"https:\/\/revolutionpadelstore.com\/en\/wp-json\/wp\/v2\/forma?post=21689"},{"taxonomy":"jugador","embeddable":true,"href":"https:\/\/revolutionpadelstore.com\/en\/wp-json\/wp\/v2\/jugador?post=21689"},{"taxonomy":"marca","embeddable":true,"href":"https:\/\/revolutionpadelstore.com\/en\/wp-json\/wp\/v2\/marca?post=21689"},{"taxonomy":"nivel-de-juego","embeddable":true,"href":"https:\/\/revolutionpadelstore.com\/en\/wp-json\/wp\/v2\/nivel-de-juego?post=21689"},{"taxonomy":"superficie","embeddable":true,"href":"https:\/\/revolutionpadelstore.com\/en\/wp-json\/wp\/v2\/superficie?post=21689"},{"taxonomy":"tipo-de-juego","embeddable":true,"href":"https:\/\/revolutionpadelstore.com\/en\/wp-json\/wp\/v2\/tipo-de-juego?post=21689"},{"taxonomy":"product_brand","embeddable":true,"href":"https:\/\/revolutionpadelstore.com\/en\/wp-json\/wp\/v2\/product_brand?post=21689"},{"taxonomy":"product_cat","embeddable":true,"href":"https:\/\/revolutionpadelstore.com\/en\/wp-json\/wp\/v2\/product_cat?post=21689"},{"taxonomy":"product_tag","embeddable":true,"href":"https:\/\/revolutionpadelstore.com\/en\/wp-json\/wp\/v2\/product_tag?post=21689"}],"curies":[{"name":"wp","href":"https:\/\/api.w.org\/{rel}","templated":true}]}}