{"id":215262,"date":"2025-03-14T08:13:33","date_gmt":"2025-03-14T07:13:33","guid":{"rendered":"https:\/\/revolutionpadelstore.com\/camiseta-mizuno-harlem-sleeve-woman-blanca\/"},"modified":"2026-04-08T05:43:59","modified_gmt":"2026-04-08T03:43:59","slug":"camiseta-mizuno-harlem-sleeve-woman-blanca-2","status":"publish","type":"product","link":"https:\/\/revolutionpadelstore.com\/en\/camiseta-mizuno-harlem-sleeve-woman-blanca-2\/","title":{"rendered":"CAMISETA MIZUNO-HARLEM SLEEVE WOMAN BLANCA"},"content":{"rendered":"<p><H2> Mizuno-Harlem Sleeve T-shirt White Woman-Comfort and style on the track <\/ h2><br \/>\nTake your game to the next level with the <em> Mizuno Sleeve Tee <\/em> for women. Designed to offer maximum comfort and freedom of movement, this short -sleeve shirt combines breathable materials with a perfect adjustment for intense training and matches.<\/p>\n<p>You are already an amateur player or a professional, this shirt will allow you to move without restrictions thanks to its light fabric and soft seams that reduce friction. Its elegant and minimalist design guarantees an impeccable look both on and off the track.<br \/>\n<H2> Outstanding characteristics <\/ h2><\/p>\n<p style=\"padding-left: 40px\">-breathable and light material to stay fresh at all times.<br \/>\n-Hajuste comfortable and ergonomic that favors mobility without restrictions.<br \/>\n-Modern and versatile design, perfect for training or competing.<br \/>\n-Shakes to minimize skin irritation. <\/p>\n<p> Get the <em> Mizuno Core Short Sleeve Tee <\/em> and feels the difference in each game! Available now in our online store <a href=\"https:\/\/www.revolutionpadelstore.com\/\"> www.revolutionpadelstore.com <\/a>, probably at the best market price.<\/p>\n<h2>Camiseta Mizuno-Harlem Sleeve Mujer Blanca\u2013 Comodidad y estilo en la pista<\/h2>\n","protected":false},"excerpt":{"rendered":"<p>Improve your performance with the Mizuno Sleeve Tee for women. Created to provide maximum comfort and total freedom of movement.<\/p>\n","protected":false},"featured_media":215298,"comment_status":"open","ping_status":"closed","template":"","meta":{"_acf_changed":false,"_joinchat":[]},"acabado":[],"balance":[],"dureza":[],"forma":[],"jugador":[1198],"marca":[1238,1333],"nivel-de-juego":[],"superficie":[],"tipo-de-juego":[],"product_brand":[],"product_cat":[351],"product_tag":[],"class_list":{"0":"post-215262","1":"product","2":"type-product","3":"status-publish","4":"has-post-thumbnail","6":"jugador-woman","7":"marca-harlem-padel-en","8":"marca-mizuno-en","9":"product_cat-ropa-en","11":"first","12":"outofstock","13":"sale","14":"taxable","15":"shipping-taxable","16":"purchasable","17":"product-type-variable"},"acf":[],"yoast_head":"<!-- This site is optimized with the Yoast SEO plugin v27.4 - https:\/\/yoast.com\/product\/yoast-seo-wordpress\/ -->\n<title>CAMISETA MIZUNO-HARLEM SLEEVE WOMAN BLANCA - Revolution Padel Store<\/title>\n<meta name=\"description\" content=\"Descubre la Mizuno Core Short Sleeve Tee para mujer, una camiseta transpirable y c\u00f3moda, ideal para jugar al p\u00e1del o tenis. Cons\u00edguela en Revolution Padel Store al mejor precio.\" \/>\n<meta name=\"robots\" content=\"index, follow, max-snippet:-1, max-image-preview:large, max-video-preview:-1\" \/>\n<link rel=\"canonical\" href=\"https:\/\/revolutionpadelstore.com\/en\/camiseta-mizuno-harlem-sleeve-woman-blanca-2\/\" \/>\n<meta property=\"og:locale\" content=\"en_US\" \/>\n<meta property=\"og:type\" content=\"article\" \/>\n<meta property=\"og:title\" content=\"CAMISETA MIZUNO-HARLEM SLEEVE WOMAN BLANCA - Revolution Padel Store\" \/>\n<meta property=\"og:description\" content=\"Descubre la Mizuno Core Short Sleeve Tee para mujer, una camiseta transpirable y c\u00f3moda, ideal para jugar al p\u00e1del o tenis. Cons\u00edguela en Revolution Padel Store al mejor precio.\" \/>\n<meta property=\"og:url\" content=\"https:\/\/revolutionpadelstore.com\/en\/camiseta-mizuno-harlem-sleeve-woman-blanca-2\/\" \/>\n<meta property=\"og:site_name\" content=\"Revolution Padel Store\" \/>\n<meta property=\"article:modified_time\" content=\"2026-04-08T03:43:59+00:00\" \/>\n<meta property=\"og:image\" content=\"https:\/\/revolutionpadelstore.com\/wp-content\/uploads\/2025\/03\/FOTO-PALAS-14.png\" \/>\n\t<meta property=\"og:image:width\" content=\"1500\" \/>\n\t<meta property=\"og:image:height\" content=\"1500\" \/>\n\t<meta property=\"og:image:type\" content=\"image\/png\" \/>\n<meta name=\"twitter:card\" content=\"summary_large_image\" \/>\n<meta name=\"twitter:label1\" content=\"Est. reading time\" \/>\n\t<meta name=\"twitter:data1\" content=\"1 minute\" \/>\n<script type=\"application\/ld+json\" class=\"yoast-schema-graph\">{\"@context\":\"https:\\\/\\\/schema.org\",\"@graph\":[{\"@type\":\"WebPage\",\"@id\":\"https:\\\/\\\/revolutionpadelstore.com\\\/en\\\/camiseta-mizuno-harlem-sleeve-woman-blanca-2\\\/\",\"url\":\"https:\\\/\\\/revolutionpadelstore.com\\\/en\\\/camiseta-mizuno-harlem-sleeve-woman-blanca-2\\\/\",\"name\":\"CAMISETA MIZUNO-HARLEM SLEEVE WOMAN BLANCA - Revolution Padel Store\",\"isPartOf\":{\"@id\":\"https:\\\/\\\/revolutionpadelstore.com\\\/en\\\/#website\"},\"primaryImageOfPage\":{\"@id\":\"https:\\\/\\\/revolutionpadelstore.com\\\/en\\\/camiseta-mizuno-harlem-sleeve-woman-blanca-2\\\/#primaryimage\"},\"image\":{\"@id\":\"https:\\\/\\\/revolutionpadelstore.com\\\/en\\\/camiseta-mizuno-harlem-sleeve-woman-blanca-2\\\/#primaryimage\"},\"thumbnailUrl\":\"https:\\\/\\\/revolutionpadelstore.com\\\/wp-content\\\/uploads\\\/2025\\\/03\\\/FOTO-PALAS-14.png\",\"datePublished\":\"2025-03-14T07:13:33+00:00\",\"dateModified\":\"2026-04-08T03:43:59+00:00\",\"description\":\"Descubre la Mizuno Core Short Sleeve Tee para mujer, una camiseta transpirable y c\u00f3moda, ideal para jugar al p\u00e1del o tenis. Cons\u00edguela en Revolution Padel Store al mejor precio.\",\"breadcrumb\":{\"@id\":\"https:\\\/\\\/revolutionpadelstore.com\\\/en\\\/camiseta-mizuno-harlem-sleeve-woman-blanca-2\\\/#breadcrumb\"},\"inLanguage\":\"en-US\",\"potentialAction\":[{\"@type\":\"ReadAction\",\"target\":[\"https:\\\/\\\/revolutionpadelstore.com\\\/en\\\/camiseta-mizuno-harlem-sleeve-woman-blanca-2\\\/\"]}]},{\"@type\":\"ImageObject\",\"inLanguage\":\"en-US\",\"@id\":\"https:\\\/\\\/revolutionpadelstore.com\\\/en\\\/camiseta-mizuno-harlem-sleeve-woman-blanca-2\\\/#primaryimage\",\"url\":\"https:\\\/\\\/revolutionpadelstore.com\\\/wp-content\\\/uploads\\\/2025\\\/03\\\/FOTO-PALAS-14.png\",\"contentUrl\":\"https:\\\/\\\/revolutionpadelstore.com\\\/wp-content\\\/uploads\\\/2025\\\/03\\\/FOTO-PALAS-14.png\",\"width\":1500,\"height\":1500},{\"@type\":\"BreadcrumbList\",\"@id\":\"https:\\\/\\\/revolutionpadelstore.com\\\/en\\\/camiseta-mizuno-harlem-sleeve-woman-blanca-2\\\/#breadcrumb\",\"itemListElement\":[{\"@type\":\"ListItem\",\"position\":1,\"name\":\"Portada\",\"item\":\"https:\\\/\\\/revolutionpadelstore.com\\\/en\\\/\"},{\"@type\":\"ListItem\",\"position\":2,\"name\":\"Shop\",\"item\":\"https:\\\/\\\/revolutionpadelstore.com\\\/en\\\/shop\\\/\"},{\"@type\":\"ListItem\",\"position\":3,\"name\":\"CAMISETA MIZUNO-HARLEM SLEEVE WOMAN BLANCA\"}]},{\"@type\":\"WebSite\",\"@id\":\"https:\\\/\\\/revolutionpadelstore.com\\\/en\\\/#website\",\"url\":\"https:\\\/\\\/revolutionpadelstore.com\\\/en\\\/\",\"name\":\"Revolution Padel Store\",\"description\":\"\",\"publisher\":{\"@id\":\"https:\\\/\\\/revolutionpadelstore.com\\\/en\\\/#organization\"},\"potentialAction\":[{\"@type\":\"SearchAction\",\"target\":{\"@type\":\"EntryPoint\",\"urlTemplate\":\"https:\\\/\\\/revolutionpadelstore.com\\\/en\\\/?s={search_term_string}\"},\"query-input\":{\"@type\":\"PropertyValueSpecification\",\"valueRequired\":true,\"valueName\":\"search_term_string\"}}],\"inLanguage\":\"en-US\"},{\"@type\":\"Organization\",\"@id\":\"https:\\\/\\\/revolutionpadelstore.com\\\/en\\\/#organization\",\"name\":\"Revolution Padel Store\",\"url\":\"https:\\\/\\\/revolutionpadelstore.com\\\/en\\\/\",\"logo\":{\"@type\":\"ImageObject\",\"inLanguage\":\"en-US\",\"@id\":\"https:\\\/\\\/revolutionpadelstore.com\\\/en\\\/#\\\/schema\\\/logo\\\/image\\\/\",\"url\":\"https:\\\/\\\/revolutionpadelstore.com\\\/wp-content\\\/uploads\\\/2026\\\/02\\\/revolution-padel-store.jpg\",\"contentUrl\":\"https:\\\/\\\/revolutionpadelstore.com\\\/wp-content\\\/uploads\\\/2026\\\/02\\\/revolution-padel-store.jpg\",\"width\":2000,\"height\":2000,\"caption\":\"Revolution Padel Store\"},\"image\":{\"@id\":\"https:\\\/\\\/revolutionpadelstore.com\\\/en\\\/#\\\/schema\\\/logo\\\/image\\\/\"},\"sameAs\":[\"https:\\\/\\\/www.instagram.com\\\/revolutionpadelstore\\\/\"]}]}<\/script>\n<!-- \/ Yoast SEO plugin. -->","yoast_head_json":{"title":"CAMISETA MIZUNO-HARLEM SLEEVE WOMAN BLANCA - Revolution Padel Store","description":"Descubre la Mizuno Core Short Sleeve Tee para mujer, una camiseta transpirable y c\u00f3moda, ideal para jugar al p\u00e1del o tenis. Cons\u00edguela en Revolution Padel Store al mejor precio.","robots":{"index":"index","follow":"follow","max-snippet":"max-snippet:-1","max-image-preview":"max-image-preview:large","max-video-preview":"max-video-preview:-1"},"canonical":"https:\/\/revolutionpadelstore.com\/en\/camiseta-mizuno-harlem-sleeve-woman-blanca-2\/","og_locale":"en_US","og_type":"article","og_title":"CAMISETA MIZUNO-HARLEM SLEEVE WOMAN BLANCA - Revolution Padel Store","og_description":"Descubre la Mizuno Core Short Sleeve Tee para mujer, una camiseta transpirable y c\u00f3moda, ideal para jugar al p\u00e1del o tenis. Cons\u00edguela en Revolution Padel Store al mejor precio.","og_url":"https:\/\/revolutionpadelstore.com\/en\/camiseta-mizuno-harlem-sleeve-woman-blanca-2\/","og_site_name":"Revolution Padel Store","article_modified_time":"2026-04-08T03:43:59+00:00","og_image":[{"width":1500,"height":1500,"url":"https:\/\/revolutionpadelstore.com\/wp-content\/uploads\/2025\/03\/FOTO-PALAS-14.png","type":"image\/png"}],"twitter_card":"summary_large_image","twitter_misc":{"Est. reading time":"1 minute"},"schema":{"@context":"https:\/\/schema.org","@graph":[{"@type":"WebPage","@id":"https:\/\/revolutionpadelstore.com\/en\/camiseta-mizuno-harlem-sleeve-woman-blanca-2\/","url":"https:\/\/revolutionpadelstore.com\/en\/camiseta-mizuno-harlem-sleeve-woman-blanca-2\/","name":"CAMISETA MIZUNO-HARLEM SLEEVE WOMAN BLANCA - Revolution Padel Store","isPartOf":{"@id":"https:\/\/revolutionpadelstore.com\/en\/#website"},"primaryImageOfPage":{"@id":"https:\/\/revolutionpadelstore.com\/en\/camiseta-mizuno-harlem-sleeve-woman-blanca-2\/#primaryimage"},"image":{"@id":"https:\/\/revolutionpadelstore.com\/en\/camiseta-mizuno-harlem-sleeve-woman-blanca-2\/#primaryimage"},"thumbnailUrl":"https:\/\/revolutionpadelstore.com\/wp-content\/uploads\/2025\/03\/FOTO-PALAS-14.png","datePublished":"2025-03-14T07:13:33+00:00","dateModified":"2026-04-08T03:43:59+00:00","description":"Descubre la Mizuno Core Short Sleeve Tee para mujer, una camiseta transpirable y c\u00f3moda, ideal para jugar al p\u00e1del o tenis. Cons\u00edguela en Revolution Padel Store al mejor precio.","breadcrumb":{"@id":"https:\/\/revolutionpadelstore.com\/en\/camiseta-mizuno-harlem-sleeve-woman-blanca-2\/#breadcrumb"},"inLanguage":"en-US","potentialAction":[{"@type":"ReadAction","target":["https:\/\/revolutionpadelstore.com\/en\/camiseta-mizuno-harlem-sleeve-woman-blanca-2\/"]}]},{"@type":"ImageObject","inLanguage":"en-US","@id":"https:\/\/revolutionpadelstore.com\/en\/camiseta-mizuno-harlem-sleeve-woman-blanca-2\/#primaryimage","url":"https:\/\/revolutionpadelstore.com\/wp-content\/uploads\/2025\/03\/FOTO-PALAS-14.png","contentUrl":"https:\/\/revolutionpadelstore.com\/wp-content\/uploads\/2025\/03\/FOTO-PALAS-14.png","width":1500,"height":1500},{"@type":"BreadcrumbList","@id":"https:\/\/revolutionpadelstore.com\/en\/camiseta-mizuno-harlem-sleeve-woman-blanca-2\/#breadcrumb","itemListElement":[{"@type":"ListItem","position":1,"name":"Portada","item":"https:\/\/revolutionpadelstore.com\/en\/"},{"@type":"ListItem","position":2,"name":"Shop","item":"https:\/\/revolutionpadelstore.com\/en\/shop\/"},{"@type":"ListItem","position":3,"name":"CAMISETA MIZUNO-HARLEM SLEEVE WOMAN BLANCA"}]},{"@type":"WebSite","@id":"https:\/\/revolutionpadelstore.com\/en\/#website","url":"https:\/\/revolutionpadelstore.com\/en\/","name":"Revolution Padel Store","description":"","publisher":{"@id":"https:\/\/revolutionpadelstore.com\/en\/#organization"},"potentialAction":[{"@type":"SearchAction","target":{"@type":"EntryPoint","urlTemplate":"https:\/\/revolutionpadelstore.com\/en\/?s={search_term_string}"},"query-input":{"@type":"PropertyValueSpecification","valueRequired":true,"valueName":"search_term_string"}}],"inLanguage":"en-US"},{"@type":"Organization","@id":"https:\/\/revolutionpadelstore.com\/en\/#organization","name":"Revolution Padel Store","url":"https:\/\/revolutionpadelstore.com\/en\/","logo":{"@type":"ImageObject","inLanguage":"en-US","@id":"https:\/\/revolutionpadelstore.com\/en\/#\/schema\/logo\/image\/","url":"https:\/\/revolutionpadelstore.com\/wp-content\/uploads\/2026\/02\/revolution-padel-store.jpg","contentUrl":"https:\/\/revolutionpadelstore.com\/wp-content\/uploads\/2026\/02\/revolution-padel-store.jpg","width":2000,"height":2000,"caption":"Revolution Padel Store"},"image":{"@id":"https:\/\/revolutionpadelstore.com\/en\/#\/schema\/logo\/image\/"},"sameAs":["https:\/\/www.instagram.com\/revolutionpadelstore\/"]}]}},"_links":{"self":[{"href":"https:\/\/revolutionpadelstore.com\/en\/wp-json\/wp\/v2\/product\/215262","targetHints":{"allow":["GET"]}}],"collection":[{"href":"https:\/\/revolutionpadelstore.com\/en\/wp-json\/wp\/v2\/product"}],"about":[{"href":"https:\/\/revolutionpadelstore.com\/en\/wp-json\/wp\/v2\/types\/product"}],"replies":[{"embeddable":true,"href":"https:\/\/revolutionpadelstore.com\/en\/wp-json\/wp\/v2\/comments?post=215262"}],"wp:featuredmedia":[{"embeddable":true,"href":"https:\/\/revolutionpadelstore.com\/en\/wp-json\/wp\/v2\/media\/215298"}],"wp:attachment":[{"href":"https:\/\/revolutionpadelstore.com\/en\/wp-json\/wp\/v2\/media?parent=215262"}],"wp:term":[{"taxonomy":"acabado","embeddable":true,"href":"https:\/\/revolutionpadelstore.com\/en\/wp-json\/wp\/v2\/acabado?post=215262"},{"taxonomy":"balance","embeddable":true,"href":"https:\/\/revolutionpadelstore.com\/en\/wp-json\/wp\/v2\/balance?post=215262"},{"taxonomy":"dureza","embeddable":true,"href":"https:\/\/revolutionpadelstore.com\/en\/wp-json\/wp\/v2\/dureza?post=215262"},{"taxonomy":"forma","embeddable":true,"href":"https:\/\/revolutionpadelstore.com\/en\/wp-json\/wp\/v2\/forma?post=215262"},{"taxonomy":"jugador","embeddable":true,"href":"https:\/\/revolutionpadelstore.com\/en\/wp-json\/wp\/v2\/jugador?post=215262"},{"taxonomy":"marca","embeddable":true,"href":"https:\/\/revolutionpadelstore.com\/en\/wp-json\/wp\/v2\/marca?post=215262"},{"taxonomy":"nivel-de-juego","embeddable":true,"href":"https:\/\/revolutionpadelstore.com\/en\/wp-json\/wp\/v2\/nivel-de-juego?post=215262"},{"taxonomy":"superficie","embeddable":true,"href":"https:\/\/revolutionpadelstore.com\/en\/wp-json\/wp\/v2\/superficie?post=215262"},{"taxonomy":"tipo-de-juego","embeddable":true,"href":"https:\/\/revolutionpadelstore.com\/en\/wp-json\/wp\/v2\/tipo-de-juego?post=215262"},{"taxonomy":"product_brand","embeddable":true,"href":"https:\/\/revolutionpadelstore.com\/en\/wp-json\/wp\/v2\/product_brand?post=215262"},{"taxonomy":"product_cat","embeddable":true,"href":"https:\/\/revolutionpadelstore.com\/en\/wp-json\/wp\/v2\/product_cat?post=215262"},{"taxonomy":"product_tag","embeddable":true,"href":"https:\/\/revolutionpadelstore.com\/en\/wp-json\/wp\/v2\/product_tag?post=215262"}],"curies":[{"name":"wp","href":"https:\/\/api.w.org\/{rel}","templated":true}]}}