{"id":214798,"date":"2025-03-12T18:45:52","date_gmt":"2025-03-12T17:45:52","guid":{"rendered":"https:\/\/revolutionpadelstore.com\/camiseta-bullpadel-dinneno-25v-090\/"},"modified":"2026-04-08T05:50:12","modified_gmt":"2026-04-08T03:50:12","slug":"camiseta-bullpadel-dinneno-25v-090-2","status":"publish","type":"product","link":"https:\/\/revolutionpadelstore.com\/en\/camiseta-bullpadel-dinneno-25v-090-2\/","title":{"rendered":"CAMISETA BULLPADEL DINNENO 25V 090"},"content":{"rendered":"<p><H2> Dinneno 25V Bullpadel T -shirt &#8211; Performance and style on the track <\/ h2><br \/>\nThe <strong> Bullpadel Dinneno 25V <\/strong> is the official <strong> Mart\u00edn Di Nenno <\/strong>, designed for paddle players looking for <strong> maximum performance, comfort and breathability <\/strong> in each game. Its high quality elastic fabric adapts to the body to offer freedom of movement, while its fast drying technology maintains fresh and dry skin even in the most intense encounters.<\/p>\n<p>Its <strong> short and neck design to the box <\/strong> provides a sports and stylized adjustment, ideal for both training and competitions. In addition, it incorporates details inspired by the <strong> di nenno game style <\/strong>, with the <strong> official sponsors <\/strong> that accompany it in the professional circuit.<br \/>\n<H2> Outstanding characteristics <\/ h2><\/p>\n<p style=\"padding-left: 40px\">-elastic and breathable fabric: maximum mobility and comfort on the track.<br \/>\n-Pry drying technology: avoids the accumulation of sweat for a feeling of lasting freshness.<br \/>\n-On official of Mart\u00edn Di Nenno: with the logos of his sponsors.<br \/>\n-The high quality Jacquard material: provides resistance and durability.<br \/>\n-Sports Ajustment: Ideal for high intensity parties and demanding training. <\/p>\n<p>Manufactured with <strong> 87% polyester and 13% elast\u00e1n <\/strong>, this shirt offers a perfect combination between <strong> breathability, elasticity and resistance <\/strong>, guaranteeing a high performance garment for paddle lovers.<\/p>\n<p>Play with the style of professionals and raise your level on the track! Find the <strong> Bullpadel Dinneno 25V <\/strong> available in our online store &lt;a href = &quot;https:\/\/chatgpt.com\/g\/g-675432e026888191B6ee6d6f2fdbb15e-optimization-textos\/c\/www.revolutionpadelstore.com&quot; Market <\/strong>.<\/p>\n<h2>Camiseta Bullpadel Dinneno 25V \u2013 Rendimiento y estilo en la pista<\/h2>\n","protected":false},"excerpt":{"rendered":"<p>The Bullpadel Dinneno 25V is the official Mart\u00edn Di Nenno shirt, made with a fast drying elastic fabric and a high performance design.<\/p>\n","protected":false},"featured_media":214751,"comment_status":"open","ping_status":"closed","template":"","meta":{"_acf_changed":false,"_joinchat":[]},"acabado":[],"balance":[],"dureza":[],"forma":[],"jugador":[1193],"marca":[1258],"nivel-de-juego":[],"superficie":[],"tipo-de-juego":[],"product_brand":[],"product_cat":[352,351],"product_tag":[],"class_list":{"0":"post-214798","1":"product","2":"type-product","3":"status-publish","4":"has-post-thumbnail","6":"jugador-hombre-en","7":"marca-bullpadel-en","8":"product_cat-premier-players-clothing","9":"product_cat-ropa-en","11":"first","12":"outofstock","13":"sale","14":"taxable","15":"shipping-taxable","16":"purchasable","17":"product-type-variable"},"acf":[],"yoast_head":"<!-- This site is optimized with the Yoast SEO plugin v27.4 - https:\/\/yoast.com\/product\/yoast-seo-wordpress\/ -->\n<title>CAMISETA BULLPADEL DINNENO 25V 090 - Revolution Padel Store<\/title>\n<meta name=\"description\" content=\"Descubre la camiseta Bullpadel Dinneno 25V, el modelo oficial de Mart\u00edn Di Nenno. Dise\u00f1o transpirable, tejido el\u00e1stico y secado r\u00e1pido. \u00a1C\u00f3mprala al mejor precio en Revolution Padel Store!\" \/>\n<meta name=\"robots\" content=\"index, follow, max-snippet:-1, max-image-preview:large, max-video-preview:-1\" \/>\n<link rel=\"canonical\" href=\"https:\/\/revolutionpadelstore.com\/en\/camiseta-bullpadel-dinneno-25v-090-2\/\" \/>\n<meta property=\"og:locale\" content=\"en_US\" \/>\n<meta property=\"og:type\" content=\"article\" \/>\n<meta property=\"og:title\" content=\"CAMISETA BULLPADEL DINNENO 25V 090 - Revolution Padel Store\" \/>\n<meta property=\"og:description\" content=\"Descubre la camiseta Bullpadel Dinneno 25V, el modelo oficial de Mart\u00edn Di Nenno. Dise\u00f1o transpirable, tejido el\u00e1stico y secado r\u00e1pido. \u00a1C\u00f3mprala al mejor precio en Revolution Padel Store!\" \/>\n<meta property=\"og:url\" content=\"https:\/\/revolutionpadelstore.com\/en\/camiseta-bullpadel-dinneno-25v-090-2\/\" \/>\n<meta property=\"og:site_name\" content=\"Revolution Padel Store\" \/>\n<meta property=\"article:modified_time\" content=\"2026-04-08T03:50:12+00:00\" \/>\n<meta property=\"og:image\" content=\"https:\/\/revolutionpadelstore.com\/wp-content\/uploads\/2025\/03\/114249-camiseta-bullpadel-dinneno-25v-090-gris-perla-1200x1200-1.webp\" \/>\n\t<meta property=\"og:image:width\" content=\"1200\" \/>\n\t<meta property=\"og:image:height\" content=\"1200\" \/>\n\t<meta property=\"og:image:type\" content=\"image\/webp\" \/>\n<meta name=\"twitter:card\" content=\"summary_large_image\" \/>\n<meta name=\"twitter:label1\" content=\"Est. reading time\" \/>\n\t<meta name=\"twitter:data1\" content=\"2 minutes\" \/>\n<script type=\"application\/ld+json\" class=\"yoast-schema-graph\">{\"@context\":\"https:\\\/\\\/schema.org\",\"@graph\":[{\"@type\":\"WebPage\",\"@id\":\"https:\\\/\\\/revolutionpadelstore.com\\\/en\\\/camiseta-bullpadel-dinneno-25v-090-2\\\/\",\"url\":\"https:\\\/\\\/revolutionpadelstore.com\\\/en\\\/camiseta-bullpadel-dinneno-25v-090-2\\\/\",\"name\":\"CAMISETA BULLPADEL DINNENO 25V 090 - Revolution Padel Store\",\"isPartOf\":{\"@id\":\"https:\\\/\\\/revolutionpadelstore.com\\\/en\\\/#website\"},\"primaryImageOfPage\":{\"@id\":\"https:\\\/\\\/revolutionpadelstore.com\\\/en\\\/camiseta-bullpadel-dinneno-25v-090-2\\\/#primaryimage\"},\"image\":{\"@id\":\"https:\\\/\\\/revolutionpadelstore.com\\\/en\\\/camiseta-bullpadel-dinneno-25v-090-2\\\/#primaryimage\"},\"thumbnailUrl\":\"https:\\\/\\\/revolutionpadelstore.com\\\/wp-content\\\/uploads\\\/2025\\\/03\\\/114249-camiseta-bullpadel-dinneno-25v-090-gris-perla-1200x1200-1.webp\",\"datePublished\":\"2025-03-12T17:45:52+00:00\",\"dateModified\":\"2026-04-08T03:50:12+00:00\",\"description\":\"Descubre la camiseta Bullpadel Dinneno 25V, el modelo oficial de Mart\u00edn Di Nenno. Dise\u00f1o transpirable, tejido el\u00e1stico y secado r\u00e1pido. \u00a1C\u00f3mprala al mejor precio en Revolution Padel Store!\",\"breadcrumb\":{\"@id\":\"https:\\\/\\\/revolutionpadelstore.com\\\/en\\\/camiseta-bullpadel-dinneno-25v-090-2\\\/#breadcrumb\"},\"inLanguage\":\"en-US\",\"potentialAction\":[{\"@type\":\"ReadAction\",\"target\":[\"https:\\\/\\\/revolutionpadelstore.com\\\/en\\\/camiseta-bullpadel-dinneno-25v-090-2\\\/\"]}]},{\"@type\":\"ImageObject\",\"inLanguage\":\"en-US\",\"@id\":\"https:\\\/\\\/revolutionpadelstore.com\\\/en\\\/camiseta-bullpadel-dinneno-25v-090-2\\\/#primaryimage\",\"url\":\"https:\\\/\\\/revolutionpadelstore.com\\\/wp-content\\\/uploads\\\/2025\\\/03\\\/114249-camiseta-bullpadel-dinneno-25v-090-gris-perla-1200x1200-1.webp\",\"contentUrl\":\"https:\\\/\\\/revolutionpadelstore.com\\\/wp-content\\\/uploads\\\/2025\\\/03\\\/114249-camiseta-bullpadel-dinneno-25v-090-gris-perla-1200x1200-1.webp\",\"width\":1200,\"height\":1200},{\"@type\":\"BreadcrumbList\",\"@id\":\"https:\\\/\\\/revolutionpadelstore.com\\\/en\\\/camiseta-bullpadel-dinneno-25v-090-2\\\/#breadcrumb\",\"itemListElement\":[{\"@type\":\"ListItem\",\"position\":1,\"name\":\"Portada\",\"item\":\"https:\\\/\\\/revolutionpadelstore.com\\\/en\\\/\"},{\"@type\":\"ListItem\",\"position\":2,\"name\":\"Shop\",\"item\":\"https:\\\/\\\/revolutionpadelstore.com\\\/en\\\/shop\\\/\"},{\"@type\":\"ListItem\",\"position\":3,\"name\":\"CAMISETA BULLPADEL DINNENO 25V 090\"}]},{\"@type\":\"WebSite\",\"@id\":\"https:\\\/\\\/revolutionpadelstore.com\\\/en\\\/#website\",\"url\":\"https:\\\/\\\/revolutionpadelstore.com\\\/en\\\/\",\"name\":\"Revolution Padel Store\",\"description\":\"\",\"publisher\":{\"@id\":\"https:\\\/\\\/revolutionpadelstore.com\\\/en\\\/#organization\"},\"potentialAction\":[{\"@type\":\"SearchAction\",\"target\":{\"@type\":\"EntryPoint\",\"urlTemplate\":\"https:\\\/\\\/revolutionpadelstore.com\\\/en\\\/?s={search_term_string}\"},\"query-input\":{\"@type\":\"PropertyValueSpecification\",\"valueRequired\":true,\"valueName\":\"search_term_string\"}}],\"inLanguage\":\"en-US\"},{\"@type\":\"Organization\",\"@id\":\"https:\\\/\\\/revolutionpadelstore.com\\\/en\\\/#organization\",\"name\":\"Revolution Padel Store\",\"url\":\"https:\\\/\\\/revolutionpadelstore.com\\\/en\\\/\",\"logo\":{\"@type\":\"ImageObject\",\"inLanguage\":\"en-US\",\"@id\":\"https:\\\/\\\/revolutionpadelstore.com\\\/en\\\/#\\\/schema\\\/logo\\\/image\\\/\",\"url\":\"https:\\\/\\\/revolutionpadelstore.com\\\/wp-content\\\/uploads\\\/2026\\\/02\\\/revolution-padel-store.jpg\",\"contentUrl\":\"https:\\\/\\\/revolutionpadelstore.com\\\/wp-content\\\/uploads\\\/2026\\\/02\\\/revolution-padel-store.jpg\",\"width\":2000,\"height\":2000,\"caption\":\"Revolution Padel Store\"},\"image\":{\"@id\":\"https:\\\/\\\/revolutionpadelstore.com\\\/en\\\/#\\\/schema\\\/logo\\\/image\\\/\"},\"sameAs\":[\"https:\\\/\\\/www.instagram.com\\\/revolutionpadelstore\\\/\"]}]}<\/script>\n<!-- \/ Yoast SEO plugin. -->","yoast_head_json":{"title":"CAMISETA BULLPADEL DINNENO 25V 090 - Revolution Padel Store","description":"Descubre la camiseta Bullpadel Dinneno 25V, el modelo oficial de Mart\u00edn Di Nenno. Dise\u00f1o transpirable, tejido el\u00e1stico y secado r\u00e1pido. \u00a1C\u00f3mprala al mejor precio en Revolution Padel Store!","robots":{"index":"index","follow":"follow","max-snippet":"max-snippet:-1","max-image-preview":"max-image-preview:large","max-video-preview":"max-video-preview:-1"},"canonical":"https:\/\/revolutionpadelstore.com\/en\/camiseta-bullpadel-dinneno-25v-090-2\/","og_locale":"en_US","og_type":"article","og_title":"CAMISETA BULLPADEL DINNENO 25V 090 - Revolution Padel Store","og_description":"Descubre la camiseta Bullpadel Dinneno 25V, el modelo oficial de Mart\u00edn Di Nenno. Dise\u00f1o transpirable, tejido el\u00e1stico y secado r\u00e1pido. \u00a1C\u00f3mprala al mejor precio en Revolution Padel Store!","og_url":"https:\/\/revolutionpadelstore.com\/en\/camiseta-bullpadel-dinneno-25v-090-2\/","og_site_name":"Revolution Padel Store","article_modified_time":"2026-04-08T03:50:12+00:00","og_image":[{"width":1200,"height":1200,"url":"https:\/\/revolutionpadelstore.com\/wp-content\/uploads\/2025\/03\/114249-camiseta-bullpadel-dinneno-25v-090-gris-perla-1200x1200-1.webp","type":"image\/webp"}],"twitter_card":"summary_large_image","twitter_misc":{"Est. reading time":"2 minutes"},"schema":{"@context":"https:\/\/schema.org","@graph":[{"@type":"WebPage","@id":"https:\/\/revolutionpadelstore.com\/en\/camiseta-bullpadel-dinneno-25v-090-2\/","url":"https:\/\/revolutionpadelstore.com\/en\/camiseta-bullpadel-dinneno-25v-090-2\/","name":"CAMISETA BULLPADEL DINNENO 25V 090 - Revolution Padel Store","isPartOf":{"@id":"https:\/\/revolutionpadelstore.com\/en\/#website"},"primaryImageOfPage":{"@id":"https:\/\/revolutionpadelstore.com\/en\/camiseta-bullpadel-dinneno-25v-090-2\/#primaryimage"},"image":{"@id":"https:\/\/revolutionpadelstore.com\/en\/camiseta-bullpadel-dinneno-25v-090-2\/#primaryimage"},"thumbnailUrl":"https:\/\/revolutionpadelstore.com\/wp-content\/uploads\/2025\/03\/114249-camiseta-bullpadel-dinneno-25v-090-gris-perla-1200x1200-1.webp","datePublished":"2025-03-12T17:45:52+00:00","dateModified":"2026-04-08T03:50:12+00:00","description":"Descubre la camiseta Bullpadel Dinneno 25V, el modelo oficial de Mart\u00edn Di Nenno. Dise\u00f1o transpirable, tejido el\u00e1stico y secado r\u00e1pido. \u00a1C\u00f3mprala al mejor precio en Revolution Padel Store!","breadcrumb":{"@id":"https:\/\/revolutionpadelstore.com\/en\/camiseta-bullpadel-dinneno-25v-090-2\/#breadcrumb"},"inLanguage":"en-US","potentialAction":[{"@type":"ReadAction","target":["https:\/\/revolutionpadelstore.com\/en\/camiseta-bullpadel-dinneno-25v-090-2\/"]}]},{"@type":"ImageObject","inLanguage":"en-US","@id":"https:\/\/revolutionpadelstore.com\/en\/camiseta-bullpadel-dinneno-25v-090-2\/#primaryimage","url":"https:\/\/revolutionpadelstore.com\/wp-content\/uploads\/2025\/03\/114249-camiseta-bullpadel-dinneno-25v-090-gris-perla-1200x1200-1.webp","contentUrl":"https:\/\/revolutionpadelstore.com\/wp-content\/uploads\/2025\/03\/114249-camiseta-bullpadel-dinneno-25v-090-gris-perla-1200x1200-1.webp","width":1200,"height":1200},{"@type":"BreadcrumbList","@id":"https:\/\/revolutionpadelstore.com\/en\/camiseta-bullpadel-dinneno-25v-090-2\/#breadcrumb","itemListElement":[{"@type":"ListItem","position":1,"name":"Portada","item":"https:\/\/revolutionpadelstore.com\/en\/"},{"@type":"ListItem","position":2,"name":"Shop","item":"https:\/\/revolutionpadelstore.com\/en\/shop\/"},{"@type":"ListItem","position":3,"name":"CAMISETA BULLPADEL DINNENO 25V 090"}]},{"@type":"WebSite","@id":"https:\/\/revolutionpadelstore.com\/en\/#website","url":"https:\/\/revolutionpadelstore.com\/en\/","name":"Revolution Padel Store","description":"","publisher":{"@id":"https:\/\/revolutionpadelstore.com\/en\/#organization"},"potentialAction":[{"@type":"SearchAction","target":{"@type":"EntryPoint","urlTemplate":"https:\/\/revolutionpadelstore.com\/en\/?s={search_term_string}"},"query-input":{"@type":"PropertyValueSpecification","valueRequired":true,"valueName":"search_term_string"}}],"inLanguage":"en-US"},{"@type":"Organization","@id":"https:\/\/revolutionpadelstore.com\/en\/#organization","name":"Revolution Padel Store","url":"https:\/\/revolutionpadelstore.com\/en\/","logo":{"@type":"ImageObject","inLanguage":"en-US","@id":"https:\/\/revolutionpadelstore.com\/en\/#\/schema\/logo\/image\/","url":"https:\/\/revolutionpadelstore.com\/wp-content\/uploads\/2026\/02\/revolution-padel-store.jpg","contentUrl":"https:\/\/revolutionpadelstore.com\/wp-content\/uploads\/2026\/02\/revolution-padel-store.jpg","width":2000,"height":2000,"caption":"Revolution Padel Store"},"image":{"@id":"https:\/\/revolutionpadelstore.com\/en\/#\/schema\/logo\/image\/"},"sameAs":["https:\/\/www.instagram.com\/revolutionpadelstore\/"]}]}},"_links":{"self":[{"href":"https:\/\/revolutionpadelstore.com\/en\/wp-json\/wp\/v2\/product\/214798","targetHints":{"allow":["GET"]}}],"collection":[{"href":"https:\/\/revolutionpadelstore.com\/en\/wp-json\/wp\/v2\/product"}],"about":[{"href":"https:\/\/revolutionpadelstore.com\/en\/wp-json\/wp\/v2\/types\/product"}],"replies":[{"embeddable":true,"href":"https:\/\/revolutionpadelstore.com\/en\/wp-json\/wp\/v2\/comments?post=214798"}],"wp:featuredmedia":[{"embeddable":true,"href":"https:\/\/revolutionpadelstore.com\/en\/wp-json\/wp\/v2\/media\/214751"}],"wp:attachment":[{"href":"https:\/\/revolutionpadelstore.com\/en\/wp-json\/wp\/v2\/media?parent=214798"}],"wp:term":[{"taxonomy":"acabado","embeddable":true,"href":"https:\/\/revolutionpadelstore.com\/en\/wp-json\/wp\/v2\/acabado?post=214798"},{"taxonomy":"balance","embeddable":true,"href":"https:\/\/revolutionpadelstore.com\/en\/wp-json\/wp\/v2\/balance?post=214798"},{"taxonomy":"dureza","embeddable":true,"href":"https:\/\/revolutionpadelstore.com\/en\/wp-json\/wp\/v2\/dureza?post=214798"},{"taxonomy":"forma","embeddable":true,"href":"https:\/\/revolutionpadelstore.com\/en\/wp-json\/wp\/v2\/forma?post=214798"},{"taxonomy":"jugador","embeddable":true,"href":"https:\/\/revolutionpadelstore.com\/en\/wp-json\/wp\/v2\/jugador?post=214798"},{"taxonomy":"marca","embeddable":true,"href":"https:\/\/revolutionpadelstore.com\/en\/wp-json\/wp\/v2\/marca?post=214798"},{"taxonomy":"nivel-de-juego","embeddable":true,"href":"https:\/\/revolutionpadelstore.com\/en\/wp-json\/wp\/v2\/nivel-de-juego?post=214798"},{"taxonomy":"superficie","embeddable":true,"href":"https:\/\/revolutionpadelstore.com\/en\/wp-json\/wp\/v2\/superficie?post=214798"},{"taxonomy":"tipo-de-juego","embeddable":true,"href":"https:\/\/revolutionpadelstore.com\/en\/wp-json\/wp\/v2\/tipo-de-juego?post=214798"},{"taxonomy":"product_brand","embeddable":true,"href":"https:\/\/revolutionpadelstore.com\/en\/wp-json\/wp\/v2\/product_brand?post=214798"},{"taxonomy":"product_cat","embeddable":true,"href":"https:\/\/revolutionpadelstore.com\/en\/wp-json\/wp\/v2\/product_cat?post=214798"},{"taxonomy":"product_tag","embeddable":true,"href":"https:\/\/revolutionpadelstore.com\/en\/wp-json\/wp\/v2\/product_tag?post=214798"}],"curies":[{"name":"wp","href":"https:\/\/api.w.org\/{rel}","templated":true}]}}