{"id":214675,"date":"2024-11-27T10:01:00","date_gmt":"2024-11-27T09:01:00","guid":{"rendered":"https:\/\/revolutionpadelstore.com\/par-munequeras-adidas-s-rojo-2\/"},"modified":"2026-04-08T09:59:40","modified_gmt":"2026-04-08T07:59:40","slug":"par-munequeras-adidas-s-rojo-2","status":"publish","type":"product","link":"https:\/\/revolutionpadelstore.com\/en\/par-munequeras-adidas-s-rojo-2\/","title":{"rendered":"PAR MU\u00d1EQUERAS ADIDAS S ROJO"},"content":{"rendered":"<p><H2> PAR ADIDAS S RED SHOES <\/H2><br \/>\nThis pair of <strong> Adidas S waves in red <\/strong> are the perfect textile accessory to keep your hands dry and comfortable during the game. With a short design, these dolls offer a <strong> precise adjustment <\/strong> and a great ability to absorb moisture and sweat, helping to improve your performance on the track.<\/p>\n<p>Made with recycled polyester and cotton, its elastic fabric ensures lasting comfort. The silver embroidered front logo gives him a unique and distinctive touch.<\/p>\n<p>These <strong> Adidas dolls <\/strong> <strong> short <\/strong> <strong> Ale Gal\u00e1n <\/strong> are the ideal choice for those who seek an efficient and high quality accessory in each party.<\/p>\n<h2>Par Mu\u00f1equeras Adidas S\u00a0Rojo<\/h2>\n","protected":false},"excerpt":{"rendered":"<p>Adidas S wristbands in Ale Gal\u00e1n red. With absorbent, elastic and light polyester tissue and cotton for an optimal absorption of sweat. Includes two units.<\/p>\n","protected":false},"featured_media":129614,"comment_status":"open","ping_status":"closed","template":"","meta":{"_acf_changed":false,"_joinchat":[]},"acabado":[],"balance":[],"dureza":[],"forma":[],"jugador":[],"marca":[1233],"nivel-de-juego":[],"superficie":[],"tipo-de-juego":[],"product_brand":[],"product_cat":[562],"product_tag":[],"class_list":{"0":"post-214675","1":"product","2":"type-product","3":"status-publish","4":"has-post-thumbnail","6":"marca-adidas-en","7":"product_cat-accessories","9":"first","10":"instock","11":"sale","12":"taxable","13":"shipping-taxable","14":"purchasable","15":"product-type-simple"},"acf":[],"yoast_head":"<!-- This site is optimized with the Yoast SEO plugin v27.4 - https:\/\/yoast.com\/product\/yoast-seo-wordpress\/ -->\n<title>PAR MU\u00d1EQUERAS ADIDAS S ROJO - Revolution Padel Store<\/title>\n<meta name=\"description\" content=\"Este par de\u00a0Mu\u00f1equeras Adidas S en rojo\u00a0son el accesorio textil perfecto para mantener tus manos secas y c\u00f3modas durante el juego. Con un dise\u00f1o corto, estas mu\u00f1equeras ofrecen un\u00a0ajuste preciso\u00a0y una gran capacidad de absorci\u00f3n de la humedad y el sudor, ayudando a mejorar tu rendimiento en la pista.\" \/>\n<meta name=\"robots\" content=\"index, follow, max-snippet:-1, max-image-preview:large, max-video-preview:-1\" \/>\n<link rel=\"canonical\" href=\"https:\/\/revolutionpadelstore.com\/en\/par-munequeras-adidas-s-rojo-2\/\" \/>\n<meta property=\"og:locale\" content=\"en_US\" \/>\n<meta property=\"og:type\" content=\"article\" \/>\n<meta property=\"og:title\" content=\"PAR MU\u00d1EQUERAS ADIDAS S ROJO - Revolution Padel Store\" \/>\n<meta property=\"og:description\" content=\"Este par de\u00a0Mu\u00f1equeras Adidas S en rojo\u00a0son el accesorio textil perfecto para mantener tus manos secas y c\u00f3modas durante el juego. Con un dise\u00f1o corto, estas mu\u00f1equeras ofrecen un\u00a0ajuste preciso\u00a0y una gran capacidad de absorci\u00f3n de la humedad y el sudor, ayudando a mejorar tu rendimiento en la pista.\" \/>\n<meta property=\"og:url\" content=\"https:\/\/revolutionpadelstore.com\/en\/par-munequeras-adidas-s-rojo-2\/\" \/>\n<meta property=\"og:site_name\" content=\"Revolution Padel Store\" \/>\n<meta property=\"article:modified_time\" content=\"2026-04-08T07:59:40+00:00\" \/>\n<meta property=\"og:image\" content=\"https:\/\/revolutionpadelstore.com\/wp-content\/uploads\/2024\/11\/32349_par_munequera_adidas_s_aa4wc4s50_1500x1500_1_3785.webp\" \/>\n\t<meta property=\"og:image:width\" content=\"1500\" \/>\n\t<meta property=\"og:image:height\" content=\"1500\" \/>\n\t<meta property=\"og:image:type\" content=\"image\/webp\" \/>\n<meta name=\"twitter:card\" content=\"summary_large_image\" \/>\n<meta name=\"twitter:label1\" content=\"Est. reading time\" \/>\n\t<meta name=\"twitter:data1\" content=\"1 minute\" \/>\n<script type=\"application\/ld+json\" class=\"yoast-schema-graph\">{\"@context\":\"https:\\\/\\\/schema.org\",\"@graph\":[{\"@type\":\"WebPage\",\"@id\":\"https:\\\/\\\/revolutionpadelstore.com\\\/en\\\/par-munequeras-adidas-s-rojo-2\\\/\",\"url\":\"https:\\\/\\\/revolutionpadelstore.com\\\/en\\\/par-munequeras-adidas-s-rojo-2\\\/\",\"name\":\"PAR MU\u00d1EQUERAS ADIDAS S ROJO - Revolution Padel Store\",\"isPartOf\":{\"@id\":\"https:\\\/\\\/revolutionpadelstore.com\\\/en\\\/#website\"},\"primaryImageOfPage\":{\"@id\":\"https:\\\/\\\/revolutionpadelstore.com\\\/en\\\/par-munequeras-adidas-s-rojo-2\\\/#primaryimage\"},\"image\":{\"@id\":\"https:\\\/\\\/revolutionpadelstore.com\\\/en\\\/par-munequeras-adidas-s-rojo-2\\\/#primaryimage\"},\"thumbnailUrl\":\"https:\\\/\\\/revolutionpadelstore.com\\\/wp-content\\\/uploads\\\/2024\\\/11\\\/32349_par_munequera_adidas_s_aa4wc4s50_1500x1500_1_3785.webp\",\"datePublished\":\"2024-11-27T09:01:00+00:00\",\"dateModified\":\"2026-04-08T07:59:40+00:00\",\"description\":\"Este par de\u00a0Mu\u00f1equeras Adidas S en rojo\u00a0son el accesorio textil perfecto para mantener tus manos secas y c\u00f3modas durante el juego. Con un dise\u00f1o corto, estas mu\u00f1equeras ofrecen un\u00a0ajuste preciso\u00a0y una gran capacidad de absorci\u00f3n de la humedad y el sudor, ayudando a mejorar tu rendimiento en la pista.\",\"breadcrumb\":{\"@id\":\"https:\\\/\\\/revolutionpadelstore.com\\\/en\\\/par-munequeras-adidas-s-rojo-2\\\/#breadcrumb\"},\"inLanguage\":\"en-US\",\"potentialAction\":[{\"@type\":\"ReadAction\",\"target\":[\"https:\\\/\\\/revolutionpadelstore.com\\\/en\\\/par-munequeras-adidas-s-rojo-2\\\/\"]}]},{\"@type\":\"ImageObject\",\"inLanguage\":\"en-US\",\"@id\":\"https:\\\/\\\/revolutionpadelstore.com\\\/en\\\/par-munequeras-adidas-s-rojo-2\\\/#primaryimage\",\"url\":\"https:\\\/\\\/revolutionpadelstore.com\\\/wp-content\\\/uploads\\\/2024\\\/11\\\/32349_par_munequera_adidas_s_aa4wc4s50_1500x1500_1_3785.webp\",\"contentUrl\":\"https:\\\/\\\/revolutionpadelstore.com\\\/wp-content\\\/uploads\\\/2024\\\/11\\\/32349_par_munequera_adidas_s_aa4wc4s50_1500x1500_1_3785.webp\",\"width\":1500,\"height\":1500},{\"@type\":\"BreadcrumbList\",\"@id\":\"https:\\\/\\\/revolutionpadelstore.com\\\/en\\\/par-munequeras-adidas-s-rojo-2\\\/#breadcrumb\",\"itemListElement\":[{\"@type\":\"ListItem\",\"position\":1,\"name\":\"Portada\",\"item\":\"https:\\\/\\\/revolutionpadelstore.com\\\/en\\\/\"},{\"@type\":\"ListItem\",\"position\":2,\"name\":\"Shop\",\"item\":\"https:\\\/\\\/revolutionpadelstore.com\\\/en\\\/shop\\\/\"},{\"@type\":\"ListItem\",\"position\":3,\"name\":\"PAR MU\u00d1EQUERAS ADIDAS S ROJO\"}]},{\"@type\":\"WebSite\",\"@id\":\"https:\\\/\\\/revolutionpadelstore.com\\\/en\\\/#website\",\"url\":\"https:\\\/\\\/revolutionpadelstore.com\\\/en\\\/\",\"name\":\"Revolution Padel Store\",\"description\":\"\",\"publisher\":{\"@id\":\"https:\\\/\\\/revolutionpadelstore.com\\\/en\\\/#organization\"},\"potentialAction\":[{\"@type\":\"SearchAction\",\"target\":{\"@type\":\"EntryPoint\",\"urlTemplate\":\"https:\\\/\\\/revolutionpadelstore.com\\\/en\\\/?s={search_term_string}\"},\"query-input\":{\"@type\":\"PropertyValueSpecification\",\"valueRequired\":true,\"valueName\":\"search_term_string\"}}],\"inLanguage\":\"en-US\"},{\"@type\":\"Organization\",\"@id\":\"https:\\\/\\\/revolutionpadelstore.com\\\/en\\\/#organization\",\"name\":\"Revolution Padel Store\",\"url\":\"https:\\\/\\\/revolutionpadelstore.com\\\/en\\\/\",\"logo\":{\"@type\":\"ImageObject\",\"inLanguage\":\"en-US\",\"@id\":\"https:\\\/\\\/revolutionpadelstore.com\\\/en\\\/#\\\/schema\\\/logo\\\/image\\\/\",\"url\":\"https:\\\/\\\/revolutionpadelstore.com\\\/wp-content\\\/uploads\\\/2026\\\/02\\\/revolution-padel-store.jpg\",\"contentUrl\":\"https:\\\/\\\/revolutionpadelstore.com\\\/wp-content\\\/uploads\\\/2026\\\/02\\\/revolution-padel-store.jpg\",\"width\":2000,\"height\":2000,\"caption\":\"Revolution Padel Store\"},\"image\":{\"@id\":\"https:\\\/\\\/revolutionpadelstore.com\\\/en\\\/#\\\/schema\\\/logo\\\/image\\\/\"},\"sameAs\":[\"https:\\\/\\\/www.instagram.com\\\/revolutionpadelstore\\\/\"]}]}<\/script>\n<!-- \/ Yoast SEO plugin. -->","yoast_head_json":{"title":"PAR MU\u00d1EQUERAS ADIDAS S ROJO - Revolution Padel Store","description":"Este par de\u00a0Mu\u00f1equeras Adidas S en rojo\u00a0son el accesorio textil perfecto para mantener tus manos secas y c\u00f3modas durante el juego. Con un dise\u00f1o corto, estas mu\u00f1equeras ofrecen un\u00a0ajuste preciso\u00a0y una gran capacidad de absorci\u00f3n de la humedad y el sudor, ayudando a mejorar tu rendimiento en la pista.","robots":{"index":"index","follow":"follow","max-snippet":"max-snippet:-1","max-image-preview":"max-image-preview:large","max-video-preview":"max-video-preview:-1"},"canonical":"https:\/\/revolutionpadelstore.com\/en\/par-munequeras-adidas-s-rojo-2\/","og_locale":"en_US","og_type":"article","og_title":"PAR MU\u00d1EQUERAS ADIDAS S ROJO - Revolution Padel Store","og_description":"Este par de\u00a0Mu\u00f1equeras Adidas S en rojo\u00a0son el accesorio textil perfecto para mantener tus manos secas y c\u00f3modas durante el juego. Con un dise\u00f1o corto, estas mu\u00f1equeras ofrecen un\u00a0ajuste preciso\u00a0y una gran capacidad de absorci\u00f3n de la humedad y el sudor, ayudando a mejorar tu rendimiento en la pista.","og_url":"https:\/\/revolutionpadelstore.com\/en\/par-munequeras-adidas-s-rojo-2\/","og_site_name":"Revolution Padel Store","article_modified_time":"2026-04-08T07:59:40+00:00","og_image":[{"width":1500,"height":1500,"url":"https:\/\/revolutionpadelstore.com\/wp-content\/uploads\/2024\/11\/32349_par_munequera_adidas_s_aa4wc4s50_1500x1500_1_3785.webp","type":"image\/webp"}],"twitter_card":"summary_large_image","twitter_misc":{"Est. reading time":"1 minute"},"schema":{"@context":"https:\/\/schema.org","@graph":[{"@type":"WebPage","@id":"https:\/\/revolutionpadelstore.com\/en\/par-munequeras-adidas-s-rojo-2\/","url":"https:\/\/revolutionpadelstore.com\/en\/par-munequeras-adidas-s-rojo-2\/","name":"PAR MU\u00d1EQUERAS ADIDAS S ROJO - Revolution Padel Store","isPartOf":{"@id":"https:\/\/revolutionpadelstore.com\/en\/#website"},"primaryImageOfPage":{"@id":"https:\/\/revolutionpadelstore.com\/en\/par-munequeras-adidas-s-rojo-2\/#primaryimage"},"image":{"@id":"https:\/\/revolutionpadelstore.com\/en\/par-munequeras-adidas-s-rojo-2\/#primaryimage"},"thumbnailUrl":"https:\/\/revolutionpadelstore.com\/wp-content\/uploads\/2024\/11\/32349_par_munequera_adidas_s_aa4wc4s50_1500x1500_1_3785.webp","datePublished":"2024-11-27T09:01:00+00:00","dateModified":"2026-04-08T07:59:40+00:00","description":"Este par de\u00a0Mu\u00f1equeras Adidas S en rojo\u00a0son el accesorio textil perfecto para mantener tus manos secas y c\u00f3modas durante el juego. Con un dise\u00f1o corto, estas mu\u00f1equeras ofrecen un\u00a0ajuste preciso\u00a0y una gran capacidad de absorci\u00f3n de la humedad y el sudor, ayudando a mejorar tu rendimiento en la pista.","breadcrumb":{"@id":"https:\/\/revolutionpadelstore.com\/en\/par-munequeras-adidas-s-rojo-2\/#breadcrumb"},"inLanguage":"en-US","potentialAction":[{"@type":"ReadAction","target":["https:\/\/revolutionpadelstore.com\/en\/par-munequeras-adidas-s-rojo-2\/"]}]},{"@type":"ImageObject","inLanguage":"en-US","@id":"https:\/\/revolutionpadelstore.com\/en\/par-munequeras-adidas-s-rojo-2\/#primaryimage","url":"https:\/\/revolutionpadelstore.com\/wp-content\/uploads\/2024\/11\/32349_par_munequera_adidas_s_aa4wc4s50_1500x1500_1_3785.webp","contentUrl":"https:\/\/revolutionpadelstore.com\/wp-content\/uploads\/2024\/11\/32349_par_munequera_adidas_s_aa4wc4s50_1500x1500_1_3785.webp","width":1500,"height":1500},{"@type":"BreadcrumbList","@id":"https:\/\/revolutionpadelstore.com\/en\/par-munequeras-adidas-s-rojo-2\/#breadcrumb","itemListElement":[{"@type":"ListItem","position":1,"name":"Portada","item":"https:\/\/revolutionpadelstore.com\/en\/"},{"@type":"ListItem","position":2,"name":"Shop","item":"https:\/\/revolutionpadelstore.com\/en\/shop\/"},{"@type":"ListItem","position":3,"name":"PAR MU\u00d1EQUERAS ADIDAS S ROJO"}]},{"@type":"WebSite","@id":"https:\/\/revolutionpadelstore.com\/en\/#website","url":"https:\/\/revolutionpadelstore.com\/en\/","name":"Revolution Padel Store","description":"","publisher":{"@id":"https:\/\/revolutionpadelstore.com\/en\/#organization"},"potentialAction":[{"@type":"SearchAction","target":{"@type":"EntryPoint","urlTemplate":"https:\/\/revolutionpadelstore.com\/en\/?s={search_term_string}"},"query-input":{"@type":"PropertyValueSpecification","valueRequired":true,"valueName":"search_term_string"}}],"inLanguage":"en-US"},{"@type":"Organization","@id":"https:\/\/revolutionpadelstore.com\/en\/#organization","name":"Revolution Padel Store","url":"https:\/\/revolutionpadelstore.com\/en\/","logo":{"@type":"ImageObject","inLanguage":"en-US","@id":"https:\/\/revolutionpadelstore.com\/en\/#\/schema\/logo\/image\/","url":"https:\/\/revolutionpadelstore.com\/wp-content\/uploads\/2026\/02\/revolution-padel-store.jpg","contentUrl":"https:\/\/revolutionpadelstore.com\/wp-content\/uploads\/2026\/02\/revolution-padel-store.jpg","width":2000,"height":2000,"caption":"Revolution Padel Store"},"image":{"@id":"https:\/\/revolutionpadelstore.com\/en\/#\/schema\/logo\/image\/"},"sameAs":["https:\/\/www.instagram.com\/revolutionpadelstore\/"]}]}},"_links":{"self":[{"href":"https:\/\/revolutionpadelstore.com\/en\/wp-json\/wp\/v2\/product\/214675","targetHints":{"allow":["GET"]}}],"collection":[{"href":"https:\/\/revolutionpadelstore.com\/en\/wp-json\/wp\/v2\/product"}],"about":[{"href":"https:\/\/revolutionpadelstore.com\/en\/wp-json\/wp\/v2\/types\/product"}],"replies":[{"embeddable":true,"href":"https:\/\/revolutionpadelstore.com\/en\/wp-json\/wp\/v2\/comments?post=214675"}],"wp:featuredmedia":[{"embeddable":true,"href":"https:\/\/revolutionpadelstore.com\/en\/wp-json\/wp\/v2\/media\/129614"}],"wp:attachment":[{"href":"https:\/\/revolutionpadelstore.com\/en\/wp-json\/wp\/v2\/media?parent=214675"}],"wp:term":[{"taxonomy":"acabado","embeddable":true,"href":"https:\/\/revolutionpadelstore.com\/en\/wp-json\/wp\/v2\/acabado?post=214675"},{"taxonomy":"balance","embeddable":true,"href":"https:\/\/revolutionpadelstore.com\/en\/wp-json\/wp\/v2\/balance?post=214675"},{"taxonomy":"dureza","embeddable":true,"href":"https:\/\/revolutionpadelstore.com\/en\/wp-json\/wp\/v2\/dureza?post=214675"},{"taxonomy":"forma","embeddable":true,"href":"https:\/\/revolutionpadelstore.com\/en\/wp-json\/wp\/v2\/forma?post=214675"},{"taxonomy":"jugador","embeddable":true,"href":"https:\/\/revolutionpadelstore.com\/en\/wp-json\/wp\/v2\/jugador?post=214675"},{"taxonomy":"marca","embeddable":true,"href":"https:\/\/revolutionpadelstore.com\/en\/wp-json\/wp\/v2\/marca?post=214675"},{"taxonomy":"nivel-de-juego","embeddable":true,"href":"https:\/\/revolutionpadelstore.com\/en\/wp-json\/wp\/v2\/nivel-de-juego?post=214675"},{"taxonomy":"superficie","embeddable":true,"href":"https:\/\/revolutionpadelstore.com\/en\/wp-json\/wp\/v2\/superficie?post=214675"},{"taxonomy":"tipo-de-juego","embeddable":true,"href":"https:\/\/revolutionpadelstore.com\/en\/wp-json\/wp\/v2\/tipo-de-juego?post=214675"},{"taxonomy":"product_brand","embeddable":true,"href":"https:\/\/revolutionpadelstore.com\/en\/wp-json\/wp\/v2\/product_brand?post=214675"},{"taxonomy":"product_cat","embeddable":true,"href":"https:\/\/revolutionpadelstore.com\/en\/wp-json\/wp\/v2\/product_cat?post=214675"},{"taxonomy":"product_tag","embeddable":true,"href":"https:\/\/revolutionpadelstore.com\/en\/wp-json\/wp\/v2\/product_tag?post=214675"}],"curies":[{"name":"wp","href":"https:\/\/api.w.org\/{rel}","templated":true}]}}