{"id":21454,"date":"2024-03-06T13:22:35","date_gmt":"2024-03-06T12:22:35","guid":{"rendered":"https:\/\/revolutionpadelstore.com\/cajon-pelotas-padel-x24-botes\/"},"modified":"2026-04-08T15:52:25","modified_gmt":"2026-04-08T13:52:25","slug":"cajon-de-24-botes-de-3-pelotas-harlem-padel-2","status":"publish","type":"product","link":"https:\/\/revolutionpadelstore.com\/en\/cajon-de-24-botes-de-3-pelotas-harlem-padel-2\/","title":{"rendered":"Caj\u00f3n de 24 botes de 3 pelotas Harlem p\u00e1del"},"content":{"rendered":"<p>Box of 24 cans of 3 Harlem paddle balls.<\/p>\n<p>Balls developed by players and coaches for professional use. Made with high quality nylon covered with felt+ that provides maximum resistance and capacity for use on all types of surfaces. Pressurized balls to guarantee maximum speed with adequate rebound and durability of the highest level, quality and performance for the highest demands. Fluorescent yellow balls for easy visibility with classic design and black engraved branding.<\/p>\n<p>Highly pressurized canisters until first use. Designed to be placed upright and covered to keep the balls in the best condition until the next game.<\/p>\n","protected":false},"excerpt":{"rendered":"<p>Box of 24 cans of 3 Harlem paddle balls.<\/p>\n","protected":false},"featured_media":1503,"comment_status":"open","ping_status":"closed","template":"","meta":{"_acf_changed":false,"_joinchat":[]},"acabado":[],"balance":[],"dureza":[],"forma":[],"jugador":[],"marca":[1238],"nivel-de-juego":[],"superficie":[],"tipo-de-juego":[],"product_brand":[],"product_cat":[607],"product_tag":[],"class_list":{"0":"post-21454","1":"product","2":"type-product","3":"status-publish","4":"has-post-thumbnail","6":"marca-harlem-padel-en","7":"product_cat-balls","9":"first","10":"onbackorder","11":"sale","12":"taxable","13":"shipping-taxable","14":"purchasable","15":"product-type-simple"},"acf":[],"yoast_head":"<!-- This site is optimized with the Yoast SEO plugin v27.4 - https:\/\/yoast.com\/product\/yoast-seo-wordpress\/ -->\n<title>Caj\u00f3n de 24 botes de 3 pelotas Harlem p\u00e1del - Revolution Padel Store<\/title>\n<meta name=\"description\" content=\"Caj\u00f3n de 24 botes de 3 pelotas Harlem p\u00e1del\" \/>\n<meta name=\"robots\" content=\"index, follow, max-snippet:-1, max-image-preview:large, max-video-preview:-1\" \/>\n<link rel=\"canonical\" href=\"https:\/\/revolutionpadelstore.com\/en\/cajon-de-24-botes-de-3-pelotas-harlem-padel-2\/\" \/>\n<meta property=\"og:locale\" content=\"en_US\" \/>\n<meta property=\"og:type\" content=\"article\" \/>\n<meta property=\"og:title\" content=\"Caj\u00f3n de 24 botes de 3 pelotas Harlem p\u00e1del - Revolution Padel Store\" \/>\n<meta property=\"og:description\" content=\"Caj\u00f3n de 24 botes de 3 pelotas Harlem p\u00e1del\" \/>\n<meta property=\"og:url\" content=\"https:\/\/revolutionpadelstore.com\/en\/cajon-de-24-botes-de-3-pelotas-harlem-padel-2\/\" \/>\n<meta property=\"og:site_name\" content=\"Revolution Padel Store\" \/>\n<meta property=\"article:modified_time\" content=\"2026-04-08T13:52:25+00:00\" \/>\n<meta property=\"og:image\" content=\"https:\/\/revolutionpadelstore.com\/wp-content\/uploads\/2024\/03\/cajon-pelotas-padel-x24-botes.jpg\" \/>\n\t<meta property=\"og:image:width\" content=\"381\" \/>\n\t<meta property=\"og:image:height\" content=\"492\" \/>\n\t<meta property=\"og:image:type\" content=\"image\/jpeg\" \/>\n<meta name=\"twitter:card\" content=\"summary_large_image\" \/>\n<meta name=\"twitter:label1\" content=\"Est. reading time\" \/>\n\t<meta name=\"twitter:data1\" content=\"1 minute\" \/>\n<script type=\"application\/ld+json\" class=\"yoast-schema-graph\">{\"@context\":\"https:\\\/\\\/schema.org\",\"@graph\":[{\"@type\":\"WebPage\",\"@id\":\"https:\\\/\\\/revolutionpadelstore.com\\\/en\\\/cajon-de-24-botes-de-3-pelotas-harlem-padel-2\\\/\",\"url\":\"https:\\\/\\\/revolutionpadelstore.com\\\/en\\\/cajon-de-24-botes-de-3-pelotas-harlem-padel-2\\\/\",\"name\":\"Caj\u00f3n de 24 botes de 3 pelotas Harlem p\u00e1del - Revolution Padel Store\",\"isPartOf\":{\"@id\":\"https:\\\/\\\/revolutionpadelstore.com\\\/en\\\/#website\"},\"primaryImageOfPage\":{\"@id\":\"https:\\\/\\\/revolutionpadelstore.com\\\/en\\\/cajon-de-24-botes-de-3-pelotas-harlem-padel-2\\\/#primaryimage\"},\"image\":{\"@id\":\"https:\\\/\\\/revolutionpadelstore.com\\\/en\\\/cajon-de-24-botes-de-3-pelotas-harlem-padel-2\\\/#primaryimage\"},\"thumbnailUrl\":\"https:\\\/\\\/revolutionpadelstore.com\\\/wp-content\\\/uploads\\\/2024\\\/03\\\/cajon-pelotas-padel-x24-botes.jpg\",\"datePublished\":\"2024-03-06T12:22:35+00:00\",\"dateModified\":\"2026-04-08T13:52:25+00:00\",\"description\":\"Caj\u00f3n de 24 botes de 3 pelotas Harlem p\u00e1del\",\"breadcrumb\":{\"@id\":\"https:\\\/\\\/revolutionpadelstore.com\\\/en\\\/cajon-de-24-botes-de-3-pelotas-harlem-padel-2\\\/#breadcrumb\"},\"inLanguage\":\"en-US\",\"potentialAction\":[{\"@type\":\"ReadAction\",\"target\":[\"https:\\\/\\\/revolutionpadelstore.com\\\/en\\\/cajon-de-24-botes-de-3-pelotas-harlem-padel-2\\\/\"]}]},{\"@type\":\"ImageObject\",\"inLanguage\":\"en-US\",\"@id\":\"https:\\\/\\\/revolutionpadelstore.com\\\/en\\\/cajon-de-24-botes-de-3-pelotas-harlem-padel-2\\\/#primaryimage\",\"url\":\"https:\\\/\\\/revolutionpadelstore.com\\\/wp-content\\\/uploads\\\/2024\\\/03\\\/cajon-pelotas-padel-x24-botes.jpg\",\"contentUrl\":\"https:\\\/\\\/revolutionpadelstore.com\\\/wp-content\\\/uploads\\\/2024\\\/03\\\/cajon-pelotas-padel-x24-botes.jpg\",\"width\":381,\"height\":492,\"caption\":\"Caj\u00f3n de 24 botes de 3 pelotas Harlem p\u00e1del\"},{\"@type\":\"BreadcrumbList\",\"@id\":\"https:\\\/\\\/revolutionpadelstore.com\\\/en\\\/cajon-de-24-botes-de-3-pelotas-harlem-padel-2\\\/#breadcrumb\",\"itemListElement\":[{\"@type\":\"ListItem\",\"position\":1,\"name\":\"Portada\",\"item\":\"https:\\\/\\\/revolutionpadelstore.com\\\/en\\\/\"},{\"@type\":\"ListItem\",\"position\":2,\"name\":\"Shop\",\"item\":\"https:\\\/\\\/revolutionpadelstore.com\\\/en\\\/shop\\\/\"},{\"@type\":\"ListItem\",\"position\":3,\"name\":\"Caj\u00f3n de 24 botes de 3 pelotas Harlem p\u00e1del\"}]},{\"@type\":\"WebSite\",\"@id\":\"https:\\\/\\\/revolutionpadelstore.com\\\/en\\\/#website\",\"url\":\"https:\\\/\\\/revolutionpadelstore.com\\\/en\\\/\",\"name\":\"Revolution Padel Store\",\"description\":\"\",\"publisher\":{\"@id\":\"https:\\\/\\\/revolutionpadelstore.com\\\/en\\\/#organization\"},\"potentialAction\":[{\"@type\":\"SearchAction\",\"target\":{\"@type\":\"EntryPoint\",\"urlTemplate\":\"https:\\\/\\\/revolutionpadelstore.com\\\/en\\\/?s={search_term_string}\"},\"query-input\":{\"@type\":\"PropertyValueSpecification\",\"valueRequired\":true,\"valueName\":\"search_term_string\"}}],\"inLanguage\":\"en-US\"},{\"@type\":\"Organization\",\"@id\":\"https:\\\/\\\/revolutionpadelstore.com\\\/en\\\/#organization\",\"name\":\"Revolution Padel Store\",\"url\":\"https:\\\/\\\/revolutionpadelstore.com\\\/en\\\/\",\"logo\":{\"@type\":\"ImageObject\",\"inLanguage\":\"en-US\",\"@id\":\"https:\\\/\\\/revolutionpadelstore.com\\\/en\\\/#\\\/schema\\\/logo\\\/image\\\/\",\"url\":\"https:\\\/\\\/revolutionpadelstore.com\\\/wp-content\\\/uploads\\\/2026\\\/02\\\/revolution-padel-store.jpg\",\"contentUrl\":\"https:\\\/\\\/revolutionpadelstore.com\\\/wp-content\\\/uploads\\\/2026\\\/02\\\/revolution-padel-store.jpg\",\"width\":2000,\"height\":2000,\"caption\":\"Revolution Padel Store\"},\"image\":{\"@id\":\"https:\\\/\\\/revolutionpadelstore.com\\\/en\\\/#\\\/schema\\\/logo\\\/image\\\/\"},\"sameAs\":[\"https:\\\/\\\/www.instagram.com\\\/revolutionpadelstore\\\/\"]}]}<\/script>\n<!-- \/ Yoast SEO plugin. -->","yoast_head_json":{"title":"Caj\u00f3n de 24 botes de 3 pelotas Harlem p\u00e1del - Revolution Padel Store","description":"Caj\u00f3n de 24 botes de 3 pelotas Harlem p\u00e1del","robots":{"index":"index","follow":"follow","max-snippet":"max-snippet:-1","max-image-preview":"max-image-preview:large","max-video-preview":"max-video-preview:-1"},"canonical":"https:\/\/revolutionpadelstore.com\/en\/cajon-de-24-botes-de-3-pelotas-harlem-padel-2\/","og_locale":"en_US","og_type":"article","og_title":"Caj\u00f3n de 24 botes de 3 pelotas Harlem p\u00e1del - Revolution Padel Store","og_description":"Caj\u00f3n de 24 botes de 3 pelotas Harlem p\u00e1del","og_url":"https:\/\/revolutionpadelstore.com\/en\/cajon-de-24-botes-de-3-pelotas-harlem-padel-2\/","og_site_name":"Revolution Padel Store","article_modified_time":"2026-04-08T13:52:25+00:00","og_image":[{"width":381,"height":492,"url":"https:\/\/revolutionpadelstore.com\/wp-content\/uploads\/2024\/03\/cajon-pelotas-padel-x24-botes.jpg","type":"image\/jpeg"}],"twitter_card":"summary_large_image","twitter_misc":{"Est. reading time":"1 minute"},"schema":{"@context":"https:\/\/schema.org","@graph":[{"@type":"WebPage","@id":"https:\/\/revolutionpadelstore.com\/en\/cajon-de-24-botes-de-3-pelotas-harlem-padel-2\/","url":"https:\/\/revolutionpadelstore.com\/en\/cajon-de-24-botes-de-3-pelotas-harlem-padel-2\/","name":"Caj\u00f3n de 24 botes de 3 pelotas Harlem p\u00e1del - Revolution Padel Store","isPartOf":{"@id":"https:\/\/revolutionpadelstore.com\/en\/#website"},"primaryImageOfPage":{"@id":"https:\/\/revolutionpadelstore.com\/en\/cajon-de-24-botes-de-3-pelotas-harlem-padel-2\/#primaryimage"},"image":{"@id":"https:\/\/revolutionpadelstore.com\/en\/cajon-de-24-botes-de-3-pelotas-harlem-padel-2\/#primaryimage"},"thumbnailUrl":"https:\/\/revolutionpadelstore.com\/wp-content\/uploads\/2024\/03\/cajon-pelotas-padel-x24-botes.jpg","datePublished":"2024-03-06T12:22:35+00:00","dateModified":"2026-04-08T13:52:25+00:00","description":"Caj\u00f3n de 24 botes de 3 pelotas Harlem p\u00e1del","breadcrumb":{"@id":"https:\/\/revolutionpadelstore.com\/en\/cajon-de-24-botes-de-3-pelotas-harlem-padel-2\/#breadcrumb"},"inLanguage":"en-US","potentialAction":[{"@type":"ReadAction","target":["https:\/\/revolutionpadelstore.com\/en\/cajon-de-24-botes-de-3-pelotas-harlem-padel-2\/"]}]},{"@type":"ImageObject","inLanguage":"en-US","@id":"https:\/\/revolutionpadelstore.com\/en\/cajon-de-24-botes-de-3-pelotas-harlem-padel-2\/#primaryimage","url":"https:\/\/revolutionpadelstore.com\/wp-content\/uploads\/2024\/03\/cajon-pelotas-padel-x24-botes.jpg","contentUrl":"https:\/\/revolutionpadelstore.com\/wp-content\/uploads\/2024\/03\/cajon-pelotas-padel-x24-botes.jpg","width":381,"height":492,"caption":"Caj\u00f3n de 24 botes de 3 pelotas Harlem p\u00e1del"},{"@type":"BreadcrumbList","@id":"https:\/\/revolutionpadelstore.com\/en\/cajon-de-24-botes-de-3-pelotas-harlem-padel-2\/#breadcrumb","itemListElement":[{"@type":"ListItem","position":1,"name":"Portada","item":"https:\/\/revolutionpadelstore.com\/en\/"},{"@type":"ListItem","position":2,"name":"Shop","item":"https:\/\/revolutionpadelstore.com\/en\/shop\/"},{"@type":"ListItem","position":3,"name":"Caj\u00f3n de 24 botes de 3 pelotas Harlem p\u00e1del"}]},{"@type":"WebSite","@id":"https:\/\/revolutionpadelstore.com\/en\/#website","url":"https:\/\/revolutionpadelstore.com\/en\/","name":"Revolution Padel Store","description":"","publisher":{"@id":"https:\/\/revolutionpadelstore.com\/en\/#organization"},"potentialAction":[{"@type":"SearchAction","target":{"@type":"EntryPoint","urlTemplate":"https:\/\/revolutionpadelstore.com\/en\/?s={search_term_string}"},"query-input":{"@type":"PropertyValueSpecification","valueRequired":true,"valueName":"search_term_string"}}],"inLanguage":"en-US"},{"@type":"Organization","@id":"https:\/\/revolutionpadelstore.com\/en\/#organization","name":"Revolution Padel Store","url":"https:\/\/revolutionpadelstore.com\/en\/","logo":{"@type":"ImageObject","inLanguage":"en-US","@id":"https:\/\/revolutionpadelstore.com\/en\/#\/schema\/logo\/image\/","url":"https:\/\/revolutionpadelstore.com\/wp-content\/uploads\/2026\/02\/revolution-padel-store.jpg","contentUrl":"https:\/\/revolutionpadelstore.com\/wp-content\/uploads\/2026\/02\/revolution-padel-store.jpg","width":2000,"height":2000,"caption":"Revolution Padel Store"},"image":{"@id":"https:\/\/revolutionpadelstore.com\/en\/#\/schema\/logo\/image\/"},"sameAs":["https:\/\/www.instagram.com\/revolutionpadelstore\/"]}]}},"_links":{"self":[{"href":"https:\/\/revolutionpadelstore.com\/en\/wp-json\/wp\/v2\/product\/21454","targetHints":{"allow":["GET"]}}],"collection":[{"href":"https:\/\/revolutionpadelstore.com\/en\/wp-json\/wp\/v2\/product"}],"about":[{"href":"https:\/\/revolutionpadelstore.com\/en\/wp-json\/wp\/v2\/types\/product"}],"replies":[{"embeddable":true,"href":"https:\/\/revolutionpadelstore.com\/en\/wp-json\/wp\/v2\/comments?post=21454"}],"wp:featuredmedia":[{"embeddable":true,"href":"https:\/\/revolutionpadelstore.com\/en\/wp-json\/wp\/v2\/media\/1503"}],"wp:attachment":[{"href":"https:\/\/revolutionpadelstore.com\/en\/wp-json\/wp\/v2\/media?parent=21454"}],"wp:term":[{"taxonomy":"acabado","embeddable":true,"href":"https:\/\/revolutionpadelstore.com\/en\/wp-json\/wp\/v2\/acabado?post=21454"},{"taxonomy":"balance","embeddable":true,"href":"https:\/\/revolutionpadelstore.com\/en\/wp-json\/wp\/v2\/balance?post=21454"},{"taxonomy":"dureza","embeddable":true,"href":"https:\/\/revolutionpadelstore.com\/en\/wp-json\/wp\/v2\/dureza?post=21454"},{"taxonomy":"forma","embeddable":true,"href":"https:\/\/revolutionpadelstore.com\/en\/wp-json\/wp\/v2\/forma?post=21454"},{"taxonomy":"jugador","embeddable":true,"href":"https:\/\/revolutionpadelstore.com\/en\/wp-json\/wp\/v2\/jugador?post=21454"},{"taxonomy":"marca","embeddable":true,"href":"https:\/\/revolutionpadelstore.com\/en\/wp-json\/wp\/v2\/marca?post=21454"},{"taxonomy":"nivel-de-juego","embeddable":true,"href":"https:\/\/revolutionpadelstore.com\/en\/wp-json\/wp\/v2\/nivel-de-juego?post=21454"},{"taxonomy":"superficie","embeddable":true,"href":"https:\/\/revolutionpadelstore.com\/en\/wp-json\/wp\/v2\/superficie?post=21454"},{"taxonomy":"tipo-de-juego","embeddable":true,"href":"https:\/\/revolutionpadelstore.com\/en\/wp-json\/wp\/v2\/tipo-de-juego?post=21454"},{"taxonomy":"product_brand","embeddable":true,"href":"https:\/\/revolutionpadelstore.com\/en\/wp-json\/wp\/v2\/product_brand?post=21454"},{"taxonomy":"product_cat","embeddable":true,"href":"https:\/\/revolutionpadelstore.com\/en\/wp-json\/wp\/v2\/product_cat?post=21454"},{"taxonomy":"product_tag","embeddable":true,"href":"https:\/\/revolutionpadelstore.com\/en\/wp-json\/wp\/v2\/product_tag?post=21454"}],"curies":[{"name":"wp","href":"https:\/\/api.w.org\/{rel}","templated":true}]}}