{"id":20684,"date":"2024-03-13T12:15:04","date_gmt":"2024-03-13T11:15:04","guid":{"rendered":"https:\/\/revolutionpadelstore.com\/pala-adidas-metalbone-youth-3-2-junior-2023\/"},"modified":"2024-10-15T04:09:21","modified_gmt":"2024-10-15T02:09:21","slug":"pala-adidas-metalbone-youth-3-2-junior-2023","status":"publish","type":"product","link":"https:\/\/revolutionpadelstore.com\/en\/pala-adidas-metalbone-youth-3-2-junior-2023\/","title":{"rendered":"PALA ADIDAS METALBONE YOUTH 3.2 JUNIOR 2023"},"content":{"rendered":"<h2>Initiate your child into the world of paddle tennis with the new Metalbone Youth 3.2<\/h2>\n<p><strong>Adidas<\/strong> presents in the <strong>new 2023 collection<\/strong> thinking of its youngest audience, the <strong>Metalbone Youth 3.2<\/strong>, a diamond-shaped upper. em&gt;oversize<\/em><\/strong>, with which the pillars of this sport will be strengthened from the beginning. In addition, the high balance and the sweet spot located on the head will provide unparalleled power to each blow.<\/p>\n<p>As it is designed for the <strong>young audience<\/strong>, it has been designed taking into account <strong>lightness<\/strong> as one of the most important points. Therefore, its weight ranges between <strong>330 and 345g<\/strong>. This racket offers <strong>unbeatable mobility<\/strong>, it is light and with it the <strong>game will be very dynamic and agile<\/strong>.<\/p>\n<h3>A padel racket for beginners at the level of an advanced level<\/h3>\n<p>Likewise, it has a glass surface that is combined with the low-density Soft Performance EVA rubber, which provides greater comfort and ease of play. &gt;. The serves will be more precise.<\/p>\n<p>The frame, like the surface, is composed of<strong>fiberglass<\/strong>, a soft-touch fabric that provides elasticity and flexibility to the racket, achieving great ball output.<\/p>\n<h3>Designed especially for the little ones<\/h3>\n<p>The <strong>Metalbone Youth<\/strong> <strong>3.2 <\/strong>also allows for excellent playing flexibility, as it incorporates the <strong><em>Smart Holes Curve<\/em><\/strong>, which will allow you to surprise both your opponents and the spectators with your first layups and the effects that the ball achieves when it falls on the court.<\/p>\n<p>As we also find in its version for adults, this model includes the <strong>Octagonal Structure<\/em><\/strong> technology, characteristic of this Adidas line. Thanks to it, the blows will have extra power and will be much more lethal on the court.<\/p>\n<p>As for its <strong>exterior design<\/strong>, it has the white logo drawn in large dimensions along the body of the racket, with the base in black, which leaves no room for doubt that it is an <strong>Adidas shovel<\/strong>.<\/p>\n<p>Get the new Metalbone Youth 3.2 Racquet now and start enjoying the joys of this sport with your child!<\/p>\n<h2>Inicia a tu hijo en el mundo del p\u00e1del con la nueva Metalbone Youth 3.2<\/h2>\n","protected":false},"excerpt":{"rendered":"<p>Don&#8217;t miss the opportunity to get started in the world of paddle tennis with the Adidas Metalbone Team Youth racket designed for children! Your game will be dynamic and agile.<\/p>\n","protected":false},"featured_media":1060,"comment_status":"open","ping_status":"closed","template":"","meta":{"_acf_changed":false,"_joinchat":[]},"acabado":[],"balance":[],"dureza":[],"forma":[],"jugador":[],"marca":[],"nivel-de-juego":[],"superficie":[],"tipo-de-juego":[],"product_brand":[],"product_cat":[],"product_tag":[],"class_list":{"0":"post-20684","1":"product","2":"type-product","3":"status-publish","4":"has-post-thumbnail","7":"first","8":"outofstock","9":"sale","10":"taxable","11":"shipping-taxable","12":"purchasable","13":"product-type-simple"},"acf":[],"yoast_head":"<!-- This site is optimized with the Yoast SEO plugin v27.3 - https:\/\/yoast.com\/product\/yoast-seo-wordpress\/ -->\n<title>PALA ADIDAS METALBONE YOUTH 3.2 JUNIOR 2023 - Revolution Padel Store<\/title>\n<meta name=\"description\" content=\"\u00a1Hazte ya con la\u00a0nueva Pala Metalbone Youth 3.2\u00a0y empieza a\u00a0disfrutar con tu hijo\u00a0de las alegr\u00edas que da este deporte!\" \/>\n<meta name=\"robots\" content=\"index, follow, max-snippet:-1, max-image-preview:large, max-video-preview:-1\" \/>\n<link rel=\"canonical\" href=\"https:\/\/revolutionpadelstore.com\/en\/pala-adidas-metalbone-youth-3-2-junior-2023\/\" \/>\n<meta property=\"og:locale\" content=\"en_US\" \/>\n<meta property=\"og:type\" content=\"article\" \/>\n<meta property=\"og:title\" content=\"ADIDAS METALBONE YOUTH 3.2 JUNIOR 2023\" \/>\n<meta property=\"og:description\" content=\"\u00a1No pierdas la oportunidad de iniciarte en el mundo del p\u00e1del con la pala Metalbone Team Youth de Adidas dise\u00f1ada para ni\u00f1os! Tu juego ser\u00e1 din\u00e1mico y \u00e1gil.\" \/>\n<meta property=\"og:url\" content=\"https:\/\/revolutionpadelstore.com\/en\/pala-adidas-metalbone-youth-3-2-junior-2023\/\" \/>\n<meta property=\"og:site_name\" content=\"Revolution Padel Store\" \/>\n<meta property=\"article:modified_time\" content=\"2024-10-15T02:09:21+00:00\" \/>\n<meta property=\"og:image\" content=\"https:\/\/revolutionpadelstore.com\/wp-content\/uploads\/2024\/03\/adidas_metalbone_youth_32_rk4aa1u22_junior_32317_1_747e.webp\" \/>\n\t<meta property=\"og:image:width\" content=\"1200\" \/>\n\t<meta property=\"og:image:height\" content=\"1200\" \/>\n\t<meta property=\"og:image:type\" content=\"image\/webp\" \/>\n<meta name=\"twitter:card\" content=\"summary_large_image\" \/>\n<meta name=\"twitter:label1\" content=\"Est. reading time\" \/>\n\t<meta name=\"twitter:data1\" content=\"2 minutes\" \/>\n<script type=\"application\/ld+json\" class=\"yoast-schema-graph\">{\"@context\":\"https:\\\/\\\/schema.org\",\"@graph\":[{\"@type\":\"WebPage\",\"@id\":\"https:\\\/\\\/revolutionpadelstore.com\\\/en\\\/pala-adidas-metalbone-youth-3-2-junior-2023\\\/\",\"url\":\"https:\\\/\\\/revolutionpadelstore.com\\\/en\\\/pala-adidas-metalbone-youth-3-2-junior-2023\\\/\",\"name\":\"PALA ADIDAS METALBONE YOUTH 3.2 JUNIOR 2023 - Revolution Padel Store\",\"isPartOf\":{\"@id\":\"https:\\\/\\\/revolutionpadelstore.com\\\/en\\\/#website\"},\"primaryImageOfPage\":{\"@id\":\"https:\\\/\\\/revolutionpadelstore.com\\\/en\\\/pala-adidas-metalbone-youth-3-2-junior-2023\\\/#primaryimage\"},\"image\":{\"@id\":\"https:\\\/\\\/revolutionpadelstore.com\\\/en\\\/pala-adidas-metalbone-youth-3-2-junior-2023\\\/#primaryimage\"},\"thumbnailUrl\":\"https:\\\/\\\/revolutionpadelstore.com\\\/wp-content\\\/uploads\\\/2024\\\/03\\\/adidas_metalbone_youth_32_rk4aa1u22_junior_32317_1_747e.webp\",\"datePublished\":\"2024-03-13T11:15:04+00:00\",\"dateModified\":\"2024-10-15T02:09:21+00:00\",\"description\":\"\u00a1Hazte ya con la\u00a0nueva Pala Metalbone Youth 3.2\u00a0y empieza a\u00a0disfrutar con tu hijo\u00a0de las alegr\u00edas que da este deporte!\",\"breadcrumb\":{\"@id\":\"https:\\\/\\\/revolutionpadelstore.com\\\/en\\\/pala-adidas-metalbone-youth-3-2-junior-2023\\\/#breadcrumb\"},\"inLanguage\":\"en-US\",\"potentialAction\":[{\"@type\":\"ReadAction\",\"target\":[\"https:\\\/\\\/revolutionpadelstore.com\\\/en\\\/pala-adidas-metalbone-youth-3-2-junior-2023\\\/\"]}]},{\"@type\":\"ImageObject\",\"inLanguage\":\"en-US\",\"@id\":\"https:\\\/\\\/revolutionpadelstore.com\\\/en\\\/pala-adidas-metalbone-youth-3-2-junior-2023\\\/#primaryimage\",\"url\":\"https:\\\/\\\/revolutionpadelstore.com\\\/wp-content\\\/uploads\\\/2024\\\/03\\\/adidas_metalbone_youth_32_rk4aa1u22_junior_32317_1_747e.webp\",\"contentUrl\":\"https:\\\/\\\/revolutionpadelstore.com\\\/wp-content\\\/uploads\\\/2024\\\/03\\\/adidas_metalbone_youth_32_rk4aa1u22_junior_32317_1_747e.webp\",\"width\":1200,\"height\":1200,\"caption\":\"ADIDAS METALBONE YOUTH 3.2 JUNIOR 2023\"},{\"@type\":\"BreadcrumbList\",\"@id\":\"https:\\\/\\\/revolutionpadelstore.com\\\/en\\\/pala-adidas-metalbone-youth-3-2-junior-2023\\\/#breadcrumb\",\"itemListElement\":[{\"@type\":\"ListItem\",\"position\":1,\"name\":\"Portada\",\"item\":\"https:\\\/\\\/revolutionpadelstore.com\\\/en\\\/\"},{\"@type\":\"ListItem\",\"position\":2,\"name\":\"Shop\",\"item\":\"https:\\\/\\\/revolutionpadelstore.com\\\/en\\\/shop\\\/\"},{\"@type\":\"ListItem\",\"position\":3,\"name\":\"PALA ADIDAS METALBONE YOUTH 3.2 JUNIOR 2023\"}]},{\"@type\":\"WebSite\",\"@id\":\"https:\\\/\\\/revolutionpadelstore.com\\\/en\\\/#website\",\"url\":\"https:\\\/\\\/revolutionpadelstore.com\\\/en\\\/\",\"name\":\"Revolution Padel Store\",\"description\":\"\",\"publisher\":{\"@id\":\"https:\\\/\\\/revolutionpadelstore.com\\\/en\\\/#organization\"},\"potentialAction\":[{\"@type\":\"SearchAction\",\"target\":{\"@type\":\"EntryPoint\",\"urlTemplate\":\"https:\\\/\\\/revolutionpadelstore.com\\\/en\\\/?s={search_term_string}\"},\"query-input\":{\"@type\":\"PropertyValueSpecification\",\"valueRequired\":true,\"valueName\":\"search_term_string\"}}],\"inLanguage\":\"en-US\"},{\"@type\":\"Organization\",\"@id\":\"https:\\\/\\\/revolutionpadelstore.com\\\/en\\\/#organization\",\"name\":\"Revolution Padel Store\",\"url\":\"https:\\\/\\\/revolutionpadelstore.com\\\/en\\\/\",\"logo\":{\"@type\":\"ImageObject\",\"inLanguage\":\"en-US\",\"@id\":\"https:\\\/\\\/revolutionpadelstore.com\\\/en\\\/#\\\/schema\\\/logo\\\/image\\\/\",\"url\":\"https:\\\/\\\/revolutionpadelstore.com\\\/wp-content\\\/uploads\\\/2026\\\/02\\\/revolution-padel-store.jpg\",\"contentUrl\":\"https:\\\/\\\/revolutionpadelstore.com\\\/wp-content\\\/uploads\\\/2026\\\/02\\\/revolution-padel-store.jpg\",\"width\":2000,\"height\":2000,\"caption\":\"Revolution Padel Store\"},\"image\":{\"@id\":\"https:\\\/\\\/revolutionpadelstore.com\\\/en\\\/#\\\/schema\\\/logo\\\/image\\\/\"},\"sameAs\":[\"https:\\\/\\\/www.instagram.com\\\/revolutionpadelstore\\\/\"]}]}<\/script>\n<!-- \/ Yoast SEO plugin. -->","yoast_head_json":{"title":"PALA ADIDAS METALBONE YOUTH 3.2 JUNIOR 2023 - Revolution Padel Store","description":"\u00a1Hazte ya con la\u00a0nueva Pala Metalbone Youth 3.2\u00a0y empieza a\u00a0disfrutar con tu hijo\u00a0de las alegr\u00edas que da este deporte!","robots":{"index":"index","follow":"follow","max-snippet":"max-snippet:-1","max-image-preview":"max-image-preview:large","max-video-preview":"max-video-preview:-1"},"canonical":"https:\/\/revolutionpadelstore.com\/en\/pala-adidas-metalbone-youth-3-2-junior-2023\/","og_locale":"en_US","og_type":"article","og_title":"ADIDAS METALBONE YOUTH 3.2 JUNIOR 2023","og_description":"\u00a1No pierdas la oportunidad de iniciarte en el mundo del p\u00e1del con la pala Metalbone Team Youth de Adidas dise\u00f1ada para ni\u00f1os! Tu juego ser\u00e1 din\u00e1mico y \u00e1gil.","og_url":"https:\/\/revolutionpadelstore.com\/en\/pala-adidas-metalbone-youth-3-2-junior-2023\/","og_site_name":"Revolution Padel Store","article_modified_time":"2024-10-15T02:09:21+00:00","og_image":[{"width":1200,"height":1200,"url":"https:\/\/revolutionpadelstore.com\/wp-content\/uploads\/2024\/03\/adidas_metalbone_youth_32_rk4aa1u22_junior_32317_1_747e.webp","type":"image\/webp"}],"twitter_card":"summary_large_image","twitter_misc":{"Est. reading time":"2 minutes"},"schema":{"@context":"https:\/\/schema.org","@graph":[{"@type":"WebPage","@id":"https:\/\/revolutionpadelstore.com\/en\/pala-adidas-metalbone-youth-3-2-junior-2023\/","url":"https:\/\/revolutionpadelstore.com\/en\/pala-adidas-metalbone-youth-3-2-junior-2023\/","name":"PALA ADIDAS METALBONE YOUTH 3.2 JUNIOR 2023 - Revolution Padel Store","isPartOf":{"@id":"https:\/\/revolutionpadelstore.com\/en\/#website"},"primaryImageOfPage":{"@id":"https:\/\/revolutionpadelstore.com\/en\/pala-adidas-metalbone-youth-3-2-junior-2023\/#primaryimage"},"image":{"@id":"https:\/\/revolutionpadelstore.com\/en\/pala-adidas-metalbone-youth-3-2-junior-2023\/#primaryimage"},"thumbnailUrl":"https:\/\/revolutionpadelstore.com\/wp-content\/uploads\/2024\/03\/adidas_metalbone_youth_32_rk4aa1u22_junior_32317_1_747e.webp","datePublished":"2024-03-13T11:15:04+00:00","dateModified":"2024-10-15T02:09:21+00:00","description":"\u00a1Hazte ya con la\u00a0nueva Pala Metalbone Youth 3.2\u00a0y empieza a\u00a0disfrutar con tu hijo\u00a0de las alegr\u00edas que da este deporte!","breadcrumb":{"@id":"https:\/\/revolutionpadelstore.com\/en\/pala-adidas-metalbone-youth-3-2-junior-2023\/#breadcrumb"},"inLanguage":"en-US","potentialAction":[{"@type":"ReadAction","target":["https:\/\/revolutionpadelstore.com\/en\/pala-adidas-metalbone-youth-3-2-junior-2023\/"]}]},{"@type":"ImageObject","inLanguage":"en-US","@id":"https:\/\/revolutionpadelstore.com\/en\/pala-adidas-metalbone-youth-3-2-junior-2023\/#primaryimage","url":"https:\/\/revolutionpadelstore.com\/wp-content\/uploads\/2024\/03\/adidas_metalbone_youth_32_rk4aa1u22_junior_32317_1_747e.webp","contentUrl":"https:\/\/revolutionpadelstore.com\/wp-content\/uploads\/2024\/03\/adidas_metalbone_youth_32_rk4aa1u22_junior_32317_1_747e.webp","width":1200,"height":1200,"caption":"ADIDAS METALBONE YOUTH 3.2 JUNIOR 2023"},{"@type":"BreadcrumbList","@id":"https:\/\/revolutionpadelstore.com\/en\/pala-adidas-metalbone-youth-3-2-junior-2023\/#breadcrumb","itemListElement":[{"@type":"ListItem","position":1,"name":"Portada","item":"https:\/\/revolutionpadelstore.com\/en\/"},{"@type":"ListItem","position":2,"name":"Shop","item":"https:\/\/revolutionpadelstore.com\/en\/shop\/"},{"@type":"ListItem","position":3,"name":"PALA ADIDAS METALBONE YOUTH 3.2 JUNIOR 2023"}]},{"@type":"WebSite","@id":"https:\/\/revolutionpadelstore.com\/en\/#website","url":"https:\/\/revolutionpadelstore.com\/en\/","name":"Revolution Padel Store","description":"","publisher":{"@id":"https:\/\/revolutionpadelstore.com\/en\/#organization"},"potentialAction":[{"@type":"SearchAction","target":{"@type":"EntryPoint","urlTemplate":"https:\/\/revolutionpadelstore.com\/en\/?s={search_term_string}"},"query-input":{"@type":"PropertyValueSpecification","valueRequired":true,"valueName":"search_term_string"}}],"inLanguage":"en-US"},{"@type":"Organization","@id":"https:\/\/revolutionpadelstore.com\/en\/#organization","name":"Revolution Padel Store","url":"https:\/\/revolutionpadelstore.com\/en\/","logo":{"@type":"ImageObject","inLanguage":"en-US","@id":"https:\/\/revolutionpadelstore.com\/en\/#\/schema\/logo\/image\/","url":"https:\/\/revolutionpadelstore.com\/wp-content\/uploads\/2026\/02\/revolution-padel-store.jpg","contentUrl":"https:\/\/revolutionpadelstore.com\/wp-content\/uploads\/2026\/02\/revolution-padel-store.jpg","width":2000,"height":2000,"caption":"Revolution Padel Store"},"image":{"@id":"https:\/\/revolutionpadelstore.com\/en\/#\/schema\/logo\/image\/"},"sameAs":["https:\/\/www.instagram.com\/revolutionpadelstore\/"]}]}},"_links":{"self":[{"href":"https:\/\/revolutionpadelstore.com\/en\/wp-json\/wp\/v2\/product\/20684","targetHints":{"allow":["GET"]}}],"collection":[{"href":"https:\/\/revolutionpadelstore.com\/en\/wp-json\/wp\/v2\/product"}],"about":[{"href":"https:\/\/revolutionpadelstore.com\/en\/wp-json\/wp\/v2\/types\/product"}],"replies":[{"embeddable":true,"href":"https:\/\/revolutionpadelstore.com\/en\/wp-json\/wp\/v2\/comments?post=20684"}],"wp:featuredmedia":[{"embeddable":true,"href":"https:\/\/revolutionpadelstore.com\/en\/wp-json\/wp\/v2\/media\/1060"}],"wp:attachment":[{"href":"https:\/\/revolutionpadelstore.com\/en\/wp-json\/wp\/v2\/media?parent=20684"}],"wp:term":[{"taxonomy":"acabado","embeddable":true,"href":"https:\/\/revolutionpadelstore.com\/en\/wp-json\/wp\/v2\/acabado?post=20684"},{"taxonomy":"balance","embeddable":true,"href":"https:\/\/revolutionpadelstore.com\/en\/wp-json\/wp\/v2\/balance?post=20684"},{"taxonomy":"dureza","embeddable":true,"href":"https:\/\/revolutionpadelstore.com\/en\/wp-json\/wp\/v2\/dureza?post=20684"},{"taxonomy":"forma","embeddable":true,"href":"https:\/\/revolutionpadelstore.com\/en\/wp-json\/wp\/v2\/forma?post=20684"},{"taxonomy":"jugador","embeddable":true,"href":"https:\/\/revolutionpadelstore.com\/en\/wp-json\/wp\/v2\/jugador?post=20684"},{"taxonomy":"marca","embeddable":true,"href":"https:\/\/revolutionpadelstore.com\/en\/wp-json\/wp\/v2\/marca?post=20684"},{"taxonomy":"nivel-de-juego","embeddable":true,"href":"https:\/\/revolutionpadelstore.com\/en\/wp-json\/wp\/v2\/nivel-de-juego?post=20684"},{"taxonomy":"superficie","embeddable":true,"href":"https:\/\/revolutionpadelstore.com\/en\/wp-json\/wp\/v2\/superficie?post=20684"},{"taxonomy":"tipo-de-juego","embeddable":true,"href":"https:\/\/revolutionpadelstore.com\/en\/wp-json\/wp\/v2\/tipo-de-juego?post=20684"},{"taxonomy":"product_brand","embeddable":true,"href":"https:\/\/revolutionpadelstore.com\/en\/wp-json\/wp\/v2\/product_brand?post=20684"},{"taxonomy":"product_cat","embeddable":true,"href":"https:\/\/revolutionpadelstore.com\/en\/wp-json\/wp\/v2\/product_cat?post=20684"},{"taxonomy":"product_tag","embeddable":true,"href":"https:\/\/revolutionpadelstore.com\/en\/wp-json\/wp\/v2\/product_tag?post=20684"}],"curies":[{"name":"wp","href":"https:\/\/api.w.org\/{rel}","templated":true}]}}