{"id":20471,"date":"2024-03-14T14:41:18","date_gmt":"2024-03-14T13:41:18","guid":{"rendered":"https:\/\/revolutionpadelstore.com\/bullpadel-neuron\/"},"modified":"2026-04-08T15:07:08","modified_gmt":"2026-04-08T13:07:08","slug":"bullpadel-neuron-2","status":"publish","type":"product","link":"https:\/\/revolutionpadelstore.com\/en\/bullpadel-neuron-2\/","title":{"rendered":"BULLPADEL NEURON"},"content":{"rendered":"<h2>Bullpadel Neuron, quick and easy acceleration with little effort<\/h2>\n<p>The new Bullpadel Neuron is a racket that has been designed to provide the best performance on the court to those advanced or professional padel players who seek to accelerate the ball at the moment. prompt. The professional player <strong>Fede Chingotto<\/strong> will face the 2024 season wielding this Bullpadel racket.<\/p>\n<p>Regarding its shape, it presents a <strong>hybrid mold with low balance<\/strong>, so it offers a great compromise between power and control, with a medium feel and ball output. It provides exceptional versatility so you can adapt to the needs of the game at all times.<\/p>\n<p>It has a standard weight between 365 and 375 grams, so the maneuverability and ease of handling are acceptable for high-level players.<\/p>\n<h2>Stability to avoid twisting<\/h2>\n<p>In the inner core we find a Multieva rubber that combines a more compact outer layer that provides great power output, and an inner layer of lower density that provides control on slow balls.<\/p>\n<p>The planes have been manufactured with <em>Xtend Carbon 12K<\/em>, a type of interwoven carbon that is up to 30% lighter, which achieves <strong>greater power, rigidity and durability.<\/strong><\/p>\n<p>Additionally, the bi-directional 100% interlocking carbon CarbonTube frame provides excellent responsiveness thanks to a balanced combination of power and control.<\/p>\n<h3>Reduction of blade flexions<\/h3>\n<p>Likewise, the <em>Wave System<\/em> technology has been incorporated into the frame, which provides greater flexibility to the area with the aim of making energy transmission smoother and more efficient. A catapult effect is achieved, so the player must exert less effort when hitting.<\/p>\n<p>In the same way, it has the Neuron heart, a horizontal bridge with a break at the vertex that is responsible for absorbing vibrations effectively to reduce fatigue and increase the level of comfort during the match.<\/p>\n<p>It also includes the <em>Vibradrive <\/em>grip mounting system and the <em>Hesacore<\/em> Grip, which reduce vibrations, effort and the possibility of injury.<\/p>\n<h2>Bullpadel Neuron, r\u00e1pida y f\u00e1cil acelaraci\u00f3n con poco esfuerzo<\/h2>\n","protected":false},"excerpt":{"rendered":"<p>Bullpadel Neuron 2024 racket, hybrid shape and low balance, is the model that Fede Chingotto will wield for the new season. Provides versatility during the game. Xtend Carbon 12K planes and Multieva rubber core.<\/p>\n","protected":false},"featured_media":2556,"comment_status":"open","ping_status":"closed","template":"","meta":{"_acf_changed":false,"_joinchat":[]},"acabado":[1083],"balance":[1143],"dureza":[1158],"forma":[1178],"jugador":[1193,1203],"marca":[1258],"nivel-de-juego":[1338],"superficie":[1358],"tipo-de-juego":[1388],"product_brand":[],"product_cat":[303],"product_tag":[],"class_list":{"0":"post-20471","1":"product","2":"type-product","3":"status-publish","4":"has-post-thumbnail","6":"acabado-brightness","7":"balance-medium","8":"dureza-media-en","9":"forma-hibrida-en","10":"jugador-hombre-en","11":"jugador-multipurpose","12":"marca-bullpadel-en","13":"superficie-lisa-en","14":"tipo-de-juego-multipurpose","15":"product_cat-palas","17":"first","18":"instock","19":"sale","20":"taxable","21":"shipping-taxable","22":"purchasable","23":"product-type-simple"},"acf":[],"yoast_head":"<!-- This site is optimized with the Yoast SEO plugin v27.4 - https:\/\/yoast.com\/product\/yoast-seo-wordpress\/ -->\n<title>BULLPADEL NEURON - Revolution Padel Store<\/title>\n<meta name=\"description\" content=\"Pala Bullpadel Neuron 2024, forma h\u00edbrida y balance bajo, es el modelo que empu\u00f1ar\u00e1 Fede Chingotto para la nueva temporada. Aporta polivalencia durante el juego. Planos de Xtend Carbon 12K y n\u00facleo de goma Multieva.\" \/>\n<meta name=\"robots\" content=\"index, follow, max-snippet:-1, max-image-preview:large, max-video-preview:-1\" \/>\n<link rel=\"canonical\" href=\"https:\/\/revolutionpadelstore.com\/en\/bullpadel-neuron-2\/\" \/>\n<meta property=\"og:locale\" content=\"en_US\" \/>\n<meta property=\"og:type\" content=\"article\" \/>\n<meta property=\"og:title\" content=\"BULLPADEL NEURON - Revolution Padel Store\" \/>\n<meta property=\"og:description\" content=\"Pala Bullpadel Neuron 2024, forma h\u00edbrida y balance bajo, es el modelo que empu\u00f1ar\u00e1 Fede Chingotto para la nueva temporada. Aporta polivalencia durante el juego. Planos de Xtend Carbon 12K y n\u00facleo de goma Multieva.\" \/>\n<meta property=\"og:url\" content=\"https:\/\/revolutionpadelstore.com\/en\/bullpadel-neuron-2\/\" \/>\n<meta property=\"og:site_name\" content=\"Revolution Padel Store\" \/>\n<meta property=\"article:modified_time\" content=\"2026-04-08T13:07:08+00:00\" \/>\n<meta property=\"og:image\" content=\"https:\/\/revolutionpadelstore.com\/wp-content\/uploads\/2024\/03\/110864_pala_bullpadel_neuron_24_471611_1500x1500_vista1_076d.webp\" \/>\n\t<meta property=\"og:image:width\" content=\"1500\" \/>\n\t<meta property=\"og:image:height\" content=\"1500\" \/>\n\t<meta property=\"og:image:type\" content=\"image\/webp\" \/>\n<meta name=\"twitter:card\" content=\"summary_large_image\" \/>\n<meta name=\"twitter:label1\" content=\"Est. reading time\" \/>\n\t<meta name=\"twitter:data1\" content=\"2 minutes\" \/>\n<script type=\"application\/ld+json\" class=\"yoast-schema-graph\">{\"@context\":\"https:\\\/\\\/schema.org\",\"@graph\":[{\"@type\":\"WebPage\",\"@id\":\"https:\\\/\\\/revolutionpadelstore.com\\\/en\\\/bullpadel-neuron-2\\\/\",\"url\":\"https:\\\/\\\/revolutionpadelstore.com\\\/en\\\/bullpadel-neuron-2\\\/\",\"name\":\"BULLPADEL NEURON - Revolution Padel Store\",\"isPartOf\":{\"@id\":\"https:\\\/\\\/revolutionpadelstore.com\\\/en\\\/#website\"},\"primaryImageOfPage\":{\"@id\":\"https:\\\/\\\/revolutionpadelstore.com\\\/en\\\/bullpadel-neuron-2\\\/#primaryimage\"},\"image\":{\"@id\":\"https:\\\/\\\/revolutionpadelstore.com\\\/en\\\/bullpadel-neuron-2\\\/#primaryimage\"},\"thumbnailUrl\":\"https:\\\/\\\/revolutionpadelstore.com\\\/wp-content\\\/uploads\\\/2024\\\/03\\\/110864_pala_bullpadel_neuron_24_471611_1500x1500_vista1_076d.webp\",\"datePublished\":\"2024-03-14T13:41:18+00:00\",\"dateModified\":\"2026-04-08T13:07:08+00:00\",\"description\":\"Pala Bullpadel Neuron 2024, forma h\u00edbrida y balance bajo, es el modelo que empu\u00f1ar\u00e1 Fede Chingotto para la nueva temporada. Aporta polivalencia durante el juego. Planos de Xtend Carbon 12K y n\u00facleo de goma Multieva.\",\"breadcrumb\":{\"@id\":\"https:\\\/\\\/revolutionpadelstore.com\\\/en\\\/bullpadel-neuron-2\\\/#breadcrumb\"},\"inLanguage\":\"en-US\",\"potentialAction\":[{\"@type\":\"ReadAction\",\"target\":[\"https:\\\/\\\/revolutionpadelstore.com\\\/en\\\/bullpadel-neuron-2\\\/\"]}]},{\"@type\":\"ImageObject\",\"inLanguage\":\"en-US\",\"@id\":\"https:\\\/\\\/revolutionpadelstore.com\\\/en\\\/bullpadel-neuron-2\\\/#primaryimage\",\"url\":\"https:\\\/\\\/revolutionpadelstore.com\\\/wp-content\\\/uploads\\\/2024\\\/03\\\/110864_pala_bullpadel_neuron_24_471611_1500x1500_vista1_076d.webp\",\"contentUrl\":\"https:\\\/\\\/revolutionpadelstore.com\\\/wp-content\\\/uploads\\\/2024\\\/03\\\/110864_pala_bullpadel_neuron_24_471611_1500x1500_vista1_076d.webp\",\"width\":1500,\"height\":1500,\"caption\":\"BULLPADEL NEURON\"},{\"@type\":\"BreadcrumbList\",\"@id\":\"https:\\\/\\\/revolutionpadelstore.com\\\/en\\\/bullpadel-neuron-2\\\/#breadcrumb\",\"itemListElement\":[{\"@type\":\"ListItem\",\"position\":1,\"name\":\"Portada\",\"item\":\"https:\\\/\\\/revolutionpadelstore.com\\\/en\\\/\"},{\"@type\":\"ListItem\",\"position\":2,\"name\":\"Shop\",\"item\":\"https:\\\/\\\/revolutionpadelstore.com\\\/en\\\/shop\\\/\"},{\"@type\":\"ListItem\",\"position\":3,\"name\":\"BULLPADEL NEURON\"}]},{\"@type\":\"WebSite\",\"@id\":\"https:\\\/\\\/revolutionpadelstore.com\\\/en\\\/#website\",\"url\":\"https:\\\/\\\/revolutionpadelstore.com\\\/en\\\/\",\"name\":\"Revolution Padel Store\",\"description\":\"\",\"publisher\":{\"@id\":\"https:\\\/\\\/revolutionpadelstore.com\\\/en\\\/#organization\"},\"potentialAction\":[{\"@type\":\"SearchAction\",\"target\":{\"@type\":\"EntryPoint\",\"urlTemplate\":\"https:\\\/\\\/revolutionpadelstore.com\\\/en\\\/?s={search_term_string}\"},\"query-input\":{\"@type\":\"PropertyValueSpecification\",\"valueRequired\":true,\"valueName\":\"search_term_string\"}}],\"inLanguage\":\"en-US\"},{\"@type\":\"Organization\",\"@id\":\"https:\\\/\\\/revolutionpadelstore.com\\\/en\\\/#organization\",\"name\":\"Revolution Padel Store\",\"url\":\"https:\\\/\\\/revolutionpadelstore.com\\\/en\\\/\",\"logo\":{\"@type\":\"ImageObject\",\"inLanguage\":\"en-US\",\"@id\":\"https:\\\/\\\/revolutionpadelstore.com\\\/en\\\/#\\\/schema\\\/logo\\\/image\\\/\",\"url\":\"https:\\\/\\\/revolutionpadelstore.com\\\/wp-content\\\/uploads\\\/2026\\\/02\\\/revolution-padel-store.jpg\",\"contentUrl\":\"https:\\\/\\\/revolutionpadelstore.com\\\/wp-content\\\/uploads\\\/2026\\\/02\\\/revolution-padel-store.jpg\",\"width\":2000,\"height\":2000,\"caption\":\"Revolution Padel Store\"},\"image\":{\"@id\":\"https:\\\/\\\/revolutionpadelstore.com\\\/en\\\/#\\\/schema\\\/logo\\\/image\\\/\"},\"sameAs\":[\"https:\\\/\\\/www.instagram.com\\\/revolutionpadelstore\\\/\"]}]}<\/script>\n<!-- \/ Yoast SEO plugin. -->","yoast_head_json":{"title":"BULLPADEL NEURON - Revolution Padel Store","description":"Pala Bullpadel Neuron 2024, forma h\u00edbrida y balance bajo, es el modelo que empu\u00f1ar\u00e1 Fede Chingotto para la nueva temporada. Aporta polivalencia durante el juego. Planos de Xtend Carbon 12K y n\u00facleo de goma Multieva.","robots":{"index":"index","follow":"follow","max-snippet":"max-snippet:-1","max-image-preview":"max-image-preview:large","max-video-preview":"max-video-preview:-1"},"canonical":"https:\/\/revolutionpadelstore.com\/en\/bullpadel-neuron-2\/","og_locale":"en_US","og_type":"article","og_title":"BULLPADEL NEURON - Revolution Padel Store","og_description":"Pala Bullpadel Neuron 2024, forma h\u00edbrida y balance bajo, es el modelo que empu\u00f1ar\u00e1 Fede Chingotto para la nueva temporada. Aporta polivalencia durante el juego. Planos de Xtend Carbon 12K y n\u00facleo de goma Multieva.","og_url":"https:\/\/revolutionpadelstore.com\/en\/bullpadel-neuron-2\/","og_site_name":"Revolution Padel Store","article_modified_time":"2026-04-08T13:07:08+00:00","og_image":[{"width":1500,"height":1500,"url":"https:\/\/revolutionpadelstore.com\/wp-content\/uploads\/2024\/03\/110864_pala_bullpadel_neuron_24_471611_1500x1500_vista1_076d.webp","type":"image\/webp"}],"twitter_card":"summary_large_image","twitter_misc":{"Est. reading time":"2 minutes"},"schema":{"@context":"https:\/\/schema.org","@graph":[{"@type":"WebPage","@id":"https:\/\/revolutionpadelstore.com\/en\/bullpadel-neuron-2\/","url":"https:\/\/revolutionpadelstore.com\/en\/bullpadel-neuron-2\/","name":"BULLPADEL NEURON - Revolution Padel Store","isPartOf":{"@id":"https:\/\/revolutionpadelstore.com\/en\/#website"},"primaryImageOfPage":{"@id":"https:\/\/revolutionpadelstore.com\/en\/bullpadel-neuron-2\/#primaryimage"},"image":{"@id":"https:\/\/revolutionpadelstore.com\/en\/bullpadel-neuron-2\/#primaryimage"},"thumbnailUrl":"https:\/\/revolutionpadelstore.com\/wp-content\/uploads\/2024\/03\/110864_pala_bullpadel_neuron_24_471611_1500x1500_vista1_076d.webp","datePublished":"2024-03-14T13:41:18+00:00","dateModified":"2026-04-08T13:07:08+00:00","description":"Pala Bullpadel Neuron 2024, forma h\u00edbrida y balance bajo, es el modelo que empu\u00f1ar\u00e1 Fede Chingotto para la nueva temporada. Aporta polivalencia durante el juego. Planos de Xtend Carbon 12K y n\u00facleo de goma Multieva.","breadcrumb":{"@id":"https:\/\/revolutionpadelstore.com\/en\/bullpadel-neuron-2\/#breadcrumb"},"inLanguage":"en-US","potentialAction":[{"@type":"ReadAction","target":["https:\/\/revolutionpadelstore.com\/en\/bullpadel-neuron-2\/"]}]},{"@type":"ImageObject","inLanguage":"en-US","@id":"https:\/\/revolutionpadelstore.com\/en\/bullpadel-neuron-2\/#primaryimage","url":"https:\/\/revolutionpadelstore.com\/wp-content\/uploads\/2024\/03\/110864_pala_bullpadel_neuron_24_471611_1500x1500_vista1_076d.webp","contentUrl":"https:\/\/revolutionpadelstore.com\/wp-content\/uploads\/2024\/03\/110864_pala_bullpadel_neuron_24_471611_1500x1500_vista1_076d.webp","width":1500,"height":1500,"caption":"BULLPADEL NEURON"},{"@type":"BreadcrumbList","@id":"https:\/\/revolutionpadelstore.com\/en\/bullpadel-neuron-2\/#breadcrumb","itemListElement":[{"@type":"ListItem","position":1,"name":"Portada","item":"https:\/\/revolutionpadelstore.com\/en\/"},{"@type":"ListItem","position":2,"name":"Shop","item":"https:\/\/revolutionpadelstore.com\/en\/shop\/"},{"@type":"ListItem","position":3,"name":"BULLPADEL NEURON"}]},{"@type":"WebSite","@id":"https:\/\/revolutionpadelstore.com\/en\/#website","url":"https:\/\/revolutionpadelstore.com\/en\/","name":"Revolution Padel Store","description":"","publisher":{"@id":"https:\/\/revolutionpadelstore.com\/en\/#organization"},"potentialAction":[{"@type":"SearchAction","target":{"@type":"EntryPoint","urlTemplate":"https:\/\/revolutionpadelstore.com\/en\/?s={search_term_string}"},"query-input":{"@type":"PropertyValueSpecification","valueRequired":true,"valueName":"search_term_string"}}],"inLanguage":"en-US"},{"@type":"Organization","@id":"https:\/\/revolutionpadelstore.com\/en\/#organization","name":"Revolution Padel Store","url":"https:\/\/revolutionpadelstore.com\/en\/","logo":{"@type":"ImageObject","inLanguage":"en-US","@id":"https:\/\/revolutionpadelstore.com\/en\/#\/schema\/logo\/image\/","url":"https:\/\/revolutionpadelstore.com\/wp-content\/uploads\/2026\/02\/revolution-padel-store.jpg","contentUrl":"https:\/\/revolutionpadelstore.com\/wp-content\/uploads\/2026\/02\/revolution-padel-store.jpg","width":2000,"height":2000,"caption":"Revolution Padel Store"},"image":{"@id":"https:\/\/revolutionpadelstore.com\/en\/#\/schema\/logo\/image\/"},"sameAs":["https:\/\/www.instagram.com\/revolutionpadelstore\/"]}]}},"_links":{"self":[{"href":"https:\/\/revolutionpadelstore.com\/en\/wp-json\/wp\/v2\/product\/20471","targetHints":{"allow":["GET"]}}],"collection":[{"href":"https:\/\/revolutionpadelstore.com\/en\/wp-json\/wp\/v2\/product"}],"about":[{"href":"https:\/\/revolutionpadelstore.com\/en\/wp-json\/wp\/v2\/types\/product"}],"replies":[{"embeddable":true,"href":"https:\/\/revolutionpadelstore.com\/en\/wp-json\/wp\/v2\/comments?post=20471"}],"wp:featuredmedia":[{"embeddable":true,"href":"https:\/\/revolutionpadelstore.com\/en\/wp-json\/wp\/v2\/media\/2556"}],"wp:attachment":[{"href":"https:\/\/revolutionpadelstore.com\/en\/wp-json\/wp\/v2\/media?parent=20471"}],"wp:term":[{"taxonomy":"acabado","embeddable":true,"href":"https:\/\/revolutionpadelstore.com\/en\/wp-json\/wp\/v2\/acabado?post=20471"},{"taxonomy":"balance","embeddable":true,"href":"https:\/\/revolutionpadelstore.com\/en\/wp-json\/wp\/v2\/balance?post=20471"},{"taxonomy":"dureza","embeddable":true,"href":"https:\/\/revolutionpadelstore.com\/en\/wp-json\/wp\/v2\/dureza?post=20471"},{"taxonomy":"forma","embeddable":true,"href":"https:\/\/revolutionpadelstore.com\/en\/wp-json\/wp\/v2\/forma?post=20471"},{"taxonomy":"jugador","embeddable":true,"href":"https:\/\/revolutionpadelstore.com\/en\/wp-json\/wp\/v2\/jugador?post=20471"},{"taxonomy":"marca","embeddable":true,"href":"https:\/\/revolutionpadelstore.com\/en\/wp-json\/wp\/v2\/marca?post=20471"},{"taxonomy":"nivel-de-juego","embeddable":true,"href":"https:\/\/revolutionpadelstore.com\/en\/wp-json\/wp\/v2\/nivel-de-juego?post=20471"},{"taxonomy":"superficie","embeddable":true,"href":"https:\/\/revolutionpadelstore.com\/en\/wp-json\/wp\/v2\/superficie?post=20471"},{"taxonomy":"tipo-de-juego","embeddable":true,"href":"https:\/\/revolutionpadelstore.com\/en\/wp-json\/wp\/v2\/tipo-de-juego?post=20471"},{"taxonomy":"product_brand","embeddable":true,"href":"https:\/\/revolutionpadelstore.com\/en\/wp-json\/wp\/v2\/product_brand?post=20471"},{"taxonomy":"product_cat","embeddable":true,"href":"https:\/\/revolutionpadelstore.com\/en\/wp-json\/wp\/v2\/product_cat?post=20471"},{"taxonomy":"product_tag","embeddable":true,"href":"https:\/\/revolutionpadelstore.com\/en\/wp-json\/wp\/v2\/product_tag?post=20471"}],"curies":[{"name":"wp","href":"https:\/\/api.w.org\/{rel}","templated":true}]}}