{"id":20451,"date":"2024-03-14T16:53:58","date_gmt":"2024-03-14T15:53:58","guid":{"rendered":"https:\/\/revolutionpadelstore.com\/bullpadel-vertex-04-comfort\/"},"modified":"2026-04-08T15:05:24","modified_gmt":"2026-04-08T13:05:24","slug":"bullpadel-vertex-04-comfort-2","status":"publish","type":"product","link":"https:\/\/revolutionpadelstore.com\/en\/bullpadel-vertex-04-comfort-2\/","title":{"rendered":"BULLPADEL VERTEX 04 COMFORT"},"content":{"rendered":"<h2>Bullpadel Vertex 04 Comfort, controlled power<\/h2>\n<p>The new Bullpadel Vertex 04 Comfort is the padel racket chosen by professional player Mart\u00edn Di Nenno to face the 2024 season. It is a model that grants outstanding power and control to advanced padel players. or professionals.<\/strong><\/p>\n<p>It presents a diamond shape with a high balance, so your blows will be loaded with maximum power without any loss of control. Its weight is between 360 and 370 grams and its profile is 38mm.<\/p>\n<h2>Greater control in hitting<\/h2>\n<p>In terms of materials, the CarbonTube frame is made of 100% bidirectional interwoven carbon fiber, which combines the CURVAKTIV system with the AIR POWER to better resist torsion and uniformly transmit stresses throughout the frame. the shovel<\/p>\n<p>In addition, the surface is made with Fibrix HybridFiber, a bidirectional composite of X-Glass and Carbon that, combined with an elastic resin, provides additional elasticity and flex to the core.<\/p>\n<p>The inner core, in turn, is made with a <strong>Multieva double-density rubber<\/strong>, an internal layer of a lower density and a very compact external one. This results in a versatile racket that adapts perfectly to both slow hits and fast balls.<\/p>\n<h3>Exceptional comfort at all times<\/h3>\n<p>On the other hand, it is worth mentioning the Vertex heart, which distributes weight in such a way as to minimize torsion, eliminate vibrations and increase rigidity. You will be able to perform solid and powerful volleys.<\/p>\n<p>Likewise, on the faces of this racket we find the TOPSPIN technology, a roughness that favors the <strong>hit with spin<\/strong> thanks to greater grip. It also has the <em>Grip Custom Weight<\/em>, located on the fist, which allows you to modify the weight and balance of the racket to adapt to the needs of each player.<\/p>\n<h2>Bullpadel Vertex 04 Comfort, potencia controlada<\/h2>\n","protected":false},"excerpt":{"rendered":"<p>Bullpadel Vertex 04 Comfort padel racket for advanced or professional level players looking for maximum power and precision in each stroke. With Multieva core, Fibrix planes and CarbonTube frame.<\/p>\n","protected":false},"featured_media":2616,"comment_status":"open","ping_status":"closed","template":"","meta":{"_acf_changed":false,"_joinchat":[]},"acabado":[1098],"balance":[1138],"dureza":[1158],"forma":[1173],"jugador":[1193,1203],"marca":[1258],"nivel-de-juego":[1348],"superficie":[1363],"tipo-de-juego":[1378],"product_brand":[],"product_cat":[303],"product_tag":[],"class_list":{"0":"post-20451","1":"product","2":"type-product","3":"status-publish","4":"has-post-thumbnail","6":"acabado-arenoso-en","7":"balance-alto-en","8":"dureza-media-en","9":"forma-diamante-en","10":"jugador-hombre-en","11":"jugador-multipurpose","12":"marca-bullpadel-en","13":"superficie-rugosa-en","14":"tipo-de-juego-potencia-en","15":"product_cat-palas","17":"first","18":"instock","19":"sale","20":"taxable","21":"shipping-taxable","22":"purchasable","23":"product-type-simple"},"acf":[],"yoast_head":"<!-- This site is optimized with the Yoast SEO plugin v27.3 - https:\/\/yoast.com\/product\/yoast-seo-wordpress\/ -->\n<title>BULLPADEL VERTEX 04 COMFORT - Revolution Padel Store<\/title>\n<meta name=\"description\" content=\"Pala de p\u00e1del Bullpadel Vertex 04 Comfort para jugadores de nivel avanzado o profesional que busquen la m\u00e1xima potencia y precisi\u00f3n en cada golpe. Con n\u00facleo Multieva, planos de Fibrix y marco CarbonTube.\" \/>\n<meta name=\"robots\" content=\"index, follow, max-snippet:-1, max-image-preview:large, max-video-preview:-1\" \/>\n<link rel=\"canonical\" href=\"https:\/\/revolutionpadelstore.com\/en\/bullpadel-vertex-04-comfort-2\/\" \/>\n<meta property=\"og:locale\" content=\"en_US\" \/>\n<meta property=\"og:type\" content=\"article\" \/>\n<meta property=\"og:title\" content=\"BULLPADEL VERTEX 04 COMFORT - Revolution Padel Store\" \/>\n<meta property=\"og:description\" content=\"Pala de p\u00e1del Bullpadel Vertex 04 Comfort para jugadores de nivel avanzado o profesional que busquen la m\u00e1xima potencia y precisi\u00f3n en cada golpe. Con n\u00facleo Multieva, planos de Fibrix y marco CarbonTube.\" \/>\n<meta property=\"og:url\" content=\"https:\/\/revolutionpadelstore.com\/en\/bullpadel-vertex-04-comfort-2\/\" \/>\n<meta property=\"og:site_name\" content=\"Revolution Padel Store\" \/>\n<meta property=\"article:modified_time\" content=\"2026-04-08T13:05:24+00:00\" \/>\n<meta property=\"og:image\" content=\"https:\/\/revolutionpadelstore.com\/wp-content\/uploads\/2024\/03\/110866_pala_bullpadel_vertex_04_comfort_24_471607_1500x1500_vista1_2c59.webp\" \/>\n\t<meta property=\"og:image:width\" content=\"1500\" \/>\n\t<meta property=\"og:image:height\" content=\"1500\" \/>\n\t<meta property=\"og:image:type\" content=\"image\/webp\" \/>\n<meta name=\"twitter:card\" content=\"summary_large_image\" \/>\n<meta name=\"twitter:label1\" content=\"Est. reading time\" \/>\n\t<meta name=\"twitter:data1\" content=\"2 minutes\" \/>\n<script type=\"application\/ld+json\" class=\"yoast-schema-graph\">{\"@context\":\"https:\\\/\\\/schema.org\",\"@graph\":[{\"@type\":\"WebPage\",\"@id\":\"https:\\\/\\\/revolutionpadelstore.com\\\/en\\\/bullpadel-vertex-04-comfort-2\\\/\",\"url\":\"https:\\\/\\\/revolutionpadelstore.com\\\/en\\\/bullpadel-vertex-04-comfort-2\\\/\",\"name\":\"BULLPADEL VERTEX 04 COMFORT - Revolution Padel Store\",\"isPartOf\":{\"@id\":\"https:\\\/\\\/revolutionpadelstore.com\\\/en\\\/#website\"},\"primaryImageOfPage\":{\"@id\":\"https:\\\/\\\/revolutionpadelstore.com\\\/en\\\/bullpadel-vertex-04-comfort-2\\\/#primaryimage\"},\"image\":{\"@id\":\"https:\\\/\\\/revolutionpadelstore.com\\\/en\\\/bullpadel-vertex-04-comfort-2\\\/#primaryimage\"},\"thumbnailUrl\":\"https:\\\/\\\/revolutionpadelstore.com\\\/wp-content\\\/uploads\\\/2024\\\/03\\\/110866_pala_bullpadel_vertex_04_comfort_24_471607_1500x1500_vista1_2c59.webp\",\"datePublished\":\"2024-03-14T15:53:58+00:00\",\"dateModified\":\"2026-04-08T13:05:24+00:00\",\"description\":\"Pala de p\u00e1del Bullpadel Vertex 04 Comfort para jugadores de nivel avanzado o profesional que busquen la m\u00e1xima potencia y precisi\u00f3n en cada golpe. Con n\u00facleo Multieva, planos de Fibrix y marco CarbonTube.\",\"breadcrumb\":{\"@id\":\"https:\\\/\\\/revolutionpadelstore.com\\\/en\\\/bullpadel-vertex-04-comfort-2\\\/#breadcrumb\"},\"inLanguage\":\"en-US\",\"potentialAction\":[{\"@type\":\"ReadAction\",\"target\":[\"https:\\\/\\\/revolutionpadelstore.com\\\/en\\\/bullpadel-vertex-04-comfort-2\\\/\"]}]},{\"@type\":\"ImageObject\",\"inLanguage\":\"en-US\",\"@id\":\"https:\\\/\\\/revolutionpadelstore.com\\\/en\\\/bullpadel-vertex-04-comfort-2\\\/#primaryimage\",\"url\":\"https:\\\/\\\/revolutionpadelstore.com\\\/wp-content\\\/uploads\\\/2024\\\/03\\\/110866_pala_bullpadel_vertex_04_comfort_24_471607_1500x1500_vista1_2c59.webp\",\"contentUrl\":\"https:\\\/\\\/revolutionpadelstore.com\\\/wp-content\\\/uploads\\\/2024\\\/03\\\/110866_pala_bullpadel_vertex_04_comfort_24_471607_1500x1500_vista1_2c59.webp\",\"width\":1500,\"height\":1500},{\"@type\":\"BreadcrumbList\",\"@id\":\"https:\\\/\\\/revolutionpadelstore.com\\\/en\\\/bullpadel-vertex-04-comfort-2\\\/#breadcrumb\",\"itemListElement\":[{\"@type\":\"ListItem\",\"position\":1,\"name\":\"Portada\",\"item\":\"https:\\\/\\\/revolutionpadelstore.com\\\/en\\\/\"},{\"@type\":\"ListItem\",\"position\":2,\"name\":\"Shop\",\"item\":\"https:\\\/\\\/revolutionpadelstore.com\\\/en\\\/shop\\\/\"},{\"@type\":\"ListItem\",\"position\":3,\"name\":\"BULLPADEL VERTEX 04 COMFORT\"}]},{\"@type\":\"WebSite\",\"@id\":\"https:\\\/\\\/revolutionpadelstore.com\\\/en\\\/#website\",\"url\":\"https:\\\/\\\/revolutionpadelstore.com\\\/en\\\/\",\"name\":\"Revolution Padel Store\",\"description\":\"\",\"publisher\":{\"@id\":\"https:\\\/\\\/revolutionpadelstore.com\\\/en\\\/#organization\"},\"potentialAction\":[{\"@type\":\"SearchAction\",\"target\":{\"@type\":\"EntryPoint\",\"urlTemplate\":\"https:\\\/\\\/revolutionpadelstore.com\\\/en\\\/?s={search_term_string}\"},\"query-input\":{\"@type\":\"PropertyValueSpecification\",\"valueRequired\":true,\"valueName\":\"search_term_string\"}}],\"inLanguage\":\"en-US\"},{\"@type\":\"Organization\",\"@id\":\"https:\\\/\\\/revolutionpadelstore.com\\\/en\\\/#organization\",\"name\":\"Revolution Padel Store\",\"url\":\"https:\\\/\\\/revolutionpadelstore.com\\\/en\\\/\",\"logo\":{\"@type\":\"ImageObject\",\"inLanguage\":\"en-US\",\"@id\":\"https:\\\/\\\/revolutionpadelstore.com\\\/en\\\/#\\\/schema\\\/logo\\\/image\\\/\",\"url\":\"https:\\\/\\\/revolutionpadelstore.com\\\/wp-content\\\/uploads\\\/2026\\\/02\\\/revolution-padel-store.jpg\",\"contentUrl\":\"https:\\\/\\\/revolutionpadelstore.com\\\/wp-content\\\/uploads\\\/2026\\\/02\\\/revolution-padel-store.jpg\",\"width\":2000,\"height\":2000,\"caption\":\"Revolution Padel Store\"},\"image\":{\"@id\":\"https:\\\/\\\/revolutionpadelstore.com\\\/en\\\/#\\\/schema\\\/logo\\\/image\\\/\"},\"sameAs\":[\"https:\\\/\\\/www.instagram.com\\\/revolutionpadelstore\\\/\"]}]}<\/script>\n<!-- \/ Yoast SEO plugin. -->","yoast_head_json":{"title":"BULLPADEL VERTEX 04 COMFORT - Revolution Padel Store","description":"Pala de p\u00e1del Bullpadel Vertex 04 Comfort para jugadores de nivel avanzado o profesional que busquen la m\u00e1xima potencia y precisi\u00f3n en cada golpe. Con n\u00facleo Multieva, planos de Fibrix y marco CarbonTube.","robots":{"index":"index","follow":"follow","max-snippet":"max-snippet:-1","max-image-preview":"max-image-preview:large","max-video-preview":"max-video-preview:-1"},"canonical":"https:\/\/revolutionpadelstore.com\/en\/bullpadel-vertex-04-comfort-2\/","og_locale":"en_US","og_type":"article","og_title":"BULLPADEL VERTEX 04 COMFORT - Revolution Padel Store","og_description":"Pala de p\u00e1del Bullpadel Vertex 04 Comfort para jugadores de nivel avanzado o profesional que busquen la m\u00e1xima potencia y precisi\u00f3n en cada golpe. Con n\u00facleo Multieva, planos de Fibrix y marco CarbonTube.","og_url":"https:\/\/revolutionpadelstore.com\/en\/bullpadel-vertex-04-comfort-2\/","og_site_name":"Revolution Padel Store","article_modified_time":"2026-04-08T13:05:24+00:00","og_image":[{"width":1500,"height":1500,"url":"https:\/\/revolutionpadelstore.com\/wp-content\/uploads\/2024\/03\/110866_pala_bullpadel_vertex_04_comfort_24_471607_1500x1500_vista1_2c59.webp","type":"image\/webp"}],"twitter_card":"summary_large_image","twitter_misc":{"Est. reading time":"2 minutes"},"schema":{"@context":"https:\/\/schema.org","@graph":[{"@type":"WebPage","@id":"https:\/\/revolutionpadelstore.com\/en\/bullpadel-vertex-04-comfort-2\/","url":"https:\/\/revolutionpadelstore.com\/en\/bullpadel-vertex-04-comfort-2\/","name":"BULLPADEL VERTEX 04 COMFORT - Revolution Padel Store","isPartOf":{"@id":"https:\/\/revolutionpadelstore.com\/en\/#website"},"primaryImageOfPage":{"@id":"https:\/\/revolutionpadelstore.com\/en\/bullpadel-vertex-04-comfort-2\/#primaryimage"},"image":{"@id":"https:\/\/revolutionpadelstore.com\/en\/bullpadel-vertex-04-comfort-2\/#primaryimage"},"thumbnailUrl":"https:\/\/revolutionpadelstore.com\/wp-content\/uploads\/2024\/03\/110866_pala_bullpadel_vertex_04_comfort_24_471607_1500x1500_vista1_2c59.webp","datePublished":"2024-03-14T15:53:58+00:00","dateModified":"2026-04-08T13:05:24+00:00","description":"Pala de p\u00e1del Bullpadel Vertex 04 Comfort para jugadores de nivel avanzado o profesional que busquen la m\u00e1xima potencia y precisi\u00f3n en cada golpe. Con n\u00facleo Multieva, planos de Fibrix y marco CarbonTube.","breadcrumb":{"@id":"https:\/\/revolutionpadelstore.com\/en\/bullpadel-vertex-04-comfort-2\/#breadcrumb"},"inLanguage":"en-US","potentialAction":[{"@type":"ReadAction","target":["https:\/\/revolutionpadelstore.com\/en\/bullpadel-vertex-04-comfort-2\/"]}]},{"@type":"ImageObject","inLanguage":"en-US","@id":"https:\/\/revolutionpadelstore.com\/en\/bullpadel-vertex-04-comfort-2\/#primaryimage","url":"https:\/\/revolutionpadelstore.com\/wp-content\/uploads\/2024\/03\/110866_pala_bullpadel_vertex_04_comfort_24_471607_1500x1500_vista1_2c59.webp","contentUrl":"https:\/\/revolutionpadelstore.com\/wp-content\/uploads\/2024\/03\/110866_pala_bullpadel_vertex_04_comfort_24_471607_1500x1500_vista1_2c59.webp","width":1500,"height":1500},{"@type":"BreadcrumbList","@id":"https:\/\/revolutionpadelstore.com\/en\/bullpadel-vertex-04-comfort-2\/#breadcrumb","itemListElement":[{"@type":"ListItem","position":1,"name":"Portada","item":"https:\/\/revolutionpadelstore.com\/en\/"},{"@type":"ListItem","position":2,"name":"Shop","item":"https:\/\/revolutionpadelstore.com\/en\/shop\/"},{"@type":"ListItem","position":3,"name":"BULLPADEL VERTEX 04 COMFORT"}]},{"@type":"WebSite","@id":"https:\/\/revolutionpadelstore.com\/en\/#website","url":"https:\/\/revolutionpadelstore.com\/en\/","name":"Revolution Padel Store","description":"","publisher":{"@id":"https:\/\/revolutionpadelstore.com\/en\/#organization"},"potentialAction":[{"@type":"SearchAction","target":{"@type":"EntryPoint","urlTemplate":"https:\/\/revolutionpadelstore.com\/en\/?s={search_term_string}"},"query-input":{"@type":"PropertyValueSpecification","valueRequired":true,"valueName":"search_term_string"}}],"inLanguage":"en-US"},{"@type":"Organization","@id":"https:\/\/revolutionpadelstore.com\/en\/#organization","name":"Revolution Padel Store","url":"https:\/\/revolutionpadelstore.com\/en\/","logo":{"@type":"ImageObject","inLanguage":"en-US","@id":"https:\/\/revolutionpadelstore.com\/en\/#\/schema\/logo\/image\/","url":"https:\/\/revolutionpadelstore.com\/wp-content\/uploads\/2026\/02\/revolution-padel-store.jpg","contentUrl":"https:\/\/revolutionpadelstore.com\/wp-content\/uploads\/2026\/02\/revolution-padel-store.jpg","width":2000,"height":2000,"caption":"Revolution Padel Store"},"image":{"@id":"https:\/\/revolutionpadelstore.com\/en\/#\/schema\/logo\/image\/"},"sameAs":["https:\/\/www.instagram.com\/revolutionpadelstore\/"]}]}},"_links":{"self":[{"href":"https:\/\/revolutionpadelstore.com\/en\/wp-json\/wp\/v2\/product\/20451","targetHints":{"allow":["GET"]}}],"collection":[{"href":"https:\/\/revolutionpadelstore.com\/en\/wp-json\/wp\/v2\/product"}],"about":[{"href":"https:\/\/revolutionpadelstore.com\/en\/wp-json\/wp\/v2\/types\/product"}],"replies":[{"embeddable":true,"href":"https:\/\/revolutionpadelstore.com\/en\/wp-json\/wp\/v2\/comments?post=20451"}],"wp:featuredmedia":[{"embeddable":true,"href":"https:\/\/revolutionpadelstore.com\/en\/wp-json\/wp\/v2\/media\/2616"}],"wp:attachment":[{"href":"https:\/\/revolutionpadelstore.com\/en\/wp-json\/wp\/v2\/media?parent=20451"}],"wp:term":[{"taxonomy":"acabado","embeddable":true,"href":"https:\/\/revolutionpadelstore.com\/en\/wp-json\/wp\/v2\/acabado?post=20451"},{"taxonomy":"balance","embeddable":true,"href":"https:\/\/revolutionpadelstore.com\/en\/wp-json\/wp\/v2\/balance?post=20451"},{"taxonomy":"dureza","embeddable":true,"href":"https:\/\/revolutionpadelstore.com\/en\/wp-json\/wp\/v2\/dureza?post=20451"},{"taxonomy":"forma","embeddable":true,"href":"https:\/\/revolutionpadelstore.com\/en\/wp-json\/wp\/v2\/forma?post=20451"},{"taxonomy":"jugador","embeddable":true,"href":"https:\/\/revolutionpadelstore.com\/en\/wp-json\/wp\/v2\/jugador?post=20451"},{"taxonomy":"marca","embeddable":true,"href":"https:\/\/revolutionpadelstore.com\/en\/wp-json\/wp\/v2\/marca?post=20451"},{"taxonomy":"nivel-de-juego","embeddable":true,"href":"https:\/\/revolutionpadelstore.com\/en\/wp-json\/wp\/v2\/nivel-de-juego?post=20451"},{"taxonomy":"superficie","embeddable":true,"href":"https:\/\/revolutionpadelstore.com\/en\/wp-json\/wp\/v2\/superficie?post=20451"},{"taxonomy":"tipo-de-juego","embeddable":true,"href":"https:\/\/revolutionpadelstore.com\/en\/wp-json\/wp\/v2\/tipo-de-juego?post=20451"},{"taxonomy":"product_brand","embeddable":true,"href":"https:\/\/revolutionpadelstore.com\/en\/wp-json\/wp\/v2\/product_brand?post=20451"},{"taxonomy":"product_cat","embeddable":true,"href":"https:\/\/revolutionpadelstore.com\/en\/wp-json\/wp\/v2\/product_cat?post=20451"},{"taxonomy":"product_tag","embeddable":true,"href":"https:\/\/revolutionpadelstore.com\/en\/wp-json\/wp\/v2\/product_tag?post=20451"}],"curies":[{"name":"wp","href":"https:\/\/api.w.org\/{rel}","templated":true}]}}