{"id":20371,"date":"2024-03-15T13:04:16","date_gmt":"2024-03-15T12:04:16","guid":{"rendered":"https:\/\/revolutionpadelstore.com\/head-extreme-motion-2023\/"},"modified":"2026-04-08T15:01:53","modified_gmt":"2026-04-08T13:01:53","slug":"head-extreme-motion-2023-2","status":"publish","type":"product","link":"https:\/\/revolutionpadelstore.com\/en\/head-extreme-motion-2023-2\/","title":{"rendered":"HEAD EXTREME MOTION 2023"},"content":{"rendered":"<h2>Head Extreme Motion 2023, power racket by Paula Josemar\u00eda<\/h2>\n<p><strong>Head Extreme Motion 2023<\/strong> padel racket, meticulously designed to meet the demands of<strong>advanced and professional players, this exceptional racket combines cutting-edge technology with a vibrant and sporty design. Official padel racket of<strong>Paula Josemar\u00eda<\/strong>.<\/p>\n<h2>Diamond upper with Hybrid Woven<\/h2>\n<p>The distinctive feature of the Head Extreme Motion 2023 is its <strong>diamond<\/strong> format, which maximizes power in each shot. Thanks to its construction with the revolutionary <em>Hybrid Woven<\/em> technology, the blade planes are made with a combination of <strong>carbon fiber and glass<\/strong>, providing a unique combination of resistance and flexibility for unsurpassed precision in every shot.<\/p>\n<p>The <em><strong>Power Foam<\/strong><\/em> core ensures explosive power without compromising control. With a light weight of only 360 grams, the racket offers incomparable handling, allowing you to react with agility and speed in any game situation.<\/p>\n<p>Auxetic technology and optimized sweet spot come together to give you an exceptional gaming experience. Hitting with precision has never been easier. The planes of the racket have a rough <em>Extreme Spin<\/em> finish, which means you can put amazing spin on the ball.<\/p>\n<h3>Designed with technologies that prolong its durability<\/h3>\n<p>Thinking about durability, the racket frame incorporates an Anti Shock protector, preventing premature wear and maintaining its performance over time. The custom-cut tubular Tailored Frame and reinforced Smart Bridge ensure exceptional resistance with every hit.<\/p>\n<p>For a comfortable and secure grip, the<em>Soft Butt Cap<\/em>grip provides the perfect feel in your hands. In addition, the aesthetic design of the racket combines various shades of green in a cheerful and sporty style that reflects your passion for the game.<\/p>\n<h2>Head Extreme Motion 2023, pala de potencia de Paula Josemar\u00eda<\/h2>\n","protected":false},"excerpt":{"rendered":"<div class=\"product attribute overview\">\n<div class=\"value\">\n<p>Head Extreme Motion 2023, official padel racket from Paula Josemar\u00eda. A racket designed for advanced or professional padel players. Diamond upper with Hybrid Woven.<\/p>\n<\/div>\n<\/div>\n<div class=\"product-add-form\">\n<div class=\"field qty\"><\/div>\n<\/div>\n","protected":false},"featured_media":2827,"comment_status":"open","ping_status":"closed","template":"","meta":{"_acf_changed":false,"_joinchat":[]},"acabado":[1088],"balance":[1138],"dureza":[1158],"forma":[1173],"jugador":[1193,1203],"marca":[1223],"nivel-de-juego":[1338],"superficie":[1363],"tipo-de-juego":[1378],"product_brand":[],"product_cat":[303],"product_tag":[],"class_list":{"0":"post-20371","1":"product","2":"type-product","3":"status-publish","4":"has-post-thumbnail","6":"acabado-mate-en","7":"balance-alto-en","8":"dureza-media-en","9":"forma-diamante-en","10":"jugador-hombre-en","11":"jugador-multipurpose","12":"marca-head-en","13":"superficie-rugosa-en","14":"tipo-de-juego-potencia-en","15":"product_cat-palas","17":"first","18":"instock","19":"sale","20":"taxable","21":"shipping-taxable","22":"purchasable","23":"product-type-simple"},"acf":[],"yoast_head":"<!-- This site is optimized with the Yoast SEO plugin v27.4 - https:\/\/yoast.com\/product\/yoast-seo-wordpress\/ -->\n<title>HEAD EXTREME MOTION 2023 - Revolution Padel Store<\/title>\n<meta name=\"description\" content=\"Head Extreme Motion 2023, pala de p\u00e1del oficial de Paula Josemar\u00eda. Una pala dise\u00f1ada para jugadores avanzados o profesionales del p\u00e1del. Pala de diamante con Hybrid Woven.\" \/>\n<meta name=\"robots\" content=\"index, follow, max-snippet:-1, max-image-preview:large, max-video-preview:-1\" \/>\n<link rel=\"canonical\" href=\"https:\/\/revolutionpadelstore.com\/en\/head-extreme-motion-2023-2\/\" \/>\n<meta property=\"og:locale\" content=\"en_US\" \/>\n<meta property=\"og:type\" content=\"article\" \/>\n<meta property=\"og:title\" content=\"HEAD EXTREME MOTION 2023 - Revolution Padel Store\" \/>\n<meta property=\"og:description\" content=\"Head Extreme Motion 2023, pala de p\u00e1del oficial de Paula Josemar\u00eda. Una pala dise\u00f1ada para jugadores avanzados o profesionales del p\u00e1del. Pala de diamante con Hybrid Woven.\" \/>\n<meta property=\"og:url\" content=\"https:\/\/revolutionpadelstore.com\/en\/head-extreme-motion-2023-2\/\" \/>\n<meta property=\"og:site_name\" content=\"Revolution Padel Store\" \/>\n<meta property=\"article:modified_time\" content=\"2026-04-08T13:01:53+00:00\" \/>\n<meta property=\"og:image\" content=\"https:\/\/revolutionpadelstore.com\/wp-content\/uploads\/2024\/03\/110102_pala_head_extreme_motion_2023_223023_1500x1500_vista1_6a89.webp\" \/>\n\t<meta property=\"og:image:width\" content=\"1500\" \/>\n\t<meta property=\"og:image:height\" content=\"1500\" \/>\n\t<meta property=\"og:image:type\" content=\"image\/webp\" \/>\n<meta name=\"twitter:card\" content=\"summary_large_image\" \/>\n<meta name=\"twitter:label1\" content=\"Est. reading time\" \/>\n\t<meta name=\"twitter:data1\" content=\"2 minutes\" \/>\n<script type=\"application\/ld+json\" class=\"yoast-schema-graph\">{\"@context\":\"https:\\\/\\\/schema.org\",\"@graph\":[{\"@type\":\"WebPage\",\"@id\":\"https:\\\/\\\/revolutionpadelstore.com\\\/en\\\/head-extreme-motion-2023-2\\\/\",\"url\":\"https:\\\/\\\/revolutionpadelstore.com\\\/en\\\/head-extreme-motion-2023-2\\\/\",\"name\":\"HEAD EXTREME MOTION 2023 - Revolution Padel Store\",\"isPartOf\":{\"@id\":\"https:\\\/\\\/revolutionpadelstore.com\\\/en\\\/#website\"},\"primaryImageOfPage\":{\"@id\":\"https:\\\/\\\/revolutionpadelstore.com\\\/en\\\/head-extreme-motion-2023-2\\\/#primaryimage\"},\"image\":{\"@id\":\"https:\\\/\\\/revolutionpadelstore.com\\\/en\\\/head-extreme-motion-2023-2\\\/#primaryimage\"},\"thumbnailUrl\":\"https:\\\/\\\/revolutionpadelstore.com\\\/wp-content\\\/uploads\\\/2024\\\/03\\\/110102_pala_head_extreme_motion_2023_223023_1500x1500_vista1_6a89.webp\",\"datePublished\":\"2024-03-15T12:04:16+00:00\",\"dateModified\":\"2026-04-08T13:01:53+00:00\",\"description\":\"Head Extreme Motion 2023, pala de p\u00e1del oficial de Paula Josemar\u00eda. Una pala dise\u00f1ada para jugadores avanzados o profesionales del p\u00e1del. Pala de diamante con Hybrid Woven.\",\"breadcrumb\":{\"@id\":\"https:\\\/\\\/revolutionpadelstore.com\\\/en\\\/head-extreme-motion-2023-2\\\/#breadcrumb\"},\"inLanguage\":\"en-US\",\"potentialAction\":[{\"@type\":\"ReadAction\",\"target\":[\"https:\\\/\\\/revolutionpadelstore.com\\\/en\\\/head-extreme-motion-2023-2\\\/\"]}]},{\"@type\":\"ImageObject\",\"inLanguage\":\"en-US\",\"@id\":\"https:\\\/\\\/revolutionpadelstore.com\\\/en\\\/head-extreme-motion-2023-2\\\/#primaryimage\",\"url\":\"https:\\\/\\\/revolutionpadelstore.com\\\/wp-content\\\/uploads\\\/2024\\\/03\\\/110102_pala_head_extreme_motion_2023_223023_1500x1500_vista1_6a89.webp\",\"contentUrl\":\"https:\\\/\\\/revolutionpadelstore.com\\\/wp-content\\\/uploads\\\/2024\\\/03\\\/110102_pala_head_extreme_motion_2023_223023_1500x1500_vista1_6a89.webp\",\"width\":1500,\"height\":1500},{\"@type\":\"BreadcrumbList\",\"@id\":\"https:\\\/\\\/revolutionpadelstore.com\\\/en\\\/head-extreme-motion-2023-2\\\/#breadcrumb\",\"itemListElement\":[{\"@type\":\"ListItem\",\"position\":1,\"name\":\"Portada\",\"item\":\"https:\\\/\\\/revolutionpadelstore.com\\\/en\\\/\"},{\"@type\":\"ListItem\",\"position\":2,\"name\":\"Shop\",\"item\":\"https:\\\/\\\/revolutionpadelstore.com\\\/en\\\/shop\\\/\"},{\"@type\":\"ListItem\",\"position\":3,\"name\":\"HEAD EXTREME MOTION 2023\"}]},{\"@type\":\"WebSite\",\"@id\":\"https:\\\/\\\/revolutionpadelstore.com\\\/en\\\/#website\",\"url\":\"https:\\\/\\\/revolutionpadelstore.com\\\/en\\\/\",\"name\":\"Revolution Padel Store\",\"description\":\"\",\"publisher\":{\"@id\":\"https:\\\/\\\/revolutionpadelstore.com\\\/en\\\/#organization\"},\"potentialAction\":[{\"@type\":\"SearchAction\",\"target\":{\"@type\":\"EntryPoint\",\"urlTemplate\":\"https:\\\/\\\/revolutionpadelstore.com\\\/en\\\/?s={search_term_string}\"},\"query-input\":{\"@type\":\"PropertyValueSpecification\",\"valueRequired\":true,\"valueName\":\"search_term_string\"}}],\"inLanguage\":\"en-US\"},{\"@type\":\"Organization\",\"@id\":\"https:\\\/\\\/revolutionpadelstore.com\\\/en\\\/#organization\",\"name\":\"Revolution Padel Store\",\"url\":\"https:\\\/\\\/revolutionpadelstore.com\\\/en\\\/\",\"logo\":{\"@type\":\"ImageObject\",\"inLanguage\":\"en-US\",\"@id\":\"https:\\\/\\\/revolutionpadelstore.com\\\/en\\\/#\\\/schema\\\/logo\\\/image\\\/\",\"url\":\"https:\\\/\\\/revolutionpadelstore.com\\\/wp-content\\\/uploads\\\/2026\\\/02\\\/revolution-padel-store.jpg\",\"contentUrl\":\"https:\\\/\\\/revolutionpadelstore.com\\\/wp-content\\\/uploads\\\/2026\\\/02\\\/revolution-padel-store.jpg\",\"width\":2000,\"height\":2000,\"caption\":\"Revolution Padel Store\"},\"image\":{\"@id\":\"https:\\\/\\\/revolutionpadelstore.com\\\/en\\\/#\\\/schema\\\/logo\\\/image\\\/\"},\"sameAs\":[\"https:\\\/\\\/www.instagram.com\\\/revolutionpadelstore\\\/\"]}]}<\/script>\n<!-- \/ Yoast SEO plugin. -->","yoast_head_json":{"title":"HEAD EXTREME MOTION 2023 - Revolution Padel Store","description":"Head Extreme Motion 2023, pala de p\u00e1del oficial de Paula Josemar\u00eda. Una pala dise\u00f1ada para jugadores avanzados o profesionales del p\u00e1del. Pala de diamante con Hybrid Woven.","robots":{"index":"index","follow":"follow","max-snippet":"max-snippet:-1","max-image-preview":"max-image-preview:large","max-video-preview":"max-video-preview:-1"},"canonical":"https:\/\/revolutionpadelstore.com\/en\/head-extreme-motion-2023-2\/","og_locale":"en_US","og_type":"article","og_title":"HEAD EXTREME MOTION 2023 - Revolution Padel Store","og_description":"Head Extreme Motion 2023, pala de p\u00e1del oficial de Paula Josemar\u00eda. Una pala dise\u00f1ada para jugadores avanzados o profesionales del p\u00e1del. Pala de diamante con Hybrid Woven.","og_url":"https:\/\/revolutionpadelstore.com\/en\/head-extreme-motion-2023-2\/","og_site_name":"Revolution Padel Store","article_modified_time":"2026-04-08T13:01:53+00:00","og_image":[{"width":1500,"height":1500,"url":"https:\/\/revolutionpadelstore.com\/wp-content\/uploads\/2024\/03\/110102_pala_head_extreme_motion_2023_223023_1500x1500_vista1_6a89.webp","type":"image\/webp"}],"twitter_card":"summary_large_image","twitter_misc":{"Est. reading time":"2 minutes"},"schema":{"@context":"https:\/\/schema.org","@graph":[{"@type":"WebPage","@id":"https:\/\/revolutionpadelstore.com\/en\/head-extreme-motion-2023-2\/","url":"https:\/\/revolutionpadelstore.com\/en\/head-extreme-motion-2023-2\/","name":"HEAD EXTREME MOTION 2023 - Revolution Padel Store","isPartOf":{"@id":"https:\/\/revolutionpadelstore.com\/en\/#website"},"primaryImageOfPage":{"@id":"https:\/\/revolutionpadelstore.com\/en\/head-extreme-motion-2023-2\/#primaryimage"},"image":{"@id":"https:\/\/revolutionpadelstore.com\/en\/head-extreme-motion-2023-2\/#primaryimage"},"thumbnailUrl":"https:\/\/revolutionpadelstore.com\/wp-content\/uploads\/2024\/03\/110102_pala_head_extreme_motion_2023_223023_1500x1500_vista1_6a89.webp","datePublished":"2024-03-15T12:04:16+00:00","dateModified":"2026-04-08T13:01:53+00:00","description":"Head Extreme Motion 2023, pala de p\u00e1del oficial de Paula Josemar\u00eda. Una pala dise\u00f1ada para jugadores avanzados o profesionales del p\u00e1del. Pala de diamante con Hybrid Woven.","breadcrumb":{"@id":"https:\/\/revolutionpadelstore.com\/en\/head-extreme-motion-2023-2\/#breadcrumb"},"inLanguage":"en-US","potentialAction":[{"@type":"ReadAction","target":["https:\/\/revolutionpadelstore.com\/en\/head-extreme-motion-2023-2\/"]}]},{"@type":"ImageObject","inLanguage":"en-US","@id":"https:\/\/revolutionpadelstore.com\/en\/head-extreme-motion-2023-2\/#primaryimage","url":"https:\/\/revolutionpadelstore.com\/wp-content\/uploads\/2024\/03\/110102_pala_head_extreme_motion_2023_223023_1500x1500_vista1_6a89.webp","contentUrl":"https:\/\/revolutionpadelstore.com\/wp-content\/uploads\/2024\/03\/110102_pala_head_extreme_motion_2023_223023_1500x1500_vista1_6a89.webp","width":1500,"height":1500},{"@type":"BreadcrumbList","@id":"https:\/\/revolutionpadelstore.com\/en\/head-extreme-motion-2023-2\/#breadcrumb","itemListElement":[{"@type":"ListItem","position":1,"name":"Portada","item":"https:\/\/revolutionpadelstore.com\/en\/"},{"@type":"ListItem","position":2,"name":"Shop","item":"https:\/\/revolutionpadelstore.com\/en\/shop\/"},{"@type":"ListItem","position":3,"name":"HEAD EXTREME MOTION 2023"}]},{"@type":"WebSite","@id":"https:\/\/revolutionpadelstore.com\/en\/#website","url":"https:\/\/revolutionpadelstore.com\/en\/","name":"Revolution Padel Store","description":"","publisher":{"@id":"https:\/\/revolutionpadelstore.com\/en\/#organization"},"potentialAction":[{"@type":"SearchAction","target":{"@type":"EntryPoint","urlTemplate":"https:\/\/revolutionpadelstore.com\/en\/?s={search_term_string}"},"query-input":{"@type":"PropertyValueSpecification","valueRequired":true,"valueName":"search_term_string"}}],"inLanguage":"en-US"},{"@type":"Organization","@id":"https:\/\/revolutionpadelstore.com\/en\/#organization","name":"Revolution Padel Store","url":"https:\/\/revolutionpadelstore.com\/en\/","logo":{"@type":"ImageObject","inLanguage":"en-US","@id":"https:\/\/revolutionpadelstore.com\/en\/#\/schema\/logo\/image\/","url":"https:\/\/revolutionpadelstore.com\/wp-content\/uploads\/2026\/02\/revolution-padel-store.jpg","contentUrl":"https:\/\/revolutionpadelstore.com\/wp-content\/uploads\/2026\/02\/revolution-padel-store.jpg","width":2000,"height":2000,"caption":"Revolution Padel Store"},"image":{"@id":"https:\/\/revolutionpadelstore.com\/en\/#\/schema\/logo\/image\/"},"sameAs":["https:\/\/www.instagram.com\/revolutionpadelstore\/"]}]}},"_links":{"self":[{"href":"https:\/\/revolutionpadelstore.com\/en\/wp-json\/wp\/v2\/product\/20371","targetHints":{"allow":["GET"]}}],"collection":[{"href":"https:\/\/revolutionpadelstore.com\/en\/wp-json\/wp\/v2\/product"}],"about":[{"href":"https:\/\/revolutionpadelstore.com\/en\/wp-json\/wp\/v2\/types\/product"}],"replies":[{"embeddable":true,"href":"https:\/\/revolutionpadelstore.com\/en\/wp-json\/wp\/v2\/comments?post=20371"}],"wp:featuredmedia":[{"embeddable":true,"href":"https:\/\/revolutionpadelstore.com\/en\/wp-json\/wp\/v2\/media\/2827"}],"wp:attachment":[{"href":"https:\/\/revolutionpadelstore.com\/en\/wp-json\/wp\/v2\/media?parent=20371"}],"wp:term":[{"taxonomy":"acabado","embeddable":true,"href":"https:\/\/revolutionpadelstore.com\/en\/wp-json\/wp\/v2\/acabado?post=20371"},{"taxonomy":"balance","embeddable":true,"href":"https:\/\/revolutionpadelstore.com\/en\/wp-json\/wp\/v2\/balance?post=20371"},{"taxonomy":"dureza","embeddable":true,"href":"https:\/\/revolutionpadelstore.com\/en\/wp-json\/wp\/v2\/dureza?post=20371"},{"taxonomy":"forma","embeddable":true,"href":"https:\/\/revolutionpadelstore.com\/en\/wp-json\/wp\/v2\/forma?post=20371"},{"taxonomy":"jugador","embeddable":true,"href":"https:\/\/revolutionpadelstore.com\/en\/wp-json\/wp\/v2\/jugador?post=20371"},{"taxonomy":"marca","embeddable":true,"href":"https:\/\/revolutionpadelstore.com\/en\/wp-json\/wp\/v2\/marca?post=20371"},{"taxonomy":"nivel-de-juego","embeddable":true,"href":"https:\/\/revolutionpadelstore.com\/en\/wp-json\/wp\/v2\/nivel-de-juego?post=20371"},{"taxonomy":"superficie","embeddable":true,"href":"https:\/\/revolutionpadelstore.com\/en\/wp-json\/wp\/v2\/superficie?post=20371"},{"taxonomy":"tipo-de-juego","embeddable":true,"href":"https:\/\/revolutionpadelstore.com\/en\/wp-json\/wp\/v2\/tipo-de-juego?post=20371"},{"taxonomy":"product_brand","embeddable":true,"href":"https:\/\/revolutionpadelstore.com\/en\/wp-json\/wp\/v2\/product_brand?post=20371"},{"taxonomy":"product_cat","embeddable":true,"href":"https:\/\/revolutionpadelstore.com\/en\/wp-json\/wp\/v2\/product_cat?post=20371"},{"taxonomy":"product_tag","embeddable":true,"href":"https:\/\/revolutionpadelstore.com\/en\/wp-json\/wp\/v2\/product_tag?post=20371"}],"curies":[{"name":"wp","href":"https:\/\/api.w.org\/{rel}","templated":true}]}}