{"id":20361,"date":"2024-03-15T13:12:01","date_gmt":"2024-03-15T12:12:01","guid":{"rendered":"https:\/\/revolutionpadelstore.com\/head-speed-pro-x-2023\/"},"modified":"2026-04-08T15:00:40","modified_gmt":"2026-04-08T13:00:40","slug":"head-speed-pro-x-2023-2","status":"publish","type":"product","link":"https:\/\/revolutionpadelstore.com\/en\/head-speed-pro-x-2023-2\/","title":{"rendered":"HEAD SPEED PRO X 2023"},"content":{"rendered":"<h2>Advanced players play this season with the Head Speed \u200b\u200bPRO X 2023<\/h2>\n<p>A superior design racket in black with matte and gloss finishes. The new <strong>Head Speed \u200b\u200bPRO X 2023<\/strong> is now available. A teardrop-shaped padel racket for advanced level padel players and even tournament players. Its shape makes you play with total control over the racket and give precise hits.<\/p>\n<h2>Paddle racket with technology adapts to your needs on the court<\/h2>\n<p>The feel of this padel racket is more comfortable thanks to its own Auxectic technology. The surfaces widen against the contact force in collisions with the ball and contract when removed. Being more flexible and moldable when receiving the ball. Made with graphene to strengthen the frame, have more stability and facilitate the transmission of energy to the ball. An easier game so you can focus on your attacking technique against your rival.<\/p>\n<p>At its core there is <em>Power Foam<\/em>, a polystyrene foam that absorbs vibrations and has a better feel for throwing the ball. It makes hitting easier thanks to its cushioning and easy control of the blow. With a bridge designed to reduce vibrations.<\/p>\n<h3>The result will be victory thanks to the best materials<\/h3>\n<p>Surely win the next game with this teardrop-shaped racket with balanced balance and sweet spot in the center. The sweet spot is optimized so you have the perfect power and control to score the best points. Its surfaces are made of 12K carbon with medium flexibility and rigidity that allows you to play with high performance. And the frame is covered with a sheet of polymer material which is characterized by long durability and resistance to scratches and impacts.<\/p>\n<h2>Los jugadores avanzados juegan esta temporada con la Head Speed PRO X 2023<\/h2>\n","protected":false},"excerpt":{"rendered":"<p>The padel racket for the most advanced players of the new season. Head Speed \u200b\u200bPRO X 2023. A versatile racket for a versatile game. With innovative technology unique to the brand such as its Smart Bridge.<\/p>\n","protected":false},"featured_media":2840,"comment_status":"open","ping_status":"closed","template":"","meta":{"_acf_changed":false,"_joinchat":[]},"acabado":[1088],"balance":[1138],"dureza":[1158],"forma":[1188],"jugador":[1193,1203],"marca":[1223],"nivel-de-juego":[1338],"superficie":[1358],"tipo-de-juego":[1378],"product_brand":[],"product_cat":[303],"product_tag":[],"class_list":{"0":"post-20361","1":"product","2":"type-product","3":"status-publish","4":"has-post-thumbnail","6":"acabado-mate-en","7":"balance-alto-en","8":"dureza-media-en","9":"forma-lagrima-en","10":"jugador-hombre-en","11":"jugador-multipurpose","12":"marca-head-en","13":"superficie-lisa-en","14":"tipo-de-juego-potencia-en","15":"product_cat-palas","17":"first","18":"onbackorder","19":"sale","20":"taxable","21":"shipping-taxable","22":"purchasable","23":"product-type-simple"},"acf":[],"yoast_head":"<!-- This site is optimized with the Yoast SEO plugin v27.4 - https:\/\/yoast.com\/product\/yoast-seo-wordpress\/ -->\n<title>HEAD SPEED PRO X 2023 - Revolution Padel Store<\/title>\n<meta name=\"description\" content=\"La pala de p\u00e1del de los jugadores m\u00e1s avanzados de la nueva temporada. Head Speed PRO X 2023. Una pala vers\u00e1til para un juego polivalente. Con tecnolog\u00eda innovadora \u00fanica de la marca como su Smart Bridge.\" \/>\n<meta name=\"robots\" content=\"index, follow, max-snippet:-1, max-image-preview:large, max-video-preview:-1\" \/>\n<link rel=\"canonical\" href=\"https:\/\/revolutionpadelstore.com\/en\/head-speed-pro-x-2023-2\/\" \/>\n<meta property=\"og:locale\" content=\"en_US\" \/>\n<meta property=\"og:type\" content=\"article\" \/>\n<meta property=\"og:title\" content=\"HEAD SPEED PRO X 2023 - Revolution Padel Store\" \/>\n<meta property=\"og:description\" content=\"La pala de p\u00e1del de los jugadores m\u00e1s avanzados de la nueva temporada. Head Speed PRO X 2023. Una pala vers\u00e1til para un juego polivalente. Con tecnolog\u00eda innovadora \u00fanica de la marca como su Smart Bridge.\" \/>\n<meta property=\"og:url\" content=\"https:\/\/revolutionpadelstore.com\/en\/head-speed-pro-x-2023-2\/\" \/>\n<meta property=\"og:site_name\" content=\"Revolution Padel Store\" \/>\n<meta property=\"article:modified_time\" content=\"2026-04-08T13:00:40+00:00\" \/>\n<meta property=\"og:image\" content=\"https:\/\/revolutionpadelstore.com\/wp-content\/uploads\/2024\/03\/32512_head_speed_pro_x_202_221043_1500x1500_vista1_5836.webp\" \/>\n\t<meta property=\"og:image:width\" content=\"1500\" \/>\n\t<meta property=\"og:image:height\" content=\"1500\" \/>\n\t<meta property=\"og:image:type\" content=\"image\/webp\" \/>\n<meta name=\"twitter:card\" content=\"summary_large_image\" \/>\n<meta name=\"twitter:label1\" content=\"Est. reading time\" \/>\n\t<meta name=\"twitter:data1\" content=\"2 minutes\" \/>\n<script type=\"application\/ld+json\" class=\"yoast-schema-graph\">{\"@context\":\"https:\\\/\\\/schema.org\",\"@graph\":[{\"@type\":\"WebPage\",\"@id\":\"https:\\\/\\\/revolutionpadelstore.com\\\/en\\\/head-speed-pro-x-2023-2\\\/\",\"url\":\"https:\\\/\\\/revolutionpadelstore.com\\\/en\\\/head-speed-pro-x-2023-2\\\/\",\"name\":\"HEAD SPEED PRO X 2023 - Revolution Padel Store\",\"isPartOf\":{\"@id\":\"https:\\\/\\\/revolutionpadelstore.com\\\/en\\\/#website\"},\"primaryImageOfPage\":{\"@id\":\"https:\\\/\\\/revolutionpadelstore.com\\\/en\\\/head-speed-pro-x-2023-2\\\/#primaryimage\"},\"image\":{\"@id\":\"https:\\\/\\\/revolutionpadelstore.com\\\/en\\\/head-speed-pro-x-2023-2\\\/#primaryimage\"},\"thumbnailUrl\":\"https:\\\/\\\/revolutionpadelstore.com\\\/wp-content\\\/uploads\\\/2024\\\/03\\\/32512_head_speed_pro_x_202_221043_1500x1500_vista1_5836.webp\",\"datePublished\":\"2024-03-15T12:12:01+00:00\",\"dateModified\":\"2026-04-08T13:00:40+00:00\",\"description\":\"La pala de p\u00e1del de los jugadores m\u00e1s avanzados de la nueva temporada. Head Speed PRO X 2023. Una pala vers\u00e1til para un juego polivalente. Con tecnolog\u00eda innovadora \u00fanica de la marca como su Smart Bridge.\",\"breadcrumb\":{\"@id\":\"https:\\\/\\\/revolutionpadelstore.com\\\/en\\\/head-speed-pro-x-2023-2\\\/#breadcrumb\"},\"inLanguage\":\"en-US\",\"potentialAction\":[{\"@type\":\"ReadAction\",\"target\":[\"https:\\\/\\\/revolutionpadelstore.com\\\/en\\\/head-speed-pro-x-2023-2\\\/\"]}]},{\"@type\":\"ImageObject\",\"inLanguage\":\"en-US\",\"@id\":\"https:\\\/\\\/revolutionpadelstore.com\\\/en\\\/head-speed-pro-x-2023-2\\\/#primaryimage\",\"url\":\"https:\\\/\\\/revolutionpadelstore.com\\\/wp-content\\\/uploads\\\/2024\\\/03\\\/32512_head_speed_pro_x_202_221043_1500x1500_vista1_5836.webp\",\"contentUrl\":\"https:\\\/\\\/revolutionpadelstore.com\\\/wp-content\\\/uploads\\\/2024\\\/03\\\/32512_head_speed_pro_x_202_221043_1500x1500_vista1_5836.webp\",\"width\":1500,\"height\":1500,\"caption\":\"HEAD SPEED PRO X 2023\"},{\"@type\":\"BreadcrumbList\",\"@id\":\"https:\\\/\\\/revolutionpadelstore.com\\\/en\\\/head-speed-pro-x-2023-2\\\/#breadcrumb\",\"itemListElement\":[{\"@type\":\"ListItem\",\"position\":1,\"name\":\"Portada\",\"item\":\"https:\\\/\\\/revolutionpadelstore.com\\\/en\\\/\"},{\"@type\":\"ListItem\",\"position\":2,\"name\":\"Shop\",\"item\":\"https:\\\/\\\/revolutionpadelstore.com\\\/en\\\/shop\\\/\"},{\"@type\":\"ListItem\",\"position\":3,\"name\":\"HEAD SPEED PRO X 2023\"}]},{\"@type\":\"WebSite\",\"@id\":\"https:\\\/\\\/revolutionpadelstore.com\\\/en\\\/#website\",\"url\":\"https:\\\/\\\/revolutionpadelstore.com\\\/en\\\/\",\"name\":\"Revolution Padel Store\",\"description\":\"\",\"publisher\":{\"@id\":\"https:\\\/\\\/revolutionpadelstore.com\\\/en\\\/#organization\"},\"potentialAction\":[{\"@type\":\"SearchAction\",\"target\":{\"@type\":\"EntryPoint\",\"urlTemplate\":\"https:\\\/\\\/revolutionpadelstore.com\\\/en\\\/?s={search_term_string}\"},\"query-input\":{\"@type\":\"PropertyValueSpecification\",\"valueRequired\":true,\"valueName\":\"search_term_string\"}}],\"inLanguage\":\"en-US\"},{\"@type\":\"Organization\",\"@id\":\"https:\\\/\\\/revolutionpadelstore.com\\\/en\\\/#organization\",\"name\":\"Revolution Padel Store\",\"url\":\"https:\\\/\\\/revolutionpadelstore.com\\\/en\\\/\",\"logo\":{\"@type\":\"ImageObject\",\"inLanguage\":\"en-US\",\"@id\":\"https:\\\/\\\/revolutionpadelstore.com\\\/en\\\/#\\\/schema\\\/logo\\\/image\\\/\",\"url\":\"https:\\\/\\\/revolutionpadelstore.com\\\/wp-content\\\/uploads\\\/2026\\\/02\\\/revolution-padel-store.jpg\",\"contentUrl\":\"https:\\\/\\\/revolutionpadelstore.com\\\/wp-content\\\/uploads\\\/2026\\\/02\\\/revolution-padel-store.jpg\",\"width\":2000,\"height\":2000,\"caption\":\"Revolution Padel Store\"},\"image\":{\"@id\":\"https:\\\/\\\/revolutionpadelstore.com\\\/en\\\/#\\\/schema\\\/logo\\\/image\\\/\"},\"sameAs\":[\"https:\\\/\\\/www.instagram.com\\\/revolutionpadelstore\\\/\"]}]}<\/script>\n<!-- \/ Yoast SEO plugin. -->","yoast_head_json":{"title":"HEAD SPEED PRO X 2023 - Revolution Padel Store","description":"La pala de p\u00e1del de los jugadores m\u00e1s avanzados de la nueva temporada. Head Speed PRO X 2023. Una pala vers\u00e1til para un juego polivalente. Con tecnolog\u00eda innovadora \u00fanica de la marca como su Smart Bridge.","robots":{"index":"index","follow":"follow","max-snippet":"max-snippet:-1","max-image-preview":"max-image-preview:large","max-video-preview":"max-video-preview:-1"},"canonical":"https:\/\/revolutionpadelstore.com\/en\/head-speed-pro-x-2023-2\/","og_locale":"en_US","og_type":"article","og_title":"HEAD SPEED PRO X 2023 - Revolution Padel Store","og_description":"La pala de p\u00e1del de los jugadores m\u00e1s avanzados de la nueva temporada. Head Speed PRO X 2023. Una pala vers\u00e1til para un juego polivalente. Con tecnolog\u00eda innovadora \u00fanica de la marca como su Smart Bridge.","og_url":"https:\/\/revolutionpadelstore.com\/en\/head-speed-pro-x-2023-2\/","og_site_name":"Revolution Padel Store","article_modified_time":"2026-04-08T13:00:40+00:00","og_image":[{"width":1500,"height":1500,"url":"https:\/\/revolutionpadelstore.com\/wp-content\/uploads\/2024\/03\/32512_head_speed_pro_x_202_221043_1500x1500_vista1_5836.webp","type":"image\/webp"}],"twitter_card":"summary_large_image","twitter_misc":{"Est. reading time":"2 minutes"},"schema":{"@context":"https:\/\/schema.org","@graph":[{"@type":"WebPage","@id":"https:\/\/revolutionpadelstore.com\/en\/head-speed-pro-x-2023-2\/","url":"https:\/\/revolutionpadelstore.com\/en\/head-speed-pro-x-2023-2\/","name":"HEAD SPEED PRO X 2023 - Revolution Padel Store","isPartOf":{"@id":"https:\/\/revolutionpadelstore.com\/en\/#website"},"primaryImageOfPage":{"@id":"https:\/\/revolutionpadelstore.com\/en\/head-speed-pro-x-2023-2\/#primaryimage"},"image":{"@id":"https:\/\/revolutionpadelstore.com\/en\/head-speed-pro-x-2023-2\/#primaryimage"},"thumbnailUrl":"https:\/\/revolutionpadelstore.com\/wp-content\/uploads\/2024\/03\/32512_head_speed_pro_x_202_221043_1500x1500_vista1_5836.webp","datePublished":"2024-03-15T12:12:01+00:00","dateModified":"2026-04-08T13:00:40+00:00","description":"La pala de p\u00e1del de los jugadores m\u00e1s avanzados de la nueva temporada. Head Speed PRO X 2023. Una pala vers\u00e1til para un juego polivalente. Con tecnolog\u00eda innovadora \u00fanica de la marca como su Smart Bridge.","breadcrumb":{"@id":"https:\/\/revolutionpadelstore.com\/en\/head-speed-pro-x-2023-2\/#breadcrumb"},"inLanguage":"en-US","potentialAction":[{"@type":"ReadAction","target":["https:\/\/revolutionpadelstore.com\/en\/head-speed-pro-x-2023-2\/"]}]},{"@type":"ImageObject","inLanguage":"en-US","@id":"https:\/\/revolutionpadelstore.com\/en\/head-speed-pro-x-2023-2\/#primaryimage","url":"https:\/\/revolutionpadelstore.com\/wp-content\/uploads\/2024\/03\/32512_head_speed_pro_x_202_221043_1500x1500_vista1_5836.webp","contentUrl":"https:\/\/revolutionpadelstore.com\/wp-content\/uploads\/2024\/03\/32512_head_speed_pro_x_202_221043_1500x1500_vista1_5836.webp","width":1500,"height":1500,"caption":"HEAD SPEED PRO X 2023"},{"@type":"BreadcrumbList","@id":"https:\/\/revolutionpadelstore.com\/en\/head-speed-pro-x-2023-2\/#breadcrumb","itemListElement":[{"@type":"ListItem","position":1,"name":"Portada","item":"https:\/\/revolutionpadelstore.com\/en\/"},{"@type":"ListItem","position":2,"name":"Shop","item":"https:\/\/revolutionpadelstore.com\/en\/shop\/"},{"@type":"ListItem","position":3,"name":"HEAD SPEED PRO X 2023"}]},{"@type":"WebSite","@id":"https:\/\/revolutionpadelstore.com\/en\/#website","url":"https:\/\/revolutionpadelstore.com\/en\/","name":"Revolution Padel Store","description":"","publisher":{"@id":"https:\/\/revolutionpadelstore.com\/en\/#organization"},"potentialAction":[{"@type":"SearchAction","target":{"@type":"EntryPoint","urlTemplate":"https:\/\/revolutionpadelstore.com\/en\/?s={search_term_string}"},"query-input":{"@type":"PropertyValueSpecification","valueRequired":true,"valueName":"search_term_string"}}],"inLanguage":"en-US"},{"@type":"Organization","@id":"https:\/\/revolutionpadelstore.com\/en\/#organization","name":"Revolution Padel Store","url":"https:\/\/revolutionpadelstore.com\/en\/","logo":{"@type":"ImageObject","inLanguage":"en-US","@id":"https:\/\/revolutionpadelstore.com\/en\/#\/schema\/logo\/image\/","url":"https:\/\/revolutionpadelstore.com\/wp-content\/uploads\/2026\/02\/revolution-padel-store.jpg","contentUrl":"https:\/\/revolutionpadelstore.com\/wp-content\/uploads\/2026\/02\/revolution-padel-store.jpg","width":2000,"height":2000,"caption":"Revolution Padel Store"},"image":{"@id":"https:\/\/revolutionpadelstore.com\/en\/#\/schema\/logo\/image\/"},"sameAs":["https:\/\/www.instagram.com\/revolutionpadelstore\/"]}]}},"_links":{"self":[{"href":"https:\/\/revolutionpadelstore.com\/en\/wp-json\/wp\/v2\/product\/20361","targetHints":{"allow":["GET"]}}],"collection":[{"href":"https:\/\/revolutionpadelstore.com\/en\/wp-json\/wp\/v2\/product"}],"about":[{"href":"https:\/\/revolutionpadelstore.com\/en\/wp-json\/wp\/v2\/types\/product"}],"replies":[{"embeddable":true,"href":"https:\/\/revolutionpadelstore.com\/en\/wp-json\/wp\/v2\/comments?post=20361"}],"wp:featuredmedia":[{"embeddable":true,"href":"https:\/\/revolutionpadelstore.com\/en\/wp-json\/wp\/v2\/media\/2840"}],"wp:attachment":[{"href":"https:\/\/revolutionpadelstore.com\/en\/wp-json\/wp\/v2\/media?parent=20361"}],"wp:term":[{"taxonomy":"acabado","embeddable":true,"href":"https:\/\/revolutionpadelstore.com\/en\/wp-json\/wp\/v2\/acabado?post=20361"},{"taxonomy":"balance","embeddable":true,"href":"https:\/\/revolutionpadelstore.com\/en\/wp-json\/wp\/v2\/balance?post=20361"},{"taxonomy":"dureza","embeddable":true,"href":"https:\/\/revolutionpadelstore.com\/en\/wp-json\/wp\/v2\/dureza?post=20361"},{"taxonomy":"forma","embeddable":true,"href":"https:\/\/revolutionpadelstore.com\/en\/wp-json\/wp\/v2\/forma?post=20361"},{"taxonomy":"jugador","embeddable":true,"href":"https:\/\/revolutionpadelstore.com\/en\/wp-json\/wp\/v2\/jugador?post=20361"},{"taxonomy":"marca","embeddable":true,"href":"https:\/\/revolutionpadelstore.com\/en\/wp-json\/wp\/v2\/marca?post=20361"},{"taxonomy":"nivel-de-juego","embeddable":true,"href":"https:\/\/revolutionpadelstore.com\/en\/wp-json\/wp\/v2\/nivel-de-juego?post=20361"},{"taxonomy":"superficie","embeddable":true,"href":"https:\/\/revolutionpadelstore.com\/en\/wp-json\/wp\/v2\/superficie?post=20361"},{"taxonomy":"tipo-de-juego","embeddable":true,"href":"https:\/\/revolutionpadelstore.com\/en\/wp-json\/wp\/v2\/tipo-de-juego?post=20361"},{"taxonomy":"product_brand","embeddable":true,"href":"https:\/\/revolutionpadelstore.com\/en\/wp-json\/wp\/v2\/product_brand?post=20361"},{"taxonomy":"product_cat","embeddable":true,"href":"https:\/\/revolutionpadelstore.com\/en\/wp-json\/wp\/v2\/product_cat?post=20361"},{"taxonomy":"product_tag","embeddable":true,"href":"https:\/\/revolutionpadelstore.com\/en\/wp-json\/wp\/v2\/product_tag?post=20361"}],"curies":[{"name":"wp","href":"https:\/\/api.w.org\/{rel}","templated":true}]}}