{"id":20356,"date":"2024-03-15T13:25:22","date_gmt":"2024-03-15T12:25:22","guid":{"rendered":"https:\/\/revolutionpadelstore.com\/head-extreme-elite-2023\/"},"modified":"2026-04-08T15:00:00","modified_gmt":"2026-04-08T13:00:00","slug":"head-extreme-elite-2023-2","status":"publish","type":"product","link":"https:\/\/revolutionpadelstore.com\/en\/head-extreme-elite-2023-2\/","title":{"rendered":"HEAD EXTREME ELITE 2023"},"content":{"rendered":"<h2>Head Extreme Elite 2023, perfect racket for intermediate levels<\/h2>\n<p><strong>Head Extreme Elite 2023<\/strong>, a padel racket designed to elevate your performance on the court. If you are an intermediate level player looking to dominate every point of the game with power, this diamond-shaped racket is the perfect choice. Average weight of 365 grams for an easy-to-handle racket.<\/p>\n<h2>Medium and flexible touch padel racket<\/h2>\n<p>One of the outstanding features of the Head Extreme Elite 2023 is its construction of fiberglass faces (<em><strong>Fiberglass<\/strong><\/em>). This material not only provides durability and strength, but also offers an optimal level of power and control with each shot. The<em><strong>Power Foam<\/strong><\/em>rubber core adds a controlled power feel to your shots, allowing you to attack the ball with efficiency and precision.<\/p>\n<p>Head&#8217;s <strong>Auxetic<\/em><\/strong>technology present in this racket allows for a truly changing game. This unique innovation optimizes the response of the racket, adapting to your playing style and providing unmatched performance in all matches. The smooth faces and optimized sweet spot amplify the feeling of connection with the ball, allowing you to experience precise control with every shot.<\/p>\n<h3>Leading technology for a quality padel racket<\/h3>\n<p>The <em><strong>Smart Bridge<\/strong><\/em> bridge is not only aesthetic, but also improves the aerodynamics of the blade for greater speed in your movements. The frame is protected by the Anti Shock protector, ensuring exceptional durability even in the most intense matches. The Tubular Tailored Frame adds solidity to the whole, providing a feeling of solidity and stability with each hit.<\/p>\n<p>The padded Soft Butt Cap provides comfort during your longest sessions on the court, allowing you to focus on the game instead of uncomfortable distractions. The design in light green and dark green colors is original and elite sports style<\/p>\n<h2>Head Extreme Elite 2023, pala perfecta para niveles intermedios<\/h2>\n","protected":false},"excerpt":{"rendered":"<div class=\"product attribute overview\">\n<div class=\"value\">\n<p>Head Extreme Elite 2023, fiberglass racket with Auxetic technology. Diamond-shaped design for intermediate level padel players.<\/p>\n<\/div>\n<\/div>\n<div class=\"product-add-form\">\n<div class=\"field qty\"><\/div>\n<\/div>\n","protected":false},"featured_media":2851,"comment_status":"open","ping_status":"closed","template":"","meta":{"_acf_changed":false,"_joinchat":[]},"acabado":[1083],"balance":[1138],"dureza":[1158],"forma":[1173],"jugador":[1193,1203],"marca":[1223],"nivel-de-juego":[1353],"superficie":[1358],"tipo-de-juego":[1378],"product_brand":[],"product_cat":[303],"product_tag":[],"class_list":{"0":"post-20356","1":"product","2":"type-product","3":"status-publish","4":"has-post-thumbnail","6":"acabado-brightness","7":"balance-alto-en","8":"dureza-media-en","9":"forma-diamante-en","10":"jugador-hombre-en","11":"jugador-multipurpose","12":"marca-head-en","13":"superficie-lisa-en","14":"tipo-de-juego-potencia-en","15":"product_cat-palas","17":"first","18":"instock","19":"sale","20":"taxable","21":"shipping-taxable","22":"purchasable","23":"product-type-simple"},"acf":[],"yoast_head":"<!-- This site is optimized with the Yoast SEO plugin v27.4 - https:\/\/yoast.com\/product\/yoast-seo-wordpress\/ -->\n<title>HEAD EXTREME ELITE 2023 - Revolution Padel Store<\/title>\n<meta name=\"description\" content=\"Head Extreme Elite 2023, pala de fibra de vidrio con tecnolog\u00eda Auxetic. Dise\u00f1o en forma de diamante para jugadores de p\u00e1del de nivel intermedio.\" \/>\n<meta name=\"robots\" content=\"index, follow, max-snippet:-1, max-image-preview:large, max-video-preview:-1\" \/>\n<link rel=\"canonical\" href=\"https:\/\/revolutionpadelstore.com\/en\/head-extreme-elite-2023-2\/\" \/>\n<meta property=\"og:locale\" content=\"en_US\" \/>\n<meta property=\"og:type\" content=\"article\" \/>\n<meta property=\"og:title\" content=\"HEAD EXTREME ELITE 2023 - Revolution Padel Store\" \/>\n<meta property=\"og:description\" content=\"Head Extreme Elite 2023, pala de fibra de vidrio con tecnolog\u00eda Auxetic. Dise\u00f1o en forma de diamante para jugadores de p\u00e1del de nivel intermedio.\" \/>\n<meta property=\"og:url\" content=\"https:\/\/revolutionpadelstore.com\/en\/head-extreme-elite-2023-2\/\" \/>\n<meta property=\"og:site_name\" content=\"Revolution Padel Store\" \/>\n<meta property=\"article:modified_time\" content=\"2026-04-08T13:00:00+00:00\" \/>\n<meta property=\"og:image\" content=\"https:\/\/revolutionpadelstore.com\/wp-content\/uploads\/2024\/03\/110100_pala_head_extreme_elite_2023_223033_1500x1500_vista1_0670.webp\" \/>\n\t<meta property=\"og:image:width\" content=\"1500\" \/>\n\t<meta property=\"og:image:height\" content=\"1500\" \/>\n\t<meta property=\"og:image:type\" content=\"image\/webp\" \/>\n<meta name=\"twitter:card\" content=\"summary_large_image\" \/>\n<meta name=\"twitter:label1\" content=\"Est. reading time\" \/>\n\t<meta name=\"twitter:data1\" content=\"2 minutes\" \/>\n<script type=\"application\/ld+json\" class=\"yoast-schema-graph\">{\"@context\":\"https:\\\/\\\/schema.org\",\"@graph\":[{\"@type\":\"WebPage\",\"@id\":\"https:\\\/\\\/revolutionpadelstore.com\\\/en\\\/head-extreme-elite-2023-2\\\/\",\"url\":\"https:\\\/\\\/revolutionpadelstore.com\\\/en\\\/head-extreme-elite-2023-2\\\/\",\"name\":\"HEAD EXTREME ELITE 2023 - Revolution Padel Store\",\"isPartOf\":{\"@id\":\"https:\\\/\\\/revolutionpadelstore.com\\\/en\\\/#website\"},\"primaryImageOfPage\":{\"@id\":\"https:\\\/\\\/revolutionpadelstore.com\\\/en\\\/head-extreme-elite-2023-2\\\/#primaryimage\"},\"image\":{\"@id\":\"https:\\\/\\\/revolutionpadelstore.com\\\/en\\\/head-extreme-elite-2023-2\\\/#primaryimage\"},\"thumbnailUrl\":\"https:\\\/\\\/revolutionpadelstore.com\\\/wp-content\\\/uploads\\\/2024\\\/03\\\/110100_pala_head_extreme_elite_2023_223033_1500x1500_vista1_0670.webp\",\"datePublished\":\"2024-03-15T12:25:22+00:00\",\"dateModified\":\"2026-04-08T13:00:00+00:00\",\"description\":\"Head Extreme Elite 2023, pala de fibra de vidrio con tecnolog\u00eda Auxetic. Dise\u00f1o en forma de diamante para jugadores de p\u00e1del de nivel intermedio.\",\"breadcrumb\":{\"@id\":\"https:\\\/\\\/revolutionpadelstore.com\\\/en\\\/head-extreme-elite-2023-2\\\/#breadcrumb\"},\"inLanguage\":\"en-US\",\"potentialAction\":[{\"@type\":\"ReadAction\",\"target\":[\"https:\\\/\\\/revolutionpadelstore.com\\\/en\\\/head-extreme-elite-2023-2\\\/\"]}]},{\"@type\":\"ImageObject\",\"inLanguage\":\"en-US\",\"@id\":\"https:\\\/\\\/revolutionpadelstore.com\\\/en\\\/head-extreme-elite-2023-2\\\/#primaryimage\",\"url\":\"https:\\\/\\\/revolutionpadelstore.com\\\/wp-content\\\/uploads\\\/2024\\\/03\\\/110100_pala_head_extreme_elite_2023_223033_1500x1500_vista1_0670.webp\",\"contentUrl\":\"https:\\\/\\\/revolutionpadelstore.com\\\/wp-content\\\/uploads\\\/2024\\\/03\\\/110100_pala_head_extreme_elite_2023_223033_1500x1500_vista1_0670.webp\",\"width\":1500,\"height\":1500,\"caption\":\"HEAD EXTREME ELITE 2023\"},{\"@type\":\"BreadcrumbList\",\"@id\":\"https:\\\/\\\/revolutionpadelstore.com\\\/en\\\/head-extreme-elite-2023-2\\\/#breadcrumb\",\"itemListElement\":[{\"@type\":\"ListItem\",\"position\":1,\"name\":\"Portada\",\"item\":\"https:\\\/\\\/revolutionpadelstore.com\\\/en\\\/\"},{\"@type\":\"ListItem\",\"position\":2,\"name\":\"Shop\",\"item\":\"https:\\\/\\\/revolutionpadelstore.com\\\/en\\\/shop\\\/\"},{\"@type\":\"ListItem\",\"position\":3,\"name\":\"HEAD EXTREME ELITE 2023\"}]},{\"@type\":\"WebSite\",\"@id\":\"https:\\\/\\\/revolutionpadelstore.com\\\/en\\\/#website\",\"url\":\"https:\\\/\\\/revolutionpadelstore.com\\\/en\\\/\",\"name\":\"Revolution Padel Store\",\"description\":\"\",\"publisher\":{\"@id\":\"https:\\\/\\\/revolutionpadelstore.com\\\/en\\\/#organization\"},\"potentialAction\":[{\"@type\":\"SearchAction\",\"target\":{\"@type\":\"EntryPoint\",\"urlTemplate\":\"https:\\\/\\\/revolutionpadelstore.com\\\/en\\\/?s={search_term_string}\"},\"query-input\":{\"@type\":\"PropertyValueSpecification\",\"valueRequired\":true,\"valueName\":\"search_term_string\"}}],\"inLanguage\":\"en-US\"},{\"@type\":\"Organization\",\"@id\":\"https:\\\/\\\/revolutionpadelstore.com\\\/en\\\/#organization\",\"name\":\"Revolution Padel Store\",\"url\":\"https:\\\/\\\/revolutionpadelstore.com\\\/en\\\/\",\"logo\":{\"@type\":\"ImageObject\",\"inLanguage\":\"en-US\",\"@id\":\"https:\\\/\\\/revolutionpadelstore.com\\\/en\\\/#\\\/schema\\\/logo\\\/image\\\/\",\"url\":\"https:\\\/\\\/revolutionpadelstore.com\\\/wp-content\\\/uploads\\\/2026\\\/02\\\/revolution-padel-store.jpg\",\"contentUrl\":\"https:\\\/\\\/revolutionpadelstore.com\\\/wp-content\\\/uploads\\\/2026\\\/02\\\/revolution-padel-store.jpg\",\"width\":2000,\"height\":2000,\"caption\":\"Revolution Padel Store\"},\"image\":{\"@id\":\"https:\\\/\\\/revolutionpadelstore.com\\\/en\\\/#\\\/schema\\\/logo\\\/image\\\/\"},\"sameAs\":[\"https:\\\/\\\/www.instagram.com\\\/revolutionpadelstore\\\/\"]}]}<\/script>\n<!-- \/ Yoast SEO plugin. -->","yoast_head_json":{"title":"HEAD EXTREME ELITE 2023 - Revolution Padel Store","description":"Head Extreme Elite 2023, pala de fibra de vidrio con tecnolog\u00eda Auxetic. Dise\u00f1o en forma de diamante para jugadores de p\u00e1del de nivel intermedio.","robots":{"index":"index","follow":"follow","max-snippet":"max-snippet:-1","max-image-preview":"max-image-preview:large","max-video-preview":"max-video-preview:-1"},"canonical":"https:\/\/revolutionpadelstore.com\/en\/head-extreme-elite-2023-2\/","og_locale":"en_US","og_type":"article","og_title":"HEAD EXTREME ELITE 2023 - Revolution Padel Store","og_description":"Head Extreme Elite 2023, pala de fibra de vidrio con tecnolog\u00eda Auxetic. Dise\u00f1o en forma de diamante para jugadores de p\u00e1del de nivel intermedio.","og_url":"https:\/\/revolutionpadelstore.com\/en\/head-extreme-elite-2023-2\/","og_site_name":"Revolution Padel Store","article_modified_time":"2026-04-08T13:00:00+00:00","og_image":[{"width":1500,"height":1500,"url":"https:\/\/revolutionpadelstore.com\/wp-content\/uploads\/2024\/03\/110100_pala_head_extreme_elite_2023_223033_1500x1500_vista1_0670.webp","type":"image\/webp"}],"twitter_card":"summary_large_image","twitter_misc":{"Est. reading time":"2 minutes"},"schema":{"@context":"https:\/\/schema.org","@graph":[{"@type":"WebPage","@id":"https:\/\/revolutionpadelstore.com\/en\/head-extreme-elite-2023-2\/","url":"https:\/\/revolutionpadelstore.com\/en\/head-extreme-elite-2023-2\/","name":"HEAD EXTREME ELITE 2023 - Revolution Padel Store","isPartOf":{"@id":"https:\/\/revolutionpadelstore.com\/en\/#website"},"primaryImageOfPage":{"@id":"https:\/\/revolutionpadelstore.com\/en\/head-extreme-elite-2023-2\/#primaryimage"},"image":{"@id":"https:\/\/revolutionpadelstore.com\/en\/head-extreme-elite-2023-2\/#primaryimage"},"thumbnailUrl":"https:\/\/revolutionpadelstore.com\/wp-content\/uploads\/2024\/03\/110100_pala_head_extreme_elite_2023_223033_1500x1500_vista1_0670.webp","datePublished":"2024-03-15T12:25:22+00:00","dateModified":"2026-04-08T13:00:00+00:00","description":"Head Extreme Elite 2023, pala de fibra de vidrio con tecnolog\u00eda Auxetic. Dise\u00f1o en forma de diamante para jugadores de p\u00e1del de nivel intermedio.","breadcrumb":{"@id":"https:\/\/revolutionpadelstore.com\/en\/head-extreme-elite-2023-2\/#breadcrumb"},"inLanguage":"en-US","potentialAction":[{"@type":"ReadAction","target":["https:\/\/revolutionpadelstore.com\/en\/head-extreme-elite-2023-2\/"]}]},{"@type":"ImageObject","inLanguage":"en-US","@id":"https:\/\/revolutionpadelstore.com\/en\/head-extreme-elite-2023-2\/#primaryimage","url":"https:\/\/revolutionpadelstore.com\/wp-content\/uploads\/2024\/03\/110100_pala_head_extreme_elite_2023_223033_1500x1500_vista1_0670.webp","contentUrl":"https:\/\/revolutionpadelstore.com\/wp-content\/uploads\/2024\/03\/110100_pala_head_extreme_elite_2023_223033_1500x1500_vista1_0670.webp","width":1500,"height":1500,"caption":"HEAD EXTREME ELITE 2023"},{"@type":"BreadcrumbList","@id":"https:\/\/revolutionpadelstore.com\/en\/head-extreme-elite-2023-2\/#breadcrumb","itemListElement":[{"@type":"ListItem","position":1,"name":"Portada","item":"https:\/\/revolutionpadelstore.com\/en\/"},{"@type":"ListItem","position":2,"name":"Shop","item":"https:\/\/revolutionpadelstore.com\/en\/shop\/"},{"@type":"ListItem","position":3,"name":"HEAD EXTREME ELITE 2023"}]},{"@type":"WebSite","@id":"https:\/\/revolutionpadelstore.com\/en\/#website","url":"https:\/\/revolutionpadelstore.com\/en\/","name":"Revolution Padel Store","description":"","publisher":{"@id":"https:\/\/revolutionpadelstore.com\/en\/#organization"},"potentialAction":[{"@type":"SearchAction","target":{"@type":"EntryPoint","urlTemplate":"https:\/\/revolutionpadelstore.com\/en\/?s={search_term_string}"},"query-input":{"@type":"PropertyValueSpecification","valueRequired":true,"valueName":"search_term_string"}}],"inLanguage":"en-US"},{"@type":"Organization","@id":"https:\/\/revolutionpadelstore.com\/en\/#organization","name":"Revolution Padel Store","url":"https:\/\/revolutionpadelstore.com\/en\/","logo":{"@type":"ImageObject","inLanguage":"en-US","@id":"https:\/\/revolutionpadelstore.com\/en\/#\/schema\/logo\/image\/","url":"https:\/\/revolutionpadelstore.com\/wp-content\/uploads\/2026\/02\/revolution-padel-store.jpg","contentUrl":"https:\/\/revolutionpadelstore.com\/wp-content\/uploads\/2026\/02\/revolution-padel-store.jpg","width":2000,"height":2000,"caption":"Revolution Padel Store"},"image":{"@id":"https:\/\/revolutionpadelstore.com\/en\/#\/schema\/logo\/image\/"},"sameAs":["https:\/\/www.instagram.com\/revolutionpadelstore\/"]}]}},"_links":{"self":[{"href":"https:\/\/revolutionpadelstore.com\/en\/wp-json\/wp\/v2\/product\/20356","targetHints":{"allow":["GET"]}}],"collection":[{"href":"https:\/\/revolutionpadelstore.com\/en\/wp-json\/wp\/v2\/product"}],"about":[{"href":"https:\/\/revolutionpadelstore.com\/en\/wp-json\/wp\/v2\/types\/product"}],"replies":[{"embeddable":true,"href":"https:\/\/revolutionpadelstore.com\/en\/wp-json\/wp\/v2\/comments?post=20356"}],"wp:featuredmedia":[{"embeddable":true,"href":"https:\/\/revolutionpadelstore.com\/en\/wp-json\/wp\/v2\/media\/2851"}],"wp:attachment":[{"href":"https:\/\/revolutionpadelstore.com\/en\/wp-json\/wp\/v2\/media?parent=20356"}],"wp:term":[{"taxonomy":"acabado","embeddable":true,"href":"https:\/\/revolutionpadelstore.com\/en\/wp-json\/wp\/v2\/acabado?post=20356"},{"taxonomy":"balance","embeddable":true,"href":"https:\/\/revolutionpadelstore.com\/en\/wp-json\/wp\/v2\/balance?post=20356"},{"taxonomy":"dureza","embeddable":true,"href":"https:\/\/revolutionpadelstore.com\/en\/wp-json\/wp\/v2\/dureza?post=20356"},{"taxonomy":"forma","embeddable":true,"href":"https:\/\/revolutionpadelstore.com\/en\/wp-json\/wp\/v2\/forma?post=20356"},{"taxonomy":"jugador","embeddable":true,"href":"https:\/\/revolutionpadelstore.com\/en\/wp-json\/wp\/v2\/jugador?post=20356"},{"taxonomy":"marca","embeddable":true,"href":"https:\/\/revolutionpadelstore.com\/en\/wp-json\/wp\/v2\/marca?post=20356"},{"taxonomy":"nivel-de-juego","embeddable":true,"href":"https:\/\/revolutionpadelstore.com\/en\/wp-json\/wp\/v2\/nivel-de-juego?post=20356"},{"taxonomy":"superficie","embeddable":true,"href":"https:\/\/revolutionpadelstore.com\/en\/wp-json\/wp\/v2\/superficie?post=20356"},{"taxonomy":"tipo-de-juego","embeddable":true,"href":"https:\/\/revolutionpadelstore.com\/en\/wp-json\/wp\/v2\/tipo-de-juego?post=20356"},{"taxonomy":"product_brand","embeddable":true,"href":"https:\/\/revolutionpadelstore.com\/en\/wp-json\/wp\/v2\/product_brand?post=20356"},{"taxonomy":"product_cat","embeddable":true,"href":"https:\/\/revolutionpadelstore.com\/en\/wp-json\/wp\/v2\/product_cat?post=20356"},{"taxonomy":"product_tag","embeddable":true,"href":"https:\/\/revolutionpadelstore.com\/en\/wp-json\/wp\/v2\/product_tag?post=20356"}],"curies":[{"name":"wp","href":"https:\/\/api.w.org\/{rel}","templated":true}]}}