{"id":20351,"date":"2024-03-19T19:52:33","date_gmt":"2024-03-19T18:52:33","guid":{"rendered":"https:\/\/revolutionpadelstore.com\/head-speed-pro-2023\/"},"modified":"2026-04-08T14:59:27","modified_gmt":"2026-04-08T12:59:27","slug":"head-speed-pro-2023-2","status":"publish","type":"product","link":"https:\/\/revolutionpadelstore.com\/en\/head-speed-pro-2023-2\/","title":{"rendered":"HEAD SPEED PRO 2023"},"content":{"rendered":"<h2>Head Speed \u200b\u200bPro, the best performance with an unmistakable design<\/h2>\n<p>The new <strong>HEAD SPEED PRO 2023<\/strong> racket has a modern design with a glossy finish, with copper and black details on a dark gray base color. This colorimetry gives the racket an unparalleled sobriety and elegance that will turn your game into something worth seeing.<\/p>\n<p>The 2023 model is an updated and improved version of its predecessor from last year. It has been designed for advanced level players who, on any type of surface, will be able to attack at greater speed than their opponents and take advantage throughout the match until finally achieving victory. . It perfectly combines <strong>control and power<\/strong>.<\/p>\n<p>It has a diamond shape, with high balance and a reduced sweet spot moved towards the head area, so the strong point of this racket is power. It will be your perfect ally in your offensive strategies. <\/strong><\/p>\n<h2>A padel racket that is all cutting-edge technology<\/h2>\n<p>It is a racket 5 grams lighter than its 2022 version, which has a hybrid hitting zone made with <strong>fiberglass and carbon<\/strong>. The feel has also been improved thanks to the incorporation of a new soft heel on the handle of the racket.<\/p>\n<p>It also has a built-in polyethylene rubber, the Power Foam rubber, which will facilitate a powerful and fast hit, and the same ball output will be achieved by exerting less force.<\/p>\n<p>On the other hand, the SPEED PRO 2023 includes <em><strong>Graphene Inside<\/strong><\/em> technologies, which provides <strong>greater stability<\/strong> by strengthening the frame and the Tailored Frame, where each section of the blade tube has been individually constructed for maximum performance.<\/p>\n<p>This <strong>HEAD<\/strong> racket has managed to gain versatility thanks to the <strong>Auxetic<\/strong> technology, which has significantly improved the sensation of impact and can offer more power in each hit.<\/p>\n<p>For its part, the Smart Bridge adapts in the bridge area to the needs of each type of game. It is also necessary to mention the <em><strong>Soft Butt Cap<\/strong><\/em> technologies and the <strong><em>Optimized Sweet Spot.<\/em><\/strong><\/p>\n","protected":false},"excerpt":{"rendered":"<p>Designed for advanced level players, the new HEAD SPEED PRO 2023 lands at P\u0101del Nuestro. It is a versatile racket with which you will gain speed on the court.<\/p>\n","protected":false},"featured_media":2863,"comment_status":"open","ping_status":"closed","template":"","meta":{"_acf_changed":false,"_joinchat":[]},"acabado":[1083],"balance":[1138],"dureza":[1158],"forma":[1188],"jugador":[1193,1203],"marca":[1223],"nivel-de-juego":[1338],"superficie":[1358],"tipo-de-juego":[1378],"product_brand":[],"product_cat":[303],"product_tag":[],"class_list":{"0":"post-20351","1":"product","2":"type-product","3":"status-publish","4":"has-post-thumbnail","6":"acabado-brightness","7":"balance-alto-en","8":"dureza-media-en","9":"forma-lagrima-en","10":"jugador-hombre-en","11":"jugador-multipurpose","12":"marca-head-en","13":"superficie-lisa-en","14":"tipo-de-juego-potencia-en","15":"product_cat-palas","17":"first","18":"instock","19":"sale","20":"taxable","21":"shipping-taxable","22":"purchasable","23":"product-type-simple"},"acf":[],"yoast_head":"<!-- This site is optimized with the Yoast SEO plugin v27.4 - https:\/\/yoast.com\/product\/yoast-seo-wordpress\/ -->\n<title>HEAD SPEED PRO 2023 - Revolution Padel Store<\/title>\n<meta name=\"description\" content=\"Dise\u00f1ada para jugadores de nivel avanzado, aterriza en P\u0101del Nuestro la nueva HEAD SPEED PRO 2023. Es una pala polivalente con la que ganar\u00e1s velocidad en la pista.\" \/>\n<meta name=\"robots\" content=\"index, follow, max-snippet:-1, max-image-preview:large, max-video-preview:-1\" \/>\n<link rel=\"canonical\" href=\"https:\/\/revolutionpadelstore.com\/en\/head-speed-pro-2023-2\/\" \/>\n<meta property=\"og:locale\" content=\"en_US\" \/>\n<meta property=\"og:type\" content=\"article\" \/>\n<meta property=\"og:title\" content=\"HEAD SPEED PRO 2023 - Revolution Padel Store\" \/>\n<meta property=\"og:description\" content=\"Dise\u00f1ada para jugadores de nivel avanzado, aterriza en P\u0101del Nuestro la nueva HEAD SPEED PRO 2023. Es una pala polivalente con la que ganar\u00e1s velocidad en la pista.\" \/>\n<meta property=\"og:url\" content=\"https:\/\/revolutionpadelstore.com\/en\/head-speed-pro-2023-2\/\" \/>\n<meta property=\"og:site_name\" content=\"Revolution Padel Store\" \/>\n<meta property=\"article:modified_time\" content=\"2026-04-08T12:59:27+00:00\" \/>\n<meta property=\"og:image\" content=\"https:\/\/revolutionpadelstore.com\/wp-content\/uploads\/2024\/03\/32509_head_speed_pro_2023_221013_1500x1500_vista1_3db9.webp\" \/>\n\t<meta property=\"og:image:width\" content=\"1500\" \/>\n\t<meta property=\"og:image:height\" content=\"1500\" \/>\n\t<meta property=\"og:image:type\" content=\"image\/webp\" \/>\n<meta name=\"twitter:card\" content=\"summary_large_image\" \/>\n<meta name=\"twitter:label1\" content=\"Est. reading time\" \/>\n\t<meta name=\"twitter:data1\" content=\"2 minutes\" \/>\n<script type=\"application\/ld+json\" class=\"yoast-schema-graph\">{\"@context\":\"https:\\\/\\\/schema.org\",\"@graph\":[{\"@type\":\"WebPage\",\"@id\":\"https:\\\/\\\/revolutionpadelstore.com\\\/en\\\/head-speed-pro-2023-2\\\/\",\"url\":\"https:\\\/\\\/revolutionpadelstore.com\\\/en\\\/head-speed-pro-2023-2\\\/\",\"name\":\"HEAD SPEED PRO 2023 - Revolution Padel Store\",\"isPartOf\":{\"@id\":\"https:\\\/\\\/revolutionpadelstore.com\\\/en\\\/#website\"},\"primaryImageOfPage\":{\"@id\":\"https:\\\/\\\/revolutionpadelstore.com\\\/en\\\/head-speed-pro-2023-2\\\/#primaryimage\"},\"image\":{\"@id\":\"https:\\\/\\\/revolutionpadelstore.com\\\/en\\\/head-speed-pro-2023-2\\\/#primaryimage\"},\"thumbnailUrl\":\"https:\\\/\\\/revolutionpadelstore.com\\\/wp-content\\\/uploads\\\/2024\\\/03\\\/32509_head_speed_pro_2023_221013_1500x1500_vista1_3db9.webp\",\"datePublished\":\"2024-03-19T18:52:33+00:00\",\"dateModified\":\"2026-04-08T12:59:27+00:00\",\"description\":\"Dise\u00f1ada para jugadores de nivel avanzado, aterriza en P\u0101del Nuestro la nueva HEAD SPEED PRO 2023. Es una pala polivalente con la que ganar\u00e1s velocidad en la pista.\",\"breadcrumb\":{\"@id\":\"https:\\\/\\\/revolutionpadelstore.com\\\/en\\\/head-speed-pro-2023-2\\\/#breadcrumb\"},\"inLanguage\":\"en-US\",\"potentialAction\":[{\"@type\":\"ReadAction\",\"target\":[\"https:\\\/\\\/revolutionpadelstore.com\\\/en\\\/head-speed-pro-2023-2\\\/\"]}]},{\"@type\":\"ImageObject\",\"inLanguage\":\"en-US\",\"@id\":\"https:\\\/\\\/revolutionpadelstore.com\\\/en\\\/head-speed-pro-2023-2\\\/#primaryimage\",\"url\":\"https:\\\/\\\/revolutionpadelstore.com\\\/wp-content\\\/uploads\\\/2024\\\/03\\\/32509_head_speed_pro_2023_221013_1500x1500_vista1_3db9.webp\",\"contentUrl\":\"https:\\\/\\\/revolutionpadelstore.com\\\/wp-content\\\/uploads\\\/2024\\\/03\\\/32509_head_speed_pro_2023_221013_1500x1500_vista1_3db9.webp\",\"width\":1500,\"height\":1500},{\"@type\":\"BreadcrumbList\",\"@id\":\"https:\\\/\\\/revolutionpadelstore.com\\\/en\\\/head-speed-pro-2023-2\\\/#breadcrumb\",\"itemListElement\":[{\"@type\":\"ListItem\",\"position\":1,\"name\":\"Portada\",\"item\":\"https:\\\/\\\/revolutionpadelstore.com\\\/en\\\/\"},{\"@type\":\"ListItem\",\"position\":2,\"name\":\"Shop\",\"item\":\"https:\\\/\\\/revolutionpadelstore.com\\\/en\\\/shop\\\/\"},{\"@type\":\"ListItem\",\"position\":3,\"name\":\"HEAD SPEED PRO 2023\"}]},{\"@type\":\"WebSite\",\"@id\":\"https:\\\/\\\/revolutionpadelstore.com\\\/en\\\/#website\",\"url\":\"https:\\\/\\\/revolutionpadelstore.com\\\/en\\\/\",\"name\":\"Revolution Padel Store\",\"description\":\"\",\"publisher\":{\"@id\":\"https:\\\/\\\/revolutionpadelstore.com\\\/en\\\/#organization\"},\"potentialAction\":[{\"@type\":\"SearchAction\",\"target\":{\"@type\":\"EntryPoint\",\"urlTemplate\":\"https:\\\/\\\/revolutionpadelstore.com\\\/en\\\/?s={search_term_string}\"},\"query-input\":{\"@type\":\"PropertyValueSpecification\",\"valueRequired\":true,\"valueName\":\"search_term_string\"}}],\"inLanguage\":\"en-US\"},{\"@type\":\"Organization\",\"@id\":\"https:\\\/\\\/revolutionpadelstore.com\\\/en\\\/#organization\",\"name\":\"Revolution Padel Store\",\"url\":\"https:\\\/\\\/revolutionpadelstore.com\\\/en\\\/\",\"logo\":{\"@type\":\"ImageObject\",\"inLanguage\":\"en-US\",\"@id\":\"https:\\\/\\\/revolutionpadelstore.com\\\/en\\\/#\\\/schema\\\/logo\\\/image\\\/\",\"url\":\"https:\\\/\\\/revolutionpadelstore.com\\\/wp-content\\\/uploads\\\/2026\\\/02\\\/revolution-padel-store.jpg\",\"contentUrl\":\"https:\\\/\\\/revolutionpadelstore.com\\\/wp-content\\\/uploads\\\/2026\\\/02\\\/revolution-padel-store.jpg\",\"width\":2000,\"height\":2000,\"caption\":\"Revolution Padel Store\"},\"image\":{\"@id\":\"https:\\\/\\\/revolutionpadelstore.com\\\/en\\\/#\\\/schema\\\/logo\\\/image\\\/\"},\"sameAs\":[\"https:\\\/\\\/www.instagram.com\\\/revolutionpadelstore\\\/\"]}]}<\/script>\n<!-- \/ Yoast SEO plugin. -->","yoast_head_json":{"title":"HEAD SPEED PRO 2023 - Revolution Padel Store","description":"Dise\u00f1ada para jugadores de nivel avanzado, aterriza en P\u0101del Nuestro la nueva HEAD SPEED PRO 2023. Es una pala polivalente con la que ganar\u00e1s velocidad en la pista.","robots":{"index":"index","follow":"follow","max-snippet":"max-snippet:-1","max-image-preview":"max-image-preview:large","max-video-preview":"max-video-preview:-1"},"canonical":"https:\/\/revolutionpadelstore.com\/en\/head-speed-pro-2023-2\/","og_locale":"en_US","og_type":"article","og_title":"HEAD SPEED PRO 2023 - Revolution Padel Store","og_description":"Dise\u00f1ada para jugadores de nivel avanzado, aterriza en P\u0101del Nuestro la nueva HEAD SPEED PRO 2023. Es una pala polivalente con la que ganar\u00e1s velocidad en la pista.","og_url":"https:\/\/revolutionpadelstore.com\/en\/head-speed-pro-2023-2\/","og_site_name":"Revolution Padel Store","article_modified_time":"2026-04-08T12:59:27+00:00","og_image":[{"width":1500,"height":1500,"url":"https:\/\/revolutionpadelstore.com\/wp-content\/uploads\/2024\/03\/32509_head_speed_pro_2023_221013_1500x1500_vista1_3db9.webp","type":"image\/webp"}],"twitter_card":"summary_large_image","twitter_misc":{"Est. reading time":"2 minutes"},"schema":{"@context":"https:\/\/schema.org","@graph":[{"@type":"WebPage","@id":"https:\/\/revolutionpadelstore.com\/en\/head-speed-pro-2023-2\/","url":"https:\/\/revolutionpadelstore.com\/en\/head-speed-pro-2023-2\/","name":"HEAD SPEED PRO 2023 - Revolution Padel Store","isPartOf":{"@id":"https:\/\/revolutionpadelstore.com\/en\/#website"},"primaryImageOfPage":{"@id":"https:\/\/revolutionpadelstore.com\/en\/head-speed-pro-2023-2\/#primaryimage"},"image":{"@id":"https:\/\/revolutionpadelstore.com\/en\/head-speed-pro-2023-2\/#primaryimage"},"thumbnailUrl":"https:\/\/revolutionpadelstore.com\/wp-content\/uploads\/2024\/03\/32509_head_speed_pro_2023_221013_1500x1500_vista1_3db9.webp","datePublished":"2024-03-19T18:52:33+00:00","dateModified":"2026-04-08T12:59:27+00:00","description":"Dise\u00f1ada para jugadores de nivel avanzado, aterriza en P\u0101del Nuestro la nueva HEAD SPEED PRO 2023. Es una pala polivalente con la que ganar\u00e1s velocidad en la pista.","breadcrumb":{"@id":"https:\/\/revolutionpadelstore.com\/en\/head-speed-pro-2023-2\/#breadcrumb"},"inLanguage":"en-US","potentialAction":[{"@type":"ReadAction","target":["https:\/\/revolutionpadelstore.com\/en\/head-speed-pro-2023-2\/"]}]},{"@type":"ImageObject","inLanguage":"en-US","@id":"https:\/\/revolutionpadelstore.com\/en\/head-speed-pro-2023-2\/#primaryimage","url":"https:\/\/revolutionpadelstore.com\/wp-content\/uploads\/2024\/03\/32509_head_speed_pro_2023_221013_1500x1500_vista1_3db9.webp","contentUrl":"https:\/\/revolutionpadelstore.com\/wp-content\/uploads\/2024\/03\/32509_head_speed_pro_2023_221013_1500x1500_vista1_3db9.webp","width":1500,"height":1500},{"@type":"BreadcrumbList","@id":"https:\/\/revolutionpadelstore.com\/en\/head-speed-pro-2023-2\/#breadcrumb","itemListElement":[{"@type":"ListItem","position":1,"name":"Portada","item":"https:\/\/revolutionpadelstore.com\/en\/"},{"@type":"ListItem","position":2,"name":"Shop","item":"https:\/\/revolutionpadelstore.com\/en\/shop\/"},{"@type":"ListItem","position":3,"name":"HEAD SPEED PRO 2023"}]},{"@type":"WebSite","@id":"https:\/\/revolutionpadelstore.com\/en\/#website","url":"https:\/\/revolutionpadelstore.com\/en\/","name":"Revolution Padel Store","description":"","publisher":{"@id":"https:\/\/revolutionpadelstore.com\/en\/#organization"},"potentialAction":[{"@type":"SearchAction","target":{"@type":"EntryPoint","urlTemplate":"https:\/\/revolutionpadelstore.com\/en\/?s={search_term_string}"},"query-input":{"@type":"PropertyValueSpecification","valueRequired":true,"valueName":"search_term_string"}}],"inLanguage":"en-US"},{"@type":"Organization","@id":"https:\/\/revolutionpadelstore.com\/en\/#organization","name":"Revolution Padel Store","url":"https:\/\/revolutionpadelstore.com\/en\/","logo":{"@type":"ImageObject","inLanguage":"en-US","@id":"https:\/\/revolutionpadelstore.com\/en\/#\/schema\/logo\/image\/","url":"https:\/\/revolutionpadelstore.com\/wp-content\/uploads\/2026\/02\/revolution-padel-store.jpg","contentUrl":"https:\/\/revolutionpadelstore.com\/wp-content\/uploads\/2026\/02\/revolution-padel-store.jpg","width":2000,"height":2000,"caption":"Revolution Padel Store"},"image":{"@id":"https:\/\/revolutionpadelstore.com\/en\/#\/schema\/logo\/image\/"},"sameAs":["https:\/\/www.instagram.com\/revolutionpadelstore\/"]}]}},"_links":{"self":[{"href":"https:\/\/revolutionpadelstore.com\/en\/wp-json\/wp\/v2\/product\/20351","targetHints":{"allow":["GET"]}}],"collection":[{"href":"https:\/\/revolutionpadelstore.com\/en\/wp-json\/wp\/v2\/product"}],"about":[{"href":"https:\/\/revolutionpadelstore.com\/en\/wp-json\/wp\/v2\/types\/product"}],"replies":[{"embeddable":true,"href":"https:\/\/revolutionpadelstore.com\/en\/wp-json\/wp\/v2\/comments?post=20351"}],"wp:featuredmedia":[{"embeddable":true,"href":"https:\/\/revolutionpadelstore.com\/en\/wp-json\/wp\/v2\/media\/2863"}],"wp:attachment":[{"href":"https:\/\/revolutionpadelstore.com\/en\/wp-json\/wp\/v2\/media?parent=20351"}],"wp:term":[{"taxonomy":"acabado","embeddable":true,"href":"https:\/\/revolutionpadelstore.com\/en\/wp-json\/wp\/v2\/acabado?post=20351"},{"taxonomy":"balance","embeddable":true,"href":"https:\/\/revolutionpadelstore.com\/en\/wp-json\/wp\/v2\/balance?post=20351"},{"taxonomy":"dureza","embeddable":true,"href":"https:\/\/revolutionpadelstore.com\/en\/wp-json\/wp\/v2\/dureza?post=20351"},{"taxonomy":"forma","embeddable":true,"href":"https:\/\/revolutionpadelstore.com\/en\/wp-json\/wp\/v2\/forma?post=20351"},{"taxonomy":"jugador","embeddable":true,"href":"https:\/\/revolutionpadelstore.com\/en\/wp-json\/wp\/v2\/jugador?post=20351"},{"taxonomy":"marca","embeddable":true,"href":"https:\/\/revolutionpadelstore.com\/en\/wp-json\/wp\/v2\/marca?post=20351"},{"taxonomy":"nivel-de-juego","embeddable":true,"href":"https:\/\/revolutionpadelstore.com\/en\/wp-json\/wp\/v2\/nivel-de-juego?post=20351"},{"taxonomy":"superficie","embeddable":true,"href":"https:\/\/revolutionpadelstore.com\/en\/wp-json\/wp\/v2\/superficie?post=20351"},{"taxonomy":"tipo-de-juego","embeddable":true,"href":"https:\/\/revolutionpadelstore.com\/en\/wp-json\/wp\/v2\/tipo-de-juego?post=20351"},{"taxonomy":"product_brand","embeddable":true,"href":"https:\/\/revolutionpadelstore.com\/en\/wp-json\/wp\/v2\/product_brand?post=20351"},{"taxonomy":"product_cat","embeddable":true,"href":"https:\/\/revolutionpadelstore.com\/en\/wp-json\/wp\/v2\/product_cat?post=20351"},{"taxonomy":"product_tag","embeddable":true,"href":"https:\/\/revolutionpadelstore.com\/en\/wp-json\/wp\/v2\/product_tag?post=20351"}],"curies":[{"name":"wp","href":"https:\/\/api.w.org\/{rel}","templated":true}]}}