{"id":20346,"date":"2024-03-19T19:57:26","date_gmt":"2024-03-19T18:57:26","guid":{"rendered":"https:\/\/revolutionpadelstore.com\/head-speed-motion-2023\/"},"modified":"2026-04-08T14:58:49","modified_gmt":"2026-04-08T12:58:49","slug":"head-speed-motion-2023-2","status":"publish","type":"product","link":"https:\/\/revolutionpadelstore.com\/en\/head-speed-motion-2023-2\/","title":{"rendered":"HEAD SPEED MOTION 2023"},"content":{"rendered":"<h2>Stand out in your matches thanks to HEAD&#8217;s SPEED MOTION 2023<\/h2>\n<p><strong>P\u0101del Nuestro<\/strong> offers you the best products. For this reason, we bring you the new line of the <strong>HEAD<\/strong> brand, the new collection of the <strong>SPEED<\/strong> range. Within this category, the lightest racket is the <strong>SPEED MOTION 2023.<\/strong><\/p>\n<p>The new SPEED MOTION 2023 racket is a super versatile and very manageable racket that offers you a high-speed game. With this teardrop-shaped racket and intermediate balance, players of a more advanced level will be able to play much faster and achieve a dynamic game.<\/p>\n<p>Endorsed by the professional player <strong>Ariana S\u00e1nchez<\/strong>, on the outside of the <strong>SPEED MOTION 2023<\/strong>, we find a hybrid hitting zone made of <strong>carbon and fiberglass. <\/strong> While in the inner core of the racket we find the <strong> rubber <em>Power Foam<\/em><\/strong>, which gives you speed and power in each hit.<\/p>\n<h3>You will gain power as well as control with the new HEAD SPEED MOTION 2023<\/h3>\n<p>If we talk about the technologies that this magnificent racket incorporates, it is inevitable to mention the star technology of this racket, the <em><strong>Auxetic<\/strong><\/em>, which provides a better sensation of impact and also much more power in the beating<\/p>\n<p>A good material to use inside the racket is graphene, that is why the frame has been reinforced with the <strong><em>Graphene Inside<\/em><\/strong>, which allows the player more stability, but also the possibility of optimizing the transfer of energy that reaches the ball through the blade.<\/p>\n<p>Another important detail is that, on the integrated IBS2 protector (<em><strong>Integrated Bumper System 2<\/strong><\/em>) the <strong>Anti Shock Skin<\/strong> technology has been placed, a sheet of High quality polymer that protects the racket from possible bumps and scratches that it may be exposed to during a match. Likewise, a new <strong>soft heel<\/strong> has been added to the handle that improves the touch by making it softer.<\/p>\n<h2>Destaca en tus partidos gracias a la SPEED MOTION 2023 de HEAD<\/h2>\n","protected":false},"excerpt":{"rendered":"<p>With the innovative Auxetic technology, the new HEAD SPEED MOTION 2023 racket is endorsed by Ari S\u00e1nchez and has a modern design that combines black and copper.<\/p>\n","protected":false},"featured_media":2874,"comment_status":"open","ping_status":"closed","template":"","meta":{"_acf_changed":false,"_joinchat":[]},"acabado":[1083],"balance":[1138],"dureza":[1158],"forma":[1188],"jugador":[1193,1203],"marca":[1223],"nivel-de-juego":[1338],"superficie":[1358],"tipo-de-juego":[1378],"product_brand":[],"product_cat":[303],"product_tag":[],"class_list":{"0":"post-20346","1":"product","2":"type-product","3":"status-publish","4":"has-post-thumbnail","6":"acabado-brightness","7":"balance-alto-en","8":"dureza-media-en","9":"forma-lagrima-en","10":"jugador-hombre-en","11":"jugador-multipurpose","12":"marca-head-en","13":"superficie-lisa-en","14":"tipo-de-juego-potencia-en","15":"product_cat-palas","17":"first","18":"instock","19":"sale","20":"taxable","21":"shipping-taxable","22":"purchasable","23":"product-type-simple"},"acf":[],"yoast_head":"<!-- This site is optimized with the Yoast SEO plugin v27.4 - https:\/\/yoast.com\/product\/yoast-seo-wordpress\/ -->\n<title>HEAD SPEED MOTION 2023 - Revolution Padel Store<\/title>\n<meta name=\"description\" content=\"Con la innovadora tecnolog\u00eda Auxetic, la nueva pala HEAD SPEED MOTION 2023, est\u00e1 avalada por Ari S\u00e1nchez y tiene un dise\u00f1o moderno que combina el negro y el cobre.\" \/>\n<meta name=\"robots\" content=\"index, follow, max-snippet:-1, max-image-preview:large, max-video-preview:-1\" \/>\n<link rel=\"canonical\" href=\"https:\/\/revolutionpadelstore.com\/en\/head-speed-motion-2023-2\/\" \/>\n<meta property=\"og:locale\" content=\"en_US\" \/>\n<meta property=\"og:type\" content=\"article\" \/>\n<meta property=\"og:title\" content=\"HEAD SPEED MOTION 2023 - Revolution Padel Store\" \/>\n<meta property=\"og:description\" content=\"Con la innovadora tecnolog\u00eda Auxetic, la nueva pala HEAD SPEED MOTION 2023, est\u00e1 avalada por Ari S\u00e1nchez y tiene un dise\u00f1o moderno que combina el negro y el cobre.\" \/>\n<meta property=\"og:url\" content=\"https:\/\/revolutionpadelstore.com\/en\/head-speed-motion-2023-2\/\" \/>\n<meta property=\"og:site_name\" content=\"Revolution Padel Store\" \/>\n<meta property=\"article:modified_time\" content=\"2026-04-08T12:58:49+00:00\" \/>\n<meta property=\"og:image\" content=\"https:\/\/revolutionpadelstore.com\/wp-content\/uploads\/2024\/03\/head_speed_motion_2023_221023_32510_1_2eaf.webp\" \/>\n\t<meta property=\"og:image:width\" content=\"1500\" \/>\n\t<meta property=\"og:image:height\" content=\"1500\" \/>\n\t<meta property=\"og:image:type\" content=\"image\/webp\" \/>\n<meta name=\"twitter:card\" content=\"summary_large_image\" \/>\n<meta name=\"twitter:label1\" content=\"Est. reading time\" \/>\n\t<meta name=\"twitter:data1\" content=\"2 minutes\" \/>\n<script type=\"application\/ld+json\" class=\"yoast-schema-graph\">{\"@context\":\"https:\\\/\\\/schema.org\",\"@graph\":[{\"@type\":\"WebPage\",\"@id\":\"https:\\\/\\\/revolutionpadelstore.com\\\/en\\\/head-speed-motion-2023-2\\\/\",\"url\":\"https:\\\/\\\/revolutionpadelstore.com\\\/en\\\/head-speed-motion-2023-2\\\/\",\"name\":\"HEAD SPEED MOTION 2023 - Revolution Padel Store\",\"isPartOf\":{\"@id\":\"https:\\\/\\\/revolutionpadelstore.com\\\/en\\\/#website\"},\"primaryImageOfPage\":{\"@id\":\"https:\\\/\\\/revolutionpadelstore.com\\\/en\\\/head-speed-motion-2023-2\\\/#primaryimage\"},\"image\":{\"@id\":\"https:\\\/\\\/revolutionpadelstore.com\\\/en\\\/head-speed-motion-2023-2\\\/#primaryimage\"},\"thumbnailUrl\":\"https:\\\/\\\/revolutionpadelstore.com\\\/wp-content\\\/uploads\\\/2024\\\/03\\\/head_speed_motion_2023_221023_32510_1_2eaf.webp\",\"datePublished\":\"2024-03-19T18:57:26+00:00\",\"dateModified\":\"2026-04-08T12:58:49+00:00\",\"description\":\"Con la innovadora tecnolog\u00eda Auxetic, la nueva pala HEAD SPEED MOTION 2023, est\u00e1 avalada por Ari S\u00e1nchez y tiene un dise\u00f1o moderno que combina el negro y el cobre.\",\"breadcrumb\":{\"@id\":\"https:\\\/\\\/revolutionpadelstore.com\\\/en\\\/head-speed-motion-2023-2\\\/#breadcrumb\"},\"inLanguage\":\"en-US\",\"potentialAction\":[{\"@type\":\"ReadAction\",\"target\":[\"https:\\\/\\\/revolutionpadelstore.com\\\/en\\\/head-speed-motion-2023-2\\\/\"]}]},{\"@type\":\"ImageObject\",\"inLanguage\":\"en-US\",\"@id\":\"https:\\\/\\\/revolutionpadelstore.com\\\/en\\\/head-speed-motion-2023-2\\\/#primaryimage\",\"url\":\"https:\\\/\\\/revolutionpadelstore.com\\\/wp-content\\\/uploads\\\/2024\\\/03\\\/head_speed_motion_2023_221023_32510_1_2eaf.webp\",\"contentUrl\":\"https:\\\/\\\/revolutionpadelstore.com\\\/wp-content\\\/uploads\\\/2024\\\/03\\\/head_speed_motion_2023_221023_32510_1_2eaf.webp\",\"width\":1500,\"height\":1500},{\"@type\":\"BreadcrumbList\",\"@id\":\"https:\\\/\\\/revolutionpadelstore.com\\\/en\\\/head-speed-motion-2023-2\\\/#breadcrumb\",\"itemListElement\":[{\"@type\":\"ListItem\",\"position\":1,\"name\":\"Portada\",\"item\":\"https:\\\/\\\/revolutionpadelstore.com\\\/en\\\/\"},{\"@type\":\"ListItem\",\"position\":2,\"name\":\"Shop\",\"item\":\"https:\\\/\\\/revolutionpadelstore.com\\\/en\\\/shop\\\/\"},{\"@type\":\"ListItem\",\"position\":3,\"name\":\"HEAD SPEED MOTION 2023\"}]},{\"@type\":\"WebSite\",\"@id\":\"https:\\\/\\\/revolutionpadelstore.com\\\/en\\\/#website\",\"url\":\"https:\\\/\\\/revolutionpadelstore.com\\\/en\\\/\",\"name\":\"Revolution Padel Store\",\"description\":\"\",\"publisher\":{\"@id\":\"https:\\\/\\\/revolutionpadelstore.com\\\/en\\\/#organization\"},\"potentialAction\":[{\"@type\":\"SearchAction\",\"target\":{\"@type\":\"EntryPoint\",\"urlTemplate\":\"https:\\\/\\\/revolutionpadelstore.com\\\/en\\\/?s={search_term_string}\"},\"query-input\":{\"@type\":\"PropertyValueSpecification\",\"valueRequired\":true,\"valueName\":\"search_term_string\"}}],\"inLanguage\":\"en-US\"},{\"@type\":\"Organization\",\"@id\":\"https:\\\/\\\/revolutionpadelstore.com\\\/en\\\/#organization\",\"name\":\"Revolution Padel Store\",\"url\":\"https:\\\/\\\/revolutionpadelstore.com\\\/en\\\/\",\"logo\":{\"@type\":\"ImageObject\",\"inLanguage\":\"en-US\",\"@id\":\"https:\\\/\\\/revolutionpadelstore.com\\\/en\\\/#\\\/schema\\\/logo\\\/image\\\/\",\"url\":\"https:\\\/\\\/revolutionpadelstore.com\\\/wp-content\\\/uploads\\\/2026\\\/02\\\/revolution-padel-store.jpg\",\"contentUrl\":\"https:\\\/\\\/revolutionpadelstore.com\\\/wp-content\\\/uploads\\\/2026\\\/02\\\/revolution-padel-store.jpg\",\"width\":2000,\"height\":2000,\"caption\":\"Revolution Padel Store\"},\"image\":{\"@id\":\"https:\\\/\\\/revolutionpadelstore.com\\\/en\\\/#\\\/schema\\\/logo\\\/image\\\/\"},\"sameAs\":[\"https:\\\/\\\/www.instagram.com\\\/revolutionpadelstore\\\/\"]}]}<\/script>\n<!-- \/ Yoast SEO plugin. -->","yoast_head_json":{"title":"HEAD SPEED MOTION 2023 - Revolution Padel Store","description":"Con la innovadora tecnolog\u00eda Auxetic, la nueva pala HEAD SPEED MOTION 2023, est\u00e1 avalada por Ari S\u00e1nchez y tiene un dise\u00f1o moderno que combina el negro y el cobre.","robots":{"index":"index","follow":"follow","max-snippet":"max-snippet:-1","max-image-preview":"max-image-preview:large","max-video-preview":"max-video-preview:-1"},"canonical":"https:\/\/revolutionpadelstore.com\/en\/head-speed-motion-2023-2\/","og_locale":"en_US","og_type":"article","og_title":"HEAD SPEED MOTION 2023 - Revolution Padel Store","og_description":"Con la innovadora tecnolog\u00eda Auxetic, la nueva pala HEAD SPEED MOTION 2023, est\u00e1 avalada por Ari S\u00e1nchez y tiene un dise\u00f1o moderno que combina el negro y el cobre.","og_url":"https:\/\/revolutionpadelstore.com\/en\/head-speed-motion-2023-2\/","og_site_name":"Revolution Padel Store","article_modified_time":"2026-04-08T12:58:49+00:00","og_image":[{"width":1500,"height":1500,"url":"https:\/\/revolutionpadelstore.com\/wp-content\/uploads\/2024\/03\/head_speed_motion_2023_221023_32510_1_2eaf.webp","type":"image\/webp"}],"twitter_card":"summary_large_image","twitter_misc":{"Est. reading time":"2 minutes"},"schema":{"@context":"https:\/\/schema.org","@graph":[{"@type":"WebPage","@id":"https:\/\/revolutionpadelstore.com\/en\/head-speed-motion-2023-2\/","url":"https:\/\/revolutionpadelstore.com\/en\/head-speed-motion-2023-2\/","name":"HEAD SPEED MOTION 2023 - Revolution Padel Store","isPartOf":{"@id":"https:\/\/revolutionpadelstore.com\/en\/#website"},"primaryImageOfPage":{"@id":"https:\/\/revolutionpadelstore.com\/en\/head-speed-motion-2023-2\/#primaryimage"},"image":{"@id":"https:\/\/revolutionpadelstore.com\/en\/head-speed-motion-2023-2\/#primaryimage"},"thumbnailUrl":"https:\/\/revolutionpadelstore.com\/wp-content\/uploads\/2024\/03\/head_speed_motion_2023_221023_32510_1_2eaf.webp","datePublished":"2024-03-19T18:57:26+00:00","dateModified":"2026-04-08T12:58:49+00:00","description":"Con la innovadora tecnolog\u00eda Auxetic, la nueva pala HEAD SPEED MOTION 2023, est\u00e1 avalada por Ari S\u00e1nchez y tiene un dise\u00f1o moderno que combina el negro y el cobre.","breadcrumb":{"@id":"https:\/\/revolutionpadelstore.com\/en\/head-speed-motion-2023-2\/#breadcrumb"},"inLanguage":"en-US","potentialAction":[{"@type":"ReadAction","target":["https:\/\/revolutionpadelstore.com\/en\/head-speed-motion-2023-2\/"]}]},{"@type":"ImageObject","inLanguage":"en-US","@id":"https:\/\/revolutionpadelstore.com\/en\/head-speed-motion-2023-2\/#primaryimage","url":"https:\/\/revolutionpadelstore.com\/wp-content\/uploads\/2024\/03\/head_speed_motion_2023_221023_32510_1_2eaf.webp","contentUrl":"https:\/\/revolutionpadelstore.com\/wp-content\/uploads\/2024\/03\/head_speed_motion_2023_221023_32510_1_2eaf.webp","width":1500,"height":1500},{"@type":"BreadcrumbList","@id":"https:\/\/revolutionpadelstore.com\/en\/head-speed-motion-2023-2\/#breadcrumb","itemListElement":[{"@type":"ListItem","position":1,"name":"Portada","item":"https:\/\/revolutionpadelstore.com\/en\/"},{"@type":"ListItem","position":2,"name":"Shop","item":"https:\/\/revolutionpadelstore.com\/en\/shop\/"},{"@type":"ListItem","position":3,"name":"HEAD SPEED MOTION 2023"}]},{"@type":"WebSite","@id":"https:\/\/revolutionpadelstore.com\/en\/#website","url":"https:\/\/revolutionpadelstore.com\/en\/","name":"Revolution Padel Store","description":"","publisher":{"@id":"https:\/\/revolutionpadelstore.com\/en\/#organization"},"potentialAction":[{"@type":"SearchAction","target":{"@type":"EntryPoint","urlTemplate":"https:\/\/revolutionpadelstore.com\/en\/?s={search_term_string}"},"query-input":{"@type":"PropertyValueSpecification","valueRequired":true,"valueName":"search_term_string"}}],"inLanguage":"en-US"},{"@type":"Organization","@id":"https:\/\/revolutionpadelstore.com\/en\/#organization","name":"Revolution Padel Store","url":"https:\/\/revolutionpadelstore.com\/en\/","logo":{"@type":"ImageObject","inLanguage":"en-US","@id":"https:\/\/revolutionpadelstore.com\/en\/#\/schema\/logo\/image\/","url":"https:\/\/revolutionpadelstore.com\/wp-content\/uploads\/2026\/02\/revolution-padel-store.jpg","contentUrl":"https:\/\/revolutionpadelstore.com\/wp-content\/uploads\/2026\/02\/revolution-padel-store.jpg","width":2000,"height":2000,"caption":"Revolution Padel Store"},"image":{"@id":"https:\/\/revolutionpadelstore.com\/en\/#\/schema\/logo\/image\/"},"sameAs":["https:\/\/www.instagram.com\/revolutionpadelstore\/"]}]}},"_links":{"self":[{"href":"https:\/\/revolutionpadelstore.com\/en\/wp-json\/wp\/v2\/product\/20346","targetHints":{"allow":["GET"]}}],"collection":[{"href":"https:\/\/revolutionpadelstore.com\/en\/wp-json\/wp\/v2\/product"}],"about":[{"href":"https:\/\/revolutionpadelstore.com\/en\/wp-json\/wp\/v2\/types\/product"}],"replies":[{"embeddable":true,"href":"https:\/\/revolutionpadelstore.com\/en\/wp-json\/wp\/v2\/comments?post=20346"}],"wp:featuredmedia":[{"embeddable":true,"href":"https:\/\/revolutionpadelstore.com\/en\/wp-json\/wp\/v2\/media\/2874"}],"wp:attachment":[{"href":"https:\/\/revolutionpadelstore.com\/en\/wp-json\/wp\/v2\/media?parent=20346"}],"wp:term":[{"taxonomy":"acabado","embeddable":true,"href":"https:\/\/revolutionpadelstore.com\/en\/wp-json\/wp\/v2\/acabado?post=20346"},{"taxonomy":"balance","embeddable":true,"href":"https:\/\/revolutionpadelstore.com\/en\/wp-json\/wp\/v2\/balance?post=20346"},{"taxonomy":"dureza","embeddable":true,"href":"https:\/\/revolutionpadelstore.com\/en\/wp-json\/wp\/v2\/dureza?post=20346"},{"taxonomy":"forma","embeddable":true,"href":"https:\/\/revolutionpadelstore.com\/en\/wp-json\/wp\/v2\/forma?post=20346"},{"taxonomy":"jugador","embeddable":true,"href":"https:\/\/revolutionpadelstore.com\/en\/wp-json\/wp\/v2\/jugador?post=20346"},{"taxonomy":"marca","embeddable":true,"href":"https:\/\/revolutionpadelstore.com\/en\/wp-json\/wp\/v2\/marca?post=20346"},{"taxonomy":"nivel-de-juego","embeddable":true,"href":"https:\/\/revolutionpadelstore.com\/en\/wp-json\/wp\/v2\/nivel-de-juego?post=20346"},{"taxonomy":"superficie","embeddable":true,"href":"https:\/\/revolutionpadelstore.com\/en\/wp-json\/wp\/v2\/superficie?post=20346"},{"taxonomy":"tipo-de-juego","embeddable":true,"href":"https:\/\/revolutionpadelstore.com\/en\/wp-json\/wp\/v2\/tipo-de-juego?post=20346"},{"taxonomy":"product_brand","embeddable":true,"href":"https:\/\/revolutionpadelstore.com\/en\/wp-json\/wp\/v2\/product_brand?post=20346"},{"taxonomy":"product_cat","embeddable":true,"href":"https:\/\/revolutionpadelstore.com\/en\/wp-json\/wp\/v2\/product_cat?post=20346"},{"taxonomy":"product_tag","embeddable":true,"href":"https:\/\/revolutionpadelstore.com\/en\/wp-json\/wp\/v2\/product_tag?post=20346"}],"curies":[{"name":"wp","href":"https:\/\/api.w.org\/{rel}","templated":true}]}}