{"id":20326,"date":"2024-03-19T20:28:54","date_gmt":"2024-03-19T19:28:54","guid":{"rendered":"https:\/\/revolutionpadelstore.com\/nox-at10-genius-18k-agustin-tapia-2024\/"},"modified":"2026-04-22T14:01:11","modified_gmt":"2026-04-22T12:01:11","slug":"nox-at10-genius-18k-agustin-tapia-2024","status":"publish","type":"product","link":"https:\/\/revolutionpadelstore.com\/en\/nox-at10-genius-18k-agustin-tapia-2024\/","title":{"rendered":"NOX AT10 GENIUS 18K AGUSTIN TAPIA 2024"},"content":{"rendered":"<h2>Nox AT10 Genius 18K 2024 by Agust\u00edn Tapia, power and precision<\/h2>\n<p>The Nox AT10 Genius 18K 2024 racket by Agust\u00edn Tapia is the jewel of the new collection of Nox padel rackets. This <strong>multipurpose medium balance padel racket<\/strong> offers the player a perfect balance between power and control. With a teardrop shape, it also incorporates new materials and technologies that provide a more solid and comfortable touch with greater stability and superior performance on the court.<\/p>\n<h2>For what type of player is Tapia&#8217;s new padel racket recommended?<\/h2>\n<p>The <strong>Nox AT10 Luxury Genius 18K 2024<\/strong> has been designed for advanced level players. If you are looking for a <strong>handleable racket<\/strong> that allows you to control the ball with precision without giving up power, this is your racket. In addition, it has a <strong>rough sandy finish surface<\/strong> that provides optimal grip and allows you to hit shots with greater effect. Feel the same as Agust\u00edn Tapia on the track with the new Nox AT10 Genius 18K<\/p>\n<h2>Materials and technologies in the AT10 Luxury Genius 18K 2024 by Nox<\/h2>\n<p>This padel racket has been manufactured with a 100% carbon frame that gives it great stability and resistance. It also incorporates <em>DCS Dynamic Composit Structure<\/em> technology, which guarantees <strong>great durability and better performance<\/strong>.<\/p>\n<p>Likewise, the innovative <em>EOS Flap<\/em> system of lateral perforations better distributes weight, making it <strong>more aerodynamic and manageable<\/strong>.<\/p>\n<p>Its <strong>18K Aluminized Carbon faces<\/strong>, consistent but light, provide optimal ball output, achieving <strong>precise and powerful hits<\/strong> without compromising stability.<\/p>\n<p>Inside we find a Multilayer MLD Black EVA core that offers an exceptional touch.<\/p>\n<p>This combination of materials gives the Nox AT10 Genius 18K 2024 a medium hardness, allowing a more precise response that makes it easier to control the ball during hitting.<\/p>\n<p>Among its technologies it incorporates the <em>Pulse System<\/em> which, together with the <em>Nox Custom Grip<\/em> technology, improves the grip of the handle and <strong>reduces the vibrations produced during hitting strong&gt;, providing greater comfort during the game.<\/strong><\/p>\n<p>It also has the SmartStrap system, which allows you to easily replace the safety cord of the paddle without having to manipulate the bottom cap: more hygienic, safer and more customizable.<\/p>\n<h2>Enjoy Agust\u00edn Tapia&#8217;s new racket now in P\u0101del Nuestro<\/h2>\n<p>The <strong>Nox AT10 Luxury Genius 18K<\/strong> has returned to the slopes this season renewed. More manageable than its predecessor and with a generous sweet spot, it offers experienced padel players great control to accurately return even the most difficult balls. In addition, the combination of its core with the 18K Carbon Alum fiber on its faces provides exceptional power in finishing.<\/p>\n<p>The result is an innovative, stable and comfortable padel racket, which combines the best of technology and design to offer an unmatched gaming experience. What are you waiting for to have it in your hands?<\/p>\n<h2>Nox AT10 Genius 18K 2024 by Agust\u00edn Tapia, potencia y precisi\u00f3n<\/h2>\n","protected":false},"excerpt":{"rendered":"<p>Nox AT10 Genius 18K Agust\u00edn Tapia 2024, teardrop-shaped racket for the most demanding players. Made with luxury materials such as the multi-layer core and 18K Carbon Alum faces.<\/p>\n","protected":false},"featured_media":2927,"comment_status":"open","ping_status":"closed","template":"","meta":{"_acf_changed":false,"_joinchat":[]},"acabado":[1083],"balance":[1143],"dureza":[1158],"forma":[1188],"jugador":[1193,1203],"marca":[1263],"nivel-de-juego":[1338],"superficie":[1363],"tipo-de-juego":[1388],"product_brand":[],"product_cat":[303],"product_tag":[],"class_list":{"0":"post-20326","1":"product","2":"type-product","3":"status-publish","4":"has-post-thumbnail","6":"acabado-brightness","7":"balance-medium","8":"dureza-media-en","9":"forma-lagrima-en","10":"jugador-hombre-en","11":"jugador-multipurpose","12":"marca-nox-en","13":"superficie-rugosa-en","14":"tipo-de-juego-multipurpose","15":"product_cat-palas","17":"first","18":"instock","19":"sale","20":"taxable","21":"shipping-taxable","22":"purchasable","23":"product-type-simple"},"acf":[],"yoast_head":"<!-- This site is optimized with the Yoast SEO plugin v27.4 - https:\/\/yoast.com\/product\/yoast-seo-wordpress\/ -->\n<title>NOX AT10 GENIUS 18K AGUSTIN TAPIA 2024 - Revolution Padel Store<\/title>\n<meta name=\"description\" content=\"Nox AT10 Genius 18K Agust\u00edn Tapia 2024,pala en forma de lagrima para los jugadores m\u00e1s exigentes. Hecha con materiales de lujo como el n\u00facleo multicapa y las caras de Carbon Alum 18K.\" \/>\n<meta name=\"robots\" content=\"index, follow, max-snippet:-1, max-image-preview:large, max-video-preview:-1\" \/>\n<link rel=\"canonical\" href=\"https:\/\/revolutionpadelstore.com\/en\/nox-at10-genius-18k-agustin-tapia-2024\/\" \/>\n<meta property=\"og:locale\" content=\"en_US\" \/>\n<meta property=\"og:type\" content=\"article\" \/>\n<meta property=\"og:title\" content=\"NOX AT10 GENIUS 18K AGUSTIN TAPIA 2024 - Revolution Padel Store\" \/>\n<meta property=\"og:description\" content=\"Nox AT10 Genius 18K Agust\u00edn Tapia 2024,pala en forma de lagrima para los jugadores m\u00e1s exigentes. Hecha con materiales de lujo como el n\u00facleo multicapa y las caras de Carbon Alum 18K.\" \/>\n<meta property=\"og:url\" content=\"https:\/\/revolutionpadelstore.com\/en\/nox-at10-genius-18k-agustin-tapia-2024\/\" \/>\n<meta property=\"og:site_name\" content=\"Revolution Padel Store\" \/>\n<meta property=\"article:modified_time\" content=\"2026-04-22T12:01:11+00:00\" \/>\n<meta property=\"og:image\" content=\"https:\/\/revolutionpadelstore.com\/wp-content\/uploads\/2024\/03\/imagen_1_110805_9dc06b50_3191.webp\" \/>\n\t<meta property=\"og:image:width\" content=\"1500\" \/>\n\t<meta property=\"og:image:height\" content=\"1500\" \/>\n\t<meta property=\"og:image:type\" content=\"image\/webp\" \/>\n<meta name=\"twitter:card\" content=\"summary_large_image\" \/>\n<meta name=\"twitter:label1\" content=\"Est. reading time\" \/>\n\t<meta name=\"twitter:data1\" content=\"3 minutes\" \/>\n<script type=\"application\/ld+json\" class=\"yoast-schema-graph\">{\"@context\":\"https:\\\/\\\/schema.org\",\"@graph\":[{\"@type\":\"WebPage\",\"@id\":\"https:\\\/\\\/revolutionpadelstore.com\\\/en\\\/nox-at10-genius-18k-agustin-tapia-2024\\\/\",\"url\":\"https:\\\/\\\/revolutionpadelstore.com\\\/en\\\/nox-at10-genius-18k-agustin-tapia-2024\\\/\",\"name\":\"NOX AT10 GENIUS 18K AGUSTIN TAPIA 2024 - Revolution Padel Store\",\"isPartOf\":{\"@id\":\"https:\\\/\\\/revolutionpadelstore.com\\\/en\\\/#website\"},\"primaryImageOfPage\":{\"@id\":\"https:\\\/\\\/revolutionpadelstore.com\\\/en\\\/nox-at10-genius-18k-agustin-tapia-2024\\\/#primaryimage\"},\"image\":{\"@id\":\"https:\\\/\\\/revolutionpadelstore.com\\\/en\\\/nox-at10-genius-18k-agustin-tapia-2024\\\/#primaryimage\"},\"thumbnailUrl\":\"https:\\\/\\\/revolutionpadelstore.com\\\/wp-content\\\/uploads\\\/2024\\\/03\\\/imagen_1_110805_9dc06b50_3191.webp\",\"datePublished\":\"2024-03-19T19:28:54+00:00\",\"dateModified\":\"2026-04-22T12:01:11+00:00\",\"description\":\"Nox AT10 Genius 18K Agust\u00edn Tapia 2024,pala en forma de lagrima para los jugadores m\u00e1s exigentes. Hecha con materiales de lujo como el n\u00facleo multicapa y las caras de Carbon Alum 18K.\",\"breadcrumb\":{\"@id\":\"https:\\\/\\\/revolutionpadelstore.com\\\/en\\\/nox-at10-genius-18k-agustin-tapia-2024\\\/#breadcrumb\"},\"inLanguage\":\"en-US\",\"potentialAction\":[{\"@type\":\"ReadAction\",\"target\":[\"https:\\\/\\\/revolutionpadelstore.com\\\/en\\\/nox-at10-genius-18k-agustin-tapia-2024\\\/\"]}]},{\"@type\":\"ImageObject\",\"inLanguage\":\"en-US\",\"@id\":\"https:\\\/\\\/revolutionpadelstore.com\\\/en\\\/nox-at10-genius-18k-agustin-tapia-2024\\\/#primaryimage\",\"url\":\"https:\\\/\\\/revolutionpadelstore.com\\\/wp-content\\\/uploads\\\/2024\\\/03\\\/imagen_1_110805_9dc06b50_3191.webp\",\"contentUrl\":\"https:\\\/\\\/revolutionpadelstore.com\\\/wp-content\\\/uploads\\\/2024\\\/03\\\/imagen_1_110805_9dc06b50_3191.webp\",\"width\":1500,\"height\":1500},{\"@type\":\"BreadcrumbList\",\"@id\":\"https:\\\/\\\/revolutionpadelstore.com\\\/en\\\/nox-at10-genius-18k-agustin-tapia-2024\\\/#breadcrumb\",\"itemListElement\":[{\"@type\":\"ListItem\",\"position\":1,\"name\":\"Portada\",\"item\":\"https:\\\/\\\/revolutionpadelstore.com\\\/en\\\/\"},{\"@type\":\"ListItem\",\"position\":2,\"name\":\"Shop\",\"item\":\"https:\\\/\\\/revolutionpadelstore.com\\\/en\\\/shop\\\/\"},{\"@type\":\"ListItem\",\"position\":3,\"name\":\"NOX AT10 GENIUS 18K AGUSTIN TAPIA 2024\"}]},{\"@type\":\"WebSite\",\"@id\":\"https:\\\/\\\/revolutionpadelstore.com\\\/en\\\/#website\",\"url\":\"https:\\\/\\\/revolutionpadelstore.com\\\/en\\\/\",\"name\":\"Revolution Padel Store\",\"description\":\"\",\"publisher\":{\"@id\":\"https:\\\/\\\/revolutionpadelstore.com\\\/en\\\/#organization\"},\"potentialAction\":[{\"@type\":\"SearchAction\",\"target\":{\"@type\":\"EntryPoint\",\"urlTemplate\":\"https:\\\/\\\/revolutionpadelstore.com\\\/en\\\/?s={search_term_string}\"},\"query-input\":{\"@type\":\"PropertyValueSpecification\",\"valueRequired\":true,\"valueName\":\"search_term_string\"}}],\"inLanguage\":\"en-US\"},{\"@type\":\"Organization\",\"@id\":\"https:\\\/\\\/revolutionpadelstore.com\\\/en\\\/#organization\",\"name\":\"Revolution Padel Store\",\"url\":\"https:\\\/\\\/revolutionpadelstore.com\\\/en\\\/\",\"logo\":{\"@type\":\"ImageObject\",\"inLanguage\":\"en-US\",\"@id\":\"https:\\\/\\\/revolutionpadelstore.com\\\/en\\\/#\\\/schema\\\/logo\\\/image\\\/\",\"url\":\"https:\\\/\\\/revolutionpadelstore.com\\\/wp-content\\\/uploads\\\/2026\\\/02\\\/revolution-padel-store.jpg\",\"contentUrl\":\"https:\\\/\\\/revolutionpadelstore.com\\\/wp-content\\\/uploads\\\/2026\\\/02\\\/revolution-padel-store.jpg\",\"width\":2000,\"height\":2000,\"caption\":\"Revolution Padel Store\"},\"image\":{\"@id\":\"https:\\\/\\\/revolutionpadelstore.com\\\/en\\\/#\\\/schema\\\/logo\\\/image\\\/\"},\"sameAs\":[\"https:\\\/\\\/www.instagram.com\\\/revolutionpadelstore\\\/\"]}]}<\/script>\n<!-- \/ Yoast SEO plugin. -->","yoast_head_json":{"title":"NOX AT10 GENIUS 18K AGUSTIN TAPIA 2024 - Revolution Padel Store","description":"Nox AT10 Genius 18K Agust\u00edn Tapia 2024,pala en forma de lagrima para los jugadores m\u00e1s exigentes. Hecha con materiales de lujo como el n\u00facleo multicapa y las caras de Carbon Alum 18K.","robots":{"index":"index","follow":"follow","max-snippet":"max-snippet:-1","max-image-preview":"max-image-preview:large","max-video-preview":"max-video-preview:-1"},"canonical":"https:\/\/revolutionpadelstore.com\/en\/nox-at10-genius-18k-agustin-tapia-2024\/","og_locale":"en_US","og_type":"article","og_title":"NOX AT10 GENIUS 18K AGUSTIN TAPIA 2024 - Revolution Padel Store","og_description":"Nox AT10 Genius 18K Agust\u00edn Tapia 2024,pala en forma de lagrima para los jugadores m\u00e1s exigentes. Hecha con materiales de lujo como el n\u00facleo multicapa y las caras de Carbon Alum 18K.","og_url":"https:\/\/revolutionpadelstore.com\/en\/nox-at10-genius-18k-agustin-tapia-2024\/","og_site_name":"Revolution Padel Store","article_modified_time":"2026-04-22T12:01:11+00:00","og_image":[{"width":1500,"height":1500,"url":"https:\/\/revolutionpadelstore.com\/wp-content\/uploads\/2024\/03\/imagen_1_110805_9dc06b50_3191.webp","type":"image\/webp"}],"twitter_card":"summary_large_image","twitter_misc":{"Est. reading time":"3 minutes"},"schema":{"@context":"https:\/\/schema.org","@graph":[{"@type":"WebPage","@id":"https:\/\/revolutionpadelstore.com\/en\/nox-at10-genius-18k-agustin-tapia-2024\/","url":"https:\/\/revolutionpadelstore.com\/en\/nox-at10-genius-18k-agustin-tapia-2024\/","name":"NOX AT10 GENIUS 18K AGUSTIN TAPIA 2024 - Revolution Padel Store","isPartOf":{"@id":"https:\/\/revolutionpadelstore.com\/en\/#website"},"primaryImageOfPage":{"@id":"https:\/\/revolutionpadelstore.com\/en\/nox-at10-genius-18k-agustin-tapia-2024\/#primaryimage"},"image":{"@id":"https:\/\/revolutionpadelstore.com\/en\/nox-at10-genius-18k-agustin-tapia-2024\/#primaryimage"},"thumbnailUrl":"https:\/\/revolutionpadelstore.com\/wp-content\/uploads\/2024\/03\/imagen_1_110805_9dc06b50_3191.webp","datePublished":"2024-03-19T19:28:54+00:00","dateModified":"2026-04-22T12:01:11+00:00","description":"Nox AT10 Genius 18K Agust\u00edn Tapia 2024,pala en forma de lagrima para los jugadores m\u00e1s exigentes. Hecha con materiales de lujo como el n\u00facleo multicapa y las caras de Carbon Alum 18K.","breadcrumb":{"@id":"https:\/\/revolutionpadelstore.com\/en\/nox-at10-genius-18k-agustin-tapia-2024\/#breadcrumb"},"inLanguage":"en-US","potentialAction":[{"@type":"ReadAction","target":["https:\/\/revolutionpadelstore.com\/en\/nox-at10-genius-18k-agustin-tapia-2024\/"]}]},{"@type":"ImageObject","inLanguage":"en-US","@id":"https:\/\/revolutionpadelstore.com\/en\/nox-at10-genius-18k-agustin-tapia-2024\/#primaryimage","url":"https:\/\/revolutionpadelstore.com\/wp-content\/uploads\/2024\/03\/imagen_1_110805_9dc06b50_3191.webp","contentUrl":"https:\/\/revolutionpadelstore.com\/wp-content\/uploads\/2024\/03\/imagen_1_110805_9dc06b50_3191.webp","width":1500,"height":1500},{"@type":"BreadcrumbList","@id":"https:\/\/revolutionpadelstore.com\/en\/nox-at10-genius-18k-agustin-tapia-2024\/#breadcrumb","itemListElement":[{"@type":"ListItem","position":1,"name":"Portada","item":"https:\/\/revolutionpadelstore.com\/en\/"},{"@type":"ListItem","position":2,"name":"Shop","item":"https:\/\/revolutionpadelstore.com\/en\/shop\/"},{"@type":"ListItem","position":3,"name":"NOX AT10 GENIUS 18K AGUSTIN TAPIA 2024"}]},{"@type":"WebSite","@id":"https:\/\/revolutionpadelstore.com\/en\/#website","url":"https:\/\/revolutionpadelstore.com\/en\/","name":"Revolution Padel Store","description":"","publisher":{"@id":"https:\/\/revolutionpadelstore.com\/en\/#organization"},"potentialAction":[{"@type":"SearchAction","target":{"@type":"EntryPoint","urlTemplate":"https:\/\/revolutionpadelstore.com\/en\/?s={search_term_string}"},"query-input":{"@type":"PropertyValueSpecification","valueRequired":true,"valueName":"search_term_string"}}],"inLanguage":"en-US"},{"@type":"Organization","@id":"https:\/\/revolutionpadelstore.com\/en\/#organization","name":"Revolution Padel Store","url":"https:\/\/revolutionpadelstore.com\/en\/","logo":{"@type":"ImageObject","inLanguage":"en-US","@id":"https:\/\/revolutionpadelstore.com\/en\/#\/schema\/logo\/image\/","url":"https:\/\/revolutionpadelstore.com\/wp-content\/uploads\/2026\/02\/revolution-padel-store.jpg","contentUrl":"https:\/\/revolutionpadelstore.com\/wp-content\/uploads\/2026\/02\/revolution-padel-store.jpg","width":2000,"height":2000,"caption":"Revolution Padel Store"},"image":{"@id":"https:\/\/revolutionpadelstore.com\/en\/#\/schema\/logo\/image\/"},"sameAs":["https:\/\/www.instagram.com\/revolutionpadelstore\/"]}]}},"_links":{"self":[{"href":"https:\/\/revolutionpadelstore.com\/en\/wp-json\/wp\/v2\/product\/20326","targetHints":{"allow":["GET"]}}],"collection":[{"href":"https:\/\/revolutionpadelstore.com\/en\/wp-json\/wp\/v2\/product"}],"about":[{"href":"https:\/\/revolutionpadelstore.com\/en\/wp-json\/wp\/v2\/types\/product"}],"replies":[{"embeddable":true,"href":"https:\/\/revolutionpadelstore.com\/en\/wp-json\/wp\/v2\/comments?post=20326"}],"wp:featuredmedia":[{"embeddable":true,"href":"https:\/\/revolutionpadelstore.com\/en\/wp-json\/wp\/v2\/media\/2927"}],"wp:attachment":[{"href":"https:\/\/revolutionpadelstore.com\/en\/wp-json\/wp\/v2\/media?parent=20326"}],"wp:term":[{"taxonomy":"acabado","embeddable":true,"href":"https:\/\/revolutionpadelstore.com\/en\/wp-json\/wp\/v2\/acabado?post=20326"},{"taxonomy":"balance","embeddable":true,"href":"https:\/\/revolutionpadelstore.com\/en\/wp-json\/wp\/v2\/balance?post=20326"},{"taxonomy":"dureza","embeddable":true,"href":"https:\/\/revolutionpadelstore.com\/en\/wp-json\/wp\/v2\/dureza?post=20326"},{"taxonomy":"forma","embeddable":true,"href":"https:\/\/revolutionpadelstore.com\/en\/wp-json\/wp\/v2\/forma?post=20326"},{"taxonomy":"jugador","embeddable":true,"href":"https:\/\/revolutionpadelstore.com\/en\/wp-json\/wp\/v2\/jugador?post=20326"},{"taxonomy":"marca","embeddable":true,"href":"https:\/\/revolutionpadelstore.com\/en\/wp-json\/wp\/v2\/marca?post=20326"},{"taxonomy":"nivel-de-juego","embeddable":true,"href":"https:\/\/revolutionpadelstore.com\/en\/wp-json\/wp\/v2\/nivel-de-juego?post=20326"},{"taxonomy":"superficie","embeddable":true,"href":"https:\/\/revolutionpadelstore.com\/en\/wp-json\/wp\/v2\/superficie?post=20326"},{"taxonomy":"tipo-de-juego","embeddable":true,"href":"https:\/\/revolutionpadelstore.com\/en\/wp-json\/wp\/v2\/tipo-de-juego?post=20326"},{"taxonomy":"product_brand","embeddable":true,"href":"https:\/\/revolutionpadelstore.com\/en\/wp-json\/wp\/v2\/product_brand?post=20326"},{"taxonomy":"product_cat","embeddable":true,"href":"https:\/\/revolutionpadelstore.com\/en\/wp-json\/wp\/v2\/product_cat?post=20326"},{"taxonomy":"product_tag","embeddable":true,"href":"https:\/\/revolutionpadelstore.com\/en\/wp-json\/wp\/v2\/product_tag?post=20326"}],"curies":[{"name":"wp","href":"https:\/\/api.w.org\/{rel}","templated":true}]}}