{"id":20296,"date":"2024-03-21T14:42:40","date_gmt":"2024-03-21T13:42:40","guid":{"rendered":"https:\/\/revolutionpadelstore.com\/rs-padel-prime-team-edition-negro-azul-mujer\/"},"modified":"2026-04-08T14:54:38","modified_gmt":"2026-04-08T12:54:38","slug":"rs-padel-prime-team-edition-negro-azul-mujer-2","status":"publish","type":"product","link":"https:\/\/revolutionpadelstore.com\/en\/rs-padel-prime-team-edition-negro-azul-mujer-2\/","title":{"rendered":"RS PADEL PRIME TEAM EDITION NEGRO AZUL MUJER"},"content":{"rendered":"<h2>Why buy the RS Padel Prime Team Edition Women&#8217;s padel racket?<\/h2>\n<p>It is a padel racket with a medium balance. This facilitates versatile performance, which promotes both control and power.<\/p>\n<p>It has a teardrop shape and numerous perforations strategically placed in a circular direction. Both aspects allow a wide sweet spot and enormous maneuverability.<\/p>\n<h2>What type of player is the RS Padel Prime Team Edition Women&#8217;s padel racket for?<\/h2>\n<p>It is <strong>for adult paddlers of the most advanced levels<\/strong>, who require a maneuverable racket with great forcefulness in attacks and returns.<\/p>\n<h2>Design and colors<\/h2>\n<p>It boasts a smooth matte black color from the bridge and to the highest part of the sides. This contrasts with fillets of different thicknesses that have a pastel mint green hue, on the neck and at the ends of the main planes. In the center of these it incorporates two curved grayish-green stripes.<\/p>\n<h2>\u00bfPor qu\u00e9 adquirir la pala de p\u00e1del RS Padel Prime Team Edition Mujer?<\/h2>\n","protected":false},"excerpt":{"rendered":"<p>The<strong>RS Padel Prime Team Edition Black Blue Women padel racket<\/strong>includes technologies that promote great performance on the court. Its great elasticity facilitates highly precise hits.<\/p>\n","protected":false},"featured_media":3001,"comment_status":"open","ping_status":"closed","template":"","meta":{"_acf_changed":false,"_joinchat":[]},"acabado":[1098],"balance":[1143],"dureza":[1158],"forma":[1188],"jugador":[1198],"marca":[1313],"nivel-de-juego":[1338],"superficie":[1363],"tipo-de-juego":[1388],"product_brand":[],"product_cat":[303],"product_tag":[],"class_list":{"0":"post-20296","1":"product","2":"type-product","3":"status-publish","4":"has-post-thumbnail","6":"acabado-arenoso-en","7":"balance-medium","8":"dureza-media-en","9":"forma-lagrima-en","10":"jugador-woman","11":"marca-rs-padel-en","12":"superficie-rugosa-en","13":"tipo-de-juego-multipurpose","14":"product_cat-palas","16":"first","17":"instock","18":"taxable","19":"shipping-taxable","20":"purchasable","21":"product-type-simple"},"acf":[],"yoast_head":"<!-- This site is optimized with the Yoast SEO plugin v27.4 - https:\/\/yoast.com\/product\/yoast-seo-wordpress\/ -->\n<title>RS PADEL PRIME TEAM EDITION NEGRO AZUL MUJER - Revolution Padel Store<\/title>\n<meta name=\"description\" content=\"La pala de p\u00e1del RS Padel Prime Team Edition Negro Azul Mujer incluye tecnolog\u00edas que fomentan un gran desempe\u00f1o sobre la pista. Su gran elasticidad facilita golpes de gran precisi\u00f3n.\" \/>\n<meta name=\"robots\" content=\"index, follow, max-snippet:-1, max-image-preview:large, max-video-preview:-1\" \/>\n<link rel=\"canonical\" href=\"https:\/\/revolutionpadelstore.com\/en\/rs-padel-prime-team-edition-negro-azul-mujer-2\/\" \/>\n<meta property=\"og:locale\" content=\"en_US\" \/>\n<meta property=\"og:type\" content=\"article\" \/>\n<meta property=\"og:title\" content=\"RS PADEL PRIME TEAM EDITION NEGRO AZUL MUJER - Revolution Padel Store\" \/>\n<meta property=\"og:description\" content=\"La pala de p\u00e1del RS Padel Prime Team Edition Negro Azul Mujer incluye tecnolog\u00edas que fomentan un gran desempe\u00f1o sobre la pista. Su gran elasticidad facilita golpes de gran precisi\u00f3n.\" \/>\n<meta property=\"og:url\" content=\"https:\/\/revolutionpadelstore.com\/en\/rs-padel-prime-team-edition-negro-azul-mujer-2\/\" \/>\n<meta property=\"og:site_name\" content=\"Revolution Padel Store\" \/>\n<meta property=\"article:modified_time\" content=\"2026-04-08T12:54:38+00:00\" \/>\n<meta property=\"og:image\" content=\"https:\/\/revolutionpadelstore.com\/wp-content\/uploads\/2024\/03\/RS_PRIME_TEAM_EDITION_91021_MJR_VISTA1_1000_1000_dbdf.webp\" \/>\n\t<meta property=\"og:image:width\" content=\"1000\" \/>\n\t<meta property=\"og:image:height\" content=\"1000\" \/>\n\t<meta property=\"og:image:type\" content=\"image\/webp\" \/>\n<meta name=\"twitter:card\" content=\"summary_large_image\" \/>\n<meta name=\"twitter:label1\" content=\"Est. reading time\" \/>\n\t<meta name=\"twitter:data1\" content=\"1 minute\" \/>\n<script type=\"application\/ld+json\" class=\"yoast-schema-graph\">{\"@context\":\"https:\\\/\\\/schema.org\",\"@graph\":[{\"@type\":\"WebPage\",\"@id\":\"https:\\\/\\\/revolutionpadelstore.com\\\/en\\\/rs-padel-prime-team-edition-negro-azul-mujer-2\\\/\",\"url\":\"https:\\\/\\\/revolutionpadelstore.com\\\/en\\\/rs-padel-prime-team-edition-negro-azul-mujer-2\\\/\",\"name\":\"RS PADEL PRIME TEAM EDITION NEGRO AZUL MUJER - Revolution Padel Store\",\"isPartOf\":{\"@id\":\"https:\\\/\\\/revolutionpadelstore.com\\\/en\\\/#website\"},\"primaryImageOfPage\":{\"@id\":\"https:\\\/\\\/revolutionpadelstore.com\\\/en\\\/rs-padel-prime-team-edition-negro-azul-mujer-2\\\/#primaryimage\"},\"image\":{\"@id\":\"https:\\\/\\\/revolutionpadelstore.com\\\/en\\\/rs-padel-prime-team-edition-negro-azul-mujer-2\\\/#primaryimage\"},\"thumbnailUrl\":\"https:\\\/\\\/revolutionpadelstore.com\\\/wp-content\\\/uploads\\\/2024\\\/03\\\/RS_PRIME_TEAM_EDITION_91021_MJR_VISTA1_1000_1000_dbdf.webp\",\"datePublished\":\"2024-03-21T13:42:40+00:00\",\"dateModified\":\"2026-04-08T12:54:38+00:00\",\"description\":\"La pala de p\u00e1del RS Padel Prime Team Edition Negro Azul Mujer incluye tecnolog\u00edas que fomentan un gran desempe\u00f1o sobre la pista. Su gran elasticidad facilita golpes de gran precisi\u00f3n.\",\"breadcrumb\":{\"@id\":\"https:\\\/\\\/revolutionpadelstore.com\\\/en\\\/rs-padel-prime-team-edition-negro-azul-mujer-2\\\/#breadcrumb\"},\"inLanguage\":\"en-US\",\"potentialAction\":[{\"@type\":\"ReadAction\",\"target\":[\"https:\\\/\\\/revolutionpadelstore.com\\\/en\\\/rs-padel-prime-team-edition-negro-azul-mujer-2\\\/\"]}]},{\"@type\":\"ImageObject\",\"inLanguage\":\"en-US\",\"@id\":\"https:\\\/\\\/revolutionpadelstore.com\\\/en\\\/rs-padel-prime-team-edition-negro-azul-mujer-2\\\/#primaryimage\",\"url\":\"https:\\\/\\\/revolutionpadelstore.com\\\/wp-content\\\/uploads\\\/2024\\\/03\\\/RS_PRIME_TEAM_EDITION_91021_MJR_VISTA1_1000_1000_dbdf.webp\",\"contentUrl\":\"https:\\\/\\\/revolutionpadelstore.com\\\/wp-content\\\/uploads\\\/2024\\\/03\\\/RS_PRIME_TEAM_EDITION_91021_MJR_VISTA1_1000_1000_dbdf.webp\",\"width\":1000,\"height\":1000,\"caption\":\"RS PADEL PRIME TEAM EDITION NEGRO AZUL MUJER\"},{\"@type\":\"BreadcrumbList\",\"@id\":\"https:\\\/\\\/revolutionpadelstore.com\\\/en\\\/rs-padel-prime-team-edition-negro-azul-mujer-2\\\/#breadcrumb\",\"itemListElement\":[{\"@type\":\"ListItem\",\"position\":1,\"name\":\"Portada\",\"item\":\"https:\\\/\\\/revolutionpadelstore.com\\\/en\\\/\"},{\"@type\":\"ListItem\",\"position\":2,\"name\":\"Shop\",\"item\":\"https:\\\/\\\/revolutionpadelstore.com\\\/en\\\/shop\\\/\"},{\"@type\":\"ListItem\",\"position\":3,\"name\":\"RS PADEL PRIME TEAM EDITION NEGRO AZUL MUJER\"}]},{\"@type\":\"WebSite\",\"@id\":\"https:\\\/\\\/revolutionpadelstore.com\\\/en\\\/#website\",\"url\":\"https:\\\/\\\/revolutionpadelstore.com\\\/en\\\/\",\"name\":\"Revolution Padel Store\",\"description\":\"\",\"publisher\":{\"@id\":\"https:\\\/\\\/revolutionpadelstore.com\\\/en\\\/#organization\"},\"potentialAction\":[{\"@type\":\"SearchAction\",\"target\":{\"@type\":\"EntryPoint\",\"urlTemplate\":\"https:\\\/\\\/revolutionpadelstore.com\\\/en\\\/?s={search_term_string}\"},\"query-input\":{\"@type\":\"PropertyValueSpecification\",\"valueRequired\":true,\"valueName\":\"search_term_string\"}}],\"inLanguage\":\"en-US\"},{\"@type\":\"Organization\",\"@id\":\"https:\\\/\\\/revolutionpadelstore.com\\\/en\\\/#organization\",\"name\":\"Revolution Padel Store\",\"url\":\"https:\\\/\\\/revolutionpadelstore.com\\\/en\\\/\",\"logo\":{\"@type\":\"ImageObject\",\"inLanguage\":\"en-US\",\"@id\":\"https:\\\/\\\/revolutionpadelstore.com\\\/en\\\/#\\\/schema\\\/logo\\\/image\\\/\",\"url\":\"https:\\\/\\\/revolutionpadelstore.com\\\/wp-content\\\/uploads\\\/2026\\\/02\\\/revolution-padel-store.jpg\",\"contentUrl\":\"https:\\\/\\\/revolutionpadelstore.com\\\/wp-content\\\/uploads\\\/2026\\\/02\\\/revolution-padel-store.jpg\",\"width\":2000,\"height\":2000,\"caption\":\"Revolution Padel Store\"},\"image\":{\"@id\":\"https:\\\/\\\/revolutionpadelstore.com\\\/en\\\/#\\\/schema\\\/logo\\\/image\\\/\"},\"sameAs\":[\"https:\\\/\\\/www.instagram.com\\\/revolutionpadelstore\\\/\"]}]}<\/script>\n<!-- \/ Yoast SEO plugin. -->","yoast_head_json":{"title":"RS PADEL PRIME TEAM EDITION NEGRO AZUL MUJER - Revolution Padel Store","description":"La pala de p\u00e1del RS Padel Prime Team Edition Negro Azul Mujer incluye tecnolog\u00edas que fomentan un gran desempe\u00f1o sobre la pista. Su gran elasticidad facilita golpes de gran precisi\u00f3n.","robots":{"index":"index","follow":"follow","max-snippet":"max-snippet:-1","max-image-preview":"max-image-preview:large","max-video-preview":"max-video-preview:-1"},"canonical":"https:\/\/revolutionpadelstore.com\/en\/rs-padel-prime-team-edition-negro-azul-mujer-2\/","og_locale":"en_US","og_type":"article","og_title":"RS PADEL PRIME TEAM EDITION NEGRO AZUL MUJER - Revolution Padel Store","og_description":"La pala de p\u00e1del RS Padel Prime Team Edition Negro Azul Mujer incluye tecnolog\u00edas que fomentan un gran desempe\u00f1o sobre la pista. Su gran elasticidad facilita golpes de gran precisi\u00f3n.","og_url":"https:\/\/revolutionpadelstore.com\/en\/rs-padel-prime-team-edition-negro-azul-mujer-2\/","og_site_name":"Revolution Padel Store","article_modified_time":"2026-04-08T12:54:38+00:00","og_image":[{"width":1000,"height":1000,"url":"https:\/\/revolutionpadelstore.com\/wp-content\/uploads\/2024\/03\/RS_PRIME_TEAM_EDITION_91021_MJR_VISTA1_1000_1000_dbdf.webp","type":"image\/webp"}],"twitter_card":"summary_large_image","twitter_misc":{"Est. reading time":"1 minute"},"schema":{"@context":"https:\/\/schema.org","@graph":[{"@type":"WebPage","@id":"https:\/\/revolutionpadelstore.com\/en\/rs-padel-prime-team-edition-negro-azul-mujer-2\/","url":"https:\/\/revolutionpadelstore.com\/en\/rs-padel-prime-team-edition-negro-azul-mujer-2\/","name":"RS PADEL PRIME TEAM EDITION NEGRO AZUL MUJER - Revolution Padel Store","isPartOf":{"@id":"https:\/\/revolutionpadelstore.com\/en\/#website"},"primaryImageOfPage":{"@id":"https:\/\/revolutionpadelstore.com\/en\/rs-padel-prime-team-edition-negro-azul-mujer-2\/#primaryimage"},"image":{"@id":"https:\/\/revolutionpadelstore.com\/en\/rs-padel-prime-team-edition-negro-azul-mujer-2\/#primaryimage"},"thumbnailUrl":"https:\/\/revolutionpadelstore.com\/wp-content\/uploads\/2024\/03\/RS_PRIME_TEAM_EDITION_91021_MJR_VISTA1_1000_1000_dbdf.webp","datePublished":"2024-03-21T13:42:40+00:00","dateModified":"2026-04-08T12:54:38+00:00","description":"La pala de p\u00e1del RS Padel Prime Team Edition Negro Azul Mujer incluye tecnolog\u00edas que fomentan un gran desempe\u00f1o sobre la pista. Su gran elasticidad facilita golpes de gran precisi\u00f3n.","breadcrumb":{"@id":"https:\/\/revolutionpadelstore.com\/en\/rs-padel-prime-team-edition-negro-azul-mujer-2\/#breadcrumb"},"inLanguage":"en-US","potentialAction":[{"@type":"ReadAction","target":["https:\/\/revolutionpadelstore.com\/en\/rs-padel-prime-team-edition-negro-azul-mujer-2\/"]}]},{"@type":"ImageObject","inLanguage":"en-US","@id":"https:\/\/revolutionpadelstore.com\/en\/rs-padel-prime-team-edition-negro-azul-mujer-2\/#primaryimage","url":"https:\/\/revolutionpadelstore.com\/wp-content\/uploads\/2024\/03\/RS_PRIME_TEAM_EDITION_91021_MJR_VISTA1_1000_1000_dbdf.webp","contentUrl":"https:\/\/revolutionpadelstore.com\/wp-content\/uploads\/2024\/03\/RS_PRIME_TEAM_EDITION_91021_MJR_VISTA1_1000_1000_dbdf.webp","width":1000,"height":1000,"caption":"RS PADEL PRIME TEAM EDITION NEGRO AZUL MUJER"},{"@type":"BreadcrumbList","@id":"https:\/\/revolutionpadelstore.com\/en\/rs-padel-prime-team-edition-negro-azul-mujer-2\/#breadcrumb","itemListElement":[{"@type":"ListItem","position":1,"name":"Portada","item":"https:\/\/revolutionpadelstore.com\/en\/"},{"@type":"ListItem","position":2,"name":"Shop","item":"https:\/\/revolutionpadelstore.com\/en\/shop\/"},{"@type":"ListItem","position":3,"name":"RS PADEL PRIME TEAM EDITION NEGRO AZUL MUJER"}]},{"@type":"WebSite","@id":"https:\/\/revolutionpadelstore.com\/en\/#website","url":"https:\/\/revolutionpadelstore.com\/en\/","name":"Revolution Padel Store","description":"","publisher":{"@id":"https:\/\/revolutionpadelstore.com\/en\/#organization"},"potentialAction":[{"@type":"SearchAction","target":{"@type":"EntryPoint","urlTemplate":"https:\/\/revolutionpadelstore.com\/en\/?s={search_term_string}"},"query-input":{"@type":"PropertyValueSpecification","valueRequired":true,"valueName":"search_term_string"}}],"inLanguage":"en-US"},{"@type":"Organization","@id":"https:\/\/revolutionpadelstore.com\/en\/#organization","name":"Revolution Padel Store","url":"https:\/\/revolutionpadelstore.com\/en\/","logo":{"@type":"ImageObject","inLanguage":"en-US","@id":"https:\/\/revolutionpadelstore.com\/en\/#\/schema\/logo\/image\/","url":"https:\/\/revolutionpadelstore.com\/wp-content\/uploads\/2026\/02\/revolution-padel-store.jpg","contentUrl":"https:\/\/revolutionpadelstore.com\/wp-content\/uploads\/2026\/02\/revolution-padel-store.jpg","width":2000,"height":2000,"caption":"Revolution Padel Store"},"image":{"@id":"https:\/\/revolutionpadelstore.com\/en\/#\/schema\/logo\/image\/"},"sameAs":["https:\/\/www.instagram.com\/revolutionpadelstore\/"]}]}},"_links":{"self":[{"href":"https:\/\/revolutionpadelstore.com\/en\/wp-json\/wp\/v2\/product\/20296","targetHints":{"allow":["GET"]}}],"collection":[{"href":"https:\/\/revolutionpadelstore.com\/en\/wp-json\/wp\/v2\/product"}],"about":[{"href":"https:\/\/revolutionpadelstore.com\/en\/wp-json\/wp\/v2\/types\/product"}],"replies":[{"embeddable":true,"href":"https:\/\/revolutionpadelstore.com\/en\/wp-json\/wp\/v2\/comments?post=20296"}],"wp:featuredmedia":[{"embeddable":true,"href":"https:\/\/revolutionpadelstore.com\/en\/wp-json\/wp\/v2\/media\/3001"}],"wp:attachment":[{"href":"https:\/\/revolutionpadelstore.com\/en\/wp-json\/wp\/v2\/media?parent=20296"}],"wp:term":[{"taxonomy":"acabado","embeddable":true,"href":"https:\/\/revolutionpadelstore.com\/en\/wp-json\/wp\/v2\/acabado?post=20296"},{"taxonomy":"balance","embeddable":true,"href":"https:\/\/revolutionpadelstore.com\/en\/wp-json\/wp\/v2\/balance?post=20296"},{"taxonomy":"dureza","embeddable":true,"href":"https:\/\/revolutionpadelstore.com\/en\/wp-json\/wp\/v2\/dureza?post=20296"},{"taxonomy":"forma","embeddable":true,"href":"https:\/\/revolutionpadelstore.com\/en\/wp-json\/wp\/v2\/forma?post=20296"},{"taxonomy":"jugador","embeddable":true,"href":"https:\/\/revolutionpadelstore.com\/en\/wp-json\/wp\/v2\/jugador?post=20296"},{"taxonomy":"marca","embeddable":true,"href":"https:\/\/revolutionpadelstore.com\/en\/wp-json\/wp\/v2\/marca?post=20296"},{"taxonomy":"nivel-de-juego","embeddable":true,"href":"https:\/\/revolutionpadelstore.com\/en\/wp-json\/wp\/v2\/nivel-de-juego?post=20296"},{"taxonomy":"superficie","embeddable":true,"href":"https:\/\/revolutionpadelstore.com\/en\/wp-json\/wp\/v2\/superficie?post=20296"},{"taxonomy":"tipo-de-juego","embeddable":true,"href":"https:\/\/revolutionpadelstore.com\/en\/wp-json\/wp\/v2\/tipo-de-juego?post=20296"},{"taxonomy":"product_brand","embeddable":true,"href":"https:\/\/revolutionpadelstore.com\/en\/wp-json\/wp\/v2\/product_brand?post=20296"},{"taxonomy":"product_cat","embeddable":true,"href":"https:\/\/revolutionpadelstore.com\/en\/wp-json\/wp\/v2\/product_cat?post=20296"},{"taxonomy":"product_tag","embeddable":true,"href":"https:\/\/revolutionpadelstore.com\/en\/wp-json\/wp\/v2\/product_tag?post=20296"}],"curies":[{"name":"wp","href":"https:\/\/api.w.org\/{rel}","templated":true}]}}