{"id":20286,"date":"2024-03-21T14:50:13","date_gmt":"2024-03-21T13:50:13","guid":{"rendered":"https:\/\/revolutionpadelstore.com\/rs-cobra-apex-edition-women-black\/"},"modified":"2026-04-08T14:53:28","modified_gmt":"2026-04-08T12:53:28","slug":"rs-cobra-apex-edition-women-black-2","status":"publish","type":"product","link":"https:\/\/revolutionpadelstore.com\/en\/rs-cobra-apex-edition-women-black-2\/","title":{"rendered":"RS COBRA APEX EDITION WOMEN BLACK"},"content":{"rendered":"<h2>What does the RS Cobra Apex Edition 91029 women&#8217;s padel racket offer?<\/h2>\n<p>The RS Cobra Apex Edition 91029 women&#8217;s padel racket, from the Robin Soderling brand, offers great performance, thanks to the lightness of its materials. The design of the blade provides improved balance, which distributes the weight of the blade towards the grip. The biggest advantage is that it offers the player greater control and precision in each shot.<\/p>\n<h2>What type of player is the RS Cobra Apex Edition 91029 women&#8217;s padel racket for?<\/h2>\n<p>The RS Cobra Apex Edition 91029 women&#8217;s padel racket is designed for intermediate or progressing players. Its maneuverability makes it suitable for easy control of hitting.<\/p>\n<h2>Design and colors<\/h2>\n<p>The body of the Cobra Apex Edition 91029 racket is predominantly black. In the center of its face the Robin Soderling brand logo stands out in soft pink.<\/p>\n<h2>\u00bfQu\u00e9 ofrece la pala de p\u00e1del RS Cobra Apex Edition 91029 de mujer?<\/h2>\n","protected":false},"excerpt":{"rendered":"<p>The <strong>padel racket<\/strong> RS Cobra Apex Edition 91029 for women, from the Robin Soderling brand, has a teardrop shape that offers maneuverability, thanks to its design and combination of materials.<\/p>\n","protected":false},"featured_media":3026,"comment_status":"open","ping_status":"closed","template":"","meta":{"_acf_changed":false,"_joinchat":[]},"acabado":[1098],"balance":[1148],"dureza":[1158],"forma":[1188],"jugador":[1198],"marca":[1313],"nivel-de-juego":[1338],"superficie":[1363],"tipo-de-juego":[1388],"product_brand":[],"product_cat":[303],"product_tag":[],"class_list":{"0":"post-20286","1":"product","2":"type-product","3":"status-publish","4":"has-post-thumbnail","6":"acabado-arenoso-en","7":"balance-bajo-en","8":"dureza-media-en","9":"forma-lagrima-en","10":"jugador-woman","11":"marca-rs-padel-en","12":"superficie-rugosa-en","13":"tipo-de-juego-multipurpose","14":"product_cat-palas","16":"first","17":"instock","18":"taxable","19":"shipping-taxable","20":"purchasable","21":"product-type-simple"},"acf":[],"yoast_head":"<!-- This site is optimized with the Yoast SEO plugin v27.4 - https:\/\/yoast.com\/product\/yoast-seo-wordpress\/ -->\n<title>RS COBRA APEX EDITION WOMEN BLACK - Revolution Padel Store<\/title>\n<meta name=\"description\" content=\"La pala de p\u00e1del RS Cobra Apex Edition 91029 de mujer, de la marca Robin Soderling, tiene una forma en l\u00e1grima que ofrece manejabilidad, gracias su dise\u00f1o y combinaci\u00f3n de materiales.\" \/>\n<meta name=\"robots\" content=\"index, follow, max-snippet:-1, max-image-preview:large, max-video-preview:-1\" \/>\n<link rel=\"canonical\" href=\"https:\/\/revolutionpadelstore.com\/en\/rs-cobra-apex-edition-women-black-2\/\" \/>\n<meta property=\"og:locale\" content=\"en_US\" \/>\n<meta property=\"og:type\" content=\"article\" \/>\n<meta property=\"og:title\" content=\"RS COBRA APEX EDITION WOMEN BLACK - Revolution Padel Store\" \/>\n<meta property=\"og:description\" content=\"La pala de p\u00e1del RS Cobra Apex Edition 91029 de mujer, de la marca Robin Soderling, tiene una forma en l\u00e1grima que ofrece manejabilidad, gracias su dise\u00f1o y combinaci\u00f3n de materiales.\" \/>\n<meta property=\"og:url\" content=\"https:\/\/revolutionpadelstore.com\/en\/rs-cobra-apex-edition-women-black-2\/\" \/>\n<meta property=\"og:site_name\" content=\"Revolution Padel Store\" \/>\n<meta property=\"article:modified_time\" content=\"2026-04-08T12:53:28+00:00\" \/>\n<meta property=\"og:image\" content=\"https:\/\/revolutionpadelstore.com\/wp-content\/uploads\/2024\/03\/RS_COBRA_APEX_EDITION_91029_MJR_VISTA1_1000_1000_9041.webp\" \/>\n\t<meta property=\"og:image:width\" content=\"1000\" \/>\n\t<meta property=\"og:image:height\" content=\"1000\" \/>\n\t<meta property=\"og:image:type\" content=\"image\/webp\" \/>\n<meta name=\"twitter:card\" content=\"summary_large_image\" \/>\n<meta name=\"twitter:label1\" content=\"Est. reading time\" \/>\n\t<meta name=\"twitter:data1\" content=\"1 minute\" \/>\n<script type=\"application\/ld+json\" class=\"yoast-schema-graph\">{\"@context\":\"https:\\\/\\\/schema.org\",\"@graph\":[{\"@type\":\"WebPage\",\"@id\":\"https:\\\/\\\/revolutionpadelstore.com\\\/en\\\/rs-cobra-apex-edition-women-black-2\\\/\",\"url\":\"https:\\\/\\\/revolutionpadelstore.com\\\/en\\\/rs-cobra-apex-edition-women-black-2\\\/\",\"name\":\"RS COBRA APEX EDITION WOMEN BLACK - Revolution Padel Store\",\"isPartOf\":{\"@id\":\"https:\\\/\\\/revolutionpadelstore.com\\\/en\\\/#website\"},\"primaryImageOfPage\":{\"@id\":\"https:\\\/\\\/revolutionpadelstore.com\\\/en\\\/rs-cobra-apex-edition-women-black-2\\\/#primaryimage\"},\"image\":{\"@id\":\"https:\\\/\\\/revolutionpadelstore.com\\\/en\\\/rs-cobra-apex-edition-women-black-2\\\/#primaryimage\"},\"thumbnailUrl\":\"https:\\\/\\\/revolutionpadelstore.com\\\/wp-content\\\/uploads\\\/2024\\\/03\\\/RS_COBRA_APEX_EDITION_91029_MJR_VISTA1_1000_1000_9041.webp\",\"datePublished\":\"2024-03-21T13:50:13+00:00\",\"dateModified\":\"2026-04-08T12:53:28+00:00\",\"description\":\"La pala de p\u00e1del RS Cobra Apex Edition 91029 de mujer, de la marca Robin Soderling, tiene una forma en l\u00e1grima que ofrece manejabilidad, gracias su dise\u00f1o y combinaci\u00f3n de materiales.\",\"breadcrumb\":{\"@id\":\"https:\\\/\\\/revolutionpadelstore.com\\\/en\\\/rs-cobra-apex-edition-women-black-2\\\/#breadcrumb\"},\"inLanguage\":\"en-US\",\"potentialAction\":[{\"@type\":\"ReadAction\",\"target\":[\"https:\\\/\\\/revolutionpadelstore.com\\\/en\\\/rs-cobra-apex-edition-women-black-2\\\/\"]}]},{\"@type\":\"ImageObject\",\"inLanguage\":\"en-US\",\"@id\":\"https:\\\/\\\/revolutionpadelstore.com\\\/en\\\/rs-cobra-apex-edition-women-black-2\\\/#primaryimage\",\"url\":\"https:\\\/\\\/revolutionpadelstore.com\\\/wp-content\\\/uploads\\\/2024\\\/03\\\/RS_COBRA_APEX_EDITION_91029_MJR_VISTA1_1000_1000_9041.webp\",\"contentUrl\":\"https:\\\/\\\/revolutionpadelstore.com\\\/wp-content\\\/uploads\\\/2024\\\/03\\\/RS_COBRA_APEX_EDITION_91029_MJR_VISTA1_1000_1000_9041.webp\",\"width\":1000,\"height\":1000,\"caption\":\"RS COBRA APEX EDITION WOMEN BLACK\"},{\"@type\":\"BreadcrumbList\",\"@id\":\"https:\\\/\\\/revolutionpadelstore.com\\\/en\\\/rs-cobra-apex-edition-women-black-2\\\/#breadcrumb\",\"itemListElement\":[{\"@type\":\"ListItem\",\"position\":1,\"name\":\"Portada\",\"item\":\"https:\\\/\\\/revolutionpadelstore.com\\\/en\\\/\"},{\"@type\":\"ListItem\",\"position\":2,\"name\":\"Shop\",\"item\":\"https:\\\/\\\/revolutionpadelstore.com\\\/en\\\/shop\\\/\"},{\"@type\":\"ListItem\",\"position\":3,\"name\":\"RS COBRA APEX EDITION WOMEN BLACK\"}]},{\"@type\":\"WebSite\",\"@id\":\"https:\\\/\\\/revolutionpadelstore.com\\\/en\\\/#website\",\"url\":\"https:\\\/\\\/revolutionpadelstore.com\\\/en\\\/\",\"name\":\"Revolution Padel Store\",\"description\":\"\",\"publisher\":{\"@id\":\"https:\\\/\\\/revolutionpadelstore.com\\\/en\\\/#organization\"},\"potentialAction\":[{\"@type\":\"SearchAction\",\"target\":{\"@type\":\"EntryPoint\",\"urlTemplate\":\"https:\\\/\\\/revolutionpadelstore.com\\\/en\\\/?s={search_term_string}\"},\"query-input\":{\"@type\":\"PropertyValueSpecification\",\"valueRequired\":true,\"valueName\":\"search_term_string\"}}],\"inLanguage\":\"en-US\"},{\"@type\":\"Organization\",\"@id\":\"https:\\\/\\\/revolutionpadelstore.com\\\/en\\\/#organization\",\"name\":\"Revolution Padel Store\",\"url\":\"https:\\\/\\\/revolutionpadelstore.com\\\/en\\\/\",\"logo\":{\"@type\":\"ImageObject\",\"inLanguage\":\"en-US\",\"@id\":\"https:\\\/\\\/revolutionpadelstore.com\\\/en\\\/#\\\/schema\\\/logo\\\/image\\\/\",\"url\":\"https:\\\/\\\/revolutionpadelstore.com\\\/wp-content\\\/uploads\\\/2026\\\/02\\\/revolution-padel-store.jpg\",\"contentUrl\":\"https:\\\/\\\/revolutionpadelstore.com\\\/wp-content\\\/uploads\\\/2026\\\/02\\\/revolution-padel-store.jpg\",\"width\":2000,\"height\":2000,\"caption\":\"Revolution Padel Store\"},\"image\":{\"@id\":\"https:\\\/\\\/revolutionpadelstore.com\\\/en\\\/#\\\/schema\\\/logo\\\/image\\\/\"},\"sameAs\":[\"https:\\\/\\\/www.instagram.com\\\/revolutionpadelstore\\\/\"]}]}<\/script>\n<!-- \/ Yoast SEO plugin. -->","yoast_head_json":{"title":"RS COBRA APEX EDITION WOMEN BLACK - Revolution Padel Store","description":"La pala de p\u00e1del RS Cobra Apex Edition 91029 de mujer, de la marca Robin Soderling, tiene una forma en l\u00e1grima que ofrece manejabilidad, gracias su dise\u00f1o y combinaci\u00f3n de materiales.","robots":{"index":"index","follow":"follow","max-snippet":"max-snippet:-1","max-image-preview":"max-image-preview:large","max-video-preview":"max-video-preview:-1"},"canonical":"https:\/\/revolutionpadelstore.com\/en\/rs-cobra-apex-edition-women-black-2\/","og_locale":"en_US","og_type":"article","og_title":"RS COBRA APEX EDITION WOMEN BLACK - Revolution Padel Store","og_description":"La pala de p\u00e1del RS Cobra Apex Edition 91029 de mujer, de la marca Robin Soderling, tiene una forma en l\u00e1grima que ofrece manejabilidad, gracias su dise\u00f1o y combinaci\u00f3n de materiales.","og_url":"https:\/\/revolutionpadelstore.com\/en\/rs-cobra-apex-edition-women-black-2\/","og_site_name":"Revolution Padel Store","article_modified_time":"2026-04-08T12:53:28+00:00","og_image":[{"width":1000,"height":1000,"url":"https:\/\/revolutionpadelstore.com\/wp-content\/uploads\/2024\/03\/RS_COBRA_APEX_EDITION_91029_MJR_VISTA1_1000_1000_9041.webp","type":"image\/webp"}],"twitter_card":"summary_large_image","twitter_misc":{"Est. reading time":"1 minute"},"schema":{"@context":"https:\/\/schema.org","@graph":[{"@type":"WebPage","@id":"https:\/\/revolutionpadelstore.com\/en\/rs-cobra-apex-edition-women-black-2\/","url":"https:\/\/revolutionpadelstore.com\/en\/rs-cobra-apex-edition-women-black-2\/","name":"RS COBRA APEX EDITION WOMEN BLACK - Revolution Padel Store","isPartOf":{"@id":"https:\/\/revolutionpadelstore.com\/en\/#website"},"primaryImageOfPage":{"@id":"https:\/\/revolutionpadelstore.com\/en\/rs-cobra-apex-edition-women-black-2\/#primaryimage"},"image":{"@id":"https:\/\/revolutionpadelstore.com\/en\/rs-cobra-apex-edition-women-black-2\/#primaryimage"},"thumbnailUrl":"https:\/\/revolutionpadelstore.com\/wp-content\/uploads\/2024\/03\/RS_COBRA_APEX_EDITION_91029_MJR_VISTA1_1000_1000_9041.webp","datePublished":"2024-03-21T13:50:13+00:00","dateModified":"2026-04-08T12:53:28+00:00","description":"La pala de p\u00e1del RS Cobra Apex Edition 91029 de mujer, de la marca Robin Soderling, tiene una forma en l\u00e1grima que ofrece manejabilidad, gracias su dise\u00f1o y combinaci\u00f3n de materiales.","breadcrumb":{"@id":"https:\/\/revolutionpadelstore.com\/en\/rs-cobra-apex-edition-women-black-2\/#breadcrumb"},"inLanguage":"en-US","potentialAction":[{"@type":"ReadAction","target":["https:\/\/revolutionpadelstore.com\/en\/rs-cobra-apex-edition-women-black-2\/"]}]},{"@type":"ImageObject","inLanguage":"en-US","@id":"https:\/\/revolutionpadelstore.com\/en\/rs-cobra-apex-edition-women-black-2\/#primaryimage","url":"https:\/\/revolutionpadelstore.com\/wp-content\/uploads\/2024\/03\/RS_COBRA_APEX_EDITION_91029_MJR_VISTA1_1000_1000_9041.webp","contentUrl":"https:\/\/revolutionpadelstore.com\/wp-content\/uploads\/2024\/03\/RS_COBRA_APEX_EDITION_91029_MJR_VISTA1_1000_1000_9041.webp","width":1000,"height":1000,"caption":"RS COBRA APEX EDITION WOMEN BLACK"},{"@type":"BreadcrumbList","@id":"https:\/\/revolutionpadelstore.com\/en\/rs-cobra-apex-edition-women-black-2\/#breadcrumb","itemListElement":[{"@type":"ListItem","position":1,"name":"Portada","item":"https:\/\/revolutionpadelstore.com\/en\/"},{"@type":"ListItem","position":2,"name":"Shop","item":"https:\/\/revolutionpadelstore.com\/en\/shop\/"},{"@type":"ListItem","position":3,"name":"RS COBRA APEX EDITION WOMEN BLACK"}]},{"@type":"WebSite","@id":"https:\/\/revolutionpadelstore.com\/en\/#website","url":"https:\/\/revolutionpadelstore.com\/en\/","name":"Revolution Padel Store","description":"","publisher":{"@id":"https:\/\/revolutionpadelstore.com\/en\/#organization"},"potentialAction":[{"@type":"SearchAction","target":{"@type":"EntryPoint","urlTemplate":"https:\/\/revolutionpadelstore.com\/en\/?s={search_term_string}"},"query-input":{"@type":"PropertyValueSpecification","valueRequired":true,"valueName":"search_term_string"}}],"inLanguage":"en-US"},{"@type":"Organization","@id":"https:\/\/revolutionpadelstore.com\/en\/#organization","name":"Revolution Padel Store","url":"https:\/\/revolutionpadelstore.com\/en\/","logo":{"@type":"ImageObject","inLanguage":"en-US","@id":"https:\/\/revolutionpadelstore.com\/en\/#\/schema\/logo\/image\/","url":"https:\/\/revolutionpadelstore.com\/wp-content\/uploads\/2026\/02\/revolution-padel-store.jpg","contentUrl":"https:\/\/revolutionpadelstore.com\/wp-content\/uploads\/2026\/02\/revolution-padel-store.jpg","width":2000,"height":2000,"caption":"Revolution Padel Store"},"image":{"@id":"https:\/\/revolutionpadelstore.com\/en\/#\/schema\/logo\/image\/"},"sameAs":["https:\/\/www.instagram.com\/revolutionpadelstore\/"]}]}},"_links":{"self":[{"href":"https:\/\/revolutionpadelstore.com\/en\/wp-json\/wp\/v2\/product\/20286","targetHints":{"allow":["GET"]}}],"collection":[{"href":"https:\/\/revolutionpadelstore.com\/en\/wp-json\/wp\/v2\/product"}],"about":[{"href":"https:\/\/revolutionpadelstore.com\/en\/wp-json\/wp\/v2\/types\/product"}],"replies":[{"embeddable":true,"href":"https:\/\/revolutionpadelstore.com\/en\/wp-json\/wp\/v2\/comments?post=20286"}],"wp:featuredmedia":[{"embeddable":true,"href":"https:\/\/revolutionpadelstore.com\/en\/wp-json\/wp\/v2\/media\/3026"}],"wp:attachment":[{"href":"https:\/\/revolutionpadelstore.com\/en\/wp-json\/wp\/v2\/media?parent=20286"}],"wp:term":[{"taxonomy":"acabado","embeddable":true,"href":"https:\/\/revolutionpadelstore.com\/en\/wp-json\/wp\/v2\/acabado?post=20286"},{"taxonomy":"balance","embeddable":true,"href":"https:\/\/revolutionpadelstore.com\/en\/wp-json\/wp\/v2\/balance?post=20286"},{"taxonomy":"dureza","embeddable":true,"href":"https:\/\/revolutionpadelstore.com\/en\/wp-json\/wp\/v2\/dureza?post=20286"},{"taxonomy":"forma","embeddable":true,"href":"https:\/\/revolutionpadelstore.com\/en\/wp-json\/wp\/v2\/forma?post=20286"},{"taxonomy":"jugador","embeddable":true,"href":"https:\/\/revolutionpadelstore.com\/en\/wp-json\/wp\/v2\/jugador?post=20286"},{"taxonomy":"marca","embeddable":true,"href":"https:\/\/revolutionpadelstore.com\/en\/wp-json\/wp\/v2\/marca?post=20286"},{"taxonomy":"nivel-de-juego","embeddable":true,"href":"https:\/\/revolutionpadelstore.com\/en\/wp-json\/wp\/v2\/nivel-de-juego?post=20286"},{"taxonomy":"superficie","embeddable":true,"href":"https:\/\/revolutionpadelstore.com\/en\/wp-json\/wp\/v2\/superficie?post=20286"},{"taxonomy":"tipo-de-juego","embeddable":true,"href":"https:\/\/revolutionpadelstore.com\/en\/wp-json\/wp\/v2\/tipo-de-juego?post=20286"},{"taxonomy":"product_brand","embeddable":true,"href":"https:\/\/revolutionpadelstore.com\/en\/wp-json\/wp\/v2\/product_brand?post=20286"},{"taxonomy":"product_cat","embeddable":true,"href":"https:\/\/revolutionpadelstore.com\/en\/wp-json\/wp\/v2\/product_cat?post=20286"},{"taxonomy":"product_tag","embeddable":true,"href":"https:\/\/revolutionpadelstore.com\/en\/wp-json\/wp\/v2\/product_tag?post=20286"}],"curies":[{"name":"wp","href":"https:\/\/api.w.org\/{rel}","templated":true}]}}