{"id":20251,"date":"2024-03-21T15:17:00","date_gmt":"2024-03-21T14:17:00","guid":{"rendered":"https:\/\/revolutionpadelstore.com\/siux-electra-st3-lite\/"},"modified":"2026-04-08T14:50:49","modified_gmt":"2026-04-08T12:50:49","slug":"siux-electra-st3-lite","status":"publish","type":"product","link":"https:\/\/revolutionpadelstore.com\/en\/siux-electra-st3-lite\/","title":{"rendered":"SIUX ELECTRA ST3 LITE"},"content":{"rendered":"<h2>Siux Electra ST3 Lite, light weight and versatility<\/h2>\n<p>The <strong>Siux Electra ST3 Lite<\/strong> racket is a model designed to adapt to the needs of those <strong>advanced or professional level padel players<\/strong> who seek superb control in defensive plays.<\/p>\n<p>Its <strong>round shape and medium balance<\/strong>, combined with its light weight of <strong>355-375 grams<\/strong>, make it a versatile racket that will give you versatility, good manageability and greater control, Because you will feel less vibrations when hitting the ball and its larger sweet spot will allow you to successfully return off-center hits.<\/p>\n<h2>Comfortable and safe hitting<\/h2>\n<p>The <strong>Electra ST3 Lite<\/strong> has a core of <strong>HARD EVA rubber<\/strong>, a foam that provides unparalleled power, which will give the ball greater speed. Also, it provides good control and excellently absorbs vibrations after an impact.<\/p>\n<p>In the plans we find<strong>12K Twill Carbon<\/strong>, a fabric made with diagonally crisscrossed threads, with high resistance and elasticity. This flexibility allows for greater bounce and spectacular ball output. In addition, the planes have a<strong>sandy matte finish<\/strong>, which facilitates spin-filled hits that will allow you to surprise your opponents with ease.<\/p>\n<p>Likewise, the <strong>3K Carbon tubular frame <\/strong>increases resistance to abrasions and durability, as well as ensuring great comfort by optimally absorbing vibrations.<\/p>\n<h3>Avoid epicondylitis<\/h3>\n<p>With the aim of reducing the possibility of injury to elbows and wrists and improving the sensations of comfort during the game, the <strong>Electra ST3 Lite<\/strong> incorporates an anti-vibration technology known as <em><strong>ShockOut<\/strong> strong&gt;<\/em>, accessories that reduce vibrations after impacts.<\/p>\n<p>In the same way, it includes the <em><strong>Dual Pro Grip<\/strong><\/em>, which provides a much more natural grip due to its relief on the surface and its composition of <strong>FOAM rubber.<\/strong><\/p>\n<p>This racket has a modern, sporty and striking design, which combines black, with the yellow color of the frame and metallic details.<\/p>\n<h2>Siux Electra ST3 Lite, peso ligero y polivalencia<\/h2>\n","protected":false},"excerpt":{"rendered":"<p>Siux Electra ST3 Lite round racket with medium balance, designed for advanced or professional level women. With 12K Twill Carbon planes and Hard EVA rubber core. With ShockOut and Dual Pro Grip technology.<\/p>\n","protected":false},"featured_media":266412,"comment_status":"open","ping_status":"closed","template":"","meta":{"_acf_changed":false,"_joinchat":[]},"acabado":[1098,1088],"balance":[1143],"dureza":[1158],"forma":[1183],"jugador":[1193,1203],"marca":[1308],"nivel-de-juego":[1338],"superficie":[1363],"tipo-de-juego":[1373],"product_brand":[],"product_cat":[303],"product_tag":[],"class_list":{"0":"post-20251","1":"product","2":"type-product","3":"status-publish","4":"has-post-thumbnail","6":"acabado-arenoso-en","7":"acabado-mate-en","8":"balance-medium","9":"dureza-media-en","10":"forma-redonda-en","11":"jugador-hombre-en","12":"jugador-multipurpose","13":"marca-siux-en","14":"superficie-rugosa-en","15":"tipo-de-juego-control-en","16":"product_cat-palas","18":"first","19":"instock","20":"sale","21":"taxable","22":"shipping-taxable","23":"purchasable","24":"product-type-simple"},"acf":[],"yoast_head":"<!-- This site is optimized with the Yoast SEO plugin v27.4 - https:\/\/yoast.com\/product\/yoast-seo-wordpress\/ -->\n<title>SIUX ELECTRA ST3 LITE - Revolution Padel Store<\/title>\n<meta name=\"description\" content=\"Pala redonda con balance medio Siux Electra ST3 Lite, dise\u00f1ada para mujeres de nivel avanzado o profesional. Con planos de Carbono 12K Twill y n\u00facleo de goma EVA Hard. Con tecnolog\u00eda ShockOut y Dual Pro Grip.\" \/>\n<meta name=\"robots\" content=\"index, follow, max-snippet:-1, max-image-preview:large, max-video-preview:-1\" \/>\n<link rel=\"canonical\" href=\"https:\/\/revolutionpadelstore.com\/en\/siux-electra-st3-lite\/\" \/>\n<meta property=\"og:locale\" content=\"en_US\" \/>\n<meta property=\"og:type\" content=\"article\" \/>\n<meta property=\"og:title\" content=\"SIUX ELECTRA ST3 LITE - Revolution Padel Store\" \/>\n<meta property=\"og:description\" content=\"Pala redonda con balance medio Siux Electra ST3 Lite, dise\u00f1ada para mujeres de nivel avanzado o profesional. Con planos de Carbono 12K Twill y n\u00facleo de goma EVA Hard. Con tecnolog\u00eda ShockOut y Dual Pro Grip.\" \/>\n<meta property=\"og:url\" content=\"https:\/\/revolutionpadelstore.com\/en\/siux-electra-st3-lite\/\" \/>\n<meta property=\"og:site_name\" content=\"Revolution Padel Store\" \/>\n<meta property=\"article:modified_time\" content=\"2026-04-08T12:50:49+00:00\" \/>\n<meta property=\"og:image\" content=\"https:\/\/revolutionpadelstore.com\/wp-content\/uploads\/2024\/03\/109476-electra-3-lite-grip-regular-1500x1500-1.webp\" \/>\n\t<meta property=\"og:image:width\" content=\"1500\" \/>\n\t<meta property=\"og:image:height\" content=\"1500\" \/>\n\t<meta property=\"og:image:type\" content=\"image\/webp\" \/>\n<meta name=\"twitter:card\" content=\"summary_large_image\" \/>\n<meta name=\"twitter:label1\" content=\"Est. reading time\" \/>\n\t<meta name=\"twitter:data1\" content=\"2 minutes\" \/>\n<script type=\"application\/ld+json\" class=\"yoast-schema-graph\">{\"@context\":\"https:\\\/\\\/schema.org\",\"@graph\":[{\"@type\":\"WebPage\",\"@id\":\"https:\\\/\\\/revolutionpadelstore.com\\\/en\\\/siux-electra-st3-lite\\\/\",\"url\":\"https:\\\/\\\/revolutionpadelstore.com\\\/en\\\/siux-electra-st3-lite\\\/\",\"name\":\"SIUX ELECTRA ST3 LITE - Revolution Padel Store\",\"isPartOf\":{\"@id\":\"https:\\\/\\\/revolutionpadelstore.com\\\/en\\\/#website\"},\"primaryImageOfPage\":{\"@id\":\"https:\\\/\\\/revolutionpadelstore.com\\\/en\\\/siux-electra-st3-lite\\\/#primaryimage\"},\"image\":{\"@id\":\"https:\\\/\\\/revolutionpadelstore.com\\\/en\\\/siux-electra-st3-lite\\\/#primaryimage\"},\"thumbnailUrl\":\"https:\\\/\\\/revolutionpadelstore.com\\\/wp-content\\\/uploads\\\/2024\\\/03\\\/109476-electra-3-lite-grip-regular-1500x1500-1.webp\",\"datePublished\":\"2024-03-21T14:17:00+00:00\",\"dateModified\":\"2026-04-08T12:50:49+00:00\",\"description\":\"Pala redonda con balance medio Siux Electra ST3 Lite, dise\u00f1ada para mujeres de nivel avanzado o profesional. Con planos de Carbono 12K Twill y n\u00facleo de goma EVA Hard. Con tecnolog\u00eda ShockOut y Dual Pro Grip.\",\"breadcrumb\":{\"@id\":\"https:\\\/\\\/revolutionpadelstore.com\\\/en\\\/siux-electra-st3-lite\\\/#breadcrumb\"},\"inLanguage\":\"en-US\",\"potentialAction\":[{\"@type\":\"ReadAction\",\"target\":[\"https:\\\/\\\/revolutionpadelstore.com\\\/en\\\/siux-electra-st3-lite\\\/\"]}]},{\"@type\":\"ImageObject\",\"inLanguage\":\"en-US\",\"@id\":\"https:\\\/\\\/revolutionpadelstore.com\\\/en\\\/siux-electra-st3-lite\\\/#primaryimage\",\"url\":\"https:\\\/\\\/revolutionpadelstore.com\\\/wp-content\\\/uploads\\\/2024\\\/03\\\/109476-electra-3-lite-grip-regular-1500x1500-1.webp\",\"contentUrl\":\"https:\\\/\\\/revolutionpadelstore.com\\\/wp-content\\\/uploads\\\/2024\\\/03\\\/109476-electra-3-lite-grip-regular-1500x1500-1.webp\",\"width\":1500,\"height\":1500},{\"@type\":\"BreadcrumbList\",\"@id\":\"https:\\\/\\\/revolutionpadelstore.com\\\/en\\\/siux-electra-st3-lite\\\/#breadcrumb\",\"itemListElement\":[{\"@type\":\"ListItem\",\"position\":1,\"name\":\"Portada\",\"item\":\"https:\\\/\\\/revolutionpadelstore.com\\\/en\\\/\"},{\"@type\":\"ListItem\",\"position\":2,\"name\":\"Shop\",\"item\":\"https:\\\/\\\/revolutionpadelstore.com\\\/en\\\/shop\\\/\"},{\"@type\":\"ListItem\",\"position\":3,\"name\":\"SIUX ELECTRA ST3 LITE\"}]},{\"@type\":\"WebSite\",\"@id\":\"https:\\\/\\\/revolutionpadelstore.com\\\/en\\\/#website\",\"url\":\"https:\\\/\\\/revolutionpadelstore.com\\\/en\\\/\",\"name\":\"Revolution Padel Store\",\"description\":\"\",\"publisher\":{\"@id\":\"https:\\\/\\\/revolutionpadelstore.com\\\/en\\\/#organization\"},\"potentialAction\":[{\"@type\":\"SearchAction\",\"target\":{\"@type\":\"EntryPoint\",\"urlTemplate\":\"https:\\\/\\\/revolutionpadelstore.com\\\/en\\\/?s={search_term_string}\"},\"query-input\":{\"@type\":\"PropertyValueSpecification\",\"valueRequired\":true,\"valueName\":\"search_term_string\"}}],\"inLanguage\":\"en-US\"},{\"@type\":\"Organization\",\"@id\":\"https:\\\/\\\/revolutionpadelstore.com\\\/en\\\/#organization\",\"name\":\"Revolution Padel Store\",\"url\":\"https:\\\/\\\/revolutionpadelstore.com\\\/en\\\/\",\"logo\":{\"@type\":\"ImageObject\",\"inLanguage\":\"en-US\",\"@id\":\"https:\\\/\\\/revolutionpadelstore.com\\\/en\\\/#\\\/schema\\\/logo\\\/image\\\/\",\"url\":\"https:\\\/\\\/revolutionpadelstore.com\\\/wp-content\\\/uploads\\\/2026\\\/02\\\/revolution-padel-store.jpg\",\"contentUrl\":\"https:\\\/\\\/revolutionpadelstore.com\\\/wp-content\\\/uploads\\\/2026\\\/02\\\/revolution-padel-store.jpg\",\"width\":2000,\"height\":2000,\"caption\":\"Revolution Padel Store\"},\"image\":{\"@id\":\"https:\\\/\\\/revolutionpadelstore.com\\\/en\\\/#\\\/schema\\\/logo\\\/image\\\/\"},\"sameAs\":[\"https:\\\/\\\/www.instagram.com\\\/revolutionpadelstore\\\/\"]}]}<\/script>\n<!-- \/ Yoast SEO plugin. -->","yoast_head_json":{"title":"SIUX ELECTRA ST3 LITE - Revolution Padel Store","description":"Pala redonda con balance medio Siux Electra ST3 Lite, dise\u00f1ada para mujeres de nivel avanzado o profesional. Con planos de Carbono 12K Twill y n\u00facleo de goma EVA Hard. Con tecnolog\u00eda ShockOut y Dual Pro Grip.","robots":{"index":"index","follow":"follow","max-snippet":"max-snippet:-1","max-image-preview":"max-image-preview:large","max-video-preview":"max-video-preview:-1"},"canonical":"https:\/\/revolutionpadelstore.com\/en\/siux-electra-st3-lite\/","og_locale":"en_US","og_type":"article","og_title":"SIUX ELECTRA ST3 LITE - Revolution Padel Store","og_description":"Pala redonda con balance medio Siux Electra ST3 Lite, dise\u00f1ada para mujeres de nivel avanzado o profesional. Con planos de Carbono 12K Twill y n\u00facleo de goma EVA Hard. Con tecnolog\u00eda ShockOut y Dual Pro Grip.","og_url":"https:\/\/revolutionpadelstore.com\/en\/siux-electra-st3-lite\/","og_site_name":"Revolution Padel Store","article_modified_time":"2026-04-08T12:50:49+00:00","og_image":[{"width":1500,"height":1500,"url":"https:\/\/revolutionpadelstore.com\/wp-content\/uploads\/2024\/03\/109476-electra-3-lite-grip-regular-1500x1500-1.webp","type":"image\/webp"}],"twitter_card":"summary_large_image","twitter_misc":{"Est. reading time":"2 minutes"},"schema":{"@context":"https:\/\/schema.org","@graph":[{"@type":"WebPage","@id":"https:\/\/revolutionpadelstore.com\/en\/siux-electra-st3-lite\/","url":"https:\/\/revolutionpadelstore.com\/en\/siux-electra-st3-lite\/","name":"SIUX ELECTRA ST3 LITE - Revolution Padel Store","isPartOf":{"@id":"https:\/\/revolutionpadelstore.com\/en\/#website"},"primaryImageOfPage":{"@id":"https:\/\/revolutionpadelstore.com\/en\/siux-electra-st3-lite\/#primaryimage"},"image":{"@id":"https:\/\/revolutionpadelstore.com\/en\/siux-electra-st3-lite\/#primaryimage"},"thumbnailUrl":"https:\/\/revolutionpadelstore.com\/wp-content\/uploads\/2024\/03\/109476-electra-3-lite-grip-regular-1500x1500-1.webp","datePublished":"2024-03-21T14:17:00+00:00","dateModified":"2026-04-08T12:50:49+00:00","description":"Pala redonda con balance medio Siux Electra ST3 Lite, dise\u00f1ada para mujeres de nivel avanzado o profesional. Con planos de Carbono 12K Twill y n\u00facleo de goma EVA Hard. Con tecnolog\u00eda ShockOut y Dual Pro Grip.","breadcrumb":{"@id":"https:\/\/revolutionpadelstore.com\/en\/siux-electra-st3-lite\/#breadcrumb"},"inLanguage":"en-US","potentialAction":[{"@type":"ReadAction","target":["https:\/\/revolutionpadelstore.com\/en\/siux-electra-st3-lite\/"]}]},{"@type":"ImageObject","inLanguage":"en-US","@id":"https:\/\/revolutionpadelstore.com\/en\/siux-electra-st3-lite\/#primaryimage","url":"https:\/\/revolutionpadelstore.com\/wp-content\/uploads\/2024\/03\/109476-electra-3-lite-grip-regular-1500x1500-1.webp","contentUrl":"https:\/\/revolutionpadelstore.com\/wp-content\/uploads\/2024\/03\/109476-electra-3-lite-grip-regular-1500x1500-1.webp","width":1500,"height":1500},{"@type":"BreadcrumbList","@id":"https:\/\/revolutionpadelstore.com\/en\/siux-electra-st3-lite\/#breadcrumb","itemListElement":[{"@type":"ListItem","position":1,"name":"Portada","item":"https:\/\/revolutionpadelstore.com\/en\/"},{"@type":"ListItem","position":2,"name":"Shop","item":"https:\/\/revolutionpadelstore.com\/en\/shop\/"},{"@type":"ListItem","position":3,"name":"SIUX ELECTRA ST3 LITE"}]},{"@type":"WebSite","@id":"https:\/\/revolutionpadelstore.com\/en\/#website","url":"https:\/\/revolutionpadelstore.com\/en\/","name":"Revolution Padel Store","description":"","publisher":{"@id":"https:\/\/revolutionpadelstore.com\/en\/#organization"},"potentialAction":[{"@type":"SearchAction","target":{"@type":"EntryPoint","urlTemplate":"https:\/\/revolutionpadelstore.com\/en\/?s={search_term_string}"},"query-input":{"@type":"PropertyValueSpecification","valueRequired":true,"valueName":"search_term_string"}}],"inLanguage":"en-US"},{"@type":"Organization","@id":"https:\/\/revolutionpadelstore.com\/en\/#organization","name":"Revolution Padel Store","url":"https:\/\/revolutionpadelstore.com\/en\/","logo":{"@type":"ImageObject","inLanguage":"en-US","@id":"https:\/\/revolutionpadelstore.com\/en\/#\/schema\/logo\/image\/","url":"https:\/\/revolutionpadelstore.com\/wp-content\/uploads\/2026\/02\/revolution-padel-store.jpg","contentUrl":"https:\/\/revolutionpadelstore.com\/wp-content\/uploads\/2026\/02\/revolution-padel-store.jpg","width":2000,"height":2000,"caption":"Revolution Padel Store"},"image":{"@id":"https:\/\/revolutionpadelstore.com\/en\/#\/schema\/logo\/image\/"},"sameAs":["https:\/\/www.instagram.com\/revolutionpadelstore\/"]}]}},"_links":{"self":[{"href":"https:\/\/revolutionpadelstore.com\/en\/wp-json\/wp\/v2\/product\/20251","targetHints":{"allow":["GET"]}}],"collection":[{"href":"https:\/\/revolutionpadelstore.com\/en\/wp-json\/wp\/v2\/product"}],"about":[{"href":"https:\/\/revolutionpadelstore.com\/en\/wp-json\/wp\/v2\/types\/product"}],"replies":[{"embeddable":true,"href":"https:\/\/revolutionpadelstore.com\/en\/wp-json\/wp\/v2\/comments?post=20251"}],"wp:featuredmedia":[{"embeddable":true,"href":"https:\/\/revolutionpadelstore.com\/en\/wp-json\/wp\/v2\/media\/266412"}],"wp:attachment":[{"href":"https:\/\/revolutionpadelstore.com\/en\/wp-json\/wp\/v2\/media?parent=20251"}],"wp:term":[{"taxonomy":"acabado","embeddable":true,"href":"https:\/\/revolutionpadelstore.com\/en\/wp-json\/wp\/v2\/acabado?post=20251"},{"taxonomy":"balance","embeddable":true,"href":"https:\/\/revolutionpadelstore.com\/en\/wp-json\/wp\/v2\/balance?post=20251"},{"taxonomy":"dureza","embeddable":true,"href":"https:\/\/revolutionpadelstore.com\/en\/wp-json\/wp\/v2\/dureza?post=20251"},{"taxonomy":"forma","embeddable":true,"href":"https:\/\/revolutionpadelstore.com\/en\/wp-json\/wp\/v2\/forma?post=20251"},{"taxonomy":"jugador","embeddable":true,"href":"https:\/\/revolutionpadelstore.com\/en\/wp-json\/wp\/v2\/jugador?post=20251"},{"taxonomy":"marca","embeddable":true,"href":"https:\/\/revolutionpadelstore.com\/en\/wp-json\/wp\/v2\/marca?post=20251"},{"taxonomy":"nivel-de-juego","embeddable":true,"href":"https:\/\/revolutionpadelstore.com\/en\/wp-json\/wp\/v2\/nivel-de-juego?post=20251"},{"taxonomy":"superficie","embeddable":true,"href":"https:\/\/revolutionpadelstore.com\/en\/wp-json\/wp\/v2\/superficie?post=20251"},{"taxonomy":"tipo-de-juego","embeddable":true,"href":"https:\/\/revolutionpadelstore.com\/en\/wp-json\/wp\/v2\/tipo-de-juego?post=20251"},{"taxonomy":"product_brand","embeddable":true,"href":"https:\/\/revolutionpadelstore.com\/en\/wp-json\/wp\/v2\/product_brand?post=20251"},{"taxonomy":"product_cat","embeddable":true,"href":"https:\/\/revolutionpadelstore.com\/en\/wp-json\/wp\/v2\/product_cat?post=20251"},{"taxonomy":"product_tag","embeddable":true,"href":"https:\/\/revolutionpadelstore.com\/en\/wp-json\/wp\/v2\/product_tag?post=20251"}],"curies":[{"name":"wp","href":"https:\/\/api.w.org\/{rel}","templated":true}]}}