{"id":20186,"date":"2024-03-23T15:29:25","date_gmt":"2024-03-23T14:29:25","guid":{"rendered":"https:\/\/revolutionpadelstore.com\/nox-ml10-pro-cup-3k-luxury-series-2024\/"},"modified":"2026-04-01T11:22:16","modified_gmt":"2026-04-01T09:22:16","slug":"nox-ml10-pro-cup-3k-luxury-series-2024-2","status":"publish","type":"product","link":"https:\/\/revolutionpadelstore.com\/en\/nox-ml10-pro-cup-3k-luxury-series-2024-2\/","title":{"rendered":"NOX ML10 PRO CUP 3K LUXURY SERIES 2024"},"content":{"rendered":"<h2>Nox ML10 Pro Cup 3K Luxury Series 2024, designed together with Miguel Lamperti<\/h2>\n<p>The <strong>Nox ML10 Pro Cup 3K Luxury Series 2024<\/strong> racket has been specially manufactured for those most demanding padel players who hit with maximum power and exceptional control. It is a solid model, very reliable and comfortable to handle.<\/p>\n<p>Its round mold allows the athlete to hit with control and safety at all times, and also provides unparalleled comfort. It has a weight that ranges between <strong>360 and 375 grams.<\/strong><\/p>\n<h2>Flats with rough texture for greater effect<\/h2>\n<p>The inner core incorporates black EVA HR3 rubber, a high-density foam that provides exceptional ball output and enormous power thanks to its greater memory effect. The frame is made of carbon fiber, which ensures great resistance and responsiveness.<\/p>\n<p>On the other hand, the surface of this Nox racket has been manufactured with <strong>3K carbon fiber<\/strong>, a fabric obtained by interweaving carbon threads into small squares. In addition, this material is known for its great resistance, lightness and rigidity, which provides good control and precision when hitting. The faces have a rough finish, allowing for spin-filled hits.<\/p>\n<h3>Comfortable hit<\/h3>\n<p>Likewise, in terms of technologies, we can mention the EOS Flap, which consists of perforations on the sides that distribute the weight evenly so you can execute lethal blows.<\/p>\n<p>It also incorporates the <em><strong>Pulse System<\/strong><\/em> technology, which thanks to the insertion of lateral rubber that runs from the frame to the cap of the blade with the intention of reducing vibrations and achieve a more comfortable game.<\/p>\n<p>In the same way, it includes the <strong><em>Smarstrap<\/em><\/strong>, a technology that makes it possible to change the grip cord in a simple, agile and comfortable way. As well as the <strong>Dynamic Composite Structure<\/strong>, which minimizes the possibility of cracks occurring on the outside of the blade.<\/p>\n<h2>Nox ML10 Pro Cup 3K Luxury Series 2024, dise\u00f1ada junto a Miguel Lamperti<\/h2>\n","protected":false},"excerpt":{"rendered":"<p>Discover the power and precision provided by the Nox ML10 Pro Cup 3K, with advanced technology, 3K carbon planes and EVA HR3 core. Improve your game!<\/p>\n","protected":false},"featured_media":3234,"comment_status":"open","ping_status":"closed","template":"","meta":{"_acf_changed":false,"_joinchat":[]},"acabado":[1098],"balance":[1143],"dureza":[1158],"forma":[1183],"jugador":[1193,1203],"marca":[1263],"nivel-de-juego":[1338],"superficie":[1363],"tipo-de-juego":[1373],"product_brand":[],"product_cat":[303],"product_tag":[],"class_list":{"0":"post-20186","1":"product","2":"type-product","3":"status-publish","4":"has-post-thumbnail","6":"acabado-arenoso-en","7":"balance-medium","8":"dureza-media-en","9":"forma-redonda-en","10":"jugador-hombre-en","11":"jugador-multipurpose","12":"marca-nox-en","13":"superficie-rugosa-en","14":"tipo-de-juego-control-en","15":"product_cat-palas","17":"first","18":"onbackorder","19":"sale","20":"taxable","21":"shipping-taxable","22":"purchasable","23":"product-type-simple"},"acf":[],"yoast_head":"<!-- This site is optimized with the Yoast SEO plugin v27.3 - https:\/\/yoast.com\/product\/yoast-seo-wordpress\/ -->\n<title>NOX ML10 PRO CUP 3K LUXURY SERIES 2024 - Revolution Padel Store<\/title>\n<meta name=\"description\" content=\"Descubre el poder y la precisi\u00f3n que brinda la Nox ML10 Pro Cup 3K, con avanzada tecnolog\u00eda, planos de carbono 3K y n\u00facleo EVA HR3. \u00a1Mejora tu juego!\" \/>\n<meta name=\"robots\" content=\"index, follow, max-snippet:-1, max-image-preview:large, max-video-preview:-1\" \/>\n<link rel=\"canonical\" href=\"https:\/\/revolutionpadelstore.com\/en\/nox-ml10-pro-cup-3k-luxury-series-2024-2\/\" \/>\n<meta property=\"og:locale\" content=\"en_US\" \/>\n<meta property=\"og:type\" content=\"article\" \/>\n<meta property=\"og:title\" content=\"NOX ML10 PRO CUP 3K LUXURY SERIES 2024 - Revolution Padel Store\" \/>\n<meta property=\"og:description\" content=\"Descubre el poder y la precisi\u00f3n que brinda la Nox ML10 Pro Cup 3K, con avanzada tecnolog\u00eda, planos de carbono 3K y n\u00facleo EVA HR3. \u00a1Mejora tu juego!\" \/>\n<meta property=\"og:url\" content=\"https:\/\/revolutionpadelstore.com\/en\/nox-ml10-pro-cup-3k-luxury-series-2024-2\/\" \/>\n<meta property=\"og:site_name\" content=\"Revolution Padel Store\" \/>\n<meta property=\"article:modified_time\" content=\"2026-04-01T09:22:16+00:00\" \/>\n<meta property=\"og:image\" content=\"https:\/\/revolutionpadelstore.com\/wp-content\/uploads\/2024\/03\/imagen_1_110810_797e1063_ce32.webp\" \/>\n\t<meta property=\"og:image:width\" content=\"1500\" \/>\n\t<meta property=\"og:image:height\" content=\"1500\" \/>\n\t<meta property=\"og:image:type\" content=\"image\/webp\" \/>\n<meta name=\"twitter:card\" content=\"summary_large_image\" \/>\n<meta name=\"twitter:label1\" content=\"Est. reading time\" \/>\n\t<meta name=\"twitter:data1\" content=\"2 minutes\" \/>\n<script type=\"application\/ld+json\" class=\"yoast-schema-graph\">{\"@context\":\"https:\\\/\\\/schema.org\",\"@graph\":[{\"@type\":\"WebPage\",\"@id\":\"https:\\\/\\\/revolutionpadelstore.com\\\/en\\\/nox-ml10-pro-cup-3k-luxury-series-2024-2\\\/\",\"url\":\"https:\\\/\\\/revolutionpadelstore.com\\\/en\\\/nox-ml10-pro-cup-3k-luxury-series-2024-2\\\/\",\"name\":\"NOX ML10 PRO CUP 3K LUXURY SERIES 2024 - Revolution Padel Store\",\"isPartOf\":{\"@id\":\"https:\\\/\\\/revolutionpadelstore.com\\\/en\\\/#website\"},\"primaryImageOfPage\":{\"@id\":\"https:\\\/\\\/revolutionpadelstore.com\\\/en\\\/nox-ml10-pro-cup-3k-luxury-series-2024-2\\\/#primaryimage\"},\"image\":{\"@id\":\"https:\\\/\\\/revolutionpadelstore.com\\\/en\\\/nox-ml10-pro-cup-3k-luxury-series-2024-2\\\/#primaryimage\"},\"thumbnailUrl\":\"https:\\\/\\\/revolutionpadelstore.com\\\/wp-content\\\/uploads\\\/2024\\\/03\\\/imagen_1_110810_797e1063_ce32.webp\",\"datePublished\":\"2024-03-23T14:29:25+00:00\",\"dateModified\":\"2026-04-01T09:22:16+00:00\",\"description\":\"Descubre el poder y la precisi\u00f3n que brinda la Nox ML10 Pro Cup 3K, con avanzada tecnolog\u00eda, planos de carbono 3K y n\u00facleo EVA HR3. \u00a1Mejora tu juego!\",\"breadcrumb\":{\"@id\":\"https:\\\/\\\/revolutionpadelstore.com\\\/en\\\/nox-ml10-pro-cup-3k-luxury-series-2024-2\\\/#breadcrumb\"},\"inLanguage\":\"en-US\",\"potentialAction\":[{\"@type\":\"ReadAction\",\"target\":[\"https:\\\/\\\/revolutionpadelstore.com\\\/en\\\/nox-ml10-pro-cup-3k-luxury-series-2024-2\\\/\"]}]},{\"@type\":\"ImageObject\",\"inLanguage\":\"en-US\",\"@id\":\"https:\\\/\\\/revolutionpadelstore.com\\\/en\\\/nox-ml10-pro-cup-3k-luxury-series-2024-2\\\/#primaryimage\",\"url\":\"https:\\\/\\\/revolutionpadelstore.com\\\/wp-content\\\/uploads\\\/2024\\\/03\\\/imagen_1_110810_797e1063_ce32.webp\",\"contentUrl\":\"https:\\\/\\\/revolutionpadelstore.com\\\/wp-content\\\/uploads\\\/2024\\\/03\\\/imagen_1_110810_797e1063_ce32.webp\",\"width\":1500,\"height\":1500},{\"@type\":\"BreadcrumbList\",\"@id\":\"https:\\\/\\\/revolutionpadelstore.com\\\/en\\\/nox-ml10-pro-cup-3k-luxury-series-2024-2\\\/#breadcrumb\",\"itemListElement\":[{\"@type\":\"ListItem\",\"position\":1,\"name\":\"Portada\",\"item\":\"https:\\\/\\\/revolutionpadelstore.com\\\/en\\\/\"},{\"@type\":\"ListItem\",\"position\":2,\"name\":\"Shop\",\"item\":\"https:\\\/\\\/revolutionpadelstore.com\\\/en\\\/shop\\\/\"},{\"@type\":\"ListItem\",\"position\":3,\"name\":\"NOX ML10 PRO CUP 3K LUXURY SERIES 2024\"}]},{\"@type\":\"WebSite\",\"@id\":\"https:\\\/\\\/revolutionpadelstore.com\\\/en\\\/#website\",\"url\":\"https:\\\/\\\/revolutionpadelstore.com\\\/en\\\/\",\"name\":\"Revolution Padel Store\",\"description\":\"\",\"publisher\":{\"@id\":\"https:\\\/\\\/revolutionpadelstore.com\\\/en\\\/#organization\"},\"potentialAction\":[{\"@type\":\"SearchAction\",\"target\":{\"@type\":\"EntryPoint\",\"urlTemplate\":\"https:\\\/\\\/revolutionpadelstore.com\\\/en\\\/?s={search_term_string}\"},\"query-input\":{\"@type\":\"PropertyValueSpecification\",\"valueRequired\":true,\"valueName\":\"search_term_string\"}}],\"inLanguage\":\"en-US\"},{\"@type\":\"Organization\",\"@id\":\"https:\\\/\\\/revolutionpadelstore.com\\\/en\\\/#organization\",\"name\":\"Revolution Padel Store\",\"url\":\"https:\\\/\\\/revolutionpadelstore.com\\\/en\\\/\",\"logo\":{\"@type\":\"ImageObject\",\"inLanguage\":\"en-US\",\"@id\":\"https:\\\/\\\/revolutionpadelstore.com\\\/en\\\/#\\\/schema\\\/logo\\\/image\\\/\",\"url\":\"https:\\\/\\\/revolutionpadelstore.com\\\/wp-content\\\/uploads\\\/2026\\\/02\\\/revolution-padel-store.jpg\",\"contentUrl\":\"https:\\\/\\\/revolutionpadelstore.com\\\/wp-content\\\/uploads\\\/2026\\\/02\\\/revolution-padel-store.jpg\",\"width\":2000,\"height\":2000,\"caption\":\"Revolution Padel Store\"},\"image\":{\"@id\":\"https:\\\/\\\/revolutionpadelstore.com\\\/en\\\/#\\\/schema\\\/logo\\\/image\\\/\"},\"sameAs\":[\"https:\\\/\\\/www.instagram.com\\\/revolutionpadelstore\\\/\"]}]}<\/script>\n<!-- \/ Yoast SEO plugin. -->","yoast_head_json":{"title":"NOX ML10 PRO CUP 3K LUXURY SERIES 2024 - Revolution Padel Store","description":"Descubre el poder y la precisi\u00f3n que brinda la Nox ML10 Pro Cup 3K, con avanzada tecnolog\u00eda, planos de carbono 3K y n\u00facleo EVA HR3. \u00a1Mejora tu juego!","robots":{"index":"index","follow":"follow","max-snippet":"max-snippet:-1","max-image-preview":"max-image-preview:large","max-video-preview":"max-video-preview:-1"},"canonical":"https:\/\/revolutionpadelstore.com\/en\/nox-ml10-pro-cup-3k-luxury-series-2024-2\/","og_locale":"en_US","og_type":"article","og_title":"NOX ML10 PRO CUP 3K LUXURY SERIES 2024 - Revolution Padel Store","og_description":"Descubre el poder y la precisi\u00f3n que brinda la Nox ML10 Pro Cup 3K, con avanzada tecnolog\u00eda, planos de carbono 3K y n\u00facleo EVA HR3. \u00a1Mejora tu juego!","og_url":"https:\/\/revolutionpadelstore.com\/en\/nox-ml10-pro-cup-3k-luxury-series-2024-2\/","og_site_name":"Revolution Padel Store","article_modified_time":"2026-04-01T09:22:16+00:00","og_image":[{"width":1500,"height":1500,"url":"https:\/\/revolutionpadelstore.com\/wp-content\/uploads\/2024\/03\/imagen_1_110810_797e1063_ce32.webp","type":"image\/webp"}],"twitter_card":"summary_large_image","twitter_misc":{"Est. reading time":"2 minutes"},"schema":{"@context":"https:\/\/schema.org","@graph":[{"@type":"WebPage","@id":"https:\/\/revolutionpadelstore.com\/en\/nox-ml10-pro-cup-3k-luxury-series-2024-2\/","url":"https:\/\/revolutionpadelstore.com\/en\/nox-ml10-pro-cup-3k-luxury-series-2024-2\/","name":"NOX ML10 PRO CUP 3K LUXURY SERIES 2024 - Revolution Padel Store","isPartOf":{"@id":"https:\/\/revolutionpadelstore.com\/en\/#website"},"primaryImageOfPage":{"@id":"https:\/\/revolutionpadelstore.com\/en\/nox-ml10-pro-cup-3k-luxury-series-2024-2\/#primaryimage"},"image":{"@id":"https:\/\/revolutionpadelstore.com\/en\/nox-ml10-pro-cup-3k-luxury-series-2024-2\/#primaryimage"},"thumbnailUrl":"https:\/\/revolutionpadelstore.com\/wp-content\/uploads\/2024\/03\/imagen_1_110810_797e1063_ce32.webp","datePublished":"2024-03-23T14:29:25+00:00","dateModified":"2026-04-01T09:22:16+00:00","description":"Descubre el poder y la precisi\u00f3n que brinda la Nox ML10 Pro Cup 3K, con avanzada tecnolog\u00eda, planos de carbono 3K y n\u00facleo EVA HR3. \u00a1Mejora tu juego!","breadcrumb":{"@id":"https:\/\/revolutionpadelstore.com\/en\/nox-ml10-pro-cup-3k-luxury-series-2024-2\/#breadcrumb"},"inLanguage":"en-US","potentialAction":[{"@type":"ReadAction","target":["https:\/\/revolutionpadelstore.com\/en\/nox-ml10-pro-cup-3k-luxury-series-2024-2\/"]}]},{"@type":"ImageObject","inLanguage":"en-US","@id":"https:\/\/revolutionpadelstore.com\/en\/nox-ml10-pro-cup-3k-luxury-series-2024-2\/#primaryimage","url":"https:\/\/revolutionpadelstore.com\/wp-content\/uploads\/2024\/03\/imagen_1_110810_797e1063_ce32.webp","contentUrl":"https:\/\/revolutionpadelstore.com\/wp-content\/uploads\/2024\/03\/imagen_1_110810_797e1063_ce32.webp","width":1500,"height":1500},{"@type":"BreadcrumbList","@id":"https:\/\/revolutionpadelstore.com\/en\/nox-ml10-pro-cup-3k-luxury-series-2024-2\/#breadcrumb","itemListElement":[{"@type":"ListItem","position":1,"name":"Portada","item":"https:\/\/revolutionpadelstore.com\/en\/"},{"@type":"ListItem","position":2,"name":"Shop","item":"https:\/\/revolutionpadelstore.com\/en\/shop\/"},{"@type":"ListItem","position":3,"name":"NOX ML10 PRO CUP 3K LUXURY SERIES 2024"}]},{"@type":"WebSite","@id":"https:\/\/revolutionpadelstore.com\/en\/#website","url":"https:\/\/revolutionpadelstore.com\/en\/","name":"Revolution Padel Store","description":"","publisher":{"@id":"https:\/\/revolutionpadelstore.com\/en\/#organization"},"potentialAction":[{"@type":"SearchAction","target":{"@type":"EntryPoint","urlTemplate":"https:\/\/revolutionpadelstore.com\/en\/?s={search_term_string}"},"query-input":{"@type":"PropertyValueSpecification","valueRequired":true,"valueName":"search_term_string"}}],"inLanguage":"en-US"},{"@type":"Organization","@id":"https:\/\/revolutionpadelstore.com\/en\/#organization","name":"Revolution Padel Store","url":"https:\/\/revolutionpadelstore.com\/en\/","logo":{"@type":"ImageObject","inLanguage":"en-US","@id":"https:\/\/revolutionpadelstore.com\/en\/#\/schema\/logo\/image\/","url":"https:\/\/revolutionpadelstore.com\/wp-content\/uploads\/2026\/02\/revolution-padel-store.jpg","contentUrl":"https:\/\/revolutionpadelstore.com\/wp-content\/uploads\/2026\/02\/revolution-padel-store.jpg","width":2000,"height":2000,"caption":"Revolution Padel Store"},"image":{"@id":"https:\/\/revolutionpadelstore.com\/en\/#\/schema\/logo\/image\/"},"sameAs":["https:\/\/www.instagram.com\/revolutionpadelstore\/"]}]}},"_links":{"self":[{"href":"https:\/\/revolutionpadelstore.com\/en\/wp-json\/wp\/v2\/product\/20186","targetHints":{"allow":["GET"]}}],"collection":[{"href":"https:\/\/revolutionpadelstore.com\/en\/wp-json\/wp\/v2\/product"}],"about":[{"href":"https:\/\/revolutionpadelstore.com\/en\/wp-json\/wp\/v2\/types\/product"}],"replies":[{"embeddable":true,"href":"https:\/\/revolutionpadelstore.com\/en\/wp-json\/wp\/v2\/comments?post=20186"}],"wp:featuredmedia":[{"embeddable":true,"href":"https:\/\/revolutionpadelstore.com\/en\/wp-json\/wp\/v2\/media\/3234"}],"wp:attachment":[{"href":"https:\/\/revolutionpadelstore.com\/en\/wp-json\/wp\/v2\/media?parent=20186"}],"wp:term":[{"taxonomy":"acabado","embeddable":true,"href":"https:\/\/revolutionpadelstore.com\/en\/wp-json\/wp\/v2\/acabado?post=20186"},{"taxonomy":"balance","embeddable":true,"href":"https:\/\/revolutionpadelstore.com\/en\/wp-json\/wp\/v2\/balance?post=20186"},{"taxonomy":"dureza","embeddable":true,"href":"https:\/\/revolutionpadelstore.com\/en\/wp-json\/wp\/v2\/dureza?post=20186"},{"taxonomy":"forma","embeddable":true,"href":"https:\/\/revolutionpadelstore.com\/en\/wp-json\/wp\/v2\/forma?post=20186"},{"taxonomy":"jugador","embeddable":true,"href":"https:\/\/revolutionpadelstore.com\/en\/wp-json\/wp\/v2\/jugador?post=20186"},{"taxonomy":"marca","embeddable":true,"href":"https:\/\/revolutionpadelstore.com\/en\/wp-json\/wp\/v2\/marca?post=20186"},{"taxonomy":"nivel-de-juego","embeddable":true,"href":"https:\/\/revolutionpadelstore.com\/en\/wp-json\/wp\/v2\/nivel-de-juego?post=20186"},{"taxonomy":"superficie","embeddable":true,"href":"https:\/\/revolutionpadelstore.com\/en\/wp-json\/wp\/v2\/superficie?post=20186"},{"taxonomy":"tipo-de-juego","embeddable":true,"href":"https:\/\/revolutionpadelstore.com\/en\/wp-json\/wp\/v2\/tipo-de-juego?post=20186"},{"taxonomy":"product_brand","embeddable":true,"href":"https:\/\/revolutionpadelstore.com\/en\/wp-json\/wp\/v2\/product_brand?post=20186"},{"taxonomy":"product_cat","embeddable":true,"href":"https:\/\/revolutionpadelstore.com\/en\/wp-json\/wp\/v2\/product_cat?post=20186"},{"taxonomy":"product_tag","embeddable":true,"href":"https:\/\/revolutionpadelstore.com\/en\/wp-json\/wp\/v2\/product_tag?post=20186"}],"curies":[{"name":"wp","href":"https:\/\/api.w.org\/{rel}","templated":true}]}}