{"id":198453,"date":"2025-03-04T13:56:45","date_gmt":"2025-03-04T12:56:45","guid":{"rendered":"https:\/\/revolutionpadelstore.com\/head-motion-pro-padel-women-aqte\/"},"modified":"2026-04-08T05:56:59","modified_gmt":"2026-04-08T03:56:59","slug":"head-motion-pro-padel-women-aqte-2","status":"publish","type":"product","link":"https:\/\/revolutionpadelstore.com\/en\/head-motion-pro-padel-women-aqte-2\/","title":{"rendered":"HEAD MOTION PRO PADEL WOMEN AQTE"},"content":{"rendered":"<p><H2> Head Motion Pro Padel Women&#8217;s &#8211; Lightness, Stability and Maximum grip shoes<br \/>\nDiscover the new <strong> Head Motion Pro Padel Woman <\/strong>, the first head shoes specifically designed for the paddle. Developed in collaboration with professional players, these shoes offer a <strong> 360 degree movement <\/strong>, maximum stability and breathability without compromising lightness.<br \/>\n<H2> TECHNOLOGY AND PERFORMANCE IN EACH STEP<br \/>\n<P>-Optimized Sole for Padel: The advanced sole pattern has been tested with Mondo, official supplier of the World Padel Tour, guaranteeing a higher grip in all directions.<br \/>\n-Elite casting: Dynafoam technology in Entresuela incorporates air cells to offer an exceptional energy return and a sensation of lightness.<br \/>\n-Total study: The combination of a thermoplastic polyurethane cane (TPU), the upper part and the side technology control+ improves the subjection in rapid lateral movements.<br \/>\n-Maximate breathability: The ventilated mesh along with a cooling system keeps its foot fresh even in the most intense matches.<br \/>\n-Alcetin type: its elastic structure adapts perfectly to the foot, providing comfort and subjection from the first use. <\/p>\n<p><H2> style and exclusivity on the track <\/ h2><br \/>\nThe design of the <strong> Head Motion Pro Padel Woman <\/strong> does not go unnoticed. Its modern aesthetics and the Head logo in large size reflect innovation and dynamism, perfect for players seeking a balance between performance and style.<br \/>\n<H2> Why choose the Head Motion Pro Padel Woman?<\/p>\n<p> <strong> -developed with professional players <\/strong> for optimal performance. <\/p>\n<p>&lt;p style = &quot;padding-left: 40px;&quot;<br \/>\n&lt;P style = &quot;Padding-Left: 40px;&quot;<br \/>\n&lt;p style = &quot;padding-left: 40px;&quot;<br \/>\n<strong> now get the Head Motion Pro Padel Woman in our online store &lt;a href = &quot;https:\/\/chatgpt.com\/g\/g-675432e02688191B6ee6d6f2fdbb15e-optimization-textos\/c\/www.revolutionpadelstore.com&quot; Market. <\/strong><\/p>\n","protected":false},"excerpt":{"rendered":"<p>Designed to adjust to the demands of the most active paddle players, the Head Motion Pro Padel have an Hybrassion+rubber sole, side technology control and a specialized poverty sole.<\/p>\n","protected":false},"featured_media":198424,"comment_status":"open","ping_status":"closed","template":"","meta":{"_acf_changed":false,"_joinchat":[]},"acabado":[],"balance":[],"dureza":[],"forma":[],"jugador":[1198],"marca":[1223],"nivel-de-juego":[],"superficie":[],"tipo-de-juego":[],"product_brand":[],"product_cat":[829],"product_tag":[],"class_list":{"0":"post-198453","1":"product","2":"type-product","3":"status-publish","4":"has-post-thumbnail","6":"jugador-woman","7":"marca-head-en","8":"product_cat-sneakers","10":"first","11":"outofstock","12":"sale","13":"taxable","14":"shipping-taxable","15":"purchasable","16":"product-type-variable"},"acf":[],"yoast_head":"<!-- This site is optimized with the Yoast SEO plugin v27.4 - https:\/\/yoast.com\/product\/yoast-seo-wordpress\/ -->\n<title>HEAD MOTION PRO PADEL WOMEN AQTE - Revolution Padel Store<\/title>\n<meta name=\"description\" content=\"Descubre las nuevas HEAD MOTION PRO PADEL MUJER, dise\u00f1adas con tecnolog\u00eda de \u00e9lite para un agarre superior, estabilidad y transpirabilidad. \u00a1C\u00f3mpralas en nuestra tienda online!\" \/>\n<meta name=\"robots\" content=\"index, follow, max-snippet:-1, max-image-preview:large, max-video-preview:-1\" \/>\n<link rel=\"canonical\" href=\"https:\/\/revolutionpadelstore.com\/en\/head-motion-pro-padel-women-aqte-2\/\" \/>\n<meta property=\"og:locale\" content=\"en_US\" \/>\n<meta property=\"og:type\" content=\"article\" \/>\n<meta property=\"og:title\" content=\"HEAD MOTION PRO PADEL WOMEN AQTE - Revolution Padel Store\" \/>\n<meta property=\"og:description\" content=\"Descubre las nuevas HEAD MOTION PRO PADEL MUJER, dise\u00f1adas con tecnolog\u00eda de \u00e9lite para un agarre superior, estabilidad y transpirabilidad. \u00a1C\u00f3mpralas en nuestra tienda online!\" \/>\n<meta property=\"og:url\" content=\"https:\/\/revolutionpadelstore.com\/en\/head-motion-pro-padel-women-aqte-2\/\" \/>\n<meta property=\"og:site_name\" content=\"Revolution Padel Store\" \/>\n<meta property=\"article:modified_time\" content=\"2026-04-08T03:56:59+00:00\" \/>\n<meta property=\"og:image\" content=\"https:\/\/revolutionpadelstore.com\/wp-content\/uploads\/2025\/03\/480813.jpg\" \/>\n\t<meta property=\"og:image:width\" content=\"1000\" \/>\n\t<meta property=\"og:image:height\" content=\"1000\" \/>\n\t<meta property=\"og:image:type\" content=\"image\/jpeg\" \/>\n<meta name=\"twitter:card\" content=\"summary_large_image\" \/>\n<meta name=\"twitter:label1\" content=\"Est. reading time\" \/>\n\t<meta name=\"twitter:data1\" content=\"2 minutes\" \/>\n<script type=\"application\/ld+json\" class=\"yoast-schema-graph\">{\"@context\":\"https:\\\/\\\/schema.org\",\"@graph\":[{\"@type\":\"WebPage\",\"@id\":\"https:\\\/\\\/revolutionpadelstore.com\\\/en\\\/head-motion-pro-padel-women-aqte-2\\\/\",\"url\":\"https:\\\/\\\/revolutionpadelstore.com\\\/en\\\/head-motion-pro-padel-women-aqte-2\\\/\",\"name\":\"HEAD MOTION PRO PADEL WOMEN AQTE - Revolution Padel Store\",\"isPartOf\":{\"@id\":\"https:\\\/\\\/revolutionpadelstore.com\\\/en\\\/#website\"},\"primaryImageOfPage\":{\"@id\":\"https:\\\/\\\/revolutionpadelstore.com\\\/en\\\/head-motion-pro-padel-women-aqte-2\\\/#primaryimage\"},\"image\":{\"@id\":\"https:\\\/\\\/revolutionpadelstore.com\\\/en\\\/head-motion-pro-padel-women-aqte-2\\\/#primaryimage\"},\"thumbnailUrl\":\"https:\\\/\\\/revolutionpadelstore.com\\\/wp-content\\\/uploads\\\/2025\\\/03\\\/480813.jpg\",\"datePublished\":\"2025-03-04T12:56:45+00:00\",\"dateModified\":\"2026-04-08T03:56:59+00:00\",\"description\":\"Descubre las nuevas HEAD MOTION PRO PADEL MUJER, dise\u00f1adas con tecnolog\u00eda de \u00e9lite para un agarre superior, estabilidad y transpirabilidad. \u00a1C\u00f3mpralas en nuestra tienda online!\",\"breadcrumb\":{\"@id\":\"https:\\\/\\\/revolutionpadelstore.com\\\/en\\\/head-motion-pro-padel-women-aqte-2\\\/#breadcrumb\"},\"inLanguage\":\"en-US\",\"potentialAction\":[{\"@type\":\"ReadAction\",\"target\":[\"https:\\\/\\\/revolutionpadelstore.com\\\/en\\\/head-motion-pro-padel-women-aqte-2\\\/\"]}]},{\"@type\":\"ImageObject\",\"inLanguage\":\"en-US\",\"@id\":\"https:\\\/\\\/revolutionpadelstore.com\\\/en\\\/head-motion-pro-padel-women-aqte-2\\\/#primaryimage\",\"url\":\"https:\\\/\\\/revolutionpadelstore.com\\\/wp-content\\\/uploads\\\/2025\\\/03\\\/480813.jpg\",\"contentUrl\":\"https:\\\/\\\/revolutionpadelstore.com\\\/wp-content\\\/uploads\\\/2025\\\/03\\\/480813.jpg\",\"width\":1000,\"height\":1000},{\"@type\":\"BreadcrumbList\",\"@id\":\"https:\\\/\\\/revolutionpadelstore.com\\\/en\\\/head-motion-pro-padel-women-aqte-2\\\/#breadcrumb\",\"itemListElement\":[{\"@type\":\"ListItem\",\"position\":1,\"name\":\"Portada\",\"item\":\"https:\\\/\\\/revolutionpadelstore.com\\\/en\\\/\"},{\"@type\":\"ListItem\",\"position\":2,\"name\":\"Shop\",\"item\":\"https:\\\/\\\/revolutionpadelstore.com\\\/en\\\/shop\\\/\"},{\"@type\":\"ListItem\",\"position\":3,\"name\":\"HEAD MOTION PRO PADEL WOMEN AQTE\"}]},{\"@type\":\"WebSite\",\"@id\":\"https:\\\/\\\/revolutionpadelstore.com\\\/en\\\/#website\",\"url\":\"https:\\\/\\\/revolutionpadelstore.com\\\/en\\\/\",\"name\":\"Revolution Padel Store\",\"description\":\"\",\"publisher\":{\"@id\":\"https:\\\/\\\/revolutionpadelstore.com\\\/en\\\/#organization\"},\"potentialAction\":[{\"@type\":\"SearchAction\",\"target\":{\"@type\":\"EntryPoint\",\"urlTemplate\":\"https:\\\/\\\/revolutionpadelstore.com\\\/en\\\/?s={search_term_string}\"},\"query-input\":{\"@type\":\"PropertyValueSpecification\",\"valueRequired\":true,\"valueName\":\"search_term_string\"}}],\"inLanguage\":\"en-US\"},{\"@type\":\"Organization\",\"@id\":\"https:\\\/\\\/revolutionpadelstore.com\\\/en\\\/#organization\",\"name\":\"Revolution Padel Store\",\"url\":\"https:\\\/\\\/revolutionpadelstore.com\\\/en\\\/\",\"logo\":{\"@type\":\"ImageObject\",\"inLanguage\":\"en-US\",\"@id\":\"https:\\\/\\\/revolutionpadelstore.com\\\/en\\\/#\\\/schema\\\/logo\\\/image\\\/\",\"url\":\"https:\\\/\\\/revolutionpadelstore.com\\\/wp-content\\\/uploads\\\/2026\\\/02\\\/revolution-padel-store.jpg\",\"contentUrl\":\"https:\\\/\\\/revolutionpadelstore.com\\\/wp-content\\\/uploads\\\/2026\\\/02\\\/revolution-padel-store.jpg\",\"width\":2000,\"height\":2000,\"caption\":\"Revolution Padel Store\"},\"image\":{\"@id\":\"https:\\\/\\\/revolutionpadelstore.com\\\/en\\\/#\\\/schema\\\/logo\\\/image\\\/\"},\"sameAs\":[\"https:\\\/\\\/www.instagram.com\\\/revolutionpadelstore\\\/\"]}]}<\/script>\n<!-- \/ Yoast SEO plugin. -->","yoast_head_json":{"title":"HEAD MOTION PRO PADEL WOMEN AQTE - Revolution Padel Store","description":"Descubre las nuevas HEAD MOTION PRO PADEL MUJER, dise\u00f1adas con tecnolog\u00eda de \u00e9lite para un agarre superior, estabilidad y transpirabilidad. \u00a1C\u00f3mpralas en nuestra tienda online!","robots":{"index":"index","follow":"follow","max-snippet":"max-snippet:-1","max-image-preview":"max-image-preview:large","max-video-preview":"max-video-preview:-1"},"canonical":"https:\/\/revolutionpadelstore.com\/en\/head-motion-pro-padel-women-aqte-2\/","og_locale":"en_US","og_type":"article","og_title":"HEAD MOTION PRO PADEL WOMEN AQTE - Revolution Padel Store","og_description":"Descubre las nuevas HEAD MOTION PRO PADEL MUJER, dise\u00f1adas con tecnolog\u00eda de \u00e9lite para un agarre superior, estabilidad y transpirabilidad. \u00a1C\u00f3mpralas en nuestra tienda online!","og_url":"https:\/\/revolutionpadelstore.com\/en\/head-motion-pro-padel-women-aqte-2\/","og_site_name":"Revolution Padel Store","article_modified_time":"2026-04-08T03:56:59+00:00","og_image":[{"width":1000,"height":1000,"url":"https:\/\/revolutionpadelstore.com\/wp-content\/uploads\/2025\/03\/480813.jpg","type":"image\/jpeg"}],"twitter_card":"summary_large_image","twitter_misc":{"Est. reading time":"2 minutes"},"schema":{"@context":"https:\/\/schema.org","@graph":[{"@type":"WebPage","@id":"https:\/\/revolutionpadelstore.com\/en\/head-motion-pro-padel-women-aqte-2\/","url":"https:\/\/revolutionpadelstore.com\/en\/head-motion-pro-padel-women-aqte-2\/","name":"HEAD MOTION PRO PADEL WOMEN AQTE - Revolution Padel Store","isPartOf":{"@id":"https:\/\/revolutionpadelstore.com\/en\/#website"},"primaryImageOfPage":{"@id":"https:\/\/revolutionpadelstore.com\/en\/head-motion-pro-padel-women-aqte-2\/#primaryimage"},"image":{"@id":"https:\/\/revolutionpadelstore.com\/en\/head-motion-pro-padel-women-aqte-2\/#primaryimage"},"thumbnailUrl":"https:\/\/revolutionpadelstore.com\/wp-content\/uploads\/2025\/03\/480813.jpg","datePublished":"2025-03-04T12:56:45+00:00","dateModified":"2026-04-08T03:56:59+00:00","description":"Descubre las nuevas HEAD MOTION PRO PADEL MUJER, dise\u00f1adas con tecnolog\u00eda de \u00e9lite para un agarre superior, estabilidad y transpirabilidad. \u00a1C\u00f3mpralas en nuestra tienda online!","breadcrumb":{"@id":"https:\/\/revolutionpadelstore.com\/en\/head-motion-pro-padel-women-aqte-2\/#breadcrumb"},"inLanguage":"en-US","potentialAction":[{"@type":"ReadAction","target":["https:\/\/revolutionpadelstore.com\/en\/head-motion-pro-padel-women-aqte-2\/"]}]},{"@type":"ImageObject","inLanguage":"en-US","@id":"https:\/\/revolutionpadelstore.com\/en\/head-motion-pro-padel-women-aqte-2\/#primaryimage","url":"https:\/\/revolutionpadelstore.com\/wp-content\/uploads\/2025\/03\/480813.jpg","contentUrl":"https:\/\/revolutionpadelstore.com\/wp-content\/uploads\/2025\/03\/480813.jpg","width":1000,"height":1000},{"@type":"BreadcrumbList","@id":"https:\/\/revolutionpadelstore.com\/en\/head-motion-pro-padel-women-aqte-2\/#breadcrumb","itemListElement":[{"@type":"ListItem","position":1,"name":"Portada","item":"https:\/\/revolutionpadelstore.com\/en\/"},{"@type":"ListItem","position":2,"name":"Shop","item":"https:\/\/revolutionpadelstore.com\/en\/shop\/"},{"@type":"ListItem","position":3,"name":"HEAD MOTION PRO PADEL WOMEN AQTE"}]},{"@type":"WebSite","@id":"https:\/\/revolutionpadelstore.com\/en\/#website","url":"https:\/\/revolutionpadelstore.com\/en\/","name":"Revolution Padel Store","description":"","publisher":{"@id":"https:\/\/revolutionpadelstore.com\/en\/#organization"},"potentialAction":[{"@type":"SearchAction","target":{"@type":"EntryPoint","urlTemplate":"https:\/\/revolutionpadelstore.com\/en\/?s={search_term_string}"},"query-input":{"@type":"PropertyValueSpecification","valueRequired":true,"valueName":"search_term_string"}}],"inLanguage":"en-US"},{"@type":"Organization","@id":"https:\/\/revolutionpadelstore.com\/en\/#organization","name":"Revolution Padel Store","url":"https:\/\/revolutionpadelstore.com\/en\/","logo":{"@type":"ImageObject","inLanguage":"en-US","@id":"https:\/\/revolutionpadelstore.com\/en\/#\/schema\/logo\/image\/","url":"https:\/\/revolutionpadelstore.com\/wp-content\/uploads\/2026\/02\/revolution-padel-store.jpg","contentUrl":"https:\/\/revolutionpadelstore.com\/wp-content\/uploads\/2026\/02\/revolution-padel-store.jpg","width":2000,"height":2000,"caption":"Revolution Padel Store"},"image":{"@id":"https:\/\/revolutionpadelstore.com\/en\/#\/schema\/logo\/image\/"},"sameAs":["https:\/\/www.instagram.com\/revolutionpadelstore\/"]}]}},"_links":{"self":[{"href":"https:\/\/revolutionpadelstore.com\/en\/wp-json\/wp\/v2\/product\/198453","targetHints":{"allow":["GET"]}}],"collection":[{"href":"https:\/\/revolutionpadelstore.com\/en\/wp-json\/wp\/v2\/product"}],"about":[{"href":"https:\/\/revolutionpadelstore.com\/en\/wp-json\/wp\/v2\/types\/product"}],"replies":[{"embeddable":true,"href":"https:\/\/revolutionpadelstore.com\/en\/wp-json\/wp\/v2\/comments?post=198453"}],"wp:featuredmedia":[{"embeddable":true,"href":"https:\/\/revolutionpadelstore.com\/en\/wp-json\/wp\/v2\/media\/198424"}],"wp:attachment":[{"href":"https:\/\/revolutionpadelstore.com\/en\/wp-json\/wp\/v2\/media?parent=198453"}],"wp:term":[{"taxonomy":"acabado","embeddable":true,"href":"https:\/\/revolutionpadelstore.com\/en\/wp-json\/wp\/v2\/acabado?post=198453"},{"taxonomy":"balance","embeddable":true,"href":"https:\/\/revolutionpadelstore.com\/en\/wp-json\/wp\/v2\/balance?post=198453"},{"taxonomy":"dureza","embeddable":true,"href":"https:\/\/revolutionpadelstore.com\/en\/wp-json\/wp\/v2\/dureza?post=198453"},{"taxonomy":"forma","embeddable":true,"href":"https:\/\/revolutionpadelstore.com\/en\/wp-json\/wp\/v2\/forma?post=198453"},{"taxonomy":"jugador","embeddable":true,"href":"https:\/\/revolutionpadelstore.com\/en\/wp-json\/wp\/v2\/jugador?post=198453"},{"taxonomy":"marca","embeddable":true,"href":"https:\/\/revolutionpadelstore.com\/en\/wp-json\/wp\/v2\/marca?post=198453"},{"taxonomy":"nivel-de-juego","embeddable":true,"href":"https:\/\/revolutionpadelstore.com\/en\/wp-json\/wp\/v2\/nivel-de-juego?post=198453"},{"taxonomy":"superficie","embeddable":true,"href":"https:\/\/revolutionpadelstore.com\/en\/wp-json\/wp\/v2\/superficie?post=198453"},{"taxonomy":"tipo-de-juego","embeddable":true,"href":"https:\/\/revolutionpadelstore.com\/en\/wp-json\/wp\/v2\/tipo-de-juego?post=198453"},{"taxonomy":"product_brand","embeddable":true,"href":"https:\/\/revolutionpadelstore.com\/en\/wp-json\/wp\/v2\/product_brand?post=198453"},{"taxonomy":"product_cat","embeddable":true,"href":"https:\/\/revolutionpadelstore.com\/en\/wp-json\/wp\/v2\/product_cat?post=198453"},{"taxonomy":"product_tag","embeddable":true,"href":"https:\/\/revolutionpadelstore.com\/en\/wp-json\/wp\/v2\/product_tag?post=198453"}],"curies":[{"name":"wp","href":"https:\/\/api.w.org\/{rel}","templated":true}]}}