{"id":197882,"date":"2025-03-01T11:03:39","date_gmt":"2025-03-01T10:03:39","guid":{"rendered":"https:\/\/revolutionpadelstore.com\/?post_type=product&#038;p=197882"},"modified":"2026-04-01T02:57:15","modified_gmt":"2026-04-01T00:57:15","slug":"nox-future-control-12k-alum-2","status":"publish","type":"product","link":"https:\/\/revolutionpadelstore.com\/en\/nox-future-control-12k-alum-2\/","title":{"rendered":"NOX FUTURE CONTROL 12K ALUM"},"content":{"rendered":"<p><H2> <strong> Future Control 12K Aluminum &#8211; Absolute precision in each blow<br \/>\nPadel is a sport where control and strategy make a difference. The Future Control 12K Alumin has been designed for players who build each point with intelligence, patience and surgical precision. It is the shovel chosen by the talents of the Nox Future Academy (NFA), and now it can be yours to master the game with total security.<br \/>\n<H2> <strong> Optimized design for superior management <\/strong> <\/ h2><\/p>\n<p style=\"padding-left: 40px\">-round shape and optimized balance: exceptional maneuverability for total control.<br \/>\n-Construction with carbon frame and EV50 nucleus: guarantees stability and firmness in each blow.                                                   Perfect to execute exact blows on each play.<\/p>\n<p><H2> <strong> Advanced technology for precision and effects <\/strong> <\/ h2><\/p>\n<p style=\"padding-left: 40px\">-carbon alum 12k on faces: ensures a uniform response and an exceptional touch.<br \/>\n-Su R\u00f3n Spin 3D of Nox: Improves control and precision in each blow. <\/p>\n<p><H2> <strong> Each point with intelligence and control <\/strong> <\/ h2><br \/>\nThe Future Control 12K Alumin is the final shovel for players seeking maximum control and strategic decision making in each game.<\/p>\n<p><strong> now consideration in our online store <a href=\"https:\/\/www.revolutionpadelstore.com\/\"> www.revolutionpadelstore.com <\/a>, probably at the best market price. <\/strong><\/p>\n<h2><strong>Future Control 12K Alum \u2013 Precisi\u00f3n absoluta en cada golpe<\/strong><\/p>\n","protected":false},"excerpt":{"rendered":"<p>The 12K Aluminum Future Control is created for players that structure each point with strategy, calm and a millimeter precision.<\/p>\n","protected":false},"featured_media":197888,"comment_status":"open","ping_status":"closed","template":"","meta":{"_acf_changed":false,"_joinchat":[]},"acabado":[1093],"balance":[1148,1143],"dureza":[1158],"forma":[1183],"jugador":[1193,1203],"marca":[1263],"nivel-de-juego":[1338],"superficie":[1363],"tipo-de-juego":[1373],"product_brand":[],"product_cat":[303],"product_tag":[],"class_list":{"0":"post-197882","1":"product","2":"type-product","3":"status-publish","4":"has-post-thumbnail","6":"acabado-relieve-3d-en","7":"balance-bajo-en","8":"balance-medium","9":"dureza-media-en","10":"forma-redonda-en","11":"jugador-hombre-en","12":"jugador-multipurpose","13":"marca-nox-en","14":"superficie-rugosa-en","15":"tipo-de-juego-control-en","16":"product_cat-palas","18":"first","19":"instock","20":"sale","21":"taxable","22":"shipping-taxable","23":"purchasable","24":"product-type-simple"},"acf":[],"yoast_head":"<!-- This site is optimized with the Yoast SEO plugin v27.3 - https:\/\/yoast.com\/product\/yoast-seo-wordpress\/ -->\n<title>NOX FUTURE CONTROL 12K ALUM - Revolution Padel Store<\/title>\n<meta name=\"description\" content=\"&quot;Future Control 12K Alum: la pala de p\u00e1del con m\u00e1xima precisi\u00f3n y control. Carbon Alum 12K, n\u00facleo EV50 y rugosidad 3D. C\u00f3mprala al mejor precio en Revolution Padel Store.&quot;\" \/>\n<meta name=\"robots\" content=\"index, follow, max-snippet:-1, max-image-preview:large, max-video-preview:-1\" \/>\n<link rel=\"canonical\" href=\"https:\/\/revolutionpadelstore.com\/en\/nox-future-control-12k-alum-2\/\" \/>\n<meta property=\"og:locale\" content=\"en_US\" \/>\n<meta property=\"og:type\" content=\"article\" \/>\n<meta property=\"og:title\" content=\"NOX FUTURE CONTROL 12K ALUM - Revolution Padel Store\" \/>\n<meta property=\"og:description\" content=\"&quot;Future Control 12K Alum: la pala de p\u00e1del con m\u00e1xima precisi\u00f3n y control. Carbon Alum 12K, n\u00facleo EV50 y rugosidad 3D. C\u00f3mprala al mejor precio en Revolution Padel Store.&quot;\" \/>\n<meta property=\"og:url\" content=\"https:\/\/revolutionpadelstore.com\/en\/nox-future-control-12k-alum-2\/\" \/>\n<meta property=\"og:site_name\" content=\"Revolution Padel Store\" \/>\n<meta property=\"article:modified_time\" content=\"2026-04-01T00:57:15+00:00\" \/>\n<meta property=\"og:image\" content=\"https:\/\/revolutionpadelstore.com\/wp-content\/uploads\/2025\/03\/161.png\" \/>\n\t<meta property=\"og:image:width\" content=\"1500\" \/>\n\t<meta property=\"og:image:height\" content=\"1500\" \/>\n\t<meta property=\"og:image:type\" content=\"image\/png\" \/>\n<meta name=\"twitter:card\" content=\"summary_large_image\" \/>\n<meta name=\"twitter:label1\" content=\"Est. reading time\" \/>\n\t<meta name=\"twitter:data1\" content=\"2 minutes\" \/>\n<script type=\"application\/ld+json\" class=\"yoast-schema-graph\">{\"@context\":\"https:\\\/\\\/schema.org\",\"@graph\":[{\"@type\":\"WebPage\",\"@id\":\"https:\\\/\\\/revolutionpadelstore.com\\\/en\\\/nox-future-control-12k-alum-2\\\/\",\"url\":\"https:\\\/\\\/revolutionpadelstore.com\\\/en\\\/nox-future-control-12k-alum-2\\\/\",\"name\":\"NOX FUTURE CONTROL 12K ALUM - Revolution Padel Store\",\"isPartOf\":{\"@id\":\"https:\\\/\\\/revolutionpadelstore.com\\\/en\\\/#website\"},\"primaryImageOfPage\":{\"@id\":\"https:\\\/\\\/revolutionpadelstore.com\\\/en\\\/nox-future-control-12k-alum-2\\\/#primaryimage\"},\"image\":{\"@id\":\"https:\\\/\\\/revolutionpadelstore.com\\\/en\\\/nox-future-control-12k-alum-2\\\/#primaryimage\"},\"thumbnailUrl\":\"https:\\\/\\\/revolutionpadelstore.com\\\/wp-content\\\/uploads\\\/2025\\\/03\\\/161.png\",\"datePublished\":\"2025-03-01T10:03:39+00:00\",\"dateModified\":\"2026-04-01T00:57:15+00:00\",\"description\":\"\\\"Future Control 12K Alum: la pala de p\u00e1del con m\u00e1xima precisi\u00f3n y control. Carbon Alum 12K, n\u00facleo EV50 y rugosidad 3D. C\u00f3mprala al mejor precio en Revolution Padel Store.\\\"\",\"breadcrumb\":{\"@id\":\"https:\\\/\\\/revolutionpadelstore.com\\\/en\\\/nox-future-control-12k-alum-2\\\/#breadcrumb\"},\"inLanguage\":\"en-US\",\"potentialAction\":[{\"@type\":\"ReadAction\",\"target\":[\"https:\\\/\\\/revolutionpadelstore.com\\\/en\\\/nox-future-control-12k-alum-2\\\/\"]}]},{\"@type\":\"ImageObject\",\"inLanguage\":\"en-US\",\"@id\":\"https:\\\/\\\/revolutionpadelstore.com\\\/en\\\/nox-future-control-12k-alum-2\\\/#primaryimage\",\"url\":\"https:\\\/\\\/revolutionpadelstore.com\\\/wp-content\\\/uploads\\\/2025\\\/03\\\/161.png\",\"contentUrl\":\"https:\\\/\\\/revolutionpadelstore.com\\\/wp-content\\\/uploads\\\/2025\\\/03\\\/161.png\",\"width\":1500,\"height\":1500},{\"@type\":\"BreadcrumbList\",\"@id\":\"https:\\\/\\\/revolutionpadelstore.com\\\/en\\\/nox-future-control-12k-alum-2\\\/#breadcrumb\",\"itemListElement\":[{\"@type\":\"ListItem\",\"position\":1,\"name\":\"Portada\",\"item\":\"https:\\\/\\\/revolutionpadelstore.com\\\/en\\\/\"},{\"@type\":\"ListItem\",\"position\":2,\"name\":\"Shop\",\"item\":\"https:\\\/\\\/revolutionpadelstore.com\\\/en\\\/shop\\\/\"},{\"@type\":\"ListItem\",\"position\":3,\"name\":\"NOX FUTURE CONTROL 12K ALUM\"}]},{\"@type\":\"WebSite\",\"@id\":\"https:\\\/\\\/revolutionpadelstore.com\\\/en\\\/#website\",\"url\":\"https:\\\/\\\/revolutionpadelstore.com\\\/en\\\/\",\"name\":\"Revolution Padel Store\",\"description\":\"\",\"publisher\":{\"@id\":\"https:\\\/\\\/revolutionpadelstore.com\\\/en\\\/#organization\"},\"potentialAction\":[{\"@type\":\"SearchAction\",\"target\":{\"@type\":\"EntryPoint\",\"urlTemplate\":\"https:\\\/\\\/revolutionpadelstore.com\\\/en\\\/?s={search_term_string}\"},\"query-input\":{\"@type\":\"PropertyValueSpecification\",\"valueRequired\":true,\"valueName\":\"search_term_string\"}}],\"inLanguage\":\"en-US\"},{\"@type\":\"Organization\",\"@id\":\"https:\\\/\\\/revolutionpadelstore.com\\\/en\\\/#organization\",\"name\":\"Revolution Padel Store\",\"url\":\"https:\\\/\\\/revolutionpadelstore.com\\\/en\\\/\",\"logo\":{\"@type\":\"ImageObject\",\"inLanguage\":\"en-US\",\"@id\":\"https:\\\/\\\/revolutionpadelstore.com\\\/en\\\/#\\\/schema\\\/logo\\\/image\\\/\",\"url\":\"https:\\\/\\\/revolutionpadelstore.com\\\/wp-content\\\/uploads\\\/2026\\\/02\\\/revolution-padel-store.jpg\",\"contentUrl\":\"https:\\\/\\\/revolutionpadelstore.com\\\/wp-content\\\/uploads\\\/2026\\\/02\\\/revolution-padel-store.jpg\",\"width\":2000,\"height\":2000,\"caption\":\"Revolution Padel Store\"},\"image\":{\"@id\":\"https:\\\/\\\/revolutionpadelstore.com\\\/en\\\/#\\\/schema\\\/logo\\\/image\\\/\"},\"sameAs\":[\"https:\\\/\\\/www.instagram.com\\\/revolutionpadelstore\\\/\"]}]}<\/script>\n<!-- \/ Yoast SEO plugin. -->","yoast_head_json":{"title":"NOX FUTURE CONTROL 12K ALUM - Revolution Padel Store","description":"\"Future Control 12K Alum: la pala de p\u00e1del con m\u00e1xima precisi\u00f3n y control. Carbon Alum 12K, n\u00facleo EV50 y rugosidad 3D. C\u00f3mprala al mejor precio en Revolution Padel Store.\"","robots":{"index":"index","follow":"follow","max-snippet":"max-snippet:-1","max-image-preview":"max-image-preview:large","max-video-preview":"max-video-preview:-1"},"canonical":"https:\/\/revolutionpadelstore.com\/en\/nox-future-control-12k-alum-2\/","og_locale":"en_US","og_type":"article","og_title":"NOX FUTURE CONTROL 12K ALUM - Revolution Padel Store","og_description":"\"Future Control 12K Alum: la pala de p\u00e1del con m\u00e1xima precisi\u00f3n y control. Carbon Alum 12K, n\u00facleo EV50 y rugosidad 3D. C\u00f3mprala al mejor precio en Revolution Padel Store.\"","og_url":"https:\/\/revolutionpadelstore.com\/en\/nox-future-control-12k-alum-2\/","og_site_name":"Revolution Padel Store","article_modified_time":"2026-04-01T00:57:15+00:00","og_image":[{"width":1500,"height":1500,"url":"https:\/\/revolutionpadelstore.com\/wp-content\/uploads\/2025\/03\/161.png","type":"image\/png"}],"twitter_card":"summary_large_image","twitter_misc":{"Est. reading time":"2 minutes"},"schema":{"@context":"https:\/\/schema.org","@graph":[{"@type":"WebPage","@id":"https:\/\/revolutionpadelstore.com\/en\/nox-future-control-12k-alum-2\/","url":"https:\/\/revolutionpadelstore.com\/en\/nox-future-control-12k-alum-2\/","name":"NOX FUTURE CONTROL 12K ALUM - Revolution Padel Store","isPartOf":{"@id":"https:\/\/revolutionpadelstore.com\/en\/#website"},"primaryImageOfPage":{"@id":"https:\/\/revolutionpadelstore.com\/en\/nox-future-control-12k-alum-2\/#primaryimage"},"image":{"@id":"https:\/\/revolutionpadelstore.com\/en\/nox-future-control-12k-alum-2\/#primaryimage"},"thumbnailUrl":"https:\/\/revolutionpadelstore.com\/wp-content\/uploads\/2025\/03\/161.png","datePublished":"2025-03-01T10:03:39+00:00","dateModified":"2026-04-01T00:57:15+00:00","description":"\"Future Control 12K Alum: la pala de p\u00e1del con m\u00e1xima precisi\u00f3n y control. Carbon Alum 12K, n\u00facleo EV50 y rugosidad 3D. C\u00f3mprala al mejor precio en Revolution Padel Store.\"","breadcrumb":{"@id":"https:\/\/revolutionpadelstore.com\/en\/nox-future-control-12k-alum-2\/#breadcrumb"},"inLanguage":"en-US","potentialAction":[{"@type":"ReadAction","target":["https:\/\/revolutionpadelstore.com\/en\/nox-future-control-12k-alum-2\/"]}]},{"@type":"ImageObject","inLanguage":"en-US","@id":"https:\/\/revolutionpadelstore.com\/en\/nox-future-control-12k-alum-2\/#primaryimage","url":"https:\/\/revolutionpadelstore.com\/wp-content\/uploads\/2025\/03\/161.png","contentUrl":"https:\/\/revolutionpadelstore.com\/wp-content\/uploads\/2025\/03\/161.png","width":1500,"height":1500},{"@type":"BreadcrumbList","@id":"https:\/\/revolutionpadelstore.com\/en\/nox-future-control-12k-alum-2\/#breadcrumb","itemListElement":[{"@type":"ListItem","position":1,"name":"Portada","item":"https:\/\/revolutionpadelstore.com\/en\/"},{"@type":"ListItem","position":2,"name":"Shop","item":"https:\/\/revolutionpadelstore.com\/en\/shop\/"},{"@type":"ListItem","position":3,"name":"NOX FUTURE CONTROL 12K ALUM"}]},{"@type":"WebSite","@id":"https:\/\/revolutionpadelstore.com\/en\/#website","url":"https:\/\/revolutionpadelstore.com\/en\/","name":"Revolution Padel Store","description":"","publisher":{"@id":"https:\/\/revolutionpadelstore.com\/en\/#organization"},"potentialAction":[{"@type":"SearchAction","target":{"@type":"EntryPoint","urlTemplate":"https:\/\/revolutionpadelstore.com\/en\/?s={search_term_string}"},"query-input":{"@type":"PropertyValueSpecification","valueRequired":true,"valueName":"search_term_string"}}],"inLanguage":"en-US"},{"@type":"Organization","@id":"https:\/\/revolutionpadelstore.com\/en\/#organization","name":"Revolution Padel Store","url":"https:\/\/revolutionpadelstore.com\/en\/","logo":{"@type":"ImageObject","inLanguage":"en-US","@id":"https:\/\/revolutionpadelstore.com\/en\/#\/schema\/logo\/image\/","url":"https:\/\/revolutionpadelstore.com\/wp-content\/uploads\/2026\/02\/revolution-padel-store.jpg","contentUrl":"https:\/\/revolutionpadelstore.com\/wp-content\/uploads\/2026\/02\/revolution-padel-store.jpg","width":2000,"height":2000,"caption":"Revolution Padel Store"},"image":{"@id":"https:\/\/revolutionpadelstore.com\/en\/#\/schema\/logo\/image\/"},"sameAs":["https:\/\/www.instagram.com\/revolutionpadelstore\/"]}]}},"_links":{"self":[{"href":"https:\/\/revolutionpadelstore.com\/en\/wp-json\/wp\/v2\/product\/197882","targetHints":{"allow":["GET"]}}],"collection":[{"href":"https:\/\/revolutionpadelstore.com\/en\/wp-json\/wp\/v2\/product"}],"about":[{"href":"https:\/\/revolutionpadelstore.com\/en\/wp-json\/wp\/v2\/types\/product"}],"replies":[{"embeddable":true,"href":"https:\/\/revolutionpadelstore.com\/en\/wp-json\/wp\/v2\/comments?post=197882"}],"wp:featuredmedia":[{"embeddable":true,"href":"https:\/\/revolutionpadelstore.com\/en\/wp-json\/wp\/v2\/media\/197888"}],"wp:attachment":[{"href":"https:\/\/revolutionpadelstore.com\/en\/wp-json\/wp\/v2\/media?parent=197882"}],"wp:term":[{"taxonomy":"acabado","embeddable":true,"href":"https:\/\/revolutionpadelstore.com\/en\/wp-json\/wp\/v2\/acabado?post=197882"},{"taxonomy":"balance","embeddable":true,"href":"https:\/\/revolutionpadelstore.com\/en\/wp-json\/wp\/v2\/balance?post=197882"},{"taxonomy":"dureza","embeddable":true,"href":"https:\/\/revolutionpadelstore.com\/en\/wp-json\/wp\/v2\/dureza?post=197882"},{"taxonomy":"forma","embeddable":true,"href":"https:\/\/revolutionpadelstore.com\/en\/wp-json\/wp\/v2\/forma?post=197882"},{"taxonomy":"jugador","embeddable":true,"href":"https:\/\/revolutionpadelstore.com\/en\/wp-json\/wp\/v2\/jugador?post=197882"},{"taxonomy":"marca","embeddable":true,"href":"https:\/\/revolutionpadelstore.com\/en\/wp-json\/wp\/v2\/marca?post=197882"},{"taxonomy":"nivel-de-juego","embeddable":true,"href":"https:\/\/revolutionpadelstore.com\/en\/wp-json\/wp\/v2\/nivel-de-juego?post=197882"},{"taxonomy":"superficie","embeddable":true,"href":"https:\/\/revolutionpadelstore.com\/en\/wp-json\/wp\/v2\/superficie?post=197882"},{"taxonomy":"tipo-de-juego","embeddable":true,"href":"https:\/\/revolutionpadelstore.com\/en\/wp-json\/wp\/v2\/tipo-de-juego?post=197882"},{"taxonomy":"product_brand","embeddable":true,"href":"https:\/\/revolutionpadelstore.com\/en\/wp-json\/wp\/v2\/product_brand?post=197882"},{"taxonomy":"product_cat","embeddable":true,"href":"https:\/\/revolutionpadelstore.com\/en\/wp-json\/wp\/v2\/product_cat?post=197882"},{"taxonomy":"product_tag","embeddable":true,"href":"https:\/\/revolutionpadelstore.com\/en\/wp-json\/wp\/v2\/product_tag?post=197882"}],"curies":[{"name":"wp","href":"https:\/\/api.w.org\/{rel}","templated":true}]}}