{"id":19751,"date":"2024-04-09T09:57:49","date_gmt":"2024-04-09T07:57:49","guid":{"rendered":"https:\/\/revolutionpadelstore.com\/harlem-padel-euphoria-soft-2024\/"},"modified":"2025-12-30T15:42:05","modified_gmt":"2025-12-30T14:42:05","slug":"harlem-padel-euphoria-soft-3","status":"publish","type":"product","link":"https:\/\/revolutionpadelstore.com\/en\/harlem-padel-euphoria-soft-3\/","title":{"rendered":"HARLEM PADEL EUPHORIA SOFT"},"content":{"rendered":"<p>The <strong>EUPHORIA SOFT 2024<\/strong> model is one of the models in the new Harlem P\u00e1del range.<\/p>\n<p>It is a padel racket with a hybrid shape, with a medium-high balance and a distributed hole with a horizontally aligned double structure. These factors make it light and allow you to execute powerful, fast and precise blows. It is designed for medium-advanced level players who require a reliable padel racket to display a versatile playing style.<\/p>\n<p>The sweet spot is quite wide, allowing us to perform all types of shots with great precision.<\/p>\n<p>Inside the racket we have a laminated BLACK EVA rubber core with different densities that includes <strong>High Recovery<\/strong> technology, promoting rapid recovery and facilitating very high hits. speed. This model provides us with a medium feel in all our impacts, so power and control look very balanced in this EUPHORIA SOFT 2024 model.<\/p>\n<p>The tubular frame is made of 100% carbon to ensure great durability and excellent resistance to the wear and tear typical of advanced levels.<\/p>\n<p>The planes are made of state-of-the-art 3K carbon with a rough finish. This favors the execution of solid and highly precise effects.<\/p>\n<p>An anti-vibrator has been incorporated into the central bridge that minimizes the risk of injuries and the neck of the racket integrates four parallel triangular holes that add aerodynamics to all swing movements, making the EUPHORIA PRO 2024 a very manageable shovel<\/strong>.<\/p>\n<p>The finish of the blade incorporates the stylized &#8220;H&#8221; typical of Harlem on both planes with a very large size in gloss effect colors and a rough texture.<\/p>\n","protected":false},"excerpt":{"rendered":"<p>It is a padel racket with a hybrid shape, with a medium-high balance and a distributed hole with a horizontally aligned double structure. These factors make it light and allow you to execute powerful, fast and precise blows. It is designed for medium-advanced level players who require a reliable racket to display a versatile playing style.<\/p>\n","protected":false},"featured_media":161850,"comment_status":"open","ping_status":"closed","template":"","meta":{"_acf_changed":false,"_joinchat":[]},"acabado":[1083,1093],"balance":[1138,1143],"dureza":[1158],"forma":[1178],"jugador":[1198],"marca":[1238],"nivel-de-juego":[1338,1353],"superficie":[1363],"tipo-de-juego":[1373,1388],"product_brand":[],"product_cat":[303],"product_tag":[],"class_list":{"0":"post-19751","1":"product","2":"type-product","3":"status-publish","4":"has-post-thumbnail","6":"acabado-brightness","7":"acabado-relieve-3d-en","8":"balance-alto-en","9":"balance-medium","10":"dureza-media-en","11":"forma-hibrida-en","12":"jugador-woman","13":"marca-harlem-padel-en","14":"superficie-rugosa-en","15":"tipo-de-juego-control-en","16":"tipo-de-juego-multipurpose","17":"product_cat-palas","19":"first","20":"onbackorder","21":"sale","22":"taxable","23":"shipping-taxable","24":"purchasable","25":"product-type-simple"},"acf":[],"yoast_head":"<!-- This site is optimized with the Yoast SEO plugin v27.3 - https:\/\/yoast.com\/product\/yoast-seo-wordpress\/ -->\n<title>HARLEM PADEL EUPHORIA SOFT - Revolution Padel Store<\/title>\n<meta name=\"description\" content=\"Es una pala de p\u00e1del de\u00a0forma h\u00edbrida, con un\u00a0balance medio-alto\u00a0y un agujereado distribuido con una estructura doble alineada horizontalmente. Estos factores la hacen ligera y permiten ejecutar golpes potentes, r\u00e1pidos y precisos. Est\u00e1 dise\u00f1ada para jugadores\/as de nivel medio-avanzado que requieran de una pala confiable para desplegar un estilo de juego polivalente.\" \/>\n<meta name=\"robots\" content=\"index, follow, max-snippet:-1, max-image-preview:large, max-video-preview:-1\" \/>\n<link rel=\"canonical\" href=\"https:\/\/revolutionpadelstore.com\/en\/harlem-padel-euphoria-soft-3\/\" \/>\n<meta property=\"og:locale\" content=\"en_US\" \/>\n<meta property=\"og:type\" content=\"article\" \/>\n<meta property=\"og:title\" content=\"COMPRAR HARLEM PADEL EUPHORIA SOFT 2024\" \/>\n<meta property=\"og:description\" content=\"Es una pala de p\u00e1del de\u00a0forma h\u00edbrida, con un\u00a0balance medio-alto\u00a0y un agujereado distribuido con una estructura doble alineada horizontalmente. Estos factores la hacen ligera y permiten ejecutar golpes potentes, r\u00e1pidos y precisos. Est\u00e1 dise\u00f1ada para jugadores\/as de nivel medio-avanzado que requieran de una pala confiable para desplegar un estilo de juego polivalente.\" \/>\n<meta property=\"og:url\" content=\"https:\/\/revolutionpadelstore.com\/en\/harlem-padel-euphoria-soft-3\/\" \/>\n<meta property=\"og:site_name\" content=\"Revolution Padel Store\" \/>\n<meta property=\"article:modified_time\" content=\"2025-12-30T14:42:05+00:00\" \/>\n<meta property=\"og:image\" content=\"https:\/\/revolutionpadelstore.com\/wp-content\/uploads\/2024\/04\/EUPHORIA_MORADA_1.jpg\" \/>\n\t<meta property=\"og:image:width\" content=\"800\" \/>\n\t<meta property=\"og:image:height\" content=\"800\" \/>\n\t<meta property=\"og:image:type\" content=\"image\/jpeg\" \/>\n<meta name=\"twitter:card\" content=\"summary_large_image\" \/>\n<meta name=\"twitter:label1\" content=\"Est. reading time\" \/>\n\t<meta name=\"twitter:data1\" content=\"2 minutes\" \/>\n<script type=\"application\/ld+json\" class=\"yoast-schema-graph\">{\"@context\":\"https:\\\/\\\/schema.org\",\"@graph\":[{\"@type\":\"WebPage\",\"@id\":\"https:\\\/\\\/revolutionpadelstore.com\\\/en\\\/harlem-padel-euphoria-soft-3\\\/\",\"url\":\"https:\\\/\\\/revolutionpadelstore.com\\\/en\\\/harlem-padel-euphoria-soft-3\\\/\",\"name\":\"HARLEM PADEL EUPHORIA SOFT - Revolution Padel Store\",\"isPartOf\":{\"@id\":\"https:\\\/\\\/revolutionpadelstore.com\\\/en\\\/#website\"},\"primaryImageOfPage\":{\"@id\":\"https:\\\/\\\/revolutionpadelstore.com\\\/en\\\/harlem-padel-euphoria-soft-3\\\/#primaryimage\"},\"image\":{\"@id\":\"https:\\\/\\\/revolutionpadelstore.com\\\/en\\\/harlem-padel-euphoria-soft-3\\\/#primaryimage\"},\"thumbnailUrl\":\"https:\\\/\\\/revolutionpadelstore.com\\\/wp-content\\\/uploads\\\/2024\\\/04\\\/83.png\",\"datePublished\":\"2024-04-09T07:57:49+00:00\",\"dateModified\":\"2025-12-30T14:42:05+00:00\",\"description\":\"Es una pala de p\u00e1del de\u00a0forma h\u00edbrida, con un\u00a0balance medio-alto\u00a0y un agujereado distribuido con una estructura doble alineada horizontalmente. Estos factores la hacen ligera y permiten ejecutar golpes potentes, r\u00e1pidos y precisos. Est\u00e1 dise\u00f1ada para jugadores\\\/as de nivel medio-avanzado que requieran de una pala confiable para desplegar un estilo de juego polivalente.\",\"breadcrumb\":{\"@id\":\"https:\\\/\\\/revolutionpadelstore.com\\\/en\\\/harlem-padel-euphoria-soft-3\\\/#breadcrumb\"},\"inLanguage\":\"en-US\",\"potentialAction\":[{\"@type\":\"ReadAction\",\"target\":[\"https:\\\/\\\/revolutionpadelstore.com\\\/en\\\/harlem-padel-euphoria-soft-3\\\/\"]}]},{\"@type\":\"ImageObject\",\"inLanguage\":\"en-US\",\"@id\":\"https:\\\/\\\/revolutionpadelstore.com\\\/en\\\/harlem-padel-euphoria-soft-3\\\/#primaryimage\",\"url\":\"https:\\\/\\\/revolutionpadelstore.com\\\/wp-content\\\/uploads\\\/2024\\\/04\\\/83.png\",\"contentUrl\":\"https:\\\/\\\/revolutionpadelstore.com\\\/wp-content\\\/uploads\\\/2024\\\/04\\\/83.png\",\"width\":1500,\"height\":1500},{\"@type\":\"BreadcrumbList\",\"@id\":\"https:\\\/\\\/revolutionpadelstore.com\\\/en\\\/harlem-padel-euphoria-soft-3\\\/#breadcrumb\",\"itemListElement\":[{\"@type\":\"ListItem\",\"position\":1,\"name\":\"Portada\",\"item\":\"https:\\\/\\\/revolutionpadelstore.com\\\/en\\\/\"},{\"@type\":\"ListItem\",\"position\":2,\"name\":\"Shop\",\"item\":\"https:\\\/\\\/revolutionpadelstore.com\\\/en\\\/shop\\\/\"},{\"@type\":\"ListItem\",\"position\":3,\"name\":\"HARLEM PADEL EUPHORIA SOFT\"}]},{\"@type\":\"WebSite\",\"@id\":\"https:\\\/\\\/revolutionpadelstore.com\\\/en\\\/#website\",\"url\":\"https:\\\/\\\/revolutionpadelstore.com\\\/en\\\/\",\"name\":\"Revolution Padel Store\",\"description\":\"\",\"publisher\":{\"@id\":\"https:\\\/\\\/revolutionpadelstore.com\\\/en\\\/#organization\"},\"potentialAction\":[{\"@type\":\"SearchAction\",\"target\":{\"@type\":\"EntryPoint\",\"urlTemplate\":\"https:\\\/\\\/revolutionpadelstore.com\\\/en\\\/?s={search_term_string}\"},\"query-input\":{\"@type\":\"PropertyValueSpecification\",\"valueRequired\":true,\"valueName\":\"search_term_string\"}}],\"inLanguage\":\"en-US\"},{\"@type\":\"Organization\",\"@id\":\"https:\\\/\\\/revolutionpadelstore.com\\\/en\\\/#organization\",\"name\":\"Revolution Padel Store\",\"url\":\"https:\\\/\\\/revolutionpadelstore.com\\\/en\\\/\",\"logo\":{\"@type\":\"ImageObject\",\"inLanguage\":\"en-US\",\"@id\":\"https:\\\/\\\/revolutionpadelstore.com\\\/en\\\/#\\\/schema\\\/logo\\\/image\\\/\",\"url\":\"https:\\\/\\\/revolutionpadelstore.com\\\/wp-content\\\/uploads\\\/2026\\\/02\\\/revolution-padel-store.jpg\",\"contentUrl\":\"https:\\\/\\\/revolutionpadelstore.com\\\/wp-content\\\/uploads\\\/2026\\\/02\\\/revolution-padel-store.jpg\",\"width\":2000,\"height\":2000,\"caption\":\"Revolution Padel Store\"},\"image\":{\"@id\":\"https:\\\/\\\/revolutionpadelstore.com\\\/en\\\/#\\\/schema\\\/logo\\\/image\\\/\"},\"sameAs\":[\"https:\\\/\\\/www.instagram.com\\\/revolutionpadelstore\\\/\"]}]}<\/script>\n<!-- \/ Yoast SEO plugin. -->","yoast_head_json":{"title":"HARLEM PADEL EUPHORIA SOFT - Revolution Padel Store","description":"Es una pala de p\u00e1del de\u00a0forma h\u00edbrida, con un\u00a0balance medio-alto\u00a0y un agujereado distribuido con una estructura doble alineada horizontalmente. Estos factores la hacen ligera y permiten ejecutar golpes potentes, r\u00e1pidos y precisos. Est\u00e1 dise\u00f1ada para jugadores\/as de nivel medio-avanzado que requieran de una pala confiable para desplegar un estilo de juego polivalente.","robots":{"index":"index","follow":"follow","max-snippet":"max-snippet:-1","max-image-preview":"max-image-preview:large","max-video-preview":"max-video-preview:-1"},"canonical":"https:\/\/revolutionpadelstore.com\/en\/harlem-padel-euphoria-soft-3\/","og_locale":"en_US","og_type":"article","og_title":"COMPRAR HARLEM PADEL EUPHORIA SOFT 2024","og_description":"Es una pala de p\u00e1del de\u00a0forma h\u00edbrida, con un\u00a0balance medio-alto\u00a0y un agujereado distribuido con una estructura doble alineada horizontalmente. Estos factores la hacen ligera y permiten ejecutar golpes potentes, r\u00e1pidos y precisos. Est\u00e1 dise\u00f1ada para jugadores\/as de nivel medio-avanzado que requieran de una pala confiable para desplegar un estilo de juego polivalente.","og_url":"https:\/\/revolutionpadelstore.com\/en\/harlem-padel-euphoria-soft-3\/","og_site_name":"Revolution Padel Store","article_modified_time":"2025-12-30T14:42:05+00:00","og_image":[{"width":800,"height":800,"url":"https:\/\/revolutionpadelstore.com\/wp-content\/uploads\/2024\/04\/EUPHORIA_MORADA_1.jpg","type":"image\/jpeg"}],"twitter_card":"summary_large_image","twitter_misc":{"Est. reading time":"2 minutes"},"schema":{"@context":"https:\/\/schema.org","@graph":[{"@type":"WebPage","@id":"https:\/\/revolutionpadelstore.com\/en\/harlem-padel-euphoria-soft-3\/","url":"https:\/\/revolutionpadelstore.com\/en\/harlem-padel-euphoria-soft-3\/","name":"HARLEM PADEL EUPHORIA SOFT - Revolution Padel Store","isPartOf":{"@id":"https:\/\/revolutionpadelstore.com\/en\/#website"},"primaryImageOfPage":{"@id":"https:\/\/revolutionpadelstore.com\/en\/harlem-padel-euphoria-soft-3\/#primaryimage"},"image":{"@id":"https:\/\/revolutionpadelstore.com\/en\/harlem-padel-euphoria-soft-3\/#primaryimage"},"thumbnailUrl":"https:\/\/revolutionpadelstore.com\/wp-content\/uploads\/2024\/04\/83.png","datePublished":"2024-04-09T07:57:49+00:00","dateModified":"2025-12-30T14:42:05+00:00","description":"Es una pala de p\u00e1del de\u00a0forma h\u00edbrida, con un\u00a0balance medio-alto\u00a0y un agujereado distribuido con una estructura doble alineada horizontalmente. Estos factores la hacen ligera y permiten ejecutar golpes potentes, r\u00e1pidos y precisos. Est\u00e1 dise\u00f1ada para jugadores\/as de nivel medio-avanzado que requieran de una pala confiable para desplegar un estilo de juego polivalente.","breadcrumb":{"@id":"https:\/\/revolutionpadelstore.com\/en\/harlem-padel-euphoria-soft-3\/#breadcrumb"},"inLanguage":"en-US","potentialAction":[{"@type":"ReadAction","target":["https:\/\/revolutionpadelstore.com\/en\/harlem-padel-euphoria-soft-3\/"]}]},{"@type":"ImageObject","inLanguage":"en-US","@id":"https:\/\/revolutionpadelstore.com\/en\/harlem-padel-euphoria-soft-3\/#primaryimage","url":"https:\/\/revolutionpadelstore.com\/wp-content\/uploads\/2024\/04\/83.png","contentUrl":"https:\/\/revolutionpadelstore.com\/wp-content\/uploads\/2024\/04\/83.png","width":1500,"height":1500},{"@type":"BreadcrumbList","@id":"https:\/\/revolutionpadelstore.com\/en\/harlem-padel-euphoria-soft-3\/#breadcrumb","itemListElement":[{"@type":"ListItem","position":1,"name":"Portada","item":"https:\/\/revolutionpadelstore.com\/en\/"},{"@type":"ListItem","position":2,"name":"Shop","item":"https:\/\/revolutionpadelstore.com\/en\/shop\/"},{"@type":"ListItem","position":3,"name":"HARLEM PADEL EUPHORIA SOFT"}]},{"@type":"WebSite","@id":"https:\/\/revolutionpadelstore.com\/en\/#website","url":"https:\/\/revolutionpadelstore.com\/en\/","name":"Revolution Padel Store","description":"","publisher":{"@id":"https:\/\/revolutionpadelstore.com\/en\/#organization"},"potentialAction":[{"@type":"SearchAction","target":{"@type":"EntryPoint","urlTemplate":"https:\/\/revolutionpadelstore.com\/en\/?s={search_term_string}"},"query-input":{"@type":"PropertyValueSpecification","valueRequired":true,"valueName":"search_term_string"}}],"inLanguage":"en-US"},{"@type":"Organization","@id":"https:\/\/revolutionpadelstore.com\/en\/#organization","name":"Revolution Padel Store","url":"https:\/\/revolutionpadelstore.com\/en\/","logo":{"@type":"ImageObject","inLanguage":"en-US","@id":"https:\/\/revolutionpadelstore.com\/en\/#\/schema\/logo\/image\/","url":"https:\/\/revolutionpadelstore.com\/wp-content\/uploads\/2026\/02\/revolution-padel-store.jpg","contentUrl":"https:\/\/revolutionpadelstore.com\/wp-content\/uploads\/2026\/02\/revolution-padel-store.jpg","width":2000,"height":2000,"caption":"Revolution Padel Store"},"image":{"@id":"https:\/\/revolutionpadelstore.com\/en\/#\/schema\/logo\/image\/"},"sameAs":["https:\/\/www.instagram.com\/revolutionpadelstore\/"]}]}},"_links":{"self":[{"href":"https:\/\/revolutionpadelstore.com\/en\/wp-json\/wp\/v2\/product\/19751","targetHints":{"allow":["GET"]}}],"collection":[{"href":"https:\/\/revolutionpadelstore.com\/en\/wp-json\/wp\/v2\/product"}],"about":[{"href":"https:\/\/revolutionpadelstore.com\/en\/wp-json\/wp\/v2\/types\/product"}],"replies":[{"embeddable":true,"href":"https:\/\/revolutionpadelstore.com\/en\/wp-json\/wp\/v2\/comments?post=19751"}],"wp:featuredmedia":[{"embeddable":true,"href":"https:\/\/revolutionpadelstore.com\/en\/wp-json\/wp\/v2\/media\/161850"}],"wp:attachment":[{"href":"https:\/\/revolutionpadelstore.com\/en\/wp-json\/wp\/v2\/media?parent=19751"}],"wp:term":[{"taxonomy":"acabado","embeddable":true,"href":"https:\/\/revolutionpadelstore.com\/en\/wp-json\/wp\/v2\/acabado?post=19751"},{"taxonomy":"balance","embeddable":true,"href":"https:\/\/revolutionpadelstore.com\/en\/wp-json\/wp\/v2\/balance?post=19751"},{"taxonomy":"dureza","embeddable":true,"href":"https:\/\/revolutionpadelstore.com\/en\/wp-json\/wp\/v2\/dureza?post=19751"},{"taxonomy":"forma","embeddable":true,"href":"https:\/\/revolutionpadelstore.com\/en\/wp-json\/wp\/v2\/forma?post=19751"},{"taxonomy":"jugador","embeddable":true,"href":"https:\/\/revolutionpadelstore.com\/en\/wp-json\/wp\/v2\/jugador?post=19751"},{"taxonomy":"marca","embeddable":true,"href":"https:\/\/revolutionpadelstore.com\/en\/wp-json\/wp\/v2\/marca?post=19751"},{"taxonomy":"nivel-de-juego","embeddable":true,"href":"https:\/\/revolutionpadelstore.com\/en\/wp-json\/wp\/v2\/nivel-de-juego?post=19751"},{"taxonomy":"superficie","embeddable":true,"href":"https:\/\/revolutionpadelstore.com\/en\/wp-json\/wp\/v2\/superficie?post=19751"},{"taxonomy":"tipo-de-juego","embeddable":true,"href":"https:\/\/revolutionpadelstore.com\/en\/wp-json\/wp\/v2\/tipo-de-juego?post=19751"},{"taxonomy":"product_brand","embeddable":true,"href":"https:\/\/revolutionpadelstore.com\/en\/wp-json\/wp\/v2\/product_brand?post=19751"},{"taxonomy":"product_cat","embeddable":true,"href":"https:\/\/revolutionpadelstore.com\/en\/wp-json\/wp\/v2\/product_cat?post=19751"},{"taxonomy":"product_tag","embeddable":true,"href":"https:\/\/revolutionpadelstore.com\/en\/wp-json\/wp\/v2\/product_tag?post=19751"}],"curies":[{"name":"wp","href":"https:\/\/api.w.org\/{rel}","templated":true}]}}