{"id":19736,"date":"2024-04-09T19:47:03","date_gmt":"2024-04-09T17:47:03","guid":{"rendered":"https:\/\/revolutionpadelstore.com\/siux-electra-st3-go\/"},"modified":"2026-04-01T11:02:49","modified_gmt":"2026-04-01T09:02:49","slug":"siux-electra-st3-go","status":"publish","type":"product","link":"https:\/\/revolutionpadelstore.com\/en\/siux-electra-st3-go\/","title":{"rendered":"SIUX ELECTRA ST3 GO"},"content":{"rendered":"<h2>Siux Electra ST3 Go, hybrid racket for intermediate level players<\/h2>\n<p>The <strong>Siux Electra ST3 Go<\/strong> padel racket is from Siux&#8217;s Go Series range, designed specifically for <strong>medium performance players<\/strong> who want to improve their game and take it to the next level. With an elegant design in black and gold, this racket not only stands out on the court for its performance, but also for its impeccable aesthetics.<\/p>\n<p>The racket features a <strong>hybrid shape<\/strong> body that combines the best of the round and teardrop rackets, making it a versatile ally on the court. Its medium balance provides exceptional control without sacrificing power in your blows. The weight range of this racket ranges between 355 and 375 grams<\/p>\n<h3>Hybrid padel racket with a medium hard feel<\/h3>\n<p>The <strong>tubular <\/strong>structure of the blade is composed of 5<strong>0% 3K carbon and 50% <em>Fiber Glass<\/em><\/strong>, which guarantees resistance exceptional and long durability. The faces are made of 3K carbon, which provides greater flexibility to the planes. The<strong>Hard EVA rubber core offers a medium-hard feel, providing a feeling of solidity and control in every impact.<\/p>\n<p>It is equipped with an anti-vibration Shockout Dampeners system, which reduces vibrations when hitting, providing a more comfortable playing experience and minimizing the risk of repetitive strain injuries. The gloss finish faces give it an elegant and polished look on the court.<\/p>\n<p>In short, the Siux Electra ST3 Go is the perfect choice for medium-performance padel players looking for a racket with an ideal balance between control and power, exceptional durability, and an impressive aesthetic. With its advanced technology and attractive design, this racket will take you one step closer to victory in each match.<\/p>\n<h2>Siux Electra ST3 Go, pala h\u00edbrida para jugadores de nivel intermedio<\/h2>\n","protected":false},"excerpt":{"rendered":"<p>The Siux Electra ST3 Go padel racket is from Siux&#8217;s Go Series range, designed specifically for medium-performance players who want to improve their game and take it to the next level. With an elegant design in black and gold, this racket not only stands out on the court for its performance, but also for its impeccable aesthetics.<\/p>\n","protected":false},"featured_media":265992,"comment_status":"open","ping_status":"closed","template":"","meta":{"_acf_changed":false,"_joinchat":[]},"acabado":[1083],"balance":[1143],"dureza":[1158],"forma":[1178],"jugador":[1193,1203],"marca":[1308],"nivel-de-juego":[1353],"superficie":[1363],"tipo-de-juego":[1388],"product_brand":[],"product_cat":[303],"product_tag":[],"class_list":{"0":"post-19736","1":"product","2":"type-product","3":"status-publish","4":"has-post-thumbnail","6":"acabado-brightness","7":"balance-medium","8":"dureza-media-en","9":"forma-hibrida-en","10":"jugador-hombre-en","11":"jugador-multipurpose","12":"marca-siux-en","13":"superficie-rugosa-en","14":"tipo-de-juego-multipurpose","15":"product_cat-palas","17":"first","18":"instock","19":"sale","20":"taxable","21":"shipping-taxable","22":"purchasable","23":"product-type-simple"},"acf":[],"yoast_head":"<!-- This site is optimized with the Yoast SEO plugin v27.3 - https:\/\/yoast.com\/product\/yoast-seo-wordpress\/ -->\n<title>SIUX ELECTRA ST3 GO - Revolution Padel Store<\/title>\n<meta name=\"description\" content=\"La pala de p\u00e1del\u00a0Siux Electra ST3 Go\u00a0es de la gama Go Series de Siux, dise\u00f1ada espec\u00edficamente para\u00a0jugadores de rendimiento medio\u00a0que desean mejorar su juego y llevarlo al siguiente nivel. Con un dise\u00f1o elegante en negro y dorado, esta pala no solo destaca en la pista por su rendimiento, sino tambi\u00e9n por su est\u00e9tica impecable.\" \/>\n<meta name=\"robots\" content=\"index, follow, max-snippet:-1, max-image-preview:large, max-video-preview:-1\" \/>\n<link rel=\"canonical\" href=\"https:\/\/revolutionpadelstore.com\/en\/siux-electra-st3-go\/\" \/>\n<meta property=\"og:locale\" content=\"en_US\" \/>\n<meta property=\"og:type\" content=\"article\" \/>\n<meta property=\"og:title\" content=\"COMPRAR SIUX ELECTRA ST3 GO\" \/>\n<meta property=\"og:description\" content=\"La pala de p\u00e1del\u00a0Siux Electra ST3 Go\u00a0es de la gama Go Series de Siux, dise\u00f1ada espec\u00edficamente para\u00a0jugadores de rendimiento medio\u00a0que desean mejorar su juego y llevarlo al siguiente nivel. Con un dise\u00f1o elegante en negro y dorado, esta pala no solo destaca en la pista por su rendimiento, sino tambi\u00e9n por su est\u00e9tica impecable.\" \/>\n<meta property=\"og:url\" content=\"https:\/\/revolutionpadelstore.com\/en\/siux-electra-st3-go\/\" \/>\n<meta property=\"og:site_name\" content=\"Revolution Padel Store\" \/>\n<meta property=\"article:modified_time\" content=\"2026-04-01T09:02:49+00:00\" \/>\n<meta property=\"og:image\" content=\"https:\/\/revolutionpadelstore.com\/wp-content\/uploads\/2024\/04\/109474_siux_electra_go_3_1500x1500_vista1_2c8b.webp\" \/>\n\t<meta property=\"og:image:width\" content=\"1500\" \/>\n\t<meta property=\"og:image:height\" content=\"1500\" \/>\n\t<meta property=\"og:image:type\" content=\"image\/webp\" \/>\n<meta name=\"twitter:card\" content=\"summary_large_image\" \/>\n<meta name=\"twitter:label1\" content=\"Est. reading time\" \/>\n\t<meta name=\"twitter:data1\" content=\"2 minutes\" \/>\n<script type=\"application\/ld+json\" class=\"yoast-schema-graph\">{\"@context\":\"https:\\\/\\\/schema.org\",\"@graph\":[{\"@type\":\"WebPage\",\"@id\":\"https:\\\/\\\/revolutionpadelstore.com\\\/en\\\/siux-electra-st3-go\\\/\",\"url\":\"https:\\\/\\\/revolutionpadelstore.com\\\/en\\\/siux-electra-st3-go\\\/\",\"name\":\"SIUX ELECTRA ST3 GO - Revolution Padel Store\",\"isPartOf\":{\"@id\":\"https:\\\/\\\/revolutionpadelstore.com\\\/en\\\/#website\"},\"primaryImageOfPage\":{\"@id\":\"https:\\\/\\\/revolutionpadelstore.com\\\/en\\\/siux-electra-st3-go\\\/#primaryimage\"},\"image\":{\"@id\":\"https:\\\/\\\/revolutionpadelstore.com\\\/en\\\/siux-electra-st3-go\\\/#primaryimage\"},\"thumbnailUrl\":\"https:\\\/\\\/revolutionpadelstore.com\\\/wp-content\\\/uploads\\\/2024\\\/04\\\/109474_siux_electra_go_3_1500x1500_vista1_2c8b-2.webp\",\"datePublished\":\"2024-04-09T17:47:03+00:00\",\"dateModified\":\"2026-04-01T09:02:49+00:00\",\"description\":\"La pala de p\u00e1del\u00a0Siux Electra ST3 Go\u00a0es de la gama Go Series de Siux, dise\u00f1ada espec\u00edficamente para\u00a0jugadores de rendimiento medio\u00a0que desean mejorar su juego y llevarlo al siguiente nivel. Con un dise\u00f1o elegante en negro y dorado, esta pala no solo destaca en la pista por su rendimiento, sino tambi\u00e9n por su est\u00e9tica impecable.\",\"breadcrumb\":{\"@id\":\"https:\\\/\\\/revolutionpadelstore.com\\\/en\\\/siux-electra-st3-go\\\/#breadcrumb\"},\"inLanguage\":\"en-US\",\"potentialAction\":[{\"@type\":\"ReadAction\",\"target\":[\"https:\\\/\\\/revolutionpadelstore.com\\\/en\\\/siux-electra-st3-go\\\/\"]}]},{\"@type\":\"ImageObject\",\"inLanguage\":\"en-US\",\"@id\":\"https:\\\/\\\/revolutionpadelstore.com\\\/en\\\/siux-electra-st3-go\\\/#primaryimage\",\"url\":\"https:\\\/\\\/revolutionpadelstore.com\\\/wp-content\\\/uploads\\\/2024\\\/04\\\/109474_siux_electra_go_3_1500x1500_vista1_2c8b-2.webp\",\"contentUrl\":\"https:\\\/\\\/revolutionpadelstore.com\\\/wp-content\\\/uploads\\\/2024\\\/04\\\/109474_siux_electra_go_3_1500x1500_vista1_2c8b-2.webp\",\"width\":1500,\"height\":1500},{\"@type\":\"BreadcrumbList\",\"@id\":\"https:\\\/\\\/revolutionpadelstore.com\\\/en\\\/siux-electra-st3-go\\\/#breadcrumb\",\"itemListElement\":[{\"@type\":\"ListItem\",\"position\":1,\"name\":\"Portada\",\"item\":\"https:\\\/\\\/revolutionpadelstore.com\\\/en\\\/\"},{\"@type\":\"ListItem\",\"position\":2,\"name\":\"Shop\",\"item\":\"https:\\\/\\\/revolutionpadelstore.com\\\/en\\\/shop\\\/\"},{\"@type\":\"ListItem\",\"position\":3,\"name\":\"SIUX ELECTRA ST3 GO\"}]},{\"@type\":\"WebSite\",\"@id\":\"https:\\\/\\\/revolutionpadelstore.com\\\/en\\\/#website\",\"url\":\"https:\\\/\\\/revolutionpadelstore.com\\\/en\\\/\",\"name\":\"Revolution Padel Store\",\"description\":\"\",\"publisher\":{\"@id\":\"https:\\\/\\\/revolutionpadelstore.com\\\/en\\\/#organization\"},\"potentialAction\":[{\"@type\":\"SearchAction\",\"target\":{\"@type\":\"EntryPoint\",\"urlTemplate\":\"https:\\\/\\\/revolutionpadelstore.com\\\/en\\\/?s={search_term_string}\"},\"query-input\":{\"@type\":\"PropertyValueSpecification\",\"valueRequired\":true,\"valueName\":\"search_term_string\"}}],\"inLanguage\":\"en-US\"},{\"@type\":\"Organization\",\"@id\":\"https:\\\/\\\/revolutionpadelstore.com\\\/en\\\/#organization\",\"name\":\"Revolution Padel Store\",\"url\":\"https:\\\/\\\/revolutionpadelstore.com\\\/en\\\/\",\"logo\":{\"@type\":\"ImageObject\",\"inLanguage\":\"en-US\",\"@id\":\"https:\\\/\\\/revolutionpadelstore.com\\\/en\\\/#\\\/schema\\\/logo\\\/image\\\/\",\"url\":\"https:\\\/\\\/revolutionpadelstore.com\\\/wp-content\\\/uploads\\\/2026\\\/02\\\/revolution-padel-store.jpg\",\"contentUrl\":\"https:\\\/\\\/revolutionpadelstore.com\\\/wp-content\\\/uploads\\\/2026\\\/02\\\/revolution-padel-store.jpg\",\"width\":2000,\"height\":2000,\"caption\":\"Revolution Padel Store\"},\"image\":{\"@id\":\"https:\\\/\\\/revolutionpadelstore.com\\\/en\\\/#\\\/schema\\\/logo\\\/image\\\/\"},\"sameAs\":[\"https:\\\/\\\/www.instagram.com\\\/revolutionpadelstore\\\/\"]}]}<\/script>\n<!-- \/ Yoast SEO plugin. -->","yoast_head_json":{"title":"SIUX ELECTRA ST3 GO - Revolution Padel Store","description":"La pala de p\u00e1del\u00a0Siux Electra ST3 Go\u00a0es de la gama Go Series de Siux, dise\u00f1ada espec\u00edficamente para\u00a0jugadores de rendimiento medio\u00a0que desean mejorar su juego y llevarlo al siguiente nivel. Con un dise\u00f1o elegante en negro y dorado, esta pala no solo destaca en la pista por su rendimiento, sino tambi\u00e9n por su est\u00e9tica impecable.","robots":{"index":"index","follow":"follow","max-snippet":"max-snippet:-1","max-image-preview":"max-image-preview:large","max-video-preview":"max-video-preview:-1"},"canonical":"https:\/\/revolutionpadelstore.com\/en\/siux-electra-st3-go\/","og_locale":"en_US","og_type":"article","og_title":"COMPRAR SIUX ELECTRA ST3 GO","og_description":"La pala de p\u00e1del\u00a0Siux Electra ST3 Go\u00a0es de la gama Go Series de Siux, dise\u00f1ada espec\u00edficamente para\u00a0jugadores de rendimiento medio\u00a0que desean mejorar su juego y llevarlo al siguiente nivel. Con un dise\u00f1o elegante en negro y dorado, esta pala no solo destaca en la pista por su rendimiento, sino tambi\u00e9n por su est\u00e9tica impecable.","og_url":"https:\/\/revolutionpadelstore.com\/en\/siux-electra-st3-go\/","og_site_name":"Revolution Padel Store","article_modified_time":"2026-04-01T09:02:49+00:00","og_image":[{"width":1500,"height":1500,"url":"https:\/\/revolutionpadelstore.com\/wp-content\/uploads\/2024\/04\/109474_siux_electra_go_3_1500x1500_vista1_2c8b.webp","type":"image\/webp"}],"twitter_card":"summary_large_image","twitter_misc":{"Est. reading time":"2 minutes"},"schema":{"@context":"https:\/\/schema.org","@graph":[{"@type":"WebPage","@id":"https:\/\/revolutionpadelstore.com\/en\/siux-electra-st3-go\/","url":"https:\/\/revolutionpadelstore.com\/en\/siux-electra-st3-go\/","name":"SIUX ELECTRA ST3 GO - Revolution Padel Store","isPartOf":{"@id":"https:\/\/revolutionpadelstore.com\/en\/#website"},"primaryImageOfPage":{"@id":"https:\/\/revolutionpadelstore.com\/en\/siux-electra-st3-go\/#primaryimage"},"image":{"@id":"https:\/\/revolutionpadelstore.com\/en\/siux-electra-st3-go\/#primaryimage"},"thumbnailUrl":"https:\/\/revolutionpadelstore.com\/wp-content\/uploads\/2024\/04\/109474_siux_electra_go_3_1500x1500_vista1_2c8b-2.webp","datePublished":"2024-04-09T17:47:03+00:00","dateModified":"2026-04-01T09:02:49+00:00","description":"La pala de p\u00e1del\u00a0Siux Electra ST3 Go\u00a0es de la gama Go Series de Siux, dise\u00f1ada espec\u00edficamente para\u00a0jugadores de rendimiento medio\u00a0que desean mejorar su juego y llevarlo al siguiente nivel. Con un dise\u00f1o elegante en negro y dorado, esta pala no solo destaca en la pista por su rendimiento, sino tambi\u00e9n por su est\u00e9tica impecable.","breadcrumb":{"@id":"https:\/\/revolutionpadelstore.com\/en\/siux-electra-st3-go\/#breadcrumb"},"inLanguage":"en-US","potentialAction":[{"@type":"ReadAction","target":["https:\/\/revolutionpadelstore.com\/en\/siux-electra-st3-go\/"]}]},{"@type":"ImageObject","inLanguage":"en-US","@id":"https:\/\/revolutionpadelstore.com\/en\/siux-electra-st3-go\/#primaryimage","url":"https:\/\/revolutionpadelstore.com\/wp-content\/uploads\/2024\/04\/109474_siux_electra_go_3_1500x1500_vista1_2c8b-2.webp","contentUrl":"https:\/\/revolutionpadelstore.com\/wp-content\/uploads\/2024\/04\/109474_siux_electra_go_3_1500x1500_vista1_2c8b-2.webp","width":1500,"height":1500},{"@type":"BreadcrumbList","@id":"https:\/\/revolutionpadelstore.com\/en\/siux-electra-st3-go\/#breadcrumb","itemListElement":[{"@type":"ListItem","position":1,"name":"Portada","item":"https:\/\/revolutionpadelstore.com\/en\/"},{"@type":"ListItem","position":2,"name":"Shop","item":"https:\/\/revolutionpadelstore.com\/en\/shop\/"},{"@type":"ListItem","position":3,"name":"SIUX ELECTRA ST3 GO"}]},{"@type":"WebSite","@id":"https:\/\/revolutionpadelstore.com\/en\/#website","url":"https:\/\/revolutionpadelstore.com\/en\/","name":"Revolution Padel Store","description":"","publisher":{"@id":"https:\/\/revolutionpadelstore.com\/en\/#organization"},"potentialAction":[{"@type":"SearchAction","target":{"@type":"EntryPoint","urlTemplate":"https:\/\/revolutionpadelstore.com\/en\/?s={search_term_string}"},"query-input":{"@type":"PropertyValueSpecification","valueRequired":true,"valueName":"search_term_string"}}],"inLanguage":"en-US"},{"@type":"Organization","@id":"https:\/\/revolutionpadelstore.com\/en\/#organization","name":"Revolution Padel Store","url":"https:\/\/revolutionpadelstore.com\/en\/","logo":{"@type":"ImageObject","inLanguage":"en-US","@id":"https:\/\/revolutionpadelstore.com\/en\/#\/schema\/logo\/image\/","url":"https:\/\/revolutionpadelstore.com\/wp-content\/uploads\/2026\/02\/revolution-padel-store.jpg","contentUrl":"https:\/\/revolutionpadelstore.com\/wp-content\/uploads\/2026\/02\/revolution-padel-store.jpg","width":2000,"height":2000,"caption":"Revolution Padel Store"},"image":{"@id":"https:\/\/revolutionpadelstore.com\/en\/#\/schema\/logo\/image\/"},"sameAs":["https:\/\/www.instagram.com\/revolutionpadelstore\/"]}]}},"_links":{"self":[{"href":"https:\/\/revolutionpadelstore.com\/en\/wp-json\/wp\/v2\/product\/19736","targetHints":{"allow":["GET"]}}],"collection":[{"href":"https:\/\/revolutionpadelstore.com\/en\/wp-json\/wp\/v2\/product"}],"about":[{"href":"https:\/\/revolutionpadelstore.com\/en\/wp-json\/wp\/v2\/types\/product"}],"replies":[{"embeddable":true,"href":"https:\/\/revolutionpadelstore.com\/en\/wp-json\/wp\/v2\/comments?post=19736"}],"wp:featuredmedia":[{"embeddable":true,"href":"https:\/\/revolutionpadelstore.com\/en\/wp-json\/wp\/v2\/media\/265992"}],"wp:attachment":[{"href":"https:\/\/revolutionpadelstore.com\/en\/wp-json\/wp\/v2\/media?parent=19736"}],"wp:term":[{"taxonomy":"acabado","embeddable":true,"href":"https:\/\/revolutionpadelstore.com\/en\/wp-json\/wp\/v2\/acabado?post=19736"},{"taxonomy":"balance","embeddable":true,"href":"https:\/\/revolutionpadelstore.com\/en\/wp-json\/wp\/v2\/balance?post=19736"},{"taxonomy":"dureza","embeddable":true,"href":"https:\/\/revolutionpadelstore.com\/en\/wp-json\/wp\/v2\/dureza?post=19736"},{"taxonomy":"forma","embeddable":true,"href":"https:\/\/revolutionpadelstore.com\/en\/wp-json\/wp\/v2\/forma?post=19736"},{"taxonomy":"jugador","embeddable":true,"href":"https:\/\/revolutionpadelstore.com\/en\/wp-json\/wp\/v2\/jugador?post=19736"},{"taxonomy":"marca","embeddable":true,"href":"https:\/\/revolutionpadelstore.com\/en\/wp-json\/wp\/v2\/marca?post=19736"},{"taxonomy":"nivel-de-juego","embeddable":true,"href":"https:\/\/revolutionpadelstore.com\/en\/wp-json\/wp\/v2\/nivel-de-juego?post=19736"},{"taxonomy":"superficie","embeddable":true,"href":"https:\/\/revolutionpadelstore.com\/en\/wp-json\/wp\/v2\/superficie?post=19736"},{"taxonomy":"tipo-de-juego","embeddable":true,"href":"https:\/\/revolutionpadelstore.com\/en\/wp-json\/wp\/v2\/tipo-de-juego?post=19736"},{"taxonomy":"product_brand","embeddable":true,"href":"https:\/\/revolutionpadelstore.com\/en\/wp-json\/wp\/v2\/product_brand?post=19736"},{"taxonomy":"product_cat","embeddable":true,"href":"https:\/\/revolutionpadelstore.com\/en\/wp-json\/wp\/v2\/product_cat?post=19736"},{"taxonomy":"product_tag","embeddable":true,"href":"https:\/\/revolutionpadelstore.com\/en\/wp-json\/wp\/v2\/product_tag?post=19736"}],"curies":[{"name":"wp","href":"https:\/\/api.w.org\/{rel}","templated":true}]}}