{"id":197313,"date":"2025-02-26T18:37:10","date_gmt":"2025-02-26T17:37:10","guid":{"rendered":"https:\/\/revolutionpadelstore.com\/joma-slam-men-2542-blanco-negro\/"},"modified":"2026-04-08T06:10:21","modified_gmt":"2026-04-08T04:10:21","slug":"joma-slam-men-2542-blanco-negro-2","status":"publish","type":"product","link":"https:\/\/revolutionpadelstore.com\/en\/joma-slam-men-2542-blanco-negro-2\/","title":{"rendered":"JOMA SLAM MEN 2542 BLANCO NEGRO"},"content":{"rendered":"<h3> High -end paddle shoes &#8211; maximum performance and technology <\/ h3><br \/>\nThe high -end paddle shoes that revolutionize the game. Designed for demanding players seeking maximum cushioning, stability and protection, they have been tested by legends such as the former number 1 of the world Carolina Navarro and Juanlu Esbr\u00ed.<br \/>\n<H2> Outstanding characteristics <\/ h2><br \/>\n<P>-Upper of transirable mesh with VTS technology, which optimizes ventilation and keeps dry foot.<br \/>\n-Ably perfect thanks to the Joma Sportch thermaling system, which eliminates seams and improves comfort.<br \/>\n-Reinforced protection in key areas with the protection system, increasing durability and resistance. <\/p>\n<h2> maximum cushioning and stability <\/ h2><br \/>\nDual Reactive Mediauela combines:<\/p>\n<p style=\"padding-left: 40px\">-stable phylon, which absorbs impacts and reduces fatigue.<br \/>\n-Technology Reactive Ball, which returns the energy in each footprint.<br \/>\n-Pieza Stabilis on the midf, which avoids torsions and improves stability. <\/p>\n<p><H2> OMNI DURABLEY SOLE &#8211; Optimal grip and slip<\/p>\n<p style=\"padding-left: 40px\">-high resistance rubber that delays abrasion wear.<br \/>\n-Design with small circular tacos, which facilitates controlled landslides on hard surfaces. <\/p>\n<p><H2> Innovative technologies <\/ h2><\/p>\n<p style=\"padding-left: 40px\">-dadability: ultra resistant rubber for greater useful life.<br \/>\n-Itle: Ergonomic flexion lines that improve the heel-power transition.<br \/>\n-Reactive ball: absorbs impacts and provides an optimal return of energy.<br \/>\n-Sportech: Settingless adjustment for greater comfort and flexibility.<br \/>\n-Stabilis: TPU reinforcement to avoid unwanted torsions.<br \/>\n-VTS: ventilation system that maintains the ideal temperature of the foot.<\/p>\n<p><H2> TECHNICAL SPECIFICATIONS <\/H2><\/p>\n<p style=\"padding-left: 40px\"> use: training and competition. <\/p>\n<p style=\"padding-left: 40px\"> performance: high \/ professional. <\/p>\n<p style=\"padding-left: 40px\"> sole: durability rubber with omni pattern.<br \/>\n&lt;p style = &quot;padding-left: 40px;&quot; colors: white \/ black \/ orange. <\/p>\n<p style=\"padding-left: 40px\"> gender: man. <\/p>\n<p style=\"padding-left: 40px\"> reference: tslams2542om. <\/p>\n<p> Now available in our online store <strong> <a href=\"https:\/\/chatgpt.com\/g\/g-675432e026888191B6ee6d6f2fdbb15e-optimization-textos\/c\/www.revolutionpadelstore.com\"> www.revolutionPadelstore.com <\/a> <\/strong>, probably <strong> at the best market price <\/strong>. Do not stay without them!<br \/>\n<H4> <\/H4><\/p>\n<h3>Zapatillas de P\u00e1del de Alta Gama \u2013 M\u00e1ximo Rendimiento y Tecnolog\u00eda<\/h3>\n","protected":false},"excerpt":{"rendered":"<p>Elite paddle shoes that transform the game. Created for demanding players who prioritize superior cushioning, stability and protection, have been tested by great figures such as the former world number Carolina Navarro and Juanlu Esbr\u00ed.<\/p>\n","protected":false},"featured_media":197284,"comment_status":"open","ping_status":"closed","template":"","meta":{"_acf_changed":false,"_joinchat":[]},"acabado":[],"balance":[],"dureza":[],"forma":[],"jugador":[1193],"marca":[1228],"nivel-de-juego":[],"superficie":[],"tipo-de-juego":[],"product_brand":[],"product_cat":[829],"product_tag":[],"class_list":{"0":"post-197313","1":"product","2":"type-product","3":"status-publish","4":"has-post-thumbnail","6":"jugador-hombre-en","7":"marca-joma-en","8":"product_cat-sneakers","10":"first","11":"outofstock","12":"sale","13":"taxable","14":"shipping-taxable","15":"purchasable","16":"product-type-variable"},"acf":[],"yoast_head":"<!-- This site is optimized with the Yoast SEO plugin v27.4 - https:\/\/yoast.com\/product\/yoast-seo-wordpress\/ -->\n<title>JOMA SLAM MEN 2542 BLANCO NEGRO - Revolution Padel Store<\/title>\n<meta name=\"description\" content=\"Descubre las zapatillas de p\u00e1del de alta gama con m\u00e1xima amortiguaci\u00f3n y estabilidad. Dise\u00f1adas para profesionales, testadas por leyendas del p\u00e1del. Compra online en Revolution Padel Store.\" \/>\n<meta name=\"robots\" content=\"index, follow, max-snippet:-1, max-image-preview:large, max-video-preview:-1\" \/>\n<link rel=\"canonical\" href=\"https:\/\/revolutionpadelstore.com\/en\/joma-slam-men-2542-blanco-negro-2\/\" \/>\n<meta property=\"og:locale\" content=\"en_US\" \/>\n<meta property=\"og:type\" content=\"article\" \/>\n<meta property=\"og:title\" content=\"JOMA SLAM MEN 2542 BLANCO NEGRO - Revolution Padel Store\" \/>\n<meta property=\"og:description\" content=\"Descubre las zapatillas de p\u00e1del de alta gama con m\u00e1xima amortiguaci\u00f3n y estabilidad. Dise\u00f1adas para profesionales, testadas por leyendas del p\u00e1del. Compra online en Revolution Padel Store.\" \/>\n<meta property=\"og:url\" content=\"https:\/\/revolutionpadelstore.com\/en\/joma-slam-men-2542-blanco-negro-2\/\" \/>\n<meta property=\"og:site_name\" content=\"Revolution Padel Store\" \/>\n<meta property=\"article:modified_time\" content=\"2026-04-08T04:10:21+00:00\" \/>\n<meta property=\"og:image\" content=\"https:\/\/revolutionpadelstore.com\/wp-content\/uploads\/2025\/02\/126.png\" \/>\n\t<meta property=\"og:image:width\" content=\"1500\" \/>\n\t<meta property=\"og:image:height\" content=\"1500\" \/>\n\t<meta property=\"og:image:type\" content=\"image\/png\" \/>\n<meta name=\"twitter:card\" content=\"summary_large_image\" \/>\n<meta name=\"twitter:label1\" content=\"Est. reading time\" \/>\n\t<meta name=\"twitter:data1\" content=\"2 minutes\" \/>\n<script type=\"application\/ld+json\" class=\"yoast-schema-graph\">{\"@context\":\"https:\\\/\\\/schema.org\",\"@graph\":[{\"@type\":\"WebPage\",\"@id\":\"https:\\\/\\\/revolutionpadelstore.com\\\/en\\\/joma-slam-men-2542-blanco-negro-2\\\/\",\"url\":\"https:\\\/\\\/revolutionpadelstore.com\\\/en\\\/joma-slam-men-2542-blanco-negro-2\\\/\",\"name\":\"JOMA SLAM MEN 2542 BLANCO NEGRO - Revolution Padel Store\",\"isPartOf\":{\"@id\":\"https:\\\/\\\/revolutionpadelstore.com\\\/en\\\/#website\"},\"primaryImageOfPage\":{\"@id\":\"https:\\\/\\\/revolutionpadelstore.com\\\/en\\\/joma-slam-men-2542-blanco-negro-2\\\/#primaryimage\"},\"image\":{\"@id\":\"https:\\\/\\\/revolutionpadelstore.com\\\/en\\\/joma-slam-men-2542-blanco-negro-2\\\/#primaryimage\"},\"thumbnailUrl\":\"https:\\\/\\\/revolutionpadelstore.com\\\/wp-content\\\/uploads\\\/2025\\\/02\\\/126.png\",\"datePublished\":\"2025-02-26T17:37:10+00:00\",\"dateModified\":\"2026-04-08T04:10:21+00:00\",\"description\":\"Descubre las zapatillas de p\u00e1del de alta gama con m\u00e1xima amortiguaci\u00f3n y estabilidad. Dise\u00f1adas para profesionales, testadas por leyendas del p\u00e1del. Compra online en Revolution Padel Store.\",\"breadcrumb\":{\"@id\":\"https:\\\/\\\/revolutionpadelstore.com\\\/en\\\/joma-slam-men-2542-blanco-negro-2\\\/#breadcrumb\"},\"inLanguage\":\"en-US\",\"potentialAction\":[{\"@type\":\"ReadAction\",\"target\":[\"https:\\\/\\\/revolutionpadelstore.com\\\/en\\\/joma-slam-men-2542-blanco-negro-2\\\/\"]}]},{\"@type\":\"ImageObject\",\"inLanguage\":\"en-US\",\"@id\":\"https:\\\/\\\/revolutionpadelstore.com\\\/en\\\/joma-slam-men-2542-blanco-negro-2\\\/#primaryimage\",\"url\":\"https:\\\/\\\/revolutionpadelstore.com\\\/wp-content\\\/uploads\\\/2025\\\/02\\\/126.png\",\"contentUrl\":\"https:\\\/\\\/revolutionpadelstore.com\\\/wp-content\\\/uploads\\\/2025\\\/02\\\/126.png\",\"width\":1500,\"height\":1500},{\"@type\":\"BreadcrumbList\",\"@id\":\"https:\\\/\\\/revolutionpadelstore.com\\\/en\\\/joma-slam-men-2542-blanco-negro-2\\\/#breadcrumb\",\"itemListElement\":[{\"@type\":\"ListItem\",\"position\":1,\"name\":\"Portada\",\"item\":\"https:\\\/\\\/revolutionpadelstore.com\\\/en\\\/\"},{\"@type\":\"ListItem\",\"position\":2,\"name\":\"Shop\",\"item\":\"https:\\\/\\\/revolutionpadelstore.com\\\/en\\\/shop\\\/\"},{\"@type\":\"ListItem\",\"position\":3,\"name\":\"JOMA SLAM MEN 2542 BLANCO NEGRO\"}]},{\"@type\":\"WebSite\",\"@id\":\"https:\\\/\\\/revolutionpadelstore.com\\\/en\\\/#website\",\"url\":\"https:\\\/\\\/revolutionpadelstore.com\\\/en\\\/\",\"name\":\"Revolution Padel Store\",\"description\":\"\",\"publisher\":{\"@id\":\"https:\\\/\\\/revolutionpadelstore.com\\\/en\\\/#organization\"},\"potentialAction\":[{\"@type\":\"SearchAction\",\"target\":{\"@type\":\"EntryPoint\",\"urlTemplate\":\"https:\\\/\\\/revolutionpadelstore.com\\\/en\\\/?s={search_term_string}\"},\"query-input\":{\"@type\":\"PropertyValueSpecification\",\"valueRequired\":true,\"valueName\":\"search_term_string\"}}],\"inLanguage\":\"en-US\"},{\"@type\":\"Organization\",\"@id\":\"https:\\\/\\\/revolutionpadelstore.com\\\/en\\\/#organization\",\"name\":\"Revolution Padel Store\",\"url\":\"https:\\\/\\\/revolutionpadelstore.com\\\/en\\\/\",\"logo\":{\"@type\":\"ImageObject\",\"inLanguage\":\"en-US\",\"@id\":\"https:\\\/\\\/revolutionpadelstore.com\\\/en\\\/#\\\/schema\\\/logo\\\/image\\\/\",\"url\":\"https:\\\/\\\/revolutionpadelstore.com\\\/wp-content\\\/uploads\\\/2026\\\/02\\\/revolution-padel-store.jpg\",\"contentUrl\":\"https:\\\/\\\/revolutionpadelstore.com\\\/wp-content\\\/uploads\\\/2026\\\/02\\\/revolution-padel-store.jpg\",\"width\":2000,\"height\":2000,\"caption\":\"Revolution Padel Store\"},\"image\":{\"@id\":\"https:\\\/\\\/revolutionpadelstore.com\\\/en\\\/#\\\/schema\\\/logo\\\/image\\\/\"},\"sameAs\":[\"https:\\\/\\\/www.instagram.com\\\/revolutionpadelstore\\\/\"]}]}<\/script>\n<!-- \/ Yoast SEO plugin. -->","yoast_head_json":{"title":"JOMA SLAM MEN 2542 BLANCO NEGRO - Revolution Padel Store","description":"Descubre las zapatillas de p\u00e1del de alta gama con m\u00e1xima amortiguaci\u00f3n y estabilidad. Dise\u00f1adas para profesionales, testadas por leyendas del p\u00e1del. Compra online en Revolution Padel Store.","robots":{"index":"index","follow":"follow","max-snippet":"max-snippet:-1","max-image-preview":"max-image-preview:large","max-video-preview":"max-video-preview:-1"},"canonical":"https:\/\/revolutionpadelstore.com\/en\/joma-slam-men-2542-blanco-negro-2\/","og_locale":"en_US","og_type":"article","og_title":"JOMA SLAM MEN 2542 BLANCO NEGRO - Revolution Padel Store","og_description":"Descubre las zapatillas de p\u00e1del de alta gama con m\u00e1xima amortiguaci\u00f3n y estabilidad. Dise\u00f1adas para profesionales, testadas por leyendas del p\u00e1del. Compra online en Revolution Padel Store.","og_url":"https:\/\/revolutionpadelstore.com\/en\/joma-slam-men-2542-blanco-negro-2\/","og_site_name":"Revolution Padel Store","article_modified_time":"2026-04-08T04:10:21+00:00","og_image":[{"width":1500,"height":1500,"url":"https:\/\/revolutionpadelstore.com\/wp-content\/uploads\/2025\/02\/126.png","type":"image\/png"}],"twitter_card":"summary_large_image","twitter_misc":{"Est. reading time":"2 minutes"},"schema":{"@context":"https:\/\/schema.org","@graph":[{"@type":"WebPage","@id":"https:\/\/revolutionpadelstore.com\/en\/joma-slam-men-2542-blanco-negro-2\/","url":"https:\/\/revolutionpadelstore.com\/en\/joma-slam-men-2542-blanco-negro-2\/","name":"JOMA SLAM MEN 2542 BLANCO NEGRO - Revolution Padel Store","isPartOf":{"@id":"https:\/\/revolutionpadelstore.com\/en\/#website"},"primaryImageOfPage":{"@id":"https:\/\/revolutionpadelstore.com\/en\/joma-slam-men-2542-blanco-negro-2\/#primaryimage"},"image":{"@id":"https:\/\/revolutionpadelstore.com\/en\/joma-slam-men-2542-blanco-negro-2\/#primaryimage"},"thumbnailUrl":"https:\/\/revolutionpadelstore.com\/wp-content\/uploads\/2025\/02\/126.png","datePublished":"2025-02-26T17:37:10+00:00","dateModified":"2026-04-08T04:10:21+00:00","description":"Descubre las zapatillas de p\u00e1del de alta gama con m\u00e1xima amortiguaci\u00f3n y estabilidad. Dise\u00f1adas para profesionales, testadas por leyendas del p\u00e1del. Compra online en Revolution Padel Store.","breadcrumb":{"@id":"https:\/\/revolutionpadelstore.com\/en\/joma-slam-men-2542-blanco-negro-2\/#breadcrumb"},"inLanguage":"en-US","potentialAction":[{"@type":"ReadAction","target":["https:\/\/revolutionpadelstore.com\/en\/joma-slam-men-2542-blanco-negro-2\/"]}]},{"@type":"ImageObject","inLanguage":"en-US","@id":"https:\/\/revolutionpadelstore.com\/en\/joma-slam-men-2542-blanco-negro-2\/#primaryimage","url":"https:\/\/revolutionpadelstore.com\/wp-content\/uploads\/2025\/02\/126.png","contentUrl":"https:\/\/revolutionpadelstore.com\/wp-content\/uploads\/2025\/02\/126.png","width":1500,"height":1500},{"@type":"BreadcrumbList","@id":"https:\/\/revolutionpadelstore.com\/en\/joma-slam-men-2542-blanco-negro-2\/#breadcrumb","itemListElement":[{"@type":"ListItem","position":1,"name":"Portada","item":"https:\/\/revolutionpadelstore.com\/en\/"},{"@type":"ListItem","position":2,"name":"Shop","item":"https:\/\/revolutionpadelstore.com\/en\/shop\/"},{"@type":"ListItem","position":3,"name":"JOMA SLAM MEN 2542 BLANCO NEGRO"}]},{"@type":"WebSite","@id":"https:\/\/revolutionpadelstore.com\/en\/#website","url":"https:\/\/revolutionpadelstore.com\/en\/","name":"Revolution Padel Store","description":"","publisher":{"@id":"https:\/\/revolutionpadelstore.com\/en\/#organization"},"potentialAction":[{"@type":"SearchAction","target":{"@type":"EntryPoint","urlTemplate":"https:\/\/revolutionpadelstore.com\/en\/?s={search_term_string}"},"query-input":{"@type":"PropertyValueSpecification","valueRequired":true,"valueName":"search_term_string"}}],"inLanguage":"en-US"},{"@type":"Organization","@id":"https:\/\/revolutionpadelstore.com\/en\/#organization","name":"Revolution Padel Store","url":"https:\/\/revolutionpadelstore.com\/en\/","logo":{"@type":"ImageObject","inLanguage":"en-US","@id":"https:\/\/revolutionpadelstore.com\/en\/#\/schema\/logo\/image\/","url":"https:\/\/revolutionpadelstore.com\/wp-content\/uploads\/2026\/02\/revolution-padel-store.jpg","contentUrl":"https:\/\/revolutionpadelstore.com\/wp-content\/uploads\/2026\/02\/revolution-padel-store.jpg","width":2000,"height":2000,"caption":"Revolution Padel Store"},"image":{"@id":"https:\/\/revolutionpadelstore.com\/en\/#\/schema\/logo\/image\/"},"sameAs":["https:\/\/www.instagram.com\/revolutionpadelstore\/"]}]}},"_links":{"self":[{"href":"https:\/\/revolutionpadelstore.com\/en\/wp-json\/wp\/v2\/product\/197313","targetHints":{"allow":["GET"]}}],"collection":[{"href":"https:\/\/revolutionpadelstore.com\/en\/wp-json\/wp\/v2\/product"}],"about":[{"href":"https:\/\/revolutionpadelstore.com\/en\/wp-json\/wp\/v2\/types\/product"}],"replies":[{"embeddable":true,"href":"https:\/\/revolutionpadelstore.com\/en\/wp-json\/wp\/v2\/comments?post=197313"}],"wp:featuredmedia":[{"embeddable":true,"href":"https:\/\/revolutionpadelstore.com\/en\/wp-json\/wp\/v2\/media\/197284"}],"wp:attachment":[{"href":"https:\/\/revolutionpadelstore.com\/en\/wp-json\/wp\/v2\/media?parent=197313"}],"wp:term":[{"taxonomy":"acabado","embeddable":true,"href":"https:\/\/revolutionpadelstore.com\/en\/wp-json\/wp\/v2\/acabado?post=197313"},{"taxonomy":"balance","embeddable":true,"href":"https:\/\/revolutionpadelstore.com\/en\/wp-json\/wp\/v2\/balance?post=197313"},{"taxonomy":"dureza","embeddable":true,"href":"https:\/\/revolutionpadelstore.com\/en\/wp-json\/wp\/v2\/dureza?post=197313"},{"taxonomy":"forma","embeddable":true,"href":"https:\/\/revolutionpadelstore.com\/en\/wp-json\/wp\/v2\/forma?post=197313"},{"taxonomy":"jugador","embeddable":true,"href":"https:\/\/revolutionpadelstore.com\/en\/wp-json\/wp\/v2\/jugador?post=197313"},{"taxonomy":"marca","embeddable":true,"href":"https:\/\/revolutionpadelstore.com\/en\/wp-json\/wp\/v2\/marca?post=197313"},{"taxonomy":"nivel-de-juego","embeddable":true,"href":"https:\/\/revolutionpadelstore.com\/en\/wp-json\/wp\/v2\/nivel-de-juego?post=197313"},{"taxonomy":"superficie","embeddable":true,"href":"https:\/\/revolutionpadelstore.com\/en\/wp-json\/wp\/v2\/superficie?post=197313"},{"taxonomy":"tipo-de-juego","embeddable":true,"href":"https:\/\/revolutionpadelstore.com\/en\/wp-json\/wp\/v2\/tipo-de-juego?post=197313"},{"taxonomy":"product_brand","embeddable":true,"href":"https:\/\/revolutionpadelstore.com\/en\/wp-json\/wp\/v2\/product_brand?post=197313"},{"taxonomy":"product_cat","embeddable":true,"href":"https:\/\/revolutionpadelstore.com\/en\/wp-json\/wp\/v2\/product_cat?post=197313"},{"taxonomy":"product_tag","embeddable":true,"href":"https:\/\/revolutionpadelstore.com\/en\/wp-json\/wp\/v2\/product_tag?post=197313"}],"curies":[{"name":"wp","href":"https:\/\/api.w.org\/{rel}","templated":true}]}}