{"id":19726,"date":"2024-04-09T20:05:11","date_gmt":"2024-04-09T18:05:11","guid":{"rendered":"https:\/\/revolutionpadelstore.com\/siux-diablo-revolution-lite-3\/"},"modified":"2026-04-21T02:02:26","modified_gmt":"2026-04-21T00:02:26","slug":"siux-diablo-revolution-lite-3-2","status":"publish","type":"product","link":"https:\/\/revolutionpadelstore.com\/en\/siux-diablo-revolution-lite-3-2\/","title":{"rendered":"SIUX DIABLO REVOLUTION LITE 3"},"content":{"rendered":"<h2>Siux Diablo Revolution Lite 3, versatility in every play<\/h2>\n<p>The <strong>Siux Diablo Revolution Lite 3<\/strong> racket, which belongs to the <em>Lite Series<\/em> by Siux, is the perfect choice for those padel players looking for an outstanding balance between power and control in the track.<\/p>\n<p>This racket has a hybrid shape (combining teardrop and round shapes), which allows the player to adapt to any game situation by providing power in attack and precision in defense.<\/p>\n<p>The <strong>average balance<\/strong> and the weight range between <strong>355 and 375 grams<\/strong> favor good versatility and great adaptability throughout the game. You will enjoy power and control in equal parts.<\/p>\n<h2>Good resistance to intense impacts<\/h2>\n<p>The faces of the racket have a matte finish and are made of 12K Carbon, which provides exceptional resistance and durability, even in the most intense hits. The 3K Carbon tubular frame adds even more rigidity and durability to the structure, ensuring reliable performance over time.<\/p>\n<p>The EVA rubber core of the Siux Diablo Revolution Lite 3 provides a medium feel and guarantees a comfortable and sensitive response on each hit. This core provides excellent ball output and helps control shots with precision.<\/p>\n<h3>Optimal protection against injuries<\/h3>\n<p>As for technologies, this model includes the <em><strong>Dual Pro Grip<\/strong><\/em> system, an overgrip made with FOAM rubber that ensures a firm, comfortable and secure grip. While the <em><strong>Shockout Dampeners<\/strong><\/em> reduce unwanted vibrations after impact, protecting your joints and minimizing the risk of injury.<\/p>\n<p>And if we focus on its design, we can highlight its modern, attractive and powerful aesthetic, which is achieved by combining metallic details of the red frame with black carbon and linear marks.<\/p>\n<h2>Siux Diablo Revolution Lite 3, versatilidad en cada jugada<\/h2>\n","protected":false},"excerpt":{"rendered":"<p>The Siux Diablo Revolution Lite 3 stands out for its versatility thanks to its hybrid shape and medium balance. Resistant with 12K Carbon, it provides power and control. Dual Pro Grip technology and Shockout Dampeners for greater protection.<\/p>\n","protected":false},"featured_media":266448,"comment_status":"open","ping_status":"closed","template":"","meta":{"_acf_changed":false,"_joinchat":[]},"acabado":[1088],"balance":[1143],"dureza":[1158],"forma":[1178],"jugador":[1193,1203],"marca":[1308],"nivel-de-juego":[1338],"superficie":[1358],"tipo-de-juego":[1388],"product_brand":[],"product_cat":[303],"product_tag":[],"class_list":{"0":"post-19726","1":"product","2":"type-product","3":"status-publish","4":"has-post-thumbnail","6":"acabado-mate-en","7":"balance-medium","8":"dureza-media-en","9":"forma-hibrida-en","10":"jugador-hombre-en","11":"jugador-multipurpose","12":"marca-siux-en","13":"superficie-lisa-en","14":"tipo-de-juego-multipurpose","15":"product_cat-palas","17":"first","18":"instock","19":"sale","20":"taxable","21":"shipping-taxable","22":"purchasable","23":"product-type-simple"},"acf":[],"yoast_head":"<!-- This site is optimized with the Yoast SEO plugin v27.4 - https:\/\/yoast.com\/product\/yoast-seo-wordpress\/ -->\n<title>SIUX DIABLO REVOLUTION LITE 3 - Revolution Padel Store<\/title>\n<meta name=\"description\" content=\"La Siux Diablo Revolution Lite 3 destaca por su versatilidad gracias a su forma h\u00edbrida y balance medio. Resistente con Carbono 12K, brinda potencia y control. Tecnolog\u00eda Dual Pro Grip y Dampeners Shockout para mayor protecci\u00f3n.\" \/>\n<meta name=\"robots\" content=\"index, follow, max-snippet:-1, max-image-preview:large, max-video-preview:-1\" \/>\n<link rel=\"canonical\" href=\"https:\/\/revolutionpadelstore.com\/en\/siux-diablo-revolution-lite-3-2\/\" \/>\n<meta property=\"og:locale\" content=\"en_US\" \/>\n<meta property=\"og:type\" content=\"article\" \/>\n<meta property=\"og:title\" content=\"COMPRAR SIUX DIABLO REVOLUTION LITE 3\" \/>\n<meta property=\"og:description\" content=\"La Siux Diablo Revolution Lite 3 destaca por su versatilidad gracias a su forma h\u00edbrida y balance medio. Resistente con Carbono 12K, brinda potencia y control. Tecnolog\u00eda Dual Pro Grip y Dampeners Shockout para mayor protecci\u00f3n.\" \/>\n<meta property=\"og:url\" content=\"https:\/\/revolutionpadelstore.com\/en\/siux-diablo-revolution-lite-3-2\/\" \/>\n<meta property=\"og:site_name\" content=\"Revolution Padel Store\" \/>\n<meta property=\"article:modified_time\" content=\"2026-04-21T00:02:26+00:00\" \/>\n<meta property=\"og:image\" content=\"https:\/\/revolutionpadelstore.com\/wp-content\/uploads\/2024\/04\/109472_siux_diablo_revolution_lite_3_1500x1500_vista1_9470.webp\" \/>\n\t<meta property=\"og:image:width\" content=\"1500\" \/>\n\t<meta property=\"og:image:height\" content=\"1500\" \/>\n\t<meta property=\"og:image:type\" content=\"image\/webp\" \/>\n<meta name=\"twitter:card\" content=\"summary_large_image\" \/>\n<meta name=\"twitter:label1\" content=\"Est. reading time\" \/>\n\t<meta name=\"twitter:data1\" content=\"2 minutes\" \/>\n<script type=\"application\/ld+json\" class=\"yoast-schema-graph\">{\"@context\":\"https:\\\/\\\/schema.org\",\"@graph\":[{\"@type\":\"WebPage\",\"@id\":\"https:\\\/\\\/revolutionpadelstore.com\\\/en\\\/siux-diablo-revolution-lite-3-2\\\/\",\"url\":\"https:\\\/\\\/revolutionpadelstore.com\\\/en\\\/siux-diablo-revolution-lite-3-2\\\/\",\"name\":\"SIUX DIABLO REVOLUTION LITE 3 - Revolution Padel Store\",\"isPartOf\":{\"@id\":\"https:\\\/\\\/revolutionpadelstore.com\\\/en\\\/#website\"},\"primaryImageOfPage\":{\"@id\":\"https:\\\/\\\/revolutionpadelstore.com\\\/en\\\/siux-diablo-revolution-lite-3-2\\\/#primaryimage\"},\"image\":{\"@id\":\"https:\\\/\\\/revolutionpadelstore.com\\\/en\\\/siux-diablo-revolution-lite-3-2\\\/#primaryimage\"},\"thumbnailUrl\":\"https:\\\/\\\/revolutionpadelstore.com\\\/wp-content\\\/uploads\\\/2024\\\/04\\\/109472-diablo-3-lite-grip-regular-1500x1500-1.webp\",\"datePublished\":\"2024-04-09T18:05:11+00:00\",\"dateModified\":\"2026-04-21T00:02:26+00:00\",\"description\":\"La Siux Diablo Revolution Lite 3 destaca por su versatilidad gracias a su forma h\u00edbrida y balance medio. Resistente con Carbono 12K, brinda potencia y control. Tecnolog\u00eda Dual Pro Grip y Dampeners Shockout para mayor protecci\u00f3n.\",\"breadcrumb\":{\"@id\":\"https:\\\/\\\/revolutionpadelstore.com\\\/en\\\/siux-diablo-revolution-lite-3-2\\\/#breadcrumb\"},\"inLanguage\":\"en-US\",\"potentialAction\":[{\"@type\":\"ReadAction\",\"target\":[\"https:\\\/\\\/revolutionpadelstore.com\\\/en\\\/siux-diablo-revolution-lite-3-2\\\/\"]}]},{\"@type\":\"ImageObject\",\"inLanguage\":\"en-US\",\"@id\":\"https:\\\/\\\/revolutionpadelstore.com\\\/en\\\/siux-diablo-revolution-lite-3-2\\\/#primaryimage\",\"url\":\"https:\\\/\\\/revolutionpadelstore.com\\\/wp-content\\\/uploads\\\/2024\\\/04\\\/109472-diablo-3-lite-grip-regular-1500x1500-1.webp\",\"contentUrl\":\"https:\\\/\\\/revolutionpadelstore.com\\\/wp-content\\\/uploads\\\/2024\\\/04\\\/109472-diablo-3-lite-grip-regular-1500x1500-1.webp\",\"width\":1500,\"height\":1500},{\"@type\":\"BreadcrumbList\",\"@id\":\"https:\\\/\\\/revolutionpadelstore.com\\\/en\\\/siux-diablo-revolution-lite-3-2\\\/#breadcrumb\",\"itemListElement\":[{\"@type\":\"ListItem\",\"position\":1,\"name\":\"Portada\",\"item\":\"https:\\\/\\\/revolutionpadelstore.com\\\/en\\\/\"},{\"@type\":\"ListItem\",\"position\":2,\"name\":\"Shop\",\"item\":\"https:\\\/\\\/revolutionpadelstore.com\\\/en\\\/shop\\\/\"},{\"@type\":\"ListItem\",\"position\":3,\"name\":\"SIUX DIABLO REVOLUTION LITE 3\"}]},{\"@type\":\"WebSite\",\"@id\":\"https:\\\/\\\/revolutionpadelstore.com\\\/en\\\/#website\",\"url\":\"https:\\\/\\\/revolutionpadelstore.com\\\/en\\\/\",\"name\":\"Revolution Padel Store\",\"description\":\"\",\"publisher\":{\"@id\":\"https:\\\/\\\/revolutionpadelstore.com\\\/en\\\/#organization\"},\"potentialAction\":[{\"@type\":\"SearchAction\",\"target\":{\"@type\":\"EntryPoint\",\"urlTemplate\":\"https:\\\/\\\/revolutionpadelstore.com\\\/en\\\/?s={search_term_string}\"},\"query-input\":{\"@type\":\"PropertyValueSpecification\",\"valueRequired\":true,\"valueName\":\"search_term_string\"}}],\"inLanguage\":\"en-US\"},{\"@type\":\"Organization\",\"@id\":\"https:\\\/\\\/revolutionpadelstore.com\\\/en\\\/#organization\",\"name\":\"Revolution Padel Store\",\"url\":\"https:\\\/\\\/revolutionpadelstore.com\\\/en\\\/\",\"logo\":{\"@type\":\"ImageObject\",\"inLanguage\":\"en-US\",\"@id\":\"https:\\\/\\\/revolutionpadelstore.com\\\/en\\\/#\\\/schema\\\/logo\\\/image\\\/\",\"url\":\"https:\\\/\\\/revolutionpadelstore.com\\\/wp-content\\\/uploads\\\/2026\\\/02\\\/revolution-padel-store.jpg\",\"contentUrl\":\"https:\\\/\\\/revolutionpadelstore.com\\\/wp-content\\\/uploads\\\/2026\\\/02\\\/revolution-padel-store.jpg\",\"width\":2000,\"height\":2000,\"caption\":\"Revolution Padel Store\"},\"image\":{\"@id\":\"https:\\\/\\\/revolutionpadelstore.com\\\/en\\\/#\\\/schema\\\/logo\\\/image\\\/\"},\"sameAs\":[\"https:\\\/\\\/www.instagram.com\\\/revolutionpadelstore\\\/\"]}]}<\/script>\n<!-- \/ Yoast SEO plugin. -->","yoast_head_json":{"title":"SIUX DIABLO REVOLUTION LITE 3 - Revolution Padel Store","description":"La Siux Diablo Revolution Lite 3 destaca por su versatilidad gracias a su forma h\u00edbrida y balance medio. Resistente con Carbono 12K, brinda potencia y control. Tecnolog\u00eda Dual Pro Grip y Dampeners Shockout para mayor protecci\u00f3n.","robots":{"index":"index","follow":"follow","max-snippet":"max-snippet:-1","max-image-preview":"max-image-preview:large","max-video-preview":"max-video-preview:-1"},"canonical":"https:\/\/revolutionpadelstore.com\/en\/siux-diablo-revolution-lite-3-2\/","og_locale":"en_US","og_type":"article","og_title":"COMPRAR SIUX DIABLO REVOLUTION LITE 3","og_description":"La Siux Diablo Revolution Lite 3 destaca por su versatilidad gracias a su forma h\u00edbrida y balance medio. Resistente con Carbono 12K, brinda potencia y control. Tecnolog\u00eda Dual Pro Grip y Dampeners Shockout para mayor protecci\u00f3n.","og_url":"https:\/\/revolutionpadelstore.com\/en\/siux-diablo-revolution-lite-3-2\/","og_site_name":"Revolution Padel Store","article_modified_time":"2026-04-21T00:02:26+00:00","og_image":[{"width":1500,"height":1500,"url":"https:\/\/revolutionpadelstore.com\/wp-content\/uploads\/2024\/04\/109472_siux_diablo_revolution_lite_3_1500x1500_vista1_9470.webp","type":"image\/webp"}],"twitter_card":"summary_large_image","twitter_misc":{"Est. reading time":"2 minutes"},"schema":{"@context":"https:\/\/schema.org","@graph":[{"@type":"WebPage","@id":"https:\/\/revolutionpadelstore.com\/en\/siux-diablo-revolution-lite-3-2\/","url":"https:\/\/revolutionpadelstore.com\/en\/siux-diablo-revolution-lite-3-2\/","name":"SIUX DIABLO REVOLUTION LITE 3 - Revolution Padel Store","isPartOf":{"@id":"https:\/\/revolutionpadelstore.com\/en\/#website"},"primaryImageOfPage":{"@id":"https:\/\/revolutionpadelstore.com\/en\/siux-diablo-revolution-lite-3-2\/#primaryimage"},"image":{"@id":"https:\/\/revolutionpadelstore.com\/en\/siux-diablo-revolution-lite-3-2\/#primaryimage"},"thumbnailUrl":"https:\/\/revolutionpadelstore.com\/wp-content\/uploads\/2024\/04\/109472-diablo-3-lite-grip-regular-1500x1500-1.webp","datePublished":"2024-04-09T18:05:11+00:00","dateModified":"2026-04-21T00:02:26+00:00","description":"La Siux Diablo Revolution Lite 3 destaca por su versatilidad gracias a su forma h\u00edbrida y balance medio. Resistente con Carbono 12K, brinda potencia y control. Tecnolog\u00eda Dual Pro Grip y Dampeners Shockout para mayor protecci\u00f3n.","breadcrumb":{"@id":"https:\/\/revolutionpadelstore.com\/en\/siux-diablo-revolution-lite-3-2\/#breadcrumb"},"inLanguage":"en-US","potentialAction":[{"@type":"ReadAction","target":["https:\/\/revolutionpadelstore.com\/en\/siux-diablo-revolution-lite-3-2\/"]}]},{"@type":"ImageObject","inLanguage":"en-US","@id":"https:\/\/revolutionpadelstore.com\/en\/siux-diablo-revolution-lite-3-2\/#primaryimage","url":"https:\/\/revolutionpadelstore.com\/wp-content\/uploads\/2024\/04\/109472-diablo-3-lite-grip-regular-1500x1500-1.webp","contentUrl":"https:\/\/revolutionpadelstore.com\/wp-content\/uploads\/2024\/04\/109472-diablo-3-lite-grip-regular-1500x1500-1.webp","width":1500,"height":1500},{"@type":"BreadcrumbList","@id":"https:\/\/revolutionpadelstore.com\/en\/siux-diablo-revolution-lite-3-2\/#breadcrumb","itemListElement":[{"@type":"ListItem","position":1,"name":"Portada","item":"https:\/\/revolutionpadelstore.com\/en\/"},{"@type":"ListItem","position":2,"name":"Shop","item":"https:\/\/revolutionpadelstore.com\/en\/shop\/"},{"@type":"ListItem","position":3,"name":"SIUX DIABLO REVOLUTION LITE 3"}]},{"@type":"WebSite","@id":"https:\/\/revolutionpadelstore.com\/en\/#website","url":"https:\/\/revolutionpadelstore.com\/en\/","name":"Revolution Padel Store","description":"","publisher":{"@id":"https:\/\/revolutionpadelstore.com\/en\/#organization"},"potentialAction":[{"@type":"SearchAction","target":{"@type":"EntryPoint","urlTemplate":"https:\/\/revolutionpadelstore.com\/en\/?s={search_term_string}"},"query-input":{"@type":"PropertyValueSpecification","valueRequired":true,"valueName":"search_term_string"}}],"inLanguage":"en-US"},{"@type":"Organization","@id":"https:\/\/revolutionpadelstore.com\/en\/#organization","name":"Revolution Padel Store","url":"https:\/\/revolutionpadelstore.com\/en\/","logo":{"@type":"ImageObject","inLanguage":"en-US","@id":"https:\/\/revolutionpadelstore.com\/en\/#\/schema\/logo\/image\/","url":"https:\/\/revolutionpadelstore.com\/wp-content\/uploads\/2026\/02\/revolution-padel-store.jpg","contentUrl":"https:\/\/revolutionpadelstore.com\/wp-content\/uploads\/2026\/02\/revolution-padel-store.jpg","width":2000,"height":2000,"caption":"Revolution Padel Store"},"image":{"@id":"https:\/\/revolutionpadelstore.com\/en\/#\/schema\/logo\/image\/"},"sameAs":["https:\/\/www.instagram.com\/revolutionpadelstore\/"]}]}},"_links":{"self":[{"href":"https:\/\/revolutionpadelstore.com\/en\/wp-json\/wp\/v2\/product\/19726","targetHints":{"allow":["GET"]}}],"collection":[{"href":"https:\/\/revolutionpadelstore.com\/en\/wp-json\/wp\/v2\/product"}],"about":[{"href":"https:\/\/revolutionpadelstore.com\/en\/wp-json\/wp\/v2\/types\/product"}],"replies":[{"embeddable":true,"href":"https:\/\/revolutionpadelstore.com\/en\/wp-json\/wp\/v2\/comments?post=19726"}],"wp:featuredmedia":[{"embeddable":true,"href":"https:\/\/revolutionpadelstore.com\/en\/wp-json\/wp\/v2\/media\/266448"}],"wp:attachment":[{"href":"https:\/\/revolutionpadelstore.com\/en\/wp-json\/wp\/v2\/media?parent=19726"}],"wp:term":[{"taxonomy":"acabado","embeddable":true,"href":"https:\/\/revolutionpadelstore.com\/en\/wp-json\/wp\/v2\/acabado?post=19726"},{"taxonomy":"balance","embeddable":true,"href":"https:\/\/revolutionpadelstore.com\/en\/wp-json\/wp\/v2\/balance?post=19726"},{"taxonomy":"dureza","embeddable":true,"href":"https:\/\/revolutionpadelstore.com\/en\/wp-json\/wp\/v2\/dureza?post=19726"},{"taxonomy":"forma","embeddable":true,"href":"https:\/\/revolutionpadelstore.com\/en\/wp-json\/wp\/v2\/forma?post=19726"},{"taxonomy":"jugador","embeddable":true,"href":"https:\/\/revolutionpadelstore.com\/en\/wp-json\/wp\/v2\/jugador?post=19726"},{"taxonomy":"marca","embeddable":true,"href":"https:\/\/revolutionpadelstore.com\/en\/wp-json\/wp\/v2\/marca?post=19726"},{"taxonomy":"nivel-de-juego","embeddable":true,"href":"https:\/\/revolutionpadelstore.com\/en\/wp-json\/wp\/v2\/nivel-de-juego?post=19726"},{"taxonomy":"superficie","embeddable":true,"href":"https:\/\/revolutionpadelstore.com\/en\/wp-json\/wp\/v2\/superficie?post=19726"},{"taxonomy":"tipo-de-juego","embeddable":true,"href":"https:\/\/revolutionpadelstore.com\/en\/wp-json\/wp\/v2\/tipo-de-juego?post=19726"},{"taxonomy":"product_brand","embeddable":true,"href":"https:\/\/revolutionpadelstore.com\/en\/wp-json\/wp\/v2\/product_brand?post=19726"},{"taxonomy":"product_cat","embeddable":true,"href":"https:\/\/revolutionpadelstore.com\/en\/wp-json\/wp\/v2\/product_cat?post=19726"},{"taxonomy":"product_tag","embeddable":true,"href":"https:\/\/revolutionpadelstore.com\/en\/wp-json\/wp\/v2\/product_tag?post=19726"}],"curies":[{"name":"wp","href":"https:\/\/api.w.org\/{rel}","templated":true}]}}