{"id":19706,"date":"2024-04-10T15:22:41","date_gmt":"2024-04-10T13:22:41","guid":{"rendered":"https:\/\/revolutionpadelstore.com\/lok-maxx-hype\/"},"modified":"2026-04-01T10:59:09","modified_gmt":"2026-04-01T08:59:09","slug":"lok-maxx-hype","status":"publish","type":"product","link":"https:\/\/revolutionpadelstore.com\/en\/lok-maxx-hype\/","title":{"rendered":"LOK MAXX HYPE"},"content":{"rendered":"<p>The Maxx Hype is L\u00d5K&#8217;s most technological attack racket for PRO level players.<br \/>\nIts asymmetric heart offers structural rigidity that provides stability and is key to achieving optimal balance.<br \/>\nMade of C18 Carbon in three different planes and Gradual Face and Vibration Groove system that help reduce vibration.<br \/>\nIn addition, the 3D Spin Lines system increases the rotation of the ball when it hits the racket, thus increasing the spin and improving the feeling of control.<br \/>\nThe Maxx Hype has Carbon Reinforcements &#8211; carbon reinforcements &#8211; that support the durability of the structure of the racket and Dynamic Holes System with a progressive arrangement of holes with different sizes that give power to the blow.<br \/>\nIt has the Comfort Wristband system, which is an adjustable wristband and the diamond shape of the blade helps the sweet spot to be elevated, helping to enhance hitting and attack.<\/p>\n<p>ASYMMETRIC HEART<br \/>\nOur heart is the emblem of our rackets and is characterized by its asymmetrical design while maintaining a perfect balance.<br \/>\nOur most recognizable sign of identity.<br \/>\nIts unique and original shape gives rise to lateral steps that form the nerves of the heart, offering structural rigidity that provides stability and is key to achieving optimal balance.<br \/>\nAmong other features, Asymmetric Heart allows you to increase the speed of the ball in the hitting swing, giving more power to the shot.<\/p>\n<p>3D SPIN LINES<br \/>\nThe 3D Spin Lines system increases the rotation of the ball when it hits the racket, thus increasing the spin and improving the feeling of control.<br \/>\nIt consists of a system of diagonal lines parallel to the direction of the angle of the heart and separated at an optimal distance of 7mm that improves the feeling of control.<\/p>\n<p>GRADUAL FACE<br \/>\nOur blades have a system of staggered layers generated on the upper and lower parts of the faces.<br \/>\nGradual Face are steps and reliefs that generate angles that will help reduce vibration as at the moment of hitting it advances across the entire surface.<br \/>\nThis vibration occurs from the point of impact, moving to both the upper and lower parts of the face, places where the technology is present.<\/p>\n<p>DYNAMIC HOLES SYSTEM<br \/>\nA progressive arrangement with two different hole sizes -10 and 11mm- in the central part of the face, to help give power to the blow.<\/p>\n<p>CARBON REINFORCEMENT<br \/>\nCarbon reinforcements in different critical points of the blade as structural support to contribute to durability.<\/p>\n<p>VIBRATION GROOVE<br \/>\nRail inserted into the frame of the racket that helps dissipate vibrations resulting from the impact of the ball. The rail incorporates a PU finish to maximize its function.<\/p>\n<p>COMFORT WRISTBAND<br \/>\nThe rackets have an adjustable wrist strap that accompanies the rope to provide comfort in the grip, whatever the player&#8217;s needs and tastes.<br \/>\nIt has a reinforced layer and a softened inner part to achieve maximum comfort, and a design with the brand&#8217;s claim.<\/p>\n","protected":false},"excerpt":{"rendered":"<p>Lok Maxx Hype 2024 racket for professional level players. The Mike Yanguas racket with a medium-high sweet spot and diamond shape has two different designs on each side. Its interior integrates Custom Eva while the faces and frame have been made of carbon. It is composed of C18 Carbon, a cutting-edge material, arranged in three different planes. In addition, it has Gradual Face technology and the Vibration Groove System that minimize vibration. The Dynamic Holes System arranges the holes in the blade progressively in size to get the most out of the power.<\/p>\n","protected":false},"featured_media":4289,"comment_status":"open","ping_status":"closed","template":"","meta":{"_acf_changed":false,"_joinchat":[]},"acabado":[1083,1093],"balance":[1138],"dureza":[1163],"forma":[1173],"jugador":[1193,1203],"marca":[1318],"nivel-de-juego":[1338,1348],"superficie":[1363],"tipo-de-juego":[1378],"product_brand":[],"product_cat":[303],"product_tag":[],"class_list":{"0":"post-19706","1":"product","2":"type-product","3":"status-publish","4":"has-post-thumbnail","6":"acabado-brightness","7":"acabado-relieve-3d-en","8":"balance-alto-en","9":"dureza-dura-en","10":"forma-diamante-en","11":"jugador-hombre-en","12":"jugador-multipurpose","13":"marca-lok-en","14":"superficie-rugosa-en","15":"tipo-de-juego-potencia-en","16":"product_cat-palas","18":"first","19":"instock","20":"taxable","21":"shipping-taxable","22":"purchasable","23":"product-type-simple"},"acf":[],"yoast_head":"<!-- This site is optimized with the Yoast SEO plugin v27.3 - https:\/\/yoast.com\/product\/yoast-seo-wordpress\/ -->\n<title>LOK MAXX HYPE - Revolution Padel Store<\/title>\n<meta name=\"description\" content=\"Pala Lok Maxx Hype 2024 para jugadores de nivel profesional. La pala de Mike Yanguas con un punto dulce medio-alto y forma de diamante cuenta con dos dise\u00f1os distintitos en cada cara. En su interior integra Custom Eva mientras que las caras y el marco se han fabricado en carbono. Est\u00e1 compuesta por Carbono C18, un material de \u00faltima generaci\u00f3n, dispuesto en tres planos distintos. Adem\u00e1s, cuenta con la tecnolog\u00eda Gradual Face y el Vibration Groove System que minimizan la vibraci\u00f3n. El Dynamic Holes System dispone los orificios de la pala de forma progresiva en cuanto a tama\u00f1os para sacar el m\u00e1ximo partido a la potencia.\" \/>\n<meta name=\"robots\" content=\"index, follow, max-snippet:-1, max-image-preview:large, max-video-preview:-1\" \/>\n<link rel=\"canonical\" href=\"https:\/\/revolutionpadelstore.com\/en\/lok-maxx-hype\/\" \/>\n<meta property=\"og:locale\" content=\"en_US\" \/>\n<meta property=\"og:type\" content=\"article\" \/>\n<meta property=\"og:title\" content=\"COMPRAR LOK MAXX HYPE\" \/>\n<meta property=\"og:description\" content=\"Pala Lok Maxx Hype 2024 para jugadores de nivel profesional. La pala de Mike Yanguas con un punto dulce medio-alto y forma de diamante cuenta con dos dise\u00f1os distintitos en cada cara. En su interior integra Custom Eva mientras que las caras y el marco se han fabricado en carbono. Est\u00e1 compuesta por Carbono C18, un material de \u00faltima generaci\u00f3n, dispuesto en tres planos distintos. Adem\u00e1s, cuenta con la tecnolog\u00eda Gradual Face y el Vibration Groove System que minimizan la vibraci\u00f3n. El Dynamic Holes System dispone los orificios de la pala de forma progresiva en cuanto a tama\u00f1os para sacar el m\u00e1ximo partido a la potencia.\" \/>\n<meta property=\"og:url\" content=\"https:\/\/revolutionpadelstore.com\/en\/lok-maxx-hype\/\" \/>\n<meta property=\"og:site_name\" content=\"Revolution Padel Store\" \/>\n<meta property=\"article:modified_time\" content=\"2026-04-01T08:59:09+00:00\" \/>\n<meta property=\"og:image\" content=\"https:\/\/revolutionpadelstore.com\/wp-content\/uploads\/2024\/04\/pala-lok-maxx-hype-1-800x800-1.jpg\" \/>\n\t<meta property=\"og:image:width\" content=\"800\" \/>\n\t<meta property=\"og:image:height\" content=\"800\" \/>\n\t<meta property=\"og:image:type\" content=\"image\/jpeg\" \/>\n<meta name=\"twitter:card\" content=\"summary_large_image\" \/>\n<meta name=\"twitter:label1\" content=\"Est. reading time\" \/>\n\t<meta name=\"twitter:data1\" content=\"3 minutes\" \/>\n<script type=\"application\/ld+json\" class=\"yoast-schema-graph\">{\"@context\":\"https:\\\/\\\/schema.org\",\"@graph\":[{\"@type\":\"WebPage\",\"@id\":\"https:\\\/\\\/revolutionpadelstore.com\\\/en\\\/lok-maxx-hype\\\/\",\"url\":\"https:\\\/\\\/revolutionpadelstore.com\\\/en\\\/lok-maxx-hype\\\/\",\"name\":\"LOK MAXX HYPE - Revolution Padel Store\",\"isPartOf\":{\"@id\":\"https:\\\/\\\/revolutionpadelstore.com\\\/en\\\/#website\"},\"primaryImageOfPage\":{\"@id\":\"https:\\\/\\\/revolutionpadelstore.com\\\/en\\\/lok-maxx-hype\\\/#primaryimage\"},\"image\":{\"@id\":\"https:\\\/\\\/revolutionpadelstore.com\\\/en\\\/lok-maxx-hype\\\/#primaryimage\"},\"thumbnailUrl\":\"https:\\\/\\\/revolutionpadelstore.com\\\/wp-content\\\/uploads\\\/2024\\\/04\\\/pala-lok-maxx-hype-1-800x800-1.jpg\",\"datePublished\":\"2024-04-10T13:22:41+00:00\",\"dateModified\":\"2026-04-01T08:59:09+00:00\",\"description\":\"Pala Lok Maxx Hype 2024 para jugadores de nivel profesional. La pala de Mike Yanguas con un punto dulce medio-alto y forma de diamante cuenta con dos dise\u00f1os distintitos en cada cara. En su interior integra Custom Eva mientras que las caras y el marco se han fabricado en carbono. Est\u00e1 compuesta por Carbono C18, un material de \u00faltima generaci\u00f3n, dispuesto en tres planos distintos. Adem\u00e1s, cuenta con la tecnolog\u00eda Gradual Face y el Vibration Groove System que minimizan la vibraci\u00f3n. El Dynamic Holes System dispone los orificios de la pala de forma progresiva en cuanto a tama\u00f1os para sacar el m\u00e1ximo partido a la potencia.\",\"breadcrumb\":{\"@id\":\"https:\\\/\\\/revolutionpadelstore.com\\\/en\\\/lok-maxx-hype\\\/#breadcrumb\"},\"inLanguage\":\"en-US\",\"potentialAction\":[{\"@type\":\"ReadAction\",\"target\":[\"https:\\\/\\\/revolutionpadelstore.com\\\/en\\\/lok-maxx-hype\\\/\"]}]},{\"@type\":\"ImageObject\",\"inLanguage\":\"en-US\",\"@id\":\"https:\\\/\\\/revolutionpadelstore.com\\\/en\\\/lok-maxx-hype\\\/#primaryimage\",\"url\":\"https:\\\/\\\/revolutionpadelstore.com\\\/wp-content\\\/uploads\\\/2024\\\/04\\\/pala-lok-maxx-hype-1-800x800-1.jpg\",\"contentUrl\":\"https:\\\/\\\/revolutionpadelstore.com\\\/wp-content\\\/uploads\\\/2024\\\/04\\\/pala-lok-maxx-hype-1-800x800-1.jpg\",\"width\":800,\"height\":800},{\"@type\":\"BreadcrumbList\",\"@id\":\"https:\\\/\\\/revolutionpadelstore.com\\\/en\\\/lok-maxx-hype\\\/#breadcrumb\",\"itemListElement\":[{\"@type\":\"ListItem\",\"position\":1,\"name\":\"Portada\",\"item\":\"https:\\\/\\\/revolutionpadelstore.com\\\/en\\\/\"},{\"@type\":\"ListItem\",\"position\":2,\"name\":\"Shop\",\"item\":\"https:\\\/\\\/revolutionpadelstore.com\\\/en\\\/shop\\\/\"},{\"@type\":\"ListItem\",\"position\":3,\"name\":\"LOK MAXX HYPE\"}]},{\"@type\":\"WebSite\",\"@id\":\"https:\\\/\\\/revolutionpadelstore.com\\\/en\\\/#website\",\"url\":\"https:\\\/\\\/revolutionpadelstore.com\\\/en\\\/\",\"name\":\"Revolution Padel Store\",\"description\":\"\",\"publisher\":{\"@id\":\"https:\\\/\\\/revolutionpadelstore.com\\\/en\\\/#organization\"},\"potentialAction\":[{\"@type\":\"SearchAction\",\"target\":{\"@type\":\"EntryPoint\",\"urlTemplate\":\"https:\\\/\\\/revolutionpadelstore.com\\\/en\\\/?s={search_term_string}\"},\"query-input\":{\"@type\":\"PropertyValueSpecification\",\"valueRequired\":true,\"valueName\":\"search_term_string\"}}],\"inLanguage\":\"en-US\"},{\"@type\":\"Organization\",\"@id\":\"https:\\\/\\\/revolutionpadelstore.com\\\/en\\\/#organization\",\"name\":\"Revolution Padel Store\",\"url\":\"https:\\\/\\\/revolutionpadelstore.com\\\/en\\\/\",\"logo\":{\"@type\":\"ImageObject\",\"inLanguage\":\"en-US\",\"@id\":\"https:\\\/\\\/revolutionpadelstore.com\\\/en\\\/#\\\/schema\\\/logo\\\/image\\\/\",\"url\":\"https:\\\/\\\/revolutionpadelstore.com\\\/wp-content\\\/uploads\\\/2026\\\/02\\\/revolution-padel-store.jpg\",\"contentUrl\":\"https:\\\/\\\/revolutionpadelstore.com\\\/wp-content\\\/uploads\\\/2026\\\/02\\\/revolution-padel-store.jpg\",\"width\":2000,\"height\":2000,\"caption\":\"Revolution Padel Store\"},\"image\":{\"@id\":\"https:\\\/\\\/revolutionpadelstore.com\\\/en\\\/#\\\/schema\\\/logo\\\/image\\\/\"},\"sameAs\":[\"https:\\\/\\\/www.instagram.com\\\/revolutionpadelstore\\\/\"]}]}<\/script>\n<!-- \/ Yoast SEO plugin. -->","yoast_head_json":{"title":"LOK MAXX HYPE - Revolution Padel Store","description":"Pala Lok Maxx Hype 2024 para jugadores de nivel profesional. La pala de Mike Yanguas con un punto dulce medio-alto y forma de diamante cuenta con dos dise\u00f1os distintitos en cada cara. En su interior integra Custom Eva mientras que las caras y el marco se han fabricado en carbono. Est\u00e1 compuesta por Carbono C18, un material de \u00faltima generaci\u00f3n, dispuesto en tres planos distintos. Adem\u00e1s, cuenta con la tecnolog\u00eda Gradual Face y el Vibration Groove System que minimizan la vibraci\u00f3n. El Dynamic Holes System dispone los orificios de la pala de forma progresiva en cuanto a tama\u00f1os para sacar el m\u00e1ximo partido a la potencia.","robots":{"index":"index","follow":"follow","max-snippet":"max-snippet:-1","max-image-preview":"max-image-preview:large","max-video-preview":"max-video-preview:-1"},"canonical":"https:\/\/revolutionpadelstore.com\/en\/lok-maxx-hype\/","og_locale":"en_US","og_type":"article","og_title":"COMPRAR LOK MAXX HYPE","og_description":"Pala Lok Maxx Hype 2024 para jugadores de nivel profesional. La pala de Mike Yanguas con un punto dulce medio-alto y forma de diamante cuenta con dos dise\u00f1os distintitos en cada cara. En su interior integra Custom Eva mientras que las caras y el marco se han fabricado en carbono. Est\u00e1 compuesta por Carbono C18, un material de \u00faltima generaci\u00f3n, dispuesto en tres planos distintos. Adem\u00e1s, cuenta con la tecnolog\u00eda Gradual Face y el Vibration Groove System que minimizan la vibraci\u00f3n. El Dynamic Holes System dispone los orificios de la pala de forma progresiva en cuanto a tama\u00f1os para sacar el m\u00e1ximo partido a la potencia.","og_url":"https:\/\/revolutionpadelstore.com\/en\/lok-maxx-hype\/","og_site_name":"Revolution Padel Store","article_modified_time":"2026-04-01T08:59:09+00:00","og_image":[{"width":800,"height":800,"url":"https:\/\/revolutionpadelstore.com\/wp-content\/uploads\/2024\/04\/pala-lok-maxx-hype-1-800x800-1.jpg","type":"image\/jpeg"}],"twitter_card":"summary_large_image","twitter_misc":{"Est. reading time":"3 minutes"},"schema":{"@context":"https:\/\/schema.org","@graph":[{"@type":"WebPage","@id":"https:\/\/revolutionpadelstore.com\/en\/lok-maxx-hype\/","url":"https:\/\/revolutionpadelstore.com\/en\/lok-maxx-hype\/","name":"LOK MAXX HYPE - Revolution Padel Store","isPartOf":{"@id":"https:\/\/revolutionpadelstore.com\/en\/#website"},"primaryImageOfPage":{"@id":"https:\/\/revolutionpadelstore.com\/en\/lok-maxx-hype\/#primaryimage"},"image":{"@id":"https:\/\/revolutionpadelstore.com\/en\/lok-maxx-hype\/#primaryimage"},"thumbnailUrl":"https:\/\/revolutionpadelstore.com\/wp-content\/uploads\/2024\/04\/pala-lok-maxx-hype-1-800x800-1.jpg","datePublished":"2024-04-10T13:22:41+00:00","dateModified":"2026-04-01T08:59:09+00:00","description":"Pala Lok Maxx Hype 2024 para jugadores de nivel profesional. La pala de Mike Yanguas con un punto dulce medio-alto y forma de diamante cuenta con dos dise\u00f1os distintitos en cada cara. En su interior integra Custom Eva mientras que las caras y el marco se han fabricado en carbono. Est\u00e1 compuesta por Carbono C18, un material de \u00faltima generaci\u00f3n, dispuesto en tres planos distintos. Adem\u00e1s, cuenta con la tecnolog\u00eda Gradual Face y el Vibration Groove System que minimizan la vibraci\u00f3n. El Dynamic Holes System dispone los orificios de la pala de forma progresiva en cuanto a tama\u00f1os para sacar el m\u00e1ximo partido a la potencia.","breadcrumb":{"@id":"https:\/\/revolutionpadelstore.com\/en\/lok-maxx-hype\/#breadcrumb"},"inLanguage":"en-US","potentialAction":[{"@type":"ReadAction","target":["https:\/\/revolutionpadelstore.com\/en\/lok-maxx-hype\/"]}]},{"@type":"ImageObject","inLanguage":"en-US","@id":"https:\/\/revolutionpadelstore.com\/en\/lok-maxx-hype\/#primaryimage","url":"https:\/\/revolutionpadelstore.com\/wp-content\/uploads\/2024\/04\/pala-lok-maxx-hype-1-800x800-1.jpg","contentUrl":"https:\/\/revolutionpadelstore.com\/wp-content\/uploads\/2024\/04\/pala-lok-maxx-hype-1-800x800-1.jpg","width":800,"height":800},{"@type":"BreadcrumbList","@id":"https:\/\/revolutionpadelstore.com\/en\/lok-maxx-hype\/#breadcrumb","itemListElement":[{"@type":"ListItem","position":1,"name":"Portada","item":"https:\/\/revolutionpadelstore.com\/en\/"},{"@type":"ListItem","position":2,"name":"Shop","item":"https:\/\/revolutionpadelstore.com\/en\/shop\/"},{"@type":"ListItem","position":3,"name":"LOK MAXX HYPE"}]},{"@type":"WebSite","@id":"https:\/\/revolutionpadelstore.com\/en\/#website","url":"https:\/\/revolutionpadelstore.com\/en\/","name":"Revolution Padel Store","description":"","publisher":{"@id":"https:\/\/revolutionpadelstore.com\/en\/#organization"},"potentialAction":[{"@type":"SearchAction","target":{"@type":"EntryPoint","urlTemplate":"https:\/\/revolutionpadelstore.com\/en\/?s={search_term_string}"},"query-input":{"@type":"PropertyValueSpecification","valueRequired":true,"valueName":"search_term_string"}}],"inLanguage":"en-US"},{"@type":"Organization","@id":"https:\/\/revolutionpadelstore.com\/en\/#organization","name":"Revolution Padel Store","url":"https:\/\/revolutionpadelstore.com\/en\/","logo":{"@type":"ImageObject","inLanguage":"en-US","@id":"https:\/\/revolutionpadelstore.com\/en\/#\/schema\/logo\/image\/","url":"https:\/\/revolutionpadelstore.com\/wp-content\/uploads\/2026\/02\/revolution-padel-store.jpg","contentUrl":"https:\/\/revolutionpadelstore.com\/wp-content\/uploads\/2026\/02\/revolution-padel-store.jpg","width":2000,"height":2000,"caption":"Revolution Padel Store"},"image":{"@id":"https:\/\/revolutionpadelstore.com\/en\/#\/schema\/logo\/image\/"},"sameAs":["https:\/\/www.instagram.com\/revolutionpadelstore\/"]}]}},"_links":{"self":[{"href":"https:\/\/revolutionpadelstore.com\/en\/wp-json\/wp\/v2\/product\/19706","targetHints":{"allow":["GET"]}}],"collection":[{"href":"https:\/\/revolutionpadelstore.com\/en\/wp-json\/wp\/v2\/product"}],"about":[{"href":"https:\/\/revolutionpadelstore.com\/en\/wp-json\/wp\/v2\/types\/product"}],"replies":[{"embeddable":true,"href":"https:\/\/revolutionpadelstore.com\/en\/wp-json\/wp\/v2\/comments?post=19706"}],"wp:featuredmedia":[{"embeddable":true,"href":"https:\/\/revolutionpadelstore.com\/en\/wp-json\/wp\/v2\/media\/4289"}],"wp:attachment":[{"href":"https:\/\/revolutionpadelstore.com\/en\/wp-json\/wp\/v2\/media?parent=19706"}],"wp:term":[{"taxonomy":"acabado","embeddable":true,"href":"https:\/\/revolutionpadelstore.com\/en\/wp-json\/wp\/v2\/acabado?post=19706"},{"taxonomy":"balance","embeddable":true,"href":"https:\/\/revolutionpadelstore.com\/en\/wp-json\/wp\/v2\/balance?post=19706"},{"taxonomy":"dureza","embeddable":true,"href":"https:\/\/revolutionpadelstore.com\/en\/wp-json\/wp\/v2\/dureza?post=19706"},{"taxonomy":"forma","embeddable":true,"href":"https:\/\/revolutionpadelstore.com\/en\/wp-json\/wp\/v2\/forma?post=19706"},{"taxonomy":"jugador","embeddable":true,"href":"https:\/\/revolutionpadelstore.com\/en\/wp-json\/wp\/v2\/jugador?post=19706"},{"taxonomy":"marca","embeddable":true,"href":"https:\/\/revolutionpadelstore.com\/en\/wp-json\/wp\/v2\/marca?post=19706"},{"taxonomy":"nivel-de-juego","embeddable":true,"href":"https:\/\/revolutionpadelstore.com\/en\/wp-json\/wp\/v2\/nivel-de-juego?post=19706"},{"taxonomy":"superficie","embeddable":true,"href":"https:\/\/revolutionpadelstore.com\/en\/wp-json\/wp\/v2\/superficie?post=19706"},{"taxonomy":"tipo-de-juego","embeddable":true,"href":"https:\/\/revolutionpadelstore.com\/en\/wp-json\/wp\/v2\/tipo-de-juego?post=19706"},{"taxonomy":"product_brand","embeddable":true,"href":"https:\/\/revolutionpadelstore.com\/en\/wp-json\/wp\/v2\/product_brand?post=19706"},{"taxonomy":"product_cat","embeddable":true,"href":"https:\/\/revolutionpadelstore.com\/en\/wp-json\/wp\/v2\/product_cat?post=19706"},{"taxonomy":"product_tag","embeddable":true,"href":"https:\/\/revolutionpadelstore.com\/en\/wp-json\/wp\/v2\/product_tag?post=19706"}],"curies":[{"name":"wp","href":"https:\/\/api.w.org\/{rel}","templated":true}]}}