{"id":19701,"date":"2024-04-11T07:59:01","date_gmt":"2024-04-11T05:59:01","guid":{"rendered":"https:\/\/revolutionpadelstore.com\/lok-carb-on-flow\/"},"modified":"2026-04-01T10:58:35","modified_gmt":"2026-04-01T08:58:35","slug":"lok-carb-on-flow-2","status":"publish","type":"product","link":"https:\/\/revolutionpadelstore.com\/en\/lok-carb-on-flow-2\/","title":{"rendered":"LOK CARB-ON FLOW"},"content":{"rendered":"<p>The Carb-On Flow racket is a racket with an exceptional balance between power and control, backed by advanced technologies and an innovative design.<br \/>\nOne of the outstanding features of the Carbon-On Flow is its asymmetrical heart, a technology that optimizes weight distribution on the racket to improve maneuverability and stability with each stroke.<br \/>\nThis allows for a faster and more precise response on the court, resulting in more effective and consistent hits.<br \/>\nThe racket has a C6 Carbon surface arranged in three different planes making a power racket but its round shape makes the control very high thanks to the sweet spot and balance in the center.<br \/>\nIn addition, this racket features the exclusive 3D Spin Lines, lines strategically located on the hitting surface that increase the rotation of the ball upon impact.<br \/>\nAnother aspect is its Gradual Face design, which consists of a striking surface with a special function of reducing vibrations during hits.<br \/>\nIt is a racket that stands out for its carbon reinforcement technology, which consists of the strategic incorporation of additional layers of carbon in key points of the frame.<br \/>\nThese reinforcements not only increase the rigidity and durability of the racket, but also improve the transfer of energy in each hit, which translates into greater power and stability on the court.<br \/>\nIt also has a Dynamic Holes System, a progressive arrangement of holes with different sizes that give power to the blow.<br \/>\nIt also has carbon reinforcements and an adjustable wristband called Confort Wristband.<br \/>\nIts circular shape means that its balance and sweet spot are at the top, making it a racket focused on attacking hits.<\/p>\n","protected":false},"excerpt":{"rendered":"<p>The Lok Carb-on Flow 2024 racket for intermediate level players, a round-shaped racket that is easy to handle. It is made of Carbon C6 carbon fiber on the surface. On the same surface, this racket incorporates the Gradual Face design, which reduces vibrations and allows greater transfer of force when hitting. As if that were not enough, it features carbon reinforcements throughout the frame to increase rigidity and resistance<\/p>\n","protected":false},"featured_media":4301,"comment_status":"open","ping_status":"closed","template":"","meta":{"_acf_changed":false,"_joinchat":[]},"acabado":[1093],"balance":[1143],"dureza":[1158],"forma":[1183],"jugador":[1193,1203],"marca":[1318],"nivel-de-juego":[1338,1353],"superficie":[1363],"tipo-de-juego":[1373],"product_brand":[],"product_cat":[303],"product_tag":[],"class_list":{"0":"post-19701","1":"product","2":"type-product","3":"status-publish","4":"has-post-thumbnail","6":"acabado-relieve-3d-en","7":"balance-medium","8":"dureza-media-en","9":"forma-redonda-en","10":"jugador-hombre-en","11":"jugador-multipurpose","12":"marca-lok-en","13":"superficie-rugosa-en","14":"tipo-de-juego-control-en","15":"product_cat-palas","17":"first","18":"instock","19":"taxable","20":"shipping-taxable","21":"purchasable","22":"product-type-simple"},"acf":[],"yoast_head":"<!-- This site is optimized with the Yoast SEO plugin v27.3 - https:\/\/yoast.com\/product\/yoast-seo-wordpress\/ -->\n<title>LOK CARB-ON FLOW - Revolution Padel Store<\/title>\n<meta name=\"description\" content=\"La pala Lok Carb-on Flow 2024 para jugadores de nivel intermedio una pala de forma redonda y de manejo f\u00e1cil. Est\u00e1 fabricada con fibra de carbono Carbon C6 en la superficie. En la misma superficie, esta pala incorpora el dise\u00f1o Gradual Face, que reduce las vibraciones y permite una mayor transferencia de fuerza en el golpeo. Por si fuera poco, presenta refuerzos de carbono por todo el marco para incrementar la rigidez y su resistencia\" \/>\n<meta name=\"robots\" content=\"index, follow, max-snippet:-1, max-image-preview:large, max-video-preview:-1\" \/>\n<link rel=\"canonical\" href=\"https:\/\/revolutionpadelstore.com\/en\/lok-carb-on-flow-2\/\" \/>\n<meta property=\"og:locale\" content=\"en_US\" \/>\n<meta property=\"og:type\" content=\"article\" \/>\n<meta property=\"og:title\" content=\"COMPRAR LOK CARB-ON FLOW\" \/>\n<meta property=\"og:description\" content=\"La pala Lok Carb-on Flow 2024 para jugadores de nivel intermedio una pala de forma redonda y de manejo f\u00e1cil. Est\u00e1 fabricada con fibra de carbono Carbon C6 en la superficie. En la misma superficie, esta pala incorpora el dise\u00f1o Gradual Face, que reduce las vibraciones y permite una mayor transferencia de fuerza en el golpeo. Por si fuera poco, presenta refuerzos de carbono por todo el marco para incrementar la rigidez y su resistencia\" \/>\n<meta property=\"og:url\" content=\"https:\/\/revolutionpadelstore.com\/en\/lok-carb-on-flow-2\/\" \/>\n<meta property=\"og:site_name\" content=\"Revolution Padel Store\" \/>\n<meta property=\"article:modified_time\" content=\"2026-04-01T08:58:35+00:00\" \/>\n<meta property=\"og:image\" content=\"https:\/\/revolutionpadelstore.com\/wp-content\/uploads\/2024\/04\/pala-lok-carb-on-flow-1-800x800-2.webp\" \/>\n\t<meta property=\"og:image:width\" content=\"800\" \/>\n\t<meta property=\"og:image:height\" content=\"800\" \/>\n\t<meta property=\"og:image:type\" content=\"image\/webp\" \/>\n<meta name=\"twitter:card\" content=\"summary_large_image\" \/>\n<meta name=\"twitter:label1\" content=\"Est. reading time\" \/>\n\t<meta name=\"twitter:data1\" content=\"2 minutes\" \/>\n<script type=\"application\/ld+json\" class=\"yoast-schema-graph\">{\"@context\":\"https:\\\/\\\/schema.org\",\"@graph\":[{\"@type\":\"WebPage\",\"@id\":\"https:\\\/\\\/revolutionpadelstore.com\\\/en\\\/lok-carb-on-flow-2\\\/\",\"url\":\"https:\\\/\\\/revolutionpadelstore.com\\\/en\\\/lok-carb-on-flow-2\\\/\",\"name\":\"LOK CARB-ON FLOW - Revolution Padel Store\",\"isPartOf\":{\"@id\":\"https:\\\/\\\/revolutionpadelstore.com\\\/en\\\/#website\"},\"primaryImageOfPage\":{\"@id\":\"https:\\\/\\\/revolutionpadelstore.com\\\/en\\\/lok-carb-on-flow-2\\\/#primaryimage\"},\"image\":{\"@id\":\"https:\\\/\\\/revolutionpadelstore.com\\\/en\\\/lok-carb-on-flow-2\\\/#primaryimage\"},\"thumbnailUrl\":\"https:\\\/\\\/revolutionpadelstore.com\\\/wp-content\\\/uploads\\\/2024\\\/04\\\/pala-lok-carb-on-flow-1-800x800-1.webp\",\"datePublished\":\"2024-04-11T05:59:01+00:00\",\"dateModified\":\"2026-04-01T08:58:35+00:00\",\"description\":\"La pala Lok Carb-on Flow 2024 para jugadores de nivel intermedio una pala de forma redonda y de manejo f\u00e1cil. Est\u00e1 fabricada con fibra de carbono Carbon C6 en la superficie. En la misma superficie, esta pala incorpora el dise\u00f1o Gradual Face, que reduce las vibraciones y permite una mayor transferencia de fuerza en el golpeo. Por si fuera poco, presenta refuerzos de carbono por todo el marco para incrementar la rigidez y su resistencia\",\"breadcrumb\":{\"@id\":\"https:\\\/\\\/revolutionpadelstore.com\\\/en\\\/lok-carb-on-flow-2\\\/#breadcrumb\"},\"inLanguage\":\"en-US\",\"potentialAction\":[{\"@type\":\"ReadAction\",\"target\":[\"https:\\\/\\\/revolutionpadelstore.com\\\/en\\\/lok-carb-on-flow-2\\\/\"]}]},{\"@type\":\"ImageObject\",\"inLanguage\":\"en-US\",\"@id\":\"https:\\\/\\\/revolutionpadelstore.com\\\/en\\\/lok-carb-on-flow-2\\\/#primaryimage\",\"url\":\"https:\\\/\\\/revolutionpadelstore.com\\\/wp-content\\\/uploads\\\/2024\\\/04\\\/pala-lok-carb-on-flow-1-800x800-1.webp\",\"contentUrl\":\"https:\\\/\\\/revolutionpadelstore.com\\\/wp-content\\\/uploads\\\/2024\\\/04\\\/pala-lok-carb-on-flow-1-800x800-1.webp\",\"width\":800,\"height\":800},{\"@type\":\"BreadcrumbList\",\"@id\":\"https:\\\/\\\/revolutionpadelstore.com\\\/en\\\/lok-carb-on-flow-2\\\/#breadcrumb\",\"itemListElement\":[{\"@type\":\"ListItem\",\"position\":1,\"name\":\"Portada\",\"item\":\"https:\\\/\\\/revolutionpadelstore.com\\\/en\\\/\"},{\"@type\":\"ListItem\",\"position\":2,\"name\":\"Shop\",\"item\":\"https:\\\/\\\/revolutionpadelstore.com\\\/en\\\/shop\\\/\"},{\"@type\":\"ListItem\",\"position\":3,\"name\":\"LOK CARB-ON FLOW\"}]},{\"@type\":\"WebSite\",\"@id\":\"https:\\\/\\\/revolutionpadelstore.com\\\/en\\\/#website\",\"url\":\"https:\\\/\\\/revolutionpadelstore.com\\\/en\\\/\",\"name\":\"Revolution Padel Store\",\"description\":\"\",\"publisher\":{\"@id\":\"https:\\\/\\\/revolutionpadelstore.com\\\/en\\\/#organization\"},\"potentialAction\":[{\"@type\":\"SearchAction\",\"target\":{\"@type\":\"EntryPoint\",\"urlTemplate\":\"https:\\\/\\\/revolutionpadelstore.com\\\/en\\\/?s={search_term_string}\"},\"query-input\":{\"@type\":\"PropertyValueSpecification\",\"valueRequired\":true,\"valueName\":\"search_term_string\"}}],\"inLanguage\":\"en-US\"},{\"@type\":\"Organization\",\"@id\":\"https:\\\/\\\/revolutionpadelstore.com\\\/en\\\/#organization\",\"name\":\"Revolution Padel Store\",\"url\":\"https:\\\/\\\/revolutionpadelstore.com\\\/en\\\/\",\"logo\":{\"@type\":\"ImageObject\",\"inLanguage\":\"en-US\",\"@id\":\"https:\\\/\\\/revolutionpadelstore.com\\\/en\\\/#\\\/schema\\\/logo\\\/image\\\/\",\"url\":\"https:\\\/\\\/revolutionpadelstore.com\\\/wp-content\\\/uploads\\\/2026\\\/02\\\/revolution-padel-store.jpg\",\"contentUrl\":\"https:\\\/\\\/revolutionpadelstore.com\\\/wp-content\\\/uploads\\\/2026\\\/02\\\/revolution-padel-store.jpg\",\"width\":2000,\"height\":2000,\"caption\":\"Revolution Padel Store\"},\"image\":{\"@id\":\"https:\\\/\\\/revolutionpadelstore.com\\\/en\\\/#\\\/schema\\\/logo\\\/image\\\/\"},\"sameAs\":[\"https:\\\/\\\/www.instagram.com\\\/revolutionpadelstore\\\/\"]}]}<\/script>\n<!-- \/ Yoast SEO plugin. -->","yoast_head_json":{"title":"LOK CARB-ON FLOW - Revolution Padel Store","description":"La pala Lok Carb-on Flow 2024 para jugadores de nivel intermedio una pala de forma redonda y de manejo f\u00e1cil. Est\u00e1 fabricada con fibra de carbono Carbon C6 en la superficie. En la misma superficie, esta pala incorpora el dise\u00f1o Gradual Face, que reduce las vibraciones y permite una mayor transferencia de fuerza en el golpeo. Por si fuera poco, presenta refuerzos de carbono por todo el marco para incrementar la rigidez y su resistencia","robots":{"index":"index","follow":"follow","max-snippet":"max-snippet:-1","max-image-preview":"max-image-preview:large","max-video-preview":"max-video-preview:-1"},"canonical":"https:\/\/revolutionpadelstore.com\/en\/lok-carb-on-flow-2\/","og_locale":"en_US","og_type":"article","og_title":"COMPRAR LOK CARB-ON FLOW","og_description":"La pala Lok Carb-on Flow 2024 para jugadores de nivel intermedio una pala de forma redonda y de manejo f\u00e1cil. Est\u00e1 fabricada con fibra de carbono Carbon C6 en la superficie. En la misma superficie, esta pala incorpora el dise\u00f1o Gradual Face, que reduce las vibraciones y permite una mayor transferencia de fuerza en el golpeo. Por si fuera poco, presenta refuerzos de carbono por todo el marco para incrementar la rigidez y su resistencia","og_url":"https:\/\/revolutionpadelstore.com\/en\/lok-carb-on-flow-2\/","og_site_name":"Revolution Padel Store","article_modified_time":"2026-04-01T08:58:35+00:00","og_image":[{"width":800,"height":800,"url":"https:\/\/revolutionpadelstore.com\/wp-content\/uploads\/2024\/04\/pala-lok-carb-on-flow-1-800x800-2.webp","type":"image\/webp"}],"twitter_card":"summary_large_image","twitter_misc":{"Est. reading time":"2 minutes"},"schema":{"@context":"https:\/\/schema.org","@graph":[{"@type":"WebPage","@id":"https:\/\/revolutionpadelstore.com\/en\/lok-carb-on-flow-2\/","url":"https:\/\/revolutionpadelstore.com\/en\/lok-carb-on-flow-2\/","name":"LOK CARB-ON FLOW - Revolution Padel Store","isPartOf":{"@id":"https:\/\/revolutionpadelstore.com\/en\/#website"},"primaryImageOfPage":{"@id":"https:\/\/revolutionpadelstore.com\/en\/lok-carb-on-flow-2\/#primaryimage"},"image":{"@id":"https:\/\/revolutionpadelstore.com\/en\/lok-carb-on-flow-2\/#primaryimage"},"thumbnailUrl":"https:\/\/revolutionpadelstore.com\/wp-content\/uploads\/2024\/04\/pala-lok-carb-on-flow-1-800x800-1.webp","datePublished":"2024-04-11T05:59:01+00:00","dateModified":"2026-04-01T08:58:35+00:00","description":"La pala Lok Carb-on Flow 2024 para jugadores de nivel intermedio una pala de forma redonda y de manejo f\u00e1cil. Est\u00e1 fabricada con fibra de carbono Carbon C6 en la superficie. En la misma superficie, esta pala incorpora el dise\u00f1o Gradual Face, que reduce las vibraciones y permite una mayor transferencia de fuerza en el golpeo. Por si fuera poco, presenta refuerzos de carbono por todo el marco para incrementar la rigidez y su resistencia","breadcrumb":{"@id":"https:\/\/revolutionpadelstore.com\/en\/lok-carb-on-flow-2\/#breadcrumb"},"inLanguage":"en-US","potentialAction":[{"@type":"ReadAction","target":["https:\/\/revolutionpadelstore.com\/en\/lok-carb-on-flow-2\/"]}]},{"@type":"ImageObject","inLanguage":"en-US","@id":"https:\/\/revolutionpadelstore.com\/en\/lok-carb-on-flow-2\/#primaryimage","url":"https:\/\/revolutionpadelstore.com\/wp-content\/uploads\/2024\/04\/pala-lok-carb-on-flow-1-800x800-1.webp","contentUrl":"https:\/\/revolutionpadelstore.com\/wp-content\/uploads\/2024\/04\/pala-lok-carb-on-flow-1-800x800-1.webp","width":800,"height":800},{"@type":"BreadcrumbList","@id":"https:\/\/revolutionpadelstore.com\/en\/lok-carb-on-flow-2\/#breadcrumb","itemListElement":[{"@type":"ListItem","position":1,"name":"Portada","item":"https:\/\/revolutionpadelstore.com\/en\/"},{"@type":"ListItem","position":2,"name":"Shop","item":"https:\/\/revolutionpadelstore.com\/en\/shop\/"},{"@type":"ListItem","position":3,"name":"LOK CARB-ON FLOW"}]},{"@type":"WebSite","@id":"https:\/\/revolutionpadelstore.com\/en\/#website","url":"https:\/\/revolutionpadelstore.com\/en\/","name":"Revolution Padel Store","description":"","publisher":{"@id":"https:\/\/revolutionpadelstore.com\/en\/#organization"},"potentialAction":[{"@type":"SearchAction","target":{"@type":"EntryPoint","urlTemplate":"https:\/\/revolutionpadelstore.com\/en\/?s={search_term_string}"},"query-input":{"@type":"PropertyValueSpecification","valueRequired":true,"valueName":"search_term_string"}}],"inLanguage":"en-US"},{"@type":"Organization","@id":"https:\/\/revolutionpadelstore.com\/en\/#organization","name":"Revolution Padel Store","url":"https:\/\/revolutionpadelstore.com\/en\/","logo":{"@type":"ImageObject","inLanguage":"en-US","@id":"https:\/\/revolutionpadelstore.com\/en\/#\/schema\/logo\/image\/","url":"https:\/\/revolutionpadelstore.com\/wp-content\/uploads\/2026\/02\/revolution-padel-store.jpg","contentUrl":"https:\/\/revolutionpadelstore.com\/wp-content\/uploads\/2026\/02\/revolution-padel-store.jpg","width":2000,"height":2000,"caption":"Revolution Padel Store"},"image":{"@id":"https:\/\/revolutionpadelstore.com\/en\/#\/schema\/logo\/image\/"},"sameAs":["https:\/\/www.instagram.com\/revolutionpadelstore\/"]}]}},"_links":{"self":[{"href":"https:\/\/revolutionpadelstore.com\/en\/wp-json\/wp\/v2\/product\/19701","targetHints":{"allow":["GET"]}}],"collection":[{"href":"https:\/\/revolutionpadelstore.com\/en\/wp-json\/wp\/v2\/product"}],"about":[{"href":"https:\/\/revolutionpadelstore.com\/en\/wp-json\/wp\/v2\/types\/product"}],"replies":[{"embeddable":true,"href":"https:\/\/revolutionpadelstore.com\/en\/wp-json\/wp\/v2\/comments?post=19701"}],"wp:featuredmedia":[{"embeddable":true,"href":"https:\/\/revolutionpadelstore.com\/en\/wp-json\/wp\/v2\/media\/4301"}],"wp:attachment":[{"href":"https:\/\/revolutionpadelstore.com\/en\/wp-json\/wp\/v2\/media?parent=19701"}],"wp:term":[{"taxonomy":"acabado","embeddable":true,"href":"https:\/\/revolutionpadelstore.com\/en\/wp-json\/wp\/v2\/acabado?post=19701"},{"taxonomy":"balance","embeddable":true,"href":"https:\/\/revolutionpadelstore.com\/en\/wp-json\/wp\/v2\/balance?post=19701"},{"taxonomy":"dureza","embeddable":true,"href":"https:\/\/revolutionpadelstore.com\/en\/wp-json\/wp\/v2\/dureza?post=19701"},{"taxonomy":"forma","embeddable":true,"href":"https:\/\/revolutionpadelstore.com\/en\/wp-json\/wp\/v2\/forma?post=19701"},{"taxonomy":"jugador","embeddable":true,"href":"https:\/\/revolutionpadelstore.com\/en\/wp-json\/wp\/v2\/jugador?post=19701"},{"taxonomy":"marca","embeddable":true,"href":"https:\/\/revolutionpadelstore.com\/en\/wp-json\/wp\/v2\/marca?post=19701"},{"taxonomy":"nivel-de-juego","embeddable":true,"href":"https:\/\/revolutionpadelstore.com\/en\/wp-json\/wp\/v2\/nivel-de-juego?post=19701"},{"taxonomy":"superficie","embeddable":true,"href":"https:\/\/revolutionpadelstore.com\/en\/wp-json\/wp\/v2\/superficie?post=19701"},{"taxonomy":"tipo-de-juego","embeddable":true,"href":"https:\/\/revolutionpadelstore.com\/en\/wp-json\/wp\/v2\/tipo-de-juego?post=19701"},{"taxonomy":"product_brand","embeddable":true,"href":"https:\/\/revolutionpadelstore.com\/en\/wp-json\/wp\/v2\/product_brand?post=19701"},{"taxonomy":"product_cat","embeddable":true,"href":"https:\/\/revolutionpadelstore.com\/en\/wp-json\/wp\/v2\/product_cat?post=19701"},{"taxonomy":"product_tag","embeddable":true,"href":"https:\/\/revolutionpadelstore.com\/en\/wp-json\/wp\/v2\/product_tag?post=19701"}],"curies":[{"name":"wp","href":"https:\/\/api.w.org\/{rel}","templated":true}]}}