{"id":19696,"date":"2024-04-11T08:17:24","date_gmt":"2024-04-11T06:17:24","guid":{"rendered":"https:\/\/revolutionpadelstore.com\/lok-carb-on-hype\/"},"modified":"2026-04-01T10:58:04","modified_gmt":"2026-04-01T08:58:04","slug":"lok-carb-on-hype","status":"publish","type":"product","link":"https:\/\/revolutionpadelstore.com\/en\/lok-carb-on-hype\/","title":{"rendered":"LOK CARB-ON HYPE"},"content":{"rendered":"<p>The Carbon-On Hype racket is a cutting-edge option for advanced level padel players looking for a perfect balance between power and control, backed by innovative technologies and meticulous design.<br \/>\nOne of the standout features of the Carbon-On Hype is its asymmetrical heart, a technology that optimizes weight distribution on the racket to improve maneuverability and stability with each stroke.<br \/>\nThe racket has a C6 Carbon surface arranged in three different planes making it a power racket.<br \/>\nIt also has the Gradual Face system, which consists of a striking surface design with a stepped shape on the outside to reduce vibration upon ball impact.<br \/>\nIn addition, the racket has the exclusive 3D Spin Lines, lines strategically located on the hitting surface that increase the rotation of the ball upon impact.<br \/>\nIt also has a Dynamic Holes System, a progressive arrangement of holes with different sizes that give power to the blow.<br \/>\nIt also has carbon reinforcements and an adjustable wristband called Confort Wristband.<br \/>\nIts diamond shape means that its balance and sweet spot are at the top, making it a racket focused on attacking hits.<\/p>\n","protected":false},"excerpt":{"rendered":"<p>Lok Carb-on Hype 2024 racket with diamond format and medium-high sweet spot. As to<br \/>\ncomposition, the predominant material is C6 Carbon that covers the entire surface of the blade through three different planes. This compound, along with Gradual Face technology for vibration reduction, completes a virtuous racket for powerful hits. In addition, the arrangement of the holes of the Dynamic Holes System technology also works on channeling power in the attacking game.<\/p>\n","protected":false},"featured_media":4323,"comment_status":"open","ping_status":"closed","template":"","meta":{"_acf_changed":false,"_joinchat":[]},"acabado":[1083,1093],"balance":[1138,1143],"dureza":[1158],"forma":[1173],"jugador":[1193,1203],"marca":[1318],"nivel-de-juego":[1338,1353],"superficie":[1363],"tipo-de-juego":[1383,1378],"product_brand":[],"product_cat":[303],"product_tag":[],"class_list":{"0":"post-19696","1":"product","2":"type-product","3":"status-publish","4":"has-post-thumbnail","6":"acabado-brightness","7":"acabado-relieve-3d-en","8":"balance-alto-en","9":"balance-medium","10":"dureza-media-en","11":"forma-diamante-en","12":"jugador-hombre-en","13":"jugador-multipurpose","14":"marca-lok-en","15":"superficie-rugosa-en","16":"tipo-de-juego-attack","17":"tipo-de-juego-potencia-en","18":"product_cat-palas","20":"first","21":"instock","22":"taxable","23":"shipping-taxable","24":"purchasable","25":"product-type-simple"},"acf":[],"yoast_head":"<!-- This site is optimized with the Yoast SEO plugin v27.3 - https:\/\/yoast.com\/product\/yoast-seo-wordpress\/ -->\n<title>LOK CARB-ON HYPE - Revolution Padel Store<\/title>\n<meta name=\"description\" content=\"Pala Lok Carb-on Hype 2024 de formato diamante y punto dulce medio-alto. En cuanto acomposici\u00f3n, el material preponderante es el Carbono C6 que abarca toda la superficie de la pala mediante tres planos distintos. Este compuesto, junto con la tecnolog\u00eda Gradual Face para la reducci\u00f3n de la vibraci\u00f3n, completan una pala virtuosa en los golpes potentes. Adem\u00e1s, la disposici\u00f3n de los agujeros de la tecnolog\u00eda Dynamic Holes System trabaja tambi\u00e9n en la canalizaci\u00f3n de la potencia en el juego de ataque.\" \/>\n<meta name=\"robots\" content=\"index, follow, max-snippet:-1, max-image-preview:large, max-video-preview:-1\" \/>\n<link rel=\"canonical\" href=\"https:\/\/revolutionpadelstore.com\/en\/lok-carb-on-hype\/\" \/>\n<meta property=\"og:locale\" content=\"en_US\" \/>\n<meta property=\"og:type\" content=\"article\" \/>\n<meta property=\"og:title\" content=\"COMPRAR LOK CARB-ON HYPE\" \/>\n<meta property=\"og:description\" content=\"Pala Lok Carb-on Hype 2024 de formato diamante y punto dulce medio-alto. En cuanto acomposici\u00f3n, el material preponderante es el Carbono C6 que abarca toda la superficie de la pala mediante tres planos distintos. Este compuesto, junto con la tecnolog\u00eda Gradual Face para la reducci\u00f3n de la vibraci\u00f3n, completan una pala virtuosa en los golpes potentes. Adem\u00e1s, la disposici\u00f3n de los agujeros de la tecnolog\u00eda Dynamic Holes System trabaja tambi\u00e9n en la canalizaci\u00f3n de la potencia en el juego de ataque.\" \/>\n<meta property=\"og:url\" content=\"https:\/\/revolutionpadelstore.com\/en\/lok-carb-on-hype\/\" \/>\n<meta property=\"og:site_name\" content=\"Revolution Padel Store\" \/>\n<meta property=\"article:modified_time\" content=\"2026-04-01T08:58:04+00:00\" \/>\n<meta property=\"og:image\" content=\"https:\/\/revolutionpadelstore.com\/wp-content\/uploads\/2024\/04\/pala-lok-carb-on-hype-1-800x800-1.jpg\" \/>\n\t<meta property=\"og:image:width\" content=\"800\" \/>\n\t<meta property=\"og:image:height\" content=\"800\" \/>\n\t<meta property=\"og:image:type\" content=\"image\/jpeg\" \/>\n<meta name=\"twitter:card\" content=\"summary_large_image\" \/>\n<meta name=\"twitter:label1\" content=\"Est. reading time\" \/>\n\t<meta name=\"twitter:data1\" content=\"2 minutes\" \/>\n<script type=\"application\/ld+json\" class=\"yoast-schema-graph\">{\"@context\":\"https:\\\/\\\/schema.org\",\"@graph\":[{\"@type\":\"WebPage\",\"@id\":\"https:\\\/\\\/revolutionpadelstore.com\\\/en\\\/lok-carb-on-hype\\\/\",\"url\":\"https:\\\/\\\/revolutionpadelstore.com\\\/en\\\/lok-carb-on-hype\\\/\",\"name\":\"LOK CARB-ON HYPE - Revolution Padel Store\",\"isPartOf\":{\"@id\":\"https:\\\/\\\/revolutionpadelstore.com\\\/en\\\/#website\"},\"primaryImageOfPage\":{\"@id\":\"https:\\\/\\\/revolutionpadelstore.com\\\/en\\\/lok-carb-on-hype\\\/#primaryimage\"},\"image\":{\"@id\":\"https:\\\/\\\/revolutionpadelstore.com\\\/en\\\/lok-carb-on-hype\\\/#primaryimage\"},\"thumbnailUrl\":\"https:\\\/\\\/revolutionpadelstore.com\\\/wp-content\\\/uploads\\\/2024\\\/04\\\/pala-lok-carb-on-hype-1-800x800-1.jpg\",\"datePublished\":\"2024-04-11T06:17:24+00:00\",\"dateModified\":\"2026-04-01T08:58:04+00:00\",\"description\":\"Pala Lok Carb-on Hype 2024 de formato diamante y punto dulce medio-alto. En cuanto acomposici\u00f3n, el material preponderante es el Carbono C6 que abarca toda la superficie de la pala mediante tres planos distintos. Este compuesto, junto con la tecnolog\u00eda Gradual Face para la reducci\u00f3n de la vibraci\u00f3n, completan una pala virtuosa en los golpes potentes. Adem\u00e1s, la disposici\u00f3n de los agujeros de la tecnolog\u00eda Dynamic Holes System trabaja tambi\u00e9n en la canalizaci\u00f3n de la potencia en el juego de ataque.\",\"breadcrumb\":{\"@id\":\"https:\\\/\\\/revolutionpadelstore.com\\\/en\\\/lok-carb-on-hype\\\/#breadcrumb\"},\"inLanguage\":\"en-US\",\"potentialAction\":[{\"@type\":\"ReadAction\",\"target\":[\"https:\\\/\\\/revolutionpadelstore.com\\\/en\\\/lok-carb-on-hype\\\/\"]}]},{\"@type\":\"ImageObject\",\"inLanguage\":\"en-US\",\"@id\":\"https:\\\/\\\/revolutionpadelstore.com\\\/en\\\/lok-carb-on-hype\\\/#primaryimage\",\"url\":\"https:\\\/\\\/revolutionpadelstore.com\\\/wp-content\\\/uploads\\\/2024\\\/04\\\/pala-lok-carb-on-hype-1-800x800-1.jpg\",\"contentUrl\":\"https:\\\/\\\/revolutionpadelstore.com\\\/wp-content\\\/uploads\\\/2024\\\/04\\\/pala-lok-carb-on-hype-1-800x800-1.jpg\",\"width\":800,\"height\":800},{\"@type\":\"BreadcrumbList\",\"@id\":\"https:\\\/\\\/revolutionpadelstore.com\\\/en\\\/lok-carb-on-hype\\\/#breadcrumb\",\"itemListElement\":[{\"@type\":\"ListItem\",\"position\":1,\"name\":\"Portada\",\"item\":\"https:\\\/\\\/revolutionpadelstore.com\\\/en\\\/\"},{\"@type\":\"ListItem\",\"position\":2,\"name\":\"Shop\",\"item\":\"https:\\\/\\\/revolutionpadelstore.com\\\/en\\\/shop\\\/\"},{\"@type\":\"ListItem\",\"position\":3,\"name\":\"LOK CARB-ON HYPE\"}]},{\"@type\":\"WebSite\",\"@id\":\"https:\\\/\\\/revolutionpadelstore.com\\\/en\\\/#website\",\"url\":\"https:\\\/\\\/revolutionpadelstore.com\\\/en\\\/\",\"name\":\"Revolution Padel Store\",\"description\":\"\",\"publisher\":{\"@id\":\"https:\\\/\\\/revolutionpadelstore.com\\\/en\\\/#organization\"},\"potentialAction\":[{\"@type\":\"SearchAction\",\"target\":{\"@type\":\"EntryPoint\",\"urlTemplate\":\"https:\\\/\\\/revolutionpadelstore.com\\\/en\\\/?s={search_term_string}\"},\"query-input\":{\"@type\":\"PropertyValueSpecification\",\"valueRequired\":true,\"valueName\":\"search_term_string\"}}],\"inLanguage\":\"en-US\"},{\"@type\":\"Organization\",\"@id\":\"https:\\\/\\\/revolutionpadelstore.com\\\/en\\\/#organization\",\"name\":\"Revolution Padel Store\",\"url\":\"https:\\\/\\\/revolutionpadelstore.com\\\/en\\\/\",\"logo\":{\"@type\":\"ImageObject\",\"inLanguage\":\"en-US\",\"@id\":\"https:\\\/\\\/revolutionpadelstore.com\\\/en\\\/#\\\/schema\\\/logo\\\/image\\\/\",\"url\":\"https:\\\/\\\/revolutionpadelstore.com\\\/wp-content\\\/uploads\\\/2026\\\/02\\\/revolution-padel-store.jpg\",\"contentUrl\":\"https:\\\/\\\/revolutionpadelstore.com\\\/wp-content\\\/uploads\\\/2026\\\/02\\\/revolution-padel-store.jpg\",\"width\":2000,\"height\":2000,\"caption\":\"Revolution Padel Store\"},\"image\":{\"@id\":\"https:\\\/\\\/revolutionpadelstore.com\\\/en\\\/#\\\/schema\\\/logo\\\/image\\\/\"},\"sameAs\":[\"https:\\\/\\\/www.instagram.com\\\/revolutionpadelstore\\\/\"]}]}<\/script>\n<!-- \/ Yoast SEO plugin. -->","yoast_head_json":{"title":"LOK CARB-ON HYPE - Revolution Padel Store","description":"Pala Lok Carb-on Hype 2024 de formato diamante y punto dulce medio-alto. En cuanto acomposici\u00f3n, el material preponderante es el Carbono C6 que abarca toda la superficie de la pala mediante tres planos distintos. Este compuesto, junto con la tecnolog\u00eda Gradual Face para la reducci\u00f3n de la vibraci\u00f3n, completan una pala virtuosa en los golpes potentes. Adem\u00e1s, la disposici\u00f3n de los agujeros de la tecnolog\u00eda Dynamic Holes System trabaja tambi\u00e9n en la canalizaci\u00f3n de la potencia en el juego de ataque.","robots":{"index":"index","follow":"follow","max-snippet":"max-snippet:-1","max-image-preview":"max-image-preview:large","max-video-preview":"max-video-preview:-1"},"canonical":"https:\/\/revolutionpadelstore.com\/en\/lok-carb-on-hype\/","og_locale":"en_US","og_type":"article","og_title":"COMPRAR LOK CARB-ON HYPE","og_description":"Pala Lok Carb-on Hype 2024 de formato diamante y punto dulce medio-alto. En cuanto acomposici\u00f3n, el material preponderante es el Carbono C6 que abarca toda la superficie de la pala mediante tres planos distintos. Este compuesto, junto con la tecnolog\u00eda Gradual Face para la reducci\u00f3n de la vibraci\u00f3n, completan una pala virtuosa en los golpes potentes. Adem\u00e1s, la disposici\u00f3n de los agujeros de la tecnolog\u00eda Dynamic Holes System trabaja tambi\u00e9n en la canalizaci\u00f3n de la potencia en el juego de ataque.","og_url":"https:\/\/revolutionpadelstore.com\/en\/lok-carb-on-hype\/","og_site_name":"Revolution Padel Store","article_modified_time":"2026-04-01T08:58:04+00:00","og_image":[{"width":800,"height":800,"url":"https:\/\/revolutionpadelstore.com\/wp-content\/uploads\/2024\/04\/pala-lok-carb-on-hype-1-800x800-1.jpg","type":"image\/jpeg"}],"twitter_card":"summary_large_image","twitter_misc":{"Est. reading time":"2 minutes"},"schema":{"@context":"https:\/\/schema.org","@graph":[{"@type":"WebPage","@id":"https:\/\/revolutionpadelstore.com\/en\/lok-carb-on-hype\/","url":"https:\/\/revolutionpadelstore.com\/en\/lok-carb-on-hype\/","name":"LOK CARB-ON HYPE - Revolution Padel Store","isPartOf":{"@id":"https:\/\/revolutionpadelstore.com\/en\/#website"},"primaryImageOfPage":{"@id":"https:\/\/revolutionpadelstore.com\/en\/lok-carb-on-hype\/#primaryimage"},"image":{"@id":"https:\/\/revolutionpadelstore.com\/en\/lok-carb-on-hype\/#primaryimage"},"thumbnailUrl":"https:\/\/revolutionpadelstore.com\/wp-content\/uploads\/2024\/04\/pala-lok-carb-on-hype-1-800x800-1.jpg","datePublished":"2024-04-11T06:17:24+00:00","dateModified":"2026-04-01T08:58:04+00:00","description":"Pala Lok Carb-on Hype 2024 de formato diamante y punto dulce medio-alto. En cuanto acomposici\u00f3n, el material preponderante es el Carbono C6 que abarca toda la superficie de la pala mediante tres planos distintos. Este compuesto, junto con la tecnolog\u00eda Gradual Face para la reducci\u00f3n de la vibraci\u00f3n, completan una pala virtuosa en los golpes potentes. Adem\u00e1s, la disposici\u00f3n de los agujeros de la tecnolog\u00eda Dynamic Holes System trabaja tambi\u00e9n en la canalizaci\u00f3n de la potencia en el juego de ataque.","breadcrumb":{"@id":"https:\/\/revolutionpadelstore.com\/en\/lok-carb-on-hype\/#breadcrumb"},"inLanguage":"en-US","potentialAction":[{"@type":"ReadAction","target":["https:\/\/revolutionpadelstore.com\/en\/lok-carb-on-hype\/"]}]},{"@type":"ImageObject","inLanguage":"en-US","@id":"https:\/\/revolutionpadelstore.com\/en\/lok-carb-on-hype\/#primaryimage","url":"https:\/\/revolutionpadelstore.com\/wp-content\/uploads\/2024\/04\/pala-lok-carb-on-hype-1-800x800-1.jpg","contentUrl":"https:\/\/revolutionpadelstore.com\/wp-content\/uploads\/2024\/04\/pala-lok-carb-on-hype-1-800x800-1.jpg","width":800,"height":800},{"@type":"BreadcrumbList","@id":"https:\/\/revolutionpadelstore.com\/en\/lok-carb-on-hype\/#breadcrumb","itemListElement":[{"@type":"ListItem","position":1,"name":"Portada","item":"https:\/\/revolutionpadelstore.com\/en\/"},{"@type":"ListItem","position":2,"name":"Shop","item":"https:\/\/revolutionpadelstore.com\/en\/shop\/"},{"@type":"ListItem","position":3,"name":"LOK CARB-ON HYPE"}]},{"@type":"WebSite","@id":"https:\/\/revolutionpadelstore.com\/en\/#website","url":"https:\/\/revolutionpadelstore.com\/en\/","name":"Revolution Padel Store","description":"","publisher":{"@id":"https:\/\/revolutionpadelstore.com\/en\/#organization"},"potentialAction":[{"@type":"SearchAction","target":{"@type":"EntryPoint","urlTemplate":"https:\/\/revolutionpadelstore.com\/en\/?s={search_term_string}"},"query-input":{"@type":"PropertyValueSpecification","valueRequired":true,"valueName":"search_term_string"}}],"inLanguage":"en-US"},{"@type":"Organization","@id":"https:\/\/revolutionpadelstore.com\/en\/#organization","name":"Revolution Padel Store","url":"https:\/\/revolutionpadelstore.com\/en\/","logo":{"@type":"ImageObject","inLanguage":"en-US","@id":"https:\/\/revolutionpadelstore.com\/en\/#\/schema\/logo\/image\/","url":"https:\/\/revolutionpadelstore.com\/wp-content\/uploads\/2026\/02\/revolution-padel-store.jpg","contentUrl":"https:\/\/revolutionpadelstore.com\/wp-content\/uploads\/2026\/02\/revolution-padel-store.jpg","width":2000,"height":2000,"caption":"Revolution Padel Store"},"image":{"@id":"https:\/\/revolutionpadelstore.com\/en\/#\/schema\/logo\/image\/"},"sameAs":["https:\/\/www.instagram.com\/revolutionpadelstore\/"]}]}},"_links":{"self":[{"href":"https:\/\/revolutionpadelstore.com\/en\/wp-json\/wp\/v2\/product\/19696","targetHints":{"allow":["GET"]}}],"collection":[{"href":"https:\/\/revolutionpadelstore.com\/en\/wp-json\/wp\/v2\/product"}],"about":[{"href":"https:\/\/revolutionpadelstore.com\/en\/wp-json\/wp\/v2\/types\/product"}],"replies":[{"embeddable":true,"href":"https:\/\/revolutionpadelstore.com\/en\/wp-json\/wp\/v2\/comments?post=19696"}],"wp:featuredmedia":[{"embeddable":true,"href":"https:\/\/revolutionpadelstore.com\/en\/wp-json\/wp\/v2\/media\/4323"}],"wp:attachment":[{"href":"https:\/\/revolutionpadelstore.com\/en\/wp-json\/wp\/v2\/media?parent=19696"}],"wp:term":[{"taxonomy":"acabado","embeddable":true,"href":"https:\/\/revolutionpadelstore.com\/en\/wp-json\/wp\/v2\/acabado?post=19696"},{"taxonomy":"balance","embeddable":true,"href":"https:\/\/revolutionpadelstore.com\/en\/wp-json\/wp\/v2\/balance?post=19696"},{"taxonomy":"dureza","embeddable":true,"href":"https:\/\/revolutionpadelstore.com\/en\/wp-json\/wp\/v2\/dureza?post=19696"},{"taxonomy":"forma","embeddable":true,"href":"https:\/\/revolutionpadelstore.com\/en\/wp-json\/wp\/v2\/forma?post=19696"},{"taxonomy":"jugador","embeddable":true,"href":"https:\/\/revolutionpadelstore.com\/en\/wp-json\/wp\/v2\/jugador?post=19696"},{"taxonomy":"marca","embeddable":true,"href":"https:\/\/revolutionpadelstore.com\/en\/wp-json\/wp\/v2\/marca?post=19696"},{"taxonomy":"nivel-de-juego","embeddable":true,"href":"https:\/\/revolutionpadelstore.com\/en\/wp-json\/wp\/v2\/nivel-de-juego?post=19696"},{"taxonomy":"superficie","embeddable":true,"href":"https:\/\/revolutionpadelstore.com\/en\/wp-json\/wp\/v2\/superficie?post=19696"},{"taxonomy":"tipo-de-juego","embeddable":true,"href":"https:\/\/revolutionpadelstore.com\/en\/wp-json\/wp\/v2\/tipo-de-juego?post=19696"},{"taxonomy":"product_brand","embeddable":true,"href":"https:\/\/revolutionpadelstore.com\/en\/wp-json\/wp\/v2\/product_brand?post=19696"},{"taxonomy":"product_cat","embeddable":true,"href":"https:\/\/revolutionpadelstore.com\/en\/wp-json\/wp\/v2\/product_cat?post=19696"},{"taxonomy":"product_tag","embeddable":true,"href":"https:\/\/revolutionpadelstore.com\/en\/wp-json\/wp\/v2\/product_tag?post=19696"}],"curies":[{"name":"wp","href":"https:\/\/api.w.org\/{rel}","templated":true}]}}