{"id":19681,"date":"2024-04-11T12:15:00","date_gmt":"2024-04-11T10:15:00","guid":{"rendered":"https:\/\/revolutionpadelstore.com\/siux-diablo-go-3\/"},"modified":"2026-04-08T14:21:36","modified_gmt":"2026-04-08T12:21:36","slug":"siux-diablo-go-3-2","status":"publish","type":"product","link":"https:\/\/revolutionpadelstore.com\/en\/siux-diablo-go-3-2\/","title":{"rendered":"SIUX DIABLO GO 3"},"content":{"rendered":"<h2>Siux Diablo Go 3, good control in hitting<\/h2>\n<p>Fresh from Siux&#8217;s Go Series, comes the new Diablo Go 3, a hybrid racket for advanced padel players looking for versatility and adaptability. in every hit.<\/p>\n<p>Regarding its format, it presents a hybrid mold and a medium balance, so the player can enjoy superior power, precision and control at all times. This will allow you to adapt to any playing style and situation.<\/p>\n<p>Its light weight, between <strong>355 and 375 grams<\/strong>, guarantees excellent freedom of movement, agility and unprecedented speed. You will return all drop shots, even being on the baseline.<\/p>\n<h2>Faster and more precise movements<\/h2>\n<p>The planes of this <strong>Siux 2024<\/strong> racket have a matte finish and are made with <strong>3K Carbon<\/strong>, a material known for its great durability and resistance, which guarantees the integrity of the racket , even with intense use.<\/p>\n<p>On the other hand, in the core we find <strong>EVA rubber<\/strong>, a foam that provides a comfortable, soft touch and a great ball output in any style of play. It provides versatility and adaptability, as it adjusts to the needs of both more aggressive players looking for power and defensive players looking for control.<\/p>\n<p>The tubular frame is made with a combination of <strong>50% 3K Carbon and 50% fiberglass<\/strong>. This provides exceptional rigidity and durability that increases the useful life of the racket by resisting the most intense impacts and wear. In addition, it allows good control and minimizes vibrations.<\/p>\n<h3>Superb comfort<\/h3>\n<p>Likewise, it incorporates <em><strong>Dampeners Shockout<\/strong><\/em> technology, anti-vibration dampers that are responsible for reducing vibrations by up to 60%, which protects your joints from unwanted injuries.<\/p>\n<p>Its design exudes <strong>power, energy and elegance<\/strong>, as it combines black and red colors, with some white details. An attractive and modern aesthetic is achieved that will attract attention.<\/p>\n<h2>Siux Diablo Go 3, buen control en el golpeo<\/h2>\n","protected":false},"excerpt":{"rendered":"<p>Hybrid racket with intermediate balance for advanced padel players Siux Diablo Go 3. EVA rubber core and 3K Carbon faces that provide good ball output and resistance.<\/p>\n","protected":false},"featured_media":265986,"comment_status":"open","ping_status":"closed","template":"","meta":{"_acf_changed":false,"_joinchat":[]},"acabado":[1088],"balance":[1143],"dureza":[1158],"forma":[1178],"jugador":[1193,1203],"marca":[1308],"nivel-de-juego":[1353],"superficie":[1358],"tipo-de-juego":[1388],"product_brand":[],"product_cat":[303],"product_tag":[],"class_list":{"0":"post-19681","1":"product","2":"type-product","3":"status-publish","4":"has-post-thumbnail","6":"acabado-mate-en","7":"balance-medium","8":"dureza-media-en","9":"forma-hibrida-en","10":"jugador-hombre-en","11":"jugador-multipurpose","12":"marca-siux-en","13":"superficie-lisa-en","14":"tipo-de-juego-multipurpose","15":"product_cat-palas","17":"first","18":"instock","19":"sale","20":"taxable","21":"shipping-taxable","22":"purchasable","23":"product-type-simple"},"acf":[],"yoast_head":"<!-- This site is optimized with the Yoast SEO plugin v27.4 - https:\/\/yoast.com\/product\/yoast-seo-wordpress\/ -->\n<title>SIUX DIABLO GO 3 - Revolution Padel Store<\/title>\n<meta name=\"description\" content=\"Pala h\u00edbrida con balance intermedio para jugadores de p\u00e1del avanzados Siux Diablo Go 3. N\u00facleo de goma EVA y caras de Carbono 3K que aporta buena salida de bola y resistencia.\" \/>\n<meta name=\"robots\" content=\"index, follow, max-snippet:-1, max-image-preview:large, max-video-preview:-1\" \/>\n<link rel=\"canonical\" href=\"https:\/\/revolutionpadelstore.com\/en\/siux-diablo-go-3-2\/\" \/>\n<meta property=\"og:locale\" content=\"en_US\" \/>\n<meta property=\"og:type\" content=\"article\" \/>\n<meta property=\"og:title\" content=\"COMPRAR SIUX DIABLO GO 3\" \/>\n<meta property=\"og:description\" content=\"Pala h\u00edbrida con balance intermedio para jugadores de p\u00e1del avanzados Siux Diablo Go 3. N\u00facleo de goma EVA y caras de Carbono 3K que aporta buena salida de bola y resistencia.\" \/>\n<meta property=\"og:url\" content=\"https:\/\/revolutionpadelstore.com\/en\/siux-diablo-go-3-2\/\" \/>\n<meta property=\"og:site_name\" content=\"Revolution Padel Store\" \/>\n<meta property=\"article:modified_time\" content=\"2026-04-08T12:21:36+00:00\" \/>\n<meta property=\"og:image\" content=\"https:\/\/revolutionpadelstore.com\/wp-content\/uploads\/2024\/04\/109470_siux_diablo_go_3_1500x1500_vista1_06bd.webp\" \/>\n\t<meta property=\"og:image:width\" content=\"1500\" \/>\n\t<meta property=\"og:image:height\" content=\"1500\" \/>\n\t<meta property=\"og:image:type\" content=\"image\/webp\" \/>\n<meta name=\"twitter:card\" content=\"summary_large_image\" \/>\n<meta name=\"twitter:label1\" content=\"Est. reading time\" \/>\n\t<meta name=\"twitter:data1\" content=\"2 minutes\" \/>\n<script type=\"application\/ld+json\" class=\"yoast-schema-graph\">{\"@context\":\"https:\\\/\\\/schema.org\",\"@graph\":[{\"@type\":\"WebPage\",\"@id\":\"https:\\\/\\\/revolutionpadelstore.com\\\/en\\\/siux-diablo-go-3-2\\\/\",\"url\":\"https:\\\/\\\/revolutionpadelstore.com\\\/en\\\/siux-diablo-go-3-2\\\/\",\"name\":\"SIUX DIABLO GO 3 - Revolution Padel Store\",\"isPartOf\":{\"@id\":\"https:\\\/\\\/revolutionpadelstore.com\\\/en\\\/#website\"},\"primaryImageOfPage\":{\"@id\":\"https:\\\/\\\/revolutionpadelstore.com\\\/en\\\/siux-diablo-go-3-2\\\/#primaryimage\"},\"image\":{\"@id\":\"https:\\\/\\\/revolutionpadelstore.com\\\/en\\\/siux-diablo-go-3-2\\\/#primaryimage\"},\"thumbnailUrl\":\"https:\\\/\\\/revolutionpadelstore.com\\\/wp-content\\\/uploads\\\/2024\\\/04\\\/109470_siux_diablo_go_3_1500x1500_vista1_06bd-1.webp\",\"datePublished\":\"2024-04-11T10:15:00+00:00\",\"dateModified\":\"2026-04-08T12:21:36+00:00\",\"description\":\"Pala h\u00edbrida con balance intermedio para jugadores de p\u00e1del avanzados Siux Diablo Go 3. N\u00facleo de goma EVA y caras de Carbono 3K que aporta buena salida de bola y resistencia.\",\"breadcrumb\":{\"@id\":\"https:\\\/\\\/revolutionpadelstore.com\\\/en\\\/siux-diablo-go-3-2\\\/#breadcrumb\"},\"inLanguage\":\"en-US\",\"potentialAction\":[{\"@type\":\"ReadAction\",\"target\":[\"https:\\\/\\\/revolutionpadelstore.com\\\/en\\\/siux-diablo-go-3-2\\\/\"]}]},{\"@type\":\"ImageObject\",\"inLanguage\":\"en-US\",\"@id\":\"https:\\\/\\\/revolutionpadelstore.com\\\/en\\\/siux-diablo-go-3-2\\\/#primaryimage\",\"url\":\"https:\\\/\\\/revolutionpadelstore.com\\\/wp-content\\\/uploads\\\/2024\\\/04\\\/109470_siux_diablo_go_3_1500x1500_vista1_06bd-1.webp\",\"contentUrl\":\"https:\\\/\\\/revolutionpadelstore.com\\\/wp-content\\\/uploads\\\/2024\\\/04\\\/109470_siux_diablo_go_3_1500x1500_vista1_06bd-1.webp\",\"width\":1500,\"height\":1500},{\"@type\":\"BreadcrumbList\",\"@id\":\"https:\\\/\\\/revolutionpadelstore.com\\\/en\\\/siux-diablo-go-3-2\\\/#breadcrumb\",\"itemListElement\":[{\"@type\":\"ListItem\",\"position\":1,\"name\":\"Portada\",\"item\":\"https:\\\/\\\/revolutionpadelstore.com\\\/en\\\/\"},{\"@type\":\"ListItem\",\"position\":2,\"name\":\"Shop\",\"item\":\"https:\\\/\\\/revolutionpadelstore.com\\\/en\\\/shop\\\/\"},{\"@type\":\"ListItem\",\"position\":3,\"name\":\"SIUX DIABLO GO 3\"}]},{\"@type\":\"WebSite\",\"@id\":\"https:\\\/\\\/revolutionpadelstore.com\\\/en\\\/#website\",\"url\":\"https:\\\/\\\/revolutionpadelstore.com\\\/en\\\/\",\"name\":\"Revolution Padel Store\",\"description\":\"\",\"publisher\":{\"@id\":\"https:\\\/\\\/revolutionpadelstore.com\\\/en\\\/#organization\"},\"potentialAction\":[{\"@type\":\"SearchAction\",\"target\":{\"@type\":\"EntryPoint\",\"urlTemplate\":\"https:\\\/\\\/revolutionpadelstore.com\\\/en\\\/?s={search_term_string}\"},\"query-input\":{\"@type\":\"PropertyValueSpecification\",\"valueRequired\":true,\"valueName\":\"search_term_string\"}}],\"inLanguage\":\"en-US\"},{\"@type\":\"Organization\",\"@id\":\"https:\\\/\\\/revolutionpadelstore.com\\\/en\\\/#organization\",\"name\":\"Revolution Padel Store\",\"url\":\"https:\\\/\\\/revolutionpadelstore.com\\\/en\\\/\",\"logo\":{\"@type\":\"ImageObject\",\"inLanguage\":\"en-US\",\"@id\":\"https:\\\/\\\/revolutionpadelstore.com\\\/en\\\/#\\\/schema\\\/logo\\\/image\\\/\",\"url\":\"https:\\\/\\\/revolutionpadelstore.com\\\/wp-content\\\/uploads\\\/2026\\\/02\\\/revolution-padel-store.jpg\",\"contentUrl\":\"https:\\\/\\\/revolutionpadelstore.com\\\/wp-content\\\/uploads\\\/2026\\\/02\\\/revolution-padel-store.jpg\",\"width\":2000,\"height\":2000,\"caption\":\"Revolution Padel Store\"},\"image\":{\"@id\":\"https:\\\/\\\/revolutionpadelstore.com\\\/en\\\/#\\\/schema\\\/logo\\\/image\\\/\"},\"sameAs\":[\"https:\\\/\\\/www.instagram.com\\\/revolutionpadelstore\\\/\"]}]}<\/script>\n<!-- \/ Yoast SEO plugin. -->","yoast_head_json":{"title":"SIUX DIABLO GO 3 - Revolution Padel Store","description":"Pala h\u00edbrida con balance intermedio para jugadores de p\u00e1del avanzados Siux Diablo Go 3. N\u00facleo de goma EVA y caras de Carbono 3K que aporta buena salida de bola y resistencia.","robots":{"index":"index","follow":"follow","max-snippet":"max-snippet:-1","max-image-preview":"max-image-preview:large","max-video-preview":"max-video-preview:-1"},"canonical":"https:\/\/revolutionpadelstore.com\/en\/siux-diablo-go-3-2\/","og_locale":"en_US","og_type":"article","og_title":"COMPRAR SIUX DIABLO GO 3","og_description":"Pala h\u00edbrida con balance intermedio para jugadores de p\u00e1del avanzados Siux Diablo Go 3. N\u00facleo de goma EVA y caras de Carbono 3K que aporta buena salida de bola y resistencia.","og_url":"https:\/\/revolutionpadelstore.com\/en\/siux-diablo-go-3-2\/","og_site_name":"Revolution Padel Store","article_modified_time":"2026-04-08T12:21:36+00:00","og_image":[{"width":1500,"height":1500,"url":"https:\/\/revolutionpadelstore.com\/wp-content\/uploads\/2024\/04\/109470_siux_diablo_go_3_1500x1500_vista1_06bd.webp","type":"image\/webp"}],"twitter_card":"summary_large_image","twitter_misc":{"Est. reading time":"2 minutes"},"schema":{"@context":"https:\/\/schema.org","@graph":[{"@type":"WebPage","@id":"https:\/\/revolutionpadelstore.com\/en\/siux-diablo-go-3-2\/","url":"https:\/\/revolutionpadelstore.com\/en\/siux-diablo-go-3-2\/","name":"SIUX DIABLO GO 3 - Revolution Padel Store","isPartOf":{"@id":"https:\/\/revolutionpadelstore.com\/en\/#website"},"primaryImageOfPage":{"@id":"https:\/\/revolutionpadelstore.com\/en\/siux-diablo-go-3-2\/#primaryimage"},"image":{"@id":"https:\/\/revolutionpadelstore.com\/en\/siux-diablo-go-3-2\/#primaryimage"},"thumbnailUrl":"https:\/\/revolutionpadelstore.com\/wp-content\/uploads\/2024\/04\/109470_siux_diablo_go_3_1500x1500_vista1_06bd-1.webp","datePublished":"2024-04-11T10:15:00+00:00","dateModified":"2026-04-08T12:21:36+00:00","description":"Pala h\u00edbrida con balance intermedio para jugadores de p\u00e1del avanzados Siux Diablo Go 3. N\u00facleo de goma EVA y caras de Carbono 3K que aporta buena salida de bola y resistencia.","breadcrumb":{"@id":"https:\/\/revolutionpadelstore.com\/en\/siux-diablo-go-3-2\/#breadcrumb"},"inLanguage":"en-US","potentialAction":[{"@type":"ReadAction","target":["https:\/\/revolutionpadelstore.com\/en\/siux-diablo-go-3-2\/"]}]},{"@type":"ImageObject","inLanguage":"en-US","@id":"https:\/\/revolutionpadelstore.com\/en\/siux-diablo-go-3-2\/#primaryimage","url":"https:\/\/revolutionpadelstore.com\/wp-content\/uploads\/2024\/04\/109470_siux_diablo_go_3_1500x1500_vista1_06bd-1.webp","contentUrl":"https:\/\/revolutionpadelstore.com\/wp-content\/uploads\/2024\/04\/109470_siux_diablo_go_3_1500x1500_vista1_06bd-1.webp","width":1500,"height":1500},{"@type":"BreadcrumbList","@id":"https:\/\/revolutionpadelstore.com\/en\/siux-diablo-go-3-2\/#breadcrumb","itemListElement":[{"@type":"ListItem","position":1,"name":"Portada","item":"https:\/\/revolutionpadelstore.com\/en\/"},{"@type":"ListItem","position":2,"name":"Shop","item":"https:\/\/revolutionpadelstore.com\/en\/shop\/"},{"@type":"ListItem","position":3,"name":"SIUX DIABLO GO 3"}]},{"@type":"WebSite","@id":"https:\/\/revolutionpadelstore.com\/en\/#website","url":"https:\/\/revolutionpadelstore.com\/en\/","name":"Revolution Padel Store","description":"","publisher":{"@id":"https:\/\/revolutionpadelstore.com\/en\/#organization"},"potentialAction":[{"@type":"SearchAction","target":{"@type":"EntryPoint","urlTemplate":"https:\/\/revolutionpadelstore.com\/en\/?s={search_term_string}"},"query-input":{"@type":"PropertyValueSpecification","valueRequired":true,"valueName":"search_term_string"}}],"inLanguage":"en-US"},{"@type":"Organization","@id":"https:\/\/revolutionpadelstore.com\/en\/#organization","name":"Revolution Padel Store","url":"https:\/\/revolutionpadelstore.com\/en\/","logo":{"@type":"ImageObject","inLanguage":"en-US","@id":"https:\/\/revolutionpadelstore.com\/en\/#\/schema\/logo\/image\/","url":"https:\/\/revolutionpadelstore.com\/wp-content\/uploads\/2026\/02\/revolution-padel-store.jpg","contentUrl":"https:\/\/revolutionpadelstore.com\/wp-content\/uploads\/2026\/02\/revolution-padel-store.jpg","width":2000,"height":2000,"caption":"Revolution Padel Store"},"image":{"@id":"https:\/\/revolutionpadelstore.com\/en\/#\/schema\/logo\/image\/"},"sameAs":["https:\/\/www.instagram.com\/revolutionpadelstore\/"]}]}},"_links":{"self":[{"href":"https:\/\/revolutionpadelstore.com\/en\/wp-json\/wp\/v2\/product\/19681","targetHints":{"allow":["GET"]}}],"collection":[{"href":"https:\/\/revolutionpadelstore.com\/en\/wp-json\/wp\/v2\/product"}],"about":[{"href":"https:\/\/revolutionpadelstore.com\/en\/wp-json\/wp\/v2\/types\/product"}],"replies":[{"embeddable":true,"href":"https:\/\/revolutionpadelstore.com\/en\/wp-json\/wp\/v2\/comments?post=19681"}],"wp:featuredmedia":[{"embeddable":true,"href":"https:\/\/revolutionpadelstore.com\/en\/wp-json\/wp\/v2\/media\/265986"}],"wp:attachment":[{"href":"https:\/\/revolutionpadelstore.com\/en\/wp-json\/wp\/v2\/media?parent=19681"}],"wp:term":[{"taxonomy":"acabado","embeddable":true,"href":"https:\/\/revolutionpadelstore.com\/en\/wp-json\/wp\/v2\/acabado?post=19681"},{"taxonomy":"balance","embeddable":true,"href":"https:\/\/revolutionpadelstore.com\/en\/wp-json\/wp\/v2\/balance?post=19681"},{"taxonomy":"dureza","embeddable":true,"href":"https:\/\/revolutionpadelstore.com\/en\/wp-json\/wp\/v2\/dureza?post=19681"},{"taxonomy":"forma","embeddable":true,"href":"https:\/\/revolutionpadelstore.com\/en\/wp-json\/wp\/v2\/forma?post=19681"},{"taxonomy":"jugador","embeddable":true,"href":"https:\/\/revolutionpadelstore.com\/en\/wp-json\/wp\/v2\/jugador?post=19681"},{"taxonomy":"marca","embeddable":true,"href":"https:\/\/revolutionpadelstore.com\/en\/wp-json\/wp\/v2\/marca?post=19681"},{"taxonomy":"nivel-de-juego","embeddable":true,"href":"https:\/\/revolutionpadelstore.com\/en\/wp-json\/wp\/v2\/nivel-de-juego?post=19681"},{"taxonomy":"superficie","embeddable":true,"href":"https:\/\/revolutionpadelstore.com\/en\/wp-json\/wp\/v2\/superficie?post=19681"},{"taxonomy":"tipo-de-juego","embeddable":true,"href":"https:\/\/revolutionpadelstore.com\/en\/wp-json\/wp\/v2\/tipo-de-juego?post=19681"},{"taxonomy":"product_brand","embeddable":true,"href":"https:\/\/revolutionpadelstore.com\/en\/wp-json\/wp\/v2\/product_brand?post=19681"},{"taxonomy":"product_cat","embeddable":true,"href":"https:\/\/revolutionpadelstore.com\/en\/wp-json\/wp\/v2\/product_cat?post=19681"},{"taxonomy":"product_tag","embeddable":true,"href":"https:\/\/revolutionpadelstore.com\/en\/wp-json\/wp\/v2\/product_tag?post=19681"}],"curies":[{"name":"wp","href":"https:\/\/api.w.org\/{rel}","templated":true}]}}