{"id":19676,"date":"2024-04-11T13:46:09","date_gmt":"2024-04-11T11:46:09","guid":{"rendered":"https:\/\/revolutionpadelstore.com\/siux-trilogy-4-control-lite-air-w\/"},"modified":"2026-05-12T12:01:12","modified_gmt":"2026-05-12T10:01:12","slug":"siux-trilogy-4-control-lite-air-w","status":"publish","type":"product","link":"https:\/\/revolutionpadelstore.com\/en\/siux-trilogy-4-control-lite-air-w\/","title":{"rendered":"SIUX TRILOGY 4 CONTROL LITE AIR W"},"content":{"rendered":"<p>At Revolution Padel Store you will find the perfect padel racket for demanding players: the Siux Trilogy 4 Control Lite Air W. This incredible racket from Siux&#8217;s 2024 collection offers an exceptional balance between control and high-quality materials. With its round shape and low balance, you will be able to direct your shots with precision and execute strategic hits effectively on the court.<\/p>\n<p>The Siux Trilogy 4 Control Lite Air W has a 21K Twill Silver Carbon construction and a 3K tubular, which gives it incredible resistance and durability without compromising its performance. In addition, its EVA Soft rubber in the core provides a soft touch that cushions impacts and improves comfort during the game.<\/p>\n<p>But that&#8217;s not all, the racket also has technologies that will improve your game, such as the Dual Pro Grip handle and Shockout Dampeners, which reduce hand and arm fatigue during long and demanding matches. And we cannot fail to mention its impressive design, with a matte finish with 3D relief and an elegant color in black, silver, pink and turquoise.<\/p>\n<p>Don&#8217;t wait any longer to get the Siux Trilogy 4 Control Lite Air W padel racket at Revolution Padel Store, the store specialized in high-quality padel items. You will not regret choosing this racket designed for demanding players looking for the best in control, durability and design. Get it now and revolutionize your game on the court!<\/p>\n","protected":false},"excerpt":{"rendered":"<p>Discover the Siux Trilogy 4 Control Lite Air W padel racket at Revolution Padel Store, ideal for demanding players.<\/p>\n","protected":false},"featured_media":71442,"comment_status":"open","ping_status":"closed","template":"","meta":{"_acf_changed":false,"_joinchat":[]},"acabado":[1093],"balance":[1148],"dureza":[1158],"forma":[1183],"jugador":[1198],"marca":[1308],"nivel-de-juego":[1353],"superficie":[1363],"tipo-de-juego":[1373],"product_brand":[],"product_cat":[303],"product_tag":[],"class_list":{"0":"post-19676","1":"product","2":"type-product","3":"status-publish","4":"has-post-thumbnail","6":"acabado-relieve-3d-en","7":"balance-bajo-en","8":"dureza-media-en","9":"forma-redonda-en","10":"jugador-woman","11":"marca-siux-en","12":"superficie-rugosa-en","13":"tipo-de-juego-control-en","14":"product_cat-palas","16":"first","17":"instock","18":"sale","19":"taxable","20":"shipping-taxable","21":"purchasable","22":"product-type-simple"},"acf":[],"yoast_head":"<!-- This site is optimized with the Yoast SEO plugin v27.6 - https:\/\/yoast.com\/product\/yoast-seo-wordpress\/ -->\n<title>SIUX TRILOGY 4 CONTROL LITE AIR W - Revolution Padel Store<\/title>\n<meta name=\"description\" content=\"Siux Trilogy 4 Control Lite Air W, pala de p\u00e1del de alta calidad y dise\u00f1o confeccionada para mujeres jugadoras de p\u00e1del exigentes de alto rendimiento. Pala redonda de tacto medio blando.\" \/>\n<meta name=\"robots\" content=\"index, follow, max-snippet:-1, max-image-preview:large, max-video-preview:-1\" \/>\n<link rel=\"canonical\" href=\"https:\/\/revolutionpadelstore.com\/en\/siux-trilogy-4-control-lite-air-w\/\" \/>\n<meta property=\"og:locale\" content=\"en_US\" \/>\n<meta property=\"og:type\" content=\"article\" \/>\n<meta property=\"og:title\" content=\"COMPRAR SIUX TRILOGY 4 CONTROL LITE AIR W\" \/>\n<meta property=\"og:description\" content=\"Siux Trilogy 4 Control Lite Air W, pala de p\u00e1del de alta calidad y dise\u00f1o confeccionada para mujeres jugadoras de p\u00e1del exigentes de alto rendimiento. Pala redonda de tacto medio blando.\" \/>\n<meta property=\"og:url\" content=\"https:\/\/revolutionpadelstore.com\/en\/siux-trilogy-4-control-lite-air-w\/\" \/>\n<meta property=\"og:site_name\" content=\"Revolution Padel Store\" \/>\n<meta property=\"article:modified_time\" content=\"2026-05-12T10:01:12+00:00\" \/>\n<meta property=\"og:image\" content=\"https:\/\/revolutionpadelstore.com\/wp-content\/uploads\/2024\/04\/109591_siux_trilogy_lite_air_4_w_1500x1500_1_287f.webp\" \/>\n\t<meta property=\"og:image:width\" content=\"1500\" \/>\n\t<meta property=\"og:image:height\" content=\"1500\" \/>\n\t<meta property=\"og:image:type\" content=\"image\/webp\" \/>\n<meta name=\"twitter:card\" content=\"summary_large_image\" \/>\n<meta name=\"twitter:label1\" content=\"Est. reading time\" \/>\n\t<meta name=\"twitter:data1\" content=\"2 minutes\" \/>\n<script type=\"application\/ld+json\" class=\"yoast-schema-graph\">{\"@context\":\"https:\\\/\\\/schema.org\",\"@graph\":[{\"@type\":\"WebPage\",\"@id\":\"https:\\\/\\\/revolutionpadelstore.com\\\/en\\\/siux-trilogy-4-control-lite-air-w\\\/\",\"url\":\"https:\\\/\\\/revolutionpadelstore.com\\\/en\\\/siux-trilogy-4-control-lite-air-w\\\/\",\"name\":\"SIUX TRILOGY 4 CONTROL LITE AIR W - Revolution Padel Store\",\"isPartOf\":{\"@id\":\"https:\\\/\\\/revolutionpadelstore.com\\\/en\\\/#website\"},\"primaryImageOfPage\":{\"@id\":\"https:\\\/\\\/revolutionpadelstore.com\\\/en\\\/siux-trilogy-4-control-lite-air-w\\\/#primaryimage\"},\"image\":{\"@id\":\"https:\\\/\\\/revolutionpadelstore.com\\\/en\\\/siux-trilogy-4-control-lite-air-w\\\/#primaryimage\"},\"thumbnailUrl\":\"https:\\\/\\\/revolutionpadelstore.com\\\/wp-content\\\/uploads\\\/2024\\\/06\\\/28.png\",\"datePublished\":\"2024-04-11T11:46:09+00:00\",\"dateModified\":\"2026-05-12T10:01:12+00:00\",\"description\":\"Siux Trilogy 4 Control Lite Air W, pala de p\u00e1del de alta calidad y dise\u00f1o confeccionada para mujeres jugadoras de p\u00e1del exigentes de alto rendimiento. Pala redonda de tacto medio blando.\",\"breadcrumb\":{\"@id\":\"https:\\\/\\\/revolutionpadelstore.com\\\/en\\\/siux-trilogy-4-control-lite-air-w\\\/#breadcrumb\"},\"inLanguage\":\"en-US\",\"potentialAction\":[{\"@type\":\"ReadAction\",\"target\":[\"https:\\\/\\\/revolutionpadelstore.com\\\/en\\\/siux-trilogy-4-control-lite-air-w\\\/\"]}]},{\"@type\":\"ImageObject\",\"inLanguage\":\"en-US\",\"@id\":\"https:\\\/\\\/revolutionpadelstore.com\\\/en\\\/siux-trilogy-4-control-lite-air-w\\\/#primaryimage\",\"url\":\"https:\\\/\\\/revolutionpadelstore.com\\\/wp-content\\\/uploads\\\/2024\\\/06\\\/28.png\",\"contentUrl\":\"https:\\\/\\\/revolutionpadelstore.com\\\/wp-content\\\/uploads\\\/2024\\\/06\\\/28.png\",\"width\":1500,\"height\":1500},{\"@type\":\"BreadcrumbList\",\"@id\":\"https:\\\/\\\/revolutionpadelstore.com\\\/en\\\/siux-trilogy-4-control-lite-air-w\\\/#breadcrumb\",\"itemListElement\":[{\"@type\":\"ListItem\",\"position\":1,\"name\":\"Portada\",\"item\":\"https:\\\/\\\/revolutionpadelstore.com\\\/en\\\/\"},{\"@type\":\"ListItem\",\"position\":2,\"name\":\"Shop\",\"item\":\"https:\\\/\\\/revolutionpadelstore.com\\\/en\\\/shop\\\/\"},{\"@type\":\"ListItem\",\"position\":3,\"name\":\"SIUX TRILOGY 4 CONTROL LITE AIR W\"}]},{\"@type\":\"WebSite\",\"@id\":\"https:\\\/\\\/revolutionpadelstore.com\\\/en\\\/#website\",\"url\":\"https:\\\/\\\/revolutionpadelstore.com\\\/en\\\/\",\"name\":\"Revolution Padel Store\",\"description\":\"\",\"publisher\":{\"@id\":\"https:\\\/\\\/revolutionpadelstore.com\\\/en\\\/#organization\"},\"potentialAction\":[{\"@type\":\"SearchAction\",\"target\":{\"@type\":\"EntryPoint\",\"urlTemplate\":\"https:\\\/\\\/revolutionpadelstore.com\\\/en\\\/?s={search_term_string}\"},\"query-input\":{\"@type\":\"PropertyValueSpecification\",\"valueRequired\":true,\"valueName\":\"search_term_string\"}}],\"inLanguage\":\"en-US\"},{\"@type\":\"Organization\",\"@id\":\"https:\\\/\\\/revolutionpadelstore.com\\\/en\\\/#organization\",\"name\":\"Revolution Padel Store\",\"url\":\"https:\\\/\\\/revolutionpadelstore.com\\\/en\\\/\",\"logo\":{\"@type\":\"ImageObject\",\"inLanguage\":\"en-US\",\"@id\":\"https:\\\/\\\/revolutionpadelstore.com\\\/en\\\/#\\\/schema\\\/logo\\\/image\\\/\",\"url\":\"https:\\\/\\\/revolutionpadelstore.com\\\/wp-content\\\/uploads\\\/2026\\\/02\\\/revolution-padel-store.jpg\",\"contentUrl\":\"https:\\\/\\\/revolutionpadelstore.com\\\/wp-content\\\/uploads\\\/2026\\\/02\\\/revolution-padel-store.jpg\",\"width\":2000,\"height\":2000,\"caption\":\"Revolution Padel Store\"},\"image\":{\"@id\":\"https:\\\/\\\/revolutionpadelstore.com\\\/en\\\/#\\\/schema\\\/logo\\\/image\\\/\"},\"sameAs\":[\"https:\\\/\\\/www.instagram.com\\\/revolutionpadelstore\\\/\"]}]}<\/script>\n<!-- \/ Yoast SEO plugin. -->","yoast_head_json":{"title":"SIUX TRILOGY 4 CONTROL LITE AIR W - Revolution Padel Store","description":"Siux Trilogy 4 Control Lite Air W, pala de p\u00e1del de alta calidad y dise\u00f1o confeccionada para mujeres jugadoras de p\u00e1del exigentes de alto rendimiento. Pala redonda de tacto medio blando.","robots":{"index":"index","follow":"follow","max-snippet":"max-snippet:-1","max-image-preview":"max-image-preview:large","max-video-preview":"max-video-preview:-1"},"canonical":"https:\/\/revolutionpadelstore.com\/en\/siux-trilogy-4-control-lite-air-w\/","og_locale":"en_US","og_type":"article","og_title":"COMPRAR SIUX TRILOGY 4 CONTROL LITE AIR W","og_description":"Siux Trilogy 4 Control Lite Air W, pala de p\u00e1del de alta calidad y dise\u00f1o confeccionada para mujeres jugadoras de p\u00e1del exigentes de alto rendimiento. Pala redonda de tacto medio blando.","og_url":"https:\/\/revolutionpadelstore.com\/en\/siux-trilogy-4-control-lite-air-w\/","og_site_name":"Revolution Padel Store","article_modified_time":"2026-05-12T10:01:12+00:00","og_image":[{"width":1500,"height":1500,"url":"https:\/\/revolutionpadelstore.com\/wp-content\/uploads\/2024\/04\/109591_siux_trilogy_lite_air_4_w_1500x1500_1_287f.webp","type":"image\/webp"}],"twitter_card":"summary_large_image","twitter_misc":{"Est. reading time":"2 minutes"},"schema":{"@context":"https:\/\/schema.org","@graph":[{"@type":"WebPage","@id":"https:\/\/revolutionpadelstore.com\/en\/siux-trilogy-4-control-lite-air-w\/","url":"https:\/\/revolutionpadelstore.com\/en\/siux-trilogy-4-control-lite-air-w\/","name":"SIUX TRILOGY 4 CONTROL LITE AIR W - Revolution Padel Store","isPartOf":{"@id":"https:\/\/revolutionpadelstore.com\/en\/#website"},"primaryImageOfPage":{"@id":"https:\/\/revolutionpadelstore.com\/en\/siux-trilogy-4-control-lite-air-w\/#primaryimage"},"image":{"@id":"https:\/\/revolutionpadelstore.com\/en\/siux-trilogy-4-control-lite-air-w\/#primaryimage"},"thumbnailUrl":"https:\/\/revolutionpadelstore.com\/wp-content\/uploads\/2024\/06\/28.png","datePublished":"2024-04-11T11:46:09+00:00","dateModified":"2026-05-12T10:01:12+00:00","description":"Siux Trilogy 4 Control Lite Air W, pala de p\u00e1del de alta calidad y dise\u00f1o confeccionada para mujeres jugadoras de p\u00e1del exigentes de alto rendimiento. Pala redonda de tacto medio blando.","breadcrumb":{"@id":"https:\/\/revolutionpadelstore.com\/en\/siux-trilogy-4-control-lite-air-w\/#breadcrumb"},"inLanguage":"en-US","potentialAction":[{"@type":"ReadAction","target":["https:\/\/revolutionpadelstore.com\/en\/siux-trilogy-4-control-lite-air-w\/"]}]},{"@type":"ImageObject","inLanguage":"en-US","@id":"https:\/\/revolutionpadelstore.com\/en\/siux-trilogy-4-control-lite-air-w\/#primaryimage","url":"https:\/\/revolutionpadelstore.com\/wp-content\/uploads\/2024\/06\/28.png","contentUrl":"https:\/\/revolutionpadelstore.com\/wp-content\/uploads\/2024\/06\/28.png","width":1500,"height":1500},{"@type":"BreadcrumbList","@id":"https:\/\/revolutionpadelstore.com\/en\/siux-trilogy-4-control-lite-air-w\/#breadcrumb","itemListElement":[{"@type":"ListItem","position":1,"name":"Portada","item":"https:\/\/revolutionpadelstore.com\/en\/"},{"@type":"ListItem","position":2,"name":"Shop","item":"https:\/\/revolutionpadelstore.com\/en\/shop\/"},{"@type":"ListItem","position":3,"name":"SIUX TRILOGY 4 CONTROL LITE AIR W"}]},{"@type":"WebSite","@id":"https:\/\/revolutionpadelstore.com\/en\/#website","url":"https:\/\/revolutionpadelstore.com\/en\/","name":"Revolution Padel Store","description":"","publisher":{"@id":"https:\/\/revolutionpadelstore.com\/en\/#organization"},"potentialAction":[{"@type":"SearchAction","target":{"@type":"EntryPoint","urlTemplate":"https:\/\/revolutionpadelstore.com\/en\/?s={search_term_string}"},"query-input":{"@type":"PropertyValueSpecification","valueRequired":true,"valueName":"search_term_string"}}],"inLanguage":"en-US"},{"@type":"Organization","@id":"https:\/\/revolutionpadelstore.com\/en\/#organization","name":"Revolution Padel Store","url":"https:\/\/revolutionpadelstore.com\/en\/","logo":{"@type":"ImageObject","inLanguage":"en-US","@id":"https:\/\/revolutionpadelstore.com\/en\/#\/schema\/logo\/image\/","url":"https:\/\/revolutionpadelstore.com\/wp-content\/uploads\/2026\/02\/revolution-padel-store.jpg","contentUrl":"https:\/\/revolutionpadelstore.com\/wp-content\/uploads\/2026\/02\/revolution-padel-store.jpg","width":2000,"height":2000,"caption":"Revolution Padel Store"},"image":{"@id":"https:\/\/revolutionpadelstore.com\/en\/#\/schema\/logo\/image\/"},"sameAs":["https:\/\/www.instagram.com\/revolutionpadelstore\/"]}]}},"_links":{"self":[{"href":"https:\/\/revolutionpadelstore.com\/en\/wp-json\/wp\/v2\/product\/19676","targetHints":{"allow":["GET"]}}],"collection":[{"href":"https:\/\/revolutionpadelstore.com\/en\/wp-json\/wp\/v2\/product"}],"about":[{"href":"https:\/\/revolutionpadelstore.com\/en\/wp-json\/wp\/v2\/types\/product"}],"replies":[{"embeddable":true,"href":"https:\/\/revolutionpadelstore.com\/en\/wp-json\/wp\/v2\/comments?post=19676"}],"wp:featuredmedia":[{"embeddable":true,"href":"https:\/\/revolutionpadelstore.com\/en\/wp-json\/wp\/v2\/media\/71442"}],"wp:attachment":[{"href":"https:\/\/revolutionpadelstore.com\/en\/wp-json\/wp\/v2\/media?parent=19676"}],"wp:term":[{"taxonomy":"acabado","embeddable":true,"href":"https:\/\/revolutionpadelstore.com\/en\/wp-json\/wp\/v2\/acabado?post=19676"},{"taxonomy":"balance","embeddable":true,"href":"https:\/\/revolutionpadelstore.com\/en\/wp-json\/wp\/v2\/balance?post=19676"},{"taxonomy":"dureza","embeddable":true,"href":"https:\/\/revolutionpadelstore.com\/en\/wp-json\/wp\/v2\/dureza?post=19676"},{"taxonomy":"forma","embeddable":true,"href":"https:\/\/revolutionpadelstore.com\/en\/wp-json\/wp\/v2\/forma?post=19676"},{"taxonomy":"jugador","embeddable":true,"href":"https:\/\/revolutionpadelstore.com\/en\/wp-json\/wp\/v2\/jugador?post=19676"},{"taxonomy":"marca","embeddable":true,"href":"https:\/\/revolutionpadelstore.com\/en\/wp-json\/wp\/v2\/marca?post=19676"},{"taxonomy":"nivel-de-juego","embeddable":true,"href":"https:\/\/revolutionpadelstore.com\/en\/wp-json\/wp\/v2\/nivel-de-juego?post=19676"},{"taxonomy":"superficie","embeddable":true,"href":"https:\/\/revolutionpadelstore.com\/en\/wp-json\/wp\/v2\/superficie?post=19676"},{"taxonomy":"tipo-de-juego","embeddable":true,"href":"https:\/\/revolutionpadelstore.com\/en\/wp-json\/wp\/v2\/tipo-de-juego?post=19676"},{"taxonomy":"product_brand","embeddable":true,"href":"https:\/\/revolutionpadelstore.com\/en\/wp-json\/wp\/v2\/product_brand?post=19676"},{"taxonomy":"product_cat","embeddable":true,"href":"https:\/\/revolutionpadelstore.com\/en\/wp-json\/wp\/v2\/product_cat?post=19676"},{"taxonomy":"product_tag","embeddable":true,"href":"https:\/\/revolutionpadelstore.com\/en\/wp-json\/wp\/v2\/product_tag?post=19676"}],"curies":[{"name":"wp","href":"https:\/\/api.w.org\/{rel}","templated":true}]}}