{"id":19231,"date":"2024-04-22T15:22:51","date_gmt":"2024-04-22T13:22:51","guid":{"rendered":"https:\/\/revolutionpadelstore.com\/pala-royal-padel-whip-eva-soft-2024\/"},"modified":"2026-04-01T10:31:00","modified_gmt":"2026-04-01T08:31:00","slug":"pala-royal-padel-whip-eva-soft-2024-2","status":"publish","type":"product","link":"https:\/\/revolutionpadelstore.com\/en\/pala-royal-padel-whip-eva-soft-2024-2\/","title":{"rendered":"Pala Royal Padel Whip Eva Soft 2024"},"content":{"rendered":"<p>Royal Padel Whip Eva Soft 2024 racket: The best option in the Revolution Padel Store. If you are looking for a high-quality padel racket, with a unique design and exceptional performance, then the Royal Padel Whip Eva Soft 2024 racket is the perfect choice for you. At Revolution Padel Store, we are proud to present this model that has been a success among our customers.<\/p>\n<p> Its Eva Hard rubber core with aluminized glass fabric allows better shock absorption, giving you greater control and precision in each blow. In addition, its mold designed especially for technical players guarantees a perfect combination of power and control. And thanks to the central upright in the heart of the racket, you will enjoy high vibration absorption, avoiding injuries and muscle fatigue.<\/p>\n<p> But that&#8217;s not all, the Royal Padel Whip Eva Soft 2024 Racquet has a bidirectional tubular fiberglass frame with carbon reinforcements, which gives it greater resistance and durability. In addition, its Absorption Shock shock absorption system in the open heart of the racket will allow you to play in total comfort and without worries.<\/p>\n<p> As for the plane, this racket has a high-density Eva Hard rubber core and two layers of Fiber Tech aluminized fiberglass fabric, which provides it with a resistant and durable surface. In addition, its impregnation of epoxy resin with titanium dioxide gives it a high-quality finish and a touch of elegance.<\/p>\n<p> Finally, its surface with rough surface system has been tested in the 2022 season in competition, obtaining excellent results in control of shots. Without a doubt, the Royal Padel Whip Eva Soft 2024 Racquet is the perfect choice for those players looking for a perfect balance between control, power and durability.<\/p>\n<p> Don&#8217;t wait any longer and purchase the Royal Padel Whip Eva Soft 2024 Racquet<\/p>\n","protected":false},"excerpt":{"rendered":"<p>Discover the Royal Padel Whip Eva Soft 2024 Racquet at Revolution Padel Store. Designed for technical players with precision and control.<\/p>\n","protected":false},"featured_media":4844,"comment_status":"closed","ping_status":"open","template":"","meta":{"_acf_changed":false,"_joinchat":[]},"acabado":[],"balance":[],"dureza":[],"forma":[],"jugador":[1193,1203],"marca":[1323],"nivel-de-juego":[],"superficie":[],"tipo-de-juego":[],"product_brand":[],"product_cat":[303],"product_tag":[],"class_list":{"0":"post-19231","1":"product","2":"type-product","3":"status-publish","4":"has-post-thumbnail","6":"jugador-hombre-en","7":"jugador-multipurpose","8":"marca-royal-wall","9":"product_cat-palas","11":"first","12":"instock","13":"sale","14":"taxable","15":"shipping-taxable","16":"purchasable","17":"product-type-variable"},"acf":[],"yoast_head":"<!-- This site is optimized with the Yoast SEO plugin v27.3 - https:\/\/yoast.com\/product\/yoast-seo-wordpress\/ -->\n<title>Pala Royal Padel Whip Eva Soft 2024 - Revolution Padel Store<\/title>\n<meta name=\"description\" content=\"Descubre la Pala Royal Padel Whip Eva Soft 2024 en Revolution Padel Store. Dise\u00f1ada para jugadores t\u00e9cnicos con precisi\u00f3n y control.\" \/>\n<meta name=\"robots\" content=\"index, follow, max-snippet:-1, max-image-preview:large, max-video-preview:-1\" \/>\n<link rel=\"canonical\" href=\"https:\/\/revolutionpadelstore.com\/en\/pala-royal-padel-whip-eva-soft-2024-2\/\" \/>\n<meta property=\"og:locale\" content=\"en_US\" \/>\n<meta property=\"og:type\" content=\"article\" \/>\n<meta property=\"og:title\" content=\"Pala Royal Padel Whip Eva Soft 2024 - Revolution Padel Store\" \/>\n<meta property=\"og:description\" content=\"Descubre la Pala Royal Padel Whip Eva Soft 2024 en Revolution Padel Store. Dise\u00f1ada para jugadores t\u00e9cnicos con precisi\u00f3n y control.\" \/>\n<meta property=\"og:url\" content=\"https:\/\/revolutionpadelstore.com\/en\/pala-royal-padel-whip-eva-soft-2024-2\/\" \/>\n<meta property=\"og:site_name\" content=\"Revolution Padel Store\" \/>\n<meta property=\"article:modified_time\" content=\"2026-04-01T08:31:00+00:00\" \/>\n<meta property=\"og:image\" content=\"https:\/\/revolutionpadelstore.com\/wp-content\/uploads\/2024\/04\/17949-0-4.jpg\" \/>\n\t<meta property=\"og:image:width\" content=\"800\" \/>\n\t<meta property=\"og:image:height\" content=\"800\" \/>\n\t<meta property=\"og:image:type\" content=\"image\/png\" \/>\n<meta name=\"twitter:card\" content=\"summary_large_image\" \/>\n<meta name=\"twitter:label1\" content=\"Est. reading time\" \/>\n\t<meta name=\"twitter:data1\" content=\"1 minute\" \/>\n<script type=\"application\/ld+json\" class=\"yoast-schema-graph\">{\"@context\":\"https:\\\/\\\/schema.org\",\"@graph\":[{\"@type\":\"WebPage\",\"@id\":\"https:\\\/\\\/revolutionpadelstore.com\\\/en\\\/pala-royal-padel-whip-eva-soft-2024-2\\\/\",\"url\":\"https:\\\/\\\/revolutionpadelstore.com\\\/en\\\/pala-royal-padel-whip-eva-soft-2024-2\\\/\",\"name\":\"Pala Royal Padel Whip Eva Soft 2024 - Revolution Padel Store\",\"isPartOf\":{\"@id\":\"https:\\\/\\\/revolutionpadelstore.com\\\/en\\\/#website\"},\"primaryImageOfPage\":{\"@id\":\"https:\\\/\\\/revolutionpadelstore.com\\\/en\\\/pala-royal-padel-whip-eva-soft-2024-2\\\/#primaryimage\"},\"image\":{\"@id\":\"https:\\\/\\\/revolutionpadelstore.com\\\/en\\\/pala-royal-padel-whip-eva-soft-2024-2\\\/#primaryimage\"},\"thumbnailUrl\":\"https:\\\/\\\/revolutionpadelstore.com\\\/wp-content\\\/uploads\\\/2024\\\/04\\\/17949-0-4.jpg\",\"datePublished\":\"2024-04-22T13:22:51+00:00\",\"dateModified\":\"2026-04-01T08:31:00+00:00\",\"description\":\"Descubre la Pala Royal Padel Whip Eva Soft 2024 en Revolution Padel Store. Dise\u00f1ada para jugadores t\u00e9cnicos con precisi\u00f3n y control.\",\"breadcrumb\":{\"@id\":\"https:\\\/\\\/revolutionpadelstore.com\\\/en\\\/pala-royal-padel-whip-eva-soft-2024-2\\\/#breadcrumb\"},\"inLanguage\":\"en-US\",\"potentialAction\":[{\"@type\":\"ReadAction\",\"target\":[\"https:\\\/\\\/revolutionpadelstore.com\\\/en\\\/pala-royal-padel-whip-eva-soft-2024-2\\\/\"]}]},{\"@type\":\"ImageObject\",\"inLanguage\":\"en-US\",\"@id\":\"https:\\\/\\\/revolutionpadelstore.com\\\/en\\\/pala-royal-padel-whip-eva-soft-2024-2\\\/#primaryimage\",\"url\":\"https:\\\/\\\/revolutionpadelstore.com\\\/wp-content\\\/uploads\\\/2024\\\/04\\\/17949-0-4.jpg\",\"contentUrl\":\"https:\\\/\\\/revolutionpadelstore.com\\\/wp-content\\\/uploads\\\/2024\\\/04\\\/17949-0-4.jpg\",\"width\":800,\"height\":800},{\"@type\":\"BreadcrumbList\",\"@id\":\"https:\\\/\\\/revolutionpadelstore.com\\\/en\\\/pala-royal-padel-whip-eva-soft-2024-2\\\/#breadcrumb\",\"itemListElement\":[{\"@type\":\"ListItem\",\"position\":1,\"name\":\"Portada\",\"item\":\"https:\\\/\\\/revolutionpadelstore.com\\\/en\\\/\"},{\"@type\":\"ListItem\",\"position\":2,\"name\":\"Shop\",\"item\":\"https:\\\/\\\/revolutionpadelstore.com\\\/en\\\/shop\\\/\"},{\"@type\":\"ListItem\",\"position\":3,\"name\":\"Pala Royal Padel Whip Eva Soft 2024\"}]},{\"@type\":\"WebSite\",\"@id\":\"https:\\\/\\\/revolutionpadelstore.com\\\/en\\\/#website\",\"url\":\"https:\\\/\\\/revolutionpadelstore.com\\\/en\\\/\",\"name\":\"Revolution Padel Store\",\"description\":\"\",\"publisher\":{\"@id\":\"https:\\\/\\\/revolutionpadelstore.com\\\/en\\\/#organization\"},\"potentialAction\":[{\"@type\":\"SearchAction\",\"target\":{\"@type\":\"EntryPoint\",\"urlTemplate\":\"https:\\\/\\\/revolutionpadelstore.com\\\/en\\\/?s={search_term_string}\"},\"query-input\":{\"@type\":\"PropertyValueSpecification\",\"valueRequired\":true,\"valueName\":\"search_term_string\"}}],\"inLanguage\":\"en-US\"},{\"@type\":\"Organization\",\"@id\":\"https:\\\/\\\/revolutionpadelstore.com\\\/en\\\/#organization\",\"name\":\"Revolution Padel Store\",\"url\":\"https:\\\/\\\/revolutionpadelstore.com\\\/en\\\/\",\"logo\":{\"@type\":\"ImageObject\",\"inLanguage\":\"en-US\",\"@id\":\"https:\\\/\\\/revolutionpadelstore.com\\\/en\\\/#\\\/schema\\\/logo\\\/image\\\/\",\"url\":\"https:\\\/\\\/revolutionpadelstore.com\\\/wp-content\\\/uploads\\\/2026\\\/02\\\/revolution-padel-store.jpg\",\"contentUrl\":\"https:\\\/\\\/revolutionpadelstore.com\\\/wp-content\\\/uploads\\\/2026\\\/02\\\/revolution-padel-store.jpg\",\"width\":2000,\"height\":2000,\"caption\":\"Revolution Padel Store\"},\"image\":{\"@id\":\"https:\\\/\\\/revolutionpadelstore.com\\\/en\\\/#\\\/schema\\\/logo\\\/image\\\/\"},\"sameAs\":[\"https:\\\/\\\/www.instagram.com\\\/revolutionpadelstore\\\/\"]}]}<\/script>\n<!-- \/ Yoast SEO plugin. -->","yoast_head_json":{"title":"Pala Royal Padel Whip Eva Soft 2024 - Revolution Padel Store","description":"Descubre la Pala Royal Padel Whip Eva Soft 2024 en Revolution Padel Store. Dise\u00f1ada para jugadores t\u00e9cnicos con precisi\u00f3n y control.","robots":{"index":"index","follow":"follow","max-snippet":"max-snippet:-1","max-image-preview":"max-image-preview:large","max-video-preview":"max-video-preview:-1"},"canonical":"https:\/\/revolutionpadelstore.com\/en\/pala-royal-padel-whip-eva-soft-2024-2\/","og_locale":"en_US","og_type":"article","og_title":"Pala Royal Padel Whip Eva Soft 2024 - Revolution Padel Store","og_description":"Descubre la Pala Royal Padel Whip Eva Soft 2024 en Revolution Padel Store. Dise\u00f1ada para jugadores t\u00e9cnicos con precisi\u00f3n y control.","og_url":"https:\/\/revolutionpadelstore.com\/en\/pala-royal-padel-whip-eva-soft-2024-2\/","og_site_name":"Revolution Padel Store","article_modified_time":"2026-04-01T08:31:00+00:00","og_image":[{"width":800,"height":800,"url":"https:\/\/revolutionpadelstore.com\/wp-content\/uploads\/2024\/04\/17949-0-4.jpg","type":"image\/png"}],"twitter_card":"summary_large_image","twitter_misc":{"Est. reading time":"1 minute"},"schema":{"@context":"https:\/\/schema.org","@graph":[{"@type":"WebPage","@id":"https:\/\/revolutionpadelstore.com\/en\/pala-royal-padel-whip-eva-soft-2024-2\/","url":"https:\/\/revolutionpadelstore.com\/en\/pala-royal-padel-whip-eva-soft-2024-2\/","name":"Pala Royal Padel Whip Eva Soft 2024 - Revolution Padel Store","isPartOf":{"@id":"https:\/\/revolutionpadelstore.com\/en\/#website"},"primaryImageOfPage":{"@id":"https:\/\/revolutionpadelstore.com\/en\/pala-royal-padel-whip-eva-soft-2024-2\/#primaryimage"},"image":{"@id":"https:\/\/revolutionpadelstore.com\/en\/pala-royal-padel-whip-eva-soft-2024-2\/#primaryimage"},"thumbnailUrl":"https:\/\/revolutionpadelstore.com\/wp-content\/uploads\/2024\/04\/17949-0-4.jpg","datePublished":"2024-04-22T13:22:51+00:00","dateModified":"2026-04-01T08:31:00+00:00","description":"Descubre la Pala Royal Padel Whip Eva Soft 2024 en Revolution Padel Store. Dise\u00f1ada para jugadores t\u00e9cnicos con precisi\u00f3n y control.","breadcrumb":{"@id":"https:\/\/revolutionpadelstore.com\/en\/pala-royal-padel-whip-eva-soft-2024-2\/#breadcrumb"},"inLanguage":"en-US","potentialAction":[{"@type":"ReadAction","target":["https:\/\/revolutionpadelstore.com\/en\/pala-royal-padel-whip-eva-soft-2024-2\/"]}]},{"@type":"ImageObject","inLanguage":"en-US","@id":"https:\/\/revolutionpadelstore.com\/en\/pala-royal-padel-whip-eva-soft-2024-2\/#primaryimage","url":"https:\/\/revolutionpadelstore.com\/wp-content\/uploads\/2024\/04\/17949-0-4.jpg","contentUrl":"https:\/\/revolutionpadelstore.com\/wp-content\/uploads\/2024\/04\/17949-0-4.jpg","width":800,"height":800},{"@type":"BreadcrumbList","@id":"https:\/\/revolutionpadelstore.com\/en\/pala-royal-padel-whip-eva-soft-2024-2\/#breadcrumb","itemListElement":[{"@type":"ListItem","position":1,"name":"Portada","item":"https:\/\/revolutionpadelstore.com\/en\/"},{"@type":"ListItem","position":2,"name":"Shop","item":"https:\/\/revolutionpadelstore.com\/en\/shop\/"},{"@type":"ListItem","position":3,"name":"Pala Royal Padel Whip Eva Soft 2024"}]},{"@type":"WebSite","@id":"https:\/\/revolutionpadelstore.com\/en\/#website","url":"https:\/\/revolutionpadelstore.com\/en\/","name":"Revolution Padel Store","description":"","publisher":{"@id":"https:\/\/revolutionpadelstore.com\/en\/#organization"},"potentialAction":[{"@type":"SearchAction","target":{"@type":"EntryPoint","urlTemplate":"https:\/\/revolutionpadelstore.com\/en\/?s={search_term_string}"},"query-input":{"@type":"PropertyValueSpecification","valueRequired":true,"valueName":"search_term_string"}}],"inLanguage":"en-US"},{"@type":"Organization","@id":"https:\/\/revolutionpadelstore.com\/en\/#organization","name":"Revolution Padel Store","url":"https:\/\/revolutionpadelstore.com\/en\/","logo":{"@type":"ImageObject","inLanguage":"en-US","@id":"https:\/\/revolutionpadelstore.com\/en\/#\/schema\/logo\/image\/","url":"https:\/\/revolutionpadelstore.com\/wp-content\/uploads\/2026\/02\/revolution-padel-store.jpg","contentUrl":"https:\/\/revolutionpadelstore.com\/wp-content\/uploads\/2026\/02\/revolution-padel-store.jpg","width":2000,"height":2000,"caption":"Revolution Padel Store"},"image":{"@id":"https:\/\/revolutionpadelstore.com\/en\/#\/schema\/logo\/image\/"},"sameAs":["https:\/\/www.instagram.com\/revolutionpadelstore\/"]}]}},"_links":{"self":[{"href":"https:\/\/revolutionpadelstore.com\/en\/wp-json\/wp\/v2\/product\/19231","targetHints":{"allow":["GET"]}}],"collection":[{"href":"https:\/\/revolutionpadelstore.com\/en\/wp-json\/wp\/v2\/product"}],"about":[{"href":"https:\/\/revolutionpadelstore.com\/en\/wp-json\/wp\/v2\/types\/product"}],"replies":[{"embeddable":true,"href":"https:\/\/revolutionpadelstore.com\/en\/wp-json\/wp\/v2\/comments?post=19231"}],"wp:featuredmedia":[{"embeddable":true,"href":"https:\/\/revolutionpadelstore.com\/en\/wp-json\/wp\/v2\/media\/4844"}],"wp:attachment":[{"href":"https:\/\/revolutionpadelstore.com\/en\/wp-json\/wp\/v2\/media?parent=19231"}],"wp:term":[{"taxonomy":"acabado","embeddable":true,"href":"https:\/\/revolutionpadelstore.com\/en\/wp-json\/wp\/v2\/acabado?post=19231"},{"taxonomy":"balance","embeddable":true,"href":"https:\/\/revolutionpadelstore.com\/en\/wp-json\/wp\/v2\/balance?post=19231"},{"taxonomy":"dureza","embeddable":true,"href":"https:\/\/revolutionpadelstore.com\/en\/wp-json\/wp\/v2\/dureza?post=19231"},{"taxonomy":"forma","embeddable":true,"href":"https:\/\/revolutionpadelstore.com\/en\/wp-json\/wp\/v2\/forma?post=19231"},{"taxonomy":"jugador","embeddable":true,"href":"https:\/\/revolutionpadelstore.com\/en\/wp-json\/wp\/v2\/jugador?post=19231"},{"taxonomy":"marca","embeddable":true,"href":"https:\/\/revolutionpadelstore.com\/en\/wp-json\/wp\/v2\/marca?post=19231"},{"taxonomy":"nivel-de-juego","embeddable":true,"href":"https:\/\/revolutionpadelstore.com\/en\/wp-json\/wp\/v2\/nivel-de-juego?post=19231"},{"taxonomy":"superficie","embeddable":true,"href":"https:\/\/revolutionpadelstore.com\/en\/wp-json\/wp\/v2\/superficie?post=19231"},{"taxonomy":"tipo-de-juego","embeddable":true,"href":"https:\/\/revolutionpadelstore.com\/en\/wp-json\/wp\/v2\/tipo-de-juego?post=19231"},{"taxonomy":"product_brand","embeddable":true,"href":"https:\/\/revolutionpadelstore.com\/en\/wp-json\/wp\/v2\/product_brand?post=19231"},{"taxonomy":"product_cat","embeddable":true,"href":"https:\/\/revolutionpadelstore.com\/en\/wp-json\/wp\/v2\/product_cat?post=19231"},{"taxonomy":"product_tag","embeddable":true,"href":"https:\/\/revolutionpadelstore.com\/en\/wp-json\/wp\/v2\/product_tag?post=19231"}],"curies":[{"name":"wp","href":"https:\/\/api.w.org\/{rel}","templated":true}]}}