{"id":174875,"date":"2025-02-19T00:34:08","date_gmt":"2025-02-18T23:34:08","guid":{"rendered":"https:\/\/revolutionpadelstore.com\/camiseta-bullpadel-elgar-169-cereza\/"},"modified":"2026-04-08T06:41:52","modified_gmt":"2026-04-08T04:41:52","slug":"camiseta-bullpadel-elgar-169-cereza-2","status":"publish","type":"product","link":"https:\/\/revolutionpadelstore.com\/en\/camiseta-bullpadel-elgar-169-cereza-2\/","title":{"rendered":"CAMISETA BULLPADEL ELGAR 169 CEREZA"},"content":{"rendered":"<p><H2> Short Sleeve T -shirt Elgar Woman <\/ h2><br \/>\nDiscover the <strong> elgar bullpadel t -shirt for women <\/strong>, a garment designed to offer you maximum comfort and track performance. Its wide cut and 100% polyester fabric with a vigor\u00e9 appearance give you a light and breathable sensation.<br \/>\n<H2> Main characteristics: <\/h2>\n<p><P>-High performance technical fabric: Made of high quality polyester and Quickerdry technology, which accelerates drying and keeps fresh and dry skin. <\/p>\n<\/p>\n<p style=\"padding-left: 40px\">-ergonomic and modern design: width cut that favors freedom of movement, ideal for the most demanding blows.<\/p>\n<p style=\"padding-left: 40px\">-exclusive details: incorporates a personalized band in the sleeves and the bullpadel logo in the chest, providing a touch of style. <\/p>\n<\/p>\n<p>You are already an experienced player or you are starting in the paddle, this shirt guarantees you <strong> comfort, breathability and style in each game <\/strong>.<\/p>\n<p>Get it now on our online store &lt;a href = &quot;https:\/\/chatgpt.com\/g\/g-675432e026888191B6ee6d6f2fdbb15e-optimization-textos\/c\/www.revolutionpadelstore.com&quot; probably the <strong> best market price <\/strong>.<\/p>\n<h2>Camiseta Manga Corta Bullpadel Elgar Mujer<\/h2>\n","protected":false},"excerpt":{"rendered":"<p>Bullpadel ELGAR SHARE T -SHIRT, MOVING IN 100% Polyester Fabric with striped design and Quickerdry technology, which guarantees freshness and comfort for a longer time.<\/p>\n","protected":false},"featured_media":174911,"comment_status":"open","ping_status":"closed","template":"","meta":{"_acf_changed":false,"_joinchat":[]},"acabado":[],"balance":[],"dureza":[],"forma":[],"jugador":[1198],"marca":[1258],"nivel-de-juego":[],"superficie":[],"tipo-de-juego":[],"product_brand":[],"product_cat":[351],"product_tag":[],"class_list":{"0":"post-174875","1":"product","2":"type-product","3":"status-publish","4":"has-post-thumbnail","6":"jugador-woman","7":"marca-bullpadel-en","8":"product_cat-ropa-en","10":"first","11":"outofstock","12":"sale","13":"taxable","14":"shipping-taxable","15":"purchasable","16":"product-type-variable"},"acf":[],"yoast_head":"<!-- This site is optimized with the Yoast SEO plugin v27.4 - https:\/\/yoast.com\/product\/yoast-seo-wordpress\/ -->\n<title>CAMISETA BULLPADEL ELGAR 169 CEREZA - Revolution Padel Store<\/title>\n<meta name=\"description\" content=\"Compra la Camiseta Bullpadel Elgar Mujer en nuestra tienda online. Dise\u00f1o ligero, secado r\u00e1pido y m\u00e1xima comodidad para tu juego. \u00a1Hazte con ella al mejor precio!\" \/>\n<meta name=\"robots\" content=\"index, follow, max-snippet:-1, max-image-preview:large, max-video-preview:-1\" \/>\n<link rel=\"canonical\" href=\"https:\/\/revolutionpadelstore.com\/en\/camiseta-bullpadel-elgar-169-cereza-2\/\" \/>\n<meta property=\"og:locale\" content=\"en_US\" \/>\n<meta property=\"og:type\" content=\"article\" \/>\n<meta property=\"og:title\" content=\"CAMISETA BULLPADEL ELGAR 169 CEREZA - Revolution Padel Store\" \/>\n<meta property=\"og:description\" content=\"Compra la Camiseta Bullpadel Elgar Mujer en nuestra tienda online. Dise\u00f1o ligero, secado r\u00e1pido y m\u00e1xima comodidad para tu juego. \u00a1Hazte con ella al mejor precio!\" \/>\n<meta property=\"og:url\" content=\"https:\/\/revolutionpadelstore.com\/en\/camiseta-bullpadel-elgar-169-cereza-2\/\" \/>\n<meta property=\"og:site_name\" content=\"Revolution Padel Store\" \/>\n<meta property=\"article:modified_time\" content=\"2026-04-08T04:41:52+00:00\" \/>\n<meta property=\"og:image\" content=\"https:\/\/revolutionpadelstore.com\/wp-content\/uploads\/2025\/02\/imagen-1-114290-1c4a79d7-41082-NORMAL.jpg\" \/>\n\t<meta property=\"og:image:width\" content=\"480\" \/>\n\t<meta property=\"og:image:height\" content=\"600\" \/>\n\t<meta property=\"og:image:type\" content=\"image\/jpeg\" \/>\n<meta name=\"twitter:card\" content=\"summary_large_image\" \/>\n<script type=\"application\/ld+json\" class=\"yoast-schema-graph\">{\"@context\":\"https:\\\/\\\/schema.org\",\"@graph\":[{\"@type\":\"WebPage\",\"@id\":\"https:\\\/\\\/revolutionpadelstore.com\\\/en\\\/camiseta-bullpadel-elgar-169-cereza-2\\\/\",\"url\":\"https:\\\/\\\/revolutionpadelstore.com\\\/en\\\/camiseta-bullpadel-elgar-169-cereza-2\\\/\",\"name\":\"CAMISETA BULLPADEL ELGAR 169 CEREZA - Revolution Padel Store\",\"isPartOf\":{\"@id\":\"https:\\\/\\\/revolutionpadelstore.com\\\/en\\\/#website\"},\"primaryImageOfPage\":{\"@id\":\"https:\\\/\\\/revolutionpadelstore.com\\\/en\\\/camiseta-bullpadel-elgar-169-cereza-2\\\/#primaryimage\"},\"image\":{\"@id\":\"https:\\\/\\\/revolutionpadelstore.com\\\/en\\\/camiseta-bullpadel-elgar-169-cereza-2\\\/#primaryimage\"},\"thumbnailUrl\":\"https:\\\/\\\/revolutionpadelstore.com\\\/wp-content\\\/uploads\\\/2025\\\/02\\\/imagen-1-114290-1c4a79d7-41082-NORMAL.jpg\",\"datePublished\":\"2025-02-18T23:34:08+00:00\",\"dateModified\":\"2026-04-08T04:41:52+00:00\",\"description\":\"Compra la Camiseta Bullpadel Elgar Mujer en nuestra tienda online. Dise\u00f1o ligero, secado r\u00e1pido y m\u00e1xima comodidad para tu juego. \u00a1Hazte con ella al mejor precio!\",\"breadcrumb\":{\"@id\":\"https:\\\/\\\/revolutionpadelstore.com\\\/en\\\/camiseta-bullpadel-elgar-169-cereza-2\\\/#breadcrumb\"},\"inLanguage\":\"en-US\",\"potentialAction\":[{\"@type\":\"ReadAction\",\"target\":[\"https:\\\/\\\/revolutionpadelstore.com\\\/en\\\/camiseta-bullpadel-elgar-169-cereza-2\\\/\"]}]},{\"@type\":\"ImageObject\",\"inLanguage\":\"en-US\",\"@id\":\"https:\\\/\\\/revolutionpadelstore.com\\\/en\\\/camiseta-bullpadel-elgar-169-cereza-2\\\/#primaryimage\",\"url\":\"https:\\\/\\\/revolutionpadelstore.com\\\/wp-content\\\/uploads\\\/2025\\\/02\\\/imagen-1-114290-1c4a79d7-41082-NORMAL.jpg\",\"contentUrl\":\"https:\\\/\\\/revolutionpadelstore.com\\\/wp-content\\\/uploads\\\/2025\\\/02\\\/imagen-1-114290-1c4a79d7-41082-NORMAL.jpg\",\"width\":480,\"height\":600},{\"@type\":\"BreadcrumbList\",\"@id\":\"https:\\\/\\\/revolutionpadelstore.com\\\/en\\\/camiseta-bullpadel-elgar-169-cereza-2\\\/#breadcrumb\",\"itemListElement\":[{\"@type\":\"ListItem\",\"position\":1,\"name\":\"Portada\",\"item\":\"https:\\\/\\\/revolutionpadelstore.com\\\/en\\\/\"},{\"@type\":\"ListItem\",\"position\":2,\"name\":\"Shop\",\"item\":\"https:\\\/\\\/revolutionpadelstore.com\\\/en\\\/shop\\\/\"},{\"@type\":\"ListItem\",\"position\":3,\"name\":\"CAMISETA BULLPADEL ELGAR 169 CEREZA\"}]},{\"@type\":\"WebSite\",\"@id\":\"https:\\\/\\\/revolutionpadelstore.com\\\/en\\\/#website\",\"url\":\"https:\\\/\\\/revolutionpadelstore.com\\\/en\\\/\",\"name\":\"Revolution Padel Store\",\"description\":\"\",\"publisher\":{\"@id\":\"https:\\\/\\\/revolutionpadelstore.com\\\/en\\\/#organization\"},\"potentialAction\":[{\"@type\":\"SearchAction\",\"target\":{\"@type\":\"EntryPoint\",\"urlTemplate\":\"https:\\\/\\\/revolutionpadelstore.com\\\/en\\\/?s={search_term_string}\"},\"query-input\":{\"@type\":\"PropertyValueSpecification\",\"valueRequired\":true,\"valueName\":\"search_term_string\"}}],\"inLanguage\":\"en-US\"},{\"@type\":\"Organization\",\"@id\":\"https:\\\/\\\/revolutionpadelstore.com\\\/en\\\/#organization\",\"name\":\"Revolution Padel Store\",\"url\":\"https:\\\/\\\/revolutionpadelstore.com\\\/en\\\/\",\"logo\":{\"@type\":\"ImageObject\",\"inLanguage\":\"en-US\",\"@id\":\"https:\\\/\\\/revolutionpadelstore.com\\\/en\\\/#\\\/schema\\\/logo\\\/image\\\/\",\"url\":\"https:\\\/\\\/revolutionpadelstore.com\\\/wp-content\\\/uploads\\\/2026\\\/02\\\/revolution-padel-store.jpg\",\"contentUrl\":\"https:\\\/\\\/revolutionpadelstore.com\\\/wp-content\\\/uploads\\\/2026\\\/02\\\/revolution-padel-store.jpg\",\"width\":2000,\"height\":2000,\"caption\":\"Revolution Padel Store\"},\"image\":{\"@id\":\"https:\\\/\\\/revolutionpadelstore.com\\\/en\\\/#\\\/schema\\\/logo\\\/image\\\/\"},\"sameAs\":[\"https:\\\/\\\/www.instagram.com\\\/revolutionpadelstore\\\/\"]}]}<\/script>\n<!-- \/ Yoast SEO plugin. -->","yoast_head_json":{"title":"CAMISETA BULLPADEL ELGAR 169 CEREZA - Revolution Padel Store","description":"Compra la Camiseta Bullpadel Elgar Mujer en nuestra tienda online. Dise\u00f1o ligero, secado r\u00e1pido y m\u00e1xima comodidad para tu juego. \u00a1Hazte con ella al mejor precio!","robots":{"index":"index","follow":"follow","max-snippet":"max-snippet:-1","max-image-preview":"max-image-preview:large","max-video-preview":"max-video-preview:-1"},"canonical":"https:\/\/revolutionpadelstore.com\/en\/camiseta-bullpadel-elgar-169-cereza-2\/","og_locale":"en_US","og_type":"article","og_title":"CAMISETA BULLPADEL ELGAR 169 CEREZA - Revolution Padel Store","og_description":"Compra la Camiseta Bullpadel Elgar Mujer en nuestra tienda online. Dise\u00f1o ligero, secado r\u00e1pido y m\u00e1xima comodidad para tu juego. \u00a1Hazte con ella al mejor precio!","og_url":"https:\/\/revolutionpadelstore.com\/en\/camiseta-bullpadel-elgar-169-cereza-2\/","og_site_name":"Revolution Padel Store","article_modified_time":"2026-04-08T04:41:52+00:00","og_image":[{"width":480,"height":600,"url":"https:\/\/revolutionpadelstore.com\/wp-content\/uploads\/2025\/02\/imagen-1-114290-1c4a79d7-41082-NORMAL.jpg","type":"image\/jpeg"}],"twitter_card":"summary_large_image","schema":{"@context":"https:\/\/schema.org","@graph":[{"@type":"WebPage","@id":"https:\/\/revolutionpadelstore.com\/en\/camiseta-bullpadel-elgar-169-cereza-2\/","url":"https:\/\/revolutionpadelstore.com\/en\/camiseta-bullpadel-elgar-169-cereza-2\/","name":"CAMISETA BULLPADEL ELGAR 169 CEREZA - Revolution Padel Store","isPartOf":{"@id":"https:\/\/revolutionpadelstore.com\/en\/#website"},"primaryImageOfPage":{"@id":"https:\/\/revolutionpadelstore.com\/en\/camiseta-bullpadel-elgar-169-cereza-2\/#primaryimage"},"image":{"@id":"https:\/\/revolutionpadelstore.com\/en\/camiseta-bullpadel-elgar-169-cereza-2\/#primaryimage"},"thumbnailUrl":"https:\/\/revolutionpadelstore.com\/wp-content\/uploads\/2025\/02\/imagen-1-114290-1c4a79d7-41082-NORMAL.jpg","datePublished":"2025-02-18T23:34:08+00:00","dateModified":"2026-04-08T04:41:52+00:00","description":"Compra la Camiseta Bullpadel Elgar Mujer en nuestra tienda online. Dise\u00f1o ligero, secado r\u00e1pido y m\u00e1xima comodidad para tu juego. \u00a1Hazte con ella al mejor precio!","breadcrumb":{"@id":"https:\/\/revolutionpadelstore.com\/en\/camiseta-bullpadel-elgar-169-cereza-2\/#breadcrumb"},"inLanguage":"en-US","potentialAction":[{"@type":"ReadAction","target":["https:\/\/revolutionpadelstore.com\/en\/camiseta-bullpadel-elgar-169-cereza-2\/"]}]},{"@type":"ImageObject","inLanguage":"en-US","@id":"https:\/\/revolutionpadelstore.com\/en\/camiseta-bullpadel-elgar-169-cereza-2\/#primaryimage","url":"https:\/\/revolutionpadelstore.com\/wp-content\/uploads\/2025\/02\/imagen-1-114290-1c4a79d7-41082-NORMAL.jpg","contentUrl":"https:\/\/revolutionpadelstore.com\/wp-content\/uploads\/2025\/02\/imagen-1-114290-1c4a79d7-41082-NORMAL.jpg","width":480,"height":600},{"@type":"BreadcrumbList","@id":"https:\/\/revolutionpadelstore.com\/en\/camiseta-bullpadel-elgar-169-cereza-2\/#breadcrumb","itemListElement":[{"@type":"ListItem","position":1,"name":"Portada","item":"https:\/\/revolutionpadelstore.com\/en\/"},{"@type":"ListItem","position":2,"name":"Shop","item":"https:\/\/revolutionpadelstore.com\/en\/shop\/"},{"@type":"ListItem","position":3,"name":"CAMISETA BULLPADEL ELGAR 169 CEREZA"}]},{"@type":"WebSite","@id":"https:\/\/revolutionpadelstore.com\/en\/#website","url":"https:\/\/revolutionpadelstore.com\/en\/","name":"Revolution Padel Store","description":"","publisher":{"@id":"https:\/\/revolutionpadelstore.com\/en\/#organization"},"potentialAction":[{"@type":"SearchAction","target":{"@type":"EntryPoint","urlTemplate":"https:\/\/revolutionpadelstore.com\/en\/?s={search_term_string}"},"query-input":{"@type":"PropertyValueSpecification","valueRequired":true,"valueName":"search_term_string"}}],"inLanguage":"en-US"},{"@type":"Organization","@id":"https:\/\/revolutionpadelstore.com\/en\/#organization","name":"Revolution Padel Store","url":"https:\/\/revolutionpadelstore.com\/en\/","logo":{"@type":"ImageObject","inLanguage":"en-US","@id":"https:\/\/revolutionpadelstore.com\/en\/#\/schema\/logo\/image\/","url":"https:\/\/revolutionpadelstore.com\/wp-content\/uploads\/2026\/02\/revolution-padel-store.jpg","contentUrl":"https:\/\/revolutionpadelstore.com\/wp-content\/uploads\/2026\/02\/revolution-padel-store.jpg","width":2000,"height":2000,"caption":"Revolution Padel Store"},"image":{"@id":"https:\/\/revolutionpadelstore.com\/en\/#\/schema\/logo\/image\/"},"sameAs":["https:\/\/www.instagram.com\/revolutionpadelstore\/"]}]}},"_links":{"self":[{"href":"https:\/\/revolutionpadelstore.com\/en\/wp-json\/wp\/v2\/product\/174875","targetHints":{"allow":["GET"]}}],"collection":[{"href":"https:\/\/revolutionpadelstore.com\/en\/wp-json\/wp\/v2\/product"}],"about":[{"href":"https:\/\/revolutionpadelstore.com\/en\/wp-json\/wp\/v2\/types\/product"}],"replies":[{"embeddable":true,"href":"https:\/\/revolutionpadelstore.com\/en\/wp-json\/wp\/v2\/comments?post=174875"}],"wp:featuredmedia":[{"embeddable":true,"href":"https:\/\/revolutionpadelstore.com\/en\/wp-json\/wp\/v2\/media\/174911"}],"wp:attachment":[{"href":"https:\/\/revolutionpadelstore.com\/en\/wp-json\/wp\/v2\/media?parent=174875"}],"wp:term":[{"taxonomy":"acabado","embeddable":true,"href":"https:\/\/revolutionpadelstore.com\/en\/wp-json\/wp\/v2\/acabado?post=174875"},{"taxonomy":"balance","embeddable":true,"href":"https:\/\/revolutionpadelstore.com\/en\/wp-json\/wp\/v2\/balance?post=174875"},{"taxonomy":"dureza","embeddable":true,"href":"https:\/\/revolutionpadelstore.com\/en\/wp-json\/wp\/v2\/dureza?post=174875"},{"taxonomy":"forma","embeddable":true,"href":"https:\/\/revolutionpadelstore.com\/en\/wp-json\/wp\/v2\/forma?post=174875"},{"taxonomy":"jugador","embeddable":true,"href":"https:\/\/revolutionpadelstore.com\/en\/wp-json\/wp\/v2\/jugador?post=174875"},{"taxonomy":"marca","embeddable":true,"href":"https:\/\/revolutionpadelstore.com\/en\/wp-json\/wp\/v2\/marca?post=174875"},{"taxonomy":"nivel-de-juego","embeddable":true,"href":"https:\/\/revolutionpadelstore.com\/en\/wp-json\/wp\/v2\/nivel-de-juego?post=174875"},{"taxonomy":"superficie","embeddable":true,"href":"https:\/\/revolutionpadelstore.com\/en\/wp-json\/wp\/v2\/superficie?post=174875"},{"taxonomy":"tipo-de-juego","embeddable":true,"href":"https:\/\/revolutionpadelstore.com\/en\/wp-json\/wp\/v2\/tipo-de-juego?post=174875"},{"taxonomy":"product_brand","embeddable":true,"href":"https:\/\/revolutionpadelstore.com\/en\/wp-json\/wp\/v2\/product_brand?post=174875"},{"taxonomy":"product_cat","embeddable":true,"href":"https:\/\/revolutionpadelstore.com\/en\/wp-json\/wp\/v2\/product_cat?post=174875"},{"taxonomy":"product_tag","embeddable":true,"href":"https:\/\/revolutionpadelstore.com\/en\/wp-json\/wp\/v2\/product_tag?post=174875"}],"curies":[{"name":"wp","href":"https:\/\/api.w.org\/{rel}","templated":true}]}}