{"id":173783,"date":"2025-02-19T02:03:18","date_gmt":"2025-02-19T01:03:18","guid":{"rendered":"https:\/\/revolutionpadelstore.com\/camiseta-bullpadel-paquito-25v-420-lima\/"},"modified":"2026-04-08T06:21:31","modified_gmt":"2026-04-08T04:21:31","slug":"camiseta-bullpadel-paquito-25v-420-lima-2","status":"publish","type":"product","link":"https:\/\/revolutionpadelstore.com\/en\/camiseta-bullpadel-paquito-25v-420-lima-2\/","title":{"rendered":"CAMISETA BULLPADEL PAQUITO 25V 420 LIMA"},"content":{"rendered":"<p><H2> Bullpadel Paquito 25V Man &#8211; Performance and style on the track<br \/>\nThe Bullpadel Paquito 25V paddle shirt is the ideal choice for players seeking comfort, breathability and a modern design. Designed with Drynamic technology, this garment offers fast drying and maximum breathability, keeping you fresh even in the most intense matches.<\/p>\n<p>Its 82% polyester preparation and 18% elastane provide exceptional elasticity, allowing total freedom of movements. With a short sleeve design and a vibrant lime color, this shirt combines functionality and style to stand out on the track.<br \/>\n<H2> <strong> Characteristics of the Bullpadel Paquito 25V <\/strong> <\/ h2><br \/>\n-Drynamic technical for better breathability and fast drying.<br \/>\n-Composition: 82% polyester, 18% elastane.<br \/>\n-Corte sports with comfortable and light adjustment.<br \/>\n-Manga short for greater freedom of movement.<br \/>\n-Modern Lima Dise\u00f1o, ideal for training and competitions.<br \/>\n<H2> <strong> maximum performance and comfort <\/strong> <\/ h2><br \/>\nThis shirt has been designed for demanding players looking for performance and comfort in each game. Your technical fabric helps keep dry skin, while your ergonomic adjustment allows you to move with total naturalness.<\/p>\n<p><strong> get the Bullpadel Paquito 25V shirt at the best price in our online store <a href=\"https:\/\/chatgpt.com\/g\/g-675432e026888191B6ee6d6f2fdbb15e-optimization-textos\/c\/www.revolutionpadelstore.com\"> ww.revolutionpadelstore.com level. <\/strong><\/p>\n","protected":false},"excerpt":{"rendered":"<p>The Bullpadel Paquito 25V paddle shirt for men is an ideal garment for players looking for comfort and performance on the court. Made with Drynamic technical fabric, this shirt offers great breathability and fast drying, keeping the player fresh during the game.<\/p>\n","protected":false},"featured_media":173820,"comment_status":"open","ping_status":"closed","template":"","meta":{"_acf_changed":false,"_joinchat":[]},"acabado":[],"balance":[],"dureza":[],"forma":[],"jugador":[1193],"marca":[1258],"nivel-de-juego":[],"superficie":[],"tipo-de-juego":[],"product_brand":[],"product_cat":[352,351],"product_tag":[],"class_list":{"0":"post-173783","1":"product","2":"type-product","3":"status-publish","4":"has-post-thumbnail","6":"jugador-hombre-en","7":"marca-bullpadel-en","8":"product_cat-premier-players-clothing","9":"product_cat-ropa-en","11":"first","12":"outofstock","13":"sale","14":"taxable","15":"shipping-taxable","16":"purchasable","17":"product-type-variable","18":"has-default-attributes"},"acf":[],"yoast_head":"<!-- This site is optimized with the Yoast SEO plugin v27.4 - https:\/\/yoast.com\/product\/yoast-seo-wordpress\/ -->\n<title>CAMISETA BULLPADEL PAQUITO 25V 420 LIMA - Revolution Padel Store<\/title>\n<meta name=\"description\" content=\"La camiseta de p\u00e1del Bullpadel Paquito 25V es la elecci\u00f3n ideal para jugadores que buscan comodidad, transpirabilidad y un dise\u00f1o moderno. Dise\u00f1ada con tecnolog\u00eda Drynamic, esta prenda ofrece secado r\u00e1pido y m\u00e1xima transpirabilidad, manteni\u00e9ndote fresco incluso en los partidos m\u00e1s intensos.\" \/>\n<meta name=\"robots\" content=\"index, follow, max-snippet:-1, max-image-preview:large, max-video-preview:-1\" \/>\n<link rel=\"canonical\" href=\"https:\/\/revolutionpadelstore.com\/en\/camiseta-bullpadel-paquito-25v-420-lima-2\/\" \/>\n<meta property=\"og:locale\" content=\"en_US\" \/>\n<meta property=\"og:type\" content=\"article\" \/>\n<meta property=\"og:title\" content=\"CAMISETA BULLPADEL PAQUITO 25V 420 LIMA - Revolution Padel Store\" \/>\n<meta property=\"og:description\" content=\"La camiseta de p\u00e1del Bullpadel Paquito 25V es la elecci\u00f3n ideal para jugadores que buscan comodidad, transpirabilidad y un dise\u00f1o moderno. Dise\u00f1ada con tecnolog\u00eda Drynamic, esta prenda ofrece secado r\u00e1pido y m\u00e1xima transpirabilidad, manteni\u00e9ndote fresco incluso en los partidos m\u00e1s intensos.\" \/>\n<meta property=\"og:url\" content=\"https:\/\/revolutionpadelstore.com\/en\/camiseta-bullpadel-paquito-25v-420-lima-2\/\" \/>\n<meta property=\"og:site_name\" content=\"Revolution Padel Store\" \/>\n<meta property=\"article:modified_time\" content=\"2026-04-08T04:21:31+00:00\" \/>\n<meta property=\"og:image\" content=\"https:\/\/revolutionpadelstore.com\/wp-content\/uploads\/2025\/02\/FOTO-PALAS-3-1.png\" \/>\n\t<meta property=\"og:image:width\" content=\"1500\" \/>\n\t<meta property=\"og:image:height\" content=\"1500\" \/>\n\t<meta property=\"og:image:type\" content=\"image\/png\" \/>\n<meta name=\"twitter:card\" content=\"summary_large_image\" \/>\n<script type=\"application\/ld+json\" class=\"yoast-schema-graph\">{\"@context\":\"https:\\\/\\\/schema.org\",\"@graph\":[{\"@type\":\"WebPage\",\"@id\":\"https:\\\/\\\/revolutionpadelstore.com\\\/en\\\/camiseta-bullpadel-paquito-25v-420-lima-2\\\/\",\"url\":\"https:\\\/\\\/revolutionpadelstore.com\\\/en\\\/camiseta-bullpadel-paquito-25v-420-lima-2\\\/\",\"name\":\"CAMISETA BULLPADEL PAQUITO 25V 420 LIMA - Revolution Padel Store\",\"isPartOf\":{\"@id\":\"https:\\\/\\\/revolutionpadelstore.com\\\/en\\\/#website\"},\"primaryImageOfPage\":{\"@id\":\"https:\\\/\\\/revolutionpadelstore.com\\\/en\\\/camiseta-bullpadel-paquito-25v-420-lima-2\\\/#primaryimage\"},\"image\":{\"@id\":\"https:\\\/\\\/revolutionpadelstore.com\\\/en\\\/camiseta-bullpadel-paquito-25v-420-lima-2\\\/#primaryimage\"},\"thumbnailUrl\":\"https:\\\/\\\/revolutionpadelstore.com\\\/wp-content\\\/uploads\\\/2025\\\/02\\\/FOTO-PALAS-3-1.png\",\"datePublished\":\"2025-02-19T01:03:18+00:00\",\"dateModified\":\"2026-04-08T04:21:31+00:00\",\"description\":\"La camiseta de p\u00e1del Bullpadel Paquito 25V es la elecci\u00f3n ideal para jugadores que buscan comodidad, transpirabilidad y un dise\u00f1o moderno. Dise\u00f1ada con tecnolog\u00eda Drynamic, esta prenda ofrece secado r\u00e1pido y m\u00e1xima transpirabilidad, manteni\u00e9ndote fresco incluso en los partidos m\u00e1s intensos.\",\"breadcrumb\":{\"@id\":\"https:\\\/\\\/revolutionpadelstore.com\\\/en\\\/camiseta-bullpadel-paquito-25v-420-lima-2\\\/#breadcrumb\"},\"inLanguage\":\"en-US\",\"potentialAction\":[{\"@type\":\"ReadAction\",\"target\":[\"https:\\\/\\\/revolutionpadelstore.com\\\/en\\\/camiseta-bullpadel-paquito-25v-420-lima-2\\\/\"]}]},{\"@type\":\"ImageObject\",\"inLanguage\":\"en-US\",\"@id\":\"https:\\\/\\\/revolutionpadelstore.com\\\/en\\\/camiseta-bullpadel-paquito-25v-420-lima-2\\\/#primaryimage\",\"url\":\"https:\\\/\\\/revolutionpadelstore.com\\\/wp-content\\\/uploads\\\/2025\\\/02\\\/FOTO-PALAS-3-1.png\",\"contentUrl\":\"https:\\\/\\\/revolutionpadelstore.com\\\/wp-content\\\/uploads\\\/2025\\\/02\\\/FOTO-PALAS-3-1.png\",\"width\":1500,\"height\":1500},{\"@type\":\"BreadcrumbList\",\"@id\":\"https:\\\/\\\/revolutionpadelstore.com\\\/en\\\/camiseta-bullpadel-paquito-25v-420-lima-2\\\/#breadcrumb\",\"itemListElement\":[{\"@type\":\"ListItem\",\"position\":1,\"name\":\"Portada\",\"item\":\"https:\\\/\\\/revolutionpadelstore.com\\\/en\\\/\"},{\"@type\":\"ListItem\",\"position\":2,\"name\":\"Shop\",\"item\":\"https:\\\/\\\/revolutionpadelstore.com\\\/en\\\/shop\\\/\"},{\"@type\":\"ListItem\",\"position\":3,\"name\":\"CAMISETA BULLPADEL PAQUITO 25V 420 LIMA\"}]},{\"@type\":\"WebSite\",\"@id\":\"https:\\\/\\\/revolutionpadelstore.com\\\/en\\\/#website\",\"url\":\"https:\\\/\\\/revolutionpadelstore.com\\\/en\\\/\",\"name\":\"Revolution Padel Store\",\"description\":\"\",\"publisher\":{\"@id\":\"https:\\\/\\\/revolutionpadelstore.com\\\/en\\\/#organization\"},\"potentialAction\":[{\"@type\":\"SearchAction\",\"target\":{\"@type\":\"EntryPoint\",\"urlTemplate\":\"https:\\\/\\\/revolutionpadelstore.com\\\/en\\\/?s={search_term_string}\"},\"query-input\":{\"@type\":\"PropertyValueSpecification\",\"valueRequired\":true,\"valueName\":\"search_term_string\"}}],\"inLanguage\":\"en-US\"},{\"@type\":\"Organization\",\"@id\":\"https:\\\/\\\/revolutionpadelstore.com\\\/en\\\/#organization\",\"name\":\"Revolution Padel Store\",\"url\":\"https:\\\/\\\/revolutionpadelstore.com\\\/en\\\/\",\"logo\":{\"@type\":\"ImageObject\",\"inLanguage\":\"en-US\",\"@id\":\"https:\\\/\\\/revolutionpadelstore.com\\\/en\\\/#\\\/schema\\\/logo\\\/image\\\/\",\"url\":\"https:\\\/\\\/revolutionpadelstore.com\\\/wp-content\\\/uploads\\\/2026\\\/02\\\/revolution-padel-store.jpg\",\"contentUrl\":\"https:\\\/\\\/revolutionpadelstore.com\\\/wp-content\\\/uploads\\\/2026\\\/02\\\/revolution-padel-store.jpg\",\"width\":2000,\"height\":2000,\"caption\":\"Revolution Padel Store\"},\"image\":{\"@id\":\"https:\\\/\\\/revolutionpadelstore.com\\\/en\\\/#\\\/schema\\\/logo\\\/image\\\/\"},\"sameAs\":[\"https:\\\/\\\/www.instagram.com\\\/revolutionpadelstore\\\/\"]}]}<\/script>\n<!-- \/ Yoast SEO plugin. -->","yoast_head_json":{"title":"CAMISETA BULLPADEL PAQUITO 25V 420 LIMA - Revolution Padel Store","description":"La camiseta de p\u00e1del Bullpadel Paquito 25V es la elecci\u00f3n ideal para jugadores que buscan comodidad, transpirabilidad y un dise\u00f1o moderno. Dise\u00f1ada con tecnolog\u00eda Drynamic, esta prenda ofrece secado r\u00e1pido y m\u00e1xima transpirabilidad, manteni\u00e9ndote fresco incluso en los partidos m\u00e1s intensos.","robots":{"index":"index","follow":"follow","max-snippet":"max-snippet:-1","max-image-preview":"max-image-preview:large","max-video-preview":"max-video-preview:-1"},"canonical":"https:\/\/revolutionpadelstore.com\/en\/camiseta-bullpadel-paquito-25v-420-lima-2\/","og_locale":"en_US","og_type":"article","og_title":"CAMISETA BULLPADEL PAQUITO 25V 420 LIMA - Revolution Padel Store","og_description":"La camiseta de p\u00e1del Bullpadel Paquito 25V es la elecci\u00f3n ideal para jugadores que buscan comodidad, transpirabilidad y un dise\u00f1o moderno. Dise\u00f1ada con tecnolog\u00eda Drynamic, esta prenda ofrece secado r\u00e1pido y m\u00e1xima transpirabilidad, manteni\u00e9ndote fresco incluso en los partidos m\u00e1s intensos.","og_url":"https:\/\/revolutionpadelstore.com\/en\/camiseta-bullpadel-paquito-25v-420-lima-2\/","og_site_name":"Revolution Padel Store","article_modified_time":"2026-04-08T04:21:31+00:00","og_image":[{"width":1500,"height":1500,"url":"https:\/\/revolutionpadelstore.com\/wp-content\/uploads\/2025\/02\/FOTO-PALAS-3-1.png","type":"image\/png"}],"twitter_card":"summary_large_image","schema":{"@context":"https:\/\/schema.org","@graph":[{"@type":"WebPage","@id":"https:\/\/revolutionpadelstore.com\/en\/camiseta-bullpadel-paquito-25v-420-lima-2\/","url":"https:\/\/revolutionpadelstore.com\/en\/camiseta-bullpadel-paquito-25v-420-lima-2\/","name":"CAMISETA BULLPADEL PAQUITO 25V 420 LIMA - Revolution Padel Store","isPartOf":{"@id":"https:\/\/revolutionpadelstore.com\/en\/#website"},"primaryImageOfPage":{"@id":"https:\/\/revolutionpadelstore.com\/en\/camiseta-bullpadel-paquito-25v-420-lima-2\/#primaryimage"},"image":{"@id":"https:\/\/revolutionpadelstore.com\/en\/camiseta-bullpadel-paquito-25v-420-lima-2\/#primaryimage"},"thumbnailUrl":"https:\/\/revolutionpadelstore.com\/wp-content\/uploads\/2025\/02\/FOTO-PALAS-3-1.png","datePublished":"2025-02-19T01:03:18+00:00","dateModified":"2026-04-08T04:21:31+00:00","description":"La camiseta de p\u00e1del Bullpadel Paquito 25V es la elecci\u00f3n ideal para jugadores que buscan comodidad, transpirabilidad y un dise\u00f1o moderno. Dise\u00f1ada con tecnolog\u00eda Drynamic, esta prenda ofrece secado r\u00e1pido y m\u00e1xima transpirabilidad, manteni\u00e9ndote fresco incluso en los partidos m\u00e1s intensos.","breadcrumb":{"@id":"https:\/\/revolutionpadelstore.com\/en\/camiseta-bullpadel-paquito-25v-420-lima-2\/#breadcrumb"},"inLanguage":"en-US","potentialAction":[{"@type":"ReadAction","target":["https:\/\/revolutionpadelstore.com\/en\/camiseta-bullpadel-paquito-25v-420-lima-2\/"]}]},{"@type":"ImageObject","inLanguage":"en-US","@id":"https:\/\/revolutionpadelstore.com\/en\/camiseta-bullpadel-paquito-25v-420-lima-2\/#primaryimage","url":"https:\/\/revolutionpadelstore.com\/wp-content\/uploads\/2025\/02\/FOTO-PALAS-3-1.png","contentUrl":"https:\/\/revolutionpadelstore.com\/wp-content\/uploads\/2025\/02\/FOTO-PALAS-3-1.png","width":1500,"height":1500},{"@type":"BreadcrumbList","@id":"https:\/\/revolutionpadelstore.com\/en\/camiseta-bullpadel-paquito-25v-420-lima-2\/#breadcrumb","itemListElement":[{"@type":"ListItem","position":1,"name":"Portada","item":"https:\/\/revolutionpadelstore.com\/en\/"},{"@type":"ListItem","position":2,"name":"Shop","item":"https:\/\/revolutionpadelstore.com\/en\/shop\/"},{"@type":"ListItem","position":3,"name":"CAMISETA BULLPADEL PAQUITO 25V 420 LIMA"}]},{"@type":"WebSite","@id":"https:\/\/revolutionpadelstore.com\/en\/#website","url":"https:\/\/revolutionpadelstore.com\/en\/","name":"Revolution Padel Store","description":"","publisher":{"@id":"https:\/\/revolutionpadelstore.com\/en\/#organization"},"potentialAction":[{"@type":"SearchAction","target":{"@type":"EntryPoint","urlTemplate":"https:\/\/revolutionpadelstore.com\/en\/?s={search_term_string}"},"query-input":{"@type":"PropertyValueSpecification","valueRequired":true,"valueName":"search_term_string"}}],"inLanguage":"en-US"},{"@type":"Organization","@id":"https:\/\/revolutionpadelstore.com\/en\/#organization","name":"Revolution Padel Store","url":"https:\/\/revolutionpadelstore.com\/en\/","logo":{"@type":"ImageObject","inLanguage":"en-US","@id":"https:\/\/revolutionpadelstore.com\/en\/#\/schema\/logo\/image\/","url":"https:\/\/revolutionpadelstore.com\/wp-content\/uploads\/2026\/02\/revolution-padel-store.jpg","contentUrl":"https:\/\/revolutionpadelstore.com\/wp-content\/uploads\/2026\/02\/revolution-padel-store.jpg","width":2000,"height":2000,"caption":"Revolution Padel Store"},"image":{"@id":"https:\/\/revolutionpadelstore.com\/en\/#\/schema\/logo\/image\/"},"sameAs":["https:\/\/www.instagram.com\/revolutionpadelstore\/"]}]}},"_links":{"self":[{"href":"https:\/\/revolutionpadelstore.com\/en\/wp-json\/wp\/v2\/product\/173783","targetHints":{"allow":["GET"]}}],"collection":[{"href":"https:\/\/revolutionpadelstore.com\/en\/wp-json\/wp\/v2\/product"}],"about":[{"href":"https:\/\/revolutionpadelstore.com\/en\/wp-json\/wp\/v2\/types\/product"}],"replies":[{"embeddable":true,"href":"https:\/\/revolutionpadelstore.com\/en\/wp-json\/wp\/v2\/comments?post=173783"}],"wp:featuredmedia":[{"embeddable":true,"href":"https:\/\/revolutionpadelstore.com\/en\/wp-json\/wp\/v2\/media\/173820"}],"wp:attachment":[{"href":"https:\/\/revolutionpadelstore.com\/en\/wp-json\/wp\/v2\/media?parent=173783"}],"wp:term":[{"taxonomy":"acabado","embeddable":true,"href":"https:\/\/revolutionpadelstore.com\/en\/wp-json\/wp\/v2\/acabado?post=173783"},{"taxonomy":"balance","embeddable":true,"href":"https:\/\/revolutionpadelstore.com\/en\/wp-json\/wp\/v2\/balance?post=173783"},{"taxonomy":"dureza","embeddable":true,"href":"https:\/\/revolutionpadelstore.com\/en\/wp-json\/wp\/v2\/dureza?post=173783"},{"taxonomy":"forma","embeddable":true,"href":"https:\/\/revolutionpadelstore.com\/en\/wp-json\/wp\/v2\/forma?post=173783"},{"taxonomy":"jugador","embeddable":true,"href":"https:\/\/revolutionpadelstore.com\/en\/wp-json\/wp\/v2\/jugador?post=173783"},{"taxonomy":"marca","embeddable":true,"href":"https:\/\/revolutionpadelstore.com\/en\/wp-json\/wp\/v2\/marca?post=173783"},{"taxonomy":"nivel-de-juego","embeddable":true,"href":"https:\/\/revolutionpadelstore.com\/en\/wp-json\/wp\/v2\/nivel-de-juego?post=173783"},{"taxonomy":"superficie","embeddable":true,"href":"https:\/\/revolutionpadelstore.com\/en\/wp-json\/wp\/v2\/superficie?post=173783"},{"taxonomy":"tipo-de-juego","embeddable":true,"href":"https:\/\/revolutionpadelstore.com\/en\/wp-json\/wp\/v2\/tipo-de-juego?post=173783"},{"taxonomy":"product_brand","embeddable":true,"href":"https:\/\/revolutionpadelstore.com\/en\/wp-json\/wp\/v2\/product_brand?post=173783"},{"taxonomy":"product_cat","embeddable":true,"href":"https:\/\/revolutionpadelstore.com\/en\/wp-json\/wp\/v2\/product_cat?post=173783"},{"taxonomy":"product_tag","embeddable":true,"href":"https:\/\/revolutionpadelstore.com\/en\/wp-json\/wp\/v2\/product_tag?post=173783"}],"curies":[{"name":"wp","href":"https:\/\/api.w.org\/{rel}","templated":true}]}}